{"id":44172,"date":"2025-01-22T18:25:30","date_gmt":"2025-01-22T18:25:30","guid":{"rendered":"https:\/\/aztex.ee\/?post_type=product&#038;p=44172"},"modified":"2026-04-02T14:07:25","modified_gmt":"2026-04-02T14:07:25","slug":"sada-bambusovych-uterakov-a-osusiek-3ks","status":"publish","type":"product","link":"https:\/\/aztex.ee\/sk\/pood\/uteraky-a-osusky\/sada-bambusovych-uterakov-a-osusiek-3ks\/","title":{"rendered":"Sada bambusov\u00fdch uter\u00e1kov a osu\u0161iek"},"content":{"rendered":"<p>Sada bambusov\u00fdch uter\u00e1kov, ktor\u00e1 obsahuje 1 osu\u0161ku a 2 uter\u00e1ky, je ide\u00e1lna pre t\u00fdch, ktor\u00ed h\u013eadaj\u00fa m\u00e4kkos\u0165 a praktickos\u0165.<\/p>\n<p>Sada obsahuje:<br \/>\n1 ve\u013ek\u00e1 osu\u0161ka (70\u00d7140 cm), ktor\u00e1 poskytuje pohodln\u00e9 a pln\u00e9 krytie.<br \/>\n2 men\u0161ie uter\u00e1ky (35\u00d775 cm), ide\u00e1lne na osu\u0161enie tv\u00e1re alebo r\u00fak.<\/p>\n<p>Uter\u00e1ky z bambusov\u00e9ho vl\u00e1kna s\u00fa v\u00fdnimo\u010dne m\u00e4kk\u00e9, jemn\u00e9 k poko\u017eke a p\u00f4sobia luxusne. V\u010faka prirodzenej \u0161trukt\u00fare bambusu maj\u00fa v\u00fdborn\u00fa savos\u0165 a r\u00fdchlo schn\u00fa.<\/p>\n<p>Uter\u00e1ky s\u00fa tie\u017e antibakteri\u00e1lne a dlhotrvaj\u00face, svoju kvalitu si zachov\u00e1vaj\u00fa aj po opakovanom pran\u00ed. Nad\u010dasov\u00fd a klasick\u00fd dizajn sa hod\u00ed do ka\u017edej k\u00fape\u013ene a dod\u00e1va jej \u0161t\u00fdl a eleganciu.<\/p>\n<p>T\u00e1to sada bambusov\u00fdch uter\u00e1kov je skvelou vo\u013ebou na ka\u017edodenn\u00e9 pou\u017eitie aj ako dar\u010dek.<\/p>\n","protected":false},"excerpt":{"rendered":"<ul>\n<li>Materi\u00e1l: 100% bambus<\/li>\n<li>Ve\u013ekos\u0165: (70\u00d7140 cm 1 ks) + (35\u00d775 cm 2 ks)<\/li>\n<li>Gram\u00e1\u017e: 420g\/m2<\/li>\n<li>Sada obsahuje: 3 ks<\/li>\n<\/ul>\n","protected":false},"featured_media":44230,"comment_status":"open","ping_status":"closed","template":"","meta":[],"product_brand":[],"product_cat":[995,1674,1578,673],"product_tag":[],"class_list":{"0":"post-44172","1":"product","2":"type-product","3":"status-publish","4":"has-post-thumbnail","6":"product_cat-bambusove-uteraky-a-osusky","7":"product_cat-sada-bambusovych-uterakov","8":"product_cat-supravy-uterakov","9":"product_cat-uteraky-a-osusky","11":"first","12":"instock","13":"shipping-taxable","14":"purchasable","15":"product-type-variable"},"yoast_head":"<!-- This site is optimized with the Yoast SEO plugin v27.4 - https:\/\/yoast.com\/product\/yoast-seo-wordpress\/ -->\n<title>S\u00faprava bambusov\u00fdch uter\u00e1kov a osu\u0161ky | AZTEX<\/title>\n<meta name=\"description\" content=\"Sada bio bambusov\u00fdch uter\u00e1kov obsahuje 1 kus 70x140 cm a 2 kusy 35x75 cm uter\u00e1kov s jemnou text\u00farou a v\u00fdbornou savos\u0165ou. | AZTEX bytov\u00fd textil\" \/>\n<meta name=\"robots\" content=\"index, follow, max-snippet:-1, max-image-preview:large, max-video-preview:-1\" \/>\n<link rel=\"canonical\" href=\"https:\/\/aztex.ee\/sk\/pood\/uteraky-a-osusky\/sada-bambusovych-uterakov-a-osusiek-3ks\/\" \/>\n<meta property=\"og:locale\" content=\"sk_SK\" \/>\n<meta property=\"og:type\" content=\"article\" \/>\n<meta property=\"og:title\" content=\"S\u00faprava bambusov\u00fdch uter\u00e1kov a osu\u0161ky | AZTEX\" \/>\n<meta property=\"og:description\" content=\"Sada bio bambusov\u00fdch uter\u00e1kov obsahuje 1 kus 70x140 cm a 2 kusy 35x75 cm uter\u00e1kov s jemnou text\u00farou a v\u00fdbornou savos\u0165ou. | AZTEX bytov\u00fd textil\" \/>\n<meta property=\"og:url\" content=\"https:\/\/aztex.ee\/sk\/pood\/uteraky-a-osusky\/sada-bambusovych-uterakov-a-osusiek-3ks\/\" \/>\n<meta property=\"og:site_name\" content=\"AZTEX\" \/>\n<meta property=\"article:publisher\" content=\"https:\/\/www.facebook.com\/AztexEE\" \/>\n<meta property=\"article:modified_time\" content=\"2026-04-02T14:07:25+00:00\" \/>\n<meta property=\"og:image\" content=\"https:\/\/aztex.ee\/wp-content\/uploads\/2025\/01\/Bambusest-ratikute-komplekt-1.jpg\" \/>\n\t<meta property=\"og:image:width\" content=\"800\" \/>\n\t<meta property=\"og:image:height\" content=\"800\" \/>\n\t<meta property=\"og:image:type\" content=\"image\/jpeg\" \/>\n<meta name=\"twitter:card\" content=\"summary_large_image\" \/>\n<meta name=\"twitter:label1\" content=\"Predpokladan\u00fd \u010das \u010d\u00edtania\" \/>\n\t<meta name=\"twitter:data1\" content=\"1 min\u00fata\" \/>\n<script type=\"application\/ld+json\" class=\"yoast-schema-graph\">{\"@context\":\"https:\\\/\\\/schema.org\",\"@graph\":[{\"@type\":[\"WebPage\",\"ItemPage\"],\"@id\":\"https:\\\/\\\/aztex.ee\\\/sk\\\/pood\\\/uteraky-a-osusky\\\/sada-bambusovych-uterakov-a-osusiek-3ks\\\/\",\"url\":\"https:\\\/\\\/aztex.ee\\\/sk\\\/pood\\\/uteraky-a-osusky\\\/sada-bambusovych-uterakov-a-osusiek-3ks\\\/\",\"name\":\"S\u00faprava bambusov\u00fdch uter\u00e1kov a osu\u0161ky | AZTEX\",\"isPartOf\":{\"@id\":\"https:\\\/\\\/aztex.ee\\\/sk\\\/#website\"},\"primaryImageOfPage\":{\"@id\":\"https:\\\/\\\/aztex.ee\\\/sk\\\/pood\\\/uteraky-a-osusky\\\/sada-bambusovych-uterakov-a-osusiek-3ks\\\/#primaryimage\"},\"image\":{\"@id\":\"https:\\\/\\\/aztex.ee\\\/sk\\\/pood\\\/uteraky-a-osusky\\\/sada-bambusovych-uterakov-a-osusiek-3ks\\\/#primaryimage\"},\"thumbnailUrl\":\"https:\\\/\\\/aztex.ee\\\/wp-content\\\/uploads\\\/2025\\\/01\\\/Bambusest-ratikute-komplekt-1.jpg\",\"datePublished\":\"2025-01-22T18:25:30+00:00\",\"dateModified\":\"2026-04-02T14:07:25+00:00\",\"description\":\"Sada bio bambusov\u00fdch uter\u00e1kov obsahuje 1 kus 70x140 cm a 2 kusy 35x75 cm uter\u00e1kov s jemnou text\u00farou a v\u00fdbornou savos\u0165ou. | AZTEX bytov\u00fd textil\",\"breadcrumb\":{\"@id\":\"https:\\\/\\\/aztex.ee\\\/sk\\\/pood\\\/uteraky-a-osusky\\\/sada-bambusovych-uterakov-a-osusiek-3ks\\\/#breadcrumb\"},\"inLanguage\":\"sk-SK\",\"potentialAction\":[{\"@type\":\"ReadAction\",\"target\":[\"https:\\\/\\\/aztex.ee\\\/sk\\\/pood\\\/uteraky-a-osusky\\\/sada-bambusovych-uterakov-a-osusiek-3ks\\\/\"]}]},{\"@type\":\"ImageObject\",\"inLanguage\":\"sk-SK\",\"@id\":\"https:\\\/\\\/aztex.ee\\\/sk\\\/pood\\\/uteraky-a-osusky\\\/sada-bambusovych-uterakov-a-osusiek-3ks\\\/#primaryimage\",\"url\":\"https:\\\/\\\/aztex.ee\\\/wp-content\\\/uploads\\\/2025\\\/01\\\/Bambusest-ratikute-komplekt-1.jpg\",\"contentUrl\":\"https:\\\/\\\/aztex.ee\\\/wp-content\\\/uploads\\\/2025\\\/01\\\/Bambusest-ratikute-komplekt-1.jpg\",\"width\":800,\"height\":800,\"caption\":\"Bambusest r\u00e4tikute komplekt\"},{\"@type\":\"BreadcrumbList\",\"@id\":\"https:\\\/\\\/aztex.ee\\\/sk\\\/pood\\\/uteraky-a-osusky\\\/sada-bambusovych-uterakov-a-osusiek-3ks\\\/#breadcrumb\",\"itemListElement\":[{\"@type\":\"ListItem\",\"position\":1,\"name\":\"Domov\",\"item\":\"https:\\\/\\\/aztex.ee\\\/sk\\\/\"},{\"@type\":\"ListItem\",\"position\":2,\"name\":\"Obchod\",\"item\":\"https:\\\/\\\/aztex.ee\\\/sk\\\/obchod\\\/\"},{\"@type\":\"ListItem\",\"position\":3,\"name\":\"Sada bambusov\u00fdch uter\u00e1kov a osu\u0161iek\"}]},{\"@type\":\"WebSite\",\"@id\":\"https:\\\/\\\/aztex.ee\\\/sk\\\/#website\",\"url\":\"https:\\\/\\\/aztex.ee\\\/sk\\\/\",\"name\":\"AZTEX\",\"description\":\"\",\"publisher\":{\"@id\":\"https:\\\/\\\/aztex.ee\\\/sk\\\/#organization\"},\"potentialAction\":[{\"@type\":\"SearchAction\",\"target\":{\"@type\":\"EntryPoint\",\"urlTemplate\":\"https:\\\/\\\/aztex.ee\\\/sk\\\/?s={search_term_string}\"},\"query-input\":{\"@type\":\"PropertyValueSpecification\",\"valueRequired\":true,\"valueName\":\"search_term_string\"}}],\"inLanguage\":\"sk-SK\"},{\"@type\":\"Organization\",\"@id\":\"https:\\\/\\\/aztex.ee\\\/sk\\\/#organization\",\"name\":\"AZTEX\",\"url\":\"https:\\\/\\\/aztex.ee\\\/sk\\\/\",\"logo\":{\"@type\":\"ImageObject\",\"inLanguage\":\"sk-SK\",\"@id\":\"https:\\\/\\\/aztex.ee\\\/sk\\\/#\\\/schema\\\/logo\\\/image\\\/\",\"url\":\"https:\\\/\\\/aztex.ee\\\/wp-content\\\/uploads\\\/2026\\\/01\\\/AZTEX.png\",\"contentUrl\":\"https:\\\/\\\/aztex.ee\\\/wp-content\\\/uploads\\\/2026\\\/01\\\/AZTEX.png\",\"width\":500,\"height\":500,\"caption\":\"AZTEX\"},\"image\":{\"@id\":\"https:\\\/\\\/aztex.ee\\\/sk\\\/#\\\/schema\\\/logo\\\/image\\\/\"},\"sameAs\":[\"https:\\\/\\\/www.facebook.com\\\/AztexEE\",\"https:\\\/\\\/www.instagram.com\\\/aztexeesti\\\/\",\"https:\\\/\\\/www.youtube.com\\\/@AZTEXEE\",\"https:\\\/\\\/www.pinterest.com\\\/aztex_eesti\\\/\",\"https:\\\/\\\/www.tiktok.com\\\/@aztexeesti\",\"https:\\\/\\\/www.trustpilot.com\\\/review\\\/aztex.ee\",\"https:\\\/\\\/www.linkedin.com\\\/company\\\/aztex-ee\\\/\",\"https:\\\/\\\/www.wikidata.org\\\/wiki\\\/Q137560182\"]}]}<\/script>\n<!-- \/ Yoast SEO plugin. -->","yoast_head_json":{"title":"S\u00faprava bambusov\u00fdch uter\u00e1kov a osu\u0161ky | AZTEX","description":"Sada bio bambusov\u00fdch uter\u00e1kov obsahuje 1 kus 70x140 cm a 2 kusy 35x75 cm uter\u00e1kov s jemnou text\u00farou a v\u00fdbornou savos\u0165ou. | AZTEX bytov\u00fd textil","robots":{"index":"index","follow":"follow","max-snippet":"max-snippet:-1","max-image-preview":"max-image-preview:large","max-video-preview":"max-video-preview:-1"},"canonical":"https:\/\/aztex.ee\/sk\/pood\/uteraky-a-osusky\/sada-bambusovych-uterakov-a-osusiek-3ks\/","og_locale":"sk_SK","og_type":"article","og_title":"S\u00faprava bambusov\u00fdch uter\u00e1kov a osu\u0161ky | AZTEX","og_description":"Sada bio bambusov\u00fdch uter\u00e1kov obsahuje 1 kus 70x140 cm a 2 kusy 35x75 cm uter\u00e1kov s jemnou text\u00farou a v\u00fdbornou savos\u0165ou. | AZTEX bytov\u00fd textil","og_url":"https:\/\/aztex.ee\/sk\/pood\/uteraky-a-osusky\/sada-bambusovych-uterakov-a-osusiek-3ks\/","og_site_name":"AZTEX","article_publisher":"https:\/\/www.facebook.com\/AztexEE","article_modified_time":"2026-04-02T14:07:25+00:00","og_image":[{"width":800,"height":800,"url":"https:\/\/aztex.ee\/wp-content\/uploads\/2025\/01\/Bambusest-ratikute-komplekt-1.jpg","type":"image\/jpeg"}],"twitter_card":"summary_large_image","twitter_misc":{"Predpokladan\u00fd \u010das \u010d\u00edtania":"1 min\u00fata"},"schema":{"@context":"https:\/\/schema.org","@graph":[{"@type":["WebPage","ItemPage"],"@id":"https:\/\/aztex.ee\/sk\/pood\/uteraky-a-osusky\/sada-bambusovych-uterakov-a-osusiek-3ks\/","url":"https:\/\/aztex.ee\/sk\/pood\/uteraky-a-osusky\/sada-bambusovych-uterakov-a-osusiek-3ks\/","name":"S\u00faprava bambusov\u00fdch uter\u00e1kov a osu\u0161ky | AZTEX","isPartOf":{"@id":"https:\/\/aztex.ee\/sk\/#website"},"primaryImageOfPage":{"@id":"https:\/\/aztex.ee\/sk\/pood\/uteraky-a-osusky\/sada-bambusovych-uterakov-a-osusiek-3ks\/#primaryimage"},"image":{"@id":"https:\/\/aztex.ee\/sk\/pood\/uteraky-a-osusky\/sada-bambusovych-uterakov-a-osusiek-3ks\/#primaryimage"},"thumbnailUrl":"https:\/\/aztex.ee\/wp-content\/uploads\/2025\/01\/Bambusest-ratikute-komplekt-1.jpg","datePublished":"2025-01-22T18:25:30+00:00","dateModified":"2026-04-02T14:07:25+00:00","description":"Sada bio bambusov\u00fdch uter\u00e1kov obsahuje 1 kus 70x140 cm a 2 kusy 35x75 cm uter\u00e1kov s jemnou text\u00farou a v\u00fdbornou savos\u0165ou. | AZTEX bytov\u00fd textil","breadcrumb":{"@id":"https:\/\/aztex.ee\/sk\/pood\/uteraky-a-osusky\/sada-bambusovych-uterakov-a-osusiek-3ks\/#breadcrumb"},"inLanguage":"sk-SK","potentialAction":[{"@type":"ReadAction","target":["https:\/\/aztex.ee\/sk\/pood\/uteraky-a-osusky\/sada-bambusovych-uterakov-a-osusiek-3ks\/"]}]},{"@type":"ImageObject","inLanguage":"sk-SK","@id":"https:\/\/aztex.ee\/sk\/pood\/uteraky-a-osusky\/sada-bambusovych-uterakov-a-osusiek-3ks\/#primaryimage","url":"https:\/\/aztex.ee\/wp-content\/uploads\/2025\/01\/Bambusest-ratikute-komplekt-1.jpg","contentUrl":"https:\/\/aztex.ee\/wp-content\/uploads\/2025\/01\/Bambusest-ratikute-komplekt-1.jpg","width":800,"height":800,"caption":"Bambusest r\u00e4tikute komplekt"},{"@type":"BreadcrumbList","@id":"https:\/\/aztex.ee\/sk\/pood\/uteraky-a-osusky\/sada-bambusovych-uterakov-a-osusiek-3ks\/#breadcrumb","itemListElement":[{"@type":"ListItem","position":1,"name":"Domov","item":"https:\/\/aztex.ee\/sk\/"},{"@type":"ListItem","position":2,"name":"Obchod","item":"https:\/\/aztex.ee\/sk\/obchod\/"},{"@type":"ListItem","position":3,"name":"Sada bambusov\u00fdch uter\u00e1kov a osu\u0161iek"}]},{"@type":"WebSite","@id":"https:\/\/aztex.ee\/sk\/#website","url":"https:\/\/aztex.ee\/sk\/","name":"AZTEX","description":"","publisher":{"@id":"https:\/\/aztex.ee\/sk\/#organization"},"potentialAction":[{"@type":"SearchAction","target":{"@type":"EntryPoint","urlTemplate":"https:\/\/aztex.ee\/sk\/?s={search_term_string}"},"query-input":{"@type":"PropertyValueSpecification","valueRequired":true,"valueName":"search_term_string"}}],"inLanguage":"sk-SK"},{"@type":"Organization","@id":"https:\/\/aztex.ee\/sk\/#organization","name":"AZTEX","url":"https:\/\/aztex.ee\/sk\/","logo":{"@type":"ImageObject","inLanguage":"sk-SK","@id":"https:\/\/aztex.ee\/sk\/#\/schema\/logo\/image\/","url":"https:\/\/aztex.ee\/wp-content\/uploads\/2026\/01\/AZTEX.png","contentUrl":"https:\/\/aztex.ee\/wp-content\/uploads\/2026\/01\/AZTEX.png","width":500,"height":500,"caption":"AZTEX"},"image":{"@id":"https:\/\/aztex.ee\/sk\/#\/schema\/logo\/image\/"},"sameAs":["https:\/\/www.facebook.com\/AztexEE","https:\/\/www.instagram.com\/aztexeesti\/","https:\/\/www.youtube.com\/@AZTEXEE","https:\/\/www.pinterest.com\/aztex_eesti\/","https:\/\/www.tiktok.com\/@aztexeesti","https:\/\/www.trustpilot.com\/review\/aztex.ee","https:\/\/www.linkedin.com\/company\/aztex-ee\/","https:\/\/www.wikidata.org\/wiki\/Q137560182"]}]}},"_links":{"self":[{"href":"https:\/\/aztex.ee\/sk\/wp-json\/wp\/v2\/product\/44172","targetHints":{"allow":["GET"]}}],"collection":[{"href":"https:\/\/aztex.ee\/sk\/wp-json\/wp\/v2\/product"}],"about":[{"href":"https:\/\/aztex.ee\/sk\/wp-json\/wp\/v2\/types\/product"}],"replies":[{"embeddable":true,"href":"https:\/\/aztex.ee\/sk\/wp-json\/wp\/v2\/comments?post=44172"}],"version-history":[{"count":0,"href":"https:\/\/aztex.ee\/sk\/wp-json\/wp\/v2\/product\/44172\/revisions"}],"wp:featuredmedia":[{"embeddable":true,"href":"https:\/\/aztex.ee\/sk\/wp-json\/wp\/v2\/media\/44230"}],"wp:attachment":[{"href":"https:\/\/aztex.ee\/sk\/wp-json\/wp\/v2\/media?parent=44172"}],"wp:term":[{"taxonomy":"product_brand","embeddable":true,"href":"https:\/\/aztex.ee\/sk\/wp-json\/wp\/v2\/product_brand?post=44172"},{"taxonomy":"product_cat","embeddable":true,"href":"https:\/\/aztex.ee\/sk\/wp-json\/wp\/v2\/product_cat?post=44172"},{"taxonomy":"product_tag","embeddable":true,"href":"https:\/\/aztex.ee\/sk\/wp-json\/wp\/v2\/product_tag?post=44172"}],"curies":[{"name":"wp","href":"https:\/\/api.w.org\/{rel}","templated":true}]}}