{"id":42780,"date":"2025-01-13T10:15:39","date_gmt":"2025-01-13T10:15:39","guid":{"rendered":"https:\/\/aztex.ee\/?post_type=product&#038;p=42780"},"modified":"2026-03-22T17:46:21","modified_gmt":"2026-03-22T17:46:21","slug":"sada-bambusovych-uterakov-6-ks","status":"publish","type":"product","link":"https:\/\/aztex.ee\/sk\/pood\/uteraky-a-osusky\/sada-bambusovych-uterakov-6-ks\/","title":{"rendered":"Sada bambusov\u00fdch uter\u00e1kov 6 ks"},"content":{"rendered":"<p>Sada bambusov\u00fdch uter\u00e1kov, ktor\u00e1 obsahuje 6 uter\u00e1kov s rozmermi 35\u00d775 cm, je skvelou vo\u013ebou na ka\u017edodenn\u00e9 pou\u017eitie alebo ako dar\u010dek. Tieto uter\u00e1ky s\u00fa vyroben\u00e9 z bambusov\u00e9ho vl\u00e1kna, ktor\u00e9 je zn\u00e1me svojou v\u00fdnimo\u010dnou m\u00e4kkos\u0165ou a \u0161etrnos\u0165ou k poko\u017eke. V\u010faka svojim prirodzen\u00fdm hypoalerg\u00e9nnym a antibakteri\u00e1lnym vlastnostiam s\u00fa vhodn\u00e9 aj pre t\u00fa najcitlivej\u0161iu poko\u017eku, vr\u00e1tane b\u00e1b\u00e4tiek a batoliat, poskytuj\u00fa jemn\u00fa starostlivos\u0165 a komfort.<\/p>\n<p>Bambusov\u00e9 uter\u00e1ky maj\u00fa p\u00f4sobiv\u00fa schopnos\u0165 absorbova\u0165 vlhkos\u0165 &#8211; dok\u00e1\u017eu absorbova\u0165 nieko\u013ekon\u00e1sobne viac vody ako tradi\u010dn\u00e9 bavlnen\u00e9 uter\u00e1ky. Navy\u0161e r\u00fdchlej\u0161ie schn\u00fa, \u010d\u00edm pom\u00e1haj\u00fa udr\u017eiava\u0165 ich svie\u017ee a pr\u00edjemn\u00e9 aj pri ka\u017edodennom pou\u017e\u00edvan\u00ed. \u013dahkos\u0165 a \u00fa\u010dinnos\u0165 uter\u00e1kov z nich rob\u00ed skvel\u00fa vo\u013ebu ako doma, tak aj na cest\u00e1ch.<\/p>\n<p>Jednoduch\u00e1 starostlivos\u0165 &#8211; mo\u017eno ich pra\u0165 v pr\u00e1\u010dke pri n\u00edzkych teplot\u00e1ch a osu\u0161ky si aj po opakovanom pran\u00ed zachovaj\u00fa m\u00e4kkos\u0165 a pr\u00edjemn\u00fd vzh\u013ead. Ich v\u0161estrann\u00fd dizajn sa hod\u00ed k r\u00f4znym \u0161t\u00fdlom k\u00fape\u013ene, \u010di u\u017e ide o klasick\u00e9 monochromatick\u00e9 rie\u0161enie alebo modern\u00e9 farebn\u00e9 sch\u00e9my, ktor\u00e9 dod\u00e1vaj\u00fa osobitos\u0165 a vizu\u00e1lnu pr\u00ed\u0165a\u017elivos\u0165.<\/p>\n<p>T\u00e1to s\u00faprava pon\u00faka dokonal\u00fa kombin\u00e1ciu kvality a u\u017e\u00edvate\u013eskej pr\u00edvetivosti, pri\u010dom je z\u00e1rove\u0148 odoln\u00e1 a estetick\u00e1. Bambusov\u00e9 osu\u0161ky s\u00fa nielen praktick\u00e9, ale aj pr\u00edjemn\u00e9 na pou\u017e\u00edvanie a spr\u00edjem\u0148uj\u00fa ka\u017edodenn\u00e9 rutiny. S\u00fa ur\u010den\u00e9 pre \u013eud\u00ed, ktor\u00ed si cenia funk\u010dnos\u0165 aj \u0161t\u00fdl.<\/p>\n","protected":false},"excerpt":{"rendered":"<ul>\n<li>Materi\u00e1l: 100% bambus<\/li>\n<li>Ve\u013ekos\u0165: 35\u00d775 cm \u00b13<\/li>\n<li>Gram\u00e1\u017e: 420g\/m2<\/li>\n<li>Sada obsahuje: 6 ks<\/li>\n<\/ul>\n","protected":false},"featured_media":42842,"comment_status":"open","ping_status":"closed","template":"","meta":[],"product_brand":[],"product_cat":[1630,995,1674,1578,1740,784,673],"product_tag":[],"class_list":{"0":"post-42780","1":"product","2":"type-product","3":"status-publish","4":"has-post-thumbnail","6":"product_cat-bambusove-uteraky","7":"product_cat-bambusove-uteraky-a-osusky","8":"product_cat-sada-bambusovych-uterakov","9":"product_cat-supravy-uterakov","10":"product_cat-uteraky","11":"product_cat-uteraky-35x75-cm","12":"product_cat-uteraky-a-osusky","14":"first","15":"instock","16":"shipping-taxable","17":"purchasable","18":"product-type-variable"},"yoast_head":"<!-- This site is optimized with the Yoast SEO plugin v27.4 - https:\/\/yoast.com\/product\/yoast-seo-wordpress\/ -->\n<title>Sada bambusov\u00fdch uter\u00e1kov 6 ks | AZTEX<\/title>\n<meta name=\"description\" content=\"6-dielna sada bambusov\u00fdch uter\u00e1kov je m\u00e4kk\u00e1, odoln\u00e1, praktick\u00e1 a \u0161t\u00fdlov\u00e1 a je ide\u00e1lna na ka\u017edodenn\u00e9 osu\u0161enie r\u00fak, tv\u00e1re a tela.\" \/>\n<meta name=\"robots\" content=\"index, follow, max-snippet:-1, max-image-preview:large, max-video-preview:-1\" \/>\n<link rel=\"canonical\" href=\"https:\/\/aztex.ee\/sk\/pood\/uteraky-a-osusky\/sada-bambusovych-uterakov-6-ks\/\" \/>\n<meta property=\"og:locale\" content=\"sk_SK\" \/>\n<meta property=\"og:type\" content=\"article\" \/>\n<meta property=\"og:title\" content=\"Sada bambusov\u00fdch uter\u00e1kov 6 ks | AZTEX\" \/>\n<meta property=\"og:description\" content=\"6-dielna sada bambusov\u00fdch uter\u00e1kov je m\u00e4kk\u00e1, odoln\u00e1, praktick\u00e1 a \u0161t\u00fdlov\u00e1 a je ide\u00e1lna na ka\u017edodenn\u00e9 osu\u0161enie r\u00fak, tv\u00e1re a tela.\" \/>\n<meta property=\"og:url\" content=\"https:\/\/aztex.ee\/sk\/pood\/uteraky-a-osusky\/sada-bambusovych-uterakov-6-ks\/\" \/>\n<meta property=\"og:site_name\" content=\"AZTEX\" \/>\n<meta property=\"article:publisher\" content=\"https:\/\/www.facebook.com\/AztexEE\" \/>\n<meta property=\"article:modified_time\" content=\"2026-03-22T17:46:21+00:00\" \/>\n<meta property=\"og:image\" content=\"https:\/\/aztex.ee\/wp-content\/uploads\/2025\/01\/Bambusest-kateratikute-komplekt.jpg\" \/>\n\t<meta property=\"og:image:width\" content=\"800\" \/>\n\t<meta property=\"og:image:height\" content=\"800\" \/>\n\t<meta property=\"og:image:type\" content=\"image\/jpeg\" \/>\n<meta name=\"twitter:card\" content=\"summary_large_image\" \/>\n<meta name=\"twitter:label1\" content=\"Predpokladan\u00fd \u010das \u010d\u00edtania\" \/>\n\t<meta name=\"twitter:data1\" content=\"2 min\u00faty\" \/>\n<script type=\"application\/ld+json\" class=\"yoast-schema-graph\">{\"@context\":\"https:\\\/\\\/schema.org\",\"@graph\":[{\"@type\":[\"WebPage\",\"ItemPage\"],\"@id\":\"https:\\\/\\\/aztex.ee\\\/sk\\\/pood\\\/uteraky-a-osusky\\\/sada-bambusovych-uterakov-6-ks\\\/\",\"url\":\"https:\\\/\\\/aztex.ee\\\/sk\\\/pood\\\/uteraky-a-osusky\\\/sada-bambusovych-uterakov-6-ks\\\/\",\"name\":\"Sada bambusov\u00fdch uter\u00e1kov 6 ks | AZTEX\",\"isPartOf\":{\"@id\":\"https:\\\/\\\/aztex.ee\\\/sk\\\/#website\"},\"primaryImageOfPage\":{\"@id\":\"https:\\\/\\\/aztex.ee\\\/sk\\\/pood\\\/uteraky-a-osusky\\\/sada-bambusovych-uterakov-6-ks\\\/#primaryimage\"},\"image\":{\"@id\":\"https:\\\/\\\/aztex.ee\\\/sk\\\/pood\\\/uteraky-a-osusky\\\/sada-bambusovych-uterakov-6-ks\\\/#primaryimage\"},\"thumbnailUrl\":\"https:\\\/\\\/aztex.ee\\\/wp-content\\\/uploads\\\/2025\\\/01\\\/Bambusest-kateratikute-komplekt.jpg\",\"datePublished\":\"2025-01-13T10:15:39+00:00\",\"dateModified\":\"2026-03-22T17:46:21+00:00\",\"description\":\"6-dielna sada bambusov\u00fdch uter\u00e1kov je m\u00e4kk\u00e1, odoln\u00e1, praktick\u00e1 a \u0161t\u00fdlov\u00e1 a je ide\u00e1lna na ka\u017edodenn\u00e9 osu\u0161enie r\u00fak, tv\u00e1re a tela.\",\"breadcrumb\":{\"@id\":\"https:\\\/\\\/aztex.ee\\\/sk\\\/pood\\\/uteraky-a-osusky\\\/sada-bambusovych-uterakov-6-ks\\\/#breadcrumb\"},\"inLanguage\":\"sk-SK\",\"potentialAction\":[{\"@type\":\"ReadAction\",\"target\":[\"https:\\\/\\\/aztex.ee\\\/sk\\\/pood\\\/uteraky-a-osusky\\\/sada-bambusovych-uterakov-6-ks\\\/\"]}]},{\"@type\":\"ImageObject\",\"inLanguage\":\"sk-SK\",\"@id\":\"https:\\\/\\\/aztex.ee\\\/sk\\\/pood\\\/uteraky-a-osusky\\\/sada-bambusovych-uterakov-6-ks\\\/#primaryimage\",\"url\":\"https:\\\/\\\/aztex.ee\\\/wp-content\\\/uploads\\\/2025\\\/01\\\/Bambusest-kateratikute-komplekt.jpg\",\"contentUrl\":\"https:\\\/\\\/aztex.ee\\\/wp-content\\\/uploads\\\/2025\\\/01\\\/Bambusest-kateratikute-komplekt.jpg\",\"width\":800,\"height\":800,\"caption\":\"Bambusest k\u00e4ter\u00e4tikute komplekt 6 tk\"},{\"@type\":\"BreadcrumbList\",\"@id\":\"https:\\\/\\\/aztex.ee\\\/sk\\\/pood\\\/uteraky-a-osusky\\\/sada-bambusovych-uterakov-6-ks\\\/#breadcrumb\",\"itemListElement\":[{\"@type\":\"ListItem\",\"position\":1,\"name\":\"Domov\",\"item\":\"https:\\\/\\\/aztex.ee\\\/sk\\\/\"},{\"@type\":\"ListItem\",\"position\":2,\"name\":\"Obchod\",\"item\":\"https:\\\/\\\/aztex.ee\\\/sk\\\/obchod\\\/\"},{\"@type\":\"ListItem\",\"position\":3,\"name\":\"Sada bambusov\u00fdch uter\u00e1kov 6 ks\"}]},{\"@type\":\"WebSite\",\"@id\":\"https:\\\/\\\/aztex.ee\\\/sk\\\/#website\",\"url\":\"https:\\\/\\\/aztex.ee\\\/sk\\\/\",\"name\":\"AZTEX\",\"description\":\"\",\"publisher\":{\"@id\":\"https:\\\/\\\/aztex.ee\\\/sk\\\/#organization\"},\"potentialAction\":[{\"@type\":\"SearchAction\",\"target\":{\"@type\":\"EntryPoint\",\"urlTemplate\":\"https:\\\/\\\/aztex.ee\\\/sk\\\/?s={search_term_string}\"},\"query-input\":{\"@type\":\"PropertyValueSpecification\",\"valueRequired\":true,\"valueName\":\"search_term_string\"}}],\"inLanguage\":\"sk-SK\"},{\"@type\":\"Organization\",\"@id\":\"https:\\\/\\\/aztex.ee\\\/sk\\\/#organization\",\"name\":\"AZTEX\",\"url\":\"https:\\\/\\\/aztex.ee\\\/sk\\\/\",\"logo\":{\"@type\":\"ImageObject\",\"inLanguage\":\"sk-SK\",\"@id\":\"https:\\\/\\\/aztex.ee\\\/sk\\\/#\\\/schema\\\/logo\\\/image\\\/\",\"url\":\"https:\\\/\\\/aztex.ee\\\/wp-content\\\/uploads\\\/2026\\\/01\\\/AZTEX.png\",\"contentUrl\":\"https:\\\/\\\/aztex.ee\\\/wp-content\\\/uploads\\\/2026\\\/01\\\/AZTEX.png\",\"width\":500,\"height\":500,\"caption\":\"AZTEX\"},\"image\":{\"@id\":\"https:\\\/\\\/aztex.ee\\\/sk\\\/#\\\/schema\\\/logo\\\/image\\\/\"},\"sameAs\":[\"https:\\\/\\\/www.facebook.com\\\/AztexEE\",\"https:\\\/\\\/www.instagram.com\\\/aztexeesti\\\/\",\"https:\\\/\\\/www.youtube.com\\\/@AZTEXEE\",\"https:\\\/\\\/www.pinterest.com\\\/aztex_eesti\\\/\",\"https:\\\/\\\/www.tiktok.com\\\/@aztexeesti\",\"https:\\\/\\\/www.trustpilot.com\\\/review\\\/aztex.ee\",\"https:\\\/\\\/www.linkedin.com\\\/company\\\/aztex-ee\\\/\",\"https:\\\/\\\/www.wikidata.org\\\/wiki\\\/Q137560182\"]}]}<\/script>\n<!-- \/ Yoast SEO plugin. -->","yoast_head_json":{"title":"Sada bambusov\u00fdch uter\u00e1kov 6 ks | AZTEX","description":"6-dielna sada bambusov\u00fdch uter\u00e1kov je m\u00e4kk\u00e1, odoln\u00e1, praktick\u00e1 a \u0161t\u00fdlov\u00e1 a je ide\u00e1lna na ka\u017edodenn\u00e9 osu\u0161enie r\u00fak, tv\u00e1re a tela.","robots":{"index":"index","follow":"follow","max-snippet":"max-snippet:-1","max-image-preview":"max-image-preview:large","max-video-preview":"max-video-preview:-1"},"canonical":"https:\/\/aztex.ee\/sk\/pood\/uteraky-a-osusky\/sada-bambusovych-uterakov-6-ks\/","og_locale":"sk_SK","og_type":"article","og_title":"Sada bambusov\u00fdch uter\u00e1kov 6 ks | AZTEX","og_description":"6-dielna sada bambusov\u00fdch uter\u00e1kov je m\u00e4kk\u00e1, odoln\u00e1, praktick\u00e1 a \u0161t\u00fdlov\u00e1 a je ide\u00e1lna na ka\u017edodenn\u00e9 osu\u0161enie r\u00fak, tv\u00e1re a tela.","og_url":"https:\/\/aztex.ee\/sk\/pood\/uteraky-a-osusky\/sada-bambusovych-uterakov-6-ks\/","og_site_name":"AZTEX","article_publisher":"https:\/\/www.facebook.com\/AztexEE","article_modified_time":"2026-03-22T17:46:21+00:00","og_image":[{"width":800,"height":800,"url":"https:\/\/aztex.ee\/wp-content\/uploads\/2025\/01\/Bambusest-kateratikute-komplekt.jpg","type":"image\/jpeg"}],"twitter_card":"summary_large_image","twitter_misc":{"Predpokladan\u00fd \u010das \u010d\u00edtania":"2 min\u00faty"},"schema":{"@context":"https:\/\/schema.org","@graph":[{"@type":["WebPage","ItemPage"],"@id":"https:\/\/aztex.ee\/sk\/pood\/uteraky-a-osusky\/sada-bambusovych-uterakov-6-ks\/","url":"https:\/\/aztex.ee\/sk\/pood\/uteraky-a-osusky\/sada-bambusovych-uterakov-6-ks\/","name":"Sada bambusov\u00fdch uter\u00e1kov 6 ks | AZTEX","isPartOf":{"@id":"https:\/\/aztex.ee\/sk\/#website"},"primaryImageOfPage":{"@id":"https:\/\/aztex.ee\/sk\/pood\/uteraky-a-osusky\/sada-bambusovych-uterakov-6-ks\/#primaryimage"},"image":{"@id":"https:\/\/aztex.ee\/sk\/pood\/uteraky-a-osusky\/sada-bambusovych-uterakov-6-ks\/#primaryimage"},"thumbnailUrl":"https:\/\/aztex.ee\/wp-content\/uploads\/2025\/01\/Bambusest-kateratikute-komplekt.jpg","datePublished":"2025-01-13T10:15:39+00:00","dateModified":"2026-03-22T17:46:21+00:00","description":"6-dielna sada bambusov\u00fdch uter\u00e1kov je m\u00e4kk\u00e1, odoln\u00e1, praktick\u00e1 a \u0161t\u00fdlov\u00e1 a je ide\u00e1lna na ka\u017edodenn\u00e9 osu\u0161enie r\u00fak, tv\u00e1re a tela.","breadcrumb":{"@id":"https:\/\/aztex.ee\/sk\/pood\/uteraky-a-osusky\/sada-bambusovych-uterakov-6-ks\/#breadcrumb"},"inLanguage":"sk-SK","potentialAction":[{"@type":"ReadAction","target":["https:\/\/aztex.ee\/sk\/pood\/uteraky-a-osusky\/sada-bambusovych-uterakov-6-ks\/"]}]},{"@type":"ImageObject","inLanguage":"sk-SK","@id":"https:\/\/aztex.ee\/sk\/pood\/uteraky-a-osusky\/sada-bambusovych-uterakov-6-ks\/#primaryimage","url":"https:\/\/aztex.ee\/wp-content\/uploads\/2025\/01\/Bambusest-kateratikute-komplekt.jpg","contentUrl":"https:\/\/aztex.ee\/wp-content\/uploads\/2025\/01\/Bambusest-kateratikute-komplekt.jpg","width":800,"height":800,"caption":"Bambusest k\u00e4ter\u00e4tikute komplekt 6 tk"},{"@type":"BreadcrumbList","@id":"https:\/\/aztex.ee\/sk\/pood\/uteraky-a-osusky\/sada-bambusovych-uterakov-6-ks\/#breadcrumb","itemListElement":[{"@type":"ListItem","position":1,"name":"Domov","item":"https:\/\/aztex.ee\/sk\/"},{"@type":"ListItem","position":2,"name":"Obchod","item":"https:\/\/aztex.ee\/sk\/obchod\/"},{"@type":"ListItem","position":3,"name":"Sada bambusov\u00fdch uter\u00e1kov 6 ks"}]},{"@type":"WebSite","@id":"https:\/\/aztex.ee\/sk\/#website","url":"https:\/\/aztex.ee\/sk\/","name":"AZTEX","description":"","publisher":{"@id":"https:\/\/aztex.ee\/sk\/#organization"},"potentialAction":[{"@type":"SearchAction","target":{"@type":"EntryPoint","urlTemplate":"https:\/\/aztex.ee\/sk\/?s={search_term_string}"},"query-input":{"@type":"PropertyValueSpecification","valueRequired":true,"valueName":"search_term_string"}}],"inLanguage":"sk-SK"},{"@type":"Organization","@id":"https:\/\/aztex.ee\/sk\/#organization","name":"AZTEX","url":"https:\/\/aztex.ee\/sk\/","logo":{"@type":"ImageObject","inLanguage":"sk-SK","@id":"https:\/\/aztex.ee\/sk\/#\/schema\/logo\/image\/","url":"https:\/\/aztex.ee\/wp-content\/uploads\/2026\/01\/AZTEX.png","contentUrl":"https:\/\/aztex.ee\/wp-content\/uploads\/2026\/01\/AZTEX.png","width":500,"height":500,"caption":"AZTEX"},"image":{"@id":"https:\/\/aztex.ee\/sk\/#\/schema\/logo\/image\/"},"sameAs":["https:\/\/www.facebook.com\/AztexEE","https:\/\/www.instagram.com\/aztexeesti\/","https:\/\/www.youtube.com\/@AZTEXEE","https:\/\/www.pinterest.com\/aztex_eesti\/","https:\/\/www.tiktok.com\/@aztexeesti","https:\/\/www.trustpilot.com\/review\/aztex.ee","https:\/\/www.linkedin.com\/company\/aztex-ee\/","https:\/\/www.wikidata.org\/wiki\/Q137560182"]}]}},"_links":{"self":[{"href":"https:\/\/aztex.ee\/sk\/wp-json\/wp\/v2\/product\/42780","targetHints":{"allow":["GET"]}}],"collection":[{"href":"https:\/\/aztex.ee\/sk\/wp-json\/wp\/v2\/product"}],"about":[{"href":"https:\/\/aztex.ee\/sk\/wp-json\/wp\/v2\/types\/product"}],"replies":[{"embeddable":true,"href":"https:\/\/aztex.ee\/sk\/wp-json\/wp\/v2\/comments?post=42780"}],"version-history":[{"count":0,"href":"https:\/\/aztex.ee\/sk\/wp-json\/wp\/v2\/product\/42780\/revisions"}],"wp:featuredmedia":[{"embeddable":true,"href":"https:\/\/aztex.ee\/sk\/wp-json\/wp\/v2\/media\/42842"}],"wp:attachment":[{"href":"https:\/\/aztex.ee\/sk\/wp-json\/wp\/v2\/media?parent=42780"}],"wp:term":[{"taxonomy":"product_brand","embeddable":true,"href":"https:\/\/aztex.ee\/sk\/wp-json\/wp\/v2\/product_brand?post=42780"},{"taxonomy":"product_cat","embeddable":true,"href":"https:\/\/aztex.ee\/sk\/wp-json\/wp\/v2\/product_cat?post=42780"},{"taxonomy":"product_tag","embeddable":true,"href":"https:\/\/aztex.ee\/sk\/wp-json\/wp\/v2\/product_tag?post=42780"}],"curies":[{"name":"wp","href":"https:\/\/api.w.org\/{rel}","templated":true}]}}