{"id":41455,"date":"2024-12-29T19:21:50","date_gmt":"2024-12-29T19:21:50","guid":{"rendered":"https:\/\/aztex.ee\/?post_type=product&#038;p=41455"},"modified":"2026-03-21T17:22:31","modified_gmt":"2026-03-21T17:22:31","slug":"organicky-bambusovy-uterak","status":"publish","type":"product","link":"https:\/\/aztex.ee\/sk\/pood\/uteraky-a-osusky\/organicky-bambusovy-uterak\/","title":{"rendered":"Bambusov\u00fd uter\u00e1k"},"content":{"rendered":"<p>Bambusov\u00fd uter\u00e1k \u2013 luxusn\u00e1 a ekologick\u00e1 vo\u013eba<\/p>\n<p>Bambusov\u00fd uter\u00e1k je ide\u00e1lnou vo\u013ebou pre t\u00fdch, ktor\u00ed oce\u0148uj\u00fa kvalitu, m\u00e4kkos\u0165 a udr\u017eate\u013enos\u0165. Tento uter\u00e1k vyroben\u00fd z pr\u00edrodn\u00e9ho bambusov\u00e9ho vl\u00e1kna je ekologickou alternat\u00edvou k tradi\u010dn\u00fdm materi\u00e1lom. Bambusov\u00e9 vl\u00e1kna s\u00fa prirodzene m\u00e4kk\u00e9 a poskytuj\u00fa poko\u017eke jemn\u00fd a rozmazn\u00e1vaj\u00faci pocit. V\u010faka tomu je bambusov\u00fd uter\u00e1k skvel\u00fd pre citliv\u00fa poko\u017eku, preto\u017ee nedr\u00e1\u017edi poko\u017eku ani nezanech\u00e1va drsn\u00fd pocit.<\/p>\n<p>Bambusov\u00e9 uter\u00e1ky s\u00fa zn\u00e1me svojou v\u00fdnimo\u010dnou savos\u0165ou, s\u00fa schopn\u00e9 absorbova\u0165 a\u017e trikr\u00e1t viac vlhkosti ako bavlnen\u00e9 uter\u00e1ky. V\u010faka tejto vlastnosti s\u00fa ide\u00e1lne na ka\u017edodenn\u00e9 pou\u017eitie v k\u00fape\u013eni, k\u00fape\u013eoch alebo dokonca na pl\u00e1\u017ei. Tieto uter\u00e1ky navy\u0161e r\u00fdchlo schn\u00fa, \u010do pom\u00e1ha predch\u00e1dza\u0165 nepr\u00edjemn\u00fdm pachom sp\u00f4soben\u00fdm vlhkos\u0165ou. Prirodzen\u00e9 antibakteri\u00e1lne vlastnosti bambusov\u00fdch vl\u00e1kien tie\u017e pom\u00e1haj\u00fa udr\u017ea\u0165 uter\u00e1k hygienick\u00fd a svie\u017ei aj po opakovanom pou\u017eit\u00ed.<\/p>\n<p>\u0160etrnos\u0165 k \u017eivotn\u00e9mu prostrediu je jednou z najv\u00e4\u010d\u0161\u00edch v\u00fdhod bambusov\u00fdch uter\u00e1kov. Bambus je r\u00fdchlo obnovite\u013en\u00e1 rastlina, ktor\u00e1 rastie bez pestic\u00eddov a hnoj\u00edv. Produkty vyroben\u00e9 z bambusov\u00e9ho vl\u00e1kna s\u00fa biologicky odb\u00farate\u013en\u00e9 a zni\u017euj\u00fa dopad na \u017eivotn\u00e9 prostredie, v\u010faka \u010domu s\u00fa ide\u00e1lne pre \u013eud\u00ed, ktor\u00ed chc\u00fa svojimi rozhodnutiami o spotrebe chr\u00e1ni\u0165 pr\u00edrodu.<\/p>\n<p>\u0160t\u00fdlovo navrhnut\u00e9 bambusov\u00e9 uter\u00e1ky sa hodia do ka\u017edej dom\u00e1cnosti a pon\u00fakaj\u00fa praktickos\u0165 aj estetick\u00fd p\u00f4\u017eitok. Bambusov\u00fd uter\u00e1k je tie\u017e skvel\u00fdm dar\u010dekom, ktor\u00fd pote\u0161\u00ed ka\u017ed\u00e9ho obdarovan\u00e9ho.<\/p>\n<p>Jednoduch\u00e1 \u00fadr\u017eba &#8211; uter\u00e1k perte na jemnom programe do 40\u00b0C a vyvarujte sa su\u0161eniu pri vysok\u00fdch teplot\u00e1ch, aby si zachovala svoju jemnos\u0165 a trvanlivos\u0165. Bambusov\u00fd uter\u00e1k sp\u00e1ja kr\u00e1su pr\u00edrody s praktickos\u0165ou a poskytuje nezabudnute\u013en\u00fd z\u00e1\u017eitok.<\/p>\n","protected":false},"excerpt":{"rendered":"<ul>\n<li>Materi\u00e1l: 100% bambus<\/li>\n<li>Ve\u013ekos\u0165: 35\u00d775 cm \u00b13<\/li>\n<li>Gram\u00e1\u017e: 420g\/m2<\/li>\n<\/ul>\n","protected":false},"featured_media":41631,"comment_status":"open","ping_status":"closed","template":"","meta":[],"product_brand":[],"product_cat":[1630,995,1740,784,673],"product_tag":[],"class_list":{"0":"post-41455","1":"product","2":"type-product","3":"status-publish","4":"has-post-thumbnail","6":"product_cat-bambusove-uteraky","7":"product_cat-bambusove-uteraky-a-osusky","8":"product_cat-uteraky","9":"product_cat-uteraky-35x75-cm","10":"product_cat-uteraky-a-osusky","12":"first","13":"instock","14":"shipping-taxable","15":"purchasable","16":"product-type-variable"},"yoast_head":"<!-- This site is optimized with the Yoast SEO plugin v27.3 - https:\/\/yoast.com\/product\/yoast-seo-wordpress\/ -->\n<title>Organick\u00fd bambusov\u00fd uter\u00e1k | AZTEX<\/title>\n<meta name=\"description\" content=\"Bambusov\u00fd uter\u00e1k je m\u00e4kk\u00fd a \u0161etrn\u00fd k poko\u017eke, v\u010faka \u010domu je ide\u00e1lny na ka\u017edodenn\u00e9 pou\u017eitie. V\u010faka r\u00fdchlemu schnutiu je skvelou vo\u013ebou do ka\u017edej dom\u00e1cnosti.\" \/>\n<meta name=\"robots\" content=\"index, follow, max-snippet:-1, max-image-preview:large, max-video-preview:-1\" \/>\n<link rel=\"canonical\" href=\"https:\/\/aztex.ee\/sk\/pood\/uteraky-a-osusky\/organicky-bambusovy-uterak\/\" \/>\n<meta property=\"og:locale\" content=\"sk_SK\" \/>\n<meta property=\"og:type\" content=\"article\" \/>\n<meta property=\"og:title\" content=\"Organick\u00fd bambusov\u00fd uter\u00e1k | AZTEX\" \/>\n<meta property=\"og:description\" content=\"Bambusov\u00fd uter\u00e1k je m\u00e4kk\u00fd a \u0161etrn\u00fd k poko\u017eke, v\u010faka \u010domu je ide\u00e1lny na ka\u017edodenn\u00e9 pou\u017eitie. V\u010faka r\u00fdchlemu schnutiu je skvelou vo\u013ebou do ka\u017edej dom\u00e1cnosti.\" \/>\n<meta property=\"og:url\" content=\"https:\/\/aztex.ee\/sk\/pood\/uteraky-a-osusky\/organicky-bambusovy-uterak\/\" \/>\n<meta property=\"og:site_name\" content=\"AZTEX\" \/>\n<meta property=\"article:publisher\" content=\"https:\/\/www.facebook.com\/AztexEE\" \/>\n<meta property=\"article:modified_time\" content=\"2026-03-21T17:22:31+00:00\" \/>\n<meta property=\"og:image\" content=\"https:\/\/aztex.ee\/wp-content\/uploads\/2024\/12\/Ratik-Bambusest.jpg\" \/>\n\t<meta property=\"og:image:width\" content=\"800\" \/>\n\t<meta property=\"og:image:height\" content=\"800\" \/>\n\t<meta property=\"og:image:type\" content=\"image\/jpeg\" \/>\n<meta name=\"twitter:card\" content=\"summary_large_image\" \/>\n<meta name=\"twitter:label1\" content=\"Predpokladan\u00fd \u010das \u010d\u00edtania\" \/>\n\t<meta name=\"twitter:data1\" content=\"2 min\u00faty\" \/>\n<script type=\"application\/ld+json\" class=\"yoast-schema-graph\">{\"@context\":\"https:\\\/\\\/schema.org\",\"@graph\":[{\"@type\":[\"WebPage\",\"ItemPage\"],\"@id\":\"https:\\\/\\\/aztex.ee\\\/sk\\\/pood\\\/uteraky-a-osusky\\\/organicky-bambusovy-uterak\\\/\",\"url\":\"https:\\\/\\\/aztex.ee\\\/sk\\\/pood\\\/uteraky-a-osusky\\\/organicky-bambusovy-uterak\\\/\",\"name\":\"Organick\u00fd bambusov\u00fd uter\u00e1k | AZTEX\",\"isPartOf\":{\"@id\":\"https:\\\/\\\/aztex.ee\\\/sk\\\/#website\"},\"primaryImageOfPage\":{\"@id\":\"https:\\\/\\\/aztex.ee\\\/sk\\\/pood\\\/uteraky-a-osusky\\\/organicky-bambusovy-uterak\\\/#primaryimage\"},\"image\":{\"@id\":\"https:\\\/\\\/aztex.ee\\\/sk\\\/pood\\\/uteraky-a-osusky\\\/organicky-bambusovy-uterak\\\/#primaryimage\"},\"thumbnailUrl\":\"https:\\\/\\\/aztex.ee\\\/wp-content\\\/uploads\\\/2024\\\/12\\\/Ratik-Bambusest.jpg\",\"datePublished\":\"2024-12-29T19:21:50+00:00\",\"dateModified\":\"2026-03-21T17:22:31+00:00\",\"description\":\"Bambusov\u00fd uter\u00e1k je m\u00e4kk\u00fd a \u0161etrn\u00fd k poko\u017eke, v\u010faka \u010domu je ide\u00e1lny na ka\u017edodenn\u00e9 pou\u017eitie. V\u010faka r\u00fdchlemu schnutiu je skvelou vo\u013ebou do ka\u017edej dom\u00e1cnosti.\",\"breadcrumb\":{\"@id\":\"https:\\\/\\\/aztex.ee\\\/sk\\\/pood\\\/uteraky-a-osusky\\\/organicky-bambusovy-uterak\\\/#breadcrumb\"},\"inLanguage\":\"sk-SK\",\"potentialAction\":[{\"@type\":\"ReadAction\",\"target\":[\"https:\\\/\\\/aztex.ee\\\/sk\\\/pood\\\/uteraky-a-osusky\\\/organicky-bambusovy-uterak\\\/\"]}]},{\"@type\":\"ImageObject\",\"inLanguage\":\"sk-SK\",\"@id\":\"https:\\\/\\\/aztex.ee\\\/sk\\\/pood\\\/uteraky-a-osusky\\\/organicky-bambusovy-uterak\\\/#primaryimage\",\"url\":\"https:\\\/\\\/aztex.ee\\\/wp-content\\\/uploads\\\/2024\\\/12\\\/Ratik-Bambusest.jpg\",\"contentUrl\":\"https:\\\/\\\/aztex.ee\\\/wp-content\\\/uploads\\\/2024\\\/12\\\/Ratik-Bambusest.jpg\",\"width\":800,\"height\":800,\"caption\":\"R\u00e4tik Bambusest\"},{\"@type\":\"BreadcrumbList\",\"@id\":\"https:\\\/\\\/aztex.ee\\\/sk\\\/pood\\\/uteraky-a-osusky\\\/organicky-bambusovy-uterak\\\/#breadcrumb\",\"itemListElement\":[{\"@type\":\"ListItem\",\"position\":1,\"name\":\"Domov\",\"item\":\"https:\\\/\\\/aztex.ee\\\/sk\\\/\"},{\"@type\":\"ListItem\",\"position\":2,\"name\":\"Obchod\",\"item\":\"https:\\\/\\\/aztex.ee\\\/sk\\\/obchod\\\/\"},{\"@type\":\"ListItem\",\"position\":3,\"name\":\"Bambusov\u00fd uter\u00e1k\"}]},{\"@type\":\"WebSite\",\"@id\":\"https:\\\/\\\/aztex.ee\\\/sk\\\/#website\",\"url\":\"https:\\\/\\\/aztex.ee\\\/sk\\\/\",\"name\":\"AZTEX\",\"description\":\"\",\"publisher\":{\"@id\":\"https:\\\/\\\/aztex.ee\\\/sk\\\/#organization\"},\"potentialAction\":[{\"@type\":\"SearchAction\",\"target\":{\"@type\":\"EntryPoint\",\"urlTemplate\":\"https:\\\/\\\/aztex.ee\\\/sk\\\/?s={search_term_string}\"},\"query-input\":{\"@type\":\"PropertyValueSpecification\",\"valueRequired\":true,\"valueName\":\"search_term_string\"}}],\"inLanguage\":\"sk-SK\"},{\"@type\":\"Organization\",\"@id\":\"https:\\\/\\\/aztex.ee\\\/sk\\\/#organization\",\"name\":\"AZTEX\",\"url\":\"https:\\\/\\\/aztex.ee\\\/sk\\\/\",\"logo\":{\"@type\":\"ImageObject\",\"inLanguage\":\"sk-SK\",\"@id\":\"https:\\\/\\\/aztex.ee\\\/sk\\\/#\\\/schema\\\/logo\\\/image\\\/\",\"url\":\"https:\\\/\\\/aztex.ee\\\/wp-content\\\/uploads\\\/2026\\\/01\\\/AZTEX.png\",\"contentUrl\":\"https:\\\/\\\/aztex.ee\\\/wp-content\\\/uploads\\\/2026\\\/01\\\/AZTEX.png\",\"width\":500,\"height\":500,\"caption\":\"AZTEX\"},\"image\":{\"@id\":\"https:\\\/\\\/aztex.ee\\\/sk\\\/#\\\/schema\\\/logo\\\/image\\\/\"},\"sameAs\":[\"https:\\\/\\\/www.facebook.com\\\/AztexEE\",\"https:\\\/\\\/www.instagram.com\\\/aztexeesti\\\/\",\"https:\\\/\\\/www.youtube.com\\\/@AZTEXEE\",\"https:\\\/\\\/www.pinterest.com\\\/aztex_eesti\\\/\",\"https:\\\/\\\/www.tiktok.com\\\/@aztexeesti\",\"https:\\\/\\\/www.trustpilot.com\\\/review\\\/aztex.ee\",\"https:\\\/\\\/www.linkedin.com\\\/company\\\/aztex-ee\\\/\",\"https:\\\/\\\/www.wikidata.org\\\/wiki\\\/Q137560182\"]}]}<\/script>\n<!-- \/ Yoast SEO plugin. -->","yoast_head_json":{"title":"Organick\u00fd bambusov\u00fd uter\u00e1k | AZTEX","description":"Bambusov\u00fd uter\u00e1k je m\u00e4kk\u00fd a \u0161etrn\u00fd k poko\u017eke, v\u010faka \u010domu je ide\u00e1lny na ka\u017edodenn\u00e9 pou\u017eitie. V\u010faka r\u00fdchlemu schnutiu je skvelou vo\u013ebou do ka\u017edej dom\u00e1cnosti.","robots":{"index":"index","follow":"follow","max-snippet":"max-snippet:-1","max-image-preview":"max-image-preview:large","max-video-preview":"max-video-preview:-1"},"canonical":"https:\/\/aztex.ee\/sk\/pood\/uteraky-a-osusky\/organicky-bambusovy-uterak\/","og_locale":"sk_SK","og_type":"article","og_title":"Organick\u00fd bambusov\u00fd uter\u00e1k | AZTEX","og_description":"Bambusov\u00fd uter\u00e1k je m\u00e4kk\u00fd a \u0161etrn\u00fd k poko\u017eke, v\u010faka \u010domu je ide\u00e1lny na ka\u017edodenn\u00e9 pou\u017eitie. V\u010faka r\u00fdchlemu schnutiu je skvelou vo\u013ebou do ka\u017edej dom\u00e1cnosti.","og_url":"https:\/\/aztex.ee\/sk\/pood\/uteraky-a-osusky\/organicky-bambusovy-uterak\/","og_site_name":"AZTEX","article_publisher":"https:\/\/www.facebook.com\/AztexEE","article_modified_time":"2026-03-21T17:22:31+00:00","og_image":[{"width":800,"height":800,"url":"https:\/\/aztex.ee\/wp-content\/uploads\/2024\/12\/Ratik-Bambusest.jpg","type":"image\/jpeg"}],"twitter_card":"summary_large_image","twitter_misc":{"Predpokladan\u00fd \u010das \u010d\u00edtania":"2 min\u00faty"},"schema":{"@context":"https:\/\/schema.org","@graph":[{"@type":["WebPage","ItemPage"],"@id":"https:\/\/aztex.ee\/sk\/pood\/uteraky-a-osusky\/organicky-bambusovy-uterak\/","url":"https:\/\/aztex.ee\/sk\/pood\/uteraky-a-osusky\/organicky-bambusovy-uterak\/","name":"Organick\u00fd bambusov\u00fd uter\u00e1k | AZTEX","isPartOf":{"@id":"https:\/\/aztex.ee\/sk\/#website"},"primaryImageOfPage":{"@id":"https:\/\/aztex.ee\/sk\/pood\/uteraky-a-osusky\/organicky-bambusovy-uterak\/#primaryimage"},"image":{"@id":"https:\/\/aztex.ee\/sk\/pood\/uteraky-a-osusky\/organicky-bambusovy-uterak\/#primaryimage"},"thumbnailUrl":"https:\/\/aztex.ee\/wp-content\/uploads\/2024\/12\/Ratik-Bambusest.jpg","datePublished":"2024-12-29T19:21:50+00:00","dateModified":"2026-03-21T17:22:31+00:00","description":"Bambusov\u00fd uter\u00e1k je m\u00e4kk\u00fd a \u0161etrn\u00fd k poko\u017eke, v\u010faka \u010domu je ide\u00e1lny na ka\u017edodenn\u00e9 pou\u017eitie. V\u010faka r\u00fdchlemu schnutiu je skvelou vo\u013ebou do ka\u017edej dom\u00e1cnosti.","breadcrumb":{"@id":"https:\/\/aztex.ee\/sk\/pood\/uteraky-a-osusky\/organicky-bambusovy-uterak\/#breadcrumb"},"inLanguage":"sk-SK","potentialAction":[{"@type":"ReadAction","target":["https:\/\/aztex.ee\/sk\/pood\/uteraky-a-osusky\/organicky-bambusovy-uterak\/"]}]},{"@type":"ImageObject","inLanguage":"sk-SK","@id":"https:\/\/aztex.ee\/sk\/pood\/uteraky-a-osusky\/organicky-bambusovy-uterak\/#primaryimage","url":"https:\/\/aztex.ee\/wp-content\/uploads\/2024\/12\/Ratik-Bambusest.jpg","contentUrl":"https:\/\/aztex.ee\/wp-content\/uploads\/2024\/12\/Ratik-Bambusest.jpg","width":800,"height":800,"caption":"R\u00e4tik Bambusest"},{"@type":"BreadcrumbList","@id":"https:\/\/aztex.ee\/sk\/pood\/uteraky-a-osusky\/organicky-bambusovy-uterak\/#breadcrumb","itemListElement":[{"@type":"ListItem","position":1,"name":"Domov","item":"https:\/\/aztex.ee\/sk\/"},{"@type":"ListItem","position":2,"name":"Obchod","item":"https:\/\/aztex.ee\/sk\/obchod\/"},{"@type":"ListItem","position":3,"name":"Bambusov\u00fd uter\u00e1k"}]},{"@type":"WebSite","@id":"https:\/\/aztex.ee\/sk\/#website","url":"https:\/\/aztex.ee\/sk\/","name":"AZTEX","description":"","publisher":{"@id":"https:\/\/aztex.ee\/sk\/#organization"},"potentialAction":[{"@type":"SearchAction","target":{"@type":"EntryPoint","urlTemplate":"https:\/\/aztex.ee\/sk\/?s={search_term_string}"},"query-input":{"@type":"PropertyValueSpecification","valueRequired":true,"valueName":"search_term_string"}}],"inLanguage":"sk-SK"},{"@type":"Organization","@id":"https:\/\/aztex.ee\/sk\/#organization","name":"AZTEX","url":"https:\/\/aztex.ee\/sk\/","logo":{"@type":"ImageObject","inLanguage":"sk-SK","@id":"https:\/\/aztex.ee\/sk\/#\/schema\/logo\/image\/","url":"https:\/\/aztex.ee\/wp-content\/uploads\/2026\/01\/AZTEX.png","contentUrl":"https:\/\/aztex.ee\/wp-content\/uploads\/2026\/01\/AZTEX.png","width":500,"height":500,"caption":"AZTEX"},"image":{"@id":"https:\/\/aztex.ee\/sk\/#\/schema\/logo\/image\/"},"sameAs":["https:\/\/www.facebook.com\/AztexEE","https:\/\/www.instagram.com\/aztexeesti\/","https:\/\/www.youtube.com\/@AZTEXEE","https:\/\/www.pinterest.com\/aztex_eesti\/","https:\/\/www.tiktok.com\/@aztexeesti","https:\/\/www.trustpilot.com\/review\/aztex.ee","https:\/\/www.linkedin.com\/company\/aztex-ee\/","https:\/\/www.wikidata.org\/wiki\/Q137560182"]}]}},"_links":{"self":[{"href":"https:\/\/aztex.ee\/sk\/wp-json\/wp\/v2\/product\/41455","targetHints":{"allow":["GET"]}}],"collection":[{"href":"https:\/\/aztex.ee\/sk\/wp-json\/wp\/v2\/product"}],"about":[{"href":"https:\/\/aztex.ee\/sk\/wp-json\/wp\/v2\/types\/product"}],"replies":[{"embeddable":true,"href":"https:\/\/aztex.ee\/sk\/wp-json\/wp\/v2\/comments?post=41455"}],"version-history":[{"count":0,"href":"https:\/\/aztex.ee\/sk\/wp-json\/wp\/v2\/product\/41455\/revisions"}],"wp:featuredmedia":[{"embeddable":true,"href":"https:\/\/aztex.ee\/sk\/wp-json\/wp\/v2\/media\/41631"}],"wp:attachment":[{"href":"https:\/\/aztex.ee\/sk\/wp-json\/wp\/v2\/media?parent=41455"}],"wp:term":[{"taxonomy":"product_brand","embeddable":true,"href":"https:\/\/aztex.ee\/sk\/wp-json\/wp\/v2\/product_brand?post=41455"},{"taxonomy":"product_cat","embeddable":true,"href":"https:\/\/aztex.ee\/sk\/wp-json\/wp\/v2\/product_cat?post=41455"},{"taxonomy":"product_tag","embeddable":true,"href":"https:\/\/aztex.ee\/sk\/wp-json\/wp\/v2\/product_tag?post=41455"}],"curies":[{"name":"wp","href":"https:\/\/api.w.org\/{rel}","templated":true}]}}