{"id":40854,"date":"2024-12-29T01:34:10","date_gmt":"2024-12-29T01:34:10","guid":{"rendered":"https:\/\/aztex.ee\/?post_type=product&#038;p=40854"},"modified":"2026-03-28T22:10:23","modified_gmt":"2026-03-28T22:10:23","slug":"prirodny-bambusovy-uterak","status":"publish","type":"product","link":"https:\/\/aztex.ee\/sk\/pood\/uteraky-a-osusky\/prirodny-bambusovy-uterak\/","title":{"rendered":"Bambusov\u00fd uter\u00e1k"},"content":{"rendered":"<p>Bambusov\u00fd uter\u00e1k je tou najlep\u0161ou vo\u013ebou, sp\u00e1ja prirodzen\u00fa kr\u00e1su a praktickos\u0165, pon\u00faka v\u00e1m luxusn\u00fa jemnos\u0165 a nad\u010dasov\u00fa eleganciu. Tento uter\u00e1k vyroben\u00fd zo 100% bambusov\u00e9ho vl\u00e1kna je navrhnut\u00fd tak, aby poskytoval v\u00fdnimo\u010dn\u00fd u\u017e\u00edvate\u013esk\u00fd z\u00e1\u017eitok, bol odoln\u00fd a mimoriadne jemn\u00fd k poko\u017eke. Jedine\u010dn\u00e9 vlastnosti bambusov\u00fdch vl\u00e1kien, ako je vynikaj\u00faca savos\u0165 a r\u00fdchle schnutie, z neho robia ide\u00e1lneho spolo\u010dn\u00edka ako na ka\u017edodenn\u00e9 nosenie, tak aj na v\u00fdnimo\u010dn\u00e9 chv\u00edle, ke\u010f potrebujete nie\u010do viac ako len uter\u00e1k.<\/p>\n<p>Prirodzen\u00e9 antibakteri\u00e1lne a hypoalerg\u00e9nne vlastnosti bambusu z neho robia vynikaj\u00facu vo\u013ebu pre \u013eud\u00ed s citlivou poko\u017ekou. Tento uter\u00e1k je nielen praktick\u00fdm, ale aj zdravotne nez\u00e1vadn\u00fdm rie\u0161en\u00edm, pom\u00e1ha udr\u017eiava\u0165 va\u0161u poko\u017eku \u010dist\u00fa a svie\u017eu. \u010ci u\u017e m\u00e1te such\u00fa alebo citliv\u00fa poko\u017eku, bambusov\u00fd uter\u00e1k poskytuje potrebn\u00fa starostlivos\u0165 a z\u00e1rove\u0148 poskytuje hebkos\u0165 a pohodlie.<\/p>\n<p>Bambusov\u00fd uter\u00e1k vynik\u00e1 okrem jednoduchosti pou\u017eitia aj odolnos\u0165ou a jednoduchou \u00fadr\u017ebou. Bambusov\u00e9 vl\u00e1kna s\u00fa zn\u00e1me svojou odolnos\u0165ou, \u010do znamen\u00e1, \u017ee uter\u00e1k zostane dlho v dobrom stave aj pri \u010dastom pran\u00ed. Nezanedbate\u013en\u00e1 je aj \u0161etrnos\u0165 k \u017eivotn\u00e9mu prostrediu \u2013 bambus je udr\u017eate\u013en\u00fd materi\u00e1l, ktor\u00fd sa pestuje bez pou\u017eitia \u0161kodliv\u00fdch chemik\u00e1li\u00ed.<\/p>\n<p>Bambusov\u00fd uter\u00e1k nie je len praktick\u00fdm k\u00faskom, ale aj \u0161t\u00fdlov\u00fdm doplnkom interi\u00e9ru v\u00e1\u0161ho domova. Jeho minimalistick\u00fd a elegantn\u00fd dizajn dopln\u00ed va\u0161u k\u00fape\u013e\u0148u a vnesie do miestnosti \u00fatuln\u00fa a luxusn\u00fa atmosf\u00e9ru. Jemn\u00e1 text\u00fara a prirodzen\u00e9 farby vytv\u00e1raj\u00fa harm\u00f3niu a pohodlie, v\u010faka ktor\u00fdm bude ka\u017ed\u00fd de\u0148 v\u00fdnimo\u010dn\u00fd.<\/p>\n<p>Ak h\u013ead\u00e1te uter\u00e1k, ktor\u00fd v sebe sp\u00e1ja jemnos\u0165, odolnos\u0165 a \u0161etrnos\u0165 k \u017eivotn\u00e9mu prostrediu, potom je bambusov\u00fd uter\u00e1k ide\u00e1lnou vo\u013ebou. Postarajte sa o svoju ple\u0165, domov a pr\u00edrodu a pridajte hodnotu a starostlivos\u0165 do svojho ka\u017edodenn\u00e9ho \u017eivota.<\/p>\n","protected":false},"excerpt":{"rendered":"<ul>\n<li>Materi\u00e1l: 100% bambus<\/li>\n<li>Ve\u013ekos\u0165: 35\u00d775 cm \u00b13<\/li>\n<li>Gram\u00e1\u017e: 420g\/m2<\/li>\n<\/ul>\n","protected":false},"featured_media":40908,"comment_status":"open","ping_status":"closed","template":"","meta":[],"product_brand":[],"product_cat":[1630,995,1740,784,673],"product_tag":[],"class_list":{"0":"post-40854","1":"product","2":"type-product","3":"status-publish","4":"has-post-thumbnail","6":"product_cat-bambusove-uteraky","7":"product_cat-bambusove-uteraky-a-osusky","8":"product_cat-uteraky","9":"product_cat-uteraky-35x75-cm","10":"product_cat-uteraky-a-osusky","12":"first","13":"instock","14":"shipping-taxable","15":"purchasable","16":"product-type-variable"},"yoast_head":"<!-- This site is optimized with the Yoast SEO plugin v27.3 - https:\/\/yoast.com\/product\/yoast-seo-wordpress\/ -->\n<title>Bambusov\u00fd uter\u00e1k | AZTEX<\/title>\n<meta name=\"description\" content=\"Bambusov\u00e9 uter\u00e1ky s\u00fa m\u00e4kk\u00e9 a ide\u00e1lne na ka\u017edodenn\u00e9 pou\u017eitie. Ich r\u00fdchloschn\u00face vlastnosti z nich robia praktick\u00fa vo\u013ebu. | AZTEX bytov\u00fd textil\" \/>\n<meta name=\"robots\" content=\"index, follow, max-snippet:-1, max-image-preview:large, max-video-preview:-1\" \/>\n<link rel=\"canonical\" href=\"https:\/\/aztex.ee\/sk\/pood\/uteraky-a-osusky\/prirodny-bambusovy-uterak\/\" \/>\n<meta property=\"og:locale\" content=\"sk_SK\" \/>\n<meta property=\"og:type\" content=\"article\" \/>\n<meta property=\"og:title\" content=\"Bambusov\u00fd uter\u00e1k | AZTEX\" \/>\n<meta property=\"og:description\" content=\"Bambusov\u00e9 uter\u00e1ky s\u00fa m\u00e4kk\u00e9 a ide\u00e1lne na ka\u017edodenn\u00e9 pou\u017eitie. Ich r\u00fdchloschn\u00face vlastnosti z nich robia praktick\u00fa vo\u013ebu. | AZTEX bytov\u00fd textil\" \/>\n<meta property=\"og:url\" content=\"https:\/\/aztex.ee\/sk\/pood\/uteraky-a-osusky\/prirodny-bambusovy-uterak\/\" \/>\n<meta property=\"og:site_name\" content=\"AZTEX\" \/>\n<meta property=\"article:publisher\" content=\"https:\/\/www.facebook.com\/AztexEE\" \/>\n<meta property=\"article:modified_time\" content=\"2026-03-28T22:10:23+00:00\" \/>\n<meta property=\"og:image\" content=\"https:\/\/aztex.ee\/wp-content\/uploads\/2024\/12\/Bambusest-ratik.jpg\" \/>\n\t<meta property=\"og:image:width\" content=\"800\" \/>\n\t<meta property=\"og:image:height\" content=\"800\" \/>\n\t<meta property=\"og:image:type\" content=\"image\/jpeg\" \/>\n<meta name=\"twitter:card\" content=\"summary_large_image\" \/>\n<meta name=\"twitter:label1\" content=\"Predpokladan\u00fd \u010das \u010d\u00edtania\" \/>\n\t<meta name=\"twitter:data1\" content=\"2 min\u00faty\" \/>\n<script type=\"application\/ld+json\" class=\"yoast-schema-graph\">{\"@context\":\"https:\\\/\\\/schema.org\",\"@graph\":[{\"@type\":[\"WebPage\",\"ItemPage\"],\"@id\":\"https:\\\/\\\/aztex.ee\\\/sk\\\/pood\\\/uteraky-a-osusky\\\/prirodny-bambusovy-uterak\\\/\",\"url\":\"https:\\\/\\\/aztex.ee\\\/sk\\\/pood\\\/uteraky-a-osusky\\\/prirodny-bambusovy-uterak\\\/\",\"name\":\"Bambusov\u00fd uter\u00e1k | AZTEX\",\"isPartOf\":{\"@id\":\"https:\\\/\\\/aztex.ee\\\/sk\\\/#website\"},\"primaryImageOfPage\":{\"@id\":\"https:\\\/\\\/aztex.ee\\\/sk\\\/pood\\\/uteraky-a-osusky\\\/prirodny-bambusovy-uterak\\\/#primaryimage\"},\"image\":{\"@id\":\"https:\\\/\\\/aztex.ee\\\/sk\\\/pood\\\/uteraky-a-osusky\\\/prirodny-bambusovy-uterak\\\/#primaryimage\"},\"thumbnailUrl\":\"https:\\\/\\\/aztex.ee\\\/wp-content\\\/uploads\\\/2024\\\/12\\\/Bambusest-ratik.jpg\",\"datePublished\":\"2024-12-29T01:34:10+00:00\",\"dateModified\":\"2026-03-28T22:10:23+00:00\",\"description\":\"Bambusov\u00e9 uter\u00e1ky s\u00fa m\u00e4kk\u00e9 a ide\u00e1lne na ka\u017edodenn\u00e9 pou\u017eitie. Ich r\u00fdchloschn\u00face vlastnosti z nich robia praktick\u00fa vo\u013ebu. | AZTEX bytov\u00fd textil\",\"breadcrumb\":{\"@id\":\"https:\\\/\\\/aztex.ee\\\/sk\\\/pood\\\/uteraky-a-osusky\\\/prirodny-bambusovy-uterak\\\/#breadcrumb\"},\"inLanguage\":\"sk-SK\",\"potentialAction\":[{\"@type\":\"ReadAction\",\"target\":[\"https:\\\/\\\/aztex.ee\\\/sk\\\/pood\\\/uteraky-a-osusky\\\/prirodny-bambusovy-uterak\\\/\"]}]},{\"@type\":\"ImageObject\",\"inLanguage\":\"sk-SK\",\"@id\":\"https:\\\/\\\/aztex.ee\\\/sk\\\/pood\\\/uteraky-a-osusky\\\/prirodny-bambusovy-uterak\\\/#primaryimage\",\"url\":\"https:\\\/\\\/aztex.ee\\\/wp-content\\\/uploads\\\/2024\\\/12\\\/Bambusest-ratik.jpg\",\"contentUrl\":\"https:\\\/\\\/aztex.ee\\\/wp-content\\\/uploads\\\/2024\\\/12\\\/Bambusest-ratik.jpg\",\"width\":800,\"height\":800,\"caption\":\"Bambusest r\u00e4tik\"},{\"@type\":\"BreadcrumbList\",\"@id\":\"https:\\\/\\\/aztex.ee\\\/sk\\\/pood\\\/uteraky-a-osusky\\\/prirodny-bambusovy-uterak\\\/#breadcrumb\",\"itemListElement\":[{\"@type\":\"ListItem\",\"position\":1,\"name\":\"Domov\",\"item\":\"https:\\\/\\\/aztex.ee\\\/sk\\\/\"},{\"@type\":\"ListItem\",\"position\":2,\"name\":\"Obchod\",\"item\":\"https:\\\/\\\/aztex.ee\\\/sk\\\/obchod\\\/\"},{\"@type\":\"ListItem\",\"position\":3,\"name\":\"Bambusov\u00fd uter\u00e1k\"}]},{\"@type\":\"WebSite\",\"@id\":\"https:\\\/\\\/aztex.ee\\\/sk\\\/#website\",\"url\":\"https:\\\/\\\/aztex.ee\\\/sk\\\/\",\"name\":\"AZTEX\",\"description\":\"\",\"publisher\":{\"@id\":\"https:\\\/\\\/aztex.ee\\\/sk\\\/#organization\"},\"potentialAction\":[{\"@type\":\"SearchAction\",\"target\":{\"@type\":\"EntryPoint\",\"urlTemplate\":\"https:\\\/\\\/aztex.ee\\\/sk\\\/?s={search_term_string}\"},\"query-input\":{\"@type\":\"PropertyValueSpecification\",\"valueRequired\":true,\"valueName\":\"search_term_string\"}}],\"inLanguage\":\"sk-SK\"},{\"@type\":\"Organization\",\"@id\":\"https:\\\/\\\/aztex.ee\\\/sk\\\/#organization\",\"name\":\"AZTEX\",\"url\":\"https:\\\/\\\/aztex.ee\\\/sk\\\/\",\"logo\":{\"@type\":\"ImageObject\",\"inLanguage\":\"sk-SK\",\"@id\":\"https:\\\/\\\/aztex.ee\\\/sk\\\/#\\\/schema\\\/logo\\\/image\\\/\",\"url\":\"https:\\\/\\\/aztex.ee\\\/wp-content\\\/uploads\\\/2026\\\/01\\\/AZTEX.png\",\"contentUrl\":\"https:\\\/\\\/aztex.ee\\\/wp-content\\\/uploads\\\/2026\\\/01\\\/AZTEX.png\",\"width\":500,\"height\":500,\"caption\":\"AZTEX\"},\"image\":{\"@id\":\"https:\\\/\\\/aztex.ee\\\/sk\\\/#\\\/schema\\\/logo\\\/image\\\/\"},\"sameAs\":[\"https:\\\/\\\/www.facebook.com\\\/AztexEE\",\"https:\\\/\\\/www.instagram.com\\\/aztexeesti\\\/\",\"https:\\\/\\\/www.youtube.com\\\/@AZTEXEE\",\"https:\\\/\\\/www.pinterest.com\\\/aztex_eesti\\\/\",\"https:\\\/\\\/www.tiktok.com\\\/@aztexeesti\",\"https:\\\/\\\/www.trustpilot.com\\\/review\\\/aztex.ee\",\"https:\\\/\\\/www.linkedin.com\\\/company\\\/aztex-ee\\\/\",\"https:\\\/\\\/www.wikidata.org\\\/wiki\\\/Q137560182\"]}]}<\/script>\n<!-- \/ Yoast SEO plugin. -->","yoast_head_json":{"title":"Bambusov\u00fd uter\u00e1k | AZTEX","description":"Bambusov\u00e9 uter\u00e1ky s\u00fa m\u00e4kk\u00e9 a ide\u00e1lne na ka\u017edodenn\u00e9 pou\u017eitie. Ich r\u00fdchloschn\u00face vlastnosti z nich robia praktick\u00fa vo\u013ebu. | AZTEX bytov\u00fd textil","robots":{"index":"index","follow":"follow","max-snippet":"max-snippet:-1","max-image-preview":"max-image-preview:large","max-video-preview":"max-video-preview:-1"},"canonical":"https:\/\/aztex.ee\/sk\/pood\/uteraky-a-osusky\/prirodny-bambusovy-uterak\/","og_locale":"sk_SK","og_type":"article","og_title":"Bambusov\u00fd uter\u00e1k | AZTEX","og_description":"Bambusov\u00e9 uter\u00e1ky s\u00fa m\u00e4kk\u00e9 a ide\u00e1lne na ka\u017edodenn\u00e9 pou\u017eitie. Ich r\u00fdchloschn\u00face vlastnosti z nich robia praktick\u00fa vo\u013ebu. | AZTEX bytov\u00fd textil","og_url":"https:\/\/aztex.ee\/sk\/pood\/uteraky-a-osusky\/prirodny-bambusovy-uterak\/","og_site_name":"AZTEX","article_publisher":"https:\/\/www.facebook.com\/AztexEE","article_modified_time":"2026-03-28T22:10:23+00:00","og_image":[{"width":800,"height":800,"url":"https:\/\/aztex.ee\/wp-content\/uploads\/2024\/12\/Bambusest-ratik.jpg","type":"image\/jpeg"}],"twitter_card":"summary_large_image","twitter_misc":{"Predpokladan\u00fd \u010das \u010d\u00edtania":"2 min\u00faty"},"schema":{"@context":"https:\/\/schema.org","@graph":[{"@type":["WebPage","ItemPage"],"@id":"https:\/\/aztex.ee\/sk\/pood\/uteraky-a-osusky\/prirodny-bambusovy-uterak\/","url":"https:\/\/aztex.ee\/sk\/pood\/uteraky-a-osusky\/prirodny-bambusovy-uterak\/","name":"Bambusov\u00fd uter\u00e1k | AZTEX","isPartOf":{"@id":"https:\/\/aztex.ee\/sk\/#website"},"primaryImageOfPage":{"@id":"https:\/\/aztex.ee\/sk\/pood\/uteraky-a-osusky\/prirodny-bambusovy-uterak\/#primaryimage"},"image":{"@id":"https:\/\/aztex.ee\/sk\/pood\/uteraky-a-osusky\/prirodny-bambusovy-uterak\/#primaryimage"},"thumbnailUrl":"https:\/\/aztex.ee\/wp-content\/uploads\/2024\/12\/Bambusest-ratik.jpg","datePublished":"2024-12-29T01:34:10+00:00","dateModified":"2026-03-28T22:10:23+00:00","description":"Bambusov\u00e9 uter\u00e1ky s\u00fa m\u00e4kk\u00e9 a ide\u00e1lne na ka\u017edodenn\u00e9 pou\u017eitie. Ich r\u00fdchloschn\u00face vlastnosti z nich robia praktick\u00fa vo\u013ebu. | AZTEX bytov\u00fd textil","breadcrumb":{"@id":"https:\/\/aztex.ee\/sk\/pood\/uteraky-a-osusky\/prirodny-bambusovy-uterak\/#breadcrumb"},"inLanguage":"sk-SK","potentialAction":[{"@type":"ReadAction","target":["https:\/\/aztex.ee\/sk\/pood\/uteraky-a-osusky\/prirodny-bambusovy-uterak\/"]}]},{"@type":"ImageObject","inLanguage":"sk-SK","@id":"https:\/\/aztex.ee\/sk\/pood\/uteraky-a-osusky\/prirodny-bambusovy-uterak\/#primaryimage","url":"https:\/\/aztex.ee\/wp-content\/uploads\/2024\/12\/Bambusest-ratik.jpg","contentUrl":"https:\/\/aztex.ee\/wp-content\/uploads\/2024\/12\/Bambusest-ratik.jpg","width":800,"height":800,"caption":"Bambusest r\u00e4tik"},{"@type":"BreadcrumbList","@id":"https:\/\/aztex.ee\/sk\/pood\/uteraky-a-osusky\/prirodny-bambusovy-uterak\/#breadcrumb","itemListElement":[{"@type":"ListItem","position":1,"name":"Domov","item":"https:\/\/aztex.ee\/sk\/"},{"@type":"ListItem","position":2,"name":"Obchod","item":"https:\/\/aztex.ee\/sk\/obchod\/"},{"@type":"ListItem","position":3,"name":"Bambusov\u00fd uter\u00e1k"}]},{"@type":"WebSite","@id":"https:\/\/aztex.ee\/sk\/#website","url":"https:\/\/aztex.ee\/sk\/","name":"AZTEX","description":"","publisher":{"@id":"https:\/\/aztex.ee\/sk\/#organization"},"potentialAction":[{"@type":"SearchAction","target":{"@type":"EntryPoint","urlTemplate":"https:\/\/aztex.ee\/sk\/?s={search_term_string}"},"query-input":{"@type":"PropertyValueSpecification","valueRequired":true,"valueName":"search_term_string"}}],"inLanguage":"sk-SK"},{"@type":"Organization","@id":"https:\/\/aztex.ee\/sk\/#organization","name":"AZTEX","url":"https:\/\/aztex.ee\/sk\/","logo":{"@type":"ImageObject","inLanguage":"sk-SK","@id":"https:\/\/aztex.ee\/sk\/#\/schema\/logo\/image\/","url":"https:\/\/aztex.ee\/wp-content\/uploads\/2026\/01\/AZTEX.png","contentUrl":"https:\/\/aztex.ee\/wp-content\/uploads\/2026\/01\/AZTEX.png","width":500,"height":500,"caption":"AZTEX"},"image":{"@id":"https:\/\/aztex.ee\/sk\/#\/schema\/logo\/image\/"},"sameAs":["https:\/\/www.facebook.com\/AztexEE","https:\/\/www.instagram.com\/aztexeesti\/","https:\/\/www.youtube.com\/@AZTEXEE","https:\/\/www.pinterest.com\/aztex_eesti\/","https:\/\/www.tiktok.com\/@aztexeesti","https:\/\/www.trustpilot.com\/review\/aztex.ee","https:\/\/www.linkedin.com\/company\/aztex-ee\/","https:\/\/www.wikidata.org\/wiki\/Q137560182"]}]}},"_links":{"self":[{"href":"https:\/\/aztex.ee\/sk\/wp-json\/wp\/v2\/product\/40854","targetHints":{"allow":["GET"]}}],"collection":[{"href":"https:\/\/aztex.ee\/sk\/wp-json\/wp\/v2\/product"}],"about":[{"href":"https:\/\/aztex.ee\/sk\/wp-json\/wp\/v2\/types\/product"}],"replies":[{"embeddable":true,"href":"https:\/\/aztex.ee\/sk\/wp-json\/wp\/v2\/comments?post=40854"}],"version-history":[{"count":0,"href":"https:\/\/aztex.ee\/sk\/wp-json\/wp\/v2\/product\/40854\/revisions"}],"wp:featuredmedia":[{"embeddable":true,"href":"https:\/\/aztex.ee\/sk\/wp-json\/wp\/v2\/media\/40908"}],"wp:attachment":[{"href":"https:\/\/aztex.ee\/sk\/wp-json\/wp\/v2\/media?parent=40854"}],"wp:term":[{"taxonomy":"product_brand","embeddable":true,"href":"https:\/\/aztex.ee\/sk\/wp-json\/wp\/v2\/product_brand?post=40854"},{"taxonomy":"product_cat","embeddable":true,"href":"https:\/\/aztex.ee\/sk\/wp-json\/wp\/v2\/product_cat?post=40854"},{"taxonomy":"product_tag","embeddable":true,"href":"https:\/\/aztex.ee\/sk\/wp-json\/wp\/v2\/product_tag?post=40854"}],"curies":[{"name":"wp","href":"https:\/\/api.w.org\/{rel}","templated":true}]}}