{"id":39837,"date":"2024-12-21T22:40:25","date_gmt":"2024-12-21T22:40:25","guid":{"rendered":"https:\/\/aztex.ee\/pood\/nezaraden\u00e9\/bambusovy-uterak\/"},"modified":"2026-04-08T10:48:38","modified_gmt":"2026-04-08T10:48:38","slug":"bambusovy-uterak","status":"publish","type":"product","link":"https:\/\/aztex.ee\/sk\/pood\/uteraky-a-osusky\/bambusovy-uterak\/","title":{"rendered":"Bambusov\u00fd uter\u00e1k"},"content":{"rendered":"<p>Prirodzen\u00e1 jemnos\u0165 a elegancia bambusu s na\u0161ou vysokokvalitnou bambusovou osu\u0161kou!<\/p>\n<p>Bambusov\u00fd uter\u00e1k je vyroben\u00fd zo 100% bambusov\u00e9ho vl\u00e1kna, ktor\u00e9 pon\u00faka v\u00fdnimo\u010dn\u00fa m\u00e4kkos\u0165 a odolnos\u0165. V\u00fdborn\u00e1 savos\u0165 bambusov\u00fdch vl\u00e1kien zais\u0165uje, \u017ee uter\u00e1k r\u00fdchlo schne a je v\u017edy pripraven\u00fd na \u010fal\u0161ie pou\u017eitie. Prirodzen\u00e9 antibakteri\u00e1lne a hypoalerg\u00e9nne vlastnosti bambusu ho robia ide\u00e1lnym pre citliv\u00fa poko\u017eku, pom\u00e1ha udr\u017eiava\u0165 poko\u017eku zdrav\u00fa a svie\u017eu. Je tou najlep\u0161ou vo\u013ebou ako pre ka\u017edodenn\u00e9 pou\u017eitie, tak aj pre \u013eud\u00ed s probl\u00e9mami s citlivou poko\u017ekou, ktor\u00ed h\u013eadaj\u00fa jemn\u00e9 a starostliv\u00e9 rie\u0161enie.<\/p>\n<p>Praktickos\u0165 uter\u00e1ka sa neobmedzuje len na jednoduchos\u0165 pou\u017eitia. V\u010faka odolnosti bambusov\u00fdch vl\u00e1kien sa \u013eahko udr\u017eiava a m\u00e1 dlh\u00fa \u017eivotnos\u0165. Urobi\u0165 si ekologicky uvedomel\u00fa vo\u013ebu nebolo nikdy jednoduch\u0161ie \u2013 bambus je trvalo udr\u017eate\u013en\u00fd a r\u00fdchlo obnovite\u013en\u00fd materi\u00e1l, \u010do z neho rob\u00ed ekologicky zodpovedn\u00fa a z\u00e1rove\u0148 elegantn\u00fa vo\u013ebu. Pri pestovan\u00ed bambusu sa nepou\u017e\u00edvaj\u00fa \u017eiadne pestic\u00eddy ani herbic\u00eddy, v\u010faka \u010domu je tento materi\u00e1l bezpe\u010dn\u00fd pre \u017eivotn\u00e9 prostredie aj pre \u013eud\u00ed.<\/p>\n<p>Doprajte svojmu ka\u017edodenn\u00e9mu \u017eivotu luxusn\u00fd komfort, ktor\u00fd z\u00e1rove\u0148 zv\u00fdrazn\u00ed interi\u00e9r va\u0161ej k\u00fape\u013ene. Bambusov\u00e1 osu\u0161ka je estetick\u00fdm a funk\u010dn\u00fdm doplnkom ka\u017edej dom\u00e1cnosti a pon\u00faka kombin\u00e1ciu prirodzenej kvality a praktick\u00e9ho pohodlia. Jeho elegantn\u00fd dizajn a jemn\u00fd dotyk prin\u00e1\u0161aj\u00fa harm\u00f3niu a starostlivos\u0165 do ka\u017ed\u00e9ho d\u0148a.<\/p>\n<p>Postarajte sa o seba a pr\u00edrodu s t\u00fdmto m\u00e4kk\u00fdm, odoln\u00fdm a ekologick\u00fdm bambusov\u00fdm uter\u00e1kom!<\/p>\n","protected":false},"excerpt":{"rendered":"<ul>\n<li>Materi\u00e1l: 100% bambus<\/li>\n<li>Ve\u013ekos\u0165: 35\u00d775 cm \u00b13<\/li>\n<li>Gram\u00e1\u017e: 420g\/m2<\/li>\n<\/ul>\n","protected":false},"featured_media":39094,"comment_status":"open","ping_status":"closed","template":"","meta":[],"product_brand":[],"product_cat":[1630,995,1740,784,673],"product_tag":[],"class_list":{"0":"post-39837","1":"product","2":"type-product","3":"status-publish","4":"has-post-thumbnail","6":"product_cat-bambusove-uteraky","7":"product_cat-bambusove-uteraky-a-osusky","8":"product_cat-uteraky","9":"product_cat-uteraky-35x75-cm","10":"product_cat-uteraky-a-osusky","12":"first","13":"instock","14":"shipping-taxable","15":"purchasable","16":"product-type-variable"},"yoast_head":"<!-- This site is optimized with the Yoast SEO plugin v27.3 - https:\/\/yoast.com\/product\/yoast-seo-wordpress\/ -->\n<title>Bambusov\u00fd uter\u00e1k | AZTEX<\/title>\n<meta name=\"description\" content=\"Bambusov\u00fd uter\u00e1k pon\u00faka dokonal\u00fa kombin\u00e1ciu prirodzenej kvality a praktickosti. Tento uter\u00e1k je vyroben\u00fd v\u00fdhradne z bambusov\u00e9ho vl\u00e1kna.\" \/>\n<meta name=\"robots\" content=\"index, follow, max-snippet:-1, max-image-preview:large, max-video-preview:-1\" \/>\n<link rel=\"canonical\" href=\"https:\/\/aztex.ee\/sk\/pood\/uteraky-a-osusky\/bambusovy-uterak\/\" \/>\n<meta property=\"og:locale\" content=\"sk_SK\" \/>\n<meta property=\"og:type\" content=\"article\" \/>\n<meta property=\"og:title\" content=\"Bambusov\u00fd uter\u00e1k | AZTEX\" \/>\n<meta property=\"og:description\" content=\"Bambusov\u00fd uter\u00e1k pon\u00faka dokonal\u00fa kombin\u00e1ciu prirodzenej kvality a praktickosti. Tento uter\u00e1k je vyroben\u00fd v\u00fdhradne z bambusov\u00e9ho vl\u00e1kna.\" \/>\n<meta property=\"og:url\" content=\"https:\/\/aztex.ee\/sk\/pood\/uteraky-a-osusky\/bambusovy-uterak\/\" \/>\n<meta property=\"og:site_name\" content=\"AZTEX\" \/>\n<meta property=\"article:publisher\" content=\"https:\/\/www.facebook.com\/AztexEE\" \/>\n<meta property=\"article:modified_time\" content=\"2026-04-08T10:48:38+00:00\" \/>\n<meta property=\"og:image\" content=\"https:\/\/aztex.ee\/wp-content\/uploads\/2024\/12\/Bambusest-ratikud-1-1.jpg\" \/>\n\t<meta property=\"og:image:width\" content=\"800\" \/>\n\t<meta property=\"og:image:height\" content=\"800\" \/>\n\t<meta property=\"og:image:type\" content=\"image\/jpeg\" \/>\n<meta name=\"twitter:card\" content=\"summary_large_image\" \/>\n<meta name=\"twitter:label1\" content=\"Predpokladan\u00fd \u010das \u010d\u00edtania\" \/>\n\t<meta name=\"twitter:data1\" content=\"2 min\u00faty\" \/>\n<script type=\"application\/ld+json\" class=\"yoast-schema-graph\">{\"@context\":\"https:\\\/\\\/schema.org\",\"@graph\":[{\"@type\":[\"WebPage\",\"ItemPage\"],\"@id\":\"https:\\\/\\\/aztex.ee\\\/sk\\\/pood\\\/uteraky-a-osusky\\\/bambusovy-uterak\\\/\",\"url\":\"https:\\\/\\\/aztex.ee\\\/sk\\\/pood\\\/uteraky-a-osusky\\\/bambusovy-uterak\\\/\",\"name\":\"Bambusov\u00fd uter\u00e1k | AZTEX\",\"isPartOf\":{\"@id\":\"https:\\\/\\\/aztex.ee\\\/sk\\\/#website\"},\"primaryImageOfPage\":{\"@id\":\"https:\\\/\\\/aztex.ee\\\/sk\\\/pood\\\/uteraky-a-osusky\\\/bambusovy-uterak\\\/#primaryimage\"},\"image\":{\"@id\":\"https:\\\/\\\/aztex.ee\\\/sk\\\/pood\\\/uteraky-a-osusky\\\/bambusovy-uterak\\\/#primaryimage\"},\"thumbnailUrl\":\"https:\\\/\\\/aztex.ee\\\/wp-content\\\/uploads\\\/2024\\\/12\\\/Bambusest-ratikud-1-1.jpg\",\"datePublished\":\"2024-12-21T22:40:25+00:00\",\"dateModified\":\"2026-04-08T10:48:38+00:00\",\"description\":\"Bambusov\u00fd uter\u00e1k pon\u00faka dokonal\u00fa kombin\u00e1ciu prirodzenej kvality a praktickosti. Tento uter\u00e1k je vyroben\u00fd v\u00fdhradne z bambusov\u00e9ho vl\u00e1kna.\",\"breadcrumb\":{\"@id\":\"https:\\\/\\\/aztex.ee\\\/sk\\\/pood\\\/uteraky-a-osusky\\\/bambusovy-uterak\\\/#breadcrumb\"},\"inLanguage\":\"sk-SK\",\"potentialAction\":[{\"@type\":\"ReadAction\",\"target\":[\"https:\\\/\\\/aztex.ee\\\/sk\\\/pood\\\/uteraky-a-osusky\\\/bambusovy-uterak\\\/\"]}]},{\"@type\":\"ImageObject\",\"inLanguage\":\"sk-SK\",\"@id\":\"https:\\\/\\\/aztex.ee\\\/sk\\\/pood\\\/uteraky-a-osusky\\\/bambusovy-uterak\\\/#primaryimage\",\"url\":\"https:\\\/\\\/aztex.ee\\\/wp-content\\\/uploads\\\/2024\\\/12\\\/Bambusest-ratikud-1-1.jpg\",\"contentUrl\":\"https:\\\/\\\/aztex.ee\\\/wp-content\\\/uploads\\\/2024\\\/12\\\/Bambusest-ratikud-1-1.jpg\",\"width\":800,\"height\":800,\"caption\":\"Bambusov\u00fd uter\u00e1k\"},{\"@type\":\"BreadcrumbList\",\"@id\":\"https:\\\/\\\/aztex.ee\\\/sk\\\/pood\\\/uteraky-a-osusky\\\/bambusovy-uterak\\\/#breadcrumb\",\"itemListElement\":[{\"@type\":\"ListItem\",\"position\":1,\"name\":\"Domov\",\"item\":\"https:\\\/\\\/aztex.ee\\\/sk\\\/\"},{\"@type\":\"ListItem\",\"position\":2,\"name\":\"Obchod\",\"item\":\"https:\\\/\\\/aztex.ee\\\/sk\\\/obchod\\\/\"},{\"@type\":\"ListItem\",\"position\":3,\"name\":\"Bambusov\u00fd uter\u00e1k\"}]},{\"@type\":\"WebSite\",\"@id\":\"https:\\\/\\\/aztex.ee\\\/sk\\\/#website\",\"url\":\"https:\\\/\\\/aztex.ee\\\/sk\\\/\",\"name\":\"AZTEX\",\"description\":\"\",\"publisher\":{\"@id\":\"https:\\\/\\\/aztex.ee\\\/sk\\\/#organization\"},\"potentialAction\":[{\"@type\":\"SearchAction\",\"target\":{\"@type\":\"EntryPoint\",\"urlTemplate\":\"https:\\\/\\\/aztex.ee\\\/sk\\\/?s={search_term_string}\"},\"query-input\":{\"@type\":\"PropertyValueSpecification\",\"valueRequired\":true,\"valueName\":\"search_term_string\"}}],\"inLanguage\":\"sk-SK\"},{\"@type\":\"Organization\",\"@id\":\"https:\\\/\\\/aztex.ee\\\/sk\\\/#organization\",\"name\":\"AZTEX\",\"url\":\"https:\\\/\\\/aztex.ee\\\/sk\\\/\",\"logo\":{\"@type\":\"ImageObject\",\"inLanguage\":\"sk-SK\",\"@id\":\"https:\\\/\\\/aztex.ee\\\/sk\\\/#\\\/schema\\\/logo\\\/image\\\/\",\"url\":\"https:\\\/\\\/aztex.ee\\\/wp-content\\\/uploads\\\/2026\\\/01\\\/AZTEX.png\",\"contentUrl\":\"https:\\\/\\\/aztex.ee\\\/wp-content\\\/uploads\\\/2026\\\/01\\\/AZTEX.png\",\"width\":500,\"height\":500,\"caption\":\"AZTEX\"},\"image\":{\"@id\":\"https:\\\/\\\/aztex.ee\\\/sk\\\/#\\\/schema\\\/logo\\\/image\\\/\"},\"sameAs\":[\"https:\\\/\\\/www.facebook.com\\\/AztexEE\",\"https:\\\/\\\/www.instagram.com\\\/aztexeesti\\\/\",\"https:\\\/\\\/www.youtube.com\\\/@AZTEXEE\",\"https:\\\/\\\/www.pinterest.com\\\/aztex_eesti\\\/\",\"https:\\\/\\\/www.tiktok.com\\\/@aztexeesti\",\"https:\\\/\\\/www.trustpilot.com\\\/review\\\/aztex.ee\",\"https:\\\/\\\/www.linkedin.com\\\/company\\\/aztex-ee\\\/\",\"https:\\\/\\\/www.wikidata.org\\\/wiki\\\/Q137560182\"]}]}<\/script>\n<!-- \/ Yoast SEO plugin. -->","yoast_head_json":{"title":"Bambusov\u00fd uter\u00e1k | AZTEX","description":"Bambusov\u00fd uter\u00e1k pon\u00faka dokonal\u00fa kombin\u00e1ciu prirodzenej kvality a praktickosti. Tento uter\u00e1k je vyroben\u00fd v\u00fdhradne z bambusov\u00e9ho vl\u00e1kna.","robots":{"index":"index","follow":"follow","max-snippet":"max-snippet:-1","max-image-preview":"max-image-preview:large","max-video-preview":"max-video-preview:-1"},"canonical":"https:\/\/aztex.ee\/sk\/pood\/uteraky-a-osusky\/bambusovy-uterak\/","og_locale":"sk_SK","og_type":"article","og_title":"Bambusov\u00fd uter\u00e1k | AZTEX","og_description":"Bambusov\u00fd uter\u00e1k pon\u00faka dokonal\u00fa kombin\u00e1ciu prirodzenej kvality a praktickosti. Tento uter\u00e1k je vyroben\u00fd v\u00fdhradne z bambusov\u00e9ho vl\u00e1kna.","og_url":"https:\/\/aztex.ee\/sk\/pood\/uteraky-a-osusky\/bambusovy-uterak\/","og_site_name":"AZTEX","article_publisher":"https:\/\/www.facebook.com\/AztexEE","article_modified_time":"2026-04-08T10:48:38+00:00","og_image":[{"width":800,"height":800,"url":"https:\/\/aztex.ee\/wp-content\/uploads\/2024\/12\/Bambusest-ratikud-1-1.jpg","type":"image\/jpeg"}],"twitter_card":"summary_large_image","twitter_misc":{"Predpokladan\u00fd \u010das \u010d\u00edtania":"2 min\u00faty"},"schema":{"@context":"https:\/\/schema.org","@graph":[{"@type":["WebPage","ItemPage"],"@id":"https:\/\/aztex.ee\/sk\/pood\/uteraky-a-osusky\/bambusovy-uterak\/","url":"https:\/\/aztex.ee\/sk\/pood\/uteraky-a-osusky\/bambusovy-uterak\/","name":"Bambusov\u00fd uter\u00e1k | AZTEX","isPartOf":{"@id":"https:\/\/aztex.ee\/sk\/#website"},"primaryImageOfPage":{"@id":"https:\/\/aztex.ee\/sk\/pood\/uteraky-a-osusky\/bambusovy-uterak\/#primaryimage"},"image":{"@id":"https:\/\/aztex.ee\/sk\/pood\/uteraky-a-osusky\/bambusovy-uterak\/#primaryimage"},"thumbnailUrl":"https:\/\/aztex.ee\/wp-content\/uploads\/2024\/12\/Bambusest-ratikud-1-1.jpg","datePublished":"2024-12-21T22:40:25+00:00","dateModified":"2026-04-08T10:48:38+00:00","description":"Bambusov\u00fd uter\u00e1k pon\u00faka dokonal\u00fa kombin\u00e1ciu prirodzenej kvality a praktickosti. Tento uter\u00e1k je vyroben\u00fd v\u00fdhradne z bambusov\u00e9ho vl\u00e1kna.","breadcrumb":{"@id":"https:\/\/aztex.ee\/sk\/pood\/uteraky-a-osusky\/bambusovy-uterak\/#breadcrumb"},"inLanguage":"sk-SK","potentialAction":[{"@type":"ReadAction","target":["https:\/\/aztex.ee\/sk\/pood\/uteraky-a-osusky\/bambusovy-uterak\/"]}]},{"@type":"ImageObject","inLanguage":"sk-SK","@id":"https:\/\/aztex.ee\/sk\/pood\/uteraky-a-osusky\/bambusovy-uterak\/#primaryimage","url":"https:\/\/aztex.ee\/wp-content\/uploads\/2024\/12\/Bambusest-ratikud-1-1.jpg","contentUrl":"https:\/\/aztex.ee\/wp-content\/uploads\/2024\/12\/Bambusest-ratikud-1-1.jpg","width":800,"height":800,"caption":"Bambusov\u00fd uter\u00e1k"},{"@type":"BreadcrumbList","@id":"https:\/\/aztex.ee\/sk\/pood\/uteraky-a-osusky\/bambusovy-uterak\/#breadcrumb","itemListElement":[{"@type":"ListItem","position":1,"name":"Domov","item":"https:\/\/aztex.ee\/sk\/"},{"@type":"ListItem","position":2,"name":"Obchod","item":"https:\/\/aztex.ee\/sk\/obchod\/"},{"@type":"ListItem","position":3,"name":"Bambusov\u00fd uter\u00e1k"}]},{"@type":"WebSite","@id":"https:\/\/aztex.ee\/sk\/#website","url":"https:\/\/aztex.ee\/sk\/","name":"AZTEX","description":"","publisher":{"@id":"https:\/\/aztex.ee\/sk\/#organization"},"potentialAction":[{"@type":"SearchAction","target":{"@type":"EntryPoint","urlTemplate":"https:\/\/aztex.ee\/sk\/?s={search_term_string}"},"query-input":{"@type":"PropertyValueSpecification","valueRequired":true,"valueName":"search_term_string"}}],"inLanguage":"sk-SK"},{"@type":"Organization","@id":"https:\/\/aztex.ee\/sk\/#organization","name":"AZTEX","url":"https:\/\/aztex.ee\/sk\/","logo":{"@type":"ImageObject","inLanguage":"sk-SK","@id":"https:\/\/aztex.ee\/sk\/#\/schema\/logo\/image\/","url":"https:\/\/aztex.ee\/wp-content\/uploads\/2026\/01\/AZTEX.png","contentUrl":"https:\/\/aztex.ee\/wp-content\/uploads\/2026\/01\/AZTEX.png","width":500,"height":500,"caption":"AZTEX"},"image":{"@id":"https:\/\/aztex.ee\/sk\/#\/schema\/logo\/image\/"},"sameAs":["https:\/\/www.facebook.com\/AztexEE","https:\/\/www.instagram.com\/aztexeesti\/","https:\/\/www.youtube.com\/@AZTEXEE","https:\/\/www.pinterest.com\/aztex_eesti\/","https:\/\/www.tiktok.com\/@aztexeesti","https:\/\/www.trustpilot.com\/review\/aztex.ee","https:\/\/www.linkedin.com\/company\/aztex-ee\/","https:\/\/www.wikidata.org\/wiki\/Q137560182"]}]}},"_links":{"self":[{"href":"https:\/\/aztex.ee\/sk\/wp-json\/wp\/v2\/product\/39837","targetHints":{"allow":["GET"]}}],"collection":[{"href":"https:\/\/aztex.ee\/sk\/wp-json\/wp\/v2\/product"}],"about":[{"href":"https:\/\/aztex.ee\/sk\/wp-json\/wp\/v2\/types\/product"}],"replies":[{"embeddable":true,"href":"https:\/\/aztex.ee\/sk\/wp-json\/wp\/v2\/comments?post=39837"}],"version-history":[{"count":0,"href":"https:\/\/aztex.ee\/sk\/wp-json\/wp\/v2\/product\/39837\/revisions"}],"wp:featuredmedia":[{"embeddable":true,"href":"https:\/\/aztex.ee\/sk\/wp-json\/wp\/v2\/media\/39094"}],"wp:attachment":[{"href":"https:\/\/aztex.ee\/sk\/wp-json\/wp\/v2\/media?parent=39837"}],"wp:term":[{"taxonomy":"product_brand","embeddable":true,"href":"https:\/\/aztex.ee\/sk\/wp-json\/wp\/v2\/product_brand?post=39837"},{"taxonomy":"product_cat","embeddable":true,"href":"https:\/\/aztex.ee\/sk\/wp-json\/wp\/v2\/product_cat?post=39837"},{"taxonomy":"product_tag","embeddable":true,"href":"https:\/\/aztex.ee\/sk\/wp-json\/wp\/v2\/product_tag?post=39837"}],"curies":[{"name":"wp","href":"https:\/\/api.w.org\/{rel}","templated":true}]}}