{"id":34651,"date":"2024-11-11T12:15:44","date_gmt":"2024-11-11T12:15:44","guid":{"rendered":"https:\/\/aztex.ee\/pood\/nezaraden\u00e9\/voodipesukomplekt-green-leaves\/"},"modified":"2026-03-26T17:00:41","modified_gmt":"2026-03-26T17:00:41","slug":"suprava-postelnej-bielizne-green-leaves","status":"publish","type":"product","link":"https:\/\/aztex.ee\/sk\/pood\/bavlnena-postelna-bielizen\/suprava-postelnej-bielizne-green-leaves\/","title":{"rendered":"S\u00faprava poste\u013enej bielizne | Green leaves"},"content":{"rendered":"<p>S\u00faprava oblie\u010dok zo 100% bavlny prin\u00e1\u0161a do va\u0161ej sp\u00e1lne prirodzen\u00fa m\u00e4kkos\u0165 a pohodlie, ktor\u00e9 si naozaj u\u017eijete. T\u00e1to poste\u013en\u00e1 bielize\u0148 je vyroben\u00e1 z priedu\u0161nej pravej bavlny, ktor\u00e1 pom\u00e1ha telu udr\u017eiava\u0165 ide\u00e1lnu teplotu po\u010das noci, poskytuje chlad po\u010das tepl\u00fdch noc\u00ed a teplo po\u010das chladnej\u0161\u00edch noc\u00ed. Je skvelou vo\u013ebou pre t\u00fdch, ktor\u00ed h\u013eadaj\u00fa pr\u00edrodn\u00fd materi\u00e1l, ktor\u00fd je \u0161etrn\u00fd aj k citlivej poko\u017eke.<\/p>\n<p>Nad\u010dasov\u00fd a elegantn\u00fd dizajn poste\u013enej bielizne o\u017eiv\u00ed ka\u017ed\u00fa sp\u00e1l\u0148u, do miestnosti vnesie jemnos\u0165 a pokoj. Vysokokvalitn\u00e1 bavlna zost\u00e1va odoln\u00e1 a pri ka\u017edom pran\u00ed je e\u0161te m\u00e4k\u0161ia a poskytuje luxusn\u00fd pocit, ktor\u00fd trv\u00e1. U\u017eite si skuto\u010dne \u00fatuln\u00fa dovolenku v bl\u00edzkosti pr\u00edrody ka\u017ed\u00fa noc s poste\u013enou bieliz\u0148ou zo 100% bavlny.<\/p>\n","protected":false},"excerpt":{"rendered":"<p>Prirodzene m\u00e4kk\u00e1 a priedu\u0161n\u00e1 poste\u013en\u00e1 s\u00faprava zo 100% bavlny, ktor\u00e1 zais\u0165uje pohodln\u00fd a pokojn\u00fd sp\u00e1nok.<\/p>\n<ul>\n<li>Materi\u00e1l: 100% bavlna<\/li>\n<li>L\u00e1tka: Sat\u00e9n<\/li>\n<li>Po\u010det vl\u00e1kien: 255 TC<\/li>\n<li>Oblie\u010dka na prikr\u00fdvku: 200\u00d7230 cm<\/li>\n<li>Oblie\u010dka na vank\u00fa\u0161: 50\u00d775 cm (2kus)<\/li>\n<li>Poste\u013en\u00e1 plachta: Nie je s\u00fa\u010das\u0165ou<\/li>\n<li>Pohodlie: Priedu\u0161n\u00e1 a m\u00e4kk\u00e1 text\u00fara<\/li>\n<\/ul>\n<p><img loading=\"lazy\" decoding=\"async\" class=\"alignnone size-full wp-image-30404\" src=\"https:\/\/aztex.ee\/wp-content\/uploads\/2024\/11\/100puuvilll.png\" alt=\"\" width=\"275\" height=\"76\" srcset=\"https:\/\/aztex.ee\/wp-content\/uploads\/2024\/11\/100puuvilll.png 275w, https:\/\/aztex.ee\/wp-content\/uploads\/2024\/11\/100puuvilll-150x41.png 150w\" sizes=\"auto, (max-width: 275px) 100vw, 275px\" \/><\/p>\n","protected":false},"featured_media":34652,"comment_status":"open","ping_status":"closed","template":"","meta":[],"product_brand":[],"product_cat":[658,671,682,687,678,681],"product_tag":[],"class_list":{"0":"post-34651","1":"product","2":"type-product","3":"status-publish","4":"has-post-thumbnail","6":"product_cat-bavlnena-postelna-bielizen","7":"product_cat-bavlnene-postelne-supravy-200x230","8":"product_cat-postelne-obliecky","9":"product_cat-postelne-supravy","10":"product_cat-satenove-obliecky","11":"product_cat-satenove-postelne-obliecky","13":"first","14":"instock","15":"shipping-taxable","16":"purchasable","17":"product-type-simple"},"yoast_head":"<!-- This site is optimized with the Yoast SEO plugin v27.3 - https:\/\/yoast.com\/product\/yoast-seo-wordpress\/ -->\n<title>S\u00faprava poste\u013enej bielizne | Green leaves | AZTEX<\/title>\n<meta name=\"description\" content=\"Bavlnen\u00e1 poste\u013en\u00e1 s\u00faprava 200x230 cm, ide\u00e1lna vo\u013eba pre m\u00e4kk\u00fd a pohodln\u00fd sp\u00e1nok. V\u010faka text\u00fare 100% bavlny pon\u00faka kvalitn\u00fd sp\u00e1nok.\" \/>\n<meta name=\"robots\" content=\"index, follow, max-snippet:-1, max-image-preview:large, max-video-preview:-1\" \/>\n<link rel=\"canonical\" href=\"https:\/\/aztex.ee\/sk\/pood\/bavlnena-postelna-bielizen\/suprava-postelnej-bielizne-green-leaves\/\" \/>\n<meta property=\"og:locale\" content=\"sk_SK\" \/>\n<meta property=\"og:type\" content=\"article\" \/>\n<meta property=\"og:title\" content=\"S\u00faprava poste\u013enej bielizne | Green leaves | AZTEX\" \/>\n<meta property=\"og:description\" content=\"Bavlnen\u00e1 poste\u013en\u00e1 s\u00faprava 200x230 cm, ide\u00e1lna vo\u013eba pre m\u00e4kk\u00fd a pohodln\u00fd sp\u00e1nok. V\u010faka text\u00fare 100% bavlny pon\u00faka kvalitn\u00fd sp\u00e1nok.\" \/>\n<meta property=\"og:url\" content=\"https:\/\/aztex.ee\/sk\/pood\/bavlnena-postelna-bielizen\/suprava-postelnej-bielizne-green-leaves\/\" \/>\n<meta property=\"og:site_name\" content=\"AZTEX\" \/>\n<meta property=\"article:publisher\" content=\"https:\/\/www.facebook.com\/AztexEE\" \/>\n<meta property=\"article:modified_time\" content=\"2026-03-26T17:00:41+00:00\" \/>\n<meta property=\"og:image\" content=\"https:\/\/aztex.ee\/wp-content\/uploads\/2024\/11\/Voodipesukomplekt-4-1.jpg\" \/>\n\t<meta property=\"og:image:width\" content=\"800\" \/>\n\t<meta property=\"og:image:height\" content=\"800\" \/>\n\t<meta property=\"og:image:type\" content=\"image\/jpeg\" \/>\n<meta name=\"twitter:card\" content=\"summary_large_image\" \/>\n<meta name=\"twitter:label1\" content=\"Predpokladan\u00fd \u010das \u010d\u00edtania\" \/>\n\t<meta name=\"twitter:data1\" content=\"1 min\u00fata\" \/>\n<script type=\"application\/ld+json\" class=\"yoast-schema-graph\">{\"@context\":\"https:\\\/\\\/schema.org\",\"@graph\":[{\"@type\":[\"WebPage\",\"ItemPage\"],\"@id\":\"https:\\\/\\\/aztex.ee\\\/sk\\\/pood\\\/bavlnena-postelna-bielizen\\\/suprava-postelnej-bielizne-green-leaves\\\/\",\"url\":\"https:\\\/\\\/aztex.ee\\\/sk\\\/pood\\\/bavlnena-postelna-bielizen\\\/suprava-postelnej-bielizne-green-leaves\\\/\",\"name\":\"S\u00faprava poste\u013enej bielizne | Green leaves | AZTEX\",\"isPartOf\":{\"@id\":\"https:\\\/\\\/aztex.ee\\\/sk\\\/#website\"},\"primaryImageOfPage\":{\"@id\":\"https:\\\/\\\/aztex.ee\\\/sk\\\/pood\\\/bavlnena-postelna-bielizen\\\/suprava-postelnej-bielizne-green-leaves\\\/#primaryimage\"},\"image\":{\"@id\":\"https:\\\/\\\/aztex.ee\\\/sk\\\/pood\\\/bavlnena-postelna-bielizen\\\/suprava-postelnej-bielizne-green-leaves\\\/#primaryimage\"},\"thumbnailUrl\":\"https:\\\/\\\/aztex.ee\\\/wp-content\\\/uploads\\\/2024\\\/11\\\/Voodipesukomplekt-4-1.jpg\",\"datePublished\":\"2024-11-11T12:15:44+00:00\",\"dateModified\":\"2026-03-26T17:00:41+00:00\",\"description\":\"Bavlnen\u00e1 poste\u013en\u00e1 s\u00faprava 200x230 cm, ide\u00e1lna vo\u013eba pre m\u00e4kk\u00fd a pohodln\u00fd sp\u00e1nok. V\u010faka text\u00fare 100% bavlny pon\u00faka kvalitn\u00fd sp\u00e1nok.\",\"breadcrumb\":{\"@id\":\"https:\\\/\\\/aztex.ee\\\/sk\\\/pood\\\/bavlnena-postelna-bielizen\\\/suprava-postelnej-bielizne-green-leaves\\\/#breadcrumb\"},\"inLanguage\":\"sk-SK\",\"potentialAction\":[{\"@type\":\"ReadAction\",\"target\":[\"https:\\\/\\\/aztex.ee\\\/sk\\\/pood\\\/bavlnena-postelna-bielizen\\\/suprava-postelnej-bielizne-green-leaves\\\/\"]}]},{\"@type\":\"ImageObject\",\"inLanguage\":\"sk-SK\",\"@id\":\"https:\\\/\\\/aztex.ee\\\/sk\\\/pood\\\/bavlnena-postelna-bielizen\\\/suprava-postelnej-bielizne-green-leaves\\\/#primaryimage\",\"url\":\"https:\\\/\\\/aztex.ee\\\/wp-content\\\/uploads\\\/2024\\\/11\\\/Voodipesukomplekt-4-1.jpg\",\"contentUrl\":\"https:\\\/\\\/aztex.ee\\\/wp-content\\\/uploads\\\/2024\\\/11\\\/Voodipesukomplekt-4-1.jpg\",\"width\":800,\"height\":800},{\"@type\":\"BreadcrumbList\",\"@id\":\"https:\\\/\\\/aztex.ee\\\/sk\\\/pood\\\/bavlnena-postelna-bielizen\\\/suprava-postelnej-bielizne-green-leaves\\\/#breadcrumb\",\"itemListElement\":[{\"@type\":\"ListItem\",\"position\":1,\"name\":\"Domov\",\"item\":\"https:\\\/\\\/aztex.ee\\\/sk\\\/\"},{\"@type\":\"ListItem\",\"position\":2,\"name\":\"Obchod\",\"item\":\"https:\\\/\\\/aztex.ee\\\/sk\\\/obchod\\\/\"},{\"@type\":\"ListItem\",\"position\":3,\"name\":\"S\u00faprava poste\u013enej bielizne | Green leaves\"}]},{\"@type\":\"WebSite\",\"@id\":\"https:\\\/\\\/aztex.ee\\\/sk\\\/#website\",\"url\":\"https:\\\/\\\/aztex.ee\\\/sk\\\/\",\"name\":\"AZTEX\",\"description\":\"\",\"publisher\":{\"@id\":\"https:\\\/\\\/aztex.ee\\\/sk\\\/#organization\"},\"potentialAction\":[{\"@type\":\"SearchAction\",\"target\":{\"@type\":\"EntryPoint\",\"urlTemplate\":\"https:\\\/\\\/aztex.ee\\\/sk\\\/?s={search_term_string}\"},\"query-input\":{\"@type\":\"PropertyValueSpecification\",\"valueRequired\":true,\"valueName\":\"search_term_string\"}}],\"inLanguage\":\"sk-SK\"},{\"@type\":\"Organization\",\"@id\":\"https:\\\/\\\/aztex.ee\\\/sk\\\/#organization\",\"name\":\"AZTEX\",\"url\":\"https:\\\/\\\/aztex.ee\\\/sk\\\/\",\"logo\":{\"@type\":\"ImageObject\",\"inLanguage\":\"sk-SK\",\"@id\":\"https:\\\/\\\/aztex.ee\\\/sk\\\/#\\\/schema\\\/logo\\\/image\\\/\",\"url\":\"https:\\\/\\\/aztex.ee\\\/wp-content\\\/uploads\\\/2026\\\/01\\\/AZTEX.png\",\"contentUrl\":\"https:\\\/\\\/aztex.ee\\\/wp-content\\\/uploads\\\/2026\\\/01\\\/AZTEX.png\",\"width\":500,\"height\":500,\"caption\":\"AZTEX\"},\"image\":{\"@id\":\"https:\\\/\\\/aztex.ee\\\/sk\\\/#\\\/schema\\\/logo\\\/image\\\/\"},\"sameAs\":[\"https:\\\/\\\/www.facebook.com\\\/AztexEE\",\"https:\\\/\\\/www.instagram.com\\\/aztexeesti\\\/\",\"https:\\\/\\\/www.youtube.com\\\/@AZTEXEE\",\"https:\\\/\\\/www.pinterest.com\\\/aztex_eesti\\\/\",\"https:\\\/\\\/www.tiktok.com\\\/@aztexeesti\",\"https:\\\/\\\/www.trustpilot.com\\\/review\\\/aztex.ee\",\"https:\\\/\\\/www.linkedin.com\\\/company\\\/aztex-ee\\\/\",\"https:\\\/\\\/www.wikidata.org\\\/wiki\\\/Q137560182\"]}]}<\/script>\n<!-- \/ Yoast SEO plugin. -->","yoast_head_json":{"title":"S\u00faprava poste\u013enej bielizne | Green leaves | AZTEX","description":"Bavlnen\u00e1 poste\u013en\u00e1 s\u00faprava 200x230 cm, ide\u00e1lna vo\u013eba pre m\u00e4kk\u00fd a pohodln\u00fd sp\u00e1nok. V\u010faka text\u00fare 100% bavlny pon\u00faka kvalitn\u00fd sp\u00e1nok.","robots":{"index":"index","follow":"follow","max-snippet":"max-snippet:-1","max-image-preview":"max-image-preview:large","max-video-preview":"max-video-preview:-1"},"canonical":"https:\/\/aztex.ee\/sk\/pood\/bavlnena-postelna-bielizen\/suprava-postelnej-bielizne-green-leaves\/","og_locale":"sk_SK","og_type":"article","og_title":"S\u00faprava poste\u013enej bielizne | Green leaves | AZTEX","og_description":"Bavlnen\u00e1 poste\u013en\u00e1 s\u00faprava 200x230 cm, ide\u00e1lna vo\u013eba pre m\u00e4kk\u00fd a pohodln\u00fd sp\u00e1nok. V\u010faka text\u00fare 100% bavlny pon\u00faka kvalitn\u00fd sp\u00e1nok.","og_url":"https:\/\/aztex.ee\/sk\/pood\/bavlnena-postelna-bielizen\/suprava-postelnej-bielizne-green-leaves\/","og_site_name":"AZTEX","article_publisher":"https:\/\/www.facebook.com\/AztexEE","article_modified_time":"2026-03-26T17:00:41+00:00","og_image":[{"width":800,"height":800,"url":"https:\/\/aztex.ee\/wp-content\/uploads\/2024\/11\/Voodipesukomplekt-4-1.jpg","type":"image\/jpeg"}],"twitter_card":"summary_large_image","twitter_misc":{"Predpokladan\u00fd \u010das \u010d\u00edtania":"1 min\u00fata"},"schema":{"@context":"https:\/\/schema.org","@graph":[{"@type":["WebPage","ItemPage"],"@id":"https:\/\/aztex.ee\/sk\/pood\/bavlnena-postelna-bielizen\/suprava-postelnej-bielizne-green-leaves\/","url":"https:\/\/aztex.ee\/sk\/pood\/bavlnena-postelna-bielizen\/suprava-postelnej-bielizne-green-leaves\/","name":"S\u00faprava poste\u013enej bielizne | Green leaves | AZTEX","isPartOf":{"@id":"https:\/\/aztex.ee\/sk\/#website"},"primaryImageOfPage":{"@id":"https:\/\/aztex.ee\/sk\/pood\/bavlnena-postelna-bielizen\/suprava-postelnej-bielizne-green-leaves\/#primaryimage"},"image":{"@id":"https:\/\/aztex.ee\/sk\/pood\/bavlnena-postelna-bielizen\/suprava-postelnej-bielizne-green-leaves\/#primaryimage"},"thumbnailUrl":"https:\/\/aztex.ee\/wp-content\/uploads\/2024\/11\/Voodipesukomplekt-4-1.jpg","datePublished":"2024-11-11T12:15:44+00:00","dateModified":"2026-03-26T17:00:41+00:00","description":"Bavlnen\u00e1 poste\u013en\u00e1 s\u00faprava 200x230 cm, ide\u00e1lna vo\u013eba pre m\u00e4kk\u00fd a pohodln\u00fd sp\u00e1nok. V\u010faka text\u00fare 100% bavlny pon\u00faka kvalitn\u00fd sp\u00e1nok.","breadcrumb":{"@id":"https:\/\/aztex.ee\/sk\/pood\/bavlnena-postelna-bielizen\/suprava-postelnej-bielizne-green-leaves\/#breadcrumb"},"inLanguage":"sk-SK","potentialAction":[{"@type":"ReadAction","target":["https:\/\/aztex.ee\/sk\/pood\/bavlnena-postelna-bielizen\/suprava-postelnej-bielizne-green-leaves\/"]}]},{"@type":"ImageObject","inLanguage":"sk-SK","@id":"https:\/\/aztex.ee\/sk\/pood\/bavlnena-postelna-bielizen\/suprava-postelnej-bielizne-green-leaves\/#primaryimage","url":"https:\/\/aztex.ee\/wp-content\/uploads\/2024\/11\/Voodipesukomplekt-4-1.jpg","contentUrl":"https:\/\/aztex.ee\/wp-content\/uploads\/2024\/11\/Voodipesukomplekt-4-1.jpg","width":800,"height":800},{"@type":"BreadcrumbList","@id":"https:\/\/aztex.ee\/sk\/pood\/bavlnena-postelna-bielizen\/suprava-postelnej-bielizne-green-leaves\/#breadcrumb","itemListElement":[{"@type":"ListItem","position":1,"name":"Domov","item":"https:\/\/aztex.ee\/sk\/"},{"@type":"ListItem","position":2,"name":"Obchod","item":"https:\/\/aztex.ee\/sk\/obchod\/"},{"@type":"ListItem","position":3,"name":"S\u00faprava poste\u013enej bielizne | Green leaves"}]},{"@type":"WebSite","@id":"https:\/\/aztex.ee\/sk\/#website","url":"https:\/\/aztex.ee\/sk\/","name":"AZTEX","description":"","publisher":{"@id":"https:\/\/aztex.ee\/sk\/#organization"},"potentialAction":[{"@type":"SearchAction","target":{"@type":"EntryPoint","urlTemplate":"https:\/\/aztex.ee\/sk\/?s={search_term_string}"},"query-input":{"@type":"PropertyValueSpecification","valueRequired":true,"valueName":"search_term_string"}}],"inLanguage":"sk-SK"},{"@type":"Organization","@id":"https:\/\/aztex.ee\/sk\/#organization","name":"AZTEX","url":"https:\/\/aztex.ee\/sk\/","logo":{"@type":"ImageObject","inLanguage":"sk-SK","@id":"https:\/\/aztex.ee\/sk\/#\/schema\/logo\/image\/","url":"https:\/\/aztex.ee\/wp-content\/uploads\/2026\/01\/AZTEX.png","contentUrl":"https:\/\/aztex.ee\/wp-content\/uploads\/2026\/01\/AZTEX.png","width":500,"height":500,"caption":"AZTEX"},"image":{"@id":"https:\/\/aztex.ee\/sk\/#\/schema\/logo\/image\/"},"sameAs":["https:\/\/www.facebook.com\/AztexEE","https:\/\/www.instagram.com\/aztexeesti\/","https:\/\/www.youtube.com\/@AZTEXEE","https:\/\/www.pinterest.com\/aztex_eesti\/","https:\/\/www.tiktok.com\/@aztexeesti","https:\/\/www.trustpilot.com\/review\/aztex.ee","https:\/\/www.linkedin.com\/company\/aztex-ee\/","https:\/\/www.wikidata.org\/wiki\/Q137560182"]}]}},"_links":{"self":[{"href":"https:\/\/aztex.ee\/sk\/wp-json\/wp\/v2\/product\/34651","targetHints":{"allow":["GET"]}}],"collection":[{"href":"https:\/\/aztex.ee\/sk\/wp-json\/wp\/v2\/product"}],"about":[{"href":"https:\/\/aztex.ee\/sk\/wp-json\/wp\/v2\/types\/product"}],"replies":[{"embeddable":true,"href":"https:\/\/aztex.ee\/sk\/wp-json\/wp\/v2\/comments?post=34651"}],"version-history":[{"count":0,"href":"https:\/\/aztex.ee\/sk\/wp-json\/wp\/v2\/product\/34651\/revisions"}],"wp:featuredmedia":[{"embeddable":true,"href":"https:\/\/aztex.ee\/sk\/wp-json\/wp\/v2\/media\/34652"}],"wp:attachment":[{"href":"https:\/\/aztex.ee\/sk\/wp-json\/wp\/v2\/media?parent=34651"}],"wp:term":[{"taxonomy":"product_brand","embeddable":true,"href":"https:\/\/aztex.ee\/sk\/wp-json\/wp\/v2\/product_brand?post=34651"},{"taxonomy":"product_cat","embeddable":true,"href":"https:\/\/aztex.ee\/sk\/wp-json\/wp\/v2\/product_cat?post=34651"},{"taxonomy":"product_tag","embeddable":true,"href":"https:\/\/aztex.ee\/sk\/wp-json\/wp\/v2\/product_tag?post=34651"}],"curies":[{"name":"wp","href":"https:\/\/api.w.org\/{rel}","templated":true}]}}