{"id":34240,"date":"2024-09-29T10:00:13","date_gmt":"2024-09-29T10:00:13","guid":{"rendered":"https:\/\/aztex.ee\/pood\/nezaraden\u00e9\/satiinist-voodipesukomplekt-love\/"},"modified":"2026-01-11T15:53:24","modified_gmt":"2026-01-11T15:53:24","slug":"satenova-postelna-suprava-love","status":"publish","type":"product","link":"https:\/\/aztex.ee\/sk\/pood\/bavlnena-postelna-bielizen\/satenova-postelna-suprava-love\/","title":{"rendered":"Sat\u00e9nov\u00e1 poste\u013en\u00e1 s\u00faprava | Love"},"content":{"rendered":"<p>Sat\u00e9nov\u00e1 poste\u013en\u00e1 s\u00faprava je ide\u00e1lnou vo\u013ebou, ak h\u013ead\u00e1te jemnos\u0165 a eleganciu vo svojej sp\u00e1lni. Vyroben\u00e9 z vysoko kvalitnej bavlny, ktor\u00e1 hlad\u00ed poko\u017eku a vytv\u00e1ra luxusn\u00fd z\u00e1\u017eitok zo sp\u00e1nku. Priedu\u0161n\u00fd materi\u00e1l reguluje telesn\u00fa teplotu a zais\u0165uje tak pohodln\u00fd sp\u00e1nok v ka\u017edom ro\u010dnom obdob\u00ed \u2013 \u010di u\u017e je chladnej\u0161ie v lete alebo teplej\u0161ie v zime. Okrem toho sa poste\u013en\u00e1 bielize\u0148 \u013eahko udr\u017eiava a mo\u017eno ju pra\u0165 v pr\u00e1\u010dke, v\u010faka \u010domu je ide\u00e1lna na ka\u017edodenn\u00e9 pou\u017eitie. Aktualizujte svoju sp\u00e1l\u0148u na\u0161ou kr\u00e1snou sat\u00e9novou s\u00fapravou poste\u013enej bielizne a u\u017eite si luxusn\u00e9 pohodlie, po ktorom ste v\u017edy t\u00fa\u017eili!<\/p>\n","protected":false},"excerpt":{"rendered":"<p>Sat\u00e9nov\u00e1 poste\u013en\u00e1 s\u00faprava je \u0161etrn\u00e1 k poko\u017eke a priedu\u0161n\u00e1, zais\u0165uje ide\u00e1lne prostredie na sp\u00e1nok.<\/p>\n<ul>\n<li>Materi\u00e1l: 100% bavlna<\/li>\n<li>L\u00e1tka: Sat\u00e9n<\/li>\n<li>Po\u010det vl\u00e1kien: 300 TC<\/li>\n<li>Oblie\u010dka na prikr\u00fdvku: 200\u00d7220 cm<\/li>\n<li>Oblie\u010dka na vank\u00fa\u0161: 50\u00d775 cm (2kus)<\/li>\n<li>Poste\u013en\u00e1 plachta: Nie je s\u00fa\u010das\u0165ou<\/li>\n<li>Pohodlie: Priedu\u0161n\u00e1 a m\u00e4kk\u00e1 text\u00fara<\/li>\n<\/ul>\n<p><img loading=\"lazy\" decoding=\"async\" class=\"alignnone size-full wp-image-24724\" src=\"https:\/\/aztex.ee\/wp-content\/uploads\/2024\/09\/cottonlogo33.png\" alt=\"\" width=\"165\" height=\"73\" srcset=\"https:\/\/aztex.ee\/wp-content\/uploads\/2024\/09\/cottonlogo33.png 165w, https:\/\/aztex.ee\/wp-content\/uploads\/2024\/09\/cottonlogo33-150x66.png 150w\" sizes=\"auto, (max-width: 165px) 100vw, 165px\" \/><\/p>\n","protected":false},"featured_media":34241,"comment_status":"open","ping_status":"closed","template":"","meta":[],"product_brand":[],"product_cat":[658,670,682,687,678,681],"product_tag":[],"class_list":{"0":"post-34240","1":"product","2":"type-product","3":"status-publish","4":"has-post-thumbnail","6":"product_cat-bavlnena-postelna-bielizen","7":"product_cat-bavlnene-postelne-supravy-200x220","8":"product_cat-postelne-obliecky","9":"product_cat-postelne-supravy","10":"product_cat-satenove-obliecky","11":"product_cat-satenove-postelne-obliecky","13":"first","14":"instock","15":"shipping-taxable","16":"purchasable","17":"product-type-simple"},"yoast_head":"<!-- This site is optimized with the Yoast SEO plugin v27.4 - https:\/\/yoast.com\/product\/yoast-seo-wordpress\/ -->\n<title>Sat\u00e9nov\u00e1 poste\u013en\u00e1 s\u00faprava | Love | AZTEX<\/title>\n<meta name=\"description\" content=\"Oblie\u010dky Bavlnen\u00fd sat\u00e9n 200x220 je ide\u00e1lnou vo\u013ebou, ak h\u013ead\u00e1te jemnos\u0165 a eleganciu do sp\u00e1lne. Vyroben\u00e9 z kvalitn\u00e9ho 100% sat\u00e9nu,...\" \/>\n<meta name=\"robots\" content=\"index, follow, max-snippet:-1, max-image-preview:large, max-video-preview:-1\" \/>\n<link rel=\"canonical\" href=\"https:\/\/aztex.ee\/sk\/pood\/bavlnena-postelna-bielizen\/satenova-postelna-suprava-love\/\" \/>\n<meta property=\"og:locale\" content=\"sk_SK\" \/>\n<meta property=\"og:type\" content=\"article\" \/>\n<meta property=\"og:title\" content=\"Sat\u00e9nov\u00e1 poste\u013en\u00e1 s\u00faprava | Love | AZTEX\" \/>\n<meta property=\"og:description\" content=\"Oblie\u010dky Bavlnen\u00fd sat\u00e9n 200x220 je ide\u00e1lnou vo\u013ebou, ak h\u013ead\u00e1te jemnos\u0165 a eleganciu do sp\u00e1lne. Vyroben\u00e9 z kvalitn\u00e9ho 100% sat\u00e9nu,...\" \/>\n<meta property=\"og:url\" content=\"https:\/\/aztex.ee\/sk\/pood\/bavlnena-postelna-bielizen\/satenova-postelna-suprava-love\/\" \/>\n<meta property=\"og:site_name\" content=\"AZTEX\" \/>\n<meta property=\"article:publisher\" content=\"https:\/\/www.facebook.com\/AztexEE\" \/>\n<meta property=\"article:modified_time\" content=\"2026-01-11T15:53:24+00:00\" \/>\n<meta property=\"og:image\" content=\"https:\/\/aztex.ee\/wp-content\/uploads\/2024\/09\/Satiinist-voodipesukomplekt-1-2.jpg\" \/>\n\t<meta property=\"og:image:width\" content=\"800\" \/>\n\t<meta property=\"og:image:height\" content=\"800\" \/>\n\t<meta property=\"og:image:type\" content=\"image\/jpeg\" \/>\n<meta name=\"twitter:card\" content=\"summary_large_image\" \/>\n<meta name=\"twitter:label1\" content=\"Predpokladan\u00fd \u010das \u010d\u00edtania\" \/>\n\t<meta name=\"twitter:data1\" content=\"1 min\u00fata\" \/>\n<script type=\"application\/ld+json\" class=\"yoast-schema-graph\">{\"@context\":\"https:\\\/\\\/schema.org\",\"@graph\":[{\"@type\":[\"WebPage\",\"ItemPage\"],\"@id\":\"https:\\\/\\\/aztex.ee\\\/sk\\\/pood\\\/bavlnena-postelna-bielizen\\\/satenova-postelna-suprava-love\\\/\",\"url\":\"https:\\\/\\\/aztex.ee\\\/sk\\\/pood\\\/bavlnena-postelna-bielizen\\\/satenova-postelna-suprava-love\\\/\",\"name\":\"Sat\u00e9nov\u00e1 poste\u013en\u00e1 s\u00faprava | Love | AZTEX\",\"isPartOf\":{\"@id\":\"https:\\\/\\\/aztex.ee\\\/sk\\\/#website\"},\"primaryImageOfPage\":{\"@id\":\"https:\\\/\\\/aztex.ee\\\/sk\\\/pood\\\/bavlnena-postelna-bielizen\\\/satenova-postelna-suprava-love\\\/#primaryimage\"},\"image\":{\"@id\":\"https:\\\/\\\/aztex.ee\\\/sk\\\/pood\\\/bavlnena-postelna-bielizen\\\/satenova-postelna-suprava-love\\\/#primaryimage\"},\"thumbnailUrl\":\"https:\\\/\\\/aztex.ee\\\/wp-content\\\/uploads\\\/2024\\\/09\\\/Satiinist-voodipesukomplekt-1-2.jpg\",\"datePublished\":\"2024-09-29T10:00:13+00:00\",\"dateModified\":\"2026-01-11T15:53:24+00:00\",\"description\":\"Oblie\u010dky Bavlnen\u00fd sat\u00e9n 200x220 je ide\u00e1lnou vo\u013ebou, ak h\u013ead\u00e1te jemnos\u0165 a eleganciu do sp\u00e1lne. Vyroben\u00e9 z kvalitn\u00e9ho 100% sat\u00e9nu,...\",\"breadcrumb\":{\"@id\":\"https:\\\/\\\/aztex.ee\\\/sk\\\/pood\\\/bavlnena-postelna-bielizen\\\/satenova-postelna-suprava-love\\\/#breadcrumb\"},\"inLanguage\":\"sk-SK\",\"potentialAction\":[{\"@type\":\"ReadAction\",\"target\":[\"https:\\\/\\\/aztex.ee\\\/sk\\\/pood\\\/bavlnena-postelna-bielizen\\\/satenova-postelna-suprava-love\\\/\"]}]},{\"@type\":\"ImageObject\",\"inLanguage\":\"sk-SK\",\"@id\":\"https:\\\/\\\/aztex.ee\\\/sk\\\/pood\\\/bavlnena-postelna-bielizen\\\/satenova-postelna-suprava-love\\\/#primaryimage\",\"url\":\"https:\\\/\\\/aztex.ee\\\/wp-content\\\/uploads\\\/2024\\\/09\\\/Satiinist-voodipesukomplekt-1-2.jpg\",\"contentUrl\":\"https:\\\/\\\/aztex.ee\\\/wp-content\\\/uploads\\\/2024\\\/09\\\/Satiinist-voodipesukomplekt-1-2.jpg\",\"width\":800,\"height\":800},{\"@type\":\"BreadcrumbList\",\"@id\":\"https:\\\/\\\/aztex.ee\\\/sk\\\/pood\\\/bavlnena-postelna-bielizen\\\/satenova-postelna-suprava-love\\\/#breadcrumb\",\"itemListElement\":[{\"@type\":\"ListItem\",\"position\":1,\"name\":\"Domov\",\"item\":\"https:\\\/\\\/aztex.ee\\\/sk\\\/\"},{\"@type\":\"ListItem\",\"position\":2,\"name\":\"Obchod\",\"item\":\"https:\\\/\\\/aztex.ee\\\/sk\\\/obchod\\\/\"},{\"@type\":\"ListItem\",\"position\":3,\"name\":\"Sat\u00e9nov\u00e1 poste\u013en\u00e1 s\u00faprava | Love\"}]},{\"@type\":\"WebSite\",\"@id\":\"https:\\\/\\\/aztex.ee\\\/sk\\\/#website\",\"url\":\"https:\\\/\\\/aztex.ee\\\/sk\\\/\",\"name\":\"AZTEX\",\"description\":\"\",\"publisher\":{\"@id\":\"https:\\\/\\\/aztex.ee\\\/sk\\\/#organization\"},\"potentialAction\":[{\"@type\":\"SearchAction\",\"target\":{\"@type\":\"EntryPoint\",\"urlTemplate\":\"https:\\\/\\\/aztex.ee\\\/sk\\\/?s={search_term_string}\"},\"query-input\":{\"@type\":\"PropertyValueSpecification\",\"valueRequired\":true,\"valueName\":\"search_term_string\"}}],\"inLanguage\":\"sk-SK\"},{\"@type\":\"Organization\",\"@id\":\"https:\\\/\\\/aztex.ee\\\/sk\\\/#organization\",\"name\":\"AZTEX\",\"url\":\"https:\\\/\\\/aztex.ee\\\/sk\\\/\",\"logo\":{\"@type\":\"ImageObject\",\"inLanguage\":\"sk-SK\",\"@id\":\"https:\\\/\\\/aztex.ee\\\/sk\\\/#\\\/schema\\\/logo\\\/image\\\/\",\"url\":\"https:\\\/\\\/aztex.ee\\\/wp-content\\\/uploads\\\/2026\\\/01\\\/AZTEX.png\",\"contentUrl\":\"https:\\\/\\\/aztex.ee\\\/wp-content\\\/uploads\\\/2026\\\/01\\\/AZTEX.png\",\"width\":500,\"height\":500,\"caption\":\"AZTEX\"},\"image\":{\"@id\":\"https:\\\/\\\/aztex.ee\\\/sk\\\/#\\\/schema\\\/logo\\\/image\\\/\"},\"sameAs\":[\"https:\\\/\\\/www.facebook.com\\\/AztexEE\",\"https:\\\/\\\/www.instagram.com\\\/aztexeesti\\\/\",\"https:\\\/\\\/www.youtube.com\\\/@AZTEXEE\",\"https:\\\/\\\/www.pinterest.com\\\/aztex_eesti\\\/\",\"https:\\\/\\\/www.tiktok.com\\\/@aztexeesti\",\"https:\\\/\\\/www.trustpilot.com\\\/review\\\/aztex.ee\",\"https:\\\/\\\/www.linkedin.com\\\/company\\\/aztex-ee\\\/\",\"https:\\\/\\\/www.wikidata.org\\\/wiki\\\/Q137560182\"]}]}<\/script>\n<!-- \/ Yoast SEO plugin. -->","yoast_head_json":{"title":"Sat\u00e9nov\u00e1 poste\u013en\u00e1 s\u00faprava | Love | AZTEX","description":"Oblie\u010dky Bavlnen\u00fd sat\u00e9n 200x220 je ide\u00e1lnou vo\u013ebou, ak h\u013ead\u00e1te jemnos\u0165 a eleganciu do sp\u00e1lne. Vyroben\u00e9 z kvalitn\u00e9ho 100% sat\u00e9nu,...","robots":{"index":"index","follow":"follow","max-snippet":"max-snippet:-1","max-image-preview":"max-image-preview:large","max-video-preview":"max-video-preview:-1"},"canonical":"https:\/\/aztex.ee\/sk\/pood\/bavlnena-postelna-bielizen\/satenova-postelna-suprava-love\/","og_locale":"sk_SK","og_type":"article","og_title":"Sat\u00e9nov\u00e1 poste\u013en\u00e1 s\u00faprava | Love | AZTEX","og_description":"Oblie\u010dky Bavlnen\u00fd sat\u00e9n 200x220 je ide\u00e1lnou vo\u013ebou, ak h\u013ead\u00e1te jemnos\u0165 a eleganciu do sp\u00e1lne. Vyroben\u00e9 z kvalitn\u00e9ho 100% sat\u00e9nu,...","og_url":"https:\/\/aztex.ee\/sk\/pood\/bavlnena-postelna-bielizen\/satenova-postelna-suprava-love\/","og_site_name":"AZTEX","article_publisher":"https:\/\/www.facebook.com\/AztexEE","article_modified_time":"2026-01-11T15:53:24+00:00","og_image":[{"width":800,"height":800,"url":"https:\/\/aztex.ee\/wp-content\/uploads\/2024\/09\/Satiinist-voodipesukomplekt-1-2.jpg","type":"image\/jpeg"}],"twitter_card":"summary_large_image","twitter_misc":{"Predpokladan\u00fd \u010das \u010d\u00edtania":"1 min\u00fata"},"schema":{"@context":"https:\/\/schema.org","@graph":[{"@type":["WebPage","ItemPage"],"@id":"https:\/\/aztex.ee\/sk\/pood\/bavlnena-postelna-bielizen\/satenova-postelna-suprava-love\/","url":"https:\/\/aztex.ee\/sk\/pood\/bavlnena-postelna-bielizen\/satenova-postelna-suprava-love\/","name":"Sat\u00e9nov\u00e1 poste\u013en\u00e1 s\u00faprava | Love | AZTEX","isPartOf":{"@id":"https:\/\/aztex.ee\/sk\/#website"},"primaryImageOfPage":{"@id":"https:\/\/aztex.ee\/sk\/pood\/bavlnena-postelna-bielizen\/satenova-postelna-suprava-love\/#primaryimage"},"image":{"@id":"https:\/\/aztex.ee\/sk\/pood\/bavlnena-postelna-bielizen\/satenova-postelna-suprava-love\/#primaryimage"},"thumbnailUrl":"https:\/\/aztex.ee\/wp-content\/uploads\/2024\/09\/Satiinist-voodipesukomplekt-1-2.jpg","datePublished":"2024-09-29T10:00:13+00:00","dateModified":"2026-01-11T15:53:24+00:00","description":"Oblie\u010dky Bavlnen\u00fd sat\u00e9n 200x220 je ide\u00e1lnou vo\u013ebou, ak h\u013ead\u00e1te jemnos\u0165 a eleganciu do sp\u00e1lne. Vyroben\u00e9 z kvalitn\u00e9ho 100% sat\u00e9nu,...","breadcrumb":{"@id":"https:\/\/aztex.ee\/sk\/pood\/bavlnena-postelna-bielizen\/satenova-postelna-suprava-love\/#breadcrumb"},"inLanguage":"sk-SK","potentialAction":[{"@type":"ReadAction","target":["https:\/\/aztex.ee\/sk\/pood\/bavlnena-postelna-bielizen\/satenova-postelna-suprava-love\/"]}]},{"@type":"ImageObject","inLanguage":"sk-SK","@id":"https:\/\/aztex.ee\/sk\/pood\/bavlnena-postelna-bielizen\/satenova-postelna-suprava-love\/#primaryimage","url":"https:\/\/aztex.ee\/wp-content\/uploads\/2024\/09\/Satiinist-voodipesukomplekt-1-2.jpg","contentUrl":"https:\/\/aztex.ee\/wp-content\/uploads\/2024\/09\/Satiinist-voodipesukomplekt-1-2.jpg","width":800,"height":800},{"@type":"BreadcrumbList","@id":"https:\/\/aztex.ee\/sk\/pood\/bavlnena-postelna-bielizen\/satenova-postelna-suprava-love\/#breadcrumb","itemListElement":[{"@type":"ListItem","position":1,"name":"Domov","item":"https:\/\/aztex.ee\/sk\/"},{"@type":"ListItem","position":2,"name":"Obchod","item":"https:\/\/aztex.ee\/sk\/obchod\/"},{"@type":"ListItem","position":3,"name":"Sat\u00e9nov\u00e1 poste\u013en\u00e1 s\u00faprava | Love"}]},{"@type":"WebSite","@id":"https:\/\/aztex.ee\/sk\/#website","url":"https:\/\/aztex.ee\/sk\/","name":"AZTEX","description":"","publisher":{"@id":"https:\/\/aztex.ee\/sk\/#organization"},"potentialAction":[{"@type":"SearchAction","target":{"@type":"EntryPoint","urlTemplate":"https:\/\/aztex.ee\/sk\/?s={search_term_string}"},"query-input":{"@type":"PropertyValueSpecification","valueRequired":true,"valueName":"search_term_string"}}],"inLanguage":"sk-SK"},{"@type":"Organization","@id":"https:\/\/aztex.ee\/sk\/#organization","name":"AZTEX","url":"https:\/\/aztex.ee\/sk\/","logo":{"@type":"ImageObject","inLanguage":"sk-SK","@id":"https:\/\/aztex.ee\/sk\/#\/schema\/logo\/image\/","url":"https:\/\/aztex.ee\/wp-content\/uploads\/2026\/01\/AZTEX.png","contentUrl":"https:\/\/aztex.ee\/wp-content\/uploads\/2026\/01\/AZTEX.png","width":500,"height":500,"caption":"AZTEX"},"image":{"@id":"https:\/\/aztex.ee\/sk\/#\/schema\/logo\/image\/"},"sameAs":["https:\/\/www.facebook.com\/AztexEE","https:\/\/www.instagram.com\/aztexeesti\/","https:\/\/www.youtube.com\/@AZTEXEE","https:\/\/www.pinterest.com\/aztex_eesti\/","https:\/\/www.tiktok.com\/@aztexeesti","https:\/\/www.trustpilot.com\/review\/aztex.ee","https:\/\/www.linkedin.com\/company\/aztex-ee\/","https:\/\/www.wikidata.org\/wiki\/Q137560182"]}]}},"_links":{"self":[{"href":"https:\/\/aztex.ee\/sk\/wp-json\/wp\/v2\/product\/34240","targetHints":{"allow":["GET"]}}],"collection":[{"href":"https:\/\/aztex.ee\/sk\/wp-json\/wp\/v2\/product"}],"about":[{"href":"https:\/\/aztex.ee\/sk\/wp-json\/wp\/v2\/types\/product"}],"replies":[{"embeddable":true,"href":"https:\/\/aztex.ee\/sk\/wp-json\/wp\/v2\/comments?post=34240"}],"version-history":[{"count":0,"href":"https:\/\/aztex.ee\/sk\/wp-json\/wp\/v2\/product\/34240\/revisions"}],"wp:featuredmedia":[{"embeddable":true,"href":"https:\/\/aztex.ee\/sk\/wp-json\/wp\/v2\/media\/34241"}],"wp:attachment":[{"href":"https:\/\/aztex.ee\/sk\/wp-json\/wp\/v2\/media?parent=34240"}],"wp:term":[{"taxonomy":"product_brand","embeddable":true,"href":"https:\/\/aztex.ee\/sk\/wp-json\/wp\/v2\/product_brand?post=34240"},{"taxonomy":"product_cat","embeddable":true,"href":"https:\/\/aztex.ee\/sk\/wp-json\/wp\/v2\/product_cat?post=34240"},{"taxonomy":"product_tag","embeddable":true,"href":"https:\/\/aztex.ee\/sk\/wp-json\/wp\/v2\/product_tag?post=34240"}],"curies":[{"name":"wp","href":"https:\/\/api.w.org\/{rel}","templated":true}]}}