{"id":34147,"date":"2024-09-19T08:18:25","date_gmt":"2024-09-19T08:18:25","guid":{"rendered":"https:\/\/aztex.ee\/pood\/nezaraden\u00e9\/voodipesukomplekt-retro\/"},"modified":"2026-03-16T20:50:58","modified_gmt":"2026-03-16T20:50:58","slug":"suprava-postelnej-bielizne-retro","status":"publish","type":"product","link":"https:\/\/aztex.ee\/sk\/pood\/mako-satenova-postelna-bielizen\/suprava-postelnej-bielizne-retro\/","title":{"rendered":"S\u00faprava poste\u013enej bielizne | Retro"},"content":{"rendered":"<p>Poste\u013en\u00e1 s\u00faprava z egyptskej bavlny prin\u00e1\u0161a luxus a pohodlie do va\u0161ej sp\u00e1lne. T\u00e1to s\u00faprava vyroben\u00e1 zo 100% egyptskej bavlny, ktor\u00e1 je zn\u00e1ma svojou v\u00fdnimo\u010dnou kvalitou a odolnos\u0165ou, v\u00e1m zaist\u00ed ten najlep\u0161\u00ed z\u00e1\u017eitok zo sp\u00e1nku.<br \/>\nPoste\u013en\u00e1 s\u00faprava z egyptskej bavlny pon\u00faka maxim\u00e1lny luxus a pohodlie, v\u010faka \u010domu bude ka\u017ed\u00e1 noc v\u00fdnimo\u010dn\u00e1. Jeho m\u00e4kk\u00e1 a priedu\u0161n\u00e1 tkanina zais\u0165uje pokojn\u00fd sp\u00e1nok a jeho elegantn\u00fd vzh\u013ead dod\u00e1 \u0161t\u00fdl va\u0161ej sp\u00e1lni. Vyberte si egyptsk\u00fa bavlnu a u\u017eite si kvalitu, ktor\u00e1 vydr\u017e\u00ed roky.<\/p>\n","protected":false},"excerpt":{"rendered":"<p>T\u00e1to poste\u013en\u00e1 s\u00faprava obohat\u00ed va\u0161u sp\u00e1l\u0148u o eleganciu a pohodlie.<\/p>\n<ul>\n<li>Materi\u00e1l: 100% Egyptsk\u00e1 bavlna<\/li>\n<li>L\u00e1tka: Makosat\u00e9n<\/li>\n<li>Po\u010det vl\u00e1kien: 400 TC<\/li>\n<li>Oblie\u010dka na prikr\u00fdvku: 200&#215;220 cm<\/li>\n<li>Oblie\u010dka na vank\u00fa\u0161: 50&#215;75 cm (2kus)<\/li>\n<li>Poste\u013en\u00e1 plachta: Nie je s\u00fa\u010das\u0165ou<\/li>\n<li>Pohodlie: Priedu\u0161n\u00e1 a m\u00e4kk\u00e1 text\u00fara<\/li>\n<\/ul>\n<p><img loading=\"lazy\" decoding=\"async\" class=\"alignnone wp-image-21477\" src=\"https:\/\/aztex.ee\/wp-content\/uploads\/2024\/09\/cotton-sertifika.png\" alt=\"\" width=\"196\" height=\"67\" srcset=\"https:\/\/aztex.ee\/wp-content\/uploads\/2024\/09\/cotton-sertifika.png 250w, https:\/\/aztex.ee\/wp-content\/uploads\/2024\/09\/cotton-sertifika-150x51.png 150w\" sizes=\"auto, (max-width: 196px) 100vw, 196px\" \/><\/p>\n","protected":false},"featured_media":34148,"comment_status":"open","ping_status":"closed","template":"","meta":[],"product_brand":[],"product_cat":[658,670,657,682,687,678,681],"product_tag":[],"class_list":{"0":"post-34147","1":"product","2":"type-product","3":"status-publish","4":"has-post-thumbnail","6":"product_cat-bavlnena-postelna-bielizen","7":"product_cat-bavlnene-postelne-supravy-200x220","8":"product_cat-mako-satenova-postelna-bielizen","9":"product_cat-postelne-obliecky","10":"product_cat-postelne-supravy","11":"product_cat-satenove-obliecky","12":"product_cat-satenove-postelne-obliecky","14":"first","15":"instock","16":"shipping-taxable","17":"purchasable","18":"product-type-simple"},"yoast_head":"<!-- This site is optimized with the Yoast SEO plugin v27.3 - https:\/\/yoast.com\/product\/yoast-seo-wordpress\/ -->\n<title>S\u00faprava poste\u013enej bielizne | Retro | AZTEX<\/title>\n<meta name=\"description\" content=\"S\u00faprava oblie\u010dok z egyptskej bavlny 200x220 cm Retro prin\u00e1\u0161a luxus a pohodlie do va\u0161ej sp\u00e1lne. Vyroben\u00e9 zo 100% egyptskej bavlny, ktor\u00e1 je...\" \/>\n<meta name=\"robots\" content=\"index, follow, max-snippet:-1, max-image-preview:large, max-video-preview:-1\" \/>\n<link rel=\"canonical\" href=\"https:\/\/aztex.ee\/sk\/pood\/mako-satenova-postelna-bielizen\/suprava-postelnej-bielizne-retro\/\" \/>\n<meta property=\"og:locale\" content=\"sk_SK\" \/>\n<meta property=\"og:type\" content=\"article\" \/>\n<meta property=\"og:title\" content=\"S\u00faprava poste\u013enej bielizne | Retro | AZTEX\" \/>\n<meta property=\"og:description\" content=\"S\u00faprava oblie\u010dok z egyptskej bavlny 200x220 cm Retro prin\u00e1\u0161a luxus a pohodlie do va\u0161ej sp\u00e1lne. Vyroben\u00e9 zo 100% egyptskej bavlny, ktor\u00e1 je...\" \/>\n<meta property=\"og:url\" content=\"https:\/\/aztex.ee\/sk\/pood\/mako-satenova-postelna-bielizen\/suprava-postelnej-bielizne-retro\/\" \/>\n<meta property=\"og:site_name\" content=\"AZTEX\" \/>\n<meta property=\"article:publisher\" content=\"https:\/\/www.facebook.com\/AztexEE\" \/>\n<meta property=\"article:modified_time\" content=\"2026-03-16T20:50:58+00:00\" \/>\n<meta property=\"og:image\" content=\"https:\/\/aztex.ee\/wp-content\/uploads\/2024\/09\/voodipesukomplekt-puuvill-6.jpg\" \/>\n\t<meta property=\"og:image:width\" content=\"800\" \/>\n\t<meta property=\"og:image:height\" content=\"800\" \/>\n\t<meta property=\"og:image:type\" content=\"image\/jpeg\" \/>\n<meta name=\"twitter:card\" content=\"summary_large_image\" \/>\n<meta name=\"twitter:label1\" content=\"Predpokladan\u00fd \u010das \u010d\u00edtania\" \/>\n\t<meta name=\"twitter:data1\" content=\"1 min\u00fata\" \/>\n<script type=\"application\/ld+json\" class=\"yoast-schema-graph\">{\"@context\":\"https:\\\/\\\/schema.org\",\"@graph\":[{\"@type\":[\"WebPage\",\"ItemPage\"],\"@id\":\"https:\\\/\\\/aztex.ee\\\/sk\\\/pood\\\/mako-satenova-postelna-bielizen\\\/suprava-postelnej-bielizne-retro\\\/\",\"url\":\"https:\\\/\\\/aztex.ee\\\/sk\\\/pood\\\/mako-satenova-postelna-bielizen\\\/suprava-postelnej-bielizne-retro\\\/\",\"name\":\"S\u00faprava poste\u013enej bielizne | Retro | AZTEX\",\"isPartOf\":{\"@id\":\"https:\\\/\\\/aztex.ee\\\/sk\\\/#website\"},\"primaryImageOfPage\":{\"@id\":\"https:\\\/\\\/aztex.ee\\\/sk\\\/pood\\\/mako-satenova-postelna-bielizen\\\/suprava-postelnej-bielizne-retro\\\/#primaryimage\"},\"image\":{\"@id\":\"https:\\\/\\\/aztex.ee\\\/sk\\\/pood\\\/mako-satenova-postelna-bielizen\\\/suprava-postelnej-bielizne-retro\\\/#primaryimage\"},\"thumbnailUrl\":\"https:\\\/\\\/aztex.ee\\\/wp-content\\\/uploads\\\/2024\\\/09\\\/voodipesukomplekt-puuvill-6.jpg\",\"datePublished\":\"2024-09-19T08:18:25+00:00\",\"dateModified\":\"2026-03-16T20:50:58+00:00\",\"description\":\"S\u00faprava oblie\u010dok z egyptskej bavlny 200x220 cm Retro prin\u00e1\u0161a luxus a pohodlie do va\u0161ej sp\u00e1lne. Vyroben\u00e9 zo 100% egyptskej bavlny, ktor\u00e1 je...\",\"breadcrumb\":{\"@id\":\"https:\\\/\\\/aztex.ee\\\/sk\\\/pood\\\/mako-satenova-postelna-bielizen\\\/suprava-postelnej-bielizne-retro\\\/#breadcrumb\"},\"inLanguage\":\"sk-SK\",\"potentialAction\":[{\"@type\":\"ReadAction\",\"target\":[\"https:\\\/\\\/aztex.ee\\\/sk\\\/pood\\\/mako-satenova-postelna-bielizen\\\/suprava-postelnej-bielizne-retro\\\/\"]}]},{\"@type\":\"ImageObject\",\"inLanguage\":\"sk-SK\",\"@id\":\"https:\\\/\\\/aztex.ee\\\/sk\\\/pood\\\/mako-satenova-postelna-bielizen\\\/suprava-postelnej-bielizne-retro\\\/#primaryimage\",\"url\":\"https:\\\/\\\/aztex.ee\\\/wp-content\\\/uploads\\\/2024\\\/09\\\/voodipesukomplekt-puuvill-6.jpg\",\"contentUrl\":\"https:\\\/\\\/aztex.ee\\\/wp-content\\\/uploads\\\/2024\\\/09\\\/voodipesukomplekt-puuvill-6.jpg\",\"width\":800,\"height\":800},{\"@type\":\"BreadcrumbList\",\"@id\":\"https:\\\/\\\/aztex.ee\\\/sk\\\/pood\\\/mako-satenova-postelna-bielizen\\\/suprava-postelnej-bielizne-retro\\\/#breadcrumb\",\"itemListElement\":[{\"@type\":\"ListItem\",\"position\":1,\"name\":\"Domov\",\"item\":\"https:\\\/\\\/aztex.ee\\\/sk\\\/\"},{\"@type\":\"ListItem\",\"position\":2,\"name\":\"Obchod\",\"item\":\"https:\\\/\\\/aztex.ee\\\/sk\\\/obchod\\\/\"},{\"@type\":\"ListItem\",\"position\":3,\"name\":\"S\u00faprava poste\u013enej bielizne | Retro\"}]},{\"@type\":\"WebSite\",\"@id\":\"https:\\\/\\\/aztex.ee\\\/sk\\\/#website\",\"url\":\"https:\\\/\\\/aztex.ee\\\/sk\\\/\",\"name\":\"AZTEX\",\"description\":\"\",\"publisher\":{\"@id\":\"https:\\\/\\\/aztex.ee\\\/sk\\\/#organization\"},\"potentialAction\":[{\"@type\":\"SearchAction\",\"target\":{\"@type\":\"EntryPoint\",\"urlTemplate\":\"https:\\\/\\\/aztex.ee\\\/sk\\\/?s={search_term_string}\"},\"query-input\":{\"@type\":\"PropertyValueSpecification\",\"valueRequired\":true,\"valueName\":\"search_term_string\"}}],\"inLanguage\":\"sk-SK\"},{\"@type\":\"Organization\",\"@id\":\"https:\\\/\\\/aztex.ee\\\/sk\\\/#organization\",\"name\":\"AZTEX\",\"url\":\"https:\\\/\\\/aztex.ee\\\/sk\\\/\",\"logo\":{\"@type\":\"ImageObject\",\"inLanguage\":\"sk-SK\",\"@id\":\"https:\\\/\\\/aztex.ee\\\/sk\\\/#\\\/schema\\\/logo\\\/image\\\/\",\"url\":\"https:\\\/\\\/aztex.ee\\\/wp-content\\\/uploads\\\/2026\\\/01\\\/AZTEX.png\",\"contentUrl\":\"https:\\\/\\\/aztex.ee\\\/wp-content\\\/uploads\\\/2026\\\/01\\\/AZTEX.png\",\"width\":500,\"height\":500,\"caption\":\"AZTEX\"},\"image\":{\"@id\":\"https:\\\/\\\/aztex.ee\\\/sk\\\/#\\\/schema\\\/logo\\\/image\\\/\"},\"sameAs\":[\"https:\\\/\\\/www.facebook.com\\\/AztexEE\",\"https:\\\/\\\/www.instagram.com\\\/aztexeesti\\\/\",\"https:\\\/\\\/www.youtube.com\\\/@AZTEXEE\",\"https:\\\/\\\/www.pinterest.com\\\/aztex_eesti\\\/\",\"https:\\\/\\\/www.tiktok.com\\\/@aztexeesti\",\"https:\\\/\\\/www.trustpilot.com\\\/review\\\/aztex.ee\",\"https:\\\/\\\/www.linkedin.com\\\/company\\\/aztex-ee\\\/\",\"https:\\\/\\\/www.wikidata.org\\\/wiki\\\/Q137560182\"]}]}<\/script>\n<!-- \/ Yoast SEO plugin. -->","yoast_head_json":{"title":"S\u00faprava poste\u013enej bielizne | Retro | AZTEX","description":"S\u00faprava oblie\u010dok z egyptskej bavlny 200x220 cm Retro prin\u00e1\u0161a luxus a pohodlie do va\u0161ej sp\u00e1lne. Vyroben\u00e9 zo 100% egyptskej bavlny, ktor\u00e1 je...","robots":{"index":"index","follow":"follow","max-snippet":"max-snippet:-1","max-image-preview":"max-image-preview:large","max-video-preview":"max-video-preview:-1"},"canonical":"https:\/\/aztex.ee\/sk\/pood\/mako-satenova-postelna-bielizen\/suprava-postelnej-bielizne-retro\/","og_locale":"sk_SK","og_type":"article","og_title":"S\u00faprava poste\u013enej bielizne | Retro | AZTEX","og_description":"S\u00faprava oblie\u010dok z egyptskej bavlny 200x220 cm Retro prin\u00e1\u0161a luxus a pohodlie do va\u0161ej sp\u00e1lne. Vyroben\u00e9 zo 100% egyptskej bavlny, ktor\u00e1 je...","og_url":"https:\/\/aztex.ee\/sk\/pood\/mako-satenova-postelna-bielizen\/suprava-postelnej-bielizne-retro\/","og_site_name":"AZTEX","article_publisher":"https:\/\/www.facebook.com\/AztexEE","article_modified_time":"2026-03-16T20:50:58+00:00","og_image":[{"width":800,"height":800,"url":"https:\/\/aztex.ee\/wp-content\/uploads\/2024\/09\/voodipesukomplekt-puuvill-6.jpg","type":"image\/jpeg"}],"twitter_card":"summary_large_image","twitter_misc":{"Predpokladan\u00fd \u010das \u010d\u00edtania":"1 min\u00fata"},"schema":{"@context":"https:\/\/schema.org","@graph":[{"@type":["WebPage","ItemPage"],"@id":"https:\/\/aztex.ee\/sk\/pood\/mako-satenova-postelna-bielizen\/suprava-postelnej-bielizne-retro\/","url":"https:\/\/aztex.ee\/sk\/pood\/mako-satenova-postelna-bielizen\/suprava-postelnej-bielizne-retro\/","name":"S\u00faprava poste\u013enej bielizne | Retro | AZTEX","isPartOf":{"@id":"https:\/\/aztex.ee\/sk\/#website"},"primaryImageOfPage":{"@id":"https:\/\/aztex.ee\/sk\/pood\/mako-satenova-postelna-bielizen\/suprava-postelnej-bielizne-retro\/#primaryimage"},"image":{"@id":"https:\/\/aztex.ee\/sk\/pood\/mako-satenova-postelna-bielizen\/suprava-postelnej-bielizne-retro\/#primaryimage"},"thumbnailUrl":"https:\/\/aztex.ee\/wp-content\/uploads\/2024\/09\/voodipesukomplekt-puuvill-6.jpg","datePublished":"2024-09-19T08:18:25+00:00","dateModified":"2026-03-16T20:50:58+00:00","description":"S\u00faprava oblie\u010dok z egyptskej bavlny 200x220 cm Retro prin\u00e1\u0161a luxus a pohodlie do va\u0161ej sp\u00e1lne. Vyroben\u00e9 zo 100% egyptskej bavlny, ktor\u00e1 je...","breadcrumb":{"@id":"https:\/\/aztex.ee\/sk\/pood\/mako-satenova-postelna-bielizen\/suprava-postelnej-bielizne-retro\/#breadcrumb"},"inLanguage":"sk-SK","potentialAction":[{"@type":"ReadAction","target":["https:\/\/aztex.ee\/sk\/pood\/mako-satenova-postelna-bielizen\/suprava-postelnej-bielizne-retro\/"]}]},{"@type":"ImageObject","inLanguage":"sk-SK","@id":"https:\/\/aztex.ee\/sk\/pood\/mako-satenova-postelna-bielizen\/suprava-postelnej-bielizne-retro\/#primaryimage","url":"https:\/\/aztex.ee\/wp-content\/uploads\/2024\/09\/voodipesukomplekt-puuvill-6.jpg","contentUrl":"https:\/\/aztex.ee\/wp-content\/uploads\/2024\/09\/voodipesukomplekt-puuvill-6.jpg","width":800,"height":800},{"@type":"BreadcrumbList","@id":"https:\/\/aztex.ee\/sk\/pood\/mako-satenova-postelna-bielizen\/suprava-postelnej-bielizne-retro\/#breadcrumb","itemListElement":[{"@type":"ListItem","position":1,"name":"Domov","item":"https:\/\/aztex.ee\/sk\/"},{"@type":"ListItem","position":2,"name":"Obchod","item":"https:\/\/aztex.ee\/sk\/obchod\/"},{"@type":"ListItem","position":3,"name":"S\u00faprava poste\u013enej bielizne | Retro"}]},{"@type":"WebSite","@id":"https:\/\/aztex.ee\/sk\/#website","url":"https:\/\/aztex.ee\/sk\/","name":"AZTEX","description":"","publisher":{"@id":"https:\/\/aztex.ee\/sk\/#organization"},"potentialAction":[{"@type":"SearchAction","target":{"@type":"EntryPoint","urlTemplate":"https:\/\/aztex.ee\/sk\/?s={search_term_string}"},"query-input":{"@type":"PropertyValueSpecification","valueRequired":true,"valueName":"search_term_string"}}],"inLanguage":"sk-SK"},{"@type":"Organization","@id":"https:\/\/aztex.ee\/sk\/#organization","name":"AZTEX","url":"https:\/\/aztex.ee\/sk\/","logo":{"@type":"ImageObject","inLanguage":"sk-SK","@id":"https:\/\/aztex.ee\/sk\/#\/schema\/logo\/image\/","url":"https:\/\/aztex.ee\/wp-content\/uploads\/2026\/01\/AZTEX.png","contentUrl":"https:\/\/aztex.ee\/wp-content\/uploads\/2026\/01\/AZTEX.png","width":500,"height":500,"caption":"AZTEX"},"image":{"@id":"https:\/\/aztex.ee\/sk\/#\/schema\/logo\/image\/"},"sameAs":["https:\/\/www.facebook.com\/AztexEE","https:\/\/www.instagram.com\/aztexeesti\/","https:\/\/www.youtube.com\/@AZTEXEE","https:\/\/www.pinterest.com\/aztex_eesti\/","https:\/\/www.tiktok.com\/@aztexeesti","https:\/\/www.trustpilot.com\/review\/aztex.ee","https:\/\/www.linkedin.com\/company\/aztex-ee\/","https:\/\/www.wikidata.org\/wiki\/Q137560182"]}]}},"_links":{"self":[{"href":"https:\/\/aztex.ee\/sk\/wp-json\/wp\/v2\/product\/34147","targetHints":{"allow":["GET"]}}],"collection":[{"href":"https:\/\/aztex.ee\/sk\/wp-json\/wp\/v2\/product"}],"about":[{"href":"https:\/\/aztex.ee\/sk\/wp-json\/wp\/v2\/types\/product"}],"replies":[{"embeddable":true,"href":"https:\/\/aztex.ee\/sk\/wp-json\/wp\/v2\/comments?post=34147"}],"version-history":[{"count":0,"href":"https:\/\/aztex.ee\/sk\/wp-json\/wp\/v2\/product\/34147\/revisions"}],"wp:featuredmedia":[{"embeddable":true,"href":"https:\/\/aztex.ee\/sk\/wp-json\/wp\/v2\/media\/34148"}],"wp:attachment":[{"href":"https:\/\/aztex.ee\/sk\/wp-json\/wp\/v2\/media?parent=34147"}],"wp:term":[{"taxonomy":"product_brand","embeddable":true,"href":"https:\/\/aztex.ee\/sk\/wp-json\/wp\/v2\/product_brand?post=34147"},{"taxonomy":"product_cat","embeddable":true,"href":"https:\/\/aztex.ee\/sk\/wp-json\/wp\/v2\/product_cat?post=34147"},{"taxonomy":"product_tag","embeddable":true,"href":"https:\/\/aztex.ee\/sk\/wp-json\/wp\/v2\/product_tag?post=34147"}],"curies":[{"name":"wp","href":"https:\/\/api.w.org\/{rel}","templated":true}]}}