{"id":104033,"date":"2026-02-22T13:30:47","date_gmt":"2026-02-22T13:30:47","guid":{"rendered":"https:\/\/aztex.ee\/?post_type=product&#038;p=104033"},"modified":"2026-04-03T15:10:37","modified_gmt":"2026-04-03T15:10:37","slug":"lanova-obliecka-na-vankus-ladovo-modra","status":"publish","type":"product","link":"https:\/\/aztex.ee\/sk\/pood\/obliecky-na-vankuse\/lanova-obliecka-na-vankus-ladovo-modra\/","title":{"rendered":"\u013danov\u00e1 oblie\u010dka na vank\u00fa\u0161 | \u013dadovo modr\u00e1"},"content":{"rendered":"<p><strong>Luxusn\u00e1 oblie\u010dka na vank\u00fa\u0161 zo \u013eanu \u2013 pr\u00edrodn\u00e1 kr\u00e1sa a vysoko kvalitn\u00e1 vo\u013eba<\/strong><\/p>\n<p><strong>Pr\u00edrodn\u00fd a priedu\u0161n\u00fd materi\u00e1l<\/strong><\/p>\n<p>Oblie\u010dka na vank\u00fa\u0161 zo 100% \u013eanu je vyroben\u00e1 z vysoko kvalitn\u00e9ho pr\u00edrodn\u00e9ho vl\u00e1kna, ktor\u00e9 je cenen\u00e9 pre svoju v\u00fdnimo\u010dn\u00fa priedu\u0161nos\u0165 a odolnos\u0165. \u013dan umo\u017e\u0148uje vo\u013en\u00fd pohyb vzduchu, \u010d\u00edm pom\u00e1ha predch\u00e1dza\u0165 nadmern\u00e9mu zahrievaniu a hromadeniu vlhkosti. V\u010faka svojim prirodzen\u00fdm termoregula\u010dn\u00fdm vlastnostiam materi\u00e1l poskytuje v lete pr\u00edjemne chladiv\u00fd pocit a v zime udr\u017eiava teplo. To vytv\u00e1ra vyv\u00e1\u017een\u00e9 a pr\u00edjemn\u00e9 prostredie na spanie po cel\u00fd rok. Prirodzen\u00e1 text\u00fara \u013eanu dod\u00e1va poste\u013enej bielizni luxusn\u00fd, no z\u00e1rove\u0148 prirodzen\u00fd vzh\u013ead a prin\u00e1\u0161a do sp\u00e1lne m\u00e4kk\u00fa a \u00fatuln\u00fa atmosf\u00e9ru. Okrem toho je materi\u00e1l pevn\u00fd a odoln\u00fd pri ka\u017edodennom pou\u017e\u00edvan\u00ed, pri\u010dom si \u010dasom zachov\u00e1va svoj kr\u00e1sny vzh\u013ead.<\/p>\n<p><strong>Priate\u013esk\u00fd k poko\u017eke a hypoalerg\u00e9nny<\/strong><\/p>\n<p>\u013danov\u00e1 tkanina je prirodzene antibakteri\u00e1lna a hypoalerg\u00e9nna, v\u010faka \u010domu je ide\u00e1lna pre citliv\u00fa alebo alergicky n\u00e1chyln\u00fa poko\u017eku. Materi\u00e1l nedr\u00e1\u017edi poko\u017eku a pom\u00e1ha zni\u017eova\u0165 \u0161\u00edrenie bakt\u00e9ri\u00ed a rozto\u010dov. \u013dan sa s ka\u017ed\u00fdm pran\u00edm st\u00e1va m\u00e4k\u0161\u00edm, pri\u010dom si zachov\u00e1va svoju pevnos\u0165 a kvalitu. Oblie\u010dka na vank\u00fa\u0161 je preto dobrou vo\u013ebou pre t\u00fdch, ktor\u00ed si cenia priaze\u0148 k poko\u017eke a \u010dist\u00e9 prostredie na spanie. Pr\u00edrodn\u00e9 zlo\u017eenie neobsahuje syntetick\u00e9 pr\u00edsady, ktor\u00e9 by mohli dr\u00e1\u017edi\u0165 poko\u017eku, a zais\u0165uje bezpe\u010dn\u00fd a pohodln\u00fd z\u00e1\u017eitok.<\/p>\n<p><strong>Elegantn\u00fd a pr\u00edrodn\u00fd dizajn<\/strong><\/p>\n<p>Minimalistick\u00fd a prirodzen\u00fd vzh\u013ead \u013eanovej oblie\u010dky na vank\u00fa\u0161 sa hod\u00ed k r\u00f4znym \u0161t\u00fdlom interi\u00e9rov\u00e9ho dizajnu, od \u0161kandin\u00e1vskej jednoduchosti a\u017e po \u00fatuln\u00fd vidiecky \u0161t\u00fdl. Jemn\u00e9 t\u00f3ny a mierne text\u00farovan\u00fd povrch vytv\u00e1raj\u00fa v sp\u00e1lni pokojn\u00fa a vyv\u00e1\u017een\u00fa atmosf\u00e9ru. Mierne pokr\u010den\u00e1 l\u00e1tka je prirodzen\u00fdm znakom \u013eanu, ktor\u00fd dod\u00e1va poste\u013enej bielizni charakter a teplo a rob\u00ed ka\u017ed\u00fa oblie\u010dku na vank\u00fa\u0161 vizu\u00e1lne \u017eivou. Diskr\u00e9tna povrchov\u00e1 \u00faprava a kvalitn\u00e9 \u0161vy zd\u00f4raz\u0148uj\u00fa premyslen\u00fd dizajn a starostliv\u00e9 prevedenie produktu. V\u010faka svojmu prirodzen\u00e9mu vzh\u013eadu sa oblie\u010dka na vank\u00fa\u0161 kr\u00e1sne hod\u00ed do modern\u00fdch aj klasickej\u0161\u00edch interi\u00e9rov.<\/p>\n<p><strong>Odoln\u00e1 a dlhotrvaj\u00faca kvalita<\/strong><\/p>\n<p>\u013dan je jednou z najodolnej\u0161\u00edch pr\u00edrodn\u00fdch text\u00edli\u00ed a jej pevn\u00e1 \u0161trukt\u00fara vl\u00e1kien zais\u0165uje dlh\u00fa \u017eivotnos\u0165. Pri spr\u00e1vnej starostlivosti vydr\u017e\u00ed \u013eanov\u00e1 oblie\u010dka na vank\u00fa\u0161 roky a zachov\u00e1 si svoj tvar a kr\u00e1snu text\u00faru. L\u00e1tka sa \u013eahko neroz\u0165ahuje a pri pou\u017e\u00edvan\u00ed sa st\u00e1va m\u00e4k\u0161ou a pohodlnej\u0161ou. Invest\u00edcia do kvalitnej \u013eanovej oblie\u010dky na vank\u00fa\u0161 sa oplat\u00ed, preto\u017ee si produkt zachov\u00e1va svoj vzh\u013ead a vlastnosti aj po dlhodobom pou\u017e\u00edvan\u00ed. Pevn\u00fd materi\u00e1l pom\u00e1ha predch\u00e1dza\u0165 opotrebovaniu a poskytuje istotu pri ka\u017edodennom pou\u017e\u00edvan\u00ed.<\/p>\n<p><strong>Starostlivos\u0165 a udr\u017eiavanie dlhotrvaj\u00facej kr\u00e1sy<\/strong><\/p>\n<p>Starostlivos\u0165 o \u013eanov\u00fd oblie\u010dku na vank\u00fa\u0161 je jednoduch\u00e1 a nevy\u017eaduje zlo\u017eit\u00e9 postupy. Odpor\u00fa\u010da sa pra\u0165 v\u00fdrobok pri teplote 40 \u00b0C na programe jemn\u00e9 pranie s pou\u017eit\u00edm jemn\u00e9ho pracieho prostriedku bez siln\u00fdch bielidiel. Vyhnite sa nadmern\u00e9mu odstre\u010fovaniu a su\u0161eniu pri vysok\u00fdch teplot\u00e1ch, aby sa zachovala \u0161trukt\u00fara a prirodzen\u00e1 pevnos\u0165 l\u00e1tky. V pr\u00edpade potreby je mo\u017en\u00e9 oblie\u010dku na vank\u00fa\u0161 \u017eehli\u0165 mierne vlhk\u00fa, ale prirodzen\u00e9 pokr\u010denie je charakteristick\u00e9 pre \u013eanov\u00fd materi\u00e1l a dod\u00e1va v\u00fdrobku autentick\u00fd a \u0161t\u00fdlov\u00fd vzh\u013ead. Su\u0161enie na vzduchu pom\u00e1ha udr\u017eiava\u0165 elasticitu a m\u00e4kkos\u0165 vl\u00e1kien. Pri spr\u00e1vnej starostlivosti zostane \u013eanov\u00e1 oblie\u010dka na vank\u00fa\u0161 dlho kr\u00e1sna a kvalitn\u00e1.<\/p>\n","protected":false},"excerpt":{"rendered":"<p>\u013danov\u00e1 oblie\u010dka na vank\u00fa\u0161 je prirodzenou, ekologickou a udr\u017eate\u013enou vo\u013ebou, navrhnutou tak, aby poskytovala priedu\u0161n\u00fd komfort, vycibren\u00fa estetiku a v\u00fdnimo\u010dn\u00fa odolnos\u0165.<\/p>\n<ul>\n<li>Farba: \u013dadovo modr\u00e1<\/li>\n<li>Materi\u00e1l: 100% \u013dan, 160 g\/m2<\/li>\n<\/ul>\n<p><img loading=\"lazy\" decoding=\"async\" class=\"alignnone wp-image-20226\" src=\"https:\/\/aztex.ee\/wp-content\/uploads\/2024\/09\/oekotex100.png\" alt=\"\" width=\"113\" height=\"40\" srcset=\"https:\/\/aztex.ee\/wp-content\/uploads\/2024\/09\/oekotex100.png 204w, https:\/\/aztex.ee\/wp-content\/uploads\/2024\/09\/oekotex100-150x53.png 150w\" sizes=\"auto, (max-width: 113px) 100vw, 113px\" \/><img loading=\"lazy\" decoding=\"async\" class=\"alignnone wp-image-100270\" src=\"https:\/\/aztex.ee\/wp-content\/uploads\/2026\/01\/europeanflaxaztex.png\" alt=\"\" width=\"182\" height=\"40\" srcset=\"https:\/\/aztex.ee\/wp-content\/uploads\/2026\/01\/europeanflaxaztex.png 352w, https:\/\/aztex.ee\/wp-content\/uploads\/2026\/01\/europeanflaxaztex-150x33.png 150w\" sizes=\"auto, (max-width: 182px) 100vw, 182px\" \/><\/p>\n","protected":false},"featured_media":104134,"comment_status":"open","ping_status":"closed","template":"","meta":[],"product_brand":[],"product_cat":[6794,1786],"product_tag":[],"class_list":{"0":"post-104033","1":"product","2":"type-product","3":"status-publish","4":"has-post-thumbnail","6":"product_cat-lanove-obliecky-na-vankuse","7":"product_cat-obliecky-na-vankuse","9":"first","10":"instock","11":"shipping-taxable","12":"purchasable","13":"product-type-variable"},"yoast_head":"<!-- This site is optimized with the Yoast SEO plugin v27.3 - https:\/\/yoast.com\/product\/yoast-seo-wordpress\/ -->\n<title>Oblie\u010dka na vank\u00fa\u0161 zo 100% \u013eanu \u2013 \u013dadovo modr\u00e1 | AZTEX<\/title>\n<meta name=\"description\" content=\"Oblie\u010dka na vank\u00fa\u0161 z \u013eanu kombinuje odolnos\u0165 a pohodlie. Pr\u00edrodn\u00e1 tkanina umo\u017e\u0148uje vo\u013en\u00fa cirkul\u00e1ciu vzduchu, absorbuje vlhkos\u0165 a pou\u017e\u00edvan\u00edm sa st\u00e1va m\u00e4k\u0161ou a pohodlnej\u0161ou.\" \/>\n<meta name=\"robots\" content=\"index, follow, max-snippet:-1, max-image-preview:large, max-video-preview:-1\" \/>\n<link rel=\"canonical\" href=\"https:\/\/aztex.ee\/sk\/pood\/obliecky-na-vankuse\/lanova-obliecka-na-vankus-ladovo-modra\/\" \/>\n<meta property=\"og:locale\" content=\"sk_SK\" \/>\n<meta property=\"og:type\" content=\"article\" \/>\n<meta property=\"og:title\" content=\"Oblie\u010dka na vank\u00fa\u0161 zo 100% \u013eanu \u2013 \u013dadovo modr\u00e1 | AZTEX\" \/>\n<meta property=\"og:description\" content=\"Oblie\u010dka na vank\u00fa\u0161 z \u013eanu kombinuje odolnos\u0165 a pohodlie. Pr\u00edrodn\u00e1 tkanina umo\u017e\u0148uje vo\u013en\u00fa cirkul\u00e1ciu vzduchu, absorbuje vlhkos\u0165 a pou\u017e\u00edvan\u00edm sa st\u00e1va m\u00e4k\u0161ou a pohodlnej\u0161ou.\" \/>\n<meta property=\"og:url\" content=\"https:\/\/aztex.ee\/sk\/pood\/obliecky-na-vankuse\/lanova-obliecka-na-vankus-ladovo-modra\/\" \/>\n<meta property=\"og:site_name\" content=\"AZTEX\" \/>\n<meta property=\"article:publisher\" content=\"https:\/\/www.facebook.com\/AztexEE\" \/>\n<meta property=\"article:modified_time\" content=\"2026-04-03T15:10:37+00:00\" \/>\n<meta property=\"og:image\" content=\"https:\/\/aztex.ee\/wp-content\/uploads\/2026\/02\/Linane-padjapuur-Jaasinine-1.jpg\" \/>\n\t<meta property=\"og:image:width\" content=\"800\" \/>\n\t<meta property=\"og:image:height\" content=\"800\" \/>\n\t<meta property=\"og:image:type\" content=\"image\/jpeg\" \/>\n<meta name=\"twitter:card\" content=\"summary_large_image\" \/>\n<meta name=\"twitter:label1\" content=\"Predpokladan\u00fd \u010das \u010d\u00edtania\" \/>\n\t<meta name=\"twitter:data1\" content=\"3 min\u00faty\" \/>\n<script type=\"application\/ld+json\" class=\"yoast-schema-graph\">{\"@context\":\"https:\\\/\\\/schema.org\",\"@graph\":[{\"@type\":[\"WebPage\",\"ItemPage\"],\"@id\":\"https:\\\/\\\/aztex.ee\\\/sk\\\/pood\\\/obliecky-na-vankuse\\\/lanova-obliecka-na-vankus-ladovo-modra\\\/\",\"url\":\"https:\\\/\\\/aztex.ee\\\/sk\\\/pood\\\/obliecky-na-vankuse\\\/lanova-obliecka-na-vankus-ladovo-modra\\\/\",\"name\":\"Oblie\u010dka na vank\u00fa\u0161 zo 100% \u013eanu \u2013 \u013dadovo modr\u00e1 | AZTEX\",\"isPartOf\":{\"@id\":\"https:\\\/\\\/aztex.ee\\\/sk\\\/#website\"},\"primaryImageOfPage\":{\"@id\":\"https:\\\/\\\/aztex.ee\\\/sk\\\/pood\\\/obliecky-na-vankuse\\\/lanova-obliecka-na-vankus-ladovo-modra\\\/#primaryimage\"},\"image\":{\"@id\":\"https:\\\/\\\/aztex.ee\\\/sk\\\/pood\\\/obliecky-na-vankuse\\\/lanova-obliecka-na-vankus-ladovo-modra\\\/#primaryimage\"},\"thumbnailUrl\":\"https:\\\/\\\/aztex.ee\\\/wp-content\\\/uploads\\\/2026\\\/02\\\/Linane-padjapuur-Jaasinine-1.jpg\",\"datePublished\":\"2026-02-22T13:30:47+00:00\",\"dateModified\":\"2026-04-03T15:10:37+00:00\",\"description\":\"Oblie\u010dka na vank\u00fa\u0161 z \u013eanu kombinuje odolnos\u0165 a pohodlie. Pr\u00edrodn\u00e1 tkanina umo\u017e\u0148uje vo\u013en\u00fa cirkul\u00e1ciu vzduchu, absorbuje vlhkos\u0165 a pou\u017e\u00edvan\u00edm sa st\u00e1va m\u00e4k\u0161ou a pohodlnej\u0161ou.\",\"breadcrumb\":{\"@id\":\"https:\\\/\\\/aztex.ee\\\/sk\\\/pood\\\/obliecky-na-vankuse\\\/lanova-obliecka-na-vankus-ladovo-modra\\\/#breadcrumb\"},\"inLanguage\":\"sk-SK\",\"potentialAction\":[{\"@type\":\"ReadAction\",\"target\":[\"https:\\\/\\\/aztex.ee\\\/sk\\\/pood\\\/obliecky-na-vankuse\\\/lanova-obliecka-na-vankus-ladovo-modra\\\/\"]}]},{\"@type\":\"ImageObject\",\"inLanguage\":\"sk-SK\",\"@id\":\"https:\\\/\\\/aztex.ee\\\/sk\\\/pood\\\/obliecky-na-vankuse\\\/lanova-obliecka-na-vankus-ladovo-modra\\\/#primaryimage\",\"url\":\"https:\\\/\\\/aztex.ee\\\/wp-content\\\/uploads\\\/2026\\\/02\\\/Linane-padjapuur-Jaasinine-1.jpg\",\"contentUrl\":\"https:\\\/\\\/aztex.ee\\\/wp-content\\\/uploads\\\/2026\\\/02\\\/Linane-padjapuur-Jaasinine-1.jpg\",\"width\":800,\"height\":800,\"caption\":\"Linane padjap\u00fc\u00fcr J\u00e4\u00e4sinine\"},{\"@type\":\"BreadcrumbList\",\"@id\":\"https:\\\/\\\/aztex.ee\\\/sk\\\/pood\\\/obliecky-na-vankuse\\\/lanova-obliecka-na-vankus-ladovo-modra\\\/#breadcrumb\",\"itemListElement\":[{\"@type\":\"ListItem\",\"position\":1,\"name\":\"Domov\",\"item\":\"https:\\\/\\\/aztex.ee\\\/sk\\\/\"},{\"@type\":\"ListItem\",\"position\":2,\"name\":\"Obchod\",\"item\":\"https:\\\/\\\/aztex.ee\\\/sk\\\/obchod\\\/\"},{\"@type\":\"ListItem\",\"position\":3,\"name\":\"\u013danov\u00e1 oblie\u010dka na vank\u00fa\u0161 | \u013dadovo modr\u00e1\"}]},{\"@type\":\"WebSite\",\"@id\":\"https:\\\/\\\/aztex.ee\\\/sk\\\/#website\",\"url\":\"https:\\\/\\\/aztex.ee\\\/sk\\\/\",\"name\":\"AZTEX\",\"description\":\"\",\"publisher\":{\"@id\":\"https:\\\/\\\/aztex.ee\\\/sk\\\/#organization\"},\"potentialAction\":[{\"@type\":\"SearchAction\",\"target\":{\"@type\":\"EntryPoint\",\"urlTemplate\":\"https:\\\/\\\/aztex.ee\\\/sk\\\/?s={search_term_string}\"},\"query-input\":{\"@type\":\"PropertyValueSpecification\",\"valueRequired\":true,\"valueName\":\"search_term_string\"}}],\"inLanguage\":\"sk-SK\"},{\"@type\":\"Organization\",\"@id\":\"https:\\\/\\\/aztex.ee\\\/sk\\\/#organization\",\"name\":\"AZTEX\",\"url\":\"https:\\\/\\\/aztex.ee\\\/sk\\\/\",\"logo\":{\"@type\":\"ImageObject\",\"inLanguage\":\"sk-SK\",\"@id\":\"https:\\\/\\\/aztex.ee\\\/sk\\\/#\\\/schema\\\/logo\\\/image\\\/\",\"url\":\"https:\\\/\\\/aztex.ee\\\/wp-content\\\/uploads\\\/2026\\\/01\\\/AZTEX.png\",\"contentUrl\":\"https:\\\/\\\/aztex.ee\\\/wp-content\\\/uploads\\\/2026\\\/01\\\/AZTEX.png\",\"width\":500,\"height\":500,\"caption\":\"AZTEX\"},\"image\":{\"@id\":\"https:\\\/\\\/aztex.ee\\\/sk\\\/#\\\/schema\\\/logo\\\/image\\\/\"},\"sameAs\":[\"https:\\\/\\\/www.facebook.com\\\/AztexEE\",\"https:\\\/\\\/www.instagram.com\\\/aztexeesti\\\/\",\"https:\\\/\\\/www.youtube.com\\\/@AZTEXEE\",\"https:\\\/\\\/www.pinterest.com\\\/aztex_eesti\\\/\",\"https:\\\/\\\/www.tiktok.com\\\/@aztexeesti\",\"https:\\\/\\\/www.trustpilot.com\\\/review\\\/aztex.ee\",\"https:\\\/\\\/www.linkedin.com\\\/company\\\/aztex-ee\\\/\",\"https:\\\/\\\/www.wikidata.org\\\/wiki\\\/Q137560182\"]}]}<\/script>\n<!-- \/ Yoast SEO plugin. -->","yoast_head_json":{"title":"Oblie\u010dka na vank\u00fa\u0161 zo 100% \u013eanu \u2013 \u013dadovo modr\u00e1 | AZTEX","description":"Oblie\u010dka na vank\u00fa\u0161 z \u013eanu kombinuje odolnos\u0165 a pohodlie. Pr\u00edrodn\u00e1 tkanina umo\u017e\u0148uje vo\u013en\u00fa cirkul\u00e1ciu vzduchu, absorbuje vlhkos\u0165 a pou\u017e\u00edvan\u00edm sa st\u00e1va m\u00e4k\u0161ou a pohodlnej\u0161ou.","robots":{"index":"index","follow":"follow","max-snippet":"max-snippet:-1","max-image-preview":"max-image-preview:large","max-video-preview":"max-video-preview:-1"},"canonical":"https:\/\/aztex.ee\/sk\/pood\/obliecky-na-vankuse\/lanova-obliecka-na-vankus-ladovo-modra\/","og_locale":"sk_SK","og_type":"article","og_title":"Oblie\u010dka na vank\u00fa\u0161 zo 100% \u013eanu \u2013 \u013dadovo modr\u00e1 | AZTEX","og_description":"Oblie\u010dka na vank\u00fa\u0161 z \u013eanu kombinuje odolnos\u0165 a pohodlie. Pr\u00edrodn\u00e1 tkanina umo\u017e\u0148uje vo\u013en\u00fa cirkul\u00e1ciu vzduchu, absorbuje vlhkos\u0165 a pou\u017e\u00edvan\u00edm sa st\u00e1va m\u00e4k\u0161ou a pohodlnej\u0161ou.","og_url":"https:\/\/aztex.ee\/sk\/pood\/obliecky-na-vankuse\/lanova-obliecka-na-vankus-ladovo-modra\/","og_site_name":"AZTEX","article_publisher":"https:\/\/www.facebook.com\/AztexEE","article_modified_time":"2026-04-03T15:10:37+00:00","og_image":[{"width":800,"height":800,"url":"https:\/\/aztex.ee\/wp-content\/uploads\/2026\/02\/Linane-padjapuur-Jaasinine-1.jpg","type":"image\/jpeg"}],"twitter_card":"summary_large_image","twitter_misc":{"Predpokladan\u00fd \u010das \u010d\u00edtania":"3 min\u00faty"},"schema":{"@context":"https:\/\/schema.org","@graph":[{"@type":["WebPage","ItemPage"],"@id":"https:\/\/aztex.ee\/sk\/pood\/obliecky-na-vankuse\/lanova-obliecka-na-vankus-ladovo-modra\/","url":"https:\/\/aztex.ee\/sk\/pood\/obliecky-na-vankuse\/lanova-obliecka-na-vankus-ladovo-modra\/","name":"Oblie\u010dka na vank\u00fa\u0161 zo 100% \u013eanu \u2013 \u013dadovo modr\u00e1 | AZTEX","isPartOf":{"@id":"https:\/\/aztex.ee\/sk\/#website"},"primaryImageOfPage":{"@id":"https:\/\/aztex.ee\/sk\/pood\/obliecky-na-vankuse\/lanova-obliecka-na-vankus-ladovo-modra\/#primaryimage"},"image":{"@id":"https:\/\/aztex.ee\/sk\/pood\/obliecky-na-vankuse\/lanova-obliecka-na-vankus-ladovo-modra\/#primaryimage"},"thumbnailUrl":"https:\/\/aztex.ee\/wp-content\/uploads\/2026\/02\/Linane-padjapuur-Jaasinine-1.jpg","datePublished":"2026-02-22T13:30:47+00:00","dateModified":"2026-04-03T15:10:37+00:00","description":"Oblie\u010dka na vank\u00fa\u0161 z \u013eanu kombinuje odolnos\u0165 a pohodlie. Pr\u00edrodn\u00e1 tkanina umo\u017e\u0148uje vo\u013en\u00fa cirkul\u00e1ciu vzduchu, absorbuje vlhkos\u0165 a pou\u017e\u00edvan\u00edm sa st\u00e1va m\u00e4k\u0161ou a pohodlnej\u0161ou.","breadcrumb":{"@id":"https:\/\/aztex.ee\/sk\/pood\/obliecky-na-vankuse\/lanova-obliecka-na-vankus-ladovo-modra\/#breadcrumb"},"inLanguage":"sk-SK","potentialAction":[{"@type":"ReadAction","target":["https:\/\/aztex.ee\/sk\/pood\/obliecky-na-vankuse\/lanova-obliecka-na-vankus-ladovo-modra\/"]}]},{"@type":"ImageObject","inLanguage":"sk-SK","@id":"https:\/\/aztex.ee\/sk\/pood\/obliecky-na-vankuse\/lanova-obliecka-na-vankus-ladovo-modra\/#primaryimage","url":"https:\/\/aztex.ee\/wp-content\/uploads\/2026\/02\/Linane-padjapuur-Jaasinine-1.jpg","contentUrl":"https:\/\/aztex.ee\/wp-content\/uploads\/2026\/02\/Linane-padjapuur-Jaasinine-1.jpg","width":800,"height":800,"caption":"Linane padjap\u00fc\u00fcr J\u00e4\u00e4sinine"},{"@type":"BreadcrumbList","@id":"https:\/\/aztex.ee\/sk\/pood\/obliecky-na-vankuse\/lanova-obliecka-na-vankus-ladovo-modra\/#breadcrumb","itemListElement":[{"@type":"ListItem","position":1,"name":"Domov","item":"https:\/\/aztex.ee\/sk\/"},{"@type":"ListItem","position":2,"name":"Obchod","item":"https:\/\/aztex.ee\/sk\/obchod\/"},{"@type":"ListItem","position":3,"name":"\u013danov\u00e1 oblie\u010dka na vank\u00fa\u0161 | \u013dadovo modr\u00e1"}]},{"@type":"WebSite","@id":"https:\/\/aztex.ee\/sk\/#website","url":"https:\/\/aztex.ee\/sk\/","name":"AZTEX","description":"","publisher":{"@id":"https:\/\/aztex.ee\/sk\/#organization"},"potentialAction":[{"@type":"SearchAction","target":{"@type":"EntryPoint","urlTemplate":"https:\/\/aztex.ee\/sk\/?s={search_term_string}"},"query-input":{"@type":"PropertyValueSpecification","valueRequired":true,"valueName":"search_term_string"}}],"inLanguage":"sk-SK"},{"@type":"Organization","@id":"https:\/\/aztex.ee\/sk\/#organization","name":"AZTEX","url":"https:\/\/aztex.ee\/sk\/","logo":{"@type":"ImageObject","inLanguage":"sk-SK","@id":"https:\/\/aztex.ee\/sk\/#\/schema\/logo\/image\/","url":"https:\/\/aztex.ee\/wp-content\/uploads\/2026\/01\/AZTEX.png","contentUrl":"https:\/\/aztex.ee\/wp-content\/uploads\/2026\/01\/AZTEX.png","width":500,"height":500,"caption":"AZTEX"},"image":{"@id":"https:\/\/aztex.ee\/sk\/#\/schema\/logo\/image\/"},"sameAs":["https:\/\/www.facebook.com\/AztexEE","https:\/\/www.instagram.com\/aztexeesti\/","https:\/\/www.youtube.com\/@AZTEXEE","https:\/\/www.pinterest.com\/aztex_eesti\/","https:\/\/www.tiktok.com\/@aztexeesti","https:\/\/www.trustpilot.com\/review\/aztex.ee","https:\/\/www.linkedin.com\/company\/aztex-ee\/","https:\/\/www.wikidata.org\/wiki\/Q137560182"]}]}},"_links":{"self":[{"href":"https:\/\/aztex.ee\/sk\/wp-json\/wp\/v2\/product\/104033","targetHints":{"allow":["GET"]}}],"collection":[{"href":"https:\/\/aztex.ee\/sk\/wp-json\/wp\/v2\/product"}],"about":[{"href":"https:\/\/aztex.ee\/sk\/wp-json\/wp\/v2\/types\/product"}],"replies":[{"embeddable":true,"href":"https:\/\/aztex.ee\/sk\/wp-json\/wp\/v2\/comments?post=104033"}],"version-history":[{"count":3,"href":"https:\/\/aztex.ee\/sk\/wp-json\/wp\/v2\/product\/104033\/revisions"}],"predecessor-version":[{"id":104217,"href":"https:\/\/aztex.ee\/sk\/wp-json\/wp\/v2\/product\/104033\/revisions\/104217"}],"wp:featuredmedia":[{"embeddable":true,"href":"https:\/\/aztex.ee\/sk\/wp-json\/wp\/v2\/media\/104134"}],"wp:attachment":[{"href":"https:\/\/aztex.ee\/sk\/wp-json\/wp\/v2\/media?parent=104033"}],"wp:term":[{"taxonomy":"product_brand","embeddable":true,"href":"https:\/\/aztex.ee\/sk\/wp-json\/wp\/v2\/product_brand?post=104033"},{"taxonomy":"product_cat","embeddable":true,"href":"https:\/\/aztex.ee\/sk\/wp-json\/wp\/v2\/product_cat?post=104033"},{"taxonomy":"product_tag","embeddable":true,"href":"https:\/\/aztex.ee\/sk\/wp-json\/wp\/v2\/product_tag?post=104033"}],"curies":[{"name":"wp","href":"https:\/\/api.w.org\/{rel}","templated":true}]}}