{"id":101962,"date":"2026-02-07T18:59:24","date_gmt":"2026-02-07T18:59:24","guid":{"rendered":"https:\/\/aztex.ee\/?post_type=product&#038;p=101962"},"modified":"2026-04-10T13:00:55","modified_gmt":"2026-04-10T13:00:55","slug":"bavlneny-frote-uterak","status":"publish","type":"product","link":"https:\/\/aztex.ee\/sk\/pood\/uteraky-a-osusky\/bavlneny-frote-uterak\/","title":{"rendered":"Bavlnen\u00fd frot\u00e9 uter\u00e1k"},"content":{"rendered":"<p><strong>Bavlnen\u00fd frot\u00e9 uter\u00e1k \u2013 m\u00e4kkos\u0165 a luxus na ka\u017ed\u00fd de\u0148<\/strong><\/p>\n<p><strong>Luxusne m\u00e4kk\u00fd<\/strong><\/p>\n<p>Ka\u017ed\u00fd bavlnen\u00fd frot\u00e9 uter\u00e1k je vyroben\u00fd zo starostlivo vybranej vysoko kvalitnej bavlny, ktor\u00e1 je mimoriadne m\u00e4kk\u00e1 a rozmazn\u00e1va poko\u017eku pri ka\u017edom dotyku. Jemn\u00e1 frot\u00e9 tkanina rob\u00ed zo sprchovania alebo k\u00fapania relaxa\u010dn\u00fd a pr\u00edjemn\u00fd z\u00e1\u017eitok a pon\u00faka skuto\u010dn\u00fd okamih luxusu ka\u017ed\u00fd de\u0148. Uter\u00e1k je ide\u00e1lny aj pre \u013eud\u00ed s citlivou poko\u017ekou, ktor\u00ed chc\u00fa jemnos\u0165, pohodlie a pr\u00edjemn\u00fa m\u00e4kkos\u0165 pri ka\u017edom pou\u017eit\u00ed.<\/p>\n<p><strong>Efekt\u00edvna absorpcia a r\u00fdchle schnutie<\/strong><\/p>\n<p>Frot\u00e9 uter\u00e1k je navrhnut\u00fd pre r\u00fdchle a efekt\u00edvne schnutie. V\u010faka hust\u00e9mu a vysoko kvalitn\u00e9mu bavlnen\u00e9mu vl\u00e1knu okam\u017eite absorbuje vlhkos\u0165 a udr\u017eiava poko\u017eku such\u00fa a svie\u017eu. Ka\u017ed\u00e1 vrstva je navrhnut\u00e1 tak, aby dosiahla maxim\u00e1lnu absorpciu, v\u010faka \u010domu je uter\u00e1k ide\u00e1lnym ka\u017edodenn\u00fdm spolo\u010dn\u00edkom. Sp\u00e1ja praktickos\u0165 a luxus a pon\u00faka pr\u00edjemn\u00fd z\u00e1\u017eitok pri ka\u017edom pou\u017eit\u00ed.<\/p>\n<p><strong>Odoln\u00e1 a dlhotrvaj\u00faca kvalita<\/strong><\/p>\n<p>Bavlnen\u00fd frot\u00e9 uter\u00e1k je navrhnut\u00fd tak, aby vydr\u017eal. Pevn\u00e9 bavlnen\u00e9 vl\u00e1kna si zachov\u00e1vaj\u00fa tvar, m\u00e4kkos\u0165 a farbu uter\u00e1ka aj po opakovanom pran\u00ed. Uter\u00e1k zostane ako nov\u00fd po cel\u00e9 roky a poskytne rovnak\u00fd pohodln\u00fd a luxusn\u00fd pocit. Dlhotrvaj\u00faca kvalita z neho rob\u00ed spo\u013eahliv\u00fa vo\u013ebu pre ka\u017ed\u00fa dom\u00e1cnos\u0165, ktor\u00e1 si cen\u00ed pohodlie, dlh\u00fa \u017eivotnos\u0165 a ka\u017edodenn\u00fd luxus.<\/p>\n<p><strong>\u0160t\u00fdlov\u00fd a praktick\u00fd ka\u017edodenn\u00fd luxus<\/strong><\/p>\n<p>Bavlnen\u00fd frot\u00e9 uter\u00e1k dod\u00e1 \u0161t\u00fdl a luxus ka\u017edej k\u00fape\u013eni. Jeho nad\u010dasov\u00fd dizajn, pr\u00edjemn\u00e1 text\u00fara a starostlivo vybran\u00fd materi\u00e1l z neho robia ide\u00e1lny dar\u010dek alebo na ka\u017edodenn\u00e9 pou\u017eitie. Ve\u013ekos\u0165 a hmotnos\u0165 uter\u00e1ka s\u00fa ide\u00e1lne &#8211; dostato\u010dne priestrann\u00fd, ale z\u00e1rove\u0148 \u013eahko ovl\u00e1date\u013en\u00fd, poskytuje luxusn\u00fa starostlivos\u0165 a pr\u00edjemn\u00fd z\u00e1\u017eitok zaka\u017ed\u00fdm.<\/p>\n<p><strong>Pohodln\u00e1 starostlivos\u0165 a ka\u017edodenn\u00e9 pou\u017e\u00edvanie<\/strong><\/p>\n<p>Uter\u00e1k sa \u013eahko a r\u00fdchlo star\u00e1 &#8211; sta\u010d\u00ed ho pravidelne pra\u0165 v pr\u00e1\u010dke pri vhodnej teplote, aby bol op\u00e4\u0165 pripraven\u00fd na pou\u017eitie. R\u00fdchloschn\u00faca tkanina zais\u0165uje, \u017ee uter\u00e1k je v\u017edy po ruke a pripraven\u00fd na ka\u017ed\u00fa situ\u00e1ciu. Ide\u00e1lny pre \u013eud\u00ed s r\u00fdchlym \u017eivotn\u00fdm tempom a akt\u00edvnym \u017eivotn\u00fdm \u0161t\u00fdlom, ktor\u00ed chc\u00fa pohodlie, kvalitu a luxus v ka\u017edom detaile.<\/p>\n<p>Ak tento uter\u00e1k nesp\u013a\u0148a va\u0161e o\u010dak\u00e1vania, prehliadanie in\u00fdch <a href=\"https:\/\/aztex.ee\/sk\/kategorii\/uteraky-a-osusky\/\">Uter\u00e1ky<\/a> v\u00e1m pom\u00f4\u017ee porovna\u0165 materi\u00e1ly, ve\u013ekosti a vlastnosti a n\u00e1js\u0165 najlep\u0161iu vo\u013ebu.<\/p>\n","protected":false},"excerpt":{"rendered":"<ul>\n<li>Materi\u00e1l: 100% bavlna<\/li>\n<li>Ve\u013ekos\u0165: 35\u00d775 cm \u00b13<\/li>\n<li>Gram\u00e1\u017e: 500g\/m2<\/li>\n<\/ul>\n","protected":false},"featured_media":102262,"comment_status":"open","ping_status":"closed","template":"","meta":[],"product_brand":[],"product_cat":[1740,784,673],"product_tag":[],"class_list":{"0":"post-101962","1":"product","2":"type-product","3":"status-publish","4":"has-post-thumbnail","6":"product_cat-uteraky","7":"product_cat-uteraky-35x75-cm","8":"product_cat-uteraky-a-osusky","10":"first","11":"instock","12":"sale","13":"shipping-taxable","14":"purchasable","15":"product-type-variable"},"yoast_head":"<!-- This site is optimized with the Yoast SEO plugin v27.3 - https:\/\/yoast.com\/product\/yoast-seo-wordpress\/ -->\n<title>Frot\u00e9 uter\u00e1k zo 100% bavlny | AZTEX<\/title>\n<meta name=\"description\" content=\"T\u00e1to vysoko kvalitn\u00e1 bavlnen\u00e1 frot\u00e9 uter\u00e1k je m\u00e4kk\u00e1, vysoko sav\u00e1 a odoln\u00e1. Vhodn\u00e1 na ka\u017edodenn\u00e9 pou\u017eitie a zachov\u00e1va si tvar aj po opakovanom pran\u00ed.\" \/>\n<meta name=\"robots\" content=\"index, follow, max-snippet:-1, max-image-preview:large, max-video-preview:-1\" \/>\n<link rel=\"canonical\" href=\"https:\/\/aztex.ee\/sk\/pood\/uteraky-a-osusky\/bavlneny-frote-uterak\/\" \/>\n<meta property=\"og:locale\" content=\"sk_SK\" \/>\n<meta property=\"og:type\" content=\"article\" \/>\n<meta property=\"og:title\" content=\"Frot\u00e9 uter\u00e1k zo 100% bavlny | AZTEX\" \/>\n<meta property=\"og:description\" content=\"T\u00e1to vysoko kvalitn\u00e1 bavlnen\u00e1 frot\u00e9 uter\u00e1k je m\u00e4kk\u00e1, vysoko sav\u00e1 a odoln\u00e1. Vhodn\u00e1 na ka\u017edodenn\u00e9 pou\u017eitie a zachov\u00e1va si tvar aj po opakovanom pran\u00ed.\" \/>\n<meta property=\"og:url\" content=\"https:\/\/aztex.ee\/sk\/pood\/uteraky-a-osusky\/bavlneny-frote-uterak\/\" \/>\n<meta property=\"og:site_name\" content=\"AZTEX\" \/>\n<meta property=\"article:publisher\" content=\"https:\/\/www.facebook.com\/AztexEE\" \/>\n<meta property=\"article:modified_time\" content=\"2026-04-10T13:00:55+00:00\" \/>\n<meta property=\"og:image\" content=\"https:\/\/aztex.ee\/wp-content\/uploads\/2026\/02\/Puuvillane-froteeratik.jpg\" \/>\n\t<meta property=\"og:image:width\" content=\"800\" \/>\n\t<meta property=\"og:image:height\" content=\"800\" \/>\n\t<meta property=\"og:image:type\" content=\"image\/jpeg\" \/>\n<meta name=\"twitter:card\" content=\"summary_large_image\" \/>\n<meta name=\"twitter:label1\" content=\"Predpokladan\u00fd \u010das \u010d\u00edtania\" \/>\n\t<meta name=\"twitter:data1\" content=\"2 min\u00faty\" \/>\n<script type=\"application\/ld+json\" class=\"yoast-schema-graph\">{\"@context\":\"https:\\\/\\\/schema.org\",\"@graph\":[{\"@type\":[\"WebPage\",\"ItemPage\"],\"@id\":\"https:\\\/\\\/aztex.ee\\\/sk\\\/pood\\\/uteraky-a-osusky\\\/bavlneny-frote-uterak\\\/\",\"url\":\"https:\\\/\\\/aztex.ee\\\/sk\\\/pood\\\/uteraky-a-osusky\\\/bavlneny-frote-uterak\\\/\",\"name\":\"Frot\u00e9 uter\u00e1k zo 100% bavlny | AZTEX\",\"isPartOf\":{\"@id\":\"https:\\\/\\\/aztex.ee\\\/sk\\\/#website\"},\"primaryImageOfPage\":{\"@id\":\"https:\\\/\\\/aztex.ee\\\/sk\\\/pood\\\/uteraky-a-osusky\\\/bavlneny-frote-uterak\\\/#primaryimage\"},\"image\":{\"@id\":\"https:\\\/\\\/aztex.ee\\\/sk\\\/pood\\\/uteraky-a-osusky\\\/bavlneny-frote-uterak\\\/#primaryimage\"},\"thumbnailUrl\":\"https:\\\/\\\/aztex.ee\\\/wp-content\\\/uploads\\\/2026\\\/02\\\/Puuvillane-froteeratik.jpg\",\"datePublished\":\"2026-02-07T18:59:24+00:00\",\"dateModified\":\"2026-04-10T13:00:55+00:00\",\"description\":\"T\u00e1to vysoko kvalitn\u00e1 bavlnen\u00e1 frot\u00e9 uter\u00e1k je m\u00e4kk\u00e1, vysoko sav\u00e1 a odoln\u00e1. Vhodn\u00e1 na ka\u017edodenn\u00e9 pou\u017eitie a zachov\u00e1va si tvar aj po opakovanom pran\u00ed.\",\"breadcrumb\":{\"@id\":\"https:\\\/\\\/aztex.ee\\\/sk\\\/pood\\\/uteraky-a-osusky\\\/bavlneny-frote-uterak\\\/#breadcrumb\"},\"inLanguage\":\"sk-SK\",\"potentialAction\":[{\"@type\":\"ReadAction\",\"target\":[\"https:\\\/\\\/aztex.ee\\\/sk\\\/pood\\\/uteraky-a-osusky\\\/bavlneny-frote-uterak\\\/\"]}]},{\"@type\":\"ImageObject\",\"inLanguage\":\"sk-SK\",\"@id\":\"https:\\\/\\\/aztex.ee\\\/sk\\\/pood\\\/uteraky-a-osusky\\\/bavlneny-frote-uterak\\\/#primaryimage\",\"url\":\"https:\\\/\\\/aztex.ee\\\/wp-content\\\/uploads\\\/2026\\\/02\\\/Puuvillane-froteeratik.jpg\",\"contentUrl\":\"https:\\\/\\\/aztex.ee\\\/wp-content\\\/uploads\\\/2026\\\/02\\\/Puuvillane-froteeratik.jpg\",\"width\":800,\"height\":800,\"caption\":\"Puuvillane froteer\u00e4tik\"},{\"@type\":\"BreadcrumbList\",\"@id\":\"https:\\\/\\\/aztex.ee\\\/sk\\\/pood\\\/uteraky-a-osusky\\\/bavlneny-frote-uterak\\\/#breadcrumb\",\"itemListElement\":[{\"@type\":\"ListItem\",\"position\":1,\"name\":\"Domov\",\"item\":\"https:\\\/\\\/aztex.ee\\\/sk\\\/\"},{\"@type\":\"ListItem\",\"position\":2,\"name\":\"Obchod\",\"item\":\"https:\\\/\\\/aztex.ee\\\/sk\\\/obchod\\\/\"},{\"@type\":\"ListItem\",\"position\":3,\"name\":\"Bavlnen\u00fd frot\u00e9 uter\u00e1k\"}]},{\"@type\":\"WebSite\",\"@id\":\"https:\\\/\\\/aztex.ee\\\/sk\\\/#website\",\"url\":\"https:\\\/\\\/aztex.ee\\\/sk\\\/\",\"name\":\"AZTEX\",\"description\":\"\",\"publisher\":{\"@id\":\"https:\\\/\\\/aztex.ee\\\/sk\\\/#organization\"},\"potentialAction\":[{\"@type\":\"SearchAction\",\"target\":{\"@type\":\"EntryPoint\",\"urlTemplate\":\"https:\\\/\\\/aztex.ee\\\/sk\\\/?s={search_term_string}\"},\"query-input\":{\"@type\":\"PropertyValueSpecification\",\"valueRequired\":true,\"valueName\":\"search_term_string\"}}],\"inLanguage\":\"sk-SK\"},{\"@type\":\"Organization\",\"@id\":\"https:\\\/\\\/aztex.ee\\\/sk\\\/#organization\",\"name\":\"AZTEX\",\"url\":\"https:\\\/\\\/aztex.ee\\\/sk\\\/\",\"logo\":{\"@type\":\"ImageObject\",\"inLanguage\":\"sk-SK\",\"@id\":\"https:\\\/\\\/aztex.ee\\\/sk\\\/#\\\/schema\\\/logo\\\/image\\\/\",\"url\":\"https:\\\/\\\/aztex.ee\\\/wp-content\\\/uploads\\\/2026\\\/01\\\/AZTEX.png\",\"contentUrl\":\"https:\\\/\\\/aztex.ee\\\/wp-content\\\/uploads\\\/2026\\\/01\\\/AZTEX.png\",\"width\":500,\"height\":500,\"caption\":\"AZTEX\"},\"image\":{\"@id\":\"https:\\\/\\\/aztex.ee\\\/sk\\\/#\\\/schema\\\/logo\\\/image\\\/\"},\"sameAs\":[\"https:\\\/\\\/www.facebook.com\\\/AztexEE\",\"https:\\\/\\\/www.instagram.com\\\/aztexeesti\\\/\",\"https:\\\/\\\/www.youtube.com\\\/@AZTEXEE\",\"https:\\\/\\\/www.pinterest.com\\\/aztex_eesti\\\/\",\"https:\\\/\\\/www.tiktok.com\\\/@aztexeesti\",\"https:\\\/\\\/www.trustpilot.com\\\/review\\\/aztex.ee\",\"https:\\\/\\\/www.linkedin.com\\\/company\\\/aztex-ee\\\/\",\"https:\\\/\\\/www.wikidata.org\\\/wiki\\\/Q137560182\"]}]}<\/script>\n<!-- \/ Yoast SEO plugin. -->","yoast_head_json":{"title":"Frot\u00e9 uter\u00e1k zo 100% bavlny | AZTEX","description":"T\u00e1to vysoko kvalitn\u00e1 bavlnen\u00e1 frot\u00e9 uter\u00e1k je m\u00e4kk\u00e1, vysoko sav\u00e1 a odoln\u00e1. Vhodn\u00e1 na ka\u017edodenn\u00e9 pou\u017eitie a zachov\u00e1va si tvar aj po opakovanom pran\u00ed.","robots":{"index":"index","follow":"follow","max-snippet":"max-snippet:-1","max-image-preview":"max-image-preview:large","max-video-preview":"max-video-preview:-1"},"canonical":"https:\/\/aztex.ee\/sk\/pood\/uteraky-a-osusky\/bavlneny-frote-uterak\/","og_locale":"sk_SK","og_type":"article","og_title":"Frot\u00e9 uter\u00e1k zo 100% bavlny | AZTEX","og_description":"T\u00e1to vysoko kvalitn\u00e1 bavlnen\u00e1 frot\u00e9 uter\u00e1k je m\u00e4kk\u00e1, vysoko sav\u00e1 a odoln\u00e1. Vhodn\u00e1 na ka\u017edodenn\u00e9 pou\u017eitie a zachov\u00e1va si tvar aj po opakovanom pran\u00ed.","og_url":"https:\/\/aztex.ee\/sk\/pood\/uteraky-a-osusky\/bavlneny-frote-uterak\/","og_site_name":"AZTEX","article_publisher":"https:\/\/www.facebook.com\/AztexEE","article_modified_time":"2026-04-10T13:00:55+00:00","og_image":[{"width":800,"height":800,"url":"https:\/\/aztex.ee\/wp-content\/uploads\/2026\/02\/Puuvillane-froteeratik.jpg","type":"image\/jpeg"}],"twitter_card":"summary_large_image","twitter_misc":{"Predpokladan\u00fd \u010das \u010d\u00edtania":"2 min\u00faty"},"schema":{"@context":"https:\/\/schema.org","@graph":[{"@type":["WebPage","ItemPage"],"@id":"https:\/\/aztex.ee\/sk\/pood\/uteraky-a-osusky\/bavlneny-frote-uterak\/","url":"https:\/\/aztex.ee\/sk\/pood\/uteraky-a-osusky\/bavlneny-frote-uterak\/","name":"Frot\u00e9 uter\u00e1k zo 100% bavlny | AZTEX","isPartOf":{"@id":"https:\/\/aztex.ee\/sk\/#website"},"primaryImageOfPage":{"@id":"https:\/\/aztex.ee\/sk\/pood\/uteraky-a-osusky\/bavlneny-frote-uterak\/#primaryimage"},"image":{"@id":"https:\/\/aztex.ee\/sk\/pood\/uteraky-a-osusky\/bavlneny-frote-uterak\/#primaryimage"},"thumbnailUrl":"https:\/\/aztex.ee\/wp-content\/uploads\/2026\/02\/Puuvillane-froteeratik.jpg","datePublished":"2026-02-07T18:59:24+00:00","dateModified":"2026-04-10T13:00:55+00:00","description":"T\u00e1to vysoko kvalitn\u00e1 bavlnen\u00e1 frot\u00e9 uter\u00e1k je m\u00e4kk\u00e1, vysoko sav\u00e1 a odoln\u00e1. Vhodn\u00e1 na ka\u017edodenn\u00e9 pou\u017eitie a zachov\u00e1va si tvar aj po opakovanom pran\u00ed.","breadcrumb":{"@id":"https:\/\/aztex.ee\/sk\/pood\/uteraky-a-osusky\/bavlneny-frote-uterak\/#breadcrumb"},"inLanguage":"sk-SK","potentialAction":[{"@type":"ReadAction","target":["https:\/\/aztex.ee\/sk\/pood\/uteraky-a-osusky\/bavlneny-frote-uterak\/"]}]},{"@type":"ImageObject","inLanguage":"sk-SK","@id":"https:\/\/aztex.ee\/sk\/pood\/uteraky-a-osusky\/bavlneny-frote-uterak\/#primaryimage","url":"https:\/\/aztex.ee\/wp-content\/uploads\/2026\/02\/Puuvillane-froteeratik.jpg","contentUrl":"https:\/\/aztex.ee\/wp-content\/uploads\/2026\/02\/Puuvillane-froteeratik.jpg","width":800,"height":800,"caption":"Puuvillane froteer\u00e4tik"},{"@type":"BreadcrumbList","@id":"https:\/\/aztex.ee\/sk\/pood\/uteraky-a-osusky\/bavlneny-frote-uterak\/#breadcrumb","itemListElement":[{"@type":"ListItem","position":1,"name":"Domov","item":"https:\/\/aztex.ee\/sk\/"},{"@type":"ListItem","position":2,"name":"Obchod","item":"https:\/\/aztex.ee\/sk\/obchod\/"},{"@type":"ListItem","position":3,"name":"Bavlnen\u00fd frot\u00e9 uter\u00e1k"}]},{"@type":"WebSite","@id":"https:\/\/aztex.ee\/sk\/#website","url":"https:\/\/aztex.ee\/sk\/","name":"AZTEX","description":"","publisher":{"@id":"https:\/\/aztex.ee\/sk\/#organization"},"potentialAction":[{"@type":"SearchAction","target":{"@type":"EntryPoint","urlTemplate":"https:\/\/aztex.ee\/sk\/?s={search_term_string}"},"query-input":{"@type":"PropertyValueSpecification","valueRequired":true,"valueName":"search_term_string"}}],"inLanguage":"sk-SK"},{"@type":"Organization","@id":"https:\/\/aztex.ee\/sk\/#organization","name":"AZTEX","url":"https:\/\/aztex.ee\/sk\/","logo":{"@type":"ImageObject","inLanguage":"sk-SK","@id":"https:\/\/aztex.ee\/sk\/#\/schema\/logo\/image\/","url":"https:\/\/aztex.ee\/wp-content\/uploads\/2026\/01\/AZTEX.png","contentUrl":"https:\/\/aztex.ee\/wp-content\/uploads\/2026\/01\/AZTEX.png","width":500,"height":500,"caption":"AZTEX"},"image":{"@id":"https:\/\/aztex.ee\/sk\/#\/schema\/logo\/image\/"},"sameAs":["https:\/\/www.facebook.com\/AztexEE","https:\/\/www.instagram.com\/aztexeesti\/","https:\/\/www.youtube.com\/@AZTEXEE","https:\/\/www.pinterest.com\/aztex_eesti\/","https:\/\/www.tiktok.com\/@aztexeesti","https:\/\/www.trustpilot.com\/review\/aztex.ee","https:\/\/www.linkedin.com\/company\/aztex-ee\/","https:\/\/www.wikidata.org\/wiki\/Q137560182"]}]}},"_links":{"self":[{"href":"https:\/\/aztex.ee\/sk\/wp-json\/wp\/v2\/product\/101962","targetHints":{"allow":["GET"]}}],"collection":[{"href":"https:\/\/aztex.ee\/sk\/wp-json\/wp\/v2\/product"}],"about":[{"href":"https:\/\/aztex.ee\/sk\/wp-json\/wp\/v2\/types\/product"}],"replies":[{"embeddable":true,"href":"https:\/\/aztex.ee\/sk\/wp-json\/wp\/v2\/comments?post=101962"}],"version-history":[{"count":3,"href":"https:\/\/aztex.ee\/sk\/wp-json\/wp\/v2\/product\/101962\/revisions"}],"predecessor-version":[{"id":102477,"href":"https:\/\/aztex.ee\/sk\/wp-json\/wp\/v2\/product\/101962\/revisions\/102477"}],"wp:featuredmedia":[{"embeddable":true,"href":"https:\/\/aztex.ee\/sk\/wp-json\/wp\/v2\/media\/102262"}],"wp:attachment":[{"href":"https:\/\/aztex.ee\/sk\/wp-json\/wp\/v2\/media?parent=101962"}],"wp:term":[{"taxonomy":"product_brand","embeddable":true,"href":"https:\/\/aztex.ee\/sk\/wp-json\/wp\/v2\/product_brand?post=101962"},{"taxonomy":"product_cat","embeddable":true,"href":"https:\/\/aztex.ee\/sk\/wp-json\/wp\/v2\/product_cat?post=101962"},{"taxonomy":"product_tag","embeddable":true,"href":"https:\/\/aztex.ee\/sk\/wp-json\/wp\/v2\/product_tag?post=101962"}],"curies":[{"name":"wp","href":"https:\/\/api.w.org\/{rel}","templated":true}]}}