{"id":94015,"date":"2025-09-06T05:46:58","date_gmt":"2025-09-06T05:46:58","guid":{"rendered":"https:\/\/aztex.ee\/recenzie-zakaznikov\/"},"modified":"2025-09-06T07:26:42","modified_gmt":"2025-09-06T07:26:42","slug":"recenzie-zakaznikov","status":"publish","type":"page","link":"https:\/\/aztex.ee\/sk\/recenzie-zakaznikov\/","title":{"rendered":"Recenzie z\u00e1kazn\u00edkov"},"content":{"rendered":"\n<div data-block-name=\"woocommerce\/all-reviews\" class=\"wp-block-woocommerce-all-reviews wc-block-all-reviews has-image has-name has-date has-rating has-content has-product-name\" data-image-type=\"product\" data-orderby=\"most-recent\" data-reviews-on-page-load=\"15\" data-reviews-on-load-more=\"10\" data-show-load-more=\"true\" data-show-orderby=\"true\"><\/div>\n","protected":false},"excerpt":{"rendered":"","protected":false},"author":1,"featured_media":0,"parent":0,"menu_order":0,"comment_status":"closed","ping_status":"closed","template":"","meta":{"footnotes":""},"class_list":["post-94015","page","type-page","status-publish","hentry"],"yoast_head":"<!-- This site is optimized with the Yoast SEO plugin v27.4 - https:\/\/yoast.com\/product\/yoast-seo-wordpress\/ -->\n<title>Ako z\u00e1kazn\u00edci hodnotia AZTEX<\/title>\n<meta name=\"description\" content=\"Hodnotenia a recenzie z\u00e1kazn\u00edkov AZTEX \u2013 pozrite si, \u010do si o na\u0161ich produktoch myslia ostatn\u00ed, a n\u00e1jdite d\u00f4veryhodn\u00fa sp\u00e4tn\u00fa v\u00e4zbu.\" \/>\n<meta name=\"robots\" content=\"index, follow, max-snippet:-1, max-image-preview:large, max-video-preview:-1\" \/>\n<link rel=\"canonical\" href=\"https:\/\/aztex.ee\/sk\/recenzie-zakaznikov\/\" \/>\n<meta property=\"og:locale\" content=\"sk_SK\" \/>\n<meta property=\"og:type\" content=\"article\" \/>\n<meta property=\"og:title\" content=\"Ako z\u00e1kazn\u00edci hodnotia AZTEX\" \/>\n<meta property=\"og:description\" content=\"Hodnotenia a recenzie z\u00e1kazn\u00edkov AZTEX \u2013 pozrite si, \u010do si o na\u0161ich produktoch myslia ostatn\u00ed, a n\u00e1jdite d\u00f4veryhodn\u00fa sp\u00e4tn\u00fa v\u00e4zbu.\" \/>\n<meta property=\"og:url\" content=\"https:\/\/aztex.ee\/sk\/recenzie-zakaznikov\/\" \/>\n<meta property=\"og:site_name\" content=\"AZTEX\" \/>\n<meta property=\"article:publisher\" content=\"https:\/\/www.facebook.com\/AztexEE\" \/>\n<meta property=\"article:modified_time\" content=\"2025-09-06T07:26:42+00:00\" \/>\n<meta name=\"twitter:card\" content=\"summary_large_image\" \/>\n<script type=\"application\/ld+json\" class=\"yoast-schema-graph\">{\"@context\":\"https:\\\/\\\/schema.org\",\"@graph\":[{\"@type\":\"WebPage\",\"@id\":\"https:\\\/\\\/aztex.ee\\\/sk\\\/recenzie-zakaznikov\\\/\",\"url\":\"https:\\\/\\\/aztex.ee\\\/sk\\\/recenzie-zakaznikov\\\/\",\"name\":\"Ako z\u00e1kazn\u00edci hodnotia AZTEX\",\"isPartOf\":{\"@id\":\"https:\\\/\\\/aztex.ee\\\/sk\\\/#website\"},\"datePublished\":\"2025-09-06T05:46:58+00:00\",\"dateModified\":\"2025-09-06T07:26:42+00:00\",\"description\":\"Hodnotenia a recenzie z\u00e1kazn\u00edkov AZTEX \u2013 pozrite si, \u010do si o na\u0161ich produktoch myslia ostatn\u00ed, a n\u00e1jdite d\u00f4veryhodn\u00fa sp\u00e4tn\u00fa v\u00e4zbu.\",\"breadcrumb\":{\"@id\":\"https:\\\/\\\/aztex.ee\\\/sk\\\/recenzie-zakaznikov\\\/#breadcrumb\"},\"inLanguage\":\"sk-SK\",\"potentialAction\":[{\"@type\":\"ReadAction\",\"target\":[\"https:\\\/\\\/aztex.ee\\\/sk\\\/recenzie-zakaznikov\\\/\"]}]},{\"@type\":\"BreadcrumbList\",\"@id\":\"https:\\\/\\\/aztex.ee\\\/sk\\\/recenzie-zakaznikov\\\/#breadcrumb\",\"itemListElement\":[{\"@type\":\"ListItem\",\"position\":1,\"name\":\"Domov\",\"item\":\"https:\\\/\\\/aztex.ee\\\/sk\\\/\"},{\"@type\":\"ListItem\",\"position\":2,\"name\":\"Recenzie z\u00e1kazn\u00edkov\"}]},{\"@type\":\"WebSite\",\"@id\":\"https:\\\/\\\/aztex.ee\\\/sk\\\/#website\",\"url\":\"https:\\\/\\\/aztex.ee\\\/sk\\\/\",\"name\":\"AZTEX\",\"description\":\"\",\"publisher\":{\"@id\":\"https:\\\/\\\/aztex.ee\\\/sk\\\/#organization\"},\"potentialAction\":[{\"@type\":\"SearchAction\",\"target\":{\"@type\":\"EntryPoint\",\"urlTemplate\":\"https:\\\/\\\/aztex.ee\\\/sk\\\/?s={search_term_string}\"},\"query-input\":{\"@type\":\"PropertyValueSpecification\",\"valueRequired\":true,\"valueName\":\"search_term_string\"}}],\"inLanguage\":\"sk-SK\"},{\"@type\":\"Organization\",\"@id\":\"https:\\\/\\\/aztex.ee\\\/sk\\\/#organization\",\"name\":\"AZTEX\",\"url\":\"https:\\\/\\\/aztex.ee\\\/sk\\\/\",\"logo\":{\"@type\":\"ImageObject\",\"inLanguage\":\"sk-SK\",\"@id\":\"https:\\\/\\\/aztex.ee\\\/sk\\\/#\\\/schema\\\/logo\\\/image\\\/\",\"url\":\"https:\\\/\\\/aztex.ee\\\/wp-content\\\/uploads\\\/2026\\\/01\\\/AZTEX.png\",\"contentUrl\":\"https:\\\/\\\/aztex.ee\\\/wp-content\\\/uploads\\\/2026\\\/01\\\/AZTEX.png\",\"width\":500,\"height\":500,\"caption\":\"AZTEX\"},\"image\":{\"@id\":\"https:\\\/\\\/aztex.ee\\\/sk\\\/#\\\/schema\\\/logo\\\/image\\\/\"},\"sameAs\":[\"https:\\\/\\\/www.facebook.com\\\/AztexEE\",\"https:\\\/\\\/www.instagram.com\\\/aztexeesti\\\/\",\"https:\\\/\\\/www.youtube.com\\\/@AZTEXEE\",\"https:\\\/\\\/www.pinterest.com\\\/aztex_eesti\\\/\",\"https:\\\/\\\/www.tiktok.com\\\/@aztexeesti\",\"https:\\\/\\\/www.trustpilot.com\\\/review\\\/aztex.ee\",\"https:\\\/\\\/www.linkedin.com\\\/company\\\/aztex-ee\\\/\",\"https:\\\/\\\/www.wikidata.org\\\/wiki\\\/Q137560182\"]}]}<\/script>\n<!-- \/ Yoast SEO plugin. -->","yoast_head_json":{"title":"Ako z\u00e1kazn\u00edci hodnotia AZTEX","description":"Hodnotenia a recenzie z\u00e1kazn\u00edkov AZTEX \u2013 pozrite si, \u010do si o na\u0161ich produktoch myslia ostatn\u00ed, a n\u00e1jdite d\u00f4veryhodn\u00fa sp\u00e4tn\u00fa v\u00e4zbu.","robots":{"index":"index","follow":"follow","max-snippet":"max-snippet:-1","max-image-preview":"max-image-preview:large","max-video-preview":"max-video-preview:-1"},"canonical":"https:\/\/aztex.ee\/sk\/recenzie-zakaznikov\/","og_locale":"sk_SK","og_type":"article","og_title":"Ako z\u00e1kazn\u00edci hodnotia AZTEX","og_description":"Hodnotenia a recenzie z\u00e1kazn\u00edkov AZTEX \u2013 pozrite si, \u010do si o na\u0161ich produktoch myslia ostatn\u00ed, a n\u00e1jdite d\u00f4veryhodn\u00fa sp\u00e4tn\u00fa v\u00e4zbu.","og_url":"https:\/\/aztex.ee\/sk\/recenzie-zakaznikov\/","og_site_name":"AZTEX","article_publisher":"https:\/\/www.facebook.com\/AztexEE","article_modified_time":"2025-09-06T07:26:42+00:00","twitter_card":"summary_large_image","schema":{"@context":"https:\/\/schema.org","@graph":[{"@type":"WebPage","@id":"https:\/\/aztex.ee\/sk\/recenzie-zakaznikov\/","url":"https:\/\/aztex.ee\/sk\/recenzie-zakaznikov\/","name":"Ako z\u00e1kazn\u00edci hodnotia AZTEX","isPartOf":{"@id":"https:\/\/aztex.ee\/sk\/#website"},"datePublished":"2025-09-06T05:46:58+00:00","dateModified":"2025-09-06T07:26:42+00:00","description":"Hodnotenia a recenzie z\u00e1kazn\u00edkov AZTEX \u2013 pozrite si, \u010do si o na\u0161ich produktoch myslia ostatn\u00ed, a n\u00e1jdite d\u00f4veryhodn\u00fa sp\u00e4tn\u00fa v\u00e4zbu.","breadcrumb":{"@id":"https:\/\/aztex.ee\/sk\/recenzie-zakaznikov\/#breadcrumb"},"inLanguage":"sk-SK","potentialAction":[{"@type":"ReadAction","target":["https:\/\/aztex.ee\/sk\/recenzie-zakaznikov\/"]}]},{"@type":"BreadcrumbList","@id":"https:\/\/aztex.ee\/sk\/recenzie-zakaznikov\/#breadcrumb","itemListElement":[{"@type":"ListItem","position":1,"name":"Domov","item":"https:\/\/aztex.ee\/sk\/"},{"@type":"ListItem","position":2,"name":"Recenzie z\u00e1kazn\u00edkov"}]},{"@type":"WebSite","@id":"https:\/\/aztex.ee\/sk\/#website","url":"https:\/\/aztex.ee\/sk\/","name":"AZTEX","description":"","publisher":{"@id":"https:\/\/aztex.ee\/sk\/#organization"},"potentialAction":[{"@type":"SearchAction","target":{"@type":"EntryPoint","urlTemplate":"https:\/\/aztex.ee\/sk\/?s={search_term_string}"},"query-input":{"@type":"PropertyValueSpecification","valueRequired":true,"valueName":"search_term_string"}}],"inLanguage":"sk-SK"},{"@type":"Organization","@id":"https:\/\/aztex.ee\/sk\/#organization","name":"AZTEX","url":"https:\/\/aztex.ee\/sk\/","logo":{"@type":"ImageObject","inLanguage":"sk-SK","@id":"https:\/\/aztex.ee\/sk\/#\/schema\/logo\/image\/","url":"https:\/\/aztex.ee\/wp-content\/uploads\/2026\/01\/AZTEX.png","contentUrl":"https:\/\/aztex.ee\/wp-content\/uploads\/2026\/01\/AZTEX.png","width":500,"height":500,"caption":"AZTEX"},"image":{"@id":"https:\/\/aztex.ee\/sk\/#\/schema\/logo\/image\/"},"sameAs":["https:\/\/www.facebook.com\/AztexEE","https:\/\/www.instagram.com\/aztexeesti\/","https:\/\/www.youtube.com\/@AZTEXEE","https:\/\/www.pinterest.com\/aztex_eesti\/","https:\/\/www.tiktok.com\/@aztexeesti","https:\/\/www.trustpilot.com\/review\/aztex.ee","https:\/\/www.linkedin.com\/company\/aztex-ee\/","https:\/\/www.wikidata.org\/wiki\/Q137560182"]}]}},"_links":{"self":[{"href":"https:\/\/aztex.ee\/sk\/wp-json\/wp\/v2\/pages\/94015","targetHints":{"allow":["GET"]}}],"collection":[{"href":"https:\/\/aztex.ee\/sk\/wp-json\/wp\/v2\/pages"}],"about":[{"href":"https:\/\/aztex.ee\/sk\/wp-json\/wp\/v2\/types\/page"}],"author":[{"embeddable":true,"href":"https:\/\/aztex.ee\/sk\/wp-json\/wp\/v2\/users\/1"}],"replies":[{"embeddable":true,"href":"https:\/\/aztex.ee\/sk\/wp-json\/wp\/v2\/comments?post=94015"}],"version-history":[{"count":0,"href":"https:\/\/aztex.ee\/sk\/wp-json\/wp\/v2\/pages\/94015\/revisions"}],"wp:attachment":[{"href":"https:\/\/aztex.ee\/sk\/wp-json\/wp\/v2\/media?parent=94015"}],"curies":[{"name":"wp","href":"https:\/\/api.w.org\/{rel}","templated":true}]}}