{"id":107176,"date":"2026-03-16T07:17:40","date_gmt":"2026-03-16T07:17:40","guid":{"rendered":"https:\/\/aztex.ee\/meist\/"},"modified":"2026-03-16T11:31:18","modified_gmt":"2026-03-16T11:31:18","slug":"o-aztex","status":"publish","type":"page","link":"https:\/\/aztex.ee\/sk\/o-aztex\/","title":{"rendered":"O AZTEX"},"content":{"rendered":"\n<p class=\"wp-block-wd-paragraph wd-5664340f\"><strong>AZTEX<\/strong> je medzin\u00e1rodn\u00e1 <strong>zna\u010dka bytov\u00e9ho textilu<\/strong>, ktor\u00e1 pon\u00faka vysokokvalitn\u00fa poste\u013en\u00fa bielize\u0148 a textiln\u00e9 produkty z\u00e1kazn\u00edkom po celom svete. Zna\u010dka funguje pod spolo\u010dnos\u0165ou <strong>AZTEX Eesti O\u00dc<\/strong>, ktor\u00e1 je dc\u00e9rskou spolo\u010dnos\u0165ou <strong>Minu Baltic O\u00dc<\/strong>. Zakladate\u013eom zna\u010dky AZTEX je podnikate\u013e <strong>Farid Ismayilov<\/strong>.<\/p>\n\n\n\n<p class=\"wp-block-wd-paragraph wd-2873313c\">Na\u0161\u00edm cie\u013eom je poskytova\u0165 spo\u013eahliv\u00fd a kvalitn\u00fd bytov\u00fd textil, ktor\u00fd pom\u00e1ha vytv\u00e1ra\u0165 <strong>pohodln\u00e9 a zdrav\u00e9 dom\u00e1ce prostredie<\/strong>. Ver\u00edme, \u017ee kvalitn\u00fd sp\u00e1nok a \u00fatuln\u00fd domov za\u010d\u00ednaj\u00fa pri pr\u00e9miov\u00fdch materi\u00e1loch a starostlivo vybran\u00fdch produktoch.<\/p>\n\n\n\n<p class=\"wp-block-wd-paragraph wd-cd5b2787\">Dnes AZTEX pred\u00e1va svoje produkty vo <strong>viac ako 35 krajin\u00e1ch<\/strong> po celom svete, vr\u00e1tane: <strong>Slovenska, Est\u00f3nska, \u0160v\u00e9dska, D\u00e1nska, N\u00f3rska, F\u00ednska, Po\u013eska, \u010ceska, Ma\u010farska, Holandska, Nemecka, Rak\u00faska, \u0160vaj\u010diarska, Islandu, Faersk\u00fdch ostrovov, Loty\u0161ska, Litvy, Kosova, Bulharska, Rumunska, Franc\u00fazska, Ve\u013ekej Brit\u00e1nie, Slovinska, Severn\u00e9ho Maced\u00f3nska, Chorv\u00e1tska, Talianska, \u0160panielska, Bosny a Hercegoviny, Srbska, \u010ciernej Hory, Gr\u00e9cka, Alb\u00e1nska, Malty, Portugalska, \u00cdrska, USA, Kanady a Mexika.<\/strong><\/p>\n\n\n\n<p class=\"wp-block-wd-paragraph wd-12aa0dc4\">AZTEX sa zameriava na kvalitu, pohodlie a pr\u00edrodn\u00e9 materi\u00e1ly. N\u00e1\u0161 sortiment zah\u0155\u0148a starostlivo vybran\u00e9 tkaniny, ako s\u00fa <strong>bavlna, \u013ean, bambus, Tencel (Lyocell), konope a hodv\u00e1b.<\/strong> Tieto materi\u00e1ly s\u00fa priedu\u0161n\u00e9, \u0161etrn\u00e9 k poko\u017eke a odoln\u00e9, \u010do zaru\u010duje pohodln\u00fd sp\u00e1nok najvy\u0161\u0161ej kvality.<\/p>\n\n\n\n<p class=\"wp-block-wd-paragraph wd-229a7ae9\">Pre n\u00e1s je k\u013e\u00fa\u010dov\u00e9, aby bytov\u00fd textil bol nielen praktick\u00fd, ale aj estetick\u00fd a trv\u00e1cny. Preto venujeme ve\u013ek\u00fa pozornos\u0165 kvalite materi\u00e1lov aj dizajnu na\u0161ich produktov.<\/p>\n\n\n\n<h3 class=\"wp-block-wd-title title wd-743beea9\"><strong>Pre\u010do n\u00e1m z\u00e1kazn\u00edci d\u00f4veruj\u00fa?<\/strong><\/h3>\n\n\n\n<p class=\"wp-block-wd-paragraph wd-205fbf3b\"><strong>Vysokokvalitn\u00e9 materi\u00e1ly<\/strong> Na\u0161e produkty vyber\u00e1me s maxim\u00e1lnou starostlivos\u0165ou, aby sme zaru\u010dili ich odolnos\u0165 a pohodlie.<\/p>\n\n\n\n<p class=\"wp-block-wd-paragraph wd-1a87b041\"><strong>Medzin\u00e1rodn\u00e9 sk\u00fasenosti<\/strong> Obsluhujeme z\u00e1kazn\u00edkov po celom svete a pon\u00fakame podporu v <strong>19 r\u00f4znych jazykoch<\/strong>.<\/p>\n\n\n\n<p class=\"wp-block-wd-paragraph wd-b242afc4\"><strong>Spokojnos\u0165 z\u00e1kazn\u00edkov<\/strong> Na\u0161e hodnotenie <strong><a href=\"https:\/\/www.trustpilot.com\/review\/aztex.ee\" type=\"link\" id=\"https:\/\/www.trustpilot.com\/review\/aztex.ee\" target=\"_blank\" rel=\"noreferrer noopener\">4.8 \/ 5 na Trustpilot<\/a><\/strong> dokazuje, \u017ee na\u0161i z\u00e1kazn\u00edci oce\u0148uj\u00fa kvalitu na\u0161ich produktov a na\u0161ich slu\u017eieb.<\/p>\n\n\n\n<p class=\"wp-block-wd-paragraph wd-6b84c770\">\u010eakujeme, \u017ee ste si pre svoj domov vybrali <strong>AZTEX<\/strong>. Na\u0161\u00edm poslan\u00edm je by\u0165 spo\u013eahlivou a kvalitnou vo\u013ebou vo svete bytov\u00e9ho textilu.<\/p>\n","protected":false},"excerpt":{"rendered":"","protected":false},"author":1,"featured_media":0,"parent":0,"menu_order":0,"comment_status":"closed","ping_status":"closed","template":"","meta":{"footnotes":""},"class_list":["post-107176","page","type-page","status-publish","hentry"],"yoast_head":"<!-- This site is optimized with the Yoast SEO plugin v27.6 - https:\/\/yoast.com\/product\/yoast-seo-wordpress\/ -->\n<title>O AZTEX | Kvalitn\u00fd bytov\u00fd textil a poste\u013en\u00e1 bielize\u0148<\/title>\n<meta name=\"description\" content=\"AZTEX je medzin\u00e1rodn\u00e1 zna\u010dka bytov\u00e9ho textilu, ktor\u00e1 pon\u00faka vysokokvalitn\u00fa poste\u013en\u00fa bielize\u0148 a textiln\u00e9 produkty z\u00e1kazn\u00edkom po celom svete. Zna\u010dka funguje pod spolo\u010dnos\u0165ou AZTEX Eesti O\u00dc, ktor\u00e1 je dc\u00e9rskou spolo\u010dnos\u0165ou Minu Baltic O\u00dc. Zakladate\u013eom zna\u010dky AZTEX je podnikate\u013e Farid Ismayilov.\" \/>\n<meta name=\"robots\" content=\"index, follow, max-snippet:-1, max-image-preview:large, max-video-preview:-1\" \/>\n<link rel=\"canonical\" href=\"https:\/\/aztex.ee\/sk\/o-aztex\/\" \/>\n<meta property=\"og:locale\" content=\"sk_SK\" \/>\n<meta property=\"og:type\" content=\"article\" \/>\n<meta property=\"og:title\" content=\"O AZTEX | Kvalitn\u00fd bytov\u00fd textil a poste\u013en\u00e1 bielize\u0148\" \/>\n<meta property=\"og:description\" content=\"AZTEX je medzin\u00e1rodn\u00e1 zna\u010dka bytov\u00e9ho textilu, ktor\u00e1 pon\u00faka vysokokvalitn\u00fa poste\u013en\u00fa bielize\u0148 a textiln\u00e9 produkty z\u00e1kazn\u00edkom po celom svete. Zna\u010dka funguje pod spolo\u010dnos\u0165ou AZTEX Eesti O\u00dc, ktor\u00e1 je dc\u00e9rskou spolo\u010dnos\u0165ou Minu Baltic O\u00dc. Zakladate\u013eom zna\u010dky AZTEX je podnikate\u013e Farid Ismayilov.\" \/>\n<meta property=\"og:url\" content=\"https:\/\/aztex.ee\/sk\/o-aztex\/\" \/>\n<meta property=\"og:site_name\" content=\"AZTEX\" \/>\n<meta property=\"article:publisher\" content=\"https:\/\/www.facebook.com\/AztexEE\" \/>\n<meta property=\"article:modified_time\" content=\"2026-03-16T11:31:18+00:00\" \/>\n<meta name=\"twitter:card\" content=\"summary_large_image\" \/>\n<meta name=\"twitter:label1\" content=\"Predpokladan\u00fd \u010das \u010d\u00edtania\" \/>\n\t<meta name=\"twitter:data1\" content=\"2 min\u00faty\" \/>\n<script type=\"application\/ld+json\" class=\"yoast-schema-graph\">{\"@context\":\"https:\\\/\\\/schema.org\",\"@graph\":[{\"@type\":\"WebPage\",\"@id\":\"https:\\\/\\\/aztex.ee\\\/sk\\\/o-aztex\\\/\",\"url\":\"https:\\\/\\\/aztex.ee\\\/sk\\\/o-aztex\\\/\",\"name\":\"O AZTEX | Kvalitn\u00fd bytov\u00fd textil a poste\u013en\u00e1 bielize\u0148\",\"isPartOf\":{\"@id\":\"https:\\\/\\\/aztex.ee\\\/sk\\\/#website\"},\"datePublished\":\"2026-03-16T07:17:40+00:00\",\"dateModified\":\"2026-03-16T11:31:18+00:00\",\"description\":\"AZTEX je medzin\u00e1rodn\u00e1 zna\u010dka bytov\u00e9ho textilu, ktor\u00e1 pon\u00faka vysokokvalitn\u00fa poste\u013en\u00fa bielize\u0148 a textiln\u00e9 produkty z\u00e1kazn\u00edkom po celom svete. Zna\u010dka funguje pod spolo\u010dnos\u0165ou AZTEX Eesti O\u00dc, ktor\u00e1 je dc\u00e9rskou spolo\u010dnos\u0165ou Minu Baltic O\u00dc. Zakladate\u013eom zna\u010dky AZTEX je podnikate\u013e Farid Ismayilov.\",\"breadcrumb\":{\"@id\":\"https:\\\/\\\/aztex.ee\\\/sk\\\/o-aztex\\\/#breadcrumb\"},\"inLanguage\":\"sk-SK\",\"potentialAction\":[{\"@type\":\"ReadAction\",\"target\":[\"https:\\\/\\\/aztex.ee\\\/sk\\\/o-aztex\\\/\"]}]},{\"@type\":\"BreadcrumbList\",\"@id\":\"https:\\\/\\\/aztex.ee\\\/sk\\\/o-aztex\\\/#breadcrumb\",\"itemListElement\":[{\"@type\":\"ListItem\",\"position\":1,\"name\":\"Domov\",\"item\":\"https:\\\/\\\/aztex.ee\\\/sk\\\/\"},{\"@type\":\"ListItem\",\"position\":2,\"name\":\"O AZTEX\"}]},{\"@type\":\"WebSite\",\"@id\":\"https:\\\/\\\/aztex.ee\\\/sk\\\/#website\",\"url\":\"https:\\\/\\\/aztex.ee\\\/sk\\\/\",\"name\":\"AZTEX\",\"description\":\"\",\"publisher\":{\"@id\":\"https:\\\/\\\/aztex.ee\\\/sk\\\/#organization\"},\"potentialAction\":[{\"@type\":\"SearchAction\",\"target\":{\"@type\":\"EntryPoint\",\"urlTemplate\":\"https:\\\/\\\/aztex.ee\\\/sk\\\/?s={search_term_string}\"},\"query-input\":{\"@type\":\"PropertyValueSpecification\",\"valueRequired\":true,\"valueName\":\"search_term_string\"}}],\"inLanguage\":\"sk-SK\"},{\"@type\":\"Organization\",\"@id\":\"https:\\\/\\\/aztex.ee\\\/sk\\\/#organization\",\"name\":\"AZTEX\",\"url\":\"https:\\\/\\\/aztex.ee\\\/sk\\\/\",\"logo\":{\"@type\":\"ImageObject\",\"inLanguage\":\"sk-SK\",\"@id\":\"https:\\\/\\\/aztex.ee\\\/sk\\\/#\\\/schema\\\/logo\\\/image\\\/\",\"url\":\"https:\\\/\\\/aztex.ee\\\/wp-content\\\/uploads\\\/2026\\\/01\\\/AZTEX.png\",\"contentUrl\":\"https:\\\/\\\/aztex.ee\\\/wp-content\\\/uploads\\\/2026\\\/01\\\/AZTEX.png\",\"width\":500,\"height\":500,\"caption\":\"AZTEX\"},\"image\":{\"@id\":\"https:\\\/\\\/aztex.ee\\\/sk\\\/#\\\/schema\\\/logo\\\/image\\\/\"},\"sameAs\":[\"https:\\\/\\\/www.facebook.com\\\/AztexEE\",\"https:\\\/\\\/www.instagram.com\\\/aztexeesti\\\/\",\"https:\\\/\\\/www.youtube.com\\\/@AZTEXEE\",\"https:\\\/\\\/www.pinterest.com\\\/aztex_eesti\\\/\",\"https:\\\/\\\/www.tiktok.com\\\/@aztexeesti\",\"https:\\\/\\\/www.trustpilot.com\\\/review\\\/aztex.ee\",\"https:\\\/\\\/www.linkedin.com\\\/company\\\/aztex-ee\\\/\",\"https:\\\/\\\/www.wikidata.org\\\/wiki\\\/Q137560182\"]}]}<\/script>\n<!-- \/ Yoast SEO plugin. -->","yoast_head_json":{"title":"O AZTEX | Kvalitn\u00fd bytov\u00fd textil a poste\u013en\u00e1 bielize\u0148","description":"AZTEX je medzin\u00e1rodn\u00e1 zna\u010dka bytov\u00e9ho textilu, ktor\u00e1 pon\u00faka vysokokvalitn\u00fa poste\u013en\u00fa bielize\u0148 a textiln\u00e9 produkty z\u00e1kazn\u00edkom po celom svete. Zna\u010dka funguje pod spolo\u010dnos\u0165ou AZTEX Eesti O\u00dc, ktor\u00e1 je dc\u00e9rskou spolo\u010dnos\u0165ou Minu Baltic O\u00dc. Zakladate\u013eom zna\u010dky AZTEX je podnikate\u013e Farid Ismayilov.","robots":{"index":"index","follow":"follow","max-snippet":"max-snippet:-1","max-image-preview":"max-image-preview:large","max-video-preview":"max-video-preview:-1"},"canonical":"https:\/\/aztex.ee\/sk\/o-aztex\/","og_locale":"sk_SK","og_type":"article","og_title":"O AZTEX | Kvalitn\u00fd bytov\u00fd textil a poste\u013en\u00e1 bielize\u0148","og_description":"AZTEX je medzin\u00e1rodn\u00e1 zna\u010dka bytov\u00e9ho textilu, ktor\u00e1 pon\u00faka vysokokvalitn\u00fa poste\u013en\u00fa bielize\u0148 a textiln\u00e9 produkty z\u00e1kazn\u00edkom po celom svete. Zna\u010dka funguje pod spolo\u010dnos\u0165ou AZTEX Eesti O\u00dc, ktor\u00e1 je dc\u00e9rskou spolo\u010dnos\u0165ou Minu Baltic O\u00dc. Zakladate\u013eom zna\u010dky AZTEX je podnikate\u013e Farid Ismayilov.","og_url":"https:\/\/aztex.ee\/sk\/o-aztex\/","og_site_name":"AZTEX","article_publisher":"https:\/\/www.facebook.com\/AztexEE","article_modified_time":"2026-03-16T11:31:18+00:00","twitter_card":"summary_large_image","twitter_misc":{"Predpokladan\u00fd \u010das \u010d\u00edtania":"2 min\u00faty"},"schema":{"@context":"https:\/\/schema.org","@graph":[{"@type":"WebPage","@id":"https:\/\/aztex.ee\/sk\/o-aztex\/","url":"https:\/\/aztex.ee\/sk\/o-aztex\/","name":"O AZTEX | Kvalitn\u00fd bytov\u00fd textil a poste\u013en\u00e1 bielize\u0148","isPartOf":{"@id":"https:\/\/aztex.ee\/sk\/#website"},"datePublished":"2026-03-16T07:17:40+00:00","dateModified":"2026-03-16T11:31:18+00:00","description":"AZTEX je medzin\u00e1rodn\u00e1 zna\u010dka bytov\u00e9ho textilu, ktor\u00e1 pon\u00faka vysokokvalitn\u00fa poste\u013en\u00fa bielize\u0148 a textiln\u00e9 produkty z\u00e1kazn\u00edkom po celom svete. Zna\u010dka funguje pod spolo\u010dnos\u0165ou AZTEX Eesti O\u00dc, ktor\u00e1 je dc\u00e9rskou spolo\u010dnos\u0165ou Minu Baltic O\u00dc. Zakladate\u013eom zna\u010dky AZTEX je podnikate\u013e Farid Ismayilov.","breadcrumb":{"@id":"https:\/\/aztex.ee\/sk\/o-aztex\/#breadcrumb"},"inLanguage":"sk-SK","potentialAction":[{"@type":"ReadAction","target":["https:\/\/aztex.ee\/sk\/o-aztex\/"]}]},{"@type":"BreadcrumbList","@id":"https:\/\/aztex.ee\/sk\/o-aztex\/#breadcrumb","itemListElement":[{"@type":"ListItem","position":1,"name":"Domov","item":"https:\/\/aztex.ee\/sk\/"},{"@type":"ListItem","position":2,"name":"O AZTEX"}]},{"@type":"WebSite","@id":"https:\/\/aztex.ee\/sk\/#website","url":"https:\/\/aztex.ee\/sk\/","name":"AZTEX","description":"","publisher":{"@id":"https:\/\/aztex.ee\/sk\/#organization"},"potentialAction":[{"@type":"SearchAction","target":{"@type":"EntryPoint","urlTemplate":"https:\/\/aztex.ee\/sk\/?s={search_term_string}"},"query-input":{"@type":"PropertyValueSpecification","valueRequired":true,"valueName":"search_term_string"}}],"inLanguage":"sk-SK"},{"@type":"Organization","@id":"https:\/\/aztex.ee\/sk\/#organization","name":"AZTEX","url":"https:\/\/aztex.ee\/sk\/","logo":{"@type":"ImageObject","inLanguage":"sk-SK","@id":"https:\/\/aztex.ee\/sk\/#\/schema\/logo\/image\/","url":"https:\/\/aztex.ee\/wp-content\/uploads\/2026\/01\/AZTEX.png","contentUrl":"https:\/\/aztex.ee\/wp-content\/uploads\/2026\/01\/AZTEX.png","width":500,"height":500,"caption":"AZTEX"},"image":{"@id":"https:\/\/aztex.ee\/sk\/#\/schema\/logo\/image\/"},"sameAs":["https:\/\/www.facebook.com\/AztexEE","https:\/\/www.instagram.com\/aztexeesti\/","https:\/\/www.youtube.com\/@AZTEXEE","https:\/\/www.pinterest.com\/aztex_eesti\/","https:\/\/www.tiktok.com\/@aztexeesti","https:\/\/www.trustpilot.com\/review\/aztex.ee","https:\/\/www.linkedin.com\/company\/aztex-ee\/","https:\/\/www.wikidata.org\/wiki\/Q137560182"]}]}},"_links":{"self":[{"href":"https:\/\/aztex.ee\/sk\/wp-json\/wp\/v2\/pages\/107176","targetHints":{"allow":["GET"]}}],"collection":[{"href":"https:\/\/aztex.ee\/sk\/wp-json\/wp\/v2\/pages"}],"about":[{"href":"https:\/\/aztex.ee\/sk\/wp-json\/wp\/v2\/types\/page"}],"author":[{"embeddable":true,"href":"https:\/\/aztex.ee\/sk\/wp-json\/wp\/v2\/users\/1"}],"replies":[{"embeddable":true,"href":"https:\/\/aztex.ee\/sk\/wp-json\/wp\/v2\/comments?post=107176"}],"version-history":[{"count":4,"href":"https:\/\/aztex.ee\/sk\/wp-json\/wp\/v2\/pages\/107176\/revisions"}],"predecessor-version":[{"id":107234,"href":"https:\/\/aztex.ee\/sk\/wp-json\/wp\/v2\/pages\/107176\/revisions\/107234"}],"wp:attachment":[{"href":"https:\/\/aztex.ee\/sk\/wp-json\/wp\/v2\/media?parent=107176"}],"curies":[{"name":"wp","href":"https:\/\/api.w.org\/{rel}","templated":true}]}}