{"id":97253,"date":"2025-11-29T19:00:55","date_gmt":"2025-11-29T19:00:55","guid":{"rendered":"https:\/\/aztex.ee\/?post_type=product&#038;p=97253"},"modified":"2026-04-07T12:51:21","modified_gmt":"2026-04-07T12:51:21","slug":"conjunto-de-6-toalhas-de-algodao","status":"publish","type":"product","link":"https:\/\/aztex.ee\/pt-pt\/pood\/toalhas-e-toalhas-de-banho\/conjunto-de-6-toalhas-de-algodao\/","title":{"rendered":"Conjunto de 6 toalhas de algod\u00e3o"},"content":{"rendered":"<p><strong>Conjunto de 6 toalhas em algod\u00e3o<\/strong><\/p>\n<p><strong>Material e tamanhos<\/strong><br \/>\nO conjunto de 6 toalhas de algod\u00e3o \u00e9 fabricado em 100% algod\u00e3o natural. Todas as seis toalhas medem 35&#215;75 cm. O material macio e respir\u00e1vel garante uma excelente absor\u00e7\u00e3o e conforto em qualquer situa\u00e7\u00e3o. A alta qualidade significa que as toalhas mant\u00eam a sua forma e suavidade mesmo ap\u00f3s lavagens repetidas, proporcionando uma longa vida \u00fatil.<\/p>\n<p><strong>Design e estilo<\/strong><br \/>\nAs toalhas de algod\u00e3o com design simples s\u00e3o adequadas para qualquer casa de banho e cozinha. Em tons neutros e com um acabamento minimalista, as toalhas acrescentam estilo e eleg\u00e2ncia ao ambiente, al\u00e9m de serem pr\u00e1ticas e f\u00e1ceis de combinar com outros acess\u00f3rios de casa de banho. Adequadas tanto para interiores cl\u00e1ssicos como modernos.<\/p>\n<p><strong>Durabilidade e cuidados<\/strong><br \/>\nAs toalhas s\u00e3o resistentes e dur\u00e1veis, o que garante uma utiliza\u00e7\u00e3o prolongada. Gra\u00e7as \u00e0 costura de alta qualidade e ao tecido de trama densa, mant\u00eam a sua forma e suavidade mesmo ap\u00f3s v\u00e1rias lavagens. A lavagem na m\u00e1quina a temperaturas normais facilita o cuidado e mant\u00e9m as toalhas bonitas durante muito tempo.<\/p>\n<p><strong>Absor\u00e7\u00e3o e conforto<\/strong><br \/>\nAs toalhas inclu\u00eddas no conjunto s\u00e3o altamente absorventes, garantindo uma secagem r\u00e1pida e eficiente. A textura macia torna as toalhas agrad\u00e1veis \u200b\u200bao toque e proporciona uma sensa\u00e7\u00e3o de luxo ao dia a dia na casa de banho. As toalhas s\u00e3o tamb\u00e9m ideais para um spa ou viagem de f\u00e9rias, onde o conforto e a qualidade s\u00e3o essenciais.<\/p>\n<p><strong>Usos e praticidade<\/strong><br \/>\nO conjunto \u00e9 ideal para o uso di\u00e1rio em casa, num spa ou em f\u00e9rias. Todas as seis toalhas medem 35&#215;75 cm, o que faz do conjunto uma solu\u00e7\u00e3o pr\u00e1tica e f\u00e1cil de usar para qualquer casa de banho ou cozinha. O conjunto \u00e9 tamb\u00e9m um presente ideal, acrescentando conforto e estilo a qualquer divis\u00e3o.<\/p>\n","protected":false},"excerpt":{"rendered":"<ul>\n<li>Material: 100% algod\u00e3o<\/li>\n<li>Tamanho: 35\u00d775 cm \u00b13<\/li>\n<li>Peso: 420g\/m2<\/li>\n<li>O conjunto inclui: 6 pe\u00e7as<\/li>\n<\/ul>\n","protected":false},"featured_media":97751,"comment_status":"open","ping_status":"closed","template":"","meta":[],"product_brand":[],"product_cat":[1577,1738,783,487],"product_tag":[],"class_list":{"0":"post-97253","1":"product","2":"type-product","3":"status-publish","4":"has-post-thumbnail","6":"product_cat-conjuntos-de-toalhas","7":"product_cat-toalhas","8":"product_cat-toalhas-35x75-cm","9":"product_cat-toalhas-e-toalhas-de-banho","11":"first","12":"instock","13":"shipping-taxable","14":"purchasable","15":"product-type-variable"},"yoast_head":"<!-- This site is optimized with the Yoast SEO plugin v27.4 - https:\/\/yoast.com\/product\/yoast-seo-wordpress\/ -->\n<title>Conjunto de 6 toalhas de algod\u00e3o | AZTEX<\/title>\n<meta name=\"description\" content=\"Compre um conjunto de 6 toalhas de algod\u00e3o a um pre\u00e7o baixo. O algod\u00e3o macio e absorvente garante uma experi\u00eancia agrad\u00e1vel, enquanto o acabamento de alta qualidade assegura um conforto duradouro em qualquer casa.\" \/>\n<meta name=\"robots\" content=\"index, follow, max-snippet:-1, max-image-preview:large, max-video-preview:-1\" \/>\n<link rel=\"canonical\" href=\"https:\/\/aztex.ee\/pt-pt\/pood\/toalhas-e-toalhas-de-banho\/conjunto-de-6-toalhas-de-algodao\/\" \/>\n<meta property=\"og:locale\" content=\"pt_PT\" \/>\n<meta property=\"og:type\" content=\"article\" \/>\n<meta property=\"og:title\" content=\"Conjunto de 6 toalhas de algod\u00e3o | AZTEX\" \/>\n<meta property=\"og:description\" content=\"Compre um conjunto de 6 toalhas de algod\u00e3o a um pre\u00e7o baixo. O algod\u00e3o macio e absorvente garante uma experi\u00eancia agrad\u00e1vel, enquanto o acabamento de alta qualidade assegura um conforto duradouro em qualquer casa.\" \/>\n<meta property=\"og:url\" content=\"https:\/\/aztex.ee\/pt-pt\/pood\/toalhas-e-toalhas-de-banho\/conjunto-de-6-toalhas-de-algodao\/\" \/>\n<meta property=\"og:site_name\" content=\"AZTEX\" \/>\n<meta property=\"article:publisher\" content=\"https:\/\/www.facebook.com\/AztexEE\" \/>\n<meta property=\"article:modified_time\" content=\"2026-04-07T12:51:21+00:00\" \/>\n<meta property=\"og:image\" content=\"https:\/\/aztex.ee\/wp-content\/uploads\/2025\/11\/Puuvillaste-ratikute-komplekt-6-tk-Seguvarvid-2.jpg\" \/>\n\t<meta property=\"og:image:width\" content=\"800\" \/>\n\t<meta property=\"og:image:height\" content=\"800\" \/>\n\t<meta property=\"og:image:type\" content=\"image\/jpeg\" \/>\n<meta name=\"twitter:card\" content=\"summary_large_image\" \/>\n<meta name=\"twitter:label1\" content=\"Tempo estimado de leitura\" \/>\n\t<meta name=\"twitter:data1\" content=\"2 minutos\" \/>\n<script type=\"application\/ld+json\" class=\"yoast-schema-graph\">{\"@context\":\"https:\\\/\\\/schema.org\",\"@graph\":[{\"@type\":[\"WebPage\",\"ItemPage\"],\"@id\":\"https:\\\/\\\/aztex.ee\\\/pt-pt\\\/pood\\\/toalhas-e-toalhas-de-banho\\\/conjunto-de-6-toalhas-de-algodao\\\/\",\"url\":\"https:\\\/\\\/aztex.ee\\\/pt-pt\\\/pood\\\/toalhas-e-toalhas-de-banho\\\/conjunto-de-6-toalhas-de-algodao\\\/\",\"name\":\"Conjunto de 6 toalhas de algod\u00e3o | AZTEX\",\"isPartOf\":{\"@id\":\"https:\\\/\\\/aztex.ee\\\/pt-pt\\\/#website\"},\"primaryImageOfPage\":{\"@id\":\"https:\\\/\\\/aztex.ee\\\/pt-pt\\\/pood\\\/toalhas-e-toalhas-de-banho\\\/conjunto-de-6-toalhas-de-algodao\\\/#primaryimage\"},\"image\":{\"@id\":\"https:\\\/\\\/aztex.ee\\\/pt-pt\\\/pood\\\/toalhas-e-toalhas-de-banho\\\/conjunto-de-6-toalhas-de-algodao\\\/#primaryimage\"},\"thumbnailUrl\":\"https:\\\/\\\/aztex.ee\\\/wp-content\\\/uploads\\\/2025\\\/11\\\/Puuvillaste-ratikute-komplekt-6-tk-Seguvarvid-2.jpg\",\"datePublished\":\"2025-11-29T19:00:55+00:00\",\"dateModified\":\"2026-04-07T12:51:21+00:00\",\"description\":\"Compre um conjunto de 6 toalhas de algod\u00e3o a um pre\u00e7o baixo. O algod\u00e3o macio e absorvente garante uma experi\u00eancia agrad\u00e1vel, enquanto o acabamento de alta qualidade assegura um conforto duradouro em qualquer casa.\",\"breadcrumb\":{\"@id\":\"https:\\\/\\\/aztex.ee\\\/pt-pt\\\/pood\\\/toalhas-e-toalhas-de-banho\\\/conjunto-de-6-toalhas-de-algodao\\\/#breadcrumb\"},\"inLanguage\":\"pt-PT\",\"potentialAction\":[{\"@type\":\"ReadAction\",\"target\":[\"https:\\\/\\\/aztex.ee\\\/pt-pt\\\/pood\\\/toalhas-e-toalhas-de-banho\\\/conjunto-de-6-toalhas-de-algodao\\\/\"]}]},{\"@type\":\"ImageObject\",\"inLanguage\":\"pt-PT\",\"@id\":\"https:\\\/\\\/aztex.ee\\\/pt-pt\\\/pood\\\/toalhas-e-toalhas-de-banho\\\/conjunto-de-6-toalhas-de-algodao\\\/#primaryimage\",\"url\":\"https:\\\/\\\/aztex.ee\\\/wp-content\\\/uploads\\\/2025\\\/11\\\/Puuvillaste-ratikute-komplekt-6-tk-Seguvarvid-2.jpg\",\"contentUrl\":\"https:\\\/\\\/aztex.ee\\\/wp-content\\\/uploads\\\/2025\\\/11\\\/Puuvillaste-ratikute-komplekt-6-tk-Seguvarvid-2.jpg\",\"width\":800,\"height\":800,\"caption\":\"Puuvillaste r\u00e4tikute komplekt 6 tk Seguv\u00e4rvid 2\"},{\"@type\":\"BreadcrumbList\",\"@id\":\"https:\\\/\\\/aztex.ee\\\/pt-pt\\\/pood\\\/toalhas-e-toalhas-de-banho\\\/conjunto-de-6-toalhas-de-algodao\\\/#breadcrumb\",\"itemListElement\":[{\"@type\":\"ListItem\",\"position\":1,\"name\":\"In\u00edcio\",\"item\":\"https:\\\/\\\/aztex.ee\\\/pt-pt\\\/\"},{\"@type\":\"ListItem\",\"position\":2,\"name\":\"Loja\",\"item\":\"https:\\\/\\\/aztex.ee\\\/pt-pt\\\/loja\\\/\"},{\"@type\":\"ListItem\",\"position\":3,\"name\":\"Conjunto de 6 toalhas de algod\u00e3o\"}]},{\"@type\":\"WebSite\",\"@id\":\"https:\\\/\\\/aztex.ee\\\/pt-pt\\\/#website\",\"url\":\"https:\\\/\\\/aztex.ee\\\/pt-pt\\\/\",\"name\":\"AZTEX\",\"description\":\"\",\"publisher\":{\"@id\":\"https:\\\/\\\/aztex.ee\\\/pt-pt\\\/#organization\"},\"potentialAction\":[{\"@type\":\"SearchAction\",\"target\":{\"@type\":\"EntryPoint\",\"urlTemplate\":\"https:\\\/\\\/aztex.ee\\\/pt-pt\\\/?s={search_term_string}\"},\"query-input\":{\"@type\":\"PropertyValueSpecification\",\"valueRequired\":true,\"valueName\":\"search_term_string\"}}],\"inLanguage\":\"pt-PT\"},{\"@type\":\"Organization\",\"@id\":\"https:\\\/\\\/aztex.ee\\\/pt-pt\\\/#organization\",\"name\":\"AZTEX\",\"url\":\"https:\\\/\\\/aztex.ee\\\/pt-pt\\\/\",\"logo\":{\"@type\":\"ImageObject\",\"inLanguage\":\"pt-PT\",\"@id\":\"https:\\\/\\\/aztex.ee\\\/pt-pt\\\/#\\\/schema\\\/logo\\\/image\\\/\",\"url\":\"https:\\\/\\\/aztex.ee\\\/wp-content\\\/uploads\\\/2026\\\/01\\\/AZTEX.png\",\"contentUrl\":\"https:\\\/\\\/aztex.ee\\\/wp-content\\\/uploads\\\/2026\\\/01\\\/AZTEX.png\",\"width\":500,\"height\":500,\"caption\":\"AZTEX\"},\"image\":{\"@id\":\"https:\\\/\\\/aztex.ee\\\/pt-pt\\\/#\\\/schema\\\/logo\\\/image\\\/\"},\"sameAs\":[\"https:\\\/\\\/www.facebook.com\\\/AztexEE\",\"https:\\\/\\\/www.instagram.com\\\/aztexeesti\\\/\",\"https:\\\/\\\/www.youtube.com\\\/@AZTEXEE\",\"https:\\\/\\\/www.pinterest.com\\\/aztex_eesti\\\/\",\"https:\\\/\\\/www.tiktok.com\\\/@aztexeesti\",\"https:\\\/\\\/www.trustpilot.com\\\/review\\\/aztex.ee\",\"https:\\\/\\\/www.linkedin.com\\\/company\\\/aztex-ee\\\/\",\"https:\\\/\\\/www.wikidata.org\\\/wiki\\\/Q137560182\"]}]}<\/script>\n<!-- \/ Yoast SEO plugin. -->","yoast_head_json":{"title":"Conjunto de 6 toalhas de algod\u00e3o | AZTEX","description":"Compre um conjunto de 6 toalhas de algod\u00e3o a um pre\u00e7o baixo. O algod\u00e3o macio e absorvente garante uma experi\u00eancia agrad\u00e1vel, enquanto o acabamento de alta qualidade assegura um conforto duradouro em qualquer casa.","robots":{"index":"index","follow":"follow","max-snippet":"max-snippet:-1","max-image-preview":"max-image-preview:large","max-video-preview":"max-video-preview:-1"},"canonical":"https:\/\/aztex.ee\/pt-pt\/pood\/toalhas-e-toalhas-de-banho\/conjunto-de-6-toalhas-de-algodao\/","og_locale":"pt_PT","og_type":"article","og_title":"Conjunto de 6 toalhas de algod\u00e3o | AZTEX","og_description":"Compre um conjunto de 6 toalhas de algod\u00e3o a um pre\u00e7o baixo. O algod\u00e3o macio e absorvente garante uma experi\u00eancia agrad\u00e1vel, enquanto o acabamento de alta qualidade assegura um conforto duradouro em qualquer casa.","og_url":"https:\/\/aztex.ee\/pt-pt\/pood\/toalhas-e-toalhas-de-banho\/conjunto-de-6-toalhas-de-algodao\/","og_site_name":"AZTEX","article_publisher":"https:\/\/www.facebook.com\/AztexEE","article_modified_time":"2026-04-07T12:51:21+00:00","og_image":[{"width":800,"height":800,"url":"https:\/\/aztex.ee\/wp-content\/uploads\/2025\/11\/Puuvillaste-ratikute-komplekt-6-tk-Seguvarvid-2.jpg","type":"image\/jpeg"}],"twitter_card":"summary_large_image","twitter_misc":{"Tempo estimado de leitura":"2 minutos"},"schema":{"@context":"https:\/\/schema.org","@graph":[{"@type":["WebPage","ItemPage"],"@id":"https:\/\/aztex.ee\/pt-pt\/pood\/toalhas-e-toalhas-de-banho\/conjunto-de-6-toalhas-de-algodao\/","url":"https:\/\/aztex.ee\/pt-pt\/pood\/toalhas-e-toalhas-de-banho\/conjunto-de-6-toalhas-de-algodao\/","name":"Conjunto de 6 toalhas de algod\u00e3o | AZTEX","isPartOf":{"@id":"https:\/\/aztex.ee\/pt-pt\/#website"},"primaryImageOfPage":{"@id":"https:\/\/aztex.ee\/pt-pt\/pood\/toalhas-e-toalhas-de-banho\/conjunto-de-6-toalhas-de-algodao\/#primaryimage"},"image":{"@id":"https:\/\/aztex.ee\/pt-pt\/pood\/toalhas-e-toalhas-de-banho\/conjunto-de-6-toalhas-de-algodao\/#primaryimage"},"thumbnailUrl":"https:\/\/aztex.ee\/wp-content\/uploads\/2025\/11\/Puuvillaste-ratikute-komplekt-6-tk-Seguvarvid-2.jpg","datePublished":"2025-11-29T19:00:55+00:00","dateModified":"2026-04-07T12:51:21+00:00","description":"Compre um conjunto de 6 toalhas de algod\u00e3o a um pre\u00e7o baixo. O algod\u00e3o macio e absorvente garante uma experi\u00eancia agrad\u00e1vel, enquanto o acabamento de alta qualidade assegura um conforto duradouro em qualquer casa.","breadcrumb":{"@id":"https:\/\/aztex.ee\/pt-pt\/pood\/toalhas-e-toalhas-de-banho\/conjunto-de-6-toalhas-de-algodao\/#breadcrumb"},"inLanguage":"pt-PT","potentialAction":[{"@type":"ReadAction","target":["https:\/\/aztex.ee\/pt-pt\/pood\/toalhas-e-toalhas-de-banho\/conjunto-de-6-toalhas-de-algodao\/"]}]},{"@type":"ImageObject","inLanguage":"pt-PT","@id":"https:\/\/aztex.ee\/pt-pt\/pood\/toalhas-e-toalhas-de-banho\/conjunto-de-6-toalhas-de-algodao\/#primaryimage","url":"https:\/\/aztex.ee\/wp-content\/uploads\/2025\/11\/Puuvillaste-ratikute-komplekt-6-tk-Seguvarvid-2.jpg","contentUrl":"https:\/\/aztex.ee\/wp-content\/uploads\/2025\/11\/Puuvillaste-ratikute-komplekt-6-tk-Seguvarvid-2.jpg","width":800,"height":800,"caption":"Puuvillaste r\u00e4tikute komplekt 6 tk Seguv\u00e4rvid 2"},{"@type":"BreadcrumbList","@id":"https:\/\/aztex.ee\/pt-pt\/pood\/toalhas-e-toalhas-de-banho\/conjunto-de-6-toalhas-de-algodao\/#breadcrumb","itemListElement":[{"@type":"ListItem","position":1,"name":"In\u00edcio","item":"https:\/\/aztex.ee\/pt-pt\/"},{"@type":"ListItem","position":2,"name":"Loja","item":"https:\/\/aztex.ee\/pt-pt\/loja\/"},{"@type":"ListItem","position":3,"name":"Conjunto de 6 toalhas de algod\u00e3o"}]},{"@type":"WebSite","@id":"https:\/\/aztex.ee\/pt-pt\/#website","url":"https:\/\/aztex.ee\/pt-pt\/","name":"AZTEX","description":"","publisher":{"@id":"https:\/\/aztex.ee\/pt-pt\/#organization"},"potentialAction":[{"@type":"SearchAction","target":{"@type":"EntryPoint","urlTemplate":"https:\/\/aztex.ee\/pt-pt\/?s={search_term_string}"},"query-input":{"@type":"PropertyValueSpecification","valueRequired":true,"valueName":"search_term_string"}}],"inLanguage":"pt-PT"},{"@type":"Organization","@id":"https:\/\/aztex.ee\/pt-pt\/#organization","name":"AZTEX","url":"https:\/\/aztex.ee\/pt-pt\/","logo":{"@type":"ImageObject","inLanguage":"pt-PT","@id":"https:\/\/aztex.ee\/pt-pt\/#\/schema\/logo\/image\/","url":"https:\/\/aztex.ee\/wp-content\/uploads\/2026\/01\/AZTEX.png","contentUrl":"https:\/\/aztex.ee\/wp-content\/uploads\/2026\/01\/AZTEX.png","width":500,"height":500,"caption":"AZTEX"},"image":{"@id":"https:\/\/aztex.ee\/pt-pt\/#\/schema\/logo\/image\/"},"sameAs":["https:\/\/www.facebook.com\/AztexEE","https:\/\/www.instagram.com\/aztexeesti\/","https:\/\/www.youtube.com\/@AZTEXEE","https:\/\/www.pinterest.com\/aztex_eesti\/","https:\/\/www.tiktok.com\/@aztexeesti","https:\/\/www.trustpilot.com\/review\/aztex.ee","https:\/\/www.linkedin.com\/company\/aztex-ee\/","https:\/\/www.wikidata.org\/wiki\/Q137560182"]}]}},"_links":{"self":[{"href":"https:\/\/aztex.ee\/pt-pt\/wp-json\/wp\/v2\/product\/97253","targetHints":{"allow":["GET"]}}],"collection":[{"href":"https:\/\/aztex.ee\/pt-pt\/wp-json\/wp\/v2\/product"}],"about":[{"href":"https:\/\/aztex.ee\/pt-pt\/wp-json\/wp\/v2\/types\/product"}],"replies":[{"embeddable":true,"href":"https:\/\/aztex.ee\/pt-pt\/wp-json\/wp\/v2\/comments?post=97253"}],"version-history":[{"count":3,"href":"https:\/\/aztex.ee\/pt-pt\/wp-json\/wp\/v2\/product\/97253\/revisions"}],"predecessor-version":[{"id":97983,"href":"https:\/\/aztex.ee\/pt-pt\/wp-json\/wp\/v2\/product\/97253\/revisions\/97983"}],"wp:featuredmedia":[{"embeddable":true,"href":"https:\/\/aztex.ee\/pt-pt\/wp-json\/wp\/v2\/media\/97751"}],"wp:attachment":[{"href":"https:\/\/aztex.ee\/pt-pt\/wp-json\/wp\/v2\/media?parent=97253"}],"wp:term":[{"taxonomy":"product_brand","embeddable":true,"href":"https:\/\/aztex.ee\/pt-pt\/wp-json\/wp\/v2\/product_brand?post=97253"},{"taxonomy":"product_cat","embeddable":true,"href":"https:\/\/aztex.ee\/pt-pt\/wp-json\/wp\/v2\/product_cat?post=97253"},{"taxonomy":"product_tag","embeddable":true,"href":"https:\/\/aztex.ee\/pt-pt\/wp-json\/wp\/v2\/product_tag?post=97253"}],"curies":[{"name":"wp","href":"https:\/\/api.w.org\/{rel}","templated":true}]}}