{"id":94492,"date":"2025-09-15T09:06:50","date_gmt":"2025-09-15T09:06:50","guid":{"rendered":"https:\/\/aztex.ee\/?post_type=product&#038;p=94492"},"modified":"2026-04-08T10:43:53","modified_gmt":"2026-04-08T10:43:53","slug":"travesseiro-de-penas-de-pato","status":"publish","type":"product","link":"https:\/\/aztex.ee\/pt-pt\/pood\/almofadas-para-dormir\/travesseiro-de-penas-de-pato\/","title":{"rendered":"Travesseiro de penas de pato"},"content":{"rendered":"<p><strong>Toque suave e luxuoso<\/strong><\/p>\n<p>O travesseiro de penas de pato \u00e9 excecionalmente macio e suave, oferecendo um suporte natural para a cabe\u00e7a e o pesco\u00e7o. O enchimento mant\u00e9m a sua forma e elasticidade, garantindo conforto e estabilidade em todos os momentos. Gra\u00e7as aos materiais de alta qualidade, este travesseiro de penas de pato \u00e9 adequado para qualquer divis\u00e3o, proporcionando uma solu\u00e7\u00e3o fi\u00e1vel e confort\u00e1vel para o uso di\u00e1rio.<\/p>\n<p><strong>Respir\u00e1vel e confort\u00e1vel<\/strong><\/p>\n<p>O travesseiro ecol\u00f3gico de penas de pato permite que o ar circule livremente, mantendo o travesseiro fresco e seco. Gra\u00e7as \u00e0 sua respirabilidade, n\u00e3o sobreaquece nem acumula humidade, mantendo o conforto tanto \u00e0 noite como durante o dia. Esta caracter\u00edstica torna o travesseiro adequado para quem valoriza uma boa circula\u00e7\u00e3o de ar e um suporte agrad\u00e1vel.<\/p>\n<p><strong>Dur\u00e1vel e com boa reten\u00e7\u00e3o de forma<\/strong><\/p>\n<p>Os materiais naturais de alta qualidade garantem que este travesseiro de penas de pato mant\u00e9m a sua forma e elasticidade mesmo ap\u00f3s anos. Mesmo com uma utiliza\u00e7\u00e3o frequente, a almofada n\u00e3o cede nem perde o conforto, proporcionando um suporte est\u00e1vel e fi\u00e1vel a longo prazo. Isto torna o travesseiro um investimento pr\u00e1tico e a longo prazo, adequado para o uso di\u00e1rio.<\/p>\n<p><strong>Ecol\u00f3gico e pr\u00f3ximo da natureza<\/strong><\/p>\n<p>O travesseiro \u00e9 feito de penas de pato de origem ecol\u00f3gica, que s\u00e3o naturais e amigas do ambiente. \u00c9 uma escolha saud\u00e1vel e sustent\u00e1vel, amiga das pessoas e do ambiente. O travesseiro ecol\u00f3gico garante qualidade e conforto, mantendo um equil\u00edbrio entre a praticidade e o respeito pelo meio ambiente.<\/p>\n<p><strong>Op\u00e7\u00e3o acess\u00edvel e de elevada qualidade<\/strong><\/p>\n<p>Este travesseiro acess\u00edvel combina pre\u00e7o acess\u00edvel e alta qualidade. O travesseiro de penas de pato acess\u00edvel garante conforto, durabilidade e propriedades ecol\u00f3gicas sem compromissos. \u00c9 uma escolha pr\u00e1tica e razo\u00e1vel para qualquer casa, oferecendo um equil\u00edbrio entre pre\u00e7o e qualidade que torna a compra satisfat\u00f3ria e ben\u00e9fica a longo prazo.<\/p>\n","protected":false},"excerpt":{"rendered":"<p>Esta almofada feita de penas naturais de pato, que \u00e9 macia, respir\u00e1vel e dur\u00e1vel, garante o m\u00e1ximo conforto.<\/p>\n<ul>\n<li>Enchimento: 90% penas de pato \/ 10% penugem de pato<\/li>\n<li>Tecido da capa: 100% Algod\u00e3o Eg\u00edpcio<\/li>\n<li>Lav\u00e1vel \u00e0 m\u00e1quina: Sim<\/li>\n<li>Altura da travesseiro: M\u00e9dia<\/li>\n<\/ul>\n<p><img loading=\"lazy\" decoding=\"async\" class=\"alignnone wp-image-94116\" src=\"https:\/\/aztex.ee\/wp-content\/uploads\/2025\/09\/globalrecyled-400x201.png\" alt=\"\" width=\"111\" height=\"56\" srcset=\"https:\/\/aztex.ee\/wp-content\/uploads\/2025\/09\/globalrecyled-400x201.png 400w, https:\/\/aztex.ee\/wp-content\/uploads\/2025\/09\/globalrecyled-430x216.png 430w, https:\/\/aztex.ee\/wp-content\/uploads\/2025\/09\/globalrecyled-150x75.png 150w, https:\/\/aztex.ee\/wp-content\/uploads\/2025\/09\/globalrecyled.png 600w\" sizes=\"auto, (max-width: 111px) 100vw, 111px\" \/><img loading=\"lazy\" decoding=\"async\" class=\"alignnone wp-image-94119\" src=\"https:\/\/aztex.ee\/wp-content\/uploads\/2025\/09\/oeko100ser.png\" alt=\"\" width=\"53\" height=\"50\" srcset=\"https:\/\/aztex.ee\/wp-content\/uploads\/2025\/09\/oeko100ser.png 200w, https:\/\/aztex.ee\/wp-content\/uploads\/2025\/09\/oeko100ser-150x142.png 150w\" sizes=\"auto, (max-width: 53px) 100vw, 53px\" \/><img loading=\"lazy\" decoding=\"async\" class=\"alignnone wp-image-94114\" src=\"https:\/\/aztex.ee\/wp-content\/uploads\/2025\/09\/RDS.png\" alt=\"\" width=\"55\" height=\"55\" srcset=\"https:\/\/aztex.ee\/wp-content\/uploads\/2025\/09\/RDS.png 200w, https:\/\/aztex.ee\/wp-content\/uploads\/2025\/09\/RDS-150x150.png 150w\" sizes=\"auto, (max-width: 55px) 100vw, 55px\" \/><img loading=\"lazy\" decoding=\"async\" class=\"alignnone wp-image-94115\" src=\"https:\/\/aztex.ee\/wp-content\/uploads\/2025\/09\/BSCI.png\" alt=\"\" width=\"55\" height=\"55\" srcset=\"https:\/\/aztex.ee\/wp-content\/uploads\/2025\/09\/BSCI.png 200w, https:\/\/aztex.ee\/wp-content\/uploads\/2025\/09\/BSCI-150x150.png 150w\" sizes=\"auto, (max-width: 55px) 100vw, 55px\" \/><img loading=\"lazy\" decoding=\"async\" class=\"alignnone wp-image-94112\" src=\"https:\/\/aztex.ee\/wp-content\/uploads\/2025\/09\/logo_downpass_en.png\" alt=\"\" width=\"49\" height=\"53\" srcset=\"https:\/\/aztex.ee\/wp-content\/uploads\/2025\/09\/logo_downpass_en.png 240w, https:\/\/aztex.ee\/wp-content\/uploads\/2025\/09\/logo_downpass_en-150x163.png 150w\" sizes=\"auto, (max-width: 49px) 100vw, 49px\" \/><\/p>\n","protected":false},"featured_media":94568,"comment_status":"open","ping_status":"closed","template":"","meta":[],"product_brand":[],"product_cat":[6154,6107],"product_tag":[],"class_list":{"0":"post-94492","1":"product","2":"type-product","3":"status-publish","4":"has-post-thumbnail","6":"product_cat-almofadas-de-penas-e-penugem","7":"product_cat-almofadas-para-dormir","9":"first","10":"instock","11":"shipping-taxable","12":"purchasable","13":"product-type-variable"},"yoast_head":"<!-- This site is optimized with the Yoast SEO plugin v27.3 - https:\/\/yoast.com\/product\/yoast-seo-wordpress\/ -->\n<title>Travesseiro de penas de pato | AZTEX<\/title>\n<meta name=\"description\" content=\"Macio, respir\u00e1vel e dur\u00e1vel, este travesseiro de penas de pato garante um sono tranquilo e confort\u00e1vel todas as noites. O material ecol\u00f3gico e natural \u00e9 macio, mant\u00e9m a sua forma e \u00e9 dur\u00e1vel.\" \/>\n<meta name=\"robots\" content=\"index, follow, max-snippet:-1, max-image-preview:large, max-video-preview:-1\" \/>\n<link rel=\"canonical\" href=\"https:\/\/aztex.ee\/pt-pt\/pood\/almofadas-para-dormir\/travesseiro-de-penas-de-pato\/\" \/>\n<meta property=\"og:locale\" content=\"pt_PT\" \/>\n<meta property=\"og:type\" content=\"article\" \/>\n<meta property=\"og:title\" content=\"Travesseiro de penas de pato | AZTEX\" \/>\n<meta property=\"og:description\" content=\"Macio, respir\u00e1vel e dur\u00e1vel, este travesseiro de penas de pato garante um sono tranquilo e confort\u00e1vel todas as noites. O material ecol\u00f3gico e natural \u00e9 macio, mant\u00e9m a sua forma e \u00e9 dur\u00e1vel.\" \/>\n<meta property=\"og:url\" content=\"https:\/\/aztex.ee\/pt-pt\/pood\/almofadas-para-dormir\/travesseiro-de-penas-de-pato\/\" \/>\n<meta property=\"og:site_name\" content=\"AZTEX\" \/>\n<meta property=\"article:publisher\" content=\"https:\/\/www.facebook.com\/AztexEE\" \/>\n<meta property=\"article:modified_time\" content=\"2026-04-08T10:43:53+00:00\" \/>\n<meta property=\"og:image\" content=\"https:\/\/aztex.ee\/wp-content\/uploads\/2025\/09\/Pardisulgedest-padi.jpg\" \/>\n\t<meta property=\"og:image:width\" content=\"800\" \/>\n\t<meta property=\"og:image:height\" content=\"800\" \/>\n\t<meta property=\"og:image:type\" content=\"image\/jpeg\" \/>\n<meta name=\"twitter:card\" content=\"summary_large_image\" \/>\n<meta name=\"twitter:label1\" content=\"Tempo estimado de leitura\" \/>\n\t<meta name=\"twitter:data1\" content=\"2 minutos\" \/>\n<script type=\"application\/ld+json\" class=\"yoast-schema-graph\">{\"@context\":\"https:\\\/\\\/schema.org\",\"@graph\":[{\"@type\":[\"WebPage\",\"ItemPage\"],\"@id\":\"https:\\\/\\\/aztex.ee\\\/pt-pt\\\/pood\\\/almofadas-para-dormir\\\/travesseiro-de-penas-de-pato\\\/\",\"url\":\"https:\\\/\\\/aztex.ee\\\/pt-pt\\\/pood\\\/almofadas-para-dormir\\\/travesseiro-de-penas-de-pato\\\/\",\"name\":\"Travesseiro de penas de pato | AZTEX\",\"isPartOf\":{\"@id\":\"https:\\\/\\\/aztex.ee\\\/pt-pt\\\/#website\"},\"primaryImageOfPage\":{\"@id\":\"https:\\\/\\\/aztex.ee\\\/pt-pt\\\/pood\\\/almofadas-para-dormir\\\/travesseiro-de-penas-de-pato\\\/#primaryimage\"},\"image\":{\"@id\":\"https:\\\/\\\/aztex.ee\\\/pt-pt\\\/pood\\\/almofadas-para-dormir\\\/travesseiro-de-penas-de-pato\\\/#primaryimage\"},\"thumbnailUrl\":\"https:\\\/\\\/aztex.ee\\\/wp-content\\\/uploads\\\/2025\\\/09\\\/Pardisulgedest-padi.jpg\",\"datePublished\":\"2025-09-15T09:06:50+00:00\",\"dateModified\":\"2026-04-08T10:43:53+00:00\",\"description\":\"Macio, respir\u00e1vel e dur\u00e1vel, este travesseiro de penas de pato garante um sono tranquilo e confort\u00e1vel todas as noites. O material ecol\u00f3gico e natural \u00e9 macio, mant\u00e9m a sua forma e \u00e9 dur\u00e1vel.\",\"breadcrumb\":{\"@id\":\"https:\\\/\\\/aztex.ee\\\/pt-pt\\\/pood\\\/almofadas-para-dormir\\\/travesseiro-de-penas-de-pato\\\/#breadcrumb\"},\"inLanguage\":\"pt-PT\",\"potentialAction\":[{\"@type\":\"ReadAction\",\"target\":[\"https:\\\/\\\/aztex.ee\\\/pt-pt\\\/pood\\\/almofadas-para-dormir\\\/travesseiro-de-penas-de-pato\\\/\"]}]},{\"@type\":\"ImageObject\",\"inLanguage\":\"pt-PT\",\"@id\":\"https:\\\/\\\/aztex.ee\\\/pt-pt\\\/pood\\\/almofadas-para-dormir\\\/travesseiro-de-penas-de-pato\\\/#primaryimage\",\"url\":\"https:\\\/\\\/aztex.ee\\\/wp-content\\\/uploads\\\/2025\\\/09\\\/Pardisulgedest-padi.jpg\",\"contentUrl\":\"https:\\\/\\\/aztex.ee\\\/wp-content\\\/uploads\\\/2025\\\/09\\\/Pardisulgedest-padi.jpg\",\"width\":800,\"height\":800,\"caption\":\"Pardisulgedest padi\"},{\"@type\":\"BreadcrumbList\",\"@id\":\"https:\\\/\\\/aztex.ee\\\/pt-pt\\\/pood\\\/almofadas-para-dormir\\\/travesseiro-de-penas-de-pato\\\/#breadcrumb\",\"itemListElement\":[{\"@type\":\"ListItem\",\"position\":1,\"name\":\"In\u00edcio\",\"item\":\"https:\\\/\\\/aztex.ee\\\/pt-pt\\\/\"},{\"@type\":\"ListItem\",\"position\":2,\"name\":\"Loja\",\"item\":\"https:\\\/\\\/aztex.ee\\\/pt-pt\\\/loja\\\/\"},{\"@type\":\"ListItem\",\"position\":3,\"name\":\"Travesseiro de penas de pato\"}]},{\"@type\":\"WebSite\",\"@id\":\"https:\\\/\\\/aztex.ee\\\/pt-pt\\\/#website\",\"url\":\"https:\\\/\\\/aztex.ee\\\/pt-pt\\\/\",\"name\":\"AZTEX\",\"description\":\"\",\"publisher\":{\"@id\":\"https:\\\/\\\/aztex.ee\\\/pt-pt\\\/#organization\"},\"potentialAction\":[{\"@type\":\"SearchAction\",\"target\":{\"@type\":\"EntryPoint\",\"urlTemplate\":\"https:\\\/\\\/aztex.ee\\\/pt-pt\\\/?s={search_term_string}\"},\"query-input\":{\"@type\":\"PropertyValueSpecification\",\"valueRequired\":true,\"valueName\":\"search_term_string\"}}],\"inLanguage\":\"pt-PT\"},{\"@type\":\"Organization\",\"@id\":\"https:\\\/\\\/aztex.ee\\\/pt-pt\\\/#organization\",\"name\":\"AZTEX\",\"url\":\"https:\\\/\\\/aztex.ee\\\/pt-pt\\\/\",\"logo\":{\"@type\":\"ImageObject\",\"inLanguage\":\"pt-PT\",\"@id\":\"https:\\\/\\\/aztex.ee\\\/pt-pt\\\/#\\\/schema\\\/logo\\\/image\\\/\",\"url\":\"https:\\\/\\\/aztex.ee\\\/wp-content\\\/uploads\\\/2026\\\/01\\\/AZTEX.png\",\"contentUrl\":\"https:\\\/\\\/aztex.ee\\\/wp-content\\\/uploads\\\/2026\\\/01\\\/AZTEX.png\",\"width\":500,\"height\":500,\"caption\":\"AZTEX\"},\"image\":{\"@id\":\"https:\\\/\\\/aztex.ee\\\/pt-pt\\\/#\\\/schema\\\/logo\\\/image\\\/\"},\"sameAs\":[\"https:\\\/\\\/www.facebook.com\\\/AztexEE\",\"https:\\\/\\\/www.instagram.com\\\/aztexeesti\\\/\",\"https:\\\/\\\/www.youtube.com\\\/@AZTEXEE\",\"https:\\\/\\\/www.pinterest.com\\\/aztex_eesti\\\/\",\"https:\\\/\\\/www.tiktok.com\\\/@aztexeesti\",\"https:\\\/\\\/www.trustpilot.com\\\/review\\\/aztex.ee\",\"https:\\\/\\\/www.linkedin.com\\\/company\\\/aztex-ee\\\/\",\"https:\\\/\\\/www.wikidata.org\\\/wiki\\\/Q137560182\"]}]}<\/script>\n<!-- \/ Yoast SEO plugin. -->","yoast_head_json":{"title":"Travesseiro de penas de pato | AZTEX","description":"Macio, respir\u00e1vel e dur\u00e1vel, este travesseiro de penas de pato garante um sono tranquilo e confort\u00e1vel todas as noites. O material ecol\u00f3gico e natural \u00e9 macio, mant\u00e9m a sua forma e \u00e9 dur\u00e1vel.","robots":{"index":"index","follow":"follow","max-snippet":"max-snippet:-1","max-image-preview":"max-image-preview:large","max-video-preview":"max-video-preview:-1"},"canonical":"https:\/\/aztex.ee\/pt-pt\/pood\/almofadas-para-dormir\/travesseiro-de-penas-de-pato\/","og_locale":"pt_PT","og_type":"article","og_title":"Travesseiro de penas de pato | AZTEX","og_description":"Macio, respir\u00e1vel e dur\u00e1vel, este travesseiro de penas de pato garante um sono tranquilo e confort\u00e1vel todas as noites. O material ecol\u00f3gico e natural \u00e9 macio, mant\u00e9m a sua forma e \u00e9 dur\u00e1vel.","og_url":"https:\/\/aztex.ee\/pt-pt\/pood\/almofadas-para-dormir\/travesseiro-de-penas-de-pato\/","og_site_name":"AZTEX","article_publisher":"https:\/\/www.facebook.com\/AztexEE","article_modified_time":"2026-04-08T10:43:53+00:00","og_image":[{"width":800,"height":800,"url":"https:\/\/aztex.ee\/wp-content\/uploads\/2025\/09\/Pardisulgedest-padi.jpg","type":"image\/jpeg"}],"twitter_card":"summary_large_image","twitter_misc":{"Tempo estimado de leitura":"2 minutos"},"schema":{"@context":"https:\/\/schema.org","@graph":[{"@type":["WebPage","ItemPage"],"@id":"https:\/\/aztex.ee\/pt-pt\/pood\/almofadas-para-dormir\/travesseiro-de-penas-de-pato\/","url":"https:\/\/aztex.ee\/pt-pt\/pood\/almofadas-para-dormir\/travesseiro-de-penas-de-pato\/","name":"Travesseiro de penas de pato | AZTEX","isPartOf":{"@id":"https:\/\/aztex.ee\/pt-pt\/#website"},"primaryImageOfPage":{"@id":"https:\/\/aztex.ee\/pt-pt\/pood\/almofadas-para-dormir\/travesseiro-de-penas-de-pato\/#primaryimage"},"image":{"@id":"https:\/\/aztex.ee\/pt-pt\/pood\/almofadas-para-dormir\/travesseiro-de-penas-de-pato\/#primaryimage"},"thumbnailUrl":"https:\/\/aztex.ee\/wp-content\/uploads\/2025\/09\/Pardisulgedest-padi.jpg","datePublished":"2025-09-15T09:06:50+00:00","dateModified":"2026-04-08T10:43:53+00:00","description":"Macio, respir\u00e1vel e dur\u00e1vel, este travesseiro de penas de pato garante um sono tranquilo e confort\u00e1vel todas as noites. O material ecol\u00f3gico e natural \u00e9 macio, mant\u00e9m a sua forma e \u00e9 dur\u00e1vel.","breadcrumb":{"@id":"https:\/\/aztex.ee\/pt-pt\/pood\/almofadas-para-dormir\/travesseiro-de-penas-de-pato\/#breadcrumb"},"inLanguage":"pt-PT","potentialAction":[{"@type":"ReadAction","target":["https:\/\/aztex.ee\/pt-pt\/pood\/almofadas-para-dormir\/travesseiro-de-penas-de-pato\/"]}]},{"@type":"ImageObject","inLanguage":"pt-PT","@id":"https:\/\/aztex.ee\/pt-pt\/pood\/almofadas-para-dormir\/travesseiro-de-penas-de-pato\/#primaryimage","url":"https:\/\/aztex.ee\/wp-content\/uploads\/2025\/09\/Pardisulgedest-padi.jpg","contentUrl":"https:\/\/aztex.ee\/wp-content\/uploads\/2025\/09\/Pardisulgedest-padi.jpg","width":800,"height":800,"caption":"Pardisulgedest padi"},{"@type":"BreadcrumbList","@id":"https:\/\/aztex.ee\/pt-pt\/pood\/almofadas-para-dormir\/travesseiro-de-penas-de-pato\/#breadcrumb","itemListElement":[{"@type":"ListItem","position":1,"name":"In\u00edcio","item":"https:\/\/aztex.ee\/pt-pt\/"},{"@type":"ListItem","position":2,"name":"Loja","item":"https:\/\/aztex.ee\/pt-pt\/loja\/"},{"@type":"ListItem","position":3,"name":"Travesseiro de penas de pato"}]},{"@type":"WebSite","@id":"https:\/\/aztex.ee\/pt-pt\/#website","url":"https:\/\/aztex.ee\/pt-pt\/","name":"AZTEX","description":"","publisher":{"@id":"https:\/\/aztex.ee\/pt-pt\/#organization"},"potentialAction":[{"@type":"SearchAction","target":{"@type":"EntryPoint","urlTemplate":"https:\/\/aztex.ee\/pt-pt\/?s={search_term_string}"},"query-input":{"@type":"PropertyValueSpecification","valueRequired":true,"valueName":"search_term_string"}}],"inLanguage":"pt-PT"},{"@type":"Organization","@id":"https:\/\/aztex.ee\/pt-pt\/#organization","name":"AZTEX","url":"https:\/\/aztex.ee\/pt-pt\/","logo":{"@type":"ImageObject","inLanguage":"pt-PT","@id":"https:\/\/aztex.ee\/pt-pt\/#\/schema\/logo\/image\/","url":"https:\/\/aztex.ee\/wp-content\/uploads\/2026\/01\/AZTEX.png","contentUrl":"https:\/\/aztex.ee\/wp-content\/uploads\/2026\/01\/AZTEX.png","width":500,"height":500,"caption":"AZTEX"},"image":{"@id":"https:\/\/aztex.ee\/pt-pt\/#\/schema\/logo\/image\/"},"sameAs":["https:\/\/www.facebook.com\/AztexEE","https:\/\/www.instagram.com\/aztexeesti\/","https:\/\/www.youtube.com\/@AZTEXEE","https:\/\/www.pinterest.com\/aztex_eesti\/","https:\/\/www.tiktok.com\/@aztexeesti","https:\/\/www.trustpilot.com\/review\/aztex.ee","https:\/\/www.linkedin.com\/company\/aztex-ee\/","https:\/\/www.wikidata.org\/wiki\/Q137560182"]}]}},"_links":{"self":[{"href":"https:\/\/aztex.ee\/pt-pt\/wp-json\/wp\/v2\/product\/94492","targetHints":{"allow":["GET"]}}],"collection":[{"href":"https:\/\/aztex.ee\/pt-pt\/wp-json\/wp\/v2\/product"}],"about":[{"href":"https:\/\/aztex.ee\/pt-pt\/wp-json\/wp\/v2\/types\/product"}],"replies":[{"embeddable":true,"href":"https:\/\/aztex.ee\/pt-pt\/wp-json\/wp\/v2\/comments?post=94492"}],"version-history":[{"count":0,"href":"https:\/\/aztex.ee\/pt-pt\/wp-json\/wp\/v2\/product\/94492\/revisions"}],"wp:featuredmedia":[{"embeddable":true,"href":"https:\/\/aztex.ee\/pt-pt\/wp-json\/wp\/v2\/media\/94568"}],"wp:attachment":[{"href":"https:\/\/aztex.ee\/pt-pt\/wp-json\/wp\/v2\/media?parent=94492"}],"wp:term":[{"taxonomy":"product_brand","embeddable":true,"href":"https:\/\/aztex.ee\/pt-pt\/wp-json\/wp\/v2\/product_brand?post=94492"},{"taxonomy":"product_cat","embeddable":true,"href":"https:\/\/aztex.ee\/pt-pt\/wp-json\/wp\/v2\/product_cat?post=94492"},{"taxonomy":"product_tag","embeddable":true,"href":"https:\/\/aztex.ee\/pt-pt\/wp-json\/wp\/v2\/product_tag?post=94492"}],"curies":[{"name":"wp","href":"https:\/\/api.w.org\/{rel}","templated":true}]}}