{"id":91868,"date":"2025-08-17T11:03:58","date_gmt":"2025-08-17T11:03:58","guid":{"rendered":"https:\/\/aztex.ee\/?post_type=product&#038;p=91868"},"modified":"2026-04-02T14:07:23","modified_gmt":"2026-04-02T14:07:23","slug":"fronha-de-almofada-em-canhamo-cinza","status":"publish","type":"product","link":"https:\/\/aztex.ee\/pt-pt\/pood\/fronhas-de-canhamo\/fronha-de-almofada-em-canhamo-cinza\/","title":{"rendered":"Fronha de almofada em c\u00e2nhamo | Cinza"},"content":{"rendered":"<p>Uma fronha de c\u00e2nhamo acrescenta um aspeto luxuoso e moderno a qualquer divis\u00e3o, gra\u00e7as \u00e0 naturalidade do c\u00e2nhamo. Este material proporciona durabilidade e longevidade \u00e0 fronha, sendo uma \u00f3tima op\u00e7\u00e3o para quem prefere um estilo de vida ecol\u00f3gico.<\/p>\n<p>Usar uma fronha de c\u00e2nhamo promove um bom sono e melhora o bem-estar geral. As propriedades antibacterianas e antial\u00e9rgicas do c\u00e2nhamo tornam-no uma escolha ideal para quem sofre de alergias e asma, uma vez que o c\u00e2nhamo repele as bact\u00e9rias e mant\u00e9m a fronha limpa durante mais tempo.<\/p>\n","protected":false},"excerpt":{"rendered":"<p>A fronha de c\u00e2nhamo \u00e9 uma escolha dur\u00e1vel, respir\u00e1vel e amiga da pele para um sono confort\u00e1vel.<\/p>\n<ul>\n<li>Cor: Cinza<\/li>\n<li>Material: 100% c\u00e2nhamo, 180 g\/m2<\/li>\n<\/ul>\n<p><img loading=\"lazy\" decoding=\"async\" class=\"alignnone size-full wp-image-20226\" src=\"https:\/\/aztex.ee\/wp-content\/uploads\/2024\/09\/oekotex100.png\" alt=\"\" width=\"204\" height=\"72\" srcset=\"https:\/\/aztex.ee\/wp-content\/uploads\/2024\/09\/oekotex100.png 204w, https:\/\/aztex.ee\/wp-content\/uploads\/2024\/09\/oekotex100-150x53.png 150w\" sizes=\"auto, (max-width: 204px) 100vw, 204px\" \/><img loading=\"lazy\" decoding=\"async\" class=\"alignnone wp-image-20896\" src=\"https:\/\/aztex.ee\/wp-content\/uploads\/2024\/09\/NATURALHEMP.png\" alt=\"\" width=\"79\" height=\"79\" srcset=\"https:\/\/aztex.ee\/wp-content\/uploads\/2024\/09\/NATURALHEMP.png 300w, https:\/\/aztex.ee\/wp-content\/uploads\/2024\/09\/NATURALHEMP-150x150.png 150w\" sizes=\"auto, (max-width: 79px) 100vw, 79px\" \/><\/p>\n","protected":false},"featured_media":91997,"comment_status":"open","ping_status":"closed","template":"","meta":[],"product_brand":[],"product_cat":[1784,467],"product_tag":[],"class_list":{"0":"post-91868","1":"product","2":"type-product","3":"status-publish","4":"has-post-thumbnail","6":"product_cat-fronhas","7":"product_cat-fronhas-de-canhamo","9":"first","10":"instock","11":"shipping-taxable","12":"purchasable","13":"product-type-variable"},"yoast_head":"<!-- This site is optimized with the Yoast SEO plugin v27.3 - https:\/\/yoast.com\/product\/yoast-seo-wordpress\/ -->\n<title>Fronha de almofada de c\u00e2nhamo natural - Cinza | AZTEX<\/title>\n<meta name=\"description\" content=\"A fronha de c\u00e2nhamo proporciona um conforto natural, respir\u00e1vel e antibacteriano. Uma fronha ecol\u00f3gica e dur\u00e1vel permite-lhe desfrutar de um sono profundo, tranquilo e relaxante todas as noites.\" \/>\n<meta name=\"robots\" content=\"index, follow, max-snippet:-1, max-image-preview:large, max-video-preview:-1\" \/>\n<link rel=\"canonical\" href=\"https:\/\/aztex.ee\/pt-pt\/pood\/fronhas-de-canhamo\/fronha-de-almofada-em-canhamo-cinza\/\" \/>\n<meta property=\"og:locale\" content=\"pt_PT\" \/>\n<meta property=\"og:type\" content=\"article\" \/>\n<meta property=\"og:title\" content=\"Fronha de almofada de c\u00e2nhamo natural - Cinza | AZTEX\" \/>\n<meta property=\"og:description\" content=\"A fronha de c\u00e2nhamo proporciona um conforto natural, respir\u00e1vel e antibacteriano. Uma fronha ecol\u00f3gica e dur\u00e1vel permite-lhe desfrutar de um sono profundo, tranquilo e relaxante todas as noites.\" \/>\n<meta property=\"og:url\" content=\"https:\/\/aztex.ee\/pt-pt\/pood\/fronhas-de-canhamo\/fronha-de-almofada-em-canhamo-cinza\/\" \/>\n<meta property=\"og:site_name\" content=\"AZTEX\" \/>\n<meta property=\"article:publisher\" content=\"https:\/\/www.facebook.com\/AztexEE\" \/>\n<meta property=\"article:modified_time\" content=\"2026-04-02T14:07:23+00:00\" \/>\n<meta property=\"og:image\" content=\"https:\/\/aztex.ee\/wp-content\/uploads\/2025\/08\/Kanepist-padjapuur-Hall.jpg\" \/>\n\t<meta property=\"og:image:width\" content=\"800\" \/>\n\t<meta property=\"og:image:height\" content=\"800\" \/>\n\t<meta property=\"og:image:type\" content=\"image\/jpeg\" \/>\n<meta name=\"twitter:card\" content=\"summary_large_image\" \/>\n<meta name=\"twitter:label1\" content=\"Tempo estimado de leitura\" \/>\n\t<meta name=\"twitter:data1\" content=\"1 minuto\" \/>\n<script type=\"application\/ld+json\" class=\"yoast-schema-graph\">{\"@context\":\"https:\\\/\\\/schema.org\",\"@graph\":[{\"@type\":[\"WebPage\",\"ItemPage\"],\"@id\":\"https:\\\/\\\/aztex.ee\\\/pt-pt\\\/pood\\\/fronhas-de-canhamo\\\/fronha-de-almofada-em-canhamo-cinza\\\/\",\"url\":\"https:\\\/\\\/aztex.ee\\\/pt-pt\\\/pood\\\/fronhas-de-canhamo\\\/fronha-de-almofada-em-canhamo-cinza\\\/\",\"name\":\"Fronha de almofada de c\u00e2nhamo natural - Cinza | AZTEX\",\"isPartOf\":{\"@id\":\"https:\\\/\\\/aztex.ee\\\/pt-pt\\\/#website\"},\"primaryImageOfPage\":{\"@id\":\"https:\\\/\\\/aztex.ee\\\/pt-pt\\\/pood\\\/fronhas-de-canhamo\\\/fronha-de-almofada-em-canhamo-cinza\\\/#primaryimage\"},\"image\":{\"@id\":\"https:\\\/\\\/aztex.ee\\\/pt-pt\\\/pood\\\/fronhas-de-canhamo\\\/fronha-de-almofada-em-canhamo-cinza\\\/#primaryimage\"},\"thumbnailUrl\":\"https:\\\/\\\/aztex.ee\\\/wp-content\\\/uploads\\\/2025\\\/08\\\/Kanepist-padjapuur-Hall.jpg\",\"datePublished\":\"2025-08-17T11:03:58+00:00\",\"dateModified\":\"2026-04-02T14:07:23+00:00\",\"description\":\"A fronha de c\u00e2nhamo proporciona um conforto natural, respir\u00e1vel e antibacteriano. Uma fronha ecol\u00f3gica e dur\u00e1vel permite-lhe desfrutar de um sono profundo, tranquilo e relaxante todas as noites.\",\"breadcrumb\":{\"@id\":\"https:\\\/\\\/aztex.ee\\\/pt-pt\\\/pood\\\/fronhas-de-canhamo\\\/fronha-de-almofada-em-canhamo-cinza\\\/#breadcrumb\"},\"inLanguage\":\"pt-PT\",\"potentialAction\":[{\"@type\":\"ReadAction\",\"target\":[\"https:\\\/\\\/aztex.ee\\\/pt-pt\\\/pood\\\/fronhas-de-canhamo\\\/fronha-de-almofada-em-canhamo-cinza\\\/\"]}]},{\"@type\":\"ImageObject\",\"inLanguage\":\"pt-PT\",\"@id\":\"https:\\\/\\\/aztex.ee\\\/pt-pt\\\/pood\\\/fronhas-de-canhamo\\\/fronha-de-almofada-em-canhamo-cinza\\\/#primaryimage\",\"url\":\"https:\\\/\\\/aztex.ee\\\/wp-content\\\/uploads\\\/2025\\\/08\\\/Kanepist-padjapuur-Hall.jpg\",\"contentUrl\":\"https:\\\/\\\/aztex.ee\\\/wp-content\\\/uploads\\\/2025\\\/08\\\/Kanepist-padjapuur-Hall.jpg\",\"width\":800,\"height\":800,\"caption\":\"Kanepist padjap\u00fc\u00fcr Hall\"},{\"@type\":\"BreadcrumbList\",\"@id\":\"https:\\\/\\\/aztex.ee\\\/pt-pt\\\/pood\\\/fronhas-de-canhamo\\\/fronha-de-almofada-em-canhamo-cinza\\\/#breadcrumb\",\"itemListElement\":[{\"@type\":\"ListItem\",\"position\":1,\"name\":\"In\u00edcio\",\"item\":\"https:\\\/\\\/aztex.ee\\\/pt-pt\\\/\"},{\"@type\":\"ListItem\",\"position\":2,\"name\":\"Loja\",\"item\":\"https:\\\/\\\/aztex.ee\\\/pt-pt\\\/loja\\\/\"},{\"@type\":\"ListItem\",\"position\":3,\"name\":\"Fronha de almofada em c\u00e2nhamo | Cinza\"}]},{\"@type\":\"WebSite\",\"@id\":\"https:\\\/\\\/aztex.ee\\\/pt-pt\\\/#website\",\"url\":\"https:\\\/\\\/aztex.ee\\\/pt-pt\\\/\",\"name\":\"AZTEX\",\"description\":\"\",\"publisher\":{\"@id\":\"https:\\\/\\\/aztex.ee\\\/pt-pt\\\/#organization\"},\"potentialAction\":[{\"@type\":\"SearchAction\",\"target\":{\"@type\":\"EntryPoint\",\"urlTemplate\":\"https:\\\/\\\/aztex.ee\\\/pt-pt\\\/?s={search_term_string}\"},\"query-input\":{\"@type\":\"PropertyValueSpecification\",\"valueRequired\":true,\"valueName\":\"search_term_string\"}}],\"inLanguage\":\"pt-PT\"},{\"@type\":\"Organization\",\"@id\":\"https:\\\/\\\/aztex.ee\\\/pt-pt\\\/#organization\",\"name\":\"AZTEX\",\"url\":\"https:\\\/\\\/aztex.ee\\\/pt-pt\\\/\",\"logo\":{\"@type\":\"ImageObject\",\"inLanguage\":\"pt-PT\",\"@id\":\"https:\\\/\\\/aztex.ee\\\/pt-pt\\\/#\\\/schema\\\/logo\\\/image\\\/\",\"url\":\"https:\\\/\\\/aztex.ee\\\/wp-content\\\/uploads\\\/2026\\\/01\\\/AZTEX.png\",\"contentUrl\":\"https:\\\/\\\/aztex.ee\\\/wp-content\\\/uploads\\\/2026\\\/01\\\/AZTEX.png\",\"width\":500,\"height\":500,\"caption\":\"AZTEX\"},\"image\":{\"@id\":\"https:\\\/\\\/aztex.ee\\\/pt-pt\\\/#\\\/schema\\\/logo\\\/image\\\/\"},\"sameAs\":[\"https:\\\/\\\/www.facebook.com\\\/AztexEE\",\"https:\\\/\\\/www.instagram.com\\\/aztexeesti\\\/\",\"https:\\\/\\\/www.youtube.com\\\/@AZTEXEE\",\"https:\\\/\\\/www.pinterest.com\\\/aztex_eesti\\\/\",\"https:\\\/\\\/www.tiktok.com\\\/@aztexeesti\",\"https:\\\/\\\/www.trustpilot.com\\\/review\\\/aztex.ee\",\"https:\\\/\\\/www.linkedin.com\\\/company\\\/aztex-ee\\\/\",\"https:\\\/\\\/www.wikidata.org\\\/wiki\\\/Q137560182\"]}]}<\/script>\n<!-- \/ Yoast SEO plugin. -->","yoast_head_json":{"title":"Fronha de almofada de c\u00e2nhamo natural - Cinza | AZTEX","description":"A fronha de c\u00e2nhamo proporciona um conforto natural, respir\u00e1vel e antibacteriano. Uma fronha ecol\u00f3gica e dur\u00e1vel permite-lhe desfrutar de um sono profundo, tranquilo e relaxante todas as noites.","robots":{"index":"index","follow":"follow","max-snippet":"max-snippet:-1","max-image-preview":"max-image-preview:large","max-video-preview":"max-video-preview:-1"},"canonical":"https:\/\/aztex.ee\/pt-pt\/pood\/fronhas-de-canhamo\/fronha-de-almofada-em-canhamo-cinza\/","og_locale":"pt_PT","og_type":"article","og_title":"Fronha de almofada de c\u00e2nhamo natural - Cinza | AZTEX","og_description":"A fronha de c\u00e2nhamo proporciona um conforto natural, respir\u00e1vel e antibacteriano. Uma fronha ecol\u00f3gica e dur\u00e1vel permite-lhe desfrutar de um sono profundo, tranquilo e relaxante todas as noites.","og_url":"https:\/\/aztex.ee\/pt-pt\/pood\/fronhas-de-canhamo\/fronha-de-almofada-em-canhamo-cinza\/","og_site_name":"AZTEX","article_publisher":"https:\/\/www.facebook.com\/AztexEE","article_modified_time":"2026-04-02T14:07:23+00:00","og_image":[{"width":800,"height":800,"url":"https:\/\/aztex.ee\/wp-content\/uploads\/2025\/08\/Kanepist-padjapuur-Hall.jpg","type":"image\/jpeg"}],"twitter_card":"summary_large_image","twitter_misc":{"Tempo estimado de leitura":"1 minuto"},"schema":{"@context":"https:\/\/schema.org","@graph":[{"@type":["WebPage","ItemPage"],"@id":"https:\/\/aztex.ee\/pt-pt\/pood\/fronhas-de-canhamo\/fronha-de-almofada-em-canhamo-cinza\/","url":"https:\/\/aztex.ee\/pt-pt\/pood\/fronhas-de-canhamo\/fronha-de-almofada-em-canhamo-cinza\/","name":"Fronha de almofada de c\u00e2nhamo natural - Cinza | AZTEX","isPartOf":{"@id":"https:\/\/aztex.ee\/pt-pt\/#website"},"primaryImageOfPage":{"@id":"https:\/\/aztex.ee\/pt-pt\/pood\/fronhas-de-canhamo\/fronha-de-almofada-em-canhamo-cinza\/#primaryimage"},"image":{"@id":"https:\/\/aztex.ee\/pt-pt\/pood\/fronhas-de-canhamo\/fronha-de-almofada-em-canhamo-cinza\/#primaryimage"},"thumbnailUrl":"https:\/\/aztex.ee\/wp-content\/uploads\/2025\/08\/Kanepist-padjapuur-Hall.jpg","datePublished":"2025-08-17T11:03:58+00:00","dateModified":"2026-04-02T14:07:23+00:00","description":"A fronha de c\u00e2nhamo proporciona um conforto natural, respir\u00e1vel e antibacteriano. Uma fronha ecol\u00f3gica e dur\u00e1vel permite-lhe desfrutar de um sono profundo, tranquilo e relaxante todas as noites.","breadcrumb":{"@id":"https:\/\/aztex.ee\/pt-pt\/pood\/fronhas-de-canhamo\/fronha-de-almofada-em-canhamo-cinza\/#breadcrumb"},"inLanguage":"pt-PT","potentialAction":[{"@type":"ReadAction","target":["https:\/\/aztex.ee\/pt-pt\/pood\/fronhas-de-canhamo\/fronha-de-almofada-em-canhamo-cinza\/"]}]},{"@type":"ImageObject","inLanguage":"pt-PT","@id":"https:\/\/aztex.ee\/pt-pt\/pood\/fronhas-de-canhamo\/fronha-de-almofada-em-canhamo-cinza\/#primaryimage","url":"https:\/\/aztex.ee\/wp-content\/uploads\/2025\/08\/Kanepist-padjapuur-Hall.jpg","contentUrl":"https:\/\/aztex.ee\/wp-content\/uploads\/2025\/08\/Kanepist-padjapuur-Hall.jpg","width":800,"height":800,"caption":"Kanepist padjap\u00fc\u00fcr Hall"},{"@type":"BreadcrumbList","@id":"https:\/\/aztex.ee\/pt-pt\/pood\/fronhas-de-canhamo\/fronha-de-almofada-em-canhamo-cinza\/#breadcrumb","itemListElement":[{"@type":"ListItem","position":1,"name":"In\u00edcio","item":"https:\/\/aztex.ee\/pt-pt\/"},{"@type":"ListItem","position":2,"name":"Loja","item":"https:\/\/aztex.ee\/pt-pt\/loja\/"},{"@type":"ListItem","position":3,"name":"Fronha de almofada em c\u00e2nhamo | Cinza"}]},{"@type":"WebSite","@id":"https:\/\/aztex.ee\/pt-pt\/#website","url":"https:\/\/aztex.ee\/pt-pt\/","name":"AZTEX","description":"","publisher":{"@id":"https:\/\/aztex.ee\/pt-pt\/#organization"},"potentialAction":[{"@type":"SearchAction","target":{"@type":"EntryPoint","urlTemplate":"https:\/\/aztex.ee\/pt-pt\/?s={search_term_string}"},"query-input":{"@type":"PropertyValueSpecification","valueRequired":true,"valueName":"search_term_string"}}],"inLanguage":"pt-PT"},{"@type":"Organization","@id":"https:\/\/aztex.ee\/pt-pt\/#organization","name":"AZTEX","url":"https:\/\/aztex.ee\/pt-pt\/","logo":{"@type":"ImageObject","inLanguage":"pt-PT","@id":"https:\/\/aztex.ee\/pt-pt\/#\/schema\/logo\/image\/","url":"https:\/\/aztex.ee\/wp-content\/uploads\/2026\/01\/AZTEX.png","contentUrl":"https:\/\/aztex.ee\/wp-content\/uploads\/2026\/01\/AZTEX.png","width":500,"height":500,"caption":"AZTEX"},"image":{"@id":"https:\/\/aztex.ee\/pt-pt\/#\/schema\/logo\/image\/"},"sameAs":["https:\/\/www.facebook.com\/AztexEE","https:\/\/www.instagram.com\/aztexeesti\/","https:\/\/www.youtube.com\/@AZTEXEE","https:\/\/www.pinterest.com\/aztex_eesti\/","https:\/\/www.tiktok.com\/@aztexeesti","https:\/\/www.trustpilot.com\/review\/aztex.ee","https:\/\/www.linkedin.com\/company\/aztex-ee\/","https:\/\/www.wikidata.org\/wiki\/Q137560182"]}]}},"_links":{"self":[{"href":"https:\/\/aztex.ee\/pt-pt\/wp-json\/wp\/v2\/product\/91868","targetHints":{"allow":["GET"]}}],"collection":[{"href":"https:\/\/aztex.ee\/pt-pt\/wp-json\/wp\/v2\/product"}],"about":[{"href":"https:\/\/aztex.ee\/pt-pt\/wp-json\/wp\/v2\/types\/product"}],"replies":[{"embeddable":true,"href":"https:\/\/aztex.ee\/pt-pt\/wp-json\/wp\/v2\/comments?post=91868"}],"version-history":[{"count":0,"href":"https:\/\/aztex.ee\/pt-pt\/wp-json\/wp\/v2\/product\/91868\/revisions"}],"wp:featuredmedia":[{"embeddable":true,"href":"https:\/\/aztex.ee\/pt-pt\/wp-json\/wp\/v2\/media\/91997"}],"wp:attachment":[{"href":"https:\/\/aztex.ee\/pt-pt\/wp-json\/wp\/v2\/media?parent=91868"}],"wp:term":[{"taxonomy":"product_brand","embeddable":true,"href":"https:\/\/aztex.ee\/pt-pt\/wp-json\/wp\/v2\/product_brand?post=91868"},{"taxonomy":"product_cat","embeddable":true,"href":"https:\/\/aztex.ee\/pt-pt\/wp-json\/wp\/v2\/product_cat?post=91868"},{"taxonomy":"product_tag","embeddable":true,"href":"https:\/\/aztex.ee\/pt-pt\/wp-json\/wp\/v2\/product_tag?post=91868"}],"curies":[{"name":"wp","href":"https:\/\/api.w.org\/{rel}","templated":true}]}}