{"id":91477,"date":"2025-08-16T00:37:50","date_gmt":"2025-08-16T00:37:50","guid":{"rendered":"https:\/\/aztex.ee\/?post_type=product&#038;p=91477"},"modified":"2025-12-17T01:19:44","modified_gmt":"2025-12-17T01:19:44","slug":"conjunto-de-roupa-de-cama-em-canhamo-cinza","status":"publish","type":"product","link":"https:\/\/aztex.ee\/pt-pt\/pood\/roupa-de-cama\/conjunto-de-roupa-de-cama-em-canhamo-cinza\/","title":{"rendered":"Conjunto de roupa de cama em c\u00e2nhamo | Cinza"},"content":{"rendered":"<p>A roupa de cama de c\u00e2nhamo \u00e9 uma escolha ecol\u00f3gica e dur\u00e1vel. \u00c9 feito a partir das fibras naturais da planta do c\u00e2nhamo, que apresentam diversos benef\u00edcios. As fibras de c\u00e2nhamo s\u00e3o muito fortes e dur\u00e1veis, pelo que as capas de edred\u00e3o de c\u00e2nhamo duram mais tempo do que a maioria dos outros tecidos e ficam mais macias e confort\u00e1veis \u200b\u200ba cada lavagem.<\/p>\n<p>O c\u00e2nhamo tem propriedades antibacterianas naturais que tornam a roupa de cama higi\u00e9nica e ajudam a reduzir a quantidade de bact\u00e9rias e alerg\u00e9nios nela. Esta roupa de cama \u00e9 perfeita para alergias ou doen\u00e7as de pele e garante um sono mais higi\u00e9nico. Como o c\u00e2nhamo \u00e9 considerado um material hipoalerg\u00e9nico, a roupa de cama geralmente n\u00e3o causa rea\u00e7\u00f5es al\u00e9rgicas.<\/p>\n<p>-O conjunto de cama de c\u00e2nhamo \u00e9 f\u00e1cil de cuidar, o c\u00e2nhamo \u00e9 lav\u00e1vel na m\u00e1quina e seca rapidamente.<br \/>\n-\u00c9 melhor lavar a roupa de cama de c\u00e2nhamo em \u00e1gua morna para que se mantenha fresca e bonita durante mais tempo. A temperatura da \u00e1gua deve ser de 30-40\u00b0C.<br \/>\n-Recomenda-se secar a baixa velocidade para evitar que o tecido rasgue.<br \/>\n-A apar\u00eancia natural do c\u00e2nhamo \u00e9 ligeiramente enrugada. No entanto, se quiser que os len\u00e7\u00f3is fiquem lisos, pode pass\u00e1-los em lume brando.<\/p>\n<p>Os conjuntos de cama de c\u00e2nhamo s\u00e3o embalados num saco do mesmo tecido.<\/p>\n","protected":false},"excerpt":{"rendered":"<p>O conjunto de cama 100% c\u00e2nhamo \u00e9 hipoalerg\u00e9nico e antibacteriano.<\/p>\n<ul>\n<li>Cor: Cinza<\/li>\n<li>Material: 100% c\u00e2nhamo, 180 g\/m2<\/li>\n<li>Capa de edred\u00e3o: 200\u00d7220 cm<\/li>\n<li>Fronha de almofada: 50\u00d770 cm (2 pe\u00e7as)<\/li>\n<\/ul>\n<p><img loading=\"lazy\" decoding=\"async\" class=\"alignnone size-full wp-image-20226\" src=\"https:\/\/aztex.ee\/wp-content\/uploads\/2024\/09\/oekotex100.png\" alt=\"\" width=\"204\" height=\"72\" srcset=\"https:\/\/aztex.ee\/wp-content\/uploads\/2024\/09\/oekotex100.png 204w, https:\/\/aztex.ee\/wp-content\/uploads\/2024\/09\/oekotex100-150x53.png 150w\" sizes=\"auto, (max-width: 204px) 100vw, 204px\" \/><img loading=\"lazy\" decoding=\"async\" class=\"alignnone wp-image-20896\" src=\"https:\/\/aztex.ee\/wp-content\/uploads\/2024\/09\/NATURALHEMP.png\" alt=\"\" width=\"79\" height=\"79\" srcset=\"https:\/\/aztex.ee\/wp-content\/uploads\/2024\/09\/NATURALHEMP.png 300w, https:\/\/aztex.ee\/wp-content\/uploads\/2024\/09\/NATURALHEMP-150x150.png 150w\" sizes=\"auto, (max-width: 79px) 100vw, 79px\" \/><\/p>\n","protected":false},"featured_media":91498,"comment_status":"open","ping_status":"closed","template":"","meta":[],"product_brand":[],"product_cat":[504,430,110,157],"product_tag":[],"class_list":{"0":"post-91477","1":"product","2":"type-product","3":"status-publish","4":"has-post-thumbnail","6":"product_cat-conjuntos-de-roupa-de-cama","7":"product_cat-conjuntos-de-roupa-de-cama-em-canhamo","8":"product_cat-roupa-de-cama","9":"product_cat-roupa-de-cama-de-canhamo","11":"first","12":"outofstock","13":"sale","14":"shipping-taxable","15":"purchasable","16":"product-type-simple"},"yoast_head":"<!-- This site is optimized with the Yoast SEO plugin v27.3 - https:\/\/yoast.com\/product\/yoast-seo-wordpress\/ -->\n<title>Jogo capa de edred\u00e3o c\u00e2nhamo - Cinza | AZTEX<\/title>\n<meta name=\"description\" content=\"O conjunto de capa de edred\u00e3o de c\u00e2nhamo org\u00e2nico cria um ambiente de dormir especialmente luxuoso e natural em qualquer esta\u00e7\u00e3o, com propriedades antibacterianas e uma textura macia e respir\u00e1vel.\" \/>\n<meta name=\"robots\" content=\"index, follow, max-snippet:-1, max-image-preview:large, max-video-preview:-1\" \/>\n<link rel=\"canonical\" href=\"https:\/\/aztex.ee\/pt-pt\/pood\/roupa-de-cama\/conjunto-de-roupa-de-cama-em-canhamo-cinza\/\" \/>\n<meta property=\"og:locale\" content=\"pt_PT\" \/>\n<meta property=\"og:type\" content=\"article\" \/>\n<meta property=\"og:title\" content=\"Jogo capa de edred\u00e3o c\u00e2nhamo - Cinza | AZTEX\" \/>\n<meta property=\"og:description\" content=\"O conjunto de capa de edred\u00e3o de c\u00e2nhamo org\u00e2nico cria um ambiente de dormir especialmente luxuoso e natural em qualquer esta\u00e7\u00e3o, com propriedades antibacterianas e uma textura macia e respir\u00e1vel.\" \/>\n<meta property=\"og:url\" content=\"https:\/\/aztex.ee\/pt-pt\/pood\/roupa-de-cama\/conjunto-de-roupa-de-cama-em-canhamo-cinza\/\" \/>\n<meta property=\"og:site_name\" content=\"AZTEX\" \/>\n<meta property=\"article:publisher\" content=\"https:\/\/www.facebook.com\/AztexEE\" \/>\n<meta property=\"article:modified_time\" content=\"2025-12-17T01:19:44+00:00\" \/>\n<meta property=\"og:image\" content=\"https:\/\/aztex.ee\/wp-content\/uploads\/2025\/08\/Kanepist-voodipesukomplekt-Hall.jpg\" \/>\n\t<meta property=\"og:image:width\" content=\"800\" \/>\n\t<meta property=\"og:image:height\" content=\"800\" \/>\n\t<meta property=\"og:image:type\" content=\"image\/jpeg\" \/>\n<meta name=\"twitter:card\" content=\"summary_large_image\" \/>\n<meta name=\"twitter:label1\" content=\"Tempo estimado de leitura\" \/>\n\t<meta name=\"twitter:data1\" content=\"2 minutos\" \/>\n<script type=\"application\/ld+json\" class=\"yoast-schema-graph\">{\"@context\":\"https:\\\/\\\/schema.org\",\"@graph\":[{\"@type\":[\"WebPage\",\"ItemPage\"],\"@id\":\"https:\\\/\\\/aztex.ee\\\/pt-pt\\\/pood\\\/roupa-de-cama\\\/conjunto-de-roupa-de-cama-em-canhamo-cinza\\\/\",\"url\":\"https:\\\/\\\/aztex.ee\\\/pt-pt\\\/pood\\\/roupa-de-cama\\\/conjunto-de-roupa-de-cama-em-canhamo-cinza\\\/\",\"name\":\"Jogo capa de edred\u00e3o c\u00e2nhamo - Cinza | AZTEX\",\"isPartOf\":{\"@id\":\"https:\\\/\\\/aztex.ee\\\/pt-pt\\\/#website\"},\"primaryImageOfPage\":{\"@id\":\"https:\\\/\\\/aztex.ee\\\/pt-pt\\\/pood\\\/roupa-de-cama\\\/conjunto-de-roupa-de-cama-em-canhamo-cinza\\\/#primaryimage\"},\"image\":{\"@id\":\"https:\\\/\\\/aztex.ee\\\/pt-pt\\\/pood\\\/roupa-de-cama\\\/conjunto-de-roupa-de-cama-em-canhamo-cinza\\\/#primaryimage\"},\"thumbnailUrl\":\"https:\\\/\\\/aztex.ee\\\/wp-content\\\/uploads\\\/2025\\\/08\\\/Kanepist-voodipesukomplekt-Hall.jpg\",\"datePublished\":\"2025-08-16T00:37:50+00:00\",\"dateModified\":\"2025-12-17T01:19:44+00:00\",\"description\":\"O conjunto de capa de edred\u00e3o de c\u00e2nhamo org\u00e2nico cria um ambiente de dormir especialmente luxuoso e natural em qualquer esta\u00e7\u00e3o, com propriedades antibacterianas e uma textura macia e respir\u00e1vel.\",\"breadcrumb\":{\"@id\":\"https:\\\/\\\/aztex.ee\\\/pt-pt\\\/pood\\\/roupa-de-cama\\\/conjunto-de-roupa-de-cama-em-canhamo-cinza\\\/#breadcrumb\"},\"inLanguage\":\"pt-PT\",\"potentialAction\":[{\"@type\":\"ReadAction\",\"target\":[\"https:\\\/\\\/aztex.ee\\\/pt-pt\\\/pood\\\/roupa-de-cama\\\/conjunto-de-roupa-de-cama-em-canhamo-cinza\\\/\"]}]},{\"@type\":\"ImageObject\",\"inLanguage\":\"pt-PT\",\"@id\":\"https:\\\/\\\/aztex.ee\\\/pt-pt\\\/pood\\\/roupa-de-cama\\\/conjunto-de-roupa-de-cama-em-canhamo-cinza\\\/#primaryimage\",\"url\":\"https:\\\/\\\/aztex.ee\\\/wp-content\\\/uploads\\\/2025\\\/08\\\/Kanepist-voodipesukomplekt-Hall.jpg\",\"contentUrl\":\"https:\\\/\\\/aztex.ee\\\/wp-content\\\/uploads\\\/2025\\\/08\\\/Kanepist-voodipesukomplekt-Hall.jpg\",\"width\":800,\"height\":800,\"caption\":\"Kanepist voodipesukomplekt Hall\"},{\"@type\":\"BreadcrumbList\",\"@id\":\"https:\\\/\\\/aztex.ee\\\/pt-pt\\\/pood\\\/roupa-de-cama\\\/conjunto-de-roupa-de-cama-em-canhamo-cinza\\\/#breadcrumb\",\"itemListElement\":[{\"@type\":\"ListItem\",\"position\":1,\"name\":\"In\u00edcio\",\"item\":\"https:\\\/\\\/aztex.ee\\\/pt-pt\\\/\"},{\"@type\":\"ListItem\",\"position\":2,\"name\":\"Loja\",\"item\":\"https:\\\/\\\/aztex.ee\\\/pt-pt\\\/loja\\\/\"},{\"@type\":\"ListItem\",\"position\":3,\"name\":\"Conjunto de roupa de cama em c\u00e2nhamo | Cinza\"}]},{\"@type\":\"WebSite\",\"@id\":\"https:\\\/\\\/aztex.ee\\\/pt-pt\\\/#website\",\"url\":\"https:\\\/\\\/aztex.ee\\\/pt-pt\\\/\",\"name\":\"AZTEX\",\"description\":\"\",\"publisher\":{\"@id\":\"https:\\\/\\\/aztex.ee\\\/pt-pt\\\/#organization\"},\"potentialAction\":[{\"@type\":\"SearchAction\",\"target\":{\"@type\":\"EntryPoint\",\"urlTemplate\":\"https:\\\/\\\/aztex.ee\\\/pt-pt\\\/?s={search_term_string}\"},\"query-input\":{\"@type\":\"PropertyValueSpecification\",\"valueRequired\":true,\"valueName\":\"search_term_string\"}}],\"inLanguage\":\"pt-PT\"},{\"@type\":\"Organization\",\"@id\":\"https:\\\/\\\/aztex.ee\\\/pt-pt\\\/#organization\",\"name\":\"AZTEX\",\"url\":\"https:\\\/\\\/aztex.ee\\\/pt-pt\\\/\",\"logo\":{\"@type\":\"ImageObject\",\"inLanguage\":\"pt-PT\",\"@id\":\"https:\\\/\\\/aztex.ee\\\/pt-pt\\\/#\\\/schema\\\/logo\\\/image\\\/\",\"url\":\"https:\\\/\\\/aztex.ee\\\/wp-content\\\/uploads\\\/2026\\\/01\\\/AZTEX.png\",\"contentUrl\":\"https:\\\/\\\/aztex.ee\\\/wp-content\\\/uploads\\\/2026\\\/01\\\/AZTEX.png\",\"width\":500,\"height\":500,\"caption\":\"AZTEX\"},\"image\":{\"@id\":\"https:\\\/\\\/aztex.ee\\\/pt-pt\\\/#\\\/schema\\\/logo\\\/image\\\/\"},\"sameAs\":[\"https:\\\/\\\/www.facebook.com\\\/AztexEE\",\"https:\\\/\\\/www.instagram.com\\\/aztexeesti\\\/\",\"https:\\\/\\\/www.youtube.com\\\/@AZTEXEE\",\"https:\\\/\\\/www.pinterest.com\\\/aztex_eesti\\\/\",\"https:\\\/\\\/www.tiktok.com\\\/@aztexeesti\",\"https:\\\/\\\/www.trustpilot.com\\\/review\\\/aztex.ee\",\"https:\\\/\\\/www.linkedin.com\\\/company\\\/aztex-ee\\\/\",\"https:\\\/\\\/www.wikidata.org\\\/wiki\\\/Q137560182\"]}]}<\/script>\n<!-- \/ Yoast SEO plugin. -->","yoast_head_json":{"title":"Jogo capa de edred\u00e3o c\u00e2nhamo - Cinza | AZTEX","description":"O conjunto de capa de edred\u00e3o de c\u00e2nhamo org\u00e2nico cria um ambiente de dormir especialmente luxuoso e natural em qualquer esta\u00e7\u00e3o, com propriedades antibacterianas e uma textura macia e respir\u00e1vel.","robots":{"index":"index","follow":"follow","max-snippet":"max-snippet:-1","max-image-preview":"max-image-preview:large","max-video-preview":"max-video-preview:-1"},"canonical":"https:\/\/aztex.ee\/pt-pt\/pood\/roupa-de-cama\/conjunto-de-roupa-de-cama-em-canhamo-cinza\/","og_locale":"pt_PT","og_type":"article","og_title":"Jogo capa de edred\u00e3o c\u00e2nhamo - Cinza | AZTEX","og_description":"O conjunto de capa de edred\u00e3o de c\u00e2nhamo org\u00e2nico cria um ambiente de dormir especialmente luxuoso e natural em qualquer esta\u00e7\u00e3o, com propriedades antibacterianas e uma textura macia e respir\u00e1vel.","og_url":"https:\/\/aztex.ee\/pt-pt\/pood\/roupa-de-cama\/conjunto-de-roupa-de-cama-em-canhamo-cinza\/","og_site_name":"AZTEX","article_publisher":"https:\/\/www.facebook.com\/AztexEE","article_modified_time":"2025-12-17T01:19:44+00:00","og_image":[{"width":800,"height":800,"url":"https:\/\/aztex.ee\/wp-content\/uploads\/2025\/08\/Kanepist-voodipesukomplekt-Hall.jpg","type":"image\/jpeg"}],"twitter_card":"summary_large_image","twitter_misc":{"Tempo estimado de leitura":"2 minutos"},"schema":{"@context":"https:\/\/schema.org","@graph":[{"@type":["WebPage","ItemPage"],"@id":"https:\/\/aztex.ee\/pt-pt\/pood\/roupa-de-cama\/conjunto-de-roupa-de-cama-em-canhamo-cinza\/","url":"https:\/\/aztex.ee\/pt-pt\/pood\/roupa-de-cama\/conjunto-de-roupa-de-cama-em-canhamo-cinza\/","name":"Jogo capa de edred\u00e3o c\u00e2nhamo - Cinza | AZTEX","isPartOf":{"@id":"https:\/\/aztex.ee\/pt-pt\/#website"},"primaryImageOfPage":{"@id":"https:\/\/aztex.ee\/pt-pt\/pood\/roupa-de-cama\/conjunto-de-roupa-de-cama-em-canhamo-cinza\/#primaryimage"},"image":{"@id":"https:\/\/aztex.ee\/pt-pt\/pood\/roupa-de-cama\/conjunto-de-roupa-de-cama-em-canhamo-cinza\/#primaryimage"},"thumbnailUrl":"https:\/\/aztex.ee\/wp-content\/uploads\/2025\/08\/Kanepist-voodipesukomplekt-Hall.jpg","datePublished":"2025-08-16T00:37:50+00:00","dateModified":"2025-12-17T01:19:44+00:00","description":"O conjunto de capa de edred\u00e3o de c\u00e2nhamo org\u00e2nico cria um ambiente de dormir especialmente luxuoso e natural em qualquer esta\u00e7\u00e3o, com propriedades antibacterianas e uma textura macia e respir\u00e1vel.","breadcrumb":{"@id":"https:\/\/aztex.ee\/pt-pt\/pood\/roupa-de-cama\/conjunto-de-roupa-de-cama-em-canhamo-cinza\/#breadcrumb"},"inLanguage":"pt-PT","potentialAction":[{"@type":"ReadAction","target":["https:\/\/aztex.ee\/pt-pt\/pood\/roupa-de-cama\/conjunto-de-roupa-de-cama-em-canhamo-cinza\/"]}]},{"@type":"ImageObject","inLanguage":"pt-PT","@id":"https:\/\/aztex.ee\/pt-pt\/pood\/roupa-de-cama\/conjunto-de-roupa-de-cama-em-canhamo-cinza\/#primaryimage","url":"https:\/\/aztex.ee\/wp-content\/uploads\/2025\/08\/Kanepist-voodipesukomplekt-Hall.jpg","contentUrl":"https:\/\/aztex.ee\/wp-content\/uploads\/2025\/08\/Kanepist-voodipesukomplekt-Hall.jpg","width":800,"height":800,"caption":"Kanepist voodipesukomplekt Hall"},{"@type":"BreadcrumbList","@id":"https:\/\/aztex.ee\/pt-pt\/pood\/roupa-de-cama\/conjunto-de-roupa-de-cama-em-canhamo-cinza\/#breadcrumb","itemListElement":[{"@type":"ListItem","position":1,"name":"In\u00edcio","item":"https:\/\/aztex.ee\/pt-pt\/"},{"@type":"ListItem","position":2,"name":"Loja","item":"https:\/\/aztex.ee\/pt-pt\/loja\/"},{"@type":"ListItem","position":3,"name":"Conjunto de roupa de cama em c\u00e2nhamo | Cinza"}]},{"@type":"WebSite","@id":"https:\/\/aztex.ee\/pt-pt\/#website","url":"https:\/\/aztex.ee\/pt-pt\/","name":"AZTEX","description":"","publisher":{"@id":"https:\/\/aztex.ee\/pt-pt\/#organization"},"potentialAction":[{"@type":"SearchAction","target":{"@type":"EntryPoint","urlTemplate":"https:\/\/aztex.ee\/pt-pt\/?s={search_term_string}"},"query-input":{"@type":"PropertyValueSpecification","valueRequired":true,"valueName":"search_term_string"}}],"inLanguage":"pt-PT"},{"@type":"Organization","@id":"https:\/\/aztex.ee\/pt-pt\/#organization","name":"AZTEX","url":"https:\/\/aztex.ee\/pt-pt\/","logo":{"@type":"ImageObject","inLanguage":"pt-PT","@id":"https:\/\/aztex.ee\/pt-pt\/#\/schema\/logo\/image\/","url":"https:\/\/aztex.ee\/wp-content\/uploads\/2026\/01\/AZTEX.png","contentUrl":"https:\/\/aztex.ee\/wp-content\/uploads\/2026\/01\/AZTEX.png","width":500,"height":500,"caption":"AZTEX"},"image":{"@id":"https:\/\/aztex.ee\/pt-pt\/#\/schema\/logo\/image\/"},"sameAs":["https:\/\/www.facebook.com\/AztexEE","https:\/\/www.instagram.com\/aztexeesti\/","https:\/\/www.youtube.com\/@AZTEXEE","https:\/\/www.pinterest.com\/aztex_eesti\/","https:\/\/www.tiktok.com\/@aztexeesti","https:\/\/www.trustpilot.com\/review\/aztex.ee","https:\/\/www.linkedin.com\/company\/aztex-ee\/","https:\/\/www.wikidata.org\/wiki\/Q137560182"]}]}},"_links":{"self":[{"href":"https:\/\/aztex.ee\/pt-pt\/wp-json\/wp\/v2\/product\/91477","targetHints":{"allow":["GET"]}}],"collection":[{"href":"https:\/\/aztex.ee\/pt-pt\/wp-json\/wp\/v2\/product"}],"about":[{"href":"https:\/\/aztex.ee\/pt-pt\/wp-json\/wp\/v2\/types\/product"}],"replies":[{"embeddable":true,"href":"https:\/\/aztex.ee\/pt-pt\/wp-json\/wp\/v2\/comments?post=91477"}],"version-history":[{"count":0,"href":"https:\/\/aztex.ee\/pt-pt\/wp-json\/wp\/v2\/product\/91477\/revisions"}],"wp:featuredmedia":[{"embeddable":true,"href":"https:\/\/aztex.ee\/pt-pt\/wp-json\/wp\/v2\/media\/91498"}],"wp:attachment":[{"href":"https:\/\/aztex.ee\/pt-pt\/wp-json\/wp\/v2\/media?parent=91477"}],"wp:term":[{"taxonomy":"product_brand","embeddable":true,"href":"https:\/\/aztex.ee\/pt-pt\/wp-json\/wp\/v2\/product_brand?post=91477"},{"taxonomy":"product_cat","embeddable":true,"href":"https:\/\/aztex.ee\/pt-pt\/wp-json\/wp\/v2\/product_cat?post=91477"},{"taxonomy":"product_tag","embeddable":true,"href":"https:\/\/aztex.ee\/pt-pt\/wp-json\/wp\/v2\/product_tag?post=91477"}],"curies":[{"name":"wp","href":"https:\/\/api.w.org\/{rel}","templated":true}]}}