{"id":87184,"date":"2025-05-17T20:18:23","date_gmt":"2025-05-17T20:18:23","guid":{"rendered":"https:\/\/aztex.ee\/?post_type=product&#038;p=87184"},"modified":"2025-10-20T11:06:19","modified_gmt":"2025-10-20T11:06:19","slug":"conjunto-de-roupa-de-cama-premium-bambu-azul-cobalto","status":"publish","type":"product","link":"https:\/\/aztex.ee\/pt-pt\/pood\/roupa-de-cama\/conjunto-de-roupa-de-cama-premium-bambu-azul-cobalto\/","title":{"rendered":"Conjunto de Roupa de Cama Premium 100% Bambu | Azul cobalto"},"content":{"rendered":"<p>Os conjuntos de cama de bambu s\u00e3o produtos t\u00eaxteis de alta qualidade, macios e respir\u00e1veis, feitos de fibra natural de bambu. Estes conjuntos s\u00e3o especialmente concebidos para garantir um sono confort\u00e1vel. A fibra de bambu \u00e9 naturalmente respir\u00e1vel e tem a capacidade de absorver a humidade, o que evita a transpira\u00e7\u00e3o e o mant\u00e9m limpo e fresco durante mais tempo.<\/p>\n<p>Os conjuntos de cama de bambu utilizam normalmente materiais ecol\u00f3gicos e sustent\u00e1veis. A planta do bambu \u00e9 conhecida pelo seu r\u00e1pido crescimento e baixo consumo de \u00e1gua, o que reduz o impacto ambiental do processo produtivo. Al\u00e9m disso, a fibra de bambu cria uma sensa\u00e7\u00e3o luxuosa com a sua textura macia e \u00e9 suave para a pele sem lhe causar danos.<\/p>\n<p>Os conjuntos de cama em bambu possuem propriedades antibacterianas e antial\u00e9rgicas naturais que mant\u00eam a higiene e proporcionam conforto durante o sono. S\u00e3o conhecidos pelo seu efeito refrescante e refrescante em climas quentes.<\/p>\n<p>Como resultado, os conjuntos de cama em bambu s\u00e3o produtos ecol\u00f3gicos e confort\u00e1veis \u200b\u200bque oferecem um sono de qualidade aos seus utilizadores.<\/p>\n","protected":false},"excerpt":{"rendered":"<p>A roupa de cama feita de bambu 100% cultivado de forma sustent\u00e1vel \u00e9 hipoalerg\u00e9nica e antibacteriana.<\/p>\n<ul>\n<li>Cor: Azul cobalto<\/li>\n<li>Material: 100% bambu<\/li>\n<li>Contagem de fios: 300 TC<\/li>\n<li>Capa de edred\u00e3o: 200\u00d7220 cm<\/li>\n<li>Fronha de almofada: 50\u00d770 cm (2 pe\u00e7as)<\/li>\n<li>Len\u00e7ol: 220\u00d7240 cm<\/li>\n<\/ul>\n<p><img loading=\"lazy\" decoding=\"async\" class=\"alignnone wp-image-20226\" src=\"https:\/\/aztex.ee\/wp-content\/uploads\/2024\/09\/oekotex100.png\" alt=\"\" width=\"196\" height=\"69\" srcset=\"https:\/\/aztex.ee\/wp-content\/uploads\/2024\/09\/oekotex100.png 204w, https:\/\/aztex.ee\/wp-content\/uploads\/2024\/09\/oekotex100-150x53.png 150w\" sizes=\"auto, (max-width: 196px) 100vw, 196px\" \/><img loading=\"lazy\" decoding=\"async\" class=\"alignnone wp-image-20260\" src=\"https:\/\/aztex.ee\/wp-content\/uploads\/2024\/09\/bambuuss.png\" alt=\"\" width=\"75\" height=\"75\" srcset=\"https:\/\/aztex.ee\/wp-content\/uploads\/2024\/09\/bambuuss.png 204w, https:\/\/aztex.ee\/wp-content\/uploads\/2024\/09\/bambuuss-150x150.png 150w\" sizes=\"auto, (max-width: 75px) 100vw, 75px\" \/><\/p>\n<p>Hipoalerg\u00e9nico e absorvente de humidade.<br \/>\nUma escolha ideal para peles sens\u00edveis ou eczemas, especialmente para pessoas que tendem a transpirar \u00e0 noite. Os conjuntos de cama de bambu s\u00e3o embalados em um saco feito do mesmo tecido.<\/p>\n","protected":false},"featured_media":87189,"comment_status":"open","ping_status":"closed","template":"","meta":[],"product_brand":[],"product_cat":[408,504,110,144],"product_tag":[],"class_list":{"0":"post-87184","1":"product","2":"type-product","3":"status-publish","4":"has-post-thumbnail","6":"product_cat-conjuntos-de-cama-em-bambu","7":"product_cat-conjuntos-de-roupa-de-cama","8":"product_cat-roupa-de-cama","9":"product_cat-roupa-de-cama-em-bambu","11":"first","12":"instock","13":"sale","14":"shipping-taxable","15":"purchasable","16":"product-type-simple"},"yoast_head":"<!-- This site is optimized with the Yoast SEO plugin v27.3 - https:\/\/yoast.com\/product\/yoast-seo-wordpress\/ -->\n<title>Jogo de Cama Casal 4 P\u00e7s 100% Bambu | Azul cobalto<\/title>\n<meta name=\"description\" content=\"Antibacteriano e dur\u00e1vel, este conjunto de cama em bambu \u00e9 uma \u00f3tima escolha para quem valoriza a qualidade, a longevidade e o toque suave.\" \/>\n<meta name=\"robots\" content=\"index, follow, max-snippet:-1, max-image-preview:large, max-video-preview:-1\" \/>\n<link rel=\"canonical\" href=\"https:\/\/aztex.ee\/pt-pt\/pood\/roupa-de-cama\/conjunto-de-roupa-de-cama-premium-bambu-azul-cobalto\/\" \/>\n<meta property=\"og:locale\" content=\"pt_PT\" \/>\n<meta property=\"og:type\" content=\"article\" \/>\n<meta property=\"og:title\" content=\"Jogo de Cama Casal 4 P\u00e7s 100% Bambu | Azul cobalto\" \/>\n<meta property=\"og:description\" content=\"Antibacteriano e dur\u00e1vel, este conjunto de cama em bambu \u00e9 uma \u00f3tima escolha para quem valoriza a qualidade, a longevidade e o toque suave.\" \/>\n<meta property=\"og:url\" content=\"https:\/\/aztex.ee\/pt-pt\/pood\/roupa-de-cama\/conjunto-de-roupa-de-cama-premium-bambu-azul-cobalto\/\" \/>\n<meta property=\"og:site_name\" content=\"AZTEX\" \/>\n<meta property=\"article:publisher\" content=\"https:\/\/www.facebook.com\/AztexEE\" \/>\n<meta property=\"article:modified_time\" content=\"2025-10-20T11:06:19+00:00\" \/>\n<meta property=\"og:image\" content=\"https:\/\/aztex.ee\/wp-content\/uploads\/2025\/05\/Voodipesukomplekt-bambus-Koobaltsinine.jpg\" \/>\n\t<meta property=\"og:image:width\" content=\"800\" \/>\n\t<meta property=\"og:image:height\" content=\"800\" \/>\n\t<meta property=\"og:image:type\" content=\"image\/jpeg\" \/>\n<meta name=\"twitter:card\" content=\"summary_large_image\" \/>\n<meta name=\"twitter:label1\" content=\"Tempo estimado de leitura\" \/>\n\t<meta name=\"twitter:data1\" content=\"2 minutos\" \/>\n<script type=\"application\/ld+json\" class=\"yoast-schema-graph\">{\"@context\":\"https:\\\/\\\/schema.org\",\"@graph\":[{\"@type\":[\"WebPage\",\"ItemPage\"],\"@id\":\"https:\\\/\\\/aztex.ee\\\/pt-pt\\\/pood\\\/roupa-de-cama\\\/conjunto-de-roupa-de-cama-premium-bambu-azul-cobalto\\\/\",\"url\":\"https:\\\/\\\/aztex.ee\\\/pt-pt\\\/pood\\\/roupa-de-cama\\\/conjunto-de-roupa-de-cama-premium-bambu-azul-cobalto\\\/\",\"name\":\"Jogo de Cama Casal 4 P\u00e7s 100% Bambu | Azul cobalto\",\"isPartOf\":{\"@id\":\"https:\\\/\\\/aztex.ee\\\/pt-pt\\\/#website\"},\"primaryImageOfPage\":{\"@id\":\"https:\\\/\\\/aztex.ee\\\/pt-pt\\\/pood\\\/roupa-de-cama\\\/conjunto-de-roupa-de-cama-premium-bambu-azul-cobalto\\\/#primaryimage\"},\"image\":{\"@id\":\"https:\\\/\\\/aztex.ee\\\/pt-pt\\\/pood\\\/roupa-de-cama\\\/conjunto-de-roupa-de-cama-premium-bambu-azul-cobalto\\\/#primaryimage\"},\"thumbnailUrl\":\"https:\\\/\\\/aztex.ee\\\/wp-content\\\/uploads\\\/2025\\\/05\\\/Voodipesukomplekt-bambus-Koobaltsinine.jpg\",\"datePublished\":\"2025-05-17T20:18:23+00:00\",\"dateModified\":\"2025-10-20T11:06:19+00:00\",\"description\":\"Antibacteriano e dur\u00e1vel, este conjunto de cama em bambu \u00e9 uma \u00f3tima escolha para quem valoriza a qualidade, a longevidade e o toque suave.\",\"breadcrumb\":{\"@id\":\"https:\\\/\\\/aztex.ee\\\/pt-pt\\\/pood\\\/roupa-de-cama\\\/conjunto-de-roupa-de-cama-premium-bambu-azul-cobalto\\\/#breadcrumb\"},\"inLanguage\":\"pt-PT\",\"potentialAction\":[{\"@type\":\"ReadAction\",\"target\":[\"https:\\\/\\\/aztex.ee\\\/pt-pt\\\/pood\\\/roupa-de-cama\\\/conjunto-de-roupa-de-cama-premium-bambu-azul-cobalto\\\/\"]}]},{\"@type\":\"ImageObject\",\"inLanguage\":\"pt-PT\",\"@id\":\"https:\\\/\\\/aztex.ee\\\/pt-pt\\\/pood\\\/roupa-de-cama\\\/conjunto-de-roupa-de-cama-premium-bambu-azul-cobalto\\\/#primaryimage\",\"url\":\"https:\\\/\\\/aztex.ee\\\/wp-content\\\/uploads\\\/2025\\\/05\\\/Voodipesukomplekt-bambus-Koobaltsinine.jpg\",\"contentUrl\":\"https:\\\/\\\/aztex.ee\\\/wp-content\\\/uploads\\\/2025\\\/05\\\/Voodipesukomplekt-bambus-Koobaltsinine.jpg\",\"width\":800,\"height\":800,\"caption\":\"Voodipesukomplekt bambus Koobaltsinine\"},{\"@type\":\"BreadcrumbList\",\"@id\":\"https:\\\/\\\/aztex.ee\\\/pt-pt\\\/pood\\\/roupa-de-cama\\\/conjunto-de-roupa-de-cama-premium-bambu-azul-cobalto\\\/#breadcrumb\",\"itemListElement\":[{\"@type\":\"ListItem\",\"position\":1,\"name\":\"In\u00edcio\",\"item\":\"https:\\\/\\\/aztex.ee\\\/pt-pt\\\/\"},{\"@type\":\"ListItem\",\"position\":2,\"name\":\"Loja\",\"item\":\"https:\\\/\\\/aztex.ee\\\/pt-pt\\\/loja\\\/\"},{\"@type\":\"ListItem\",\"position\":3,\"name\":\"Conjunto de Roupa de Cama Premium 100% Bambu | Azul cobalto\"}]},{\"@type\":\"WebSite\",\"@id\":\"https:\\\/\\\/aztex.ee\\\/pt-pt\\\/#website\",\"url\":\"https:\\\/\\\/aztex.ee\\\/pt-pt\\\/\",\"name\":\"AZTEX\",\"description\":\"\",\"publisher\":{\"@id\":\"https:\\\/\\\/aztex.ee\\\/pt-pt\\\/#organization\"},\"potentialAction\":[{\"@type\":\"SearchAction\",\"target\":{\"@type\":\"EntryPoint\",\"urlTemplate\":\"https:\\\/\\\/aztex.ee\\\/pt-pt\\\/?s={search_term_string}\"},\"query-input\":{\"@type\":\"PropertyValueSpecification\",\"valueRequired\":true,\"valueName\":\"search_term_string\"}}],\"inLanguage\":\"pt-PT\"},{\"@type\":\"Organization\",\"@id\":\"https:\\\/\\\/aztex.ee\\\/pt-pt\\\/#organization\",\"name\":\"AZTEX\",\"url\":\"https:\\\/\\\/aztex.ee\\\/pt-pt\\\/\",\"logo\":{\"@type\":\"ImageObject\",\"inLanguage\":\"pt-PT\",\"@id\":\"https:\\\/\\\/aztex.ee\\\/pt-pt\\\/#\\\/schema\\\/logo\\\/image\\\/\",\"url\":\"https:\\\/\\\/aztex.ee\\\/wp-content\\\/uploads\\\/2026\\\/01\\\/AZTEX.png\",\"contentUrl\":\"https:\\\/\\\/aztex.ee\\\/wp-content\\\/uploads\\\/2026\\\/01\\\/AZTEX.png\",\"width\":500,\"height\":500,\"caption\":\"AZTEX\"},\"image\":{\"@id\":\"https:\\\/\\\/aztex.ee\\\/pt-pt\\\/#\\\/schema\\\/logo\\\/image\\\/\"},\"sameAs\":[\"https:\\\/\\\/www.facebook.com\\\/AztexEE\",\"https:\\\/\\\/www.instagram.com\\\/aztexeesti\\\/\",\"https:\\\/\\\/www.youtube.com\\\/@AZTEXEE\",\"https:\\\/\\\/www.pinterest.com\\\/aztex_eesti\\\/\",\"https:\\\/\\\/www.tiktok.com\\\/@aztexeesti\",\"https:\\\/\\\/www.trustpilot.com\\\/review\\\/aztex.ee\",\"https:\\\/\\\/www.linkedin.com\\\/company\\\/aztex-ee\\\/\",\"https:\\\/\\\/www.wikidata.org\\\/wiki\\\/Q137560182\"]}]}<\/script>\n<!-- \/ Yoast SEO plugin. -->","yoast_head_json":{"title":"Jogo de Cama Casal 4 P\u00e7s 100% Bambu | Azul cobalto","description":"Antibacteriano e dur\u00e1vel, este conjunto de cama em bambu \u00e9 uma \u00f3tima escolha para quem valoriza a qualidade, a longevidade e o toque suave.","robots":{"index":"index","follow":"follow","max-snippet":"max-snippet:-1","max-image-preview":"max-image-preview:large","max-video-preview":"max-video-preview:-1"},"canonical":"https:\/\/aztex.ee\/pt-pt\/pood\/roupa-de-cama\/conjunto-de-roupa-de-cama-premium-bambu-azul-cobalto\/","og_locale":"pt_PT","og_type":"article","og_title":"Jogo de Cama Casal 4 P\u00e7s 100% Bambu | Azul cobalto","og_description":"Antibacteriano e dur\u00e1vel, este conjunto de cama em bambu \u00e9 uma \u00f3tima escolha para quem valoriza a qualidade, a longevidade e o toque suave.","og_url":"https:\/\/aztex.ee\/pt-pt\/pood\/roupa-de-cama\/conjunto-de-roupa-de-cama-premium-bambu-azul-cobalto\/","og_site_name":"AZTEX","article_publisher":"https:\/\/www.facebook.com\/AztexEE","article_modified_time":"2025-10-20T11:06:19+00:00","og_image":[{"width":800,"height":800,"url":"https:\/\/aztex.ee\/wp-content\/uploads\/2025\/05\/Voodipesukomplekt-bambus-Koobaltsinine.jpg","type":"image\/jpeg"}],"twitter_card":"summary_large_image","twitter_misc":{"Tempo estimado de leitura":"2 minutos"},"schema":{"@context":"https:\/\/schema.org","@graph":[{"@type":["WebPage","ItemPage"],"@id":"https:\/\/aztex.ee\/pt-pt\/pood\/roupa-de-cama\/conjunto-de-roupa-de-cama-premium-bambu-azul-cobalto\/","url":"https:\/\/aztex.ee\/pt-pt\/pood\/roupa-de-cama\/conjunto-de-roupa-de-cama-premium-bambu-azul-cobalto\/","name":"Jogo de Cama Casal 4 P\u00e7s 100% Bambu | Azul cobalto","isPartOf":{"@id":"https:\/\/aztex.ee\/pt-pt\/#website"},"primaryImageOfPage":{"@id":"https:\/\/aztex.ee\/pt-pt\/pood\/roupa-de-cama\/conjunto-de-roupa-de-cama-premium-bambu-azul-cobalto\/#primaryimage"},"image":{"@id":"https:\/\/aztex.ee\/pt-pt\/pood\/roupa-de-cama\/conjunto-de-roupa-de-cama-premium-bambu-azul-cobalto\/#primaryimage"},"thumbnailUrl":"https:\/\/aztex.ee\/wp-content\/uploads\/2025\/05\/Voodipesukomplekt-bambus-Koobaltsinine.jpg","datePublished":"2025-05-17T20:18:23+00:00","dateModified":"2025-10-20T11:06:19+00:00","description":"Antibacteriano e dur\u00e1vel, este conjunto de cama em bambu \u00e9 uma \u00f3tima escolha para quem valoriza a qualidade, a longevidade e o toque suave.","breadcrumb":{"@id":"https:\/\/aztex.ee\/pt-pt\/pood\/roupa-de-cama\/conjunto-de-roupa-de-cama-premium-bambu-azul-cobalto\/#breadcrumb"},"inLanguage":"pt-PT","potentialAction":[{"@type":"ReadAction","target":["https:\/\/aztex.ee\/pt-pt\/pood\/roupa-de-cama\/conjunto-de-roupa-de-cama-premium-bambu-azul-cobalto\/"]}]},{"@type":"ImageObject","inLanguage":"pt-PT","@id":"https:\/\/aztex.ee\/pt-pt\/pood\/roupa-de-cama\/conjunto-de-roupa-de-cama-premium-bambu-azul-cobalto\/#primaryimage","url":"https:\/\/aztex.ee\/wp-content\/uploads\/2025\/05\/Voodipesukomplekt-bambus-Koobaltsinine.jpg","contentUrl":"https:\/\/aztex.ee\/wp-content\/uploads\/2025\/05\/Voodipesukomplekt-bambus-Koobaltsinine.jpg","width":800,"height":800,"caption":"Voodipesukomplekt bambus Koobaltsinine"},{"@type":"BreadcrumbList","@id":"https:\/\/aztex.ee\/pt-pt\/pood\/roupa-de-cama\/conjunto-de-roupa-de-cama-premium-bambu-azul-cobalto\/#breadcrumb","itemListElement":[{"@type":"ListItem","position":1,"name":"In\u00edcio","item":"https:\/\/aztex.ee\/pt-pt\/"},{"@type":"ListItem","position":2,"name":"Loja","item":"https:\/\/aztex.ee\/pt-pt\/loja\/"},{"@type":"ListItem","position":3,"name":"Conjunto de Roupa de Cama Premium 100% Bambu | Azul cobalto"}]},{"@type":"WebSite","@id":"https:\/\/aztex.ee\/pt-pt\/#website","url":"https:\/\/aztex.ee\/pt-pt\/","name":"AZTEX","description":"","publisher":{"@id":"https:\/\/aztex.ee\/pt-pt\/#organization"},"potentialAction":[{"@type":"SearchAction","target":{"@type":"EntryPoint","urlTemplate":"https:\/\/aztex.ee\/pt-pt\/?s={search_term_string}"},"query-input":{"@type":"PropertyValueSpecification","valueRequired":true,"valueName":"search_term_string"}}],"inLanguage":"pt-PT"},{"@type":"Organization","@id":"https:\/\/aztex.ee\/pt-pt\/#organization","name":"AZTEX","url":"https:\/\/aztex.ee\/pt-pt\/","logo":{"@type":"ImageObject","inLanguage":"pt-PT","@id":"https:\/\/aztex.ee\/pt-pt\/#\/schema\/logo\/image\/","url":"https:\/\/aztex.ee\/wp-content\/uploads\/2026\/01\/AZTEX.png","contentUrl":"https:\/\/aztex.ee\/wp-content\/uploads\/2026\/01\/AZTEX.png","width":500,"height":500,"caption":"AZTEX"},"image":{"@id":"https:\/\/aztex.ee\/pt-pt\/#\/schema\/logo\/image\/"},"sameAs":["https:\/\/www.facebook.com\/AztexEE","https:\/\/www.instagram.com\/aztexeesti\/","https:\/\/www.youtube.com\/@AZTEXEE","https:\/\/www.pinterest.com\/aztex_eesti\/","https:\/\/www.tiktok.com\/@aztexeesti","https:\/\/www.trustpilot.com\/review\/aztex.ee","https:\/\/www.linkedin.com\/company\/aztex-ee\/","https:\/\/www.wikidata.org\/wiki\/Q137560182"]}]}},"_links":{"self":[{"href":"https:\/\/aztex.ee\/pt-pt\/wp-json\/wp\/v2\/product\/87184","targetHints":{"allow":["GET"]}}],"collection":[{"href":"https:\/\/aztex.ee\/pt-pt\/wp-json\/wp\/v2\/product"}],"about":[{"href":"https:\/\/aztex.ee\/pt-pt\/wp-json\/wp\/v2\/types\/product"}],"replies":[{"embeddable":true,"href":"https:\/\/aztex.ee\/pt-pt\/wp-json\/wp\/v2\/comments?post=87184"}],"version-history":[{"count":0,"href":"https:\/\/aztex.ee\/pt-pt\/wp-json\/wp\/v2\/product\/87184\/revisions"}],"wp:featuredmedia":[{"embeddable":true,"href":"https:\/\/aztex.ee\/pt-pt\/wp-json\/wp\/v2\/media\/87189"}],"wp:attachment":[{"href":"https:\/\/aztex.ee\/pt-pt\/wp-json\/wp\/v2\/media?parent=87184"}],"wp:term":[{"taxonomy":"product_brand","embeddable":true,"href":"https:\/\/aztex.ee\/pt-pt\/wp-json\/wp\/v2\/product_brand?post=87184"},{"taxonomy":"product_cat","embeddable":true,"href":"https:\/\/aztex.ee\/pt-pt\/wp-json\/wp\/v2\/product_cat?post=87184"},{"taxonomy":"product_tag","embeddable":true,"href":"https:\/\/aztex.ee\/pt-pt\/wp-json\/wp\/v2\/product_tag?post=87184"}],"curies":[{"name":"wp","href":"https:\/\/api.w.org\/{rel}","templated":true}]}}