{"id":83316,"date":"2025-04-29T22:47:29","date_gmt":"2025-04-29T22:47:29","guid":{"rendered":"https:\/\/aztex.ee\/?post_type=product&#038;p=83316"},"modified":"2025-04-30T02:05:36","modified_gmt":"2025-04-30T02:05:36","slug":"fronha-de-almofada-tencel-lago-azul","status":"publish","type":"product","link":"https:\/\/aztex.ee\/pt-pt\/pood\/fronhas\/fronha-de-almofada-tencel-lago-azul\/","title":{"rendered":"Fronha de almofada tencel \u2013 Lago azul"},"content":{"rendered":"<p><strong>Naturalmente macio<\/strong><\/p>\n<p>O tecido Tencel \u00e9 feito de celulose de eucalipto, processada atrav\u00e9s do processo ecol\u00f3gico Lyocell. A celulose \u00e9 dissolvida num solvente n\u00e3o t\u00f3xico, depois prensada em fibras e processada em fios, tornando o tecido macio, respir\u00e1vel, forte e uma escolha ecologicamente sustent\u00e1vel.<\/p>\n<p><strong>Amig\u00e1vel para a pele<\/strong><\/p>\n<p>O Tencel \u00e9 uma escolha ideal para peles sens\u00edveis, pois \u00e9 hipoalerg\u00e9nico. A sua superf\u00edcie suave reduz a irrita\u00e7\u00e3o provocada pela fric\u00e7\u00e3o e ajuda a manter o equil\u00edbrio natural de hidrata\u00e7\u00e3o da pele. Uma fronha de Tencel garante um sono de qualidade e tamb\u00e9m cuida da pele.<\/p>\n<p><strong>Apar\u00eancia elegante<\/strong><\/p>\n<p>Uma fronha Tencel combina bem com todos os conjuntos de cama, acrescentando um aspeto simples e elegante ao quarto que complementa qualquer decora\u00e7\u00e3o de interiores. A sua apar\u00eancia cl\u00e1ssica e elegante combina com todos os tipos de interiores, desde os quartos modernos aos tradicionais. Uma fronha Tencel tem um aspeto luxuoso e elegante que torna cada momento de sono mais agrad\u00e1vel.<\/p>\n<p><strong>Instru\u00e7\u00f5es de lavagem<\/strong><\/p>\n<p>F\u00e1cil de cuidar &#8211; lavar \u00e0 m\u00e1quina a baixa temperatura para manter as propriedades do tecido. Recomendamos secar ao ar livre para garantir durabilidade e suavidade duradouras.<\/p>\n","protected":false},"excerpt":{"rendered":"<p>As fronhas de Tencel s\u00e3o feitas de fibras de eucalipto.<\/p>\n<ul>\n<li>Cor: Lago azul<\/li>\n<li>Material: 100% Tencel<\/li>\n<li>Contagem de fios: 60S \/ 300TC<\/li>\n<\/ul>\n<p><img loading=\"lazy\" decoding=\"async\" class=\"alignnone wp-image-63145\" src=\"https:\/\/aztex.ee\/wp-content\/uploads\/2025\/03\/tencel-certified-400x129.png\" alt=\"\" width=\"131\" height=\"42\" srcset=\"https:\/\/aztex.ee\/wp-content\/uploads\/2025\/03\/tencel-certified-400x129.png 400w, https:\/\/aztex.ee\/wp-content\/uploads\/2025\/03\/tencel-certified-430x139.png 430w, https:\/\/aztex.ee\/wp-content\/uploads\/2025\/03\/tencel-certified-150x49.png 150w, https:\/\/aztex.ee\/wp-content\/uploads\/2025\/03\/tencel-certified.png 516w\" sizes=\"auto, (max-width: 131px) 100vw, 131px\" \/><img loading=\"lazy\" decoding=\"async\" class=\"alignnone wp-image-63168\" src=\"https:\/\/aztex.ee\/wp-content\/uploads\/2025\/03\/oeko-tex-standard-100.png\" alt=\"\" width=\"130\" height=\"43\" srcset=\"https:\/\/aztex.ee\/wp-content\/uploads\/2025\/03\/oeko-tex-standard-100.png 200w, https:\/\/aztex.ee\/wp-content\/uploads\/2025\/03\/oeko-tex-standard-100-150x50.png 150w\" sizes=\"auto, (max-width: 130px) 100vw, 130px\" \/><\/p>\n","protected":false},"featured_media":83405,"comment_status":"open","ping_status":"closed","template":"","meta":[],"product_brand":[],"product_cat":[1784,6038],"product_tag":[],"class_list":{"0":"post-83316","1":"product","2":"type-product","3":"status-publish","4":"has-post-thumbnail","6":"product_cat-fronhas","7":"product_cat-fronhas-de-almofada-tencel","9":"first","10":"instock","11":"shipping-taxable","12":"purchasable","13":"product-type-variable"},"yoast_head":"<!-- This site is optimized with the Yoast SEO plugin v27.6 - https:\/\/yoast.com\/product\/yoast-seo-wordpress\/ -->\n<title>Fronha de almofada TENCEL\u2122 Lyocell - Lago azul | AZTEX<\/title>\n<meta name=\"description\" content=\"A fronha TENCEL\u2122 Lyocell Lago azul \u00e9 uma escolha duradoura e que n\u00e3o agride a pele, proporcionando uma agrad\u00e1vel sensa\u00e7\u00e3o de frescura durante o sono e acrescenta um aspeto elegante ao quarto.\" \/>\n<meta name=\"robots\" content=\"index, follow, max-snippet:-1, max-image-preview:large, max-video-preview:-1\" \/>\n<link rel=\"canonical\" href=\"https:\/\/aztex.ee\/pt-pt\/pood\/fronhas\/fronha-de-almofada-tencel-lago-azul\/\" \/>\n<meta property=\"og:locale\" content=\"pt_PT\" \/>\n<meta property=\"og:type\" content=\"article\" \/>\n<meta property=\"og:title\" content=\"Fronha de almofada TENCEL\u2122 Lyocell - Lago azul | AZTEX\" \/>\n<meta property=\"og:description\" content=\"A fronha TENCEL\u2122 Lyocell Lago azul \u00e9 uma escolha duradoura e que n\u00e3o agride a pele, proporcionando uma agrad\u00e1vel sensa\u00e7\u00e3o de frescura durante o sono e acrescenta um aspeto elegante ao quarto.\" \/>\n<meta property=\"og:url\" content=\"https:\/\/aztex.ee\/pt-pt\/pood\/fronhas\/fronha-de-almofada-tencel-lago-azul\/\" \/>\n<meta property=\"og:site_name\" content=\"AZTEX\" \/>\n<meta property=\"article:publisher\" content=\"https:\/\/www.facebook.com\/AztexEE\" \/>\n<meta property=\"article:modified_time\" content=\"2025-04-30T02:05:36+00:00\" \/>\n<meta property=\"og:image\" content=\"https:\/\/aztex.ee\/wp-content\/uploads\/2025\/04\/Tencel-padjapuur-Jarvesinine.jpg\" \/>\n\t<meta property=\"og:image:width\" content=\"800\" \/>\n\t<meta property=\"og:image:height\" content=\"800\" \/>\n\t<meta property=\"og:image:type\" content=\"image\/jpeg\" \/>\n<meta name=\"twitter:card\" content=\"summary_large_image\" \/>\n<meta name=\"twitter:label1\" content=\"Tempo estimado de leitura\" \/>\n\t<meta name=\"twitter:data1\" content=\"2 minutos\" \/>\n<script type=\"application\/ld+json\" class=\"yoast-schema-graph\">{\"@context\":\"https:\\\/\\\/schema.org\",\"@graph\":[{\"@type\":[\"WebPage\",\"ItemPage\"],\"@id\":\"https:\\\/\\\/aztex.ee\\\/pt-pt\\\/pood\\\/fronhas\\\/fronha-de-almofada-tencel-lago-azul\\\/\",\"url\":\"https:\\\/\\\/aztex.ee\\\/pt-pt\\\/pood\\\/fronhas\\\/fronha-de-almofada-tencel-lago-azul\\\/\",\"name\":\"Fronha de almofada TENCEL\u2122 Lyocell - Lago azul | AZTEX\",\"isPartOf\":{\"@id\":\"https:\\\/\\\/aztex.ee\\\/pt-pt\\\/#website\"},\"primaryImageOfPage\":{\"@id\":\"https:\\\/\\\/aztex.ee\\\/pt-pt\\\/pood\\\/fronhas\\\/fronha-de-almofada-tencel-lago-azul\\\/#primaryimage\"},\"image\":{\"@id\":\"https:\\\/\\\/aztex.ee\\\/pt-pt\\\/pood\\\/fronhas\\\/fronha-de-almofada-tencel-lago-azul\\\/#primaryimage\"},\"thumbnailUrl\":\"https:\\\/\\\/aztex.ee\\\/wp-content\\\/uploads\\\/2025\\\/04\\\/Tencel-padjapuur-Jarvesinine.jpg\",\"datePublished\":\"2025-04-29T22:47:29+00:00\",\"dateModified\":\"2025-04-30T02:05:36+00:00\",\"description\":\"A fronha TENCEL\u2122 Lyocell Lago azul \u00e9 uma escolha duradoura e que n\u00e3o agride a pele, proporcionando uma agrad\u00e1vel sensa\u00e7\u00e3o de frescura durante o sono e acrescenta um aspeto elegante ao quarto.\",\"breadcrumb\":{\"@id\":\"https:\\\/\\\/aztex.ee\\\/pt-pt\\\/pood\\\/fronhas\\\/fronha-de-almofada-tencel-lago-azul\\\/#breadcrumb\"},\"inLanguage\":\"pt-PT\",\"potentialAction\":[{\"@type\":\"ReadAction\",\"target\":[\"https:\\\/\\\/aztex.ee\\\/pt-pt\\\/pood\\\/fronhas\\\/fronha-de-almofada-tencel-lago-azul\\\/\"]}]},{\"@type\":\"ImageObject\",\"inLanguage\":\"pt-PT\",\"@id\":\"https:\\\/\\\/aztex.ee\\\/pt-pt\\\/pood\\\/fronhas\\\/fronha-de-almofada-tencel-lago-azul\\\/#primaryimage\",\"url\":\"https:\\\/\\\/aztex.ee\\\/wp-content\\\/uploads\\\/2025\\\/04\\\/Tencel-padjapuur-Jarvesinine.jpg\",\"contentUrl\":\"https:\\\/\\\/aztex.ee\\\/wp-content\\\/uploads\\\/2025\\\/04\\\/Tencel-padjapuur-Jarvesinine.jpg\",\"width\":800,\"height\":800,\"caption\":\"Tencel padjap\u00fc\u00fcr J\u00e4rvesinine\"},{\"@type\":\"BreadcrumbList\",\"@id\":\"https:\\\/\\\/aztex.ee\\\/pt-pt\\\/pood\\\/fronhas\\\/fronha-de-almofada-tencel-lago-azul\\\/#breadcrumb\",\"itemListElement\":[{\"@type\":\"ListItem\",\"position\":1,\"name\":\"In\u00edcio\",\"item\":\"https:\\\/\\\/aztex.ee\\\/pt-pt\\\/\"},{\"@type\":\"ListItem\",\"position\":2,\"name\":\"Loja\",\"item\":\"https:\\\/\\\/aztex.ee\\\/pt-pt\\\/loja\\\/\"},{\"@type\":\"ListItem\",\"position\":3,\"name\":\"Fronha de almofada tencel \u2013 Lago azul\"}]},{\"@type\":\"WebSite\",\"@id\":\"https:\\\/\\\/aztex.ee\\\/pt-pt\\\/#website\",\"url\":\"https:\\\/\\\/aztex.ee\\\/pt-pt\\\/\",\"name\":\"AZTEX\",\"description\":\"\",\"publisher\":{\"@id\":\"https:\\\/\\\/aztex.ee\\\/pt-pt\\\/#organization\"},\"potentialAction\":[{\"@type\":\"SearchAction\",\"target\":{\"@type\":\"EntryPoint\",\"urlTemplate\":\"https:\\\/\\\/aztex.ee\\\/pt-pt\\\/?s={search_term_string}\"},\"query-input\":{\"@type\":\"PropertyValueSpecification\",\"valueRequired\":true,\"valueName\":\"search_term_string\"}}],\"inLanguage\":\"pt-PT\"},{\"@type\":\"Organization\",\"@id\":\"https:\\\/\\\/aztex.ee\\\/pt-pt\\\/#organization\",\"name\":\"AZTEX\",\"url\":\"https:\\\/\\\/aztex.ee\\\/pt-pt\\\/\",\"logo\":{\"@type\":\"ImageObject\",\"inLanguage\":\"pt-PT\",\"@id\":\"https:\\\/\\\/aztex.ee\\\/pt-pt\\\/#\\\/schema\\\/logo\\\/image\\\/\",\"url\":\"https:\\\/\\\/aztex.ee\\\/wp-content\\\/uploads\\\/2026\\\/01\\\/AZTEX.png\",\"contentUrl\":\"https:\\\/\\\/aztex.ee\\\/wp-content\\\/uploads\\\/2026\\\/01\\\/AZTEX.png\",\"width\":500,\"height\":500,\"caption\":\"AZTEX\"},\"image\":{\"@id\":\"https:\\\/\\\/aztex.ee\\\/pt-pt\\\/#\\\/schema\\\/logo\\\/image\\\/\"},\"sameAs\":[\"https:\\\/\\\/www.facebook.com\\\/AztexEE\",\"https:\\\/\\\/www.instagram.com\\\/aztexeesti\\\/\",\"https:\\\/\\\/www.youtube.com\\\/@AZTEXEE\",\"https:\\\/\\\/www.pinterest.com\\\/aztex_eesti\\\/\",\"https:\\\/\\\/www.tiktok.com\\\/@aztexeesti\",\"https:\\\/\\\/www.trustpilot.com\\\/review\\\/aztex.ee\",\"https:\\\/\\\/www.linkedin.com\\\/company\\\/aztex-ee\\\/\",\"https:\\\/\\\/www.wikidata.org\\\/wiki\\\/Q137560182\"]}]}<\/script>\n<!-- \/ Yoast SEO plugin. -->","yoast_head_json":{"title":"Fronha de almofada TENCEL\u2122 Lyocell - Lago azul | AZTEX","description":"A fronha TENCEL\u2122 Lyocell Lago azul \u00e9 uma escolha duradoura e que n\u00e3o agride a pele, proporcionando uma agrad\u00e1vel sensa\u00e7\u00e3o de frescura durante o sono e acrescenta um aspeto elegante ao quarto.","robots":{"index":"index","follow":"follow","max-snippet":"max-snippet:-1","max-image-preview":"max-image-preview:large","max-video-preview":"max-video-preview:-1"},"canonical":"https:\/\/aztex.ee\/pt-pt\/pood\/fronhas\/fronha-de-almofada-tencel-lago-azul\/","og_locale":"pt_PT","og_type":"article","og_title":"Fronha de almofada TENCEL\u2122 Lyocell - Lago azul | AZTEX","og_description":"A fronha TENCEL\u2122 Lyocell Lago azul \u00e9 uma escolha duradoura e que n\u00e3o agride a pele, proporcionando uma agrad\u00e1vel sensa\u00e7\u00e3o de frescura durante o sono e acrescenta um aspeto elegante ao quarto.","og_url":"https:\/\/aztex.ee\/pt-pt\/pood\/fronhas\/fronha-de-almofada-tencel-lago-azul\/","og_site_name":"AZTEX","article_publisher":"https:\/\/www.facebook.com\/AztexEE","article_modified_time":"2025-04-30T02:05:36+00:00","og_image":[{"width":800,"height":800,"url":"https:\/\/aztex.ee\/wp-content\/uploads\/2025\/04\/Tencel-padjapuur-Jarvesinine.jpg","type":"image\/jpeg"}],"twitter_card":"summary_large_image","twitter_misc":{"Tempo estimado de leitura":"2 minutos"},"schema":{"@context":"https:\/\/schema.org","@graph":[{"@type":["WebPage","ItemPage"],"@id":"https:\/\/aztex.ee\/pt-pt\/pood\/fronhas\/fronha-de-almofada-tencel-lago-azul\/","url":"https:\/\/aztex.ee\/pt-pt\/pood\/fronhas\/fronha-de-almofada-tencel-lago-azul\/","name":"Fronha de almofada TENCEL\u2122 Lyocell - Lago azul | AZTEX","isPartOf":{"@id":"https:\/\/aztex.ee\/pt-pt\/#website"},"primaryImageOfPage":{"@id":"https:\/\/aztex.ee\/pt-pt\/pood\/fronhas\/fronha-de-almofada-tencel-lago-azul\/#primaryimage"},"image":{"@id":"https:\/\/aztex.ee\/pt-pt\/pood\/fronhas\/fronha-de-almofada-tencel-lago-azul\/#primaryimage"},"thumbnailUrl":"https:\/\/aztex.ee\/wp-content\/uploads\/2025\/04\/Tencel-padjapuur-Jarvesinine.jpg","datePublished":"2025-04-29T22:47:29+00:00","dateModified":"2025-04-30T02:05:36+00:00","description":"A fronha TENCEL\u2122 Lyocell Lago azul \u00e9 uma escolha duradoura e que n\u00e3o agride a pele, proporcionando uma agrad\u00e1vel sensa\u00e7\u00e3o de frescura durante o sono e acrescenta um aspeto elegante ao quarto.","breadcrumb":{"@id":"https:\/\/aztex.ee\/pt-pt\/pood\/fronhas\/fronha-de-almofada-tencel-lago-azul\/#breadcrumb"},"inLanguage":"pt-PT","potentialAction":[{"@type":"ReadAction","target":["https:\/\/aztex.ee\/pt-pt\/pood\/fronhas\/fronha-de-almofada-tencel-lago-azul\/"]}]},{"@type":"ImageObject","inLanguage":"pt-PT","@id":"https:\/\/aztex.ee\/pt-pt\/pood\/fronhas\/fronha-de-almofada-tencel-lago-azul\/#primaryimage","url":"https:\/\/aztex.ee\/wp-content\/uploads\/2025\/04\/Tencel-padjapuur-Jarvesinine.jpg","contentUrl":"https:\/\/aztex.ee\/wp-content\/uploads\/2025\/04\/Tencel-padjapuur-Jarvesinine.jpg","width":800,"height":800,"caption":"Tencel padjap\u00fc\u00fcr J\u00e4rvesinine"},{"@type":"BreadcrumbList","@id":"https:\/\/aztex.ee\/pt-pt\/pood\/fronhas\/fronha-de-almofada-tencel-lago-azul\/#breadcrumb","itemListElement":[{"@type":"ListItem","position":1,"name":"In\u00edcio","item":"https:\/\/aztex.ee\/pt-pt\/"},{"@type":"ListItem","position":2,"name":"Loja","item":"https:\/\/aztex.ee\/pt-pt\/loja\/"},{"@type":"ListItem","position":3,"name":"Fronha de almofada tencel \u2013 Lago azul"}]},{"@type":"WebSite","@id":"https:\/\/aztex.ee\/pt-pt\/#website","url":"https:\/\/aztex.ee\/pt-pt\/","name":"AZTEX","description":"","publisher":{"@id":"https:\/\/aztex.ee\/pt-pt\/#organization"},"potentialAction":[{"@type":"SearchAction","target":{"@type":"EntryPoint","urlTemplate":"https:\/\/aztex.ee\/pt-pt\/?s={search_term_string}"},"query-input":{"@type":"PropertyValueSpecification","valueRequired":true,"valueName":"search_term_string"}}],"inLanguage":"pt-PT"},{"@type":"Organization","@id":"https:\/\/aztex.ee\/pt-pt\/#organization","name":"AZTEX","url":"https:\/\/aztex.ee\/pt-pt\/","logo":{"@type":"ImageObject","inLanguage":"pt-PT","@id":"https:\/\/aztex.ee\/pt-pt\/#\/schema\/logo\/image\/","url":"https:\/\/aztex.ee\/wp-content\/uploads\/2026\/01\/AZTEX.png","contentUrl":"https:\/\/aztex.ee\/wp-content\/uploads\/2026\/01\/AZTEX.png","width":500,"height":500,"caption":"AZTEX"},"image":{"@id":"https:\/\/aztex.ee\/pt-pt\/#\/schema\/logo\/image\/"},"sameAs":["https:\/\/www.facebook.com\/AztexEE","https:\/\/www.instagram.com\/aztexeesti\/","https:\/\/www.youtube.com\/@AZTEXEE","https:\/\/www.pinterest.com\/aztex_eesti\/","https:\/\/www.tiktok.com\/@aztexeesti","https:\/\/www.trustpilot.com\/review\/aztex.ee","https:\/\/www.linkedin.com\/company\/aztex-ee\/","https:\/\/www.wikidata.org\/wiki\/Q137560182"]}]}},"_links":{"self":[{"href":"https:\/\/aztex.ee\/pt-pt\/wp-json\/wp\/v2\/product\/83316","targetHints":{"allow":["GET"]}}],"collection":[{"href":"https:\/\/aztex.ee\/pt-pt\/wp-json\/wp\/v2\/product"}],"about":[{"href":"https:\/\/aztex.ee\/pt-pt\/wp-json\/wp\/v2\/types\/product"}],"replies":[{"embeddable":true,"href":"https:\/\/aztex.ee\/pt-pt\/wp-json\/wp\/v2\/comments?post=83316"}],"version-history":[{"count":0,"href":"https:\/\/aztex.ee\/pt-pt\/wp-json\/wp\/v2\/product\/83316\/revisions"}],"wp:featuredmedia":[{"embeddable":true,"href":"https:\/\/aztex.ee\/pt-pt\/wp-json\/wp\/v2\/media\/83405"}],"wp:attachment":[{"href":"https:\/\/aztex.ee\/pt-pt\/wp-json\/wp\/v2\/media?parent=83316"}],"wp:term":[{"taxonomy":"product_brand","embeddable":true,"href":"https:\/\/aztex.ee\/pt-pt\/wp-json\/wp\/v2\/product_brand?post=83316"},{"taxonomy":"product_cat","embeddable":true,"href":"https:\/\/aztex.ee\/pt-pt\/wp-json\/wp\/v2\/product_cat?post=83316"},{"taxonomy":"product_tag","embeddable":true,"href":"https:\/\/aztex.ee\/pt-pt\/wp-json\/wp\/v2\/product_tag?post=83316"}],"curies":[{"name":"wp","href":"https:\/\/api.w.org\/{rel}","templated":true}]}}