{"id":78983,"date":"2025-04-10T10:11:51","date_gmt":"2025-04-10T10:11:51","guid":{"rendered":"https:\/\/aztex.ee\/?post_type=product&#038;p=78983"},"modified":"2025-04-10T11:40:20","modified_gmt":"2025-04-10T11:40:20","slug":"capa-de-almofada-bambu-oceano","status":"publish","type":"product","link":"https:\/\/aztex.ee\/pt-pt\/pood\/fronhas-de-bambu\/capa-de-almofada-bambu-oceano\/","title":{"rendered":"Capa de Almofada Bamb\u00fa \u2013 Oceano"},"content":{"rendered":"<p>A fronha de bambu \u00e9 respir\u00e1vel e amiga da pele, proporcionando um sono confort\u00e1vel e revigorante. As propriedades naturais das fibras de bambu ajudam a regular a temperatura e a absorver a humidade, mantendo a fronha seca e limpa. Al\u00e9m disso, \u00e9 antibacteriano e hipoalerg\u00e9nico, o que o torna perfeito para peles sens\u00edveis.<\/p>\n<p>O tecido suave e delicado \u00e9 agrad\u00e1vel ao toque e f\u00e1cil de cuidar &#8211; lav\u00e1vel \u00e0 m\u00e1quina e dur\u00e1vel. A textura macia mant\u00e9m a sua qualidade mesmo ap\u00f3s repetidas lavagens, proporcionando um descanso agrad\u00e1vel todas as noites.<\/p>\n<p>A fronha de bambu \u00e9 perfeita para qualquer quarto, oferecendo praticidade e um aspeto elegante. Os seus tons neutros e naturais criam uma atmosfera calma e aconchegante, combinando facilmente com diferentes conjuntos de cama. Desfrute de uma sensa\u00e7\u00e3o suave e fresca todas as noites, tornando o sono verdadeiramente revigorante.<\/p>\n","protected":false},"excerpt":{"rendered":"<p>A fronha de bambu \u00e9 natural, macia e respir\u00e1vel, garantindo um sono de qualidade.<\/p>\n<ul>\n<li>Cor: Oceano<\/li>\n<li>Material: 100% bambu<\/li>\n<li>Contagem de fios: 300 TC<\/li>\n<\/ul>\n<p><img loading=\"lazy\" decoding=\"async\" class=\"alignnone wp-image-20226\" src=\"https:\/\/aztex.ee\/wp-content\/uploads\/2024\/09\/oekotex100.png\" alt=\"\" width=\"196\" height=\"69\" srcset=\"https:\/\/aztex.ee\/wp-content\/uploads\/2024\/09\/oekotex100.png 204w, https:\/\/aztex.ee\/wp-content\/uploads\/2024\/09\/oekotex100-150x53.png 150w\" sizes=\"auto, (max-width: 196px) 100vw, 196px\" \/><img loading=\"lazy\" decoding=\"async\" class=\"alignnone wp-image-20260\" src=\"https:\/\/aztex.ee\/wp-content\/uploads\/2024\/09\/bambuuss.png\" alt=\"\" width=\"75\" height=\"75\" srcset=\"https:\/\/aztex.ee\/wp-content\/uploads\/2024\/09\/bambuuss.png 204w, https:\/\/aztex.ee\/wp-content\/uploads\/2024\/09\/bambuuss-150x150.png 150w\" sizes=\"auto, (max-width: 75px) 100vw, 75px\" \/><\/p>\n","protected":false},"featured_media":79058,"comment_status":"open","ping_status":"closed","template":"","meta":[],"product_brand":[],"product_cat":[1784,525],"product_tag":[],"class_list":{"0":"post-78983","1":"product","2":"type-product","3":"status-publish","4":"has-post-thumbnail","6":"product_cat-fronhas","7":"product_cat-fronhas-de-bambu","9":"first","10":"instock","11":"shipping-taxable","12":"purchasable","13":"product-type-variable"},"yoast_head":"<!-- This site is optimized with the Yoast SEO plugin v27.6 - https:\/\/yoast.com\/product\/yoast-seo-wordpress\/ -->\n<title>Capa de Almofada Bamb\u00fa - Oceano | AZTEX<\/title>\n<meta name=\"description\" content=\"A fronha de bambu natural em cor Oceano \u00e9 macia, respir\u00e1vel, amiga da pele e antibacteriana. \u00c9 uma escolha ideal para peles sens\u00edveis e proporciona\" \/>\n<meta name=\"robots\" content=\"index, follow, max-snippet:-1, max-image-preview:large, max-video-preview:-1\" \/>\n<link rel=\"canonical\" href=\"https:\/\/aztex.ee\/pt-pt\/pood\/fronhas-de-bambu\/capa-de-almofada-bambu-oceano\/\" \/>\n<meta property=\"og:locale\" content=\"pt_PT\" \/>\n<meta property=\"og:type\" content=\"article\" \/>\n<meta property=\"og:title\" content=\"Capa de Almofada Bamb\u00fa - Oceano | AZTEX\" \/>\n<meta property=\"og:description\" content=\"A fronha de bambu natural em cor Oceano \u00e9 macia, respir\u00e1vel, amiga da pele e antibacteriana. \u00c9 uma escolha ideal para peles sens\u00edveis e proporciona\" \/>\n<meta property=\"og:url\" content=\"https:\/\/aztex.ee\/pt-pt\/pood\/fronhas-de-bambu\/capa-de-almofada-bambu-oceano\/\" \/>\n<meta property=\"og:site_name\" content=\"AZTEX\" \/>\n<meta property=\"article:publisher\" content=\"https:\/\/www.facebook.com\/AztexEE\" \/>\n<meta property=\"article:modified_time\" content=\"2025-04-10T11:40:20+00:00\" \/>\n<meta property=\"og:image\" content=\"https:\/\/aztex.ee\/wp-content\/uploads\/2025\/04\/Bambusest-padjapuur-Ookean.jpg\" \/>\n\t<meta property=\"og:image:width\" content=\"800\" \/>\n\t<meta property=\"og:image:height\" content=\"800\" \/>\n\t<meta property=\"og:image:type\" content=\"image\/jpeg\" \/>\n<meta name=\"twitter:card\" content=\"summary_large_image\" \/>\n<meta name=\"twitter:label1\" content=\"Tempo estimado de leitura\" \/>\n\t<meta name=\"twitter:data1\" content=\"1 minuto\" \/>\n<script type=\"application\/ld+json\" class=\"yoast-schema-graph\">{\"@context\":\"https:\\\/\\\/schema.org\",\"@graph\":[{\"@type\":[\"WebPage\",\"ItemPage\"],\"@id\":\"https:\\\/\\\/aztex.ee\\\/pt-pt\\\/pood\\\/fronhas-de-bambu\\\/capa-de-almofada-bambu-oceano\\\/\",\"url\":\"https:\\\/\\\/aztex.ee\\\/pt-pt\\\/pood\\\/fronhas-de-bambu\\\/capa-de-almofada-bambu-oceano\\\/\",\"name\":\"Capa de Almofada Bamb\u00fa - Oceano | AZTEX\",\"isPartOf\":{\"@id\":\"https:\\\/\\\/aztex.ee\\\/pt-pt\\\/#website\"},\"primaryImageOfPage\":{\"@id\":\"https:\\\/\\\/aztex.ee\\\/pt-pt\\\/pood\\\/fronhas-de-bambu\\\/capa-de-almofada-bambu-oceano\\\/#primaryimage\"},\"image\":{\"@id\":\"https:\\\/\\\/aztex.ee\\\/pt-pt\\\/pood\\\/fronhas-de-bambu\\\/capa-de-almofada-bambu-oceano\\\/#primaryimage\"},\"thumbnailUrl\":\"https:\\\/\\\/aztex.ee\\\/wp-content\\\/uploads\\\/2025\\\/04\\\/Bambusest-padjapuur-Ookean.jpg\",\"datePublished\":\"2025-04-10T10:11:51+00:00\",\"dateModified\":\"2025-04-10T11:40:20+00:00\",\"description\":\"A fronha de bambu natural em cor Oceano \u00e9 macia, respir\u00e1vel, amiga da pele e antibacteriana. \u00c9 uma escolha ideal para peles sens\u00edveis e proporciona\",\"breadcrumb\":{\"@id\":\"https:\\\/\\\/aztex.ee\\\/pt-pt\\\/pood\\\/fronhas-de-bambu\\\/capa-de-almofada-bambu-oceano\\\/#breadcrumb\"},\"inLanguage\":\"pt-PT\",\"potentialAction\":[{\"@type\":\"ReadAction\",\"target\":[\"https:\\\/\\\/aztex.ee\\\/pt-pt\\\/pood\\\/fronhas-de-bambu\\\/capa-de-almofada-bambu-oceano\\\/\"]}]},{\"@type\":\"ImageObject\",\"inLanguage\":\"pt-PT\",\"@id\":\"https:\\\/\\\/aztex.ee\\\/pt-pt\\\/pood\\\/fronhas-de-bambu\\\/capa-de-almofada-bambu-oceano\\\/#primaryimage\",\"url\":\"https:\\\/\\\/aztex.ee\\\/wp-content\\\/uploads\\\/2025\\\/04\\\/Bambusest-padjapuur-Ookean.jpg\",\"contentUrl\":\"https:\\\/\\\/aztex.ee\\\/wp-content\\\/uploads\\\/2025\\\/04\\\/Bambusest-padjapuur-Ookean.jpg\",\"width\":800,\"height\":800,\"caption\":\"Bambusest padjap\u00fc\u00fcr Ookean\"},{\"@type\":\"BreadcrumbList\",\"@id\":\"https:\\\/\\\/aztex.ee\\\/pt-pt\\\/pood\\\/fronhas-de-bambu\\\/capa-de-almofada-bambu-oceano\\\/#breadcrumb\",\"itemListElement\":[{\"@type\":\"ListItem\",\"position\":1,\"name\":\"In\u00edcio\",\"item\":\"https:\\\/\\\/aztex.ee\\\/pt-pt\\\/\"},{\"@type\":\"ListItem\",\"position\":2,\"name\":\"Loja\",\"item\":\"https:\\\/\\\/aztex.ee\\\/pt-pt\\\/loja\\\/\"},{\"@type\":\"ListItem\",\"position\":3,\"name\":\"Capa de Almofada Bamb\u00fa \u2013 Oceano\"}]},{\"@type\":\"WebSite\",\"@id\":\"https:\\\/\\\/aztex.ee\\\/pt-pt\\\/#website\",\"url\":\"https:\\\/\\\/aztex.ee\\\/pt-pt\\\/\",\"name\":\"AZTEX\",\"description\":\"\",\"publisher\":{\"@id\":\"https:\\\/\\\/aztex.ee\\\/pt-pt\\\/#organization\"},\"potentialAction\":[{\"@type\":\"SearchAction\",\"target\":{\"@type\":\"EntryPoint\",\"urlTemplate\":\"https:\\\/\\\/aztex.ee\\\/pt-pt\\\/?s={search_term_string}\"},\"query-input\":{\"@type\":\"PropertyValueSpecification\",\"valueRequired\":true,\"valueName\":\"search_term_string\"}}],\"inLanguage\":\"pt-PT\"},{\"@type\":\"Organization\",\"@id\":\"https:\\\/\\\/aztex.ee\\\/pt-pt\\\/#organization\",\"name\":\"AZTEX\",\"url\":\"https:\\\/\\\/aztex.ee\\\/pt-pt\\\/\",\"logo\":{\"@type\":\"ImageObject\",\"inLanguage\":\"pt-PT\",\"@id\":\"https:\\\/\\\/aztex.ee\\\/pt-pt\\\/#\\\/schema\\\/logo\\\/image\\\/\",\"url\":\"https:\\\/\\\/aztex.ee\\\/wp-content\\\/uploads\\\/2026\\\/01\\\/AZTEX.png\",\"contentUrl\":\"https:\\\/\\\/aztex.ee\\\/wp-content\\\/uploads\\\/2026\\\/01\\\/AZTEX.png\",\"width\":500,\"height\":500,\"caption\":\"AZTEX\"},\"image\":{\"@id\":\"https:\\\/\\\/aztex.ee\\\/pt-pt\\\/#\\\/schema\\\/logo\\\/image\\\/\"},\"sameAs\":[\"https:\\\/\\\/www.facebook.com\\\/AztexEE\",\"https:\\\/\\\/www.instagram.com\\\/aztexeesti\\\/\",\"https:\\\/\\\/www.youtube.com\\\/@AZTEXEE\",\"https:\\\/\\\/www.pinterest.com\\\/aztex_eesti\\\/\",\"https:\\\/\\\/www.tiktok.com\\\/@aztexeesti\",\"https:\\\/\\\/www.trustpilot.com\\\/review\\\/aztex.ee\",\"https:\\\/\\\/www.linkedin.com\\\/company\\\/aztex-ee\\\/\",\"https:\\\/\\\/www.wikidata.org\\\/wiki\\\/Q137560182\"]}]}<\/script>\n<!-- \/ Yoast SEO plugin. -->","yoast_head_json":{"title":"Capa de Almofada Bamb\u00fa - Oceano | AZTEX","description":"A fronha de bambu natural em cor Oceano \u00e9 macia, respir\u00e1vel, amiga da pele e antibacteriana. \u00c9 uma escolha ideal para peles sens\u00edveis e proporciona","robots":{"index":"index","follow":"follow","max-snippet":"max-snippet:-1","max-image-preview":"max-image-preview:large","max-video-preview":"max-video-preview:-1"},"canonical":"https:\/\/aztex.ee\/pt-pt\/pood\/fronhas-de-bambu\/capa-de-almofada-bambu-oceano\/","og_locale":"pt_PT","og_type":"article","og_title":"Capa de Almofada Bamb\u00fa - Oceano | AZTEX","og_description":"A fronha de bambu natural em cor Oceano \u00e9 macia, respir\u00e1vel, amiga da pele e antibacteriana. \u00c9 uma escolha ideal para peles sens\u00edveis e proporciona","og_url":"https:\/\/aztex.ee\/pt-pt\/pood\/fronhas-de-bambu\/capa-de-almofada-bambu-oceano\/","og_site_name":"AZTEX","article_publisher":"https:\/\/www.facebook.com\/AztexEE","article_modified_time":"2025-04-10T11:40:20+00:00","og_image":[{"width":800,"height":800,"url":"https:\/\/aztex.ee\/wp-content\/uploads\/2025\/04\/Bambusest-padjapuur-Ookean.jpg","type":"image\/jpeg"}],"twitter_card":"summary_large_image","twitter_misc":{"Tempo estimado de leitura":"1 minuto"},"schema":{"@context":"https:\/\/schema.org","@graph":[{"@type":["WebPage","ItemPage"],"@id":"https:\/\/aztex.ee\/pt-pt\/pood\/fronhas-de-bambu\/capa-de-almofada-bambu-oceano\/","url":"https:\/\/aztex.ee\/pt-pt\/pood\/fronhas-de-bambu\/capa-de-almofada-bambu-oceano\/","name":"Capa de Almofada Bamb\u00fa - Oceano | AZTEX","isPartOf":{"@id":"https:\/\/aztex.ee\/pt-pt\/#website"},"primaryImageOfPage":{"@id":"https:\/\/aztex.ee\/pt-pt\/pood\/fronhas-de-bambu\/capa-de-almofada-bambu-oceano\/#primaryimage"},"image":{"@id":"https:\/\/aztex.ee\/pt-pt\/pood\/fronhas-de-bambu\/capa-de-almofada-bambu-oceano\/#primaryimage"},"thumbnailUrl":"https:\/\/aztex.ee\/wp-content\/uploads\/2025\/04\/Bambusest-padjapuur-Ookean.jpg","datePublished":"2025-04-10T10:11:51+00:00","dateModified":"2025-04-10T11:40:20+00:00","description":"A fronha de bambu natural em cor Oceano \u00e9 macia, respir\u00e1vel, amiga da pele e antibacteriana. \u00c9 uma escolha ideal para peles sens\u00edveis e proporciona","breadcrumb":{"@id":"https:\/\/aztex.ee\/pt-pt\/pood\/fronhas-de-bambu\/capa-de-almofada-bambu-oceano\/#breadcrumb"},"inLanguage":"pt-PT","potentialAction":[{"@type":"ReadAction","target":["https:\/\/aztex.ee\/pt-pt\/pood\/fronhas-de-bambu\/capa-de-almofada-bambu-oceano\/"]}]},{"@type":"ImageObject","inLanguage":"pt-PT","@id":"https:\/\/aztex.ee\/pt-pt\/pood\/fronhas-de-bambu\/capa-de-almofada-bambu-oceano\/#primaryimage","url":"https:\/\/aztex.ee\/wp-content\/uploads\/2025\/04\/Bambusest-padjapuur-Ookean.jpg","contentUrl":"https:\/\/aztex.ee\/wp-content\/uploads\/2025\/04\/Bambusest-padjapuur-Ookean.jpg","width":800,"height":800,"caption":"Bambusest padjap\u00fc\u00fcr Ookean"},{"@type":"BreadcrumbList","@id":"https:\/\/aztex.ee\/pt-pt\/pood\/fronhas-de-bambu\/capa-de-almofada-bambu-oceano\/#breadcrumb","itemListElement":[{"@type":"ListItem","position":1,"name":"In\u00edcio","item":"https:\/\/aztex.ee\/pt-pt\/"},{"@type":"ListItem","position":2,"name":"Loja","item":"https:\/\/aztex.ee\/pt-pt\/loja\/"},{"@type":"ListItem","position":3,"name":"Capa de Almofada Bamb\u00fa \u2013 Oceano"}]},{"@type":"WebSite","@id":"https:\/\/aztex.ee\/pt-pt\/#website","url":"https:\/\/aztex.ee\/pt-pt\/","name":"AZTEX","description":"","publisher":{"@id":"https:\/\/aztex.ee\/pt-pt\/#organization"},"potentialAction":[{"@type":"SearchAction","target":{"@type":"EntryPoint","urlTemplate":"https:\/\/aztex.ee\/pt-pt\/?s={search_term_string}"},"query-input":{"@type":"PropertyValueSpecification","valueRequired":true,"valueName":"search_term_string"}}],"inLanguage":"pt-PT"},{"@type":"Organization","@id":"https:\/\/aztex.ee\/pt-pt\/#organization","name":"AZTEX","url":"https:\/\/aztex.ee\/pt-pt\/","logo":{"@type":"ImageObject","inLanguage":"pt-PT","@id":"https:\/\/aztex.ee\/pt-pt\/#\/schema\/logo\/image\/","url":"https:\/\/aztex.ee\/wp-content\/uploads\/2026\/01\/AZTEX.png","contentUrl":"https:\/\/aztex.ee\/wp-content\/uploads\/2026\/01\/AZTEX.png","width":500,"height":500,"caption":"AZTEX"},"image":{"@id":"https:\/\/aztex.ee\/pt-pt\/#\/schema\/logo\/image\/"},"sameAs":["https:\/\/www.facebook.com\/AztexEE","https:\/\/www.instagram.com\/aztexeesti\/","https:\/\/www.youtube.com\/@AZTEXEE","https:\/\/www.pinterest.com\/aztex_eesti\/","https:\/\/www.tiktok.com\/@aztexeesti","https:\/\/www.trustpilot.com\/review\/aztex.ee","https:\/\/www.linkedin.com\/company\/aztex-ee\/","https:\/\/www.wikidata.org\/wiki\/Q137560182"]}]}},"_links":{"self":[{"href":"https:\/\/aztex.ee\/pt-pt\/wp-json\/wp\/v2\/product\/78983","targetHints":{"allow":["GET"]}}],"collection":[{"href":"https:\/\/aztex.ee\/pt-pt\/wp-json\/wp\/v2\/product"}],"about":[{"href":"https:\/\/aztex.ee\/pt-pt\/wp-json\/wp\/v2\/types\/product"}],"replies":[{"embeddable":true,"href":"https:\/\/aztex.ee\/pt-pt\/wp-json\/wp\/v2\/comments?post=78983"}],"version-history":[{"count":0,"href":"https:\/\/aztex.ee\/pt-pt\/wp-json\/wp\/v2\/product\/78983\/revisions"}],"wp:featuredmedia":[{"embeddable":true,"href":"https:\/\/aztex.ee\/pt-pt\/wp-json\/wp\/v2\/media\/79058"}],"wp:attachment":[{"href":"https:\/\/aztex.ee\/pt-pt\/wp-json\/wp\/v2\/media?parent=78983"}],"wp:term":[{"taxonomy":"product_brand","embeddable":true,"href":"https:\/\/aztex.ee\/pt-pt\/wp-json\/wp\/v2\/product_brand?post=78983"},{"taxonomy":"product_cat","embeddable":true,"href":"https:\/\/aztex.ee\/pt-pt\/wp-json\/wp\/v2\/product_cat?post=78983"},{"taxonomy":"product_tag","embeddable":true,"href":"https:\/\/aztex.ee\/pt-pt\/wp-json\/wp\/v2\/product_tag?post=78983"}],"curies":[{"name":"wp","href":"https:\/\/api.w.org\/{rel}","templated":true}]}}