{"id":74614,"date":"2025-03-29T16:14:25","date_gmt":"2025-03-29T16:14:25","guid":{"rendered":"https:\/\/aztex.ee\/?post_type=product&#038;p=74614"},"modified":"2026-04-13T10:06:28","modified_gmt":"2026-04-13T10:06:28","slug":"toalha-de-banho-em-algodao","status":"publish","type":"product","link":"https:\/\/aztex.ee\/pt-pt\/pood\/toalhas-e-toalhas-de-banho\/toalha-de-banho-em-algodao\/","title":{"rendered":"Toalha de banho 70&#215;140 cm"},"content":{"rendered":"<p><strong>Toalha de banho em algod\u00e3o \u2013 suavidade e praticidade juntas<\/strong><\/p>\n<p>Uma toalha de banho de algod\u00e3o \u00e9 feita de fibra natural, que \u00e9 amiga da pele e tem uma excelente respirabilidade. A textura macia e delicada torna-o adequado at\u00e9 para peles sens\u00edveis, proporcionando uma sensa\u00e7\u00e3o agrad\u00e1vel a cada utiliza\u00e7\u00e3o. Gra\u00e7as \u00e0 permeabilidade natural do algod\u00e3o ao ar, a toalha seca rapidamente e mant\u00e9m-se fresca durante mais tempo.<\/p>\n<p><strong>Boa absor\u00e7\u00e3o de humidade<\/strong><\/p>\n<p>Uma toalha de banho de alta qualidade e bem tecida absorve a humidade de forma eficaz, ajudando o corpo a secar rapidamente ap\u00f3s o banho ou a sauna. As fibras macias de algod\u00e3o garantem uma excelente absor\u00e7\u00e3o e uma secagem r\u00e1pida, tornando-o perfeito para o uso di\u00e1rio, bem como para levar em viagens ou para o spa.<\/p>\n<p><strong>Dur\u00e1vel e f\u00e1cil de cuidar<\/strong><\/p>\n<p>O algod\u00e3o \u00e9 um material dur\u00e1vel e duradouro que pode suportar lavagens frequentes e mant\u00e9m a sua suavidade e qualidade mesmo ap\u00f3s anos. A toalha de banho pode ser lavada na m\u00e1quina e \u00e9 f\u00e1cil de cuidar. Se for lavada e seca corretamente, permanecer\u00e1 fresca e fofa durante muito tempo. O tecido de alta qualidade mant\u00e9m a sua forma e cor, proporcionando um prazer duradouro.<\/p>\n<p><strong>Uma escolha cl\u00e1ssica para cada casa de banho<\/strong><\/p>\n<p>Uma toalha de banho em algod\u00e3o combina praticidade e estilo intemporal. Os seus tons de cores naturais e design cl\u00e1ssico combinam facilmente com diferentes designs de interiores de casas de banho, acrescentando aconchego e eleg\u00e2ncia ao ambiente. Existem v\u00e1rios tons \u00e0 escolha, para que todos possam encontrar aquele que mais se adequa \u00e0s suas prefer\u00eancias.<\/p>\n<p>Uma toalha de banho em algod\u00e3o \u00e9 a escolha ideal para quem valoriza o conforto, a qualidade e a durabilidade. A sua composi\u00e7\u00e3o natural garante um cuidado suave para a pele, enquanto a sua excelente absor\u00e7\u00e3o e f\u00e1cil cuidado fazem dele um companheiro pr\u00e1tico para o dia a dia. Seja como presente ou para renovar a sua pr\u00f3pria casa de banho, uma toalha de banho de algod\u00e3o de alta qualidade oferece sempre uma sensa\u00e7\u00e3o luxuosa e o m\u00e1ximo conforto.<\/p>\n","protected":false},"excerpt":{"rendered":"<ul>\n<li>Material: 100% algod\u00e3o<\/li>\n<li>Tamanho: 70&#215;140 cm \u00b13<\/li>\n<li>Peso: 400g\/m2<\/li>\n<\/ul>\n","protected":false},"featured_media":74655,"comment_status":"open","ping_status":"closed","template":"","meta":[],"product_brand":[],"product_cat":[1599,1716,487],"product_tag":[],"class_list":{"0":"post-74614","1":"product","2":"type-product","3":"status-publish","4":"has-post-thumbnail","6":"product_cat-toalhas-de-banho","7":"product_cat-toalhas-de-banho-70x140-cm","8":"product_cat-toalhas-e-toalhas-de-banho","10":"first","11":"instock","12":"shipping-taxable","13":"purchasable","14":"product-type-variable"},"yoast_head":"<!-- This site is optimized with the Yoast SEO plugin v27.4 - https:\/\/yoast.com\/product\/yoast-seo-wordpress\/ -->\n<title>Toalha de banho 100% algod\u00e3o - Alta qualidade e macio | AZTEX<\/title>\n<meta name=\"description\" content=\"A toalha de banho em algod\u00e3o \u00e9 macia, absorvente, dur\u00e1vel e perfeita para depois de um banho quente ou relaxante. O material natural cuida do bem-estar ...\" \/>\n<meta name=\"robots\" content=\"index, follow, max-snippet:-1, max-image-preview:large, max-video-preview:-1\" \/>\n<link rel=\"canonical\" href=\"https:\/\/aztex.ee\/pt-pt\/pood\/toalhas-e-toalhas-de-banho\/toalha-de-banho-em-algodao\/\" \/>\n<meta property=\"og:locale\" content=\"pt_PT\" \/>\n<meta property=\"og:type\" content=\"article\" \/>\n<meta property=\"og:title\" content=\"Toalha de banho 100% algod\u00e3o - Alta qualidade e macio | AZTEX\" \/>\n<meta property=\"og:description\" content=\"A toalha de banho em algod\u00e3o \u00e9 macia, absorvente, dur\u00e1vel e perfeita para depois de um banho quente ou relaxante. O material natural cuida do bem-estar ...\" \/>\n<meta property=\"og:url\" content=\"https:\/\/aztex.ee\/pt-pt\/pood\/toalhas-e-toalhas-de-banho\/toalha-de-banho-em-algodao\/\" \/>\n<meta property=\"og:site_name\" content=\"AZTEX\" \/>\n<meta property=\"article:publisher\" content=\"https:\/\/www.facebook.com\/AztexEE\" \/>\n<meta property=\"article:modified_time\" content=\"2026-04-13T10:06:28+00:00\" \/>\n<meta property=\"og:image\" content=\"https:\/\/aztex.ee\/wp-content\/uploads\/2025\/03\/Vanniratik-70x140-cm-2.jpg\" \/>\n\t<meta property=\"og:image:width\" content=\"800\" \/>\n\t<meta property=\"og:image:height\" content=\"800\" \/>\n\t<meta property=\"og:image:type\" content=\"image\/jpeg\" \/>\n<meta name=\"twitter:card\" content=\"summary_large_image\" \/>\n<meta name=\"twitter:label1\" content=\"Tempo estimado de leitura\" \/>\n\t<meta name=\"twitter:data1\" content=\"3 minutos\" \/>\n<script type=\"application\/ld+json\" class=\"yoast-schema-graph\">{\"@context\":\"https:\\\/\\\/schema.org\",\"@graph\":[{\"@type\":[\"WebPage\",\"ItemPage\"],\"@id\":\"https:\\\/\\\/aztex.ee\\\/pt-pt\\\/pood\\\/toalhas-e-toalhas-de-banho\\\/toalha-de-banho-em-algodao\\\/\",\"url\":\"https:\\\/\\\/aztex.ee\\\/pt-pt\\\/pood\\\/toalhas-e-toalhas-de-banho\\\/toalha-de-banho-em-algodao\\\/\",\"name\":\"Toalha de banho 100% algod\u00e3o - Alta qualidade e macio | AZTEX\",\"isPartOf\":{\"@id\":\"https:\\\/\\\/aztex.ee\\\/pt-pt\\\/#website\"},\"primaryImageOfPage\":{\"@id\":\"https:\\\/\\\/aztex.ee\\\/pt-pt\\\/pood\\\/toalhas-e-toalhas-de-banho\\\/toalha-de-banho-em-algodao\\\/#primaryimage\"},\"image\":{\"@id\":\"https:\\\/\\\/aztex.ee\\\/pt-pt\\\/pood\\\/toalhas-e-toalhas-de-banho\\\/toalha-de-banho-em-algodao\\\/#primaryimage\"},\"thumbnailUrl\":\"https:\\\/\\\/aztex.ee\\\/wp-content\\\/uploads\\\/2025\\\/03\\\/Vanniratik-70x140-cm-2.jpg\",\"datePublished\":\"2025-03-29T16:14:25+00:00\",\"dateModified\":\"2026-04-13T10:06:28+00:00\",\"description\":\"A toalha de banho em algod\u00e3o \u00e9 macia, absorvente, dur\u00e1vel e perfeita para depois de um banho quente ou relaxante. O material natural cuida do bem-estar ...\",\"breadcrumb\":{\"@id\":\"https:\\\/\\\/aztex.ee\\\/pt-pt\\\/pood\\\/toalhas-e-toalhas-de-banho\\\/toalha-de-banho-em-algodao\\\/#breadcrumb\"},\"inLanguage\":\"pt-PT\",\"potentialAction\":[{\"@type\":\"ReadAction\",\"target\":[\"https:\\\/\\\/aztex.ee\\\/pt-pt\\\/pood\\\/toalhas-e-toalhas-de-banho\\\/toalha-de-banho-em-algodao\\\/\"]}]},{\"@type\":\"ImageObject\",\"inLanguage\":\"pt-PT\",\"@id\":\"https:\\\/\\\/aztex.ee\\\/pt-pt\\\/pood\\\/toalhas-e-toalhas-de-banho\\\/toalha-de-banho-em-algodao\\\/#primaryimage\",\"url\":\"https:\\\/\\\/aztex.ee\\\/wp-content\\\/uploads\\\/2025\\\/03\\\/Vanniratik-70x140-cm-2.jpg\",\"contentUrl\":\"https:\\\/\\\/aztex.ee\\\/wp-content\\\/uploads\\\/2025\\\/03\\\/Vanniratik-70x140-cm-2.jpg\",\"width\":800,\"height\":800,\"caption\":\"Vannir\u00e4tik 70x140 cm\"},{\"@type\":\"BreadcrumbList\",\"@id\":\"https:\\\/\\\/aztex.ee\\\/pt-pt\\\/pood\\\/toalhas-e-toalhas-de-banho\\\/toalha-de-banho-em-algodao\\\/#breadcrumb\",\"itemListElement\":[{\"@type\":\"ListItem\",\"position\":1,\"name\":\"In\u00edcio\",\"item\":\"https:\\\/\\\/aztex.ee\\\/pt-pt\\\/\"},{\"@type\":\"ListItem\",\"position\":2,\"name\":\"Loja\",\"item\":\"https:\\\/\\\/aztex.ee\\\/pt-pt\\\/loja\\\/\"},{\"@type\":\"ListItem\",\"position\":3,\"name\":\"Toalha de banho 70&#215;140 cm\"}]},{\"@type\":\"WebSite\",\"@id\":\"https:\\\/\\\/aztex.ee\\\/pt-pt\\\/#website\",\"url\":\"https:\\\/\\\/aztex.ee\\\/pt-pt\\\/\",\"name\":\"AZTEX\",\"description\":\"\",\"publisher\":{\"@id\":\"https:\\\/\\\/aztex.ee\\\/pt-pt\\\/#organization\"},\"potentialAction\":[{\"@type\":\"SearchAction\",\"target\":{\"@type\":\"EntryPoint\",\"urlTemplate\":\"https:\\\/\\\/aztex.ee\\\/pt-pt\\\/?s={search_term_string}\"},\"query-input\":{\"@type\":\"PropertyValueSpecification\",\"valueRequired\":true,\"valueName\":\"search_term_string\"}}],\"inLanguage\":\"pt-PT\"},{\"@type\":\"Organization\",\"@id\":\"https:\\\/\\\/aztex.ee\\\/pt-pt\\\/#organization\",\"name\":\"AZTEX\",\"url\":\"https:\\\/\\\/aztex.ee\\\/pt-pt\\\/\",\"logo\":{\"@type\":\"ImageObject\",\"inLanguage\":\"pt-PT\",\"@id\":\"https:\\\/\\\/aztex.ee\\\/pt-pt\\\/#\\\/schema\\\/logo\\\/image\\\/\",\"url\":\"https:\\\/\\\/aztex.ee\\\/wp-content\\\/uploads\\\/2026\\\/01\\\/AZTEX.png\",\"contentUrl\":\"https:\\\/\\\/aztex.ee\\\/wp-content\\\/uploads\\\/2026\\\/01\\\/AZTEX.png\",\"width\":500,\"height\":500,\"caption\":\"AZTEX\"},\"image\":{\"@id\":\"https:\\\/\\\/aztex.ee\\\/pt-pt\\\/#\\\/schema\\\/logo\\\/image\\\/\"},\"sameAs\":[\"https:\\\/\\\/www.facebook.com\\\/AztexEE\",\"https:\\\/\\\/www.instagram.com\\\/aztexeesti\\\/\",\"https:\\\/\\\/www.youtube.com\\\/@AZTEXEE\",\"https:\\\/\\\/www.pinterest.com\\\/aztex_eesti\\\/\",\"https:\\\/\\\/www.tiktok.com\\\/@aztexeesti\",\"https:\\\/\\\/www.trustpilot.com\\\/review\\\/aztex.ee\",\"https:\\\/\\\/www.linkedin.com\\\/company\\\/aztex-ee\\\/\",\"https:\\\/\\\/www.wikidata.org\\\/wiki\\\/Q137560182\"]}]}<\/script>\n<!-- \/ Yoast SEO plugin. -->","yoast_head_json":{"title":"Toalha de banho 100% algod\u00e3o - Alta qualidade e macio | AZTEX","description":"A toalha de banho em algod\u00e3o \u00e9 macia, absorvente, dur\u00e1vel e perfeita para depois de um banho quente ou relaxante. O material natural cuida do bem-estar ...","robots":{"index":"index","follow":"follow","max-snippet":"max-snippet:-1","max-image-preview":"max-image-preview:large","max-video-preview":"max-video-preview:-1"},"canonical":"https:\/\/aztex.ee\/pt-pt\/pood\/toalhas-e-toalhas-de-banho\/toalha-de-banho-em-algodao\/","og_locale":"pt_PT","og_type":"article","og_title":"Toalha de banho 100% algod\u00e3o - Alta qualidade e macio | AZTEX","og_description":"A toalha de banho em algod\u00e3o \u00e9 macia, absorvente, dur\u00e1vel e perfeita para depois de um banho quente ou relaxante. O material natural cuida do bem-estar ...","og_url":"https:\/\/aztex.ee\/pt-pt\/pood\/toalhas-e-toalhas-de-banho\/toalha-de-banho-em-algodao\/","og_site_name":"AZTEX","article_publisher":"https:\/\/www.facebook.com\/AztexEE","article_modified_time":"2026-04-13T10:06:28+00:00","og_image":[{"width":800,"height":800,"url":"https:\/\/aztex.ee\/wp-content\/uploads\/2025\/03\/Vanniratik-70x140-cm-2.jpg","type":"image\/jpeg"}],"twitter_card":"summary_large_image","twitter_misc":{"Tempo estimado de leitura":"3 minutos"},"schema":{"@context":"https:\/\/schema.org","@graph":[{"@type":["WebPage","ItemPage"],"@id":"https:\/\/aztex.ee\/pt-pt\/pood\/toalhas-e-toalhas-de-banho\/toalha-de-banho-em-algodao\/","url":"https:\/\/aztex.ee\/pt-pt\/pood\/toalhas-e-toalhas-de-banho\/toalha-de-banho-em-algodao\/","name":"Toalha de banho 100% algod\u00e3o - Alta qualidade e macio | AZTEX","isPartOf":{"@id":"https:\/\/aztex.ee\/pt-pt\/#website"},"primaryImageOfPage":{"@id":"https:\/\/aztex.ee\/pt-pt\/pood\/toalhas-e-toalhas-de-banho\/toalha-de-banho-em-algodao\/#primaryimage"},"image":{"@id":"https:\/\/aztex.ee\/pt-pt\/pood\/toalhas-e-toalhas-de-banho\/toalha-de-banho-em-algodao\/#primaryimage"},"thumbnailUrl":"https:\/\/aztex.ee\/wp-content\/uploads\/2025\/03\/Vanniratik-70x140-cm-2.jpg","datePublished":"2025-03-29T16:14:25+00:00","dateModified":"2026-04-13T10:06:28+00:00","description":"A toalha de banho em algod\u00e3o \u00e9 macia, absorvente, dur\u00e1vel e perfeita para depois de um banho quente ou relaxante. O material natural cuida do bem-estar ...","breadcrumb":{"@id":"https:\/\/aztex.ee\/pt-pt\/pood\/toalhas-e-toalhas-de-banho\/toalha-de-banho-em-algodao\/#breadcrumb"},"inLanguage":"pt-PT","potentialAction":[{"@type":"ReadAction","target":["https:\/\/aztex.ee\/pt-pt\/pood\/toalhas-e-toalhas-de-banho\/toalha-de-banho-em-algodao\/"]}]},{"@type":"ImageObject","inLanguage":"pt-PT","@id":"https:\/\/aztex.ee\/pt-pt\/pood\/toalhas-e-toalhas-de-banho\/toalha-de-banho-em-algodao\/#primaryimage","url":"https:\/\/aztex.ee\/wp-content\/uploads\/2025\/03\/Vanniratik-70x140-cm-2.jpg","contentUrl":"https:\/\/aztex.ee\/wp-content\/uploads\/2025\/03\/Vanniratik-70x140-cm-2.jpg","width":800,"height":800,"caption":"Vannir\u00e4tik 70x140 cm"},{"@type":"BreadcrumbList","@id":"https:\/\/aztex.ee\/pt-pt\/pood\/toalhas-e-toalhas-de-banho\/toalha-de-banho-em-algodao\/#breadcrumb","itemListElement":[{"@type":"ListItem","position":1,"name":"In\u00edcio","item":"https:\/\/aztex.ee\/pt-pt\/"},{"@type":"ListItem","position":2,"name":"Loja","item":"https:\/\/aztex.ee\/pt-pt\/loja\/"},{"@type":"ListItem","position":3,"name":"Toalha de banho 70&#215;140 cm"}]},{"@type":"WebSite","@id":"https:\/\/aztex.ee\/pt-pt\/#website","url":"https:\/\/aztex.ee\/pt-pt\/","name":"AZTEX","description":"","publisher":{"@id":"https:\/\/aztex.ee\/pt-pt\/#organization"},"potentialAction":[{"@type":"SearchAction","target":{"@type":"EntryPoint","urlTemplate":"https:\/\/aztex.ee\/pt-pt\/?s={search_term_string}"},"query-input":{"@type":"PropertyValueSpecification","valueRequired":true,"valueName":"search_term_string"}}],"inLanguage":"pt-PT"},{"@type":"Organization","@id":"https:\/\/aztex.ee\/pt-pt\/#organization","name":"AZTEX","url":"https:\/\/aztex.ee\/pt-pt\/","logo":{"@type":"ImageObject","inLanguage":"pt-PT","@id":"https:\/\/aztex.ee\/pt-pt\/#\/schema\/logo\/image\/","url":"https:\/\/aztex.ee\/wp-content\/uploads\/2026\/01\/AZTEX.png","contentUrl":"https:\/\/aztex.ee\/wp-content\/uploads\/2026\/01\/AZTEX.png","width":500,"height":500,"caption":"AZTEX"},"image":{"@id":"https:\/\/aztex.ee\/pt-pt\/#\/schema\/logo\/image\/"},"sameAs":["https:\/\/www.facebook.com\/AztexEE","https:\/\/www.instagram.com\/aztexeesti\/","https:\/\/www.youtube.com\/@AZTEXEE","https:\/\/www.pinterest.com\/aztex_eesti\/","https:\/\/www.tiktok.com\/@aztexeesti","https:\/\/www.trustpilot.com\/review\/aztex.ee","https:\/\/www.linkedin.com\/company\/aztex-ee\/","https:\/\/www.wikidata.org\/wiki\/Q137560182"]}]}},"_links":{"self":[{"href":"https:\/\/aztex.ee\/pt-pt\/wp-json\/wp\/v2\/product\/74614","targetHints":{"allow":["GET"]}}],"collection":[{"href":"https:\/\/aztex.ee\/pt-pt\/wp-json\/wp\/v2\/product"}],"about":[{"href":"https:\/\/aztex.ee\/pt-pt\/wp-json\/wp\/v2\/types\/product"}],"replies":[{"embeddable":true,"href":"https:\/\/aztex.ee\/pt-pt\/wp-json\/wp\/v2\/comments?post=74614"}],"version-history":[{"count":0,"href":"https:\/\/aztex.ee\/pt-pt\/wp-json\/wp\/v2\/product\/74614\/revisions"}],"wp:featuredmedia":[{"embeddable":true,"href":"https:\/\/aztex.ee\/pt-pt\/wp-json\/wp\/v2\/media\/74655"}],"wp:attachment":[{"href":"https:\/\/aztex.ee\/pt-pt\/wp-json\/wp\/v2\/media?parent=74614"}],"wp:term":[{"taxonomy":"product_brand","embeddable":true,"href":"https:\/\/aztex.ee\/pt-pt\/wp-json\/wp\/v2\/product_brand?post=74614"},{"taxonomy":"product_cat","embeddable":true,"href":"https:\/\/aztex.ee\/pt-pt\/wp-json\/wp\/v2\/product_cat?post=74614"},{"taxonomy":"product_tag","embeddable":true,"href":"https:\/\/aztex.ee\/pt-pt\/wp-json\/wp\/v2\/product_tag?post=74614"}],"curies":[{"name":"wp","href":"https:\/\/api.w.org\/{rel}","templated":true}]}}