{"id":73224,"date":"2025-03-26T23:20:05","date_gmt":"2025-03-26T23:20:05","guid":{"rendered":"https:\/\/aztex.ee\/?post_type=product&#038;p=73224"},"modified":"2026-05-06T20:23:09","modified_gmt":"2026-05-06T20:23:09","slug":"toalha-de-algodao-35x75-cm","status":"publish","type":"product","link":"https:\/\/aztex.ee\/pt-pt\/pood\/toalhas-e-toalhas-de-banho\/toalha-de-algodao-35x75-cm\/","title":{"rendered":"Toalha de algod\u00e3o 35&#215;75 cm"},"content":{"rendered":"<p><strong>Toalha de algod\u00e3o \u2013 suavidade e qualidade duradoura<\/strong><\/p>\n<p>O algod\u00e3o \u00e9 um dos materiais mais populares para fazer toalhas, pois \u00e9 naturalmente macio, respir\u00e1vel e agrad\u00e1vel \u00e0 pele. Esta toalha \u00e9 feita de algod\u00e3o de alta qualidade, que \u00e9 agradavelmente suave ao toque e tamb\u00e9m \u00e9 adequada para peles sens\u00edveis. A fibra natural permite a passagem de ar, ajudando a toalha a secar rapidamente e proporcionando o m\u00e1ximo conforto no uso di\u00e1rio.<\/p>\n<p><strong>Excelente absor\u00e7\u00e3o e secagem r\u00e1pida<\/strong><\/p>\n<p>Uma toalha de algod\u00e3o absorve a humidade de forma r\u00e1pida e eficiente, tornando a secagem particularmente confort\u00e1vel e agrad\u00e1vel. Gra\u00e7as a isso, \u00e9 perfeito para a casa de banho, sauna e praia. Al\u00e9m disso, uma toalha de algod\u00e3o seca rapidamente, o que ajuda a evitar odores desagrad\u00e1veis \u200b\u200be mant\u00e9m-na fresca durante muito tempo.<\/p>\n<p><strong>Dur\u00e1vel e de alta qualidade<\/strong><\/p>\n<p>Materiais cuidadosamente selecionados e costuras resistentes garantem que a toalha resiste a lavagens frequentes, mantendo a sua suavidade e boa absor\u00e7\u00e3o durante muito tempo. Gra\u00e7as \u00e0 t\u00e9cnica de tecelagem de alta qualidade, a toalha n\u00e3o fica abafada rapidamente nem perde a sua forma original. Isto significa que permanecer\u00e1 sempre macio e um companheiro fi\u00e1vel durante anos.<\/p>\n<p><strong>Elegante e vers\u00e1til<\/strong><\/p>\n<p>A toalha de algod\u00e3o est\u00e1 dispon\u00edvel em v\u00e1rias cores bonitas para complementar qualquer casa de banho. O design cl\u00e1ssico e intemporal facilita a combina\u00e7\u00e3o com outros tecidos de casa de banho.<\/p>\n<p><strong>F\u00e1cil manuten\u00e7\u00e3o e frescura duradoura<\/strong><\/p>\n<p>A toalha de algod\u00e3o \u00e9 f\u00e1cil de cuidar, pode ser lavada na m\u00e1quina e mant\u00e9m a sua cor e suavidade mesmo ap\u00f3s v\u00e1rias lavagens. Para melhores resultados, \u00e9 recomend\u00e1vel lavar a toalha a uma temperatura mais baixa e evitar o uso excessivo de amaciador, que pode afetar a absor\u00e7\u00e3o. Com os devidos cuidados, a toalha permanecer\u00e1 macia, absorvente e agradavelmente fresca durante muito tempo.<\/p>\n<p>A toalha de algod\u00e3o oferece suavidade natural, excelente absor\u00e7\u00e3o e durabilidade, o que a torna uma escolha fi\u00e1vel e duradoura para o uso di\u00e1rio.<\/p>\n","protected":false},"excerpt":{"rendered":"<ul>\n<li>Material: 100% algod\u00e3o<\/li>\n<li>Tamanho: 35\u00d775 cm \u00b13<\/li>\n<li>Peso: 450g\/m2<\/li>\n<\/ul>\n","protected":false},"featured_media":73275,"comment_status":"open","ping_status":"closed","template":"","meta":[],"product_brand":[],"product_cat":[1738,783,487],"product_tag":[],"class_list":{"0":"post-73224","1":"product","2":"type-product","3":"status-publish","4":"has-post-thumbnail","6":"product_cat-toalhas","7":"product_cat-toalhas-35x75-cm","8":"product_cat-toalhas-e-toalhas-de-banho","10":"first","11":"instock","12":"shipping-taxable","13":"purchasable","14":"product-type-variable"},"yoast_head":"<!-- This site is optimized with the Yoast SEO plugin v27.6 - https:\/\/yoast.com\/product\/yoast-seo-wordpress\/ -->\n<title>Toalha de algod\u00e3o 35x75 cm - 100% Algod\u00e3o Org\u00e2nico | AZTEX<\/title>\n<meta name=\"description\" content=\"A toalha de algod\u00e3o macia e altamente absorvente \u00e9 a escolha perfeita para o uso di\u00e1rio, oferecendo uma qualidade excecional, conforto duradouro e ...\" \/>\n<meta name=\"robots\" content=\"index, follow, max-snippet:-1, max-image-preview:large, max-video-preview:-1\" \/>\n<link rel=\"canonical\" href=\"https:\/\/aztex.ee\/pt-pt\/pood\/toalhas-e-toalhas-de-banho\/toalha-de-algodao-35x75-cm\/\" \/>\n<meta property=\"og:locale\" content=\"pt_PT\" \/>\n<meta property=\"og:type\" content=\"article\" \/>\n<meta property=\"og:title\" content=\"Toalha de algod\u00e3o 35x75 cm - 100% Algod\u00e3o Org\u00e2nico | AZTEX\" \/>\n<meta property=\"og:description\" content=\"A toalha de algod\u00e3o macia e altamente absorvente \u00e9 a escolha perfeita para o uso di\u00e1rio, oferecendo uma qualidade excecional, conforto duradouro e ...\" \/>\n<meta property=\"og:url\" content=\"https:\/\/aztex.ee\/pt-pt\/pood\/toalhas-e-toalhas-de-banho\/toalha-de-algodao-35x75-cm\/\" \/>\n<meta property=\"og:site_name\" content=\"AZTEX\" \/>\n<meta property=\"article:publisher\" content=\"https:\/\/www.facebook.com\/AztexEE\" \/>\n<meta property=\"article:modified_time\" content=\"2026-05-06T20:23:09+00:00\" \/>\n<meta property=\"og:image\" content=\"https:\/\/aztex.ee\/wp-content\/uploads\/2025\/03\/Puuvillane-ratik-35x75-cm.jpg\" \/>\n\t<meta property=\"og:image:width\" content=\"800\" \/>\n\t<meta property=\"og:image:height\" content=\"800\" \/>\n\t<meta property=\"og:image:type\" content=\"image\/jpeg\" \/>\n<meta name=\"twitter:card\" content=\"summary_large_image\" \/>\n<meta name=\"twitter:label1\" content=\"Tempo estimado de leitura\" \/>\n\t<meta name=\"twitter:data1\" content=\"2 minutos\" \/>\n<script type=\"application\/ld+json\" class=\"yoast-schema-graph\">{\"@context\":\"https:\\\/\\\/schema.org\",\"@graph\":[{\"@type\":[\"WebPage\",\"ItemPage\"],\"@id\":\"https:\\\/\\\/aztex.ee\\\/pt-pt\\\/pood\\\/toalhas-e-toalhas-de-banho\\\/toalha-de-algodao-35x75-cm\\\/\",\"url\":\"https:\\\/\\\/aztex.ee\\\/pt-pt\\\/pood\\\/toalhas-e-toalhas-de-banho\\\/toalha-de-algodao-35x75-cm\\\/\",\"name\":\"Toalha de algod\u00e3o 35x75 cm - 100% Algod\u00e3o Org\u00e2nico | AZTEX\",\"isPartOf\":{\"@id\":\"https:\\\/\\\/aztex.ee\\\/pt-pt\\\/#website\"},\"primaryImageOfPage\":{\"@id\":\"https:\\\/\\\/aztex.ee\\\/pt-pt\\\/pood\\\/toalhas-e-toalhas-de-banho\\\/toalha-de-algodao-35x75-cm\\\/#primaryimage\"},\"image\":{\"@id\":\"https:\\\/\\\/aztex.ee\\\/pt-pt\\\/pood\\\/toalhas-e-toalhas-de-banho\\\/toalha-de-algodao-35x75-cm\\\/#primaryimage\"},\"thumbnailUrl\":\"https:\\\/\\\/aztex.ee\\\/wp-content\\\/uploads\\\/2025\\\/03\\\/Puuvillane-ratik-35x75-cm.jpg\",\"datePublished\":\"2025-03-26T23:20:05+00:00\",\"dateModified\":\"2026-05-06T20:23:09+00:00\",\"description\":\"A toalha de algod\u00e3o macia e altamente absorvente \u00e9 a escolha perfeita para o uso di\u00e1rio, oferecendo uma qualidade excecional, conforto duradouro e ...\",\"breadcrumb\":{\"@id\":\"https:\\\/\\\/aztex.ee\\\/pt-pt\\\/pood\\\/toalhas-e-toalhas-de-banho\\\/toalha-de-algodao-35x75-cm\\\/#breadcrumb\"},\"inLanguage\":\"pt-PT\",\"potentialAction\":[{\"@type\":\"ReadAction\",\"target\":[\"https:\\\/\\\/aztex.ee\\\/pt-pt\\\/pood\\\/toalhas-e-toalhas-de-banho\\\/toalha-de-algodao-35x75-cm\\\/\"]}]},{\"@type\":\"ImageObject\",\"inLanguage\":\"pt-PT\",\"@id\":\"https:\\\/\\\/aztex.ee\\\/pt-pt\\\/pood\\\/toalhas-e-toalhas-de-banho\\\/toalha-de-algodao-35x75-cm\\\/#primaryimage\",\"url\":\"https:\\\/\\\/aztex.ee\\\/wp-content\\\/uploads\\\/2025\\\/03\\\/Puuvillane-ratik-35x75-cm.jpg\",\"contentUrl\":\"https:\\\/\\\/aztex.ee\\\/wp-content\\\/uploads\\\/2025\\\/03\\\/Puuvillane-ratik-35x75-cm.jpg\",\"width\":800,\"height\":800,\"caption\":\"Puuvillane r\u00e4tik 35x75 cm\"},{\"@type\":\"BreadcrumbList\",\"@id\":\"https:\\\/\\\/aztex.ee\\\/pt-pt\\\/pood\\\/toalhas-e-toalhas-de-banho\\\/toalha-de-algodao-35x75-cm\\\/#breadcrumb\",\"itemListElement\":[{\"@type\":\"ListItem\",\"position\":1,\"name\":\"In\u00edcio\",\"item\":\"https:\\\/\\\/aztex.ee\\\/pt-pt\\\/\"},{\"@type\":\"ListItem\",\"position\":2,\"name\":\"Loja\",\"item\":\"https:\\\/\\\/aztex.ee\\\/pt-pt\\\/loja\\\/\"},{\"@type\":\"ListItem\",\"position\":3,\"name\":\"Toalha de algod\u00e3o 35&#215;75 cm\"}]},{\"@type\":\"WebSite\",\"@id\":\"https:\\\/\\\/aztex.ee\\\/pt-pt\\\/#website\",\"url\":\"https:\\\/\\\/aztex.ee\\\/pt-pt\\\/\",\"name\":\"AZTEX\",\"description\":\"\",\"publisher\":{\"@id\":\"https:\\\/\\\/aztex.ee\\\/pt-pt\\\/#organization\"},\"potentialAction\":[{\"@type\":\"SearchAction\",\"target\":{\"@type\":\"EntryPoint\",\"urlTemplate\":\"https:\\\/\\\/aztex.ee\\\/pt-pt\\\/?s={search_term_string}\"},\"query-input\":{\"@type\":\"PropertyValueSpecification\",\"valueRequired\":true,\"valueName\":\"search_term_string\"}}],\"inLanguage\":\"pt-PT\"},{\"@type\":\"Organization\",\"@id\":\"https:\\\/\\\/aztex.ee\\\/pt-pt\\\/#organization\",\"name\":\"AZTEX\",\"url\":\"https:\\\/\\\/aztex.ee\\\/pt-pt\\\/\",\"logo\":{\"@type\":\"ImageObject\",\"inLanguage\":\"pt-PT\",\"@id\":\"https:\\\/\\\/aztex.ee\\\/pt-pt\\\/#\\\/schema\\\/logo\\\/image\\\/\",\"url\":\"https:\\\/\\\/aztex.ee\\\/wp-content\\\/uploads\\\/2026\\\/01\\\/AZTEX.png\",\"contentUrl\":\"https:\\\/\\\/aztex.ee\\\/wp-content\\\/uploads\\\/2026\\\/01\\\/AZTEX.png\",\"width\":500,\"height\":500,\"caption\":\"AZTEX\"},\"image\":{\"@id\":\"https:\\\/\\\/aztex.ee\\\/pt-pt\\\/#\\\/schema\\\/logo\\\/image\\\/\"},\"sameAs\":[\"https:\\\/\\\/www.facebook.com\\\/AztexEE\",\"https:\\\/\\\/www.instagram.com\\\/aztexeesti\\\/\",\"https:\\\/\\\/www.youtube.com\\\/@AZTEXEE\",\"https:\\\/\\\/www.pinterest.com\\\/aztex_eesti\\\/\",\"https:\\\/\\\/www.tiktok.com\\\/@aztexeesti\",\"https:\\\/\\\/www.trustpilot.com\\\/review\\\/aztex.ee\",\"https:\\\/\\\/www.linkedin.com\\\/company\\\/aztex-ee\\\/\",\"https:\\\/\\\/www.wikidata.org\\\/wiki\\\/Q137560182\"]}]}<\/script>\n<!-- \/ Yoast SEO plugin. -->","yoast_head_json":{"title":"Toalha de algod\u00e3o 35x75 cm - 100% Algod\u00e3o Org\u00e2nico | AZTEX","description":"A toalha de algod\u00e3o macia e altamente absorvente \u00e9 a escolha perfeita para o uso di\u00e1rio, oferecendo uma qualidade excecional, conforto duradouro e ...","robots":{"index":"index","follow":"follow","max-snippet":"max-snippet:-1","max-image-preview":"max-image-preview:large","max-video-preview":"max-video-preview:-1"},"canonical":"https:\/\/aztex.ee\/pt-pt\/pood\/toalhas-e-toalhas-de-banho\/toalha-de-algodao-35x75-cm\/","og_locale":"pt_PT","og_type":"article","og_title":"Toalha de algod\u00e3o 35x75 cm - 100% Algod\u00e3o Org\u00e2nico | AZTEX","og_description":"A toalha de algod\u00e3o macia e altamente absorvente \u00e9 a escolha perfeita para o uso di\u00e1rio, oferecendo uma qualidade excecional, conforto duradouro e ...","og_url":"https:\/\/aztex.ee\/pt-pt\/pood\/toalhas-e-toalhas-de-banho\/toalha-de-algodao-35x75-cm\/","og_site_name":"AZTEX","article_publisher":"https:\/\/www.facebook.com\/AztexEE","article_modified_time":"2026-05-06T20:23:09+00:00","og_image":[{"width":800,"height":800,"url":"https:\/\/aztex.ee\/wp-content\/uploads\/2025\/03\/Puuvillane-ratik-35x75-cm.jpg","type":"image\/jpeg"}],"twitter_card":"summary_large_image","twitter_misc":{"Tempo estimado de leitura":"2 minutos"},"schema":{"@context":"https:\/\/schema.org","@graph":[{"@type":["WebPage","ItemPage"],"@id":"https:\/\/aztex.ee\/pt-pt\/pood\/toalhas-e-toalhas-de-banho\/toalha-de-algodao-35x75-cm\/","url":"https:\/\/aztex.ee\/pt-pt\/pood\/toalhas-e-toalhas-de-banho\/toalha-de-algodao-35x75-cm\/","name":"Toalha de algod\u00e3o 35x75 cm - 100% Algod\u00e3o Org\u00e2nico | AZTEX","isPartOf":{"@id":"https:\/\/aztex.ee\/pt-pt\/#website"},"primaryImageOfPage":{"@id":"https:\/\/aztex.ee\/pt-pt\/pood\/toalhas-e-toalhas-de-banho\/toalha-de-algodao-35x75-cm\/#primaryimage"},"image":{"@id":"https:\/\/aztex.ee\/pt-pt\/pood\/toalhas-e-toalhas-de-banho\/toalha-de-algodao-35x75-cm\/#primaryimage"},"thumbnailUrl":"https:\/\/aztex.ee\/wp-content\/uploads\/2025\/03\/Puuvillane-ratik-35x75-cm.jpg","datePublished":"2025-03-26T23:20:05+00:00","dateModified":"2026-05-06T20:23:09+00:00","description":"A toalha de algod\u00e3o macia e altamente absorvente \u00e9 a escolha perfeita para o uso di\u00e1rio, oferecendo uma qualidade excecional, conforto duradouro e ...","breadcrumb":{"@id":"https:\/\/aztex.ee\/pt-pt\/pood\/toalhas-e-toalhas-de-banho\/toalha-de-algodao-35x75-cm\/#breadcrumb"},"inLanguage":"pt-PT","potentialAction":[{"@type":"ReadAction","target":["https:\/\/aztex.ee\/pt-pt\/pood\/toalhas-e-toalhas-de-banho\/toalha-de-algodao-35x75-cm\/"]}]},{"@type":"ImageObject","inLanguage":"pt-PT","@id":"https:\/\/aztex.ee\/pt-pt\/pood\/toalhas-e-toalhas-de-banho\/toalha-de-algodao-35x75-cm\/#primaryimage","url":"https:\/\/aztex.ee\/wp-content\/uploads\/2025\/03\/Puuvillane-ratik-35x75-cm.jpg","contentUrl":"https:\/\/aztex.ee\/wp-content\/uploads\/2025\/03\/Puuvillane-ratik-35x75-cm.jpg","width":800,"height":800,"caption":"Puuvillane r\u00e4tik 35x75 cm"},{"@type":"BreadcrumbList","@id":"https:\/\/aztex.ee\/pt-pt\/pood\/toalhas-e-toalhas-de-banho\/toalha-de-algodao-35x75-cm\/#breadcrumb","itemListElement":[{"@type":"ListItem","position":1,"name":"In\u00edcio","item":"https:\/\/aztex.ee\/pt-pt\/"},{"@type":"ListItem","position":2,"name":"Loja","item":"https:\/\/aztex.ee\/pt-pt\/loja\/"},{"@type":"ListItem","position":3,"name":"Toalha de algod\u00e3o 35&#215;75 cm"}]},{"@type":"WebSite","@id":"https:\/\/aztex.ee\/pt-pt\/#website","url":"https:\/\/aztex.ee\/pt-pt\/","name":"AZTEX","description":"","publisher":{"@id":"https:\/\/aztex.ee\/pt-pt\/#organization"},"potentialAction":[{"@type":"SearchAction","target":{"@type":"EntryPoint","urlTemplate":"https:\/\/aztex.ee\/pt-pt\/?s={search_term_string}"},"query-input":{"@type":"PropertyValueSpecification","valueRequired":true,"valueName":"search_term_string"}}],"inLanguage":"pt-PT"},{"@type":"Organization","@id":"https:\/\/aztex.ee\/pt-pt\/#organization","name":"AZTEX","url":"https:\/\/aztex.ee\/pt-pt\/","logo":{"@type":"ImageObject","inLanguage":"pt-PT","@id":"https:\/\/aztex.ee\/pt-pt\/#\/schema\/logo\/image\/","url":"https:\/\/aztex.ee\/wp-content\/uploads\/2026\/01\/AZTEX.png","contentUrl":"https:\/\/aztex.ee\/wp-content\/uploads\/2026\/01\/AZTEX.png","width":500,"height":500,"caption":"AZTEX"},"image":{"@id":"https:\/\/aztex.ee\/pt-pt\/#\/schema\/logo\/image\/"},"sameAs":["https:\/\/www.facebook.com\/AztexEE","https:\/\/www.instagram.com\/aztexeesti\/","https:\/\/www.youtube.com\/@AZTEXEE","https:\/\/www.pinterest.com\/aztex_eesti\/","https:\/\/www.tiktok.com\/@aztexeesti","https:\/\/www.trustpilot.com\/review\/aztex.ee","https:\/\/www.linkedin.com\/company\/aztex-ee\/","https:\/\/www.wikidata.org\/wiki\/Q137560182"]}]}},"_links":{"self":[{"href":"https:\/\/aztex.ee\/pt-pt\/wp-json\/wp\/v2\/product\/73224","targetHints":{"allow":["GET"]}}],"collection":[{"href":"https:\/\/aztex.ee\/pt-pt\/wp-json\/wp\/v2\/product"}],"about":[{"href":"https:\/\/aztex.ee\/pt-pt\/wp-json\/wp\/v2\/types\/product"}],"replies":[{"embeddable":true,"href":"https:\/\/aztex.ee\/pt-pt\/wp-json\/wp\/v2\/comments?post=73224"}],"version-history":[{"count":0,"href":"https:\/\/aztex.ee\/pt-pt\/wp-json\/wp\/v2\/product\/73224\/revisions"}],"wp:featuredmedia":[{"embeddable":true,"href":"https:\/\/aztex.ee\/pt-pt\/wp-json\/wp\/v2\/media\/73275"}],"wp:attachment":[{"href":"https:\/\/aztex.ee\/pt-pt\/wp-json\/wp\/v2\/media?parent=73224"}],"wp:term":[{"taxonomy":"product_brand","embeddable":true,"href":"https:\/\/aztex.ee\/pt-pt\/wp-json\/wp\/v2\/product_brand?post=73224"},{"taxonomy":"product_cat","embeddable":true,"href":"https:\/\/aztex.ee\/pt-pt\/wp-json\/wp\/v2\/product_cat?post=73224"},{"taxonomy":"product_tag","embeddable":true,"href":"https:\/\/aztex.ee\/pt-pt\/wp-json\/wp\/v2\/product_tag?post=73224"}],"curies":[{"name":"wp","href":"https:\/\/api.w.org\/{rel}","templated":true}]}}