{"id":69252,"date":"2025-03-20T07:14:30","date_gmt":"2025-03-20T07:14:30","guid":{"rendered":"https:\/\/aztex.ee\/?post_type=product&#038;p=69252"},"modified":"2026-03-27T14:59:32","modified_gmt":"2026-03-27T14:59:32","slug":"cobertor-de-almofada-2-em-1","status":"publish","type":"product","link":"https:\/\/aztex.ee\/pt-pt\/pood\/mundo-infantil\/cobertor-de-almofada-2-em-1\/","title":{"rendered":"Cobertor de Almofada 2 em 1"},"content":{"rendered":"<p><strong>Almofada e manta infantil 2 em 1 &#8211; conforto e praticidade perfeitos em qualquer situa\u00e7\u00e3o<\/strong><\/p>\n<p><strong>Uma solu\u00e7\u00e3o compacta e que poupa espa\u00e7o para todos os ambientes<\/strong><\/p>\n<p>A almofada e manta infantil 2 em 1 \u00e9 a solu\u00e7\u00e3o ideal para crian\u00e7as que necessitam de conforto e aconchego em qualquer situa\u00e7\u00e3o. O design compacto e f\u00e1cil de transportar torna-o uma \u00f3tima escolha para a casa, viagens ou quartos de crian\u00e7a. O design excecional que poupa espa\u00e7o garante que o produto tamb\u00e9m se adapta perfeitamente ao autom\u00f3vel, proporcionando \u00e0s crian\u00e7as calor e conforto sempre que mais precisam. N\u00e3o importa se est\u00e1 em casa ou na estrada &#8211; esta solu\u00e7\u00e3o 2 em 1 garante umas f\u00e9rias confort\u00e1veis \u200b\u200bem qualquer lugar.<\/p>\n<p><strong>Vers\u00e1til e pr\u00e1tico em todas as situa\u00e7\u00f5es<\/strong><\/p>\n<p>Este produto vers\u00e1til \u00e9 adequado para todas as ocasi\u00f5es, incluindo o dia a dia das crian\u00e7as. Seja para relaxar em casa depois da escola ou para viajar, este produto oferece exatamente o que o seu filho precisa em qualquer altura. Compacto e f\u00e1cil de usar, \u00e9 tamb\u00e9m perfeito para acampamentos, f\u00e9rias e at\u00e9 viagens de carro. Este produto proporciona calor e conforto para as crian\u00e7as onde quer que necessitem.<\/p>\n<p><strong>F\u00e1cil de usar e de manter<\/strong><\/p>\n<p>A almofada e a manta infantil 2 em 1 s\u00e3o feitas dos melhores materiais para garantir uma durabilidade duradoura. Foi concebido para ser f\u00e1cil n\u00e3o s\u00f3 de usar, mas tamb\u00e9m de manter. Para fam\u00edlias com crian\u00e7as, onde a rapidez e a simplicidade s\u00e3o importantes, este produto oferece muito conforto e praticidade. Gra\u00e7as \u00e0 sua f\u00e1cil manuten\u00e7\u00e3o, pode ser facilmente lavado para garantir a higiene e frescura no uso di\u00e1rio.<\/p>\n<p><strong>O companheiro de viagem perfeito e um complemento dom\u00e9stico para crian\u00e7as<\/strong><\/p>\n<p>Este travesseiro e manta 2 em 1 \u00e9 o companheiro de viagem ideal, pois \u00e9 leve, compacto e pr\u00e1tico. Leve-o sempre consigo para garantir relaxamento e aconchego \u00e0s crian\u00e7as em qualquer momento. Em casa, complementar\u00e1 na perfei\u00e7\u00e3o o quarto das crian\u00e7as, proporcionando um conforto perfeito para cada utilizador. Seja a viajar ou a relaxar em casa, a almofada e a manta 2 em 1 tornar\u00e3o cada momento mais agrad\u00e1vel, sendo o companheiro perfeito para cada pequena aventura.<\/p>\n","protected":false},"excerpt":{"rendered":"<ul>\n<li>Material: Velo coral<\/li>\n<li>Tamanho: 40&#215;40 cm \u2013 aberto 105&#215;155 cm<\/li>\n<li>Peso: 1,1 kg<\/li>\n<\/ul>\n","protected":false},"featured_media":69313,"comment_status":"open","ping_status":"closed","template":"","meta":[],"product_brand":[],"product_cat":[2243,2222],"product_tag":[],"class_list":{"0":"post-69252","1":"product","2":"type-product","3":"status-publish","4":"has-post-thumbnail","6":"product_cat-cobertores-infantis","7":"product_cat-mundo-infantil","9":"first","10":"instock","11":"shipping-taxable","12":"purchasable","13":"product-type-variable"},"yoast_head":"<!-- This site is optimized with the Yoast SEO plugin v27.3 - https:\/\/yoast.com\/product\/yoast-seo-wordpress\/ -->\n<title>2 em 1 Cobertor e Almofada | AZTEX<\/title>\n<meta name=\"description\" content=\"A almofada e manta infantil 2 em 1 \u00e9 uma solu\u00e7\u00e3o compacta, de alta qualidade e que poupa espa\u00e7o, ideal para relaxar em casa ou durante as viagens.\" \/>\n<meta name=\"robots\" content=\"index, follow, max-snippet:-1, max-image-preview:large, max-video-preview:-1\" \/>\n<link rel=\"canonical\" href=\"https:\/\/aztex.ee\/pt-pt\/pood\/mundo-infantil\/cobertor-de-almofada-2-em-1\/\" \/>\n<meta property=\"og:locale\" content=\"pt_PT\" \/>\n<meta property=\"og:type\" content=\"article\" \/>\n<meta property=\"og:title\" content=\"2 em 1 Cobertor e Almofada | AZTEX\" \/>\n<meta property=\"og:description\" content=\"A almofada e manta infantil 2 em 1 \u00e9 uma solu\u00e7\u00e3o compacta, de alta qualidade e que poupa espa\u00e7o, ideal para relaxar em casa ou durante as viagens.\" \/>\n<meta property=\"og:url\" content=\"https:\/\/aztex.ee\/pt-pt\/pood\/mundo-infantil\/cobertor-de-almofada-2-em-1\/\" \/>\n<meta property=\"og:site_name\" content=\"AZTEX\" \/>\n<meta property=\"article:publisher\" content=\"https:\/\/www.facebook.com\/AztexEE\" \/>\n<meta property=\"article:modified_time\" content=\"2026-03-27T14:59:32+00:00\" \/>\n<meta property=\"og:image\" content=\"https:\/\/aztex.ee\/wp-content\/uploads\/2025\/03\/Padi-ja-tekk-2-in-1.jpg\" \/>\n\t<meta property=\"og:image:width\" content=\"800\" \/>\n\t<meta property=\"og:image:height\" content=\"800\" \/>\n\t<meta property=\"og:image:type\" content=\"image\/jpeg\" \/>\n<meta name=\"twitter:card\" content=\"summary_large_image\" \/>\n<meta name=\"twitter:label1\" content=\"Tempo estimado de leitura\" \/>\n\t<meta name=\"twitter:data1\" content=\"3 minutos\" \/>\n<script type=\"application\/ld+json\" class=\"yoast-schema-graph\">{\"@context\":\"https:\\\/\\\/schema.org\",\"@graph\":[{\"@type\":[\"WebPage\",\"ItemPage\"],\"@id\":\"https:\\\/\\\/aztex.ee\\\/pt-pt\\\/pood\\\/mundo-infantil\\\/cobertor-de-almofada-2-em-1\\\/\",\"url\":\"https:\\\/\\\/aztex.ee\\\/pt-pt\\\/pood\\\/mundo-infantil\\\/cobertor-de-almofada-2-em-1\\\/\",\"name\":\"2 em 1 Cobertor e Almofada | AZTEX\",\"isPartOf\":{\"@id\":\"https:\\\/\\\/aztex.ee\\\/pt-pt\\\/#website\"},\"primaryImageOfPage\":{\"@id\":\"https:\\\/\\\/aztex.ee\\\/pt-pt\\\/pood\\\/mundo-infantil\\\/cobertor-de-almofada-2-em-1\\\/#primaryimage\"},\"image\":{\"@id\":\"https:\\\/\\\/aztex.ee\\\/pt-pt\\\/pood\\\/mundo-infantil\\\/cobertor-de-almofada-2-em-1\\\/#primaryimage\"},\"thumbnailUrl\":\"https:\\\/\\\/aztex.ee\\\/wp-content\\\/uploads\\\/2025\\\/03\\\/Padi-ja-tekk-2-in-1.jpg\",\"datePublished\":\"2025-03-20T07:14:30+00:00\",\"dateModified\":\"2026-03-27T14:59:32+00:00\",\"description\":\"A almofada e manta infantil 2 em 1 \u00e9 uma solu\u00e7\u00e3o compacta, de alta qualidade e que poupa espa\u00e7o, ideal para relaxar em casa ou durante as viagens.\",\"breadcrumb\":{\"@id\":\"https:\\\/\\\/aztex.ee\\\/pt-pt\\\/pood\\\/mundo-infantil\\\/cobertor-de-almofada-2-em-1\\\/#breadcrumb\"},\"inLanguage\":\"pt-PT\",\"potentialAction\":[{\"@type\":\"ReadAction\",\"target\":[\"https:\\\/\\\/aztex.ee\\\/pt-pt\\\/pood\\\/mundo-infantil\\\/cobertor-de-almofada-2-em-1\\\/\"]}]},{\"@type\":\"ImageObject\",\"inLanguage\":\"pt-PT\",\"@id\":\"https:\\\/\\\/aztex.ee\\\/pt-pt\\\/pood\\\/mundo-infantil\\\/cobertor-de-almofada-2-em-1\\\/#primaryimage\",\"url\":\"https:\\\/\\\/aztex.ee\\\/wp-content\\\/uploads\\\/2025\\\/03\\\/Padi-ja-tekk-2-in-1.jpg\",\"contentUrl\":\"https:\\\/\\\/aztex.ee\\\/wp-content\\\/uploads\\\/2025\\\/03\\\/Padi-ja-tekk-2-in-1.jpg\",\"width\":800,\"height\":800,\"caption\":\"Padi ja tekk 2 in 1\"},{\"@type\":\"BreadcrumbList\",\"@id\":\"https:\\\/\\\/aztex.ee\\\/pt-pt\\\/pood\\\/mundo-infantil\\\/cobertor-de-almofada-2-em-1\\\/#breadcrumb\",\"itemListElement\":[{\"@type\":\"ListItem\",\"position\":1,\"name\":\"In\u00edcio\",\"item\":\"https:\\\/\\\/aztex.ee\\\/pt-pt\\\/\"},{\"@type\":\"ListItem\",\"position\":2,\"name\":\"Loja\",\"item\":\"https:\\\/\\\/aztex.ee\\\/pt-pt\\\/loja\\\/\"},{\"@type\":\"ListItem\",\"position\":3,\"name\":\"Cobertor de Almofada 2 em 1\"}]},{\"@type\":\"WebSite\",\"@id\":\"https:\\\/\\\/aztex.ee\\\/pt-pt\\\/#website\",\"url\":\"https:\\\/\\\/aztex.ee\\\/pt-pt\\\/\",\"name\":\"AZTEX\",\"description\":\"\",\"publisher\":{\"@id\":\"https:\\\/\\\/aztex.ee\\\/pt-pt\\\/#organization\"},\"potentialAction\":[{\"@type\":\"SearchAction\",\"target\":{\"@type\":\"EntryPoint\",\"urlTemplate\":\"https:\\\/\\\/aztex.ee\\\/pt-pt\\\/?s={search_term_string}\"},\"query-input\":{\"@type\":\"PropertyValueSpecification\",\"valueRequired\":true,\"valueName\":\"search_term_string\"}}],\"inLanguage\":\"pt-PT\"},{\"@type\":\"Organization\",\"@id\":\"https:\\\/\\\/aztex.ee\\\/pt-pt\\\/#organization\",\"name\":\"AZTEX\",\"url\":\"https:\\\/\\\/aztex.ee\\\/pt-pt\\\/\",\"logo\":{\"@type\":\"ImageObject\",\"inLanguage\":\"pt-PT\",\"@id\":\"https:\\\/\\\/aztex.ee\\\/pt-pt\\\/#\\\/schema\\\/logo\\\/image\\\/\",\"url\":\"https:\\\/\\\/aztex.ee\\\/wp-content\\\/uploads\\\/2026\\\/01\\\/AZTEX.png\",\"contentUrl\":\"https:\\\/\\\/aztex.ee\\\/wp-content\\\/uploads\\\/2026\\\/01\\\/AZTEX.png\",\"width\":500,\"height\":500,\"caption\":\"AZTEX\"},\"image\":{\"@id\":\"https:\\\/\\\/aztex.ee\\\/pt-pt\\\/#\\\/schema\\\/logo\\\/image\\\/\"},\"sameAs\":[\"https:\\\/\\\/www.facebook.com\\\/AztexEE\",\"https:\\\/\\\/www.instagram.com\\\/aztexeesti\\\/\",\"https:\\\/\\\/www.youtube.com\\\/@AZTEXEE\",\"https:\\\/\\\/www.pinterest.com\\\/aztex_eesti\\\/\",\"https:\\\/\\\/www.tiktok.com\\\/@aztexeesti\",\"https:\\\/\\\/www.trustpilot.com\\\/review\\\/aztex.ee\",\"https:\\\/\\\/www.linkedin.com\\\/company\\\/aztex-ee\\\/\",\"https:\\\/\\\/www.wikidata.org\\\/wiki\\\/Q137560182\"]}]}<\/script>\n<!-- \/ Yoast SEO plugin. -->","yoast_head_json":{"title":"2 em 1 Cobertor e Almofada | AZTEX","description":"A almofada e manta infantil 2 em 1 \u00e9 uma solu\u00e7\u00e3o compacta, de alta qualidade e que poupa espa\u00e7o, ideal para relaxar em casa ou durante as viagens.","robots":{"index":"index","follow":"follow","max-snippet":"max-snippet:-1","max-image-preview":"max-image-preview:large","max-video-preview":"max-video-preview:-1"},"canonical":"https:\/\/aztex.ee\/pt-pt\/pood\/mundo-infantil\/cobertor-de-almofada-2-em-1\/","og_locale":"pt_PT","og_type":"article","og_title":"2 em 1 Cobertor e Almofada | AZTEX","og_description":"A almofada e manta infantil 2 em 1 \u00e9 uma solu\u00e7\u00e3o compacta, de alta qualidade e que poupa espa\u00e7o, ideal para relaxar em casa ou durante as viagens.","og_url":"https:\/\/aztex.ee\/pt-pt\/pood\/mundo-infantil\/cobertor-de-almofada-2-em-1\/","og_site_name":"AZTEX","article_publisher":"https:\/\/www.facebook.com\/AztexEE","article_modified_time":"2026-03-27T14:59:32+00:00","og_image":[{"width":800,"height":800,"url":"https:\/\/aztex.ee\/wp-content\/uploads\/2025\/03\/Padi-ja-tekk-2-in-1.jpg","type":"image\/jpeg"}],"twitter_card":"summary_large_image","twitter_misc":{"Tempo estimado de leitura":"3 minutos"},"schema":{"@context":"https:\/\/schema.org","@graph":[{"@type":["WebPage","ItemPage"],"@id":"https:\/\/aztex.ee\/pt-pt\/pood\/mundo-infantil\/cobertor-de-almofada-2-em-1\/","url":"https:\/\/aztex.ee\/pt-pt\/pood\/mundo-infantil\/cobertor-de-almofada-2-em-1\/","name":"2 em 1 Cobertor e Almofada | AZTEX","isPartOf":{"@id":"https:\/\/aztex.ee\/pt-pt\/#website"},"primaryImageOfPage":{"@id":"https:\/\/aztex.ee\/pt-pt\/pood\/mundo-infantil\/cobertor-de-almofada-2-em-1\/#primaryimage"},"image":{"@id":"https:\/\/aztex.ee\/pt-pt\/pood\/mundo-infantil\/cobertor-de-almofada-2-em-1\/#primaryimage"},"thumbnailUrl":"https:\/\/aztex.ee\/wp-content\/uploads\/2025\/03\/Padi-ja-tekk-2-in-1.jpg","datePublished":"2025-03-20T07:14:30+00:00","dateModified":"2026-03-27T14:59:32+00:00","description":"A almofada e manta infantil 2 em 1 \u00e9 uma solu\u00e7\u00e3o compacta, de alta qualidade e que poupa espa\u00e7o, ideal para relaxar em casa ou durante as viagens.","breadcrumb":{"@id":"https:\/\/aztex.ee\/pt-pt\/pood\/mundo-infantil\/cobertor-de-almofada-2-em-1\/#breadcrumb"},"inLanguage":"pt-PT","potentialAction":[{"@type":"ReadAction","target":["https:\/\/aztex.ee\/pt-pt\/pood\/mundo-infantil\/cobertor-de-almofada-2-em-1\/"]}]},{"@type":"ImageObject","inLanguage":"pt-PT","@id":"https:\/\/aztex.ee\/pt-pt\/pood\/mundo-infantil\/cobertor-de-almofada-2-em-1\/#primaryimage","url":"https:\/\/aztex.ee\/wp-content\/uploads\/2025\/03\/Padi-ja-tekk-2-in-1.jpg","contentUrl":"https:\/\/aztex.ee\/wp-content\/uploads\/2025\/03\/Padi-ja-tekk-2-in-1.jpg","width":800,"height":800,"caption":"Padi ja tekk 2 in 1"},{"@type":"BreadcrumbList","@id":"https:\/\/aztex.ee\/pt-pt\/pood\/mundo-infantil\/cobertor-de-almofada-2-em-1\/#breadcrumb","itemListElement":[{"@type":"ListItem","position":1,"name":"In\u00edcio","item":"https:\/\/aztex.ee\/pt-pt\/"},{"@type":"ListItem","position":2,"name":"Loja","item":"https:\/\/aztex.ee\/pt-pt\/loja\/"},{"@type":"ListItem","position":3,"name":"Cobertor de Almofada 2 em 1"}]},{"@type":"WebSite","@id":"https:\/\/aztex.ee\/pt-pt\/#website","url":"https:\/\/aztex.ee\/pt-pt\/","name":"AZTEX","description":"","publisher":{"@id":"https:\/\/aztex.ee\/pt-pt\/#organization"},"potentialAction":[{"@type":"SearchAction","target":{"@type":"EntryPoint","urlTemplate":"https:\/\/aztex.ee\/pt-pt\/?s={search_term_string}"},"query-input":{"@type":"PropertyValueSpecification","valueRequired":true,"valueName":"search_term_string"}}],"inLanguage":"pt-PT"},{"@type":"Organization","@id":"https:\/\/aztex.ee\/pt-pt\/#organization","name":"AZTEX","url":"https:\/\/aztex.ee\/pt-pt\/","logo":{"@type":"ImageObject","inLanguage":"pt-PT","@id":"https:\/\/aztex.ee\/pt-pt\/#\/schema\/logo\/image\/","url":"https:\/\/aztex.ee\/wp-content\/uploads\/2026\/01\/AZTEX.png","contentUrl":"https:\/\/aztex.ee\/wp-content\/uploads\/2026\/01\/AZTEX.png","width":500,"height":500,"caption":"AZTEX"},"image":{"@id":"https:\/\/aztex.ee\/pt-pt\/#\/schema\/logo\/image\/"},"sameAs":["https:\/\/www.facebook.com\/AztexEE","https:\/\/www.instagram.com\/aztexeesti\/","https:\/\/www.youtube.com\/@AZTEXEE","https:\/\/www.pinterest.com\/aztex_eesti\/","https:\/\/www.tiktok.com\/@aztexeesti","https:\/\/www.trustpilot.com\/review\/aztex.ee","https:\/\/www.linkedin.com\/company\/aztex-ee\/","https:\/\/www.wikidata.org\/wiki\/Q137560182"]}]}},"_links":{"self":[{"href":"https:\/\/aztex.ee\/pt-pt\/wp-json\/wp\/v2\/product\/69252","targetHints":{"allow":["GET"]}}],"collection":[{"href":"https:\/\/aztex.ee\/pt-pt\/wp-json\/wp\/v2\/product"}],"about":[{"href":"https:\/\/aztex.ee\/pt-pt\/wp-json\/wp\/v2\/types\/product"}],"replies":[{"embeddable":true,"href":"https:\/\/aztex.ee\/pt-pt\/wp-json\/wp\/v2\/comments?post=69252"}],"version-history":[{"count":0,"href":"https:\/\/aztex.ee\/pt-pt\/wp-json\/wp\/v2\/product\/69252\/revisions"}],"wp:featuredmedia":[{"embeddable":true,"href":"https:\/\/aztex.ee\/pt-pt\/wp-json\/wp\/v2\/media\/69313"}],"wp:attachment":[{"href":"https:\/\/aztex.ee\/pt-pt\/wp-json\/wp\/v2\/media?parent=69252"}],"wp:term":[{"taxonomy":"product_brand","embeddable":true,"href":"https:\/\/aztex.ee\/pt-pt\/wp-json\/wp\/v2\/product_brand?post=69252"},{"taxonomy":"product_cat","embeddable":true,"href":"https:\/\/aztex.ee\/pt-pt\/wp-json\/wp\/v2\/product_cat?post=69252"},{"taxonomy":"product_tag","embeddable":true,"href":"https:\/\/aztex.ee\/pt-pt\/wp-json\/wp\/v2\/product_tag?post=69252"}],"curies":[{"name":"wp","href":"https:\/\/api.w.org\/{rel}","templated":true}]}}