{"id":68935,"date":"2025-03-19T15:50:35","date_gmt":"2025-03-19T15:50:35","guid":{"rendered":"https:\/\/aztex.ee\/pood\/sem%20categoria\/laste-voodipesukomplekt\/"},"modified":"2026-03-08T15:03:17","modified_gmt":"2026-03-08T15:03:17","slug":"jogo-de-cama-infantil","status":"publish","type":"product","link":"https:\/\/aztex.ee\/pt-pt\/pood\/mundo-infantil\/jogo-de-cama-infantil\/","title":{"rendered":"Jogo de cama infantil"},"content":{"rendered":"<p><strong>Conjunto de cama infantil &#8211; suavidade e alegria em cada sonho<\/strong><\/p>\n<p><strong>100% algod\u00e3o &#8211; naturalmente suave e respir\u00e1vel<\/strong><\/p>\n<p>O sono da crian\u00e7a \u00e9 crucial para o crescimento e descanso. Para garantir uma noite confort\u00e1vel e tranquila, esta roupa de cama \u00e9 feita de 100% algod\u00e3o respir\u00e1vel e macio. O tecido de algod\u00e3o absorve bem a humidade, ajuda o corpo a manter uma temperatura ideal e \u00e9 suave para a pele, mesmo para peles sens\u00edveis. Isto garante um sono agrad\u00e1vel e seguro durante todo o ano. Mant\u00e9m-se fresco no ver\u00e3o e quente no inverno. Al\u00e9m disso, a roupa de cama \u00e9 leve e delicada, proporcionando \u00e0 crian\u00e7a uma sensa\u00e7\u00e3o aconchegante e macia, que a ajuda a relaxar e a adormecer mais rapidamente.<\/p>\n<p><strong>Padr\u00f5es l\u00fadicos para uma sala alegre<\/strong><\/p>\n<p>As crian\u00e7as descobrem o mundo atrav\u00e9s do jogo, das cores e das formas. Este conjunto de cama apresenta padr\u00f5es giros e alegres, tornando o quarto mais aconchegante e convidativo. Existem v\u00e1rios designs por onde escolher para proporcionar a cada crian\u00e7a um local que goste para dormir. Os padr\u00f5es divertidos n\u00e3o s\u00e3o apenas decorativos \u2013 tamb\u00e9m contribuem para o desenvolvimento da imagina\u00e7\u00e3o da crian\u00e7a, transformando a cama n\u00e3o s\u00f3 num local para dormir, mas tamb\u00e9m num ambiente criativo onde a pr\u00f3xima aventura pode come\u00e7ar.<\/p>\n<p><strong>Conforto e praticidade para o uso di\u00e1rio<\/strong><\/p>\n<p>Al\u00e9m da sua bela apar\u00eancia, este conjunto de cama \u00e9 tamb\u00e9m pr\u00e1tico e dur\u00e1vel. Como a roupa de cama para crian\u00e7as necessita de lavagens frequentes, o conjunto \u00e9 feito de material de f\u00e1cil manuten\u00e7\u00e3o &#8211; pode ser lavado na m\u00e1quina, seca rapidamente e mant\u00e9m as suas cores e suavidade mesmo ap\u00f3s lavagens repetidas. O tecido de algod\u00e3o \u00e9 dur\u00e1vel e resistente ao desgaste, por isso permanece bonito durante muito tempo e suporta o uso ativo. O tecido n\u00e3o perde a forma nem fica \u00e1spero na lavagem, mantendo sempre uma agrad\u00e1vel suavidade.<\/p>\n<p><strong>Adequado para o quarto de qualquer crian\u00e7a \u2013 grande variedade de cores e padr\u00f5es<\/strong><\/p>\n<p>O conjunto de cama para crian\u00e7as est\u00e1 dispon\u00edvel em v\u00e1rias cores e padr\u00f5es diferentes para se adequar ao quarto de cada crian\u00e7a. N\u00e3o importa se o quarto \u00e9 minimalista ou cheio de cores vivas, este conjunto acrescenta aconchego e cria uma atmosfera agrad\u00e1vel onde a crian\u00e7a se sente segura e confort\u00e1vel.<\/p>\n<p><strong>Conjunto de cama infantil em algod\u00e3o &#8211; o in\u00edcio dos sonhos a tornarem-se realidade<\/strong><\/p>\n<p>Dormir bem \u00e9 essencial para o bem-estar e desenvolvimento de uma crian\u00e7a. Um conjunto de cama macio, respir\u00e1vel e com um design fofo far\u00e1 da hora de dormir um momento bem-vindo todas as noites e contribuir\u00e1 para um sono tranquilo e reparador.<\/p>\n","protected":false},"excerpt":{"rendered":"<ul>\n<li>Material: 100% Algod\u00e3o<\/li>\n<li>Capa de edred\u00e3o: 120&#215;150 cm<\/li>\n<li>Capa de colch\u00e3o: 60&#215;135 cm<\/li>\n<li>Fronha de almofada: 30&#215;50 cm<\/li>\n<\/ul>\n","protected":false},"featured_media":68020,"comment_status":"open","ping_status":"closed","template":"","meta":[],"product_brand":[],"product_cat":[2222,2265],"product_tag":[],"class_list":{"0":"post-68935","1":"product","2":"type-product","3":"status-publish","4":"has-post-thumbnail","6":"product_cat-mundo-infantil","7":"product_cat-roupa-de-cama-de-crianca","9":"first","10":"instock","11":"shipping-taxable","12":"purchasable","13":"product-type-variable"},"yoast_head":"<!-- This site is optimized with the Yoast SEO plugin v27.3 - https:\/\/yoast.com\/product\/yoast-seo-wordpress\/ -->\n<title>Jogo de cama infantil | AZTEX<\/title>\n<meta name=\"description\" content=\"Este conjunto de cama infantil em algod\u00e3o \u00e9 macio, respir\u00e1vel e suave para a pele. Padr\u00f5es fofos, f\u00e1cil cuidado e qualidade dur\u00e1vel garantem um sono\" \/>\n<meta name=\"robots\" content=\"index, follow, max-snippet:-1, max-image-preview:large, max-video-preview:-1\" \/>\n<link rel=\"canonical\" href=\"https:\/\/aztex.ee\/pt-pt\/pood\/mundo-infantil\/jogo-de-cama-infantil\/\" \/>\n<meta property=\"og:locale\" content=\"pt_PT\" \/>\n<meta property=\"og:type\" content=\"article\" \/>\n<meta property=\"og:title\" content=\"Jogo de cama infantil | AZTEX\" \/>\n<meta property=\"og:description\" content=\"Este conjunto de cama infantil em algod\u00e3o \u00e9 macio, respir\u00e1vel e suave para a pele. Padr\u00f5es fofos, f\u00e1cil cuidado e qualidade dur\u00e1vel garantem um sono\" \/>\n<meta property=\"og:url\" content=\"https:\/\/aztex.ee\/pt-pt\/pood\/mundo-infantil\/jogo-de-cama-infantil\/\" \/>\n<meta property=\"og:site_name\" content=\"AZTEX\" \/>\n<meta property=\"article:publisher\" content=\"https:\/\/www.facebook.com\/AztexEE\" \/>\n<meta property=\"article:modified_time\" content=\"2026-03-08T15:03:17+00:00\" \/>\n<meta property=\"og:image\" content=\"https:\/\/aztex.ee\/wp-content\/uploads\/2025\/03\/Laste-voodipesukomplekt-Kosmos-1.jpg\" \/>\n\t<meta property=\"og:image:width\" content=\"800\" \/>\n\t<meta property=\"og:image:height\" content=\"800\" \/>\n\t<meta property=\"og:image:type\" content=\"image\/jpeg\" \/>\n<meta name=\"twitter:card\" content=\"summary_large_image\" \/>\n<meta name=\"twitter:label1\" content=\"Tempo estimado de leitura\" \/>\n\t<meta name=\"twitter:data1\" content=\"3 minutos\" \/>\n<script type=\"application\/ld+json\" class=\"yoast-schema-graph\">{\"@context\":\"https:\\\/\\\/schema.org\",\"@graph\":[{\"@type\":[\"WebPage\",\"ItemPage\"],\"@id\":\"https:\\\/\\\/aztex.ee\\\/pt-pt\\\/pood\\\/mundo-infantil\\\/jogo-de-cama-infantil\\\/\",\"url\":\"https:\\\/\\\/aztex.ee\\\/pt-pt\\\/pood\\\/mundo-infantil\\\/jogo-de-cama-infantil\\\/\",\"name\":\"Jogo de cama infantil | AZTEX\",\"isPartOf\":{\"@id\":\"https:\\\/\\\/aztex.ee\\\/pt-pt\\\/#website\"},\"primaryImageOfPage\":{\"@id\":\"https:\\\/\\\/aztex.ee\\\/pt-pt\\\/pood\\\/mundo-infantil\\\/jogo-de-cama-infantil\\\/#primaryimage\"},\"image\":{\"@id\":\"https:\\\/\\\/aztex.ee\\\/pt-pt\\\/pood\\\/mundo-infantil\\\/jogo-de-cama-infantil\\\/#primaryimage\"},\"thumbnailUrl\":\"https:\\\/\\\/aztex.ee\\\/wp-content\\\/uploads\\\/2025\\\/03\\\/Laste-voodipesukomplekt-Kosmos-1.jpg\",\"datePublished\":\"2025-03-19T15:50:35+00:00\",\"dateModified\":\"2026-03-08T15:03:17+00:00\",\"description\":\"Este conjunto de cama infantil em algod\u00e3o \u00e9 macio, respir\u00e1vel e suave para a pele. Padr\u00f5es fofos, f\u00e1cil cuidado e qualidade dur\u00e1vel garantem um sono\",\"breadcrumb\":{\"@id\":\"https:\\\/\\\/aztex.ee\\\/pt-pt\\\/pood\\\/mundo-infantil\\\/jogo-de-cama-infantil\\\/#breadcrumb\"},\"inLanguage\":\"pt-PT\",\"potentialAction\":[{\"@type\":\"ReadAction\",\"target\":[\"https:\\\/\\\/aztex.ee\\\/pt-pt\\\/pood\\\/mundo-infantil\\\/jogo-de-cama-infantil\\\/\"]}]},{\"@type\":\"ImageObject\",\"inLanguage\":\"pt-PT\",\"@id\":\"https:\\\/\\\/aztex.ee\\\/pt-pt\\\/pood\\\/mundo-infantil\\\/jogo-de-cama-infantil\\\/#primaryimage\",\"url\":\"https:\\\/\\\/aztex.ee\\\/wp-content\\\/uploads\\\/2025\\\/03\\\/Laste-voodipesukomplekt-Kosmos-1.jpg\",\"contentUrl\":\"https:\\\/\\\/aztex.ee\\\/wp-content\\\/uploads\\\/2025\\\/03\\\/Laste-voodipesukomplekt-Kosmos-1.jpg\",\"width\":800,\"height\":800,\"caption\":\"Laste voodipesukomplekt\"},{\"@type\":\"BreadcrumbList\",\"@id\":\"https:\\\/\\\/aztex.ee\\\/pt-pt\\\/pood\\\/mundo-infantil\\\/jogo-de-cama-infantil\\\/#breadcrumb\",\"itemListElement\":[{\"@type\":\"ListItem\",\"position\":1,\"name\":\"In\u00edcio\",\"item\":\"https:\\\/\\\/aztex.ee\\\/pt-pt\\\/\"},{\"@type\":\"ListItem\",\"position\":2,\"name\":\"Loja\",\"item\":\"https:\\\/\\\/aztex.ee\\\/pt-pt\\\/loja\\\/\"},{\"@type\":\"ListItem\",\"position\":3,\"name\":\"Jogo de cama infantil\"}]},{\"@type\":\"WebSite\",\"@id\":\"https:\\\/\\\/aztex.ee\\\/pt-pt\\\/#website\",\"url\":\"https:\\\/\\\/aztex.ee\\\/pt-pt\\\/\",\"name\":\"AZTEX\",\"description\":\"\",\"publisher\":{\"@id\":\"https:\\\/\\\/aztex.ee\\\/pt-pt\\\/#organization\"},\"potentialAction\":[{\"@type\":\"SearchAction\",\"target\":{\"@type\":\"EntryPoint\",\"urlTemplate\":\"https:\\\/\\\/aztex.ee\\\/pt-pt\\\/?s={search_term_string}\"},\"query-input\":{\"@type\":\"PropertyValueSpecification\",\"valueRequired\":true,\"valueName\":\"search_term_string\"}}],\"inLanguage\":\"pt-PT\"},{\"@type\":\"Organization\",\"@id\":\"https:\\\/\\\/aztex.ee\\\/pt-pt\\\/#organization\",\"name\":\"AZTEX\",\"url\":\"https:\\\/\\\/aztex.ee\\\/pt-pt\\\/\",\"logo\":{\"@type\":\"ImageObject\",\"inLanguage\":\"pt-PT\",\"@id\":\"https:\\\/\\\/aztex.ee\\\/pt-pt\\\/#\\\/schema\\\/logo\\\/image\\\/\",\"url\":\"https:\\\/\\\/aztex.ee\\\/wp-content\\\/uploads\\\/2026\\\/01\\\/AZTEX.png\",\"contentUrl\":\"https:\\\/\\\/aztex.ee\\\/wp-content\\\/uploads\\\/2026\\\/01\\\/AZTEX.png\",\"width\":500,\"height\":500,\"caption\":\"AZTEX\"},\"image\":{\"@id\":\"https:\\\/\\\/aztex.ee\\\/pt-pt\\\/#\\\/schema\\\/logo\\\/image\\\/\"},\"sameAs\":[\"https:\\\/\\\/www.facebook.com\\\/AztexEE\",\"https:\\\/\\\/www.instagram.com\\\/aztexeesti\\\/\",\"https:\\\/\\\/www.youtube.com\\\/@AZTEXEE\",\"https:\\\/\\\/www.pinterest.com\\\/aztex_eesti\\\/\",\"https:\\\/\\\/www.tiktok.com\\\/@aztexeesti\",\"https:\\\/\\\/www.trustpilot.com\\\/review\\\/aztex.ee\",\"https:\\\/\\\/www.linkedin.com\\\/company\\\/aztex-ee\\\/\",\"https:\\\/\\\/www.wikidata.org\\\/wiki\\\/Q137560182\"]}]}<\/script>\n<!-- \/ Yoast SEO plugin. -->","yoast_head_json":{"title":"Jogo de cama infantil | AZTEX","description":"Este conjunto de cama infantil em algod\u00e3o \u00e9 macio, respir\u00e1vel e suave para a pele. Padr\u00f5es fofos, f\u00e1cil cuidado e qualidade dur\u00e1vel garantem um sono","robots":{"index":"index","follow":"follow","max-snippet":"max-snippet:-1","max-image-preview":"max-image-preview:large","max-video-preview":"max-video-preview:-1"},"canonical":"https:\/\/aztex.ee\/pt-pt\/pood\/mundo-infantil\/jogo-de-cama-infantil\/","og_locale":"pt_PT","og_type":"article","og_title":"Jogo de cama infantil | AZTEX","og_description":"Este conjunto de cama infantil em algod\u00e3o \u00e9 macio, respir\u00e1vel e suave para a pele. Padr\u00f5es fofos, f\u00e1cil cuidado e qualidade dur\u00e1vel garantem um sono","og_url":"https:\/\/aztex.ee\/pt-pt\/pood\/mundo-infantil\/jogo-de-cama-infantil\/","og_site_name":"AZTEX","article_publisher":"https:\/\/www.facebook.com\/AztexEE","article_modified_time":"2026-03-08T15:03:17+00:00","og_image":[{"width":800,"height":800,"url":"https:\/\/aztex.ee\/wp-content\/uploads\/2025\/03\/Laste-voodipesukomplekt-Kosmos-1.jpg","type":"image\/jpeg"}],"twitter_card":"summary_large_image","twitter_misc":{"Tempo estimado de leitura":"3 minutos"},"schema":{"@context":"https:\/\/schema.org","@graph":[{"@type":["WebPage","ItemPage"],"@id":"https:\/\/aztex.ee\/pt-pt\/pood\/mundo-infantil\/jogo-de-cama-infantil\/","url":"https:\/\/aztex.ee\/pt-pt\/pood\/mundo-infantil\/jogo-de-cama-infantil\/","name":"Jogo de cama infantil | AZTEX","isPartOf":{"@id":"https:\/\/aztex.ee\/pt-pt\/#website"},"primaryImageOfPage":{"@id":"https:\/\/aztex.ee\/pt-pt\/pood\/mundo-infantil\/jogo-de-cama-infantil\/#primaryimage"},"image":{"@id":"https:\/\/aztex.ee\/pt-pt\/pood\/mundo-infantil\/jogo-de-cama-infantil\/#primaryimage"},"thumbnailUrl":"https:\/\/aztex.ee\/wp-content\/uploads\/2025\/03\/Laste-voodipesukomplekt-Kosmos-1.jpg","datePublished":"2025-03-19T15:50:35+00:00","dateModified":"2026-03-08T15:03:17+00:00","description":"Este conjunto de cama infantil em algod\u00e3o \u00e9 macio, respir\u00e1vel e suave para a pele. Padr\u00f5es fofos, f\u00e1cil cuidado e qualidade dur\u00e1vel garantem um sono","breadcrumb":{"@id":"https:\/\/aztex.ee\/pt-pt\/pood\/mundo-infantil\/jogo-de-cama-infantil\/#breadcrumb"},"inLanguage":"pt-PT","potentialAction":[{"@type":"ReadAction","target":["https:\/\/aztex.ee\/pt-pt\/pood\/mundo-infantil\/jogo-de-cama-infantil\/"]}]},{"@type":"ImageObject","inLanguage":"pt-PT","@id":"https:\/\/aztex.ee\/pt-pt\/pood\/mundo-infantil\/jogo-de-cama-infantil\/#primaryimage","url":"https:\/\/aztex.ee\/wp-content\/uploads\/2025\/03\/Laste-voodipesukomplekt-Kosmos-1.jpg","contentUrl":"https:\/\/aztex.ee\/wp-content\/uploads\/2025\/03\/Laste-voodipesukomplekt-Kosmos-1.jpg","width":800,"height":800,"caption":"Laste voodipesukomplekt"},{"@type":"BreadcrumbList","@id":"https:\/\/aztex.ee\/pt-pt\/pood\/mundo-infantil\/jogo-de-cama-infantil\/#breadcrumb","itemListElement":[{"@type":"ListItem","position":1,"name":"In\u00edcio","item":"https:\/\/aztex.ee\/pt-pt\/"},{"@type":"ListItem","position":2,"name":"Loja","item":"https:\/\/aztex.ee\/pt-pt\/loja\/"},{"@type":"ListItem","position":3,"name":"Jogo de cama infantil"}]},{"@type":"WebSite","@id":"https:\/\/aztex.ee\/pt-pt\/#website","url":"https:\/\/aztex.ee\/pt-pt\/","name":"AZTEX","description":"","publisher":{"@id":"https:\/\/aztex.ee\/pt-pt\/#organization"},"potentialAction":[{"@type":"SearchAction","target":{"@type":"EntryPoint","urlTemplate":"https:\/\/aztex.ee\/pt-pt\/?s={search_term_string}"},"query-input":{"@type":"PropertyValueSpecification","valueRequired":true,"valueName":"search_term_string"}}],"inLanguage":"pt-PT"},{"@type":"Organization","@id":"https:\/\/aztex.ee\/pt-pt\/#organization","name":"AZTEX","url":"https:\/\/aztex.ee\/pt-pt\/","logo":{"@type":"ImageObject","inLanguage":"pt-PT","@id":"https:\/\/aztex.ee\/pt-pt\/#\/schema\/logo\/image\/","url":"https:\/\/aztex.ee\/wp-content\/uploads\/2026\/01\/AZTEX.png","contentUrl":"https:\/\/aztex.ee\/wp-content\/uploads\/2026\/01\/AZTEX.png","width":500,"height":500,"caption":"AZTEX"},"image":{"@id":"https:\/\/aztex.ee\/pt-pt\/#\/schema\/logo\/image\/"},"sameAs":["https:\/\/www.facebook.com\/AztexEE","https:\/\/www.instagram.com\/aztexeesti\/","https:\/\/www.youtube.com\/@AZTEXEE","https:\/\/www.pinterest.com\/aztex_eesti\/","https:\/\/www.tiktok.com\/@aztexeesti","https:\/\/www.trustpilot.com\/review\/aztex.ee","https:\/\/www.linkedin.com\/company\/aztex-ee\/","https:\/\/www.wikidata.org\/wiki\/Q137560182"]}]}},"_links":{"self":[{"href":"https:\/\/aztex.ee\/pt-pt\/wp-json\/wp\/v2\/product\/68935","targetHints":{"allow":["GET"]}}],"collection":[{"href":"https:\/\/aztex.ee\/pt-pt\/wp-json\/wp\/v2\/product"}],"about":[{"href":"https:\/\/aztex.ee\/pt-pt\/wp-json\/wp\/v2\/types\/product"}],"replies":[{"embeddable":true,"href":"https:\/\/aztex.ee\/pt-pt\/wp-json\/wp\/v2\/comments?post=68935"}],"version-history":[{"count":0,"href":"https:\/\/aztex.ee\/pt-pt\/wp-json\/wp\/v2\/product\/68935\/revisions"}],"wp:featuredmedia":[{"embeddable":true,"href":"https:\/\/aztex.ee\/pt-pt\/wp-json\/wp\/v2\/media\/68020"}],"wp:attachment":[{"href":"https:\/\/aztex.ee\/pt-pt\/wp-json\/wp\/v2\/media?parent=68935"}],"wp:term":[{"taxonomy":"product_brand","embeddable":true,"href":"https:\/\/aztex.ee\/pt-pt\/wp-json\/wp\/v2\/product_brand?post=68935"},{"taxonomy":"product_cat","embeddable":true,"href":"https:\/\/aztex.ee\/pt-pt\/wp-json\/wp\/v2\/product_cat?post=68935"},{"taxonomy":"product_tag","embeddable":true,"href":"https:\/\/aztex.ee\/pt-pt\/wp-json\/wp\/v2\/product_tag?post=68935"}],"curies":[{"name":"wp","href":"https:\/\/api.w.org\/{rel}","templated":true}]}}