{"id":66724,"date":"2025-03-14T22:39:46","date_gmt":"2025-03-14T22:39:46","guid":{"rendered":"https:\/\/aztex.ee\/?post_type=product&#038;p=66724"},"modified":"2026-04-13T17:42:01","modified_gmt":"2026-04-13T17:42:01","slug":"cobertor-raschel-150x200-cm","status":"publish","type":"product","link":"https:\/\/aztex.ee\/pt-pt\/pood\/cobertores-e-mantas\/cobertor-raschel-150x200-cm\/","title":{"rendered":"Cobertor Raschel 150&#215;200 cm | 2 kg"},"content":{"rendered":"<p><strong>Cobertor Raschel elegante e macio &#8211; conforto luxuoso para cada momento<\/strong><\/p>\n<p>Descubra o equil\u00edbrio perfeito entre o estilo refinado e o conforto supremo. Este cobertor Raschel de 150&#215;200 cm envolve-o numa suavidade aconchegante e acrescenta uma eleg\u00e2ncia intemporal \u00e0 sua casa. A sua textura rica e toque delicado criam uma sensa\u00e7\u00e3o agrad\u00e1vel que torna cada momento numa experi\u00eancia prazerosa.<\/p>\n<p><strong>Luxuosamente macio e aconchegante<\/strong><\/p>\n<p>O material excecionalmente macio do cobertor Raschel mima a pele e convida-o a desfrutar do calor e do toque delicado. A sua estrutura leve, mas ricamente fofa, cria a impress\u00e3o de estar envolto numa nuvem luxuosa. Seja para desfrutar do seu pequeno-almo\u00e7o, relaxar no sof\u00e1 \u00e0 noite ou precisar de aquecimento extra numa noite fria, este cobertor tornar\u00e1 cada momento ainda mais confort\u00e1vel.<\/p>\n<p><strong>Uma adi\u00e7\u00e3o elegante para qualquer casa<\/strong><\/p>\n<p>Para al\u00e9m do seu conforto excecional, este cobertor \u00e9 tamb\u00e9m um belo elemento de design de interiores. O seu design elegante e os detalhes cuidadosamente elaborados acrescentam suavidade e aconchego ao ambiente. Perfeito para interiores modernos e cl\u00e1ssicos, tornando o seu sof\u00e1 ou cama ainda mais convidativos. Atraente e luxuoso, este cobertor ir\u00e1 melhorar a atmosfera de qualquer divis\u00e3o e dar-lhe estilo.<\/p>\n<p><strong>Um verdadeiro prazer para cada momento<\/strong><\/p>\n<p>O cobertor Raschel foi pensado para oferecer momentos de conforto, aconchego e relaxamento. Envolva-se na sua suavidade, esque\u00e7a a agita\u00e7\u00e3o do dia-a-dia e desfrute de uma completa paz e bem-estar. O presente perfeito para si ou para quem mais gosta &#8211; um cl\u00e1ssico intemporal que traz um pouco de luxo e uma atmosfera acolhedora \u00e0 vida quotidiana.<\/p>\n","protected":false},"excerpt":{"rendered":"<ul>\n<li>Material: Poli\u00e9ster<\/li>\n<li>Tamanho: 150&#215;200 cm \u00b13<\/li>\n<li>Peso: 2 kg<\/li>\n<\/ul>\n","protected":false},"featured_media":66936,"comment_status":"open","ping_status":"closed","template":"","meta":[],"product_brand":[],"product_cat":[1875,3050,3070],"product_tag":[],"class_list":{"0":"post-66724","1":"product","2":"type-product","3":"status-publish","4":"has-post-thumbnail","6":"product_cat-cobertores-e-mantas","7":"product_cat-cobertores-raschel","8":"product_cat-cobertores-raschel-150x200-cm","10":"first","11":"instock","12":"shipping-taxable","13":"purchasable","14":"product-type-variable"},"yoast_head":"<!-- This site is optimized with the Yoast SEO plugin v27.4 - https:\/\/yoast.com\/product\/yoast-seo-wordpress\/ -->\n<title>Cobertor macio e quente 150x200 cm | AZTEX<\/title>\n<meta name=\"description\" content=\"O luxuoso e macio cobertor Raschel traz eleg\u00e2ncia, aconchego e conforto a qualquer casa. A textura suave e o estilo intemporal complementam qualquer espa\u00e7o\" \/>\n<meta name=\"robots\" content=\"index, follow, max-snippet:-1, max-image-preview:large, max-video-preview:-1\" \/>\n<link rel=\"canonical\" href=\"https:\/\/aztex.ee\/pt-pt\/pood\/cobertores-e-mantas\/cobertor-raschel-150x200-cm\/\" \/>\n<meta property=\"og:locale\" content=\"pt_PT\" \/>\n<meta property=\"og:type\" content=\"article\" \/>\n<meta property=\"og:title\" content=\"Cobertor macio e quente 150x200 cm | AZTEX\" \/>\n<meta property=\"og:description\" content=\"O luxuoso e macio cobertor Raschel traz eleg\u00e2ncia, aconchego e conforto a qualquer casa. A textura suave e o estilo intemporal complementam qualquer espa\u00e7o\" \/>\n<meta property=\"og:url\" content=\"https:\/\/aztex.ee\/pt-pt\/pood\/cobertores-e-mantas\/cobertor-raschel-150x200-cm\/\" \/>\n<meta property=\"og:site_name\" content=\"AZTEX\" \/>\n<meta property=\"article:publisher\" content=\"https:\/\/www.facebook.com\/AztexEE\" \/>\n<meta property=\"article:modified_time\" content=\"2026-04-13T17:42:01+00:00\" \/>\n<meta property=\"og:image\" content=\"https:\/\/aztex.ee\/wp-content\/uploads\/2025\/03\/Raschel-tekk-150x200-cm.jpg\" \/>\n\t<meta property=\"og:image:width\" content=\"800\" \/>\n\t<meta property=\"og:image:height\" content=\"800\" \/>\n\t<meta property=\"og:image:type\" content=\"image\/jpeg\" \/>\n<meta name=\"twitter:card\" content=\"summary_large_image\" \/>\n<meta name=\"twitter:label1\" content=\"Tempo estimado de leitura\" \/>\n\t<meta name=\"twitter:data1\" content=\"2 minutos\" \/>\n<script type=\"application\/ld+json\" class=\"yoast-schema-graph\">{\"@context\":\"https:\\\/\\\/schema.org\",\"@graph\":[{\"@type\":[\"WebPage\",\"ItemPage\"],\"@id\":\"https:\\\/\\\/aztex.ee\\\/pt-pt\\\/pood\\\/cobertores-e-mantas\\\/cobertor-raschel-150x200-cm\\\/\",\"url\":\"https:\\\/\\\/aztex.ee\\\/pt-pt\\\/pood\\\/cobertores-e-mantas\\\/cobertor-raschel-150x200-cm\\\/\",\"name\":\"Cobertor macio e quente 150x200 cm | AZTEX\",\"isPartOf\":{\"@id\":\"https:\\\/\\\/aztex.ee\\\/pt-pt\\\/#website\"},\"primaryImageOfPage\":{\"@id\":\"https:\\\/\\\/aztex.ee\\\/pt-pt\\\/pood\\\/cobertores-e-mantas\\\/cobertor-raschel-150x200-cm\\\/#primaryimage\"},\"image\":{\"@id\":\"https:\\\/\\\/aztex.ee\\\/pt-pt\\\/pood\\\/cobertores-e-mantas\\\/cobertor-raschel-150x200-cm\\\/#primaryimage\"},\"thumbnailUrl\":\"https:\\\/\\\/aztex.ee\\\/wp-content\\\/uploads\\\/2025\\\/03\\\/Raschel-tekk-150x200-cm.jpg\",\"datePublished\":\"2025-03-14T22:39:46+00:00\",\"dateModified\":\"2026-04-13T17:42:01+00:00\",\"description\":\"O luxuoso e macio cobertor Raschel traz eleg\u00e2ncia, aconchego e conforto a qualquer casa. A textura suave e o estilo intemporal complementam qualquer espa\u00e7o\",\"breadcrumb\":{\"@id\":\"https:\\\/\\\/aztex.ee\\\/pt-pt\\\/pood\\\/cobertores-e-mantas\\\/cobertor-raschel-150x200-cm\\\/#breadcrumb\"},\"inLanguage\":\"pt-PT\",\"potentialAction\":[{\"@type\":\"ReadAction\",\"target\":[\"https:\\\/\\\/aztex.ee\\\/pt-pt\\\/pood\\\/cobertores-e-mantas\\\/cobertor-raschel-150x200-cm\\\/\"]}]},{\"@type\":\"ImageObject\",\"inLanguage\":\"pt-PT\",\"@id\":\"https:\\\/\\\/aztex.ee\\\/pt-pt\\\/pood\\\/cobertores-e-mantas\\\/cobertor-raschel-150x200-cm\\\/#primaryimage\",\"url\":\"https:\\\/\\\/aztex.ee\\\/wp-content\\\/uploads\\\/2025\\\/03\\\/Raschel-tekk-150x200-cm.jpg\",\"contentUrl\":\"https:\\\/\\\/aztex.ee\\\/wp-content\\\/uploads\\\/2025\\\/03\\\/Raschel-tekk-150x200-cm.jpg\",\"width\":800,\"height\":800,\"caption\":\"Raschel tekk 150x200 cm\"},{\"@type\":\"BreadcrumbList\",\"@id\":\"https:\\\/\\\/aztex.ee\\\/pt-pt\\\/pood\\\/cobertores-e-mantas\\\/cobertor-raschel-150x200-cm\\\/#breadcrumb\",\"itemListElement\":[{\"@type\":\"ListItem\",\"position\":1,\"name\":\"In\u00edcio\",\"item\":\"https:\\\/\\\/aztex.ee\\\/pt-pt\\\/\"},{\"@type\":\"ListItem\",\"position\":2,\"name\":\"Loja\",\"item\":\"https:\\\/\\\/aztex.ee\\\/pt-pt\\\/loja\\\/\"},{\"@type\":\"ListItem\",\"position\":3,\"name\":\"Cobertor Raschel 150&#215;200 cm | 2 kg\"}]},{\"@type\":\"WebSite\",\"@id\":\"https:\\\/\\\/aztex.ee\\\/pt-pt\\\/#website\",\"url\":\"https:\\\/\\\/aztex.ee\\\/pt-pt\\\/\",\"name\":\"AZTEX\",\"description\":\"\",\"publisher\":{\"@id\":\"https:\\\/\\\/aztex.ee\\\/pt-pt\\\/#organization\"},\"potentialAction\":[{\"@type\":\"SearchAction\",\"target\":{\"@type\":\"EntryPoint\",\"urlTemplate\":\"https:\\\/\\\/aztex.ee\\\/pt-pt\\\/?s={search_term_string}\"},\"query-input\":{\"@type\":\"PropertyValueSpecification\",\"valueRequired\":true,\"valueName\":\"search_term_string\"}}],\"inLanguage\":\"pt-PT\"},{\"@type\":\"Organization\",\"@id\":\"https:\\\/\\\/aztex.ee\\\/pt-pt\\\/#organization\",\"name\":\"AZTEX\",\"url\":\"https:\\\/\\\/aztex.ee\\\/pt-pt\\\/\",\"logo\":{\"@type\":\"ImageObject\",\"inLanguage\":\"pt-PT\",\"@id\":\"https:\\\/\\\/aztex.ee\\\/pt-pt\\\/#\\\/schema\\\/logo\\\/image\\\/\",\"url\":\"https:\\\/\\\/aztex.ee\\\/wp-content\\\/uploads\\\/2026\\\/01\\\/AZTEX.png\",\"contentUrl\":\"https:\\\/\\\/aztex.ee\\\/wp-content\\\/uploads\\\/2026\\\/01\\\/AZTEX.png\",\"width\":500,\"height\":500,\"caption\":\"AZTEX\"},\"image\":{\"@id\":\"https:\\\/\\\/aztex.ee\\\/pt-pt\\\/#\\\/schema\\\/logo\\\/image\\\/\"},\"sameAs\":[\"https:\\\/\\\/www.facebook.com\\\/AztexEE\",\"https:\\\/\\\/www.instagram.com\\\/aztexeesti\\\/\",\"https:\\\/\\\/www.youtube.com\\\/@AZTEXEE\",\"https:\\\/\\\/www.pinterest.com\\\/aztex_eesti\\\/\",\"https:\\\/\\\/www.tiktok.com\\\/@aztexeesti\",\"https:\\\/\\\/www.trustpilot.com\\\/review\\\/aztex.ee\",\"https:\\\/\\\/www.linkedin.com\\\/company\\\/aztex-ee\\\/\",\"https:\\\/\\\/www.wikidata.org\\\/wiki\\\/Q137560182\"]}]}<\/script>\n<!-- \/ Yoast SEO plugin. -->","yoast_head_json":{"title":"Cobertor macio e quente 150x200 cm | AZTEX","description":"O luxuoso e macio cobertor Raschel traz eleg\u00e2ncia, aconchego e conforto a qualquer casa. A textura suave e o estilo intemporal complementam qualquer espa\u00e7o","robots":{"index":"index","follow":"follow","max-snippet":"max-snippet:-1","max-image-preview":"max-image-preview:large","max-video-preview":"max-video-preview:-1"},"canonical":"https:\/\/aztex.ee\/pt-pt\/pood\/cobertores-e-mantas\/cobertor-raschel-150x200-cm\/","og_locale":"pt_PT","og_type":"article","og_title":"Cobertor macio e quente 150x200 cm | AZTEX","og_description":"O luxuoso e macio cobertor Raschel traz eleg\u00e2ncia, aconchego e conforto a qualquer casa. A textura suave e o estilo intemporal complementam qualquer espa\u00e7o","og_url":"https:\/\/aztex.ee\/pt-pt\/pood\/cobertores-e-mantas\/cobertor-raschel-150x200-cm\/","og_site_name":"AZTEX","article_publisher":"https:\/\/www.facebook.com\/AztexEE","article_modified_time":"2026-04-13T17:42:01+00:00","og_image":[{"width":800,"height":800,"url":"https:\/\/aztex.ee\/wp-content\/uploads\/2025\/03\/Raschel-tekk-150x200-cm.jpg","type":"image\/jpeg"}],"twitter_card":"summary_large_image","twitter_misc":{"Tempo estimado de leitura":"2 minutos"},"schema":{"@context":"https:\/\/schema.org","@graph":[{"@type":["WebPage","ItemPage"],"@id":"https:\/\/aztex.ee\/pt-pt\/pood\/cobertores-e-mantas\/cobertor-raschel-150x200-cm\/","url":"https:\/\/aztex.ee\/pt-pt\/pood\/cobertores-e-mantas\/cobertor-raschel-150x200-cm\/","name":"Cobertor macio e quente 150x200 cm | AZTEX","isPartOf":{"@id":"https:\/\/aztex.ee\/pt-pt\/#website"},"primaryImageOfPage":{"@id":"https:\/\/aztex.ee\/pt-pt\/pood\/cobertores-e-mantas\/cobertor-raschel-150x200-cm\/#primaryimage"},"image":{"@id":"https:\/\/aztex.ee\/pt-pt\/pood\/cobertores-e-mantas\/cobertor-raschel-150x200-cm\/#primaryimage"},"thumbnailUrl":"https:\/\/aztex.ee\/wp-content\/uploads\/2025\/03\/Raschel-tekk-150x200-cm.jpg","datePublished":"2025-03-14T22:39:46+00:00","dateModified":"2026-04-13T17:42:01+00:00","description":"O luxuoso e macio cobertor Raschel traz eleg\u00e2ncia, aconchego e conforto a qualquer casa. A textura suave e o estilo intemporal complementam qualquer espa\u00e7o","breadcrumb":{"@id":"https:\/\/aztex.ee\/pt-pt\/pood\/cobertores-e-mantas\/cobertor-raschel-150x200-cm\/#breadcrumb"},"inLanguage":"pt-PT","potentialAction":[{"@type":"ReadAction","target":["https:\/\/aztex.ee\/pt-pt\/pood\/cobertores-e-mantas\/cobertor-raschel-150x200-cm\/"]}]},{"@type":"ImageObject","inLanguage":"pt-PT","@id":"https:\/\/aztex.ee\/pt-pt\/pood\/cobertores-e-mantas\/cobertor-raschel-150x200-cm\/#primaryimage","url":"https:\/\/aztex.ee\/wp-content\/uploads\/2025\/03\/Raschel-tekk-150x200-cm.jpg","contentUrl":"https:\/\/aztex.ee\/wp-content\/uploads\/2025\/03\/Raschel-tekk-150x200-cm.jpg","width":800,"height":800,"caption":"Raschel tekk 150x200 cm"},{"@type":"BreadcrumbList","@id":"https:\/\/aztex.ee\/pt-pt\/pood\/cobertores-e-mantas\/cobertor-raschel-150x200-cm\/#breadcrumb","itemListElement":[{"@type":"ListItem","position":1,"name":"In\u00edcio","item":"https:\/\/aztex.ee\/pt-pt\/"},{"@type":"ListItem","position":2,"name":"Loja","item":"https:\/\/aztex.ee\/pt-pt\/loja\/"},{"@type":"ListItem","position":3,"name":"Cobertor Raschel 150&#215;200 cm | 2 kg"}]},{"@type":"WebSite","@id":"https:\/\/aztex.ee\/pt-pt\/#website","url":"https:\/\/aztex.ee\/pt-pt\/","name":"AZTEX","description":"","publisher":{"@id":"https:\/\/aztex.ee\/pt-pt\/#organization"},"potentialAction":[{"@type":"SearchAction","target":{"@type":"EntryPoint","urlTemplate":"https:\/\/aztex.ee\/pt-pt\/?s={search_term_string}"},"query-input":{"@type":"PropertyValueSpecification","valueRequired":true,"valueName":"search_term_string"}}],"inLanguage":"pt-PT"},{"@type":"Organization","@id":"https:\/\/aztex.ee\/pt-pt\/#organization","name":"AZTEX","url":"https:\/\/aztex.ee\/pt-pt\/","logo":{"@type":"ImageObject","inLanguage":"pt-PT","@id":"https:\/\/aztex.ee\/pt-pt\/#\/schema\/logo\/image\/","url":"https:\/\/aztex.ee\/wp-content\/uploads\/2026\/01\/AZTEX.png","contentUrl":"https:\/\/aztex.ee\/wp-content\/uploads\/2026\/01\/AZTEX.png","width":500,"height":500,"caption":"AZTEX"},"image":{"@id":"https:\/\/aztex.ee\/pt-pt\/#\/schema\/logo\/image\/"},"sameAs":["https:\/\/www.facebook.com\/AztexEE","https:\/\/www.instagram.com\/aztexeesti\/","https:\/\/www.youtube.com\/@AZTEXEE","https:\/\/www.pinterest.com\/aztex_eesti\/","https:\/\/www.tiktok.com\/@aztexeesti","https:\/\/www.trustpilot.com\/review\/aztex.ee","https:\/\/www.linkedin.com\/company\/aztex-ee\/","https:\/\/www.wikidata.org\/wiki\/Q137560182"]}]}},"_links":{"self":[{"href":"https:\/\/aztex.ee\/pt-pt\/wp-json\/wp\/v2\/product\/66724","targetHints":{"allow":["GET"]}}],"collection":[{"href":"https:\/\/aztex.ee\/pt-pt\/wp-json\/wp\/v2\/product"}],"about":[{"href":"https:\/\/aztex.ee\/pt-pt\/wp-json\/wp\/v2\/types\/product"}],"replies":[{"embeddable":true,"href":"https:\/\/aztex.ee\/pt-pt\/wp-json\/wp\/v2\/comments?post=66724"}],"version-history":[{"count":0,"href":"https:\/\/aztex.ee\/pt-pt\/wp-json\/wp\/v2\/product\/66724\/revisions"}],"wp:featuredmedia":[{"embeddable":true,"href":"https:\/\/aztex.ee\/pt-pt\/wp-json\/wp\/v2\/media\/66936"}],"wp:attachment":[{"href":"https:\/\/aztex.ee\/pt-pt\/wp-json\/wp\/v2\/media?parent=66724"}],"wp:term":[{"taxonomy":"product_brand","embeddable":true,"href":"https:\/\/aztex.ee\/pt-pt\/wp-json\/wp\/v2\/product_brand?post=66724"},{"taxonomy":"product_cat","embeddable":true,"href":"https:\/\/aztex.ee\/pt-pt\/wp-json\/wp\/v2\/product_cat?post=66724"},{"taxonomy":"product_tag","embeddable":true,"href":"https:\/\/aztex.ee\/pt-pt\/wp-json\/wp\/v2\/product_tag?post=66724"}],"curies":[{"name":"wp","href":"https:\/\/api.w.org\/{rel}","templated":true}]}}