{"id":65845,"date":"2025-03-14T00:14:30","date_gmt":"2025-03-14T00:14:30","guid":{"rendered":"https:\/\/aztex.ee\/?post_type=product&#038;p=65845"},"modified":"2026-04-11T12:19:44","modified_gmt":"2026-04-11T12:19:44","slug":"toalha-de-banho-70x140-cm","status":"publish","type":"product","link":"https:\/\/aztex.ee\/pt-pt\/pood\/toalhas-e-toalhas-de-banho\/toalha-de-banho-70x140-cm\/","title":{"rendered":"Toalha de banho 70&#215;140 cm"},"content":{"rendered":"<p><strong>Toalha de banho em algod\u00e3o de alta qualidade &#8211; agradavelmente suave para a pele<\/strong><\/p>\n<p>A toalha de banho em algod\u00e3o macio e absorvente com 70&#215;140 cm foi concebida para proporcionar conforto e qualidade no dia a dia. Feita de algod\u00e3o de alta qualidade, conhecido pela sua excelente absor\u00e7\u00e3o e suavidade, esta toalha seca rapidamente e mant\u00e9m a pele limpa e fresca ap\u00f3s o banho.<\/p>\n<p><strong>Uso dur\u00e1vel e duradouro<\/strong><br \/>\nGra\u00e7as \u00e0 sua durabilidade e qualidade, esta toalha \u00e9 duradoura e adequada para o uso di\u00e1rio. Mesmo ap\u00f3s v\u00e1rias lavagens, mant\u00e9m a sua suavidade e absor\u00e7\u00e3o, o que o torna uma excelente escolha para o conforto a longo prazo. Toalha de banho de f\u00e1cil manuten\u00e7\u00e3o e secagem r\u00e1pida \u00e9 um complemento pr\u00e1tico para qualquer casa.<\/p>\n<p><strong>Criando uma atmosfera acolhedora e caseira<\/strong><br \/>\nUma toalha de banho em algod\u00e3o acrescenta um ambiente acolhedor e caseiro a qualquer casa de banho. \u00c9 uma escolha ideal n\u00e3o s\u00f3 para uso pessoal, mas tamb\u00e9m como presente para amigos, familiares ou novos propriet\u00e1rios. Se procura uma toalha de banho fi\u00e1vel e de alta qualidade, esta toalha de banho em algod\u00e3o \u00e9 a escolha perfeita para qualquer casa.<\/p>\n<p><strong>F\u00e1cil manuten\u00e7\u00e3o e qualidade duradoura<\/strong><br \/>\nA toalha de banho em algod\u00e3o \u00e9 f\u00e1cil de cuidar e mant\u00e9m a sua qualidade mesmo ap\u00f3s v\u00e1rias lavagens. Gra\u00e7as \u00e0 sua durabilidade e secagem r\u00e1pida, \u00e9 uma escolha ideal para o uso di\u00e1rio. A toalha n\u00e3o perde a sua suavidade nem absor\u00e7\u00e3o mesmo com uma utiliza\u00e7\u00e3o constante, proporcionando uma escolha fi\u00e1vel e confort\u00e1vel para qualquer casa.<\/p>\n","protected":false},"excerpt":{"rendered":"<ul>\n<li>Material: 100% algod\u00e3o<\/li>\n<li>Tamanho: 70&#215;140 cm \u00b13<\/li>\n<li>Peso: 400g\/m2<\/li>\n<\/ul>\n","protected":false},"featured_media":65903,"comment_status":"open","ping_status":"closed","template":"","meta":[],"product_brand":[],"product_cat":[1599,1716,487],"product_tag":[],"class_list":{"0":"post-65845","1":"product","2":"type-product","3":"status-publish","4":"has-post-thumbnail","6":"product_cat-toalhas-de-banho","7":"product_cat-toalhas-de-banho-70x140-cm","8":"product_cat-toalhas-e-toalhas-de-banho","10":"first","11":"instock","12":"shipping-taxable","13":"purchasable","14":"product-type-variable"},"yoast_head":"<!-- This site is optimized with the Yoast SEO plugin v27.4 - https:\/\/yoast.com\/product\/yoast-seo-wordpress\/ -->\n<title>Toalha de banho 70x140 cm - Natural e Macia | AZTEX<\/title>\n<meta name=\"description\" content=\"Toalha de banho em algod\u00e3o macia e absorvente que garante uma secagem r\u00e1pida, excelente conforto, toque suave, durabilidade e facilidade de utiliza\u00e7\u00e3o\" \/>\n<meta name=\"robots\" content=\"index, follow, max-snippet:-1, max-image-preview:large, max-video-preview:-1\" \/>\n<link rel=\"canonical\" href=\"https:\/\/aztex.ee\/pt-pt\/pood\/toalhas-e-toalhas-de-banho\/toalha-de-banho-70x140-cm\/\" \/>\n<meta property=\"og:locale\" content=\"pt_PT\" \/>\n<meta property=\"og:type\" content=\"article\" \/>\n<meta property=\"og:title\" content=\"Toalha de banho 70x140 cm - Natural e Macia | AZTEX\" \/>\n<meta property=\"og:description\" content=\"Toalha de banho em algod\u00e3o macia e absorvente que garante uma secagem r\u00e1pida, excelente conforto, toque suave, durabilidade e facilidade de utiliza\u00e7\u00e3o\" \/>\n<meta property=\"og:url\" content=\"https:\/\/aztex.ee\/pt-pt\/pood\/toalhas-e-toalhas-de-banho\/toalha-de-banho-70x140-cm\/\" \/>\n<meta property=\"og:site_name\" content=\"AZTEX\" \/>\n<meta property=\"article:publisher\" content=\"https:\/\/www.facebook.com\/AztexEE\" \/>\n<meta property=\"article:modified_time\" content=\"2026-04-11T12:19:44+00:00\" \/>\n<meta property=\"og:image\" content=\"https:\/\/aztex.ee\/wp-content\/uploads\/2025\/03\/Vanniratik-70x140-1.jpg\" \/>\n\t<meta property=\"og:image:width\" content=\"800\" \/>\n\t<meta property=\"og:image:height\" content=\"800\" \/>\n\t<meta property=\"og:image:type\" content=\"image\/jpeg\" \/>\n<meta name=\"twitter:card\" content=\"summary_large_image\" \/>\n<meta name=\"twitter:label1\" content=\"Tempo estimado de leitura\" \/>\n\t<meta name=\"twitter:data1\" content=\"2 minutos\" \/>\n<script type=\"application\/ld+json\" class=\"yoast-schema-graph\">{\"@context\":\"https:\\\/\\\/schema.org\",\"@graph\":[{\"@type\":[\"WebPage\",\"ItemPage\"],\"@id\":\"https:\\\/\\\/aztex.ee\\\/pt-pt\\\/pood\\\/toalhas-e-toalhas-de-banho\\\/toalha-de-banho-70x140-cm\\\/\",\"url\":\"https:\\\/\\\/aztex.ee\\\/pt-pt\\\/pood\\\/toalhas-e-toalhas-de-banho\\\/toalha-de-banho-70x140-cm\\\/\",\"name\":\"Toalha de banho 70x140 cm - Natural e Macia | AZTEX\",\"isPartOf\":{\"@id\":\"https:\\\/\\\/aztex.ee\\\/pt-pt\\\/#website\"},\"primaryImageOfPage\":{\"@id\":\"https:\\\/\\\/aztex.ee\\\/pt-pt\\\/pood\\\/toalhas-e-toalhas-de-banho\\\/toalha-de-banho-70x140-cm\\\/#primaryimage\"},\"image\":{\"@id\":\"https:\\\/\\\/aztex.ee\\\/pt-pt\\\/pood\\\/toalhas-e-toalhas-de-banho\\\/toalha-de-banho-70x140-cm\\\/#primaryimage\"},\"thumbnailUrl\":\"https:\\\/\\\/aztex.ee\\\/wp-content\\\/uploads\\\/2025\\\/03\\\/Vanniratik-70x140-1.jpg\",\"datePublished\":\"2025-03-14T00:14:30+00:00\",\"dateModified\":\"2026-04-11T12:19:44+00:00\",\"description\":\"Toalha de banho em algod\u00e3o macia e absorvente que garante uma secagem r\u00e1pida, excelente conforto, toque suave, durabilidade e facilidade de utiliza\u00e7\u00e3o\",\"breadcrumb\":{\"@id\":\"https:\\\/\\\/aztex.ee\\\/pt-pt\\\/pood\\\/toalhas-e-toalhas-de-banho\\\/toalha-de-banho-70x140-cm\\\/#breadcrumb\"},\"inLanguage\":\"pt-PT\",\"potentialAction\":[{\"@type\":\"ReadAction\",\"target\":[\"https:\\\/\\\/aztex.ee\\\/pt-pt\\\/pood\\\/toalhas-e-toalhas-de-banho\\\/toalha-de-banho-70x140-cm\\\/\"]}]},{\"@type\":\"ImageObject\",\"inLanguage\":\"pt-PT\",\"@id\":\"https:\\\/\\\/aztex.ee\\\/pt-pt\\\/pood\\\/toalhas-e-toalhas-de-banho\\\/toalha-de-banho-70x140-cm\\\/#primaryimage\",\"url\":\"https:\\\/\\\/aztex.ee\\\/wp-content\\\/uploads\\\/2025\\\/03\\\/Vanniratik-70x140-1.jpg\",\"contentUrl\":\"https:\\\/\\\/aztex.ee\\\/wp-content\\\/uploads\\\/2025\\\/03\\\/Vanniratik-70x140-1.jpg\",\"width\":800,\"height\":800,\"caption\":\"Vannir\u00e4tik 70x140\"},{\"@type\":\"BreadcrumbList\",\"@id\":\"https:\\\/\\\/aztex.ee\\\/pt-pt\\\/pood\\\/toalhas-e-toalhas-de-banho\\\/toalha-de-banho-70x140-cm\\\/#breadcrumb\",\"itemListElement\":[{\"@type\":\"ListItem\",\"position\":1,\"name\":\"In\u00edcio\",\"item\":\"https:\\\/\\\/aztex.ee\\\/pt-pt\\\/\"},{\"@type\":\"ListItem\",\"position\":2,\"name\":\"Loja\",\"item\":\"https:\\\/\\\/aztex.ee\\\/pt-pt\\\/loja\\\/\"},{\"@type\":\"ListItem\",\"position\":3,\"name\":\"Toalha de banho 70&#215;140 cm\"}]},{\"@type\":\"WebSite\",\"@id\":\"https:\\\/\\\/aztex.ee\\\/pt-pt\\\/#website\",\"url\":\"https:\\\/\\\/aztex.ee\\\/pt-pt\\\/\",\"name\":\"AZTEX\",\"description\":\"\",\"publisher\":{\"@id\":\"https:\\\/\\\/aztex.ee\\\/pt-pt\\\/#organization\"},\"potentialAction\":[{\"@type\":\"SearchAction\",\"target\":{\"@type\":\"EntryPoint\",\"urlTemplate\":\"https:\\\/\\\/aztex.ee\\\/pt-pt\\\/?s={search_term_string}\"},\"query-input\":{\"@type\":\"PropertyValueSpecification\",\"valueRequired\":true,\"valueName\":\"search_term_string\"}}],\"inLanguage\":\"pt-PT\"},{\"@type\":\"Organization\",\"@id\":\"https:\\\/\\\/aztex.ee\\\/pt-pt\\\/#organization\",\"name\":\"AZTEX\",\"url\":\"https:\\\/\\\/aztex.ee\\\/pt-pt\\\/\",\"logo\":{\"@type\":\"ImageObject\",\"inLanguage\":\"pt-PT\",\"@id\":\"https:\\\/\\\/aztex.ee\\\/pt-pt\\\/#\\\/schema\\\/logo\\\/image\\\/\",\"url\":\"https:\\\/\\\/aztex.ee\\\/wp-content\\\/uploads\\\/2026\\\/01\\\/AZTEX.png\",\"contentUrl\":\"https:\\\/\\\/aztex.ee\\\/wp-content\\\/uploads\\\/2026\\\/01\\\/AZTEX.png\",\"width\":500,\"height\":500,\"caption\":\"AZTEX\"},\"image\":{\"@id\":\"https:\\\/\\\/aztex.ee\\\/pt-pt\\\/#\\\/schema\\\/logo\\\/image\\\/\"},\"sameAs\":[\"https:\\\/\\\/www.facebook.com\\\/AztexEE\",\"https:\\\/\\\/www.instagram.com\\\/aztexeesti\\\/\",\"https:\\\/\\\/www.youtube.com\\\/@AZTEXEE\",\"https:\\\/\\\/www.pinterest.com\\\/aztex_eesti\\\/\",\"https:\\\/\\\/www.tiktok.com\\\/@aztexeesti\",\"https:\\\/\\\/www.trustpilot.com\\\/review\\\/aztex.ee\",\"https:\\\/\\\/www.linkedin.com\\\/company\\\/aztex-ee\\\/\",\"https:\\\/\\\/www.wikidata.org\\\/wiki\\\/Q137560182\"]}]}<\/script>\n<!-- \/ Yoast SEO plugin. -->","yoast_head_json":{"title":"Toalha de banho 70x140 cm - Natural e Macia | AZTEX","description":"Toalha de banho em algod\u00e3o macia e absorvente que garante uma secagem r\u00e1pida, excelente conforto, toque suave, durabilidade e facilidade de utiliza\u00e7\u00e3o","robots":{"index":"index","follow":"follow","max-snippet":"max-snippet:-1","max-image-preview":"max-image-preview:large","max-video-preview":"max-video-preview:-1"},"canonical":"https:\/\/aztex.ee\/pt-pt\/pood\/toalhas-e-toalhas-de-banho\/toalha-de-banho-70x140-cm\/","og_locale":"pt_PT","og_type":"article","og_title":"Toalha de banho 70x140 cm - Natural e Macia | AZTEX","og_description":"Toalha de banho em algod\u00e3o macia e absorvente que garante uma secagem r\u00e1pida, excelente conforto, toque suave, durabilidade e facilidade de utiliza\u00e7\u00e3o","og_url":"https:\/\/aztex.ee\/pt-pt\/pood\/toalhas-e-toalhas-de-banho\/toalha-de-banho-70x140-cm\/","og_site_name":"AZTEX","article_publisher":"https:\/\/www.facebook.com\/AztexEE","article_modified_time":"2026-04-11T12:19:44+00:00","og_image":[{"width":800,"height":800,"url":"https:\/\/aztex.ee\/wp-content\/uploads\/2025\/03\/Vanniratik-70x140-1.jpg","type":"image\/jpeg"}],"twitter_card":"summary_large_image","twitter_misc":{"Tempo estimado de leitura":"2 minutos"},"schema":{"@context":"https:\/\/schema.org","@graph":[{"@type":["WebPage","ItemPage"],"@id":"https:\/\/aztex.ee\/pt-pt\/pood\/toalhas-e-toalhas-de-banho\/toalha-de-banho-70x140-cm\/","url":"https:\/\/aztex.ee\/pt-pt\/pood\/toalhas-e-toalhas-de-banho\/toalha-de-banho-70x140-cm\/","name":"Toalha de banho 70x140 cm - Natural e Macia | AZTEX","isPartOf":{"@id":"https:\/\/aztex.ee\/pt-pt\/#website"},"primaryImageOfPage":{"@id":"https:\/\/aztex.ee\/pt-pt\/pood\/toalhas-e-toalhas-de-banho\/toalha-de-banho-70x140-cm\/#primaryimage"},"image":{"@id":"https:\/\/aztex.ee\/pt-pt\/pood\/toalhas-e-toalhas-de-banho\/toalha-de-banho-70x140-cm\/#primaryimage"},"thumbnailUrl":"https:\/\/aztex.ee\/wp-content\/uploads\/2025\/03\/Vanniratik-70x140-1.jpg","datePublished":"2025-03-14T00:14:30+00:00","dateModified":"2026-04-11T12:19:44+00:00","description":"Toalha de banho em algod\u00e3o macia e absorvente que garante uma secagem r\u00e1pida, excelente conforto, toque suave, durabilidade e facilidade de utiliza\u00e7\u00e3o","breadcrumb":{"@id":"https:\/\/aztex.ee\/pt-pt\/pood\/toalhas-e-toalhas-de-banho\/toalha-de-banho-70x140-cm\/#breadcrumb"},"inLanguage":"pt-PT","potentialAction":[{"@type":"ReadAction","target":["https:\/\/aztex.ee\/pt-pt\/pood\/toalhas-e-toalhas-de-banho\/toalha-de-banho-70x140-cm\/"]}]},{"@type":"ImageObject","inLanguage":"pt-PT","@id":"https:\/\/aztex.ee\/pt-pt\/pood\/toalhas-e-toalhas-de-banho\/toalha-de-banho-70x140-cm\/#primaryimage","url":"https:\/\/aztex.ee\/wp-content\/uploads\/2025\/03\/Vanniratik-70x140-1.jpg","contentUrl":"https:\/\/aztex.ee\/wp-content\/uploads\/2025\/03\/Vanniratik-70x140-1.jpg","width":800,"height":800,"caption":"Vannir\u00e4tik 70x140"},{"@type":"BreadcrumbList","@id":"https:\/\/aztex.ee\/pt-pt\/pood\/toalhas-e-toalhas-de-banho\/toalha-de-banho-70x140-cm\/#breadcrumb","itemListElement":[{"@type":"ListItem","position":1,"name":"In\u00edcio","item":"https:\/\/aztex.ee\/pt-pt\/"},{"@type":"ListItem","position":2,"name":"Loja","item":"https:\/\/aztex.ee\/pt-pt\/loja\/"},{"@type":"ListItem","position":3,"name":"Toalha de banho 70&#215;140 cm"}]},{"@type":"WebSite","@id":"https:\/\/aztex.ee\/pt-pt\/#website","url":"https:\/\/aztex.ee\/pt-pt\/","name":"AZTEX","description":"","publisher":{"@id":"https:\/\/aztex.ee\/pt-pt\/#organization"},"potentialAction":[{"@type":"SearchAction","target":{"@type":"EntryPoint","urlTemplate":"https:\/\/aztex.ee\/pt-pt\/?s={search_term_string}"},"query-input":{"@type":"PropertyValueSpecification","valueRequired":true,"valueName":"search_term_string"}}],"inLanguage":"pt-PT"},{"@type":"Organization","@id":"https:\/\/aztex.ee\/pt-pt\/#organization","name":"AZTEX","url":"https:\/\/aztex.ee\/pt-pt\/","logo":{"@type":"ImageObject","inLanguage":"pt-PT","@id":"https:\/\/aztex.ee\/pt-pt\/#\/schema\/logo\/image\/","url":"https:\/\/aztex.ee\/wp-content\/uploads\/2026\/01\/AZTEX.png","contentUrl":"https:\/\/aztex.ee\/wp-content\/uploads\/2026\/01\/AZTEX.png","width":500,"height":500,"caption":"AZTEX"},"image":{"@id":"https:\/\/aztex.ee\/pt-pt\/#\/schema\/logo\/image\/"},"sameAs":["https:\/\/www.facebook.com\/AztexEE","https:\/\/www.instagram.com\/aztexeesti\/","https:\/\/www.youtube.com\/@AZTEXEE","https:\/\/www.pinterest.com\/aztex_eesti\/","https:\/\/www.tiktok.com\/@aztexeesti","https:\/\/www.trustpilot.com\/review\/aztex.ee","https:\/\/www.linkedin.com\/company\/aztex-ee\/","https:\/\/www.wikidata.org\/wiki\/Q137560182"]}]}},"_links":{"self":[{"href":"https:\/\/aztex.ee\/pt-pt\/wp-json\/wp\/v2\/product\/65845","targetHints":{"allow":["GET"]}}],"collection":[{"href":"https:\/\/aztex.ee\/pt-pt\/wp-json\/wp\/v2\/product"}],"about":[{"href":"https:\/\/aztex.ee\/pt-pt\/wp-json\/wp\/v2\/types\/product"}],"replies":[{"embeddable":true,"href":"https:\/\/aztex.ee\/pt-pt\/wp-json\/wp\/v2\/comments?post=65845"}],"version-history":[{"count":0,"href":"https:\/\/aztex.ee\/pt-pt\/wp-json\/wp\/v2\/product\/65845\/revisions"}],"wp:featuredmedia":[{"embeddable":true,"href":"https:\/\/aztex.ee\/pt-pt\/wp-json\/wp\/v2\/media\/65903"}],"wp:attachment":[{"href":"https:\/\/aztex.ee\/pt-pt\/wp-json\/wp\/v2\/media?parent=65845"}],"wp:term":[{"taxonomy":"product_brand","embeddable":true,"href":"https:\/\/aztex.ee\/pt-pt\/wp-json\/wp\/v2\/product_brand?post=65845"},{"taxonomy":"product_cat","embeddable":true,"href":"https:\/\/aztex.ee\/pt-pt\/wp-json\/wp\/v2\/product_cat?post=65845"},{"taxonomy":"product_tag","embeddable":true,"href":"https:\/\/aztex.ee\/pt-pt\/wp-json\/wp\/v2\/product_tag?post=65845"}],"curies":[{"name":"wp","href":"https:\/\/api.w.org\/{rel}","templated":true}]}}