{"id":59889,"date":"2025-02-26T09:58:55","date_gmt":"2025-02-26T09:58:55","guid":{"rendered":"https:\/\/aztex.ee\/?post_type=product&#038;p=59889"},"modified":"2026-02-01T16:43:46","modified_gmt":"2026-02-01T16:43:46","slug":"cobertor-de-la-sherpa-150x200-cm","status":"publish","type":"product","link":"https:\/\/aztex.ee\/pt-pt\/pood\/cobertores-e-mantas\/cobertor-de-la-sherpa-150x200-cm\/","title":{"rendered":"Cobertor de l\u00e3 sherpa 150&#215;200 cm"},"content":{"rendered":"<p><strong>Cobertor de l\u00e3 Sherpa 150\u00d7200 cm \u2013 Macio e Quente<\/strong><\/p>\n<p>Sinta-se sempre confort\u00e1vel e quente em casa com este cobertor de l\u00e3 Sherpa de alta qualidade. Este cobertor foi concebido para proporcionar o melhor calor e aconchego para tornar os momentos do dia a dia ainda mais agrad\u00e1veis.<\/p>\n<p><strong>Conforto em todas as situa\u00e7\u00f5es<\/strong><br \/>\nAs dimens\u00f5es do cobertor de l\u00e3 Sherpa de 150\u00d7200 cm tornam-no perfeito para qualquer situa\u00e7\u00e3o. Seja para relaxar no sof\u00e1, aquecer-se na cama ou dormir, o cobertor de l\u00e3 Sherpa oferece leveza e calor perfeitos em cada utiliza\u00e7\u00e3o. O tamanho tamb\u00e9m \u00e9 adequado para os h\u00f3spedes ou como cobertor extra na cama para tornar cada dia mais quente.<\/p>\n<p><strong>F\u00e1cil de cuidar e dur\u00e1vel<\/strong><br \/>\nO cuidado com o cobertor de l\u00e3 Sherpa \u00e9 f\u00e1cil e pr\u00e1tico, pois pode ser lavado na m\u00e1quina. Ap\u00f3s a lavagem, mant\u00e9m-se macio, proporcionando calor e qualidade duradouros. Recomendamos a lavagem a baixas temperaturas para manter a beleza e durabilidade do produto. O cobertor de l\u00e3 seca rapidamente e n\u00e3o requer secagem separada, o que o torna ainda mais pr\u00e1tico no dia a dia.<\/p>\n<p><strong>Aconchego e calor em cada momento<\/strong><br \/>\nUm cobertor de l\u00e3 Sherpa n\u00e3o \u00e9 apenas quente, tamb\u00e9m oferece um relaxamento perfeito para o dia a dia. Quer seja uma noite aconchegante em casa, a ler um livro ou a fazer tarefas dom\u00e9sticas, um cobertor de l\u00e3 Sherpa torna cada momento especial.<\/p>\n","protected":false},"excerpt":{"rendered":"<ul>\n<li>Material: Velo coral<\/li>\n<li>Tamanho: 150&#215;200 cm \u00b13<\/li>\n<li>Peso: 1,1 kg<\/li>\n<\/ul>\n","protected":false},"featured_media":59968,"comment_status":"open","ping_status":"closed","template":"","meta":[],"product_brand":[],"product_cat":[4476,4494,1875],"product_tag":[],"class_list":{"0":"post-59889","1":"product","2":"type-product","3":"status-publish","4":"has-post-thumbnail","6":"product_cat-cobertores-de-la-sherpa","7":"product_cat-cobertores-de-la-sherpa-150x200-cm","8":"product_cat-cobertores-e-mantas","10":"first","11":"instock","12":"shipping-taxable","13":"purchasable","14":"product-type-variable"},"yoast_head":"<!-- This site is optimized with the Yoast SEO plugin v27.6 - https:\/\/yoast.com\/product\/yoast-seo-wordpress\/ -->\n<title>Cobertor de l\u00e3 sherpa 150x200 cm | AZTEX<\/title>\n<meta name=\"description\" content=\"Um cobertor de l\u00e3 Sherpa extra macio e quente de 150x200 cm que oferece o m\u00e1ximo conforto. A companhia perfeita para noites mais frias e relaxamento.\" \/>\n<meta name=\"robots\" content=\"index, follow, max-snippet:-1, max-image-preview:large, max-video-preview:-1\" \/>\n<link rel=\"canonical\" href=\"https:\/\/aztex.ee\/pt-pt\/pood\/cobertores-e-mantas\/cobertor-de-la-sherpa-150x200-cm\/\" \/>\n<meta property=\"og:locale\" content=\"pt_PT\" \/>\n<meta property=\"og:type\" content=\"article\" \/>\n<meta property=\"og:title\" content=\"Cobertor de l\u00e3 sherpa 150x200 cm | AZTEX\" \/>\n<meta property=\"og:description\" content=\"Um cobertor de l\u00e3 Sherpa extra macio e quente de 150x200 cm que oferece o m\u00e1ximo conforto. A companhia perfeita para noites mais frias e relaxamento.\" \/>\n<meta property=\"og:url\" content=\"https:\/\/aztex.ee\/pt-pt\/pood\/cobertores-e-mantas\/cobertor-de-la-sherpa-150x200-cm\/\" \/>\n<meta property=\"og:site_name\" content=\"AZTEX\" \/>\n<meta property=\"article:publisher\" content=\"https:\/\/www.facebook.com\/AztexEE\" \/>\n<meta property=\"article:modified_time\" content=\"2026-02-01T16:43:46+00:00\" \/>\n<meta property=\"og:image\" content=\"https:\/\/aztex.ee\/wp-content\/uploads\/2025\/02\/Sherpa-fliis-tekk-150x200-cm.jpg\" \/>\n\t<meta property=\"og:image:width\" content=\"800\" \/>\n\t<meta property=\"og:image:height\" content=\"800\" \/>\n\t<meta property=\"og:image:type\" content=\"image\/jpeg\" \/>\n<meta name=\"twitter:card\" content=\"summary_large_image\" \/>\n<meta name=\"twitter:label1\" content=\"Tempo estimado de leitura\" \/>\n\t<meta name=\"twitter:data1\" content=\"2 minutos\" \/>\n<script type=\"application\/ld+json\" class=\"yoast-schema-graph\">{\"@context\":\"https:\\\/\\\/schema.org\",\"@graph\":[{\"@type\":[\"WebPage\",\"ItemPage\"],\"@id\":\"https:\\\/\\\/aztex.ee\\\/pt-pt\\\/pood\\\/cobertores-e-mantas\\\/cobertor-de-la-sherpa-150x200-cm\\\/\",\"url\":\"https:\\\/\\\/aztex.ee\\\/pt-pt\\\/pood\\\/cobertores-e-mantas\\\/cobertor-de-la-sherpa-150x200-cm\\\/\",\"name\":\"Cobertor de l\u00e3 sherpa 150x200 cm | AZTEX\",\"isPartOf\":{\"@id\":\"https:\\\/\\\/aztex.ee\\\/pt-pt\\\/#website\"},\"primaryImageOfPage\":{\"@id\":\"https:\\\/\\\/aztex.ee\\\/pt-pt\\\/pood\\\/cobertores-e-mantas\\\/cobertor-de-la-sherpa-150x200-cm\\\/#primaryimage\"},\"image\":{\"@id\":\"https:\\\/\\\/aztex.ee\\\/pt-pt\\\/pood\\\/cobertores-e-mantas\\\/cobertor-de-la-sherpa-150x200-cm\\\/#primaryimage\"},\"thumbnailUrl\":\"https:\\\/\\\/aztex.ee\\\/wp-content\\\/uploads\\\/2025\\\/02\\\/Sherpa-fliis-tekk-150x200-cm.jpg\",\"datePublished\":\"2025-02-26T09:58:55+00:00\",\"dateModified\":\"2026-02-01T16:43:46+00:00\",\"description\":\"Um cobertor de l\u00e3 Sherpa extra macio e quente de 150x200 cm que oferece o m\u00e1ximo conforto. A companhia perfeita para noites mais frias e relaxamento.\",\"breadcrumb\":{\"@id\":\"https:\\\/\\\/aztex.ee\\\/pt-pt\\\/pood\\\/cobertores-e-mantas\\\/cobertor-de-la-sherpa-150x200-cm\\\/#breadcrumb\"},\"inLanguage\":\"pt-PT\",\"potentialAction\":[{\"@type\":\"ReadAction\",\"target\":[\"https:\\\/\\\/aztex.ee\\\/pt-pt\\\/pood\\\/cobertores-e-mantas\\\/cobertor-de-la-sherpa-150x200-cm\\\/\"]}]},{\"@type\":\"ImageObject\",\"inLanguage\":\"pt-PT\",\"@id\":\"https:\\\/\\\/aztex.ee\\\/pt-pt\\\/pood\\\/cobertores-e-mantas\\\/cobertor-de-la-sherpa-150x200-cm\\\/#primaryimage\",\"url\":\"https:\\\/\\\/aztex.ee\\\/wp-content\\\/uploads\\\/2025\\\/02\\\/Sherpa-fliis-tekk-150x200-cm.jpg\",\"contentUrl\":\"https:\\\/\\\/aztex.ee\\\/wp-content\\\/uploads\\\/2025\\\/02\\\/Sherpa-fliis-tekk-150x200-cm.jpg\",\"width\":800,\"height\":800,\"caption\":\"Sherpa fliis tekk 150x200 cm\"},{\"@type\":\"BreadcrumbList\",\"@id\":\"https:\\\/\\\/aztex.ee\\\/pt-pt\\\/pood\\\/cobertores-e-mantas\\\/cobertor-de-la-sherpa-150x200-cm\\\/#breadcrumb\",\"itemListElement\":[{\"@type\":\"ListItem\",\"position\":1,\"name\":\"In\u00edcio\",\"item\":\"https:\\\/\\\/aztex.ee\\\/pt-pt\\\/\"},{\"@type\":\"ListItem\",\"position\":2,\"name\":\"Loja\",\"item\":\"https:\\\/\\\/aztex.ee\\\/pt-pt\\\/loja\\\/\"},{\"@type\":\"ListItem\",\"position\":3,\"name\":\"Cobertor de l\u00e3 sherpa 150&#215;200 cm\"}]},{\"@type\":\"WebSite\",\"@id\":\"https:\\\/\\\/aztex.ee\\\/pt-pt\\\/#website\",\"url\":\"https:\\\/\\\/aztex.ee\\\/pt-pt\\\/\",\"name\":\"AZTEX\",\"description\":\"\",\"publisher\":{\"@id\":\"https:\\\/\\\/aztex.ee\\\/pt-pt\\\/#organization\"},\"potentialAction\":[{\"@type\":\"SearchAction\",\"target\":{\"@type\":\"EntryPoint\",\"urlTemplate\":\"https:\\\/\\\/aztex.ee\\\/pt-pt\\\/?s={search_term_string}\"},\"query-input\":{\"@type\":\"PropertyValueSpecification\",\"valueRequired\":true,\"valueName\":\"search_term_string\"}}],\"inLanguage\":\"pt-PT\"},{\"@type\":\"Organization\",\"@id\":\"https:\\\/\\\/aztex.ee\\\/pt-pt\\\/#organization\",\"name\":\"AZTEX\",\"url\":\"https:\\\/\\\/aztex.ee\\\/pt-pt\\\/\",\"logo\":{\"@type\":\"ImageObject\",\"inLanguage\":\"pt-PT\",\"@id\":\"https:\\\/\\\/aztex.ee\\\/pt-pt\\\/#\\\/schema\\\/logo\\\/image\\\/\",\"url\":\"https:\\\/\\\/aztex.ee\\\/wp-content\\\/uploads\\\/2026\\\/01\\\/AZTEX.png\",\"contentUrl\":\"https:\\\/\\\/aztex.ee\\\/wp-content\\\/uploads\\\/2026\\\/01\\\/AZTEX.png\",\"width\":500,\"height\":500,\"caption\":\"AZTEX\"},\"image\":{\"@id\":\"https:\\\/\\\/aztex.ee\\\/pt-pt\\\/#\\\/schema\\\/logo\\\/image\\\/\"},\"sameAs\":[\"https:\\\/\\\/www.facebook.com\\\/AztexEE\",\"https:\\\/\\\/www.instagram.com\\\/aztexeesti\\\/\",\"https:\\\/\\\/www.youtube.com\\\/@AZTEXEE\",\"https:\\\/\\\/www.pinterest.com\\\/aztex_eesti\\\/\",\"https:\\\/\\\/www.tiktok.com\\\/@aztexeesti\",\"https:\\\/\\\/www.trustpilot.com\\\/review\\\/aztex.ee\",\"https:\\\/\\\/www.linkedin.com\\\/company\\\/aztex-ee\\\/\",\"https:\\\/\\\/www.wikidata.org\\\/wiki\\\/Q137560182\"]}]}<\/script>\n<!-- \/ Yoast SEO plugin. -->","yoast_head_json":{"title":"Cobertor de l\u00e3 sherpa 150x200 cm | AZTEX","description":"Um cobertor de l\u00e3 Sherpa extra macio e quente de 150x200 cm que oferece o m\u00e1ximo conforto. A companhia perfeita para noites mais frias e relaxamento.","robots":{"index":"index","follow":"follow","max-snippet":"max-snippet:-1","max-image-preview":"max-image-preview:large","max-video-preview":"max-video-preview:-1"},"canonical":"https:\/\/aztex.ee\/pt-pt\/pood\/cobertores-e-mantas\/cobertor-de-la-sherpa-150x200-cm\/","og_locale":"pt_PT","og_type":"article","og_title":"Cobertor de l\u00e3 sherpa 150x200 cm | AZTEX","og_description":"Um cobertor de l\u00e3 Sherpa extra macio e quente de 150x200 cm que oferece o m\u00e1ximo conforto. A companhia perfeita para noites mais frias e relaxamento.","og_url":"https:\/\/aztex.ee\/pt-pt\/pood\/cobertores-e-mantas\/cobertor-de-la-sherpa-150x200-cm\/","og_site_name":"AZTEX","article_publisher":"https:\/\/www.facebook.com\/AztexEE","article_modified_time":"2026-02-01T16:43:46+00:00","og_image":[{"width":800,"height":800,"url":"https:\/\/aztex.ee\/wp-content\/uploads\/2025\/02\/Sherpa-fliis-tekk-150x200-cm.jpg","type":"image\/jpeg"}],"twitter_card":"summary_large_image","twitter_misc":{"Tempo estimado de leitura":"2 minutos"},"schema":{"@context":"https:\/\/schema.org","@graph":[{"@type":["WebPage","ItemPage"],"@id":"https:\/\/aztex.ee\/pt-pt\/pood\/cobertores-e-mantas\/cobertor-de-la-sherpa-150x200-cm\/","url":"https:\/\/aztex.ee\/pt-pt\/pood\/cobertores-e-mantas\/cobertor-de-la-sherpa-150x200-cm\/","name":"Cobertor de l\u00e3 sherpa 150x200 cm | AZTEX","isPartOf":{"@id":"https:\/\/aztex.ee\/pt-pt\/#website"},"primaryImageOfPage":{"@id":"https:\/\/aztex.ee\/pt-pt\/pood\/cobertores-e-mantas\/cobertor-de-la-sherpa-150x200-cm\/#primaryimage"},"image":{"@id":"https:\/\/aztex.ee\/pt-pt\/pood\/cobertores-e-mantas\/cobertor-de-la-sherpa-150x200-cm\/#primaryimage"},"thumbnailUrl":"https:\/\/aztex.ee\/wp-content\/uploads\/2025\/02\/Sherpa-fliis-tekk-150x200-cm.jpg","datePublished":"2025-02-26T09:58:55+00:00","dateModified":"2026-02-01T16:43:46+00:00","description":"Um cobertor de l\u00e3 Sherpa extra macio e quente de 150x200 cm que oferece o m\u00e1ximo conforto. A companhia perfeita para noites mais frias e relaxamento.","breadcrumb":{"@id":"https:\/\/aztex.ee\/pt-pt\/pood\/cobertores-e-mantas\/cobertor-de-la-sherpa-150x200-cm\/#breadcrumb"},"inLanguage":"pt-PT","potentialAction":[{"@type":"ReadAction","target":["https:\/\/aztex.ee\/pt-pt\/pood\/cobertores-e-mantas\/cobertor-de-la-sherpa-150x200-cm\/"]}]},{"@type":"ImageObject","inLanguage":"pt-PT","@id":"https:\/\/aztex.ee\/pt-pt\/pood\/cobertores-e-mantas\/cobertor-de-la-sherpa-150x200-cm\/#primaryimage","url":"https:\/\/aztex.ee\/wp-content\/uploads\/2025\/02\/Sherpa-fliis-tekk-150x200-cm.jpg","contentUrl":"https:\/\/aztex.ee\/wp-content\/uploads\/2025\/02\/Sherpa-fliis-tekk-150x200-cm.jpg","width":800,"height":800,"caption":"Sherpa fliis tekk 150x200 cm"},{"@type":"BreadcrumbList","@id":"https:\/\/aztex.ee\/pt-pt\/pood\/cobertores-e-mantas\/cobertor-de-la-sherpa-150x200-cm\/#breadcrumb","itemListElement":[{"@type":"ListItem","position":1,"name":"In\u00edcio","item":"https:\/\/aztex.ee\/pt-pt\/"},{"@type":"ListItem","position":2,"name":"Loja","item":"https:\/\/aztex.ee\/pt-pt\/loja\/"},{"@type":"ListItem","position":3,"name":"Cobertor de l\u00e3 sherpa 150&#215;200 cm"}]},{"@type":"WebSite","@id":"https:\/\/aztex.ee\/pt-pt\/#website","url":"https:\/\/aztex.ee\/pt-pt\/","name":"AZTEX","description":"","publisher":{"@id":"https:\/\/aztex.ee\/pt-pt\/#organization"},"potentialAction":[{"@type":"SearchAction","target":{"@type":"EntryPoint","urlTemplate":"https:\/\/aztex.ee\/pt-pt\/?s={search_term_string}"},"query-input":{"@type":"PropertyValueSpecification","valueRequired":true,"valueName":"search_term_string"}}],"inLanguage":"pt-PT"},{"@type":"Organization","@id":"https:\/\/aztex.ee\/pt-pt\/#organization","name":"AZTEX","url":"https:\/\/aztex.ee\/pt-pt\/","logo":{"@type":"ImageObject","inLanguage":"pt-PT","@id":"https:\/\/aztex.ee\/pt-pt\/#\/schema\/logo\/image\/","url":"https:\/\/aztex.ee\/wp-content\/uploads\/2026\/01\/AZTEX.png","contentUrl":"https:\/\/aztex.ee\/wp-content\/uploads\/2026\/01\/AZTEX.png","width":500,"height":500,"caption":"AZTEX"},"image":{"@id":"https:\/\/aztex.ee\/pt-pt\/#\/schema\/logo\/image\/"},"sameAs":["https:\/\/www.facebook.com\/AztexEE","https:\/\/www.instagram.com\/aztexeesti\/","https:\/\/www.youtube.com\/@AZTEXEE","https:\/\/www.pinterest.com\/aztex_eesti\/","https:\/\/www.tiktok.com\/@aztexeesti","https:\/\/www.trustpilot.com\/review\/aztex.ee","https:\/\/www.linkedin.com\/company\/aztex-ee\/","https:\/\/www.wikidata.org\/wiki\/Q137560182"]}]}},"_links":{"self":[{"href":"https:\/\/aztex.ee\/pt-pt\/wp-json\/wp\/v2\/product\/59889","targetHints":{"allow":["GET"]}}],"collection":[{"href":"https:\/\/aztex.ee\/pt-pt\/wp-json\/wp\/v2\/product"}],"about":[{"href":"https:\/\/aztex.ee\/pt-pt\/wp-json\/wp\/v2\/types\/product"}],"replies":[{"embeddable":true,"href":"https:\/\/aztex.ee\/pt-pt\/wp-json\/wp\/v2\/comments?post=59889"}],"version-history":[{"count":0,"href":"https:\/\/aztex.ee\/pt-pt\/wp-json\/wp\/v2\/product\/59889\/revisions"}],"wp:featuredmedia":[{"embeddable":true,"href":"https:\/\/aztex.ee\/pt-pt\/wp-json\/wp\/v2\/media\/59968"}],"wp:attachment":[{"href":"https:\/\/aztex.ee\/pt-pt\/wp-json\/wp\/v2\/media?parent=59889"}],"wp:term":[{"taxonomy":"product_brand","embeddable":true,"href":"https:\/\/aztex.ee\/pt-pt\/wp-json\/wp\/v2\/product_brand?post=59889"},{"taxonomy":"product_cat","embeddable":true,"href":"https:\/\/aztex.ee\/pt-pt\/wp-json\/wp\/v2\/product_cat?post=59889"},{"taxonomy":"product_tag","embeddable":true,"href":"https:\/\/aztex.ee\/pt-pt\/wp-json\/wp\/v2\/product_tag?post=59889"}],"curies":[{"name":"wp","href":"https:\/\/api.w.org\/{rel}","templated":true}]}}