{"id":57330,"date":"2025-02-18T09:05:31","date_gmt":"2025-02-18T09:05:31","guid":{"rendered":"https:\/\/aztex.ee\/?post_type=product&#038;p=57330"},"modified":"2026-04-07T12:51:25","modified_gmt":"2026-04-07T12:51:25","slug":"manta-130x180-cm","status":"publish","type":"product","link":"https:\/\/aztex.ee\/pt-pt\/pood\/cobertores-e-mantas\/manta-130x180-cm\/","title":{"rendered":"Manta 130&#215;180 cm"},"content":{"rendered":"<p><strong>Manta suave e elegante para cada momento<\/strong><\/p>\n<p>Um manta de alta qualidade proporciona calor e conforto em qualquer situa\u00e7\u00e3o. \u00c9 o companheiro perfeito nas noites frias, proporcionando uma suavidade agrad\u00e1vel tanto ao ler um livro no sof\u00e1 como ao desfrutar do ar fresco no terra\u00e7o. Gra\u00e7as ao seu design elegante, adapta-se a qualquer interior, acrescentando aconchego e eleg\u00e2ncia ao ambiente.<\/p>\n<p><strong>Material agrad\u00e1vel e de alta qualidade<\/strong><br \/>\nO manta \u00e9 fabricado num material macio e dur\u00e1vel, que proporciona um toque suave e agrad\u00e1vel \u00e0 pele. Mant\u00e9m o corpo suficientemente quente, mas n\u00e3o \u00e9 demasiado pesado ou quente. O tecido leve, mas denso e de alta qualidade garante o m\u00e1ximo conforto. Adequado para utiliza\u00e7\u00e3o em qualquer esta\u00e7\u00e3o &#8211; fornece calor numa noite fria de inverno e \u00e9 ideal para se sentar ao ar livre numa noite mais fria de ver\u00e3o.<\/p>\n<p><strong>Adequado para todos os interiores<\/strong><br \/>\nO design intemporal e os bonitos tons de cor fazem desta manta manta uma escolha ideal para qualquer casa. Coloque-o sobre um sof\u00e1, cama ou poltrona para dar personalidade e um ambiente aconchegante ao ambiente. Gra\u00e7as ao seu aspeto elegante, o manta combina tanto com interiores modernos como cl\u00e1ssicos, sendo um elemento pr\u00e1tico e decorativo.<\/p>\n<p><strong>F\u00e1cil de cuidar e dur\u00e1vel<\/strong><br \/>\nO manta \u00e9 f\u00e1cil de cuidar, por isso permanece macio e bonito durante muito tempo. Os materiais dur\u00e1veis \u200b\u200be o acabamento de alta qualidade garantem que mant\u00e9m o seu formato e cor mesmo ap\u00f3s v\u00e1rias lavagens. O tecido lav\u00e1vel \u00e0 m\u00e1quina e de secagem r\u00e1pida torna-o confort\u00e1vel e despreocupado para o uso di\u00e1rio.<\/p>\n<p>Traga mais aconchego e conforto \u00e0 sua casa com esta bonita, pr\u00e1tica e dur\u00e1vel manta aos quadrados &#8211; desfrute do luxo di\u00e1rio a cada momento!<\/p>\n","protected":false},"excerpt":{"rendered":"<ul>\n<li>Material: Acr\u00edlico<\/li>\n<li>Tamanho: 130&#215;180 cm \u00b13<\/li>\n<li>Peso: 0,520 kg<\/li>\n<\/ul>\n","protected":false},"featured_media":57409,"comment_status":"open","ping_status":"closed","template":"","meta":[],"product_brand":[],"product_cat":[1875,3486],"product_tag":[],"class_list":{"0":"post-57330","1":"product","2":"type-product","3":"status-publish","4":"has-post-thumbnail","6":"product_cat-cobertores-e-mantas","7":"product_cat-mantas","9":"first","10":"instock","11":"shipping-taxable","12":"purchasable","13":"product-type-variable"},"yoast_head":"<!-- This site is optimized with the Yoast SEO plugin v27.4 - https:\/\/yoast.com\/product\/yoast-seo-wordpress\/ -->\n<title>Manta 130x180 cm | AZTEX<\/title>\n<meta name=\"description\" content=\"O manta aconchegante e macio traz aconchego a qualquer casa. A companhia perfeita para as noites frias \u2013 desfrute de conforto e estilo!\" \/>\n<meta name=\"robots\" content=\"index, follow, max-snippet:-1, max-image-preview:large, max-video-preview:-1\" \/>\n<link rel=\"canonical\" href=\"https:\/\/aztex.ee\/pt-pt\/pood\/cobertores-e-mantas\/manta-130x180-cm\/\" \/>\n<meta property=\"og:locale\" content=\"pt_PT\" \/>\n<meta property=\"og:type\" content=\"article\" \/>\n<meta property=\"og:title\" content=\"Manta 130x180 cm | AZTEX\" \/>\n<meta property=\"og:description\" content=\"O manta aconchegante e macio traz aconchego a qualquer casa. A companhia perfeita para as noites frias \u2013 desfrute de conforto e estilo!\" \/>\n<meta property=\"og:url\" content=\"https:\/\/aztex.ee\/pt-pt\/pood\/cobertores-e-mantas\/manta-130x180-cm\/\" \/>\n<meta property=\"og:site_name\" content=\"AZTEX\" \/>\n<meta property=\"article:publisher\" content=\"https:\/\/www.facebook.com\/AztexEE\" \/>\n<meta property=\"article:modified_time\" content=\"2026-04-07T12:51:25+00:00\" \/>\n<meta property=\"og:image\" content=\"https:\/\/aztex.ee\/wp-content\/uploads\/2025\/02\/Pleed-130x180-cm.jpg\" \/>\n\t<meta property=\"og:image:width\" content=\"800\" \/>\n\t<meta property=\"og:image:height\" content=\"800\" \/>\n\t<meta property=\"og:image:type\" content=\"image\/jpeg\" \/>\n<meta name=\"twitter:card\" content=\"summary_large_image\" \/>\n<meta name=\"twitter:label1\" content=\"Tempo estimado de leitura\" \/>\n\t<meta name=\"twitter:data1\" content=\"2 minutos\" \/>\n<script type=\"application\/ld+json\" class=\"yoast-schema-graph\">{\"@context\":\"https:\\\/\\\/schema.org\",\"@graph\":[{\"@type\":[\"WebPage\",\"ItemPage\"],\"@id\":\"https:\\\/\\\/aztex.ee\\\/pt-pt\\\/pood\\\/cobertores-e-mantas\\\/manta-130x180-cm\\\/\",\"url\":\"https:\\\/\\\/aztex.ee\\\/pt-pt\\\/pood\\\/cobertores-e-mantas\\\/manta-130x180-cm\\\/\",\"name\":\"Manta 130x180 cm | AZTEX\",\"isPartOf\":{\"@id\":\"https:\\\/\\\/aztex.ee\\\/pt-pt\\\/#website\"},\"primaryImageOfPage\":{\"@id\":\"https:\\\/\\\/aztex.ee\\\/pt-pt\\\/pood\\\/cobertores-e-mantas\\\/manta-130x180-cm\\\/#primaryimage\"},\"image\":{\"@id\":\"https:\\\/\\\/aztex.ee\\\/pt-pt\\\/pood\\\/cobertores-e-mantas\\\/manta-130x180-cm\\\/#primaryimage\"},\"thumbnailUrl\":\"https:\\\/\\\/aztex.ee\\\/wp-content\\\/uploads\\\/2025\\\/02\\\/Pleed-130x180-cm.jpg\",\"datePublished\":\"2025-02-18T09:05:31+00:00\",\"dateModified\":\"2026-04-07T12:51:25+00:00\",\"description\":\"O manta aconchegante e macio traz aconchego a qualquer casa. A companhia perfeita para as noites frias \u2013 desfrute de conforto e estilo!\",\"breadcrumb\":{\"@id\":\"https:\\\/\\\/aztex.ee\\\/pt-pt\\\/pood\\\/cobertores-e-mantas\\\/manta-130x180-cm\\\/#breadcrumb\"},\"inLanguage\":\"pt-PT\",\"potentialAction\":[{\"@type\":\"ReadAction\",\"target\":[\"https:\\\/\\\/aztex.ee\\\/pt-pt\\\/pood\\\/cobertores-e-mantas\\\/manta-130x180-cm\\\/\"]}]},{\"@type\":\"ImageObject\",\"inLanguage\":\"pt-PT\",\"@id\":\"https:\\\/\\\/aztex.ee\\\/pt-pt\\\/pood\\\/cobertores-e-mantas\\\/manta-130x180-cm\\\/#primaryimage\",\"url\":\"https:\\\/\\\/aztex.ee\\\/wp-content\\\/uploads\\\/2025\\\/02\\\/Pleed-130x180-cm.jpg\",\"contentUrl\":\"https:\\\/\\\/aztex.ee\\\/wp-content\\\/uploads\\\/2025\\\/02\\\/Pleed-130x180-cm.jpg\",\"width\":800,\"height\":800,\"caption\":\"Pleed 130x180 cm\"},{\"@type\":\"BreadcrumbList\",\"@id\":\"https:\\\/\\\/aztex.ee\\\/pt-pt\\\/pood\\\/cobertores-e-mantas\\\/manta-130x180-cm\\\/#breadcrumb\",\"itemListElement\":[{\"@type\":\"ListItem\",\"position\":1,\"name\":\"In\u00edcio\",\"item\":\"https:\\\/\\\/aztex.ee\\\/pt-pt\\\/\"},{\"@type\":\"ListItem\",\"position\":2,\"name\":\"Loja\",\"item\":\"https:\\\/\\\/aztex.ee\\\/pt-pt\\\/loja\\\/\"},{\"@type\":\"ListItem\",\"position\":3,\"name\":\"Manta 130&#215;180 cm\"}]},{\"@type\":\"WebSite\",\"@id\":\"https:\\\/\\\/aztex.ee\\\/pt-pt\\\/#website\",\"url\":\"https:\\\/\\\/aztex.ee\\\/pt-pt\\\/\",\"name\":\"AZTEX\",\"description\":\"\",\"publisher\":{\"@id\":\"https:\\\/\\\/aztex.ee\\\/pt-pt\\\/#organization\"},\"potentialAction\":[{\"@type\":\"SearchAction\",\"target\":{\"@type\":\"EntryPoint\",\"urlTemplate\":\"https:\\\/\\\/aztex.ee\\\/pt-pt\\\/?s={search_term_string}\"},\"query-input\":{\"@type\":\"PropertyValueSpecification\",\"valueRequired\":true,\"valueName\":\"search_term_string\"}}],\"inLanguage\":\"pt-PT\"},{\"@type\":\"Organization\",\"@id\":\"https:\\\/\\\/aztex.ee\\\/pt-pt\\\/#organization\",\"name\":\"AZTEX\",\"url\":\"https:\\\/\\\/aztex.ee\\\/pt-pt\\\/\",\"logo\":{\"@type\":\"ImageObject\",\"inLanguage\":\"pt-PT\",\"@id\":\"https:\\\/\\\/aztex.ee\\\/pt-pt\\\/#\\\/schema\\\/logo\\\/image\\\/\",\"url\":\"https:\\\/\\\/aztex.ee\\\/wp-content\\\/uploads\\\/2026\\\/01\\\/AZTEX.png\",\"contentUrl\":\"https:\\\/\\\/aztex.ee\\\/wp-content\\\/uploads\\\/2026\\\/01\\\/AZTEX.png\",\"width\":500,\"height\":500,\"caption\":\"AZTEX\"},\"image\":{\"@id\":\"https:\\\/\\\/aztex.ee\\\/pt-pt\\\/#\\\/schema\\\/logo\\\/image\\\/\"},\"sameAs\":[\"https:\\\/\\\/www.facebook.com\\\/AztexEE\",\"https:\\\/\\\/www.instagram.com\\\/aztexeesti\\\/\",\"https:\\\/\\\/www.youtube.com\\\/@AZTEXEE\",\"https:\\\/\\\/www.pinterest.com\\\/aztex_eesti\\\/\",\"https:\\\/\\\/www.tiktok.com\\\/@aztexeesti\",\"https:\\\/\\\/www.trustpilot.com\\\/review\\\/aztex.ee\",\"https:\\\/\\\/www.linkedin.com\\\/company\\\/aztex-ee\\\/\",\"https:\\\/\\\/www.wikidata.org\\\/wiki\\\/Q137560182\"]}]}<\/script>\n<!-- \/ Yoast SEO plugin. -->","yoast_head_json":{"title":"Manta 130x180 cm | AZTEX","description":"O manta aconchegante e macio traz aconchego a qualquer casa. A companhia perfeita para as noites frias \u2013 desfrute de conforto e estilo!","robots":{"index":"index","follow":"follow","max-snippet":"max-snippet:-1","max-image-preview":"max-image-preview:large","max-video-preview":"max-video-preview:-1"},"canonical":"https:\/\/aztex.ee\/pt-pt\/pood\/cobertores-e-mantas\/manta-130x180-cm\/","og_locale":"pt_PT","og_type":"article","og_title":"Manta 130x180 cm | AZTEX","og_description":"O manta aconchegante e macio traz aconchego a qualquer casa. A companhia perfeita para as noites frias \u2013 desfrute de conforto e estilo!","og_url":"https:\/\/aztex.ee\/pt-pt\/pood\/cobertores-e-mantas\/manta-130x180-cm\/","og_site_name":"AZTEX","article_publisher":"https:\/\/www.facebook.com\/AztexEE","article_modified_time":"2026-04-07T12:51:25+00:00","og_image":[{"width":800,"height":800,"url":"https:\/\/aztex.ee\/wp-content\/uploads\/2025\/02\/Pleed-130x180-cm.jpg","type":"image\/jpeg"}],"twitter_card":"summary_large_image","twitter_misc":{"Tempo estimado de leitura":"2 minutos"},"schema":{"@context":"https:\/\/schema.org","@graph":[{"@type":["WebPage","ItemPage"],"@id":"https:\/\/aztex.ee\/pt-pt\/pood\/cobertores-e-mantas\/manta-130x180-cm\/","url":"https:\/\/aztex.ee\/pt-pt\/pood\/cobertores-e-mantas\/manta-130x180-cm\/","name":"Manta 130x180 cm | AZTEX","isPartOf":{"@id":"https:\/\/aztex.ee\/pt-pt\/#website"},"primaryImageOfPage":{"@id":"https:\/\/aztex.ee\/pt-pt\/pood\/cobertores-e-mantas\/manta-130x180-cm\/#primaryimage"},"image":{"@id":"https:\/\/aztex.ee\/pt-pt\/pood\/cobertores-e-mantas\/manta-130x180-cm\/#primaryimage"},"thumbnailUrl":"https:\/\/aztex.ee\/wp-content\/uploads\/2025\/02\/Pleed-130x180-cm.jpg","datePublished":"2025-02-18T09:05:31+00:00","dateModified":"2026-04-07T12:51:25+00:00","description":"O manta aconchegante e macio traz aconchego a qualquer casa. A companhia perfeita para as noites frias \u2013 desfrute de conforto e estilo!","breadcrumb":{"@id":"https:\/\/aztex.ee\/pt-pt\/pood\/cobertores-e-mantas\/manta-130x180-cm\/#breadcrumb"},"inLanguage":"pt-PT","potentialAction":[{"@type":"ReadAction","target":["https:\/\/aztex.ee\/pt-pt\/pood\/cobertores-e-mantas\/manta-130x180-cm\/"]}]},{"@type":"ImageObject","inLanguage":"pt-PT","@id":"https:\/\/aztex.ee\/pt-pt\/pood\/cobertores-e-mantas\/manta-130x180-cm\/#primaryimage","url":"https:\/\/aztex.ee\/wp-content\/uploads\/2025\/02\/Pleed-130x180-cm.jpg","contentUrl":"https:\/\/aztex.ee\/wp-content\/uploads\/2025\/02\/Pleed-130x180-cm.jpg","width":800,"height":800,"caption":"Pleed 130x180 cm"},{"@type":"BreadcrumbList","@id":"https:\/\/aztex.ee\/pt-pt\/pood\/cobertores-e-mantas\/manta-130x180-cm\/#breadcrumb","itemListElement":[{"@type":"ListItem","position":1,"name":"In\u00edcio","item":"https:\/\/aztex.ee\/pt-pt\/"},{"@type":"ListItem","position":2,"name":"Loja","item":"https:\/\/aztex.ee\/pt-pt\/loja\/"},{"@type":"ListItem","position":3,"name":"Manta 130&#215;180 cm"}]},{"@type":"WebSite","@id":"https:\/\/aztex.ee\/pt-pt\/#website","url":"https:\/\/aztex.ee\/pt-pt\/","name":"AZTEX","description":"","publisher":{"@id":"https:\/\/aztex.ee\/pt-pt\/#organization"},"potentialAction":[{"@type":"SearchAction","target":{"@type":"EntryPoint","urlTemplate":"https:\/\/aztex.ee\/pt-pt\/?s={search_term_string}"},"query-input":{"@type":"PropertyValueSpecification","valueRequired":true,"valueName":"search_term_string"}}],"inLanguage":"pt-PT"},{"@type":"Organization","@id":"https:\/\/aztex.ee\/pt-pt\/#organization","name":"AZTEX","url":"https:\/\/aztex.ee\/pt-pt\/","logo":{"@type":"ImageObject","inLanguage":"pt-PT","@id":"https:\/\/aztex.ee\/pt-pt\/#\/schema\/logo\/image\/","url":"https:\/\/aztex.ee\/wp-content\/uploads\/2026\/01\/AZTEX.png","contentUrl":"https:\/\/aztex.ee\/wp-content\/uploads\/2026\/01\/AZTEX.png","width":500,"height":500,"caption":"AZTEX"},"image":{"@id":"https:\/\/aztex.ee\/pt-pt\/#\/schema\/logo\/image\/"},"sameAs":["https:\/\/www.facebook.com\/AztexEE","https:\/\/www.instagram.com\/aztexeesti\/","https:\/\/www.youtube.com\/@AZTEXEE","https:\/\/www.pinterest.com\/aztex_eesti\/","https:\/\/www.tiktok.com\/@aztexeesti","https:\/\/www.trustpilot.com\/review\/aztex.ee","https:\/\/www.linkedin.com\/company\/aztex-ee\/","https:\/\/www.wikidata.org\/wiki\/Q137560182"]}]}},"_links":{"self":[{"href":"https:\/\/aztex.ee\/pt-pt\/wp-json\/wp\/v2\/product\/57330","targetHints":{"allow":["GET"]}}],"collection":[{"href":"https:\/\/aztex.ee\/pt-pt\/wp-json\/wp\/v2\/product"}],"about":[{"href":"https:\/\/aztex.ee\/pt-pt\/wp-json\/wp\/v2\/types\/product"}],"replies":[{"embeddable":true,"href":"https:\/\/aztex.ee\/pt-pt\/wp-json\/wp\/v2\/comments?post=57330"}],"version-history":[{"count":0,"href":"https:\/\/aztex.ee\/pt-pt\/wp-json\/wp\/v2\/product\/57330\/revisions"}],"wp:featuredmedia":[{"embeddable":true,"href":"https:\/\/aztex.ee\/pt-pt\/wp-json\/wp\/v2\/media\/57409"}],"wp:attachment":[{"href":"https:\/\/aztex.ee\/pt-pt\/wp-json\/wp\/v2\/media?parent=57330"}],"wp:term":[{"taxonomy":"product_brand","embeddable":true,"href":"https:\/\/aztex.ee\/pt-pt\/wp-json\/wp\/v2\/product_brand?post=57330"},{"taxonomy":"product_cat","embeddable":true,"href":"https:\/\/aztex.ee\/pt-pt\/wp-json\/wp\/v2\/product_cat?post=57330"},{"taxonomy":"product_tag","embeddable":true,"href":"https:\/\/aztex.ee\/pt-pt\/wp-json\/wp\/v2\/product_tag?post=57330"}],"curies":[{"name":"wp","href":"https:\/\/api.w.org\/{rel}","templated":true}]}}