{"id":55263,"date":"2025-02-13T18:53:53","date_gmt":"2025-02-13T18:53:53","guid":{"rendered":"https:\/\/aztex.ee\/?post_type=product&#038;p=55263"},"modified":"2026-03-29T18:06:28","modified_gmt":"2026-03-29T18:06:28","slug":"cobertor-de-la-macia-180x200-cm","status":"publish","type":"product","link":"https:\/\/aztex.ee\/pt-pt\/pood\/cobertores-e-mantas\/cobertor-de-la-macia-180x200-cm\/","title":{"rendered":"Cobertor de l\u00e3 macia 180&#215;200 cm"},"content":{"rendered":"<p><strong>Manta de l\u00e3 macia e quente 180\u00d7200 cm \u2013 aconchego para todos os dias<\/strong><\/p>\n<p>Desfrute do m\u00e1ximo conforto com um cobertor de l\u00e3 macio e de alta qualidade! O cobertor grande de 180\u00d7200 cm \u00e9 perfeito tanto para a cama como para o sof\u00e1, proporcionando calor e aconchego em qualquer esta\u00e7\u00e3o. O seu material leve, respir\u00e1vel e dur\u00e1vel torna cada momento de descanso ainda mais agrad\u00e1vel.<\/p>\n<p><strong>Material de elevada qualidade e durabilidade<\/strong><br \/>\nO material de l\u00e3 garante o equil\u00edbrio perfeito entre o calor e a circula\u00e7\u00e3o do ar. O cobertor \u00e9 leve, mas quente, proporcionando conforto mesmo nas noites mais frias. O tecido dur\u00e1vel mant\u00e9m a sua forma e cor mesmo ap\u00f3s lavagens repetidas, o que o torna uma escolha duradoura.<\/p>\n<p><strong>F\u00e1cil manuten\u00e7\u00e3o e praticidade<\/strong><br \/>\nO cobertor de l\u00e3 foi concebido para uso di\u00e1rio e \u00e9 f\u00e1cil de cuidar. O material lav\u00e1vel \u00e0 m\u00e1quina n\u00e3o perde a suavidade nem a cor mesmo ap\u00f3s v\u00e1rias lavagens. Al\u00e9m disso, o cobertor seca rapidamente, sendo ideal para quem valoriza a praticidade e o conforto.<\/p>\n<p><strong>Uso vers\u00e1til<\/strong><br \/>\nO cobertor \u00e9 perfeito tanto para a cama como para o sof\u00e1, proporcionando mais calor e suavidade. Gra\u00e7as \u00e0 sua leveza, \u00e9 um \u00f3timo companheiro para viagens, acampamentos e piqueniques \u2013 \u00e9 f\u00e1cil de dobrar e de levar consigo. Nas noites frias, o cobertor tamb\u00e9m proporciona calor quando se est\u00e1 sentado no terra\u00e7o ou na varanda.<\/p>\n<p><strong>\u00d3tima ideia de presente<\/strong><br \/>\nUm cobertor de l\u00e3 \u00e9 o presente perfeito para pessoas queridas que gostam de desfrutar de aconchego e calor. O seu material macio e luxuoso faz dele um companheiro adorado em qualquer casa.<\/p>\n<p>Adicione mais conforto e aconchego \u00e0 sua vida com esta manta de l\u00e3 macia e desfrute de momentos aconchegantes em qualquer esta\u00e7\u00e3o!<\/p>\n","protected":false},"excerpt":{"rendered":"<ul>\n<li>Material: Velo coral<\/li>\n<li>Tamanho: 180&#215;200 cm \u00b13<\/li>\n<li>Peso: 1,2 kg<\/li>\n<\/ul>\n","protected":false},"featured_media":55365,"comment_status":"open","ping_status":"closed","template":"","meta":[],"product_brand":[],"product_cat":[3140,3447,1875],"product_tag":[],"class_list":{"0":"post-55263","1":"product","2":"type-product","3":"status-publish","4":"has-post-thumbnail","6":"product_cat-cobertores-de-la","7":"product_cat-cobertores-de-la-180x200-cm","8":"product_cat-cobertores-e-mantas","10":"first","11":"instock","12":"shipping-taxable","13":"purchasable","14":"product-type-variable"},"yoast_head":"<!-- This site is optimized with the Yoast SEO plugin v27.4 - https:\/\/yoast.com\/product\/yoast-seo-wordpress\/ -->\n<title>Cobertor de l\u00e3 macia 180x200 cm | AZTEX<\/title>\n<meta name=\"description\" content=\"Cobertor de l\u00e3 confort\u00e1vel e quente no tamanho 180x200 cm. Ideal para uso di\u00e1rio, proporcionando uma suavidade agrad\u00e1vel \u00e0 pele, criando uma sensa\u00e7\u00e3o\" \/>\n<meta name=\"robots\" content=\"index, follow, max-snippet:-1, max-image-preview:large, max-video-preview:-1\" \/>\n<link rel=\"canonical\" href=\"https:\/\/aztex.ee\/pt-pt\/pood\/cobertores-e-mantas\/cobertor-de-la-macia-180x200-cm\/\" \/>\n<meta property=\"og:locale\" content=\"pt_PT\" \/>\n<meta property=\"og:type\" content=\"article\" \/>\n<meta property=\"og:title\" content=\"Cobertor de l\u00e3 macia 180x200 cm | AZTEX\" \/>\n<meta property=\"og:description\" content=\"Cobertor de l\u00e3 confort\u00e1vel e quente no tamanho 180x200 cm. Ideal para uso di\u00e1rio, proporcionando uma suavidade agrad\u00e1vel \u00e0 pele, criando uma sensa\u00e7\u00e3o\" \/>\n<meta property=\"og:url\" content=\"https:\/\/aztex.ee\/pt-pt\/pood\/cobertores-e-mantas\/cobertor-de-la-macia-180x200-cm\/\" \/>\n<meta property=\"og:site_name\" content=\"AZTEX\" \/>\n<meta property=\"article:publisher\" content=\"https:\/\/www.facebook.com\/AztexEE\" \/>\n<meta property=\"article:modified_time\" content=\"2026-03-29T18:06:28+00:00\" \/>\n<meta property=\"og:image\" content=\"https:\/\/aztex.ee\/wp-content\/uploads\/2025\/02\/Pehme-fliistekk-180\u00d7200-cm.jpg\" \/>\n\t<meta property=\"og:image:width\" content=\"800\" \/>\n\t<meta property=\"og:image:height\" content=\"800\" \/>\n\t<meta property=\"og:image:type\" content=\"image\/jpeg\" \/>\n<meta name=\"twitter:card\" content=\"summary_large_image\" \/>\n<meta name=\"twitter:label1\" content=\"Tempo estimado de leitura\" \/>\n\t<meta name=\"twitter:data1\" content=\"2 minutos\" \/>\n<script type=\"application\/ld+json\" class=\"yoast-schema-graph\">{\"@context\":\"https:\\\/\\\/schema.org\",\"@graph\":[{\"@type\":[\"WebPage\",\"ItemPage\"],\"@id\":\"https:\\\/\\\/aztex.ee\\\/pt-pt\\\/pood\\\/cobertores-e-mantas\\\/cobertor-de-la-macia-180x200-cm\\\/\",\"url\":\"https:\\\/\\\/aztex.ee\\\/pt-pt\\\/pood\\\/cobertores-e-mantas\\\/cobertor-de-la-macia-180x200-cm\\\/\",\"name\":\"Cobertor de l\u00e3 macia 180x200 cm | AZTEX\",\"isPartOf\":{\"@id\":\"https:\\\/\\\/aztex.ee\\\/pt-pt\\\/#website\"},\"primaryImageOfPage\":{\"@id\":\"https:\\\/\\\/aztex.ee\\\/pt-pt\\\/pood\\\/cobertores-e-mantas\\\/cobertor-de-la-macia-180x200-cm\\\/#primaryimage\"},\"image\":{\"@id\":\"https:\\\/\\\/aztex.ee\\\/pt-pt\\\/pood\\\/cobertores-e-mantas\\\/cobertor-de-la-macia-180x200-cm\\\/#primaryimage\"},\"thumbnailUrl\":\"https:\\\/\\\/aztex.ee\\\/wp-content\\\/uploads\\\/2025\\\/02\\\/Pehme-fliistekk-180\u00d7200-cm.jpg\",\"datePublished\":\"2025-02-13T18:53:53+00:00\",\"dateModified\":\"2026-03-29T18:06:28+00:00\",\"description\":\"Cobertor de l\u00e3 confort\u00e1vel e quente no tamanho 180x200 cm. Ideal para uso di\u00e1rio, proporcionando uma suavidade agrad\u00e1vel \u00e0 pele, criando uma sensa\u00e7\u00e3o\",\"breadcrumb\":{\"@id\":\"https:\\\/\\\/aztex.ee\\\/pt-pt\\\/pood\\\/cobertores-e-mantas\\\/cobertor-de-la-macia-180x200-cm\\\/#breadcrumb\"},\"inLanguage\":\"pt-PT\",\"potentialAction\":[{\"@type\":\"ReadAction\",\"target\":[\"https:\\\/\\\/aztex.ee\\\/pt-pt\\\/pood\\\/cobertores-e-mantas\\\/cobertor-de-la-macia-180x200-cm\\\/\"]}]},{\"@type\":\"ImageObject\",\"inLanguage\":\"pt-PT\",\"@id\":\"https:\\\/\\\/aztex.ee\\\/pt-pt\\\/pood\\\/cobertores-e-mantas\\\/cobertor-de-la-macia-180x200-cm\\\/#primaryimage\",\"url\":\"https:\\\/\\\/aztex.ee\\\/wp-content\\\/uploads\\\/2025\\\/02\\\/Pehme-fliistekk-180\u00d7200-cm.jpg\",\"contentUrl\":\"https:\\\/\\\/aztex.ee\\\/wp-content\\\/uploads\\\/2025\\\/02\\\/Pehme-fliistekk-180\u00d7200-cm.jpg\",\"width\":800,\"height\":800,\"caption\":\"Pehme fliistekk 180\u00d7200 cm\"},{\"@type\":\"BreadcrumbList\",\"@id\":\"https:\\\/\\\/aztex.ee\\\/pt-pt\\\/pood\\\/cobertores-e-mantas\\\/cobertor-de-la-macia-180x200-cm\\\/#breadcrumb\",\"itemListElement\":[{\"@type\":\"ListItem\",\"position\":1,\"name\":\"In\u00edcio\",\"item\":\"https:\\\/\\\/aztex.ee\\\/pt-pt\\\/\"},{\"@type\":\"ListItem\",\"position\":2,\"name\":\"Loja\",\"item\":\"https:\\\/\\\/aztex.ee\\\/pt-pt\\\/loja\\\/\"},{\"@type\":\"ListItem\",\"position\":3,\"name\":\"Cobertor de l\u00e3 macia 180&#215;200 cm\"}]},{\"@type\":\"WebSite\",\"@id\":\"https:\\\/\\\/aztex.ee\\\/pt-pt\\\/#website\",\"url\":\"https:\\\/\\\/aztex.ee\\\/pt-pt\\\/\",\"name\":\"AZTEX\",\"description\":\"\",\"publisher\":{\"@id\":\"https:\\\/\\\/aztex.ee\\\/pt-pt\\\/#organization\"},\"potentialAction\":[{\"@type\":\"SearchAction\",\"target\":{\"@type\":\"EntryPoint\",\"urlTemplate\":\"https:\\\/\\\/aztex.ee\\\/pt-pt\\\/?s={search_term_string}\"},\"query-input\":{\"@type\":\"PropertyValueSpecification\",\"valueRequired\":true,\"valueName\":\"search_term_string\"}}],\"inLanguage\":\"pt-PT\"},{\"@type\":\"Organization\",\"@id\":\"https:\\\/\\\/aztex.ee\\\/pt-pt\\\/#organization\",\"name\":\"AZTEX\",\"url\":\"https:\\\/\\\/aztex.ee\\\/pt-pt\\\/\",\"logo\":{\"@type\":\"ImageObject\",\"inLanguage\":\"pt-PT\",\"@id\":\"https:\\\/\\\/aztex.ee\\\/pt-pt\\\/#\\\/schema\\\/logo\\\/image\\\/\",\"url\":\"https:\\\/\\\/aztex.ee\\\/wp-content\\\/uploads\\\/2026\\\/01\\\/AZTEX.png\",\"contentUrl\":\"https:\\\/\\\/aztex.ee\\\/wp-content\\\/uploads\\\/2026\\\/01\\\/AZTEX.png\",\"width\":500,\"height\":500,\"caption\":\"AZTEX\"},\"image\":{\"@id\":\"https:\\\/\\\/aztex.ee\\\/pt-pt\\\/#\\\/schema\\\/logo\\\/image\\\/\"},\"sameAs\":[\"https:\\\/\\\/www.facebook.com\\\/AztexEE\",\"https:\\\/\\\/www.instagram.com\\\/aztexeesti\\\/\",\"https:\\\/\\\/www.youtube.com\\\/@AZTEXEE\",\"https:\\\/\\\/www.pinterest.com\\\/aztex_eesti\\\/\",\"https:\\\/\\\/www.tiktok.com\\\/@aztexeesti\",\"https:\\\/\\\/www.trustpilot.com\\\/review\\\/aztex.ee\",\"https:\\\/\\\/www.linkedin.com\\\/company\\\/aztex-ee\\\/\",\"https:\\\/\\\/www.wikidata.org\\\/wiki\\\/Q137560182\"]}]}<\/script>\n<!-- \/ Yoast SEO plugin. -->","yoast_head_json":{"title":"Cobertor de l\u00e3 macia 180x200 cm | AZTEX","description":"Cobertor de l\u00e3 confort\u00e1vel e quente no tamanho 180x200 cm. Ideal para uso di\u00e1rio, proporcionando uma suavidade agrad\u00e1vel \u00e0 pele, criando uma sensa\u00e7\u00e3o","robots":{"index":"index","follow":"follow","max-snippet":"max-snippet:-1","max-image-preview":"max-image-preview:large","max-video-preview":"max-video-preview:-1"},"canonical":"https:\/\/aztex.ee\/pt-pt\/pood\/cobertores-e-mantas\/cobertor-de-la-macia-180x200-cm\/","og_locale":"pt_PT","og_type":"article","og_title":"Cobertor de l\u00e3 macia 180x200 cm | AZTEX","og_description":"Cobertor de l\u00e3 confort\u00e1vel e quente no tamanho 180x200 cm. Ideal para uso di\u00e1rio, proporcionando uma suavidade agrad\u00e1vel \u00e0 pele, criando uma sensa\u00e7\u00e3o","og_url":"https:\/\/aztex.ee\/pt-pt\/pood\/cobertores-e-mantas\/cobertor-de-la-macia-180x200-cm\/","og_site_name":"AZTEX","article_publisher":"https:\/\/www.facebook.com\/AztexEE","article_modified_time":"2026-03-29T18:06:28+00:00","og_image":[{"width":800,"height":800,"url":"https:\/\/aztex.ee\/wp-content\/uploads\/2025\/02\/Pehme-fliistekk-180\u00d7200-cm.jpg","type":"image\/jpeg"}],"twitter_card":"summary_large_image","twitter_misc":{"Tempo estimado de leitura":"2 minutos"},"schema":{"@context":"https:\/\/schema.org","@graph":[{"@type":["WebPage","ItemPage"],"@id":"https:\/\/aztex.ee\/pt-pt\/pood\/cobertores-e-mantas\/cobertor-de-la-macia-180x200-cm\/","url":"https:\/\/aztex.ee\/pt-pt\/pood\/cobertores-e-mantas\/cobertor-de-la-macia-180x200-cm\/","name":"Cobertor de l\u00e3 macia 180x200 cm | AZTEX","isPartOf":{"@id":"https:\/\/aztex.ee\/pt-pt\/#website"},"primaryImageOfPage":{"@id":"https:\/\/aztex.ee\/pt-pt\/pood\/cobertores-e-mantas\/cobertor-de-la-macia-180x200-cm\/#primaryimage"},"image":{"@id":"https:\/\/aztex.ee\/pt-pt\/pood\/cobertores-e-mantas\/cobertor-de-la-macia-180x200-cm\/#primaryimage"},"thumbnailUrl":"https:\/\/aztex.ee\/wp-content\/uploads\/2025\/02\/Pehme-fliistekk-180\u00d7200-cm.jpg","datePublished":"2025-02-13T18:53:53+00:00","dateModified":"2026-03-29T18:06:28+00:00","description":"Cobertor de l\u00e3 confort\u00e1vel e quente no tamanho 180x200 cm. Ideal para uso di\u00e1rio, proporcionando uma suavidade agrad\u00e1vel \u00e0 pele, criando uma sensa\u00e7\u00e3o","breadcrumb":{"@id":"https:\/\/aztex.ee\/pt-pt\/pood\/cobertores-e-mantas\/cobertor-de-la-macia-180x200-cm\/#breadcrumb"},"inLanguage":"pt-PT","potentialAction":[{"@type":"ReadAction","target":["https:\/\/aztex.ee\/pt-pt\/pood\/cobertores-e-mantas\/cobertor-de-la-macia-180x200-cm\/"]}]},{"@type":"ImageObject","inLanguage":"pt-PT","@id":"https:\/\/aztex.ee\/pt-pt\/pood\/cobertores-e-mantas\/cobertor-de-la-macia-180x200-cm\/#primaryimage","url":"https:\/\/aztex.ee\/wp-content\/uploads\/2025\/02\/Pehme-fliistekk-180\u00d7200-cm.jpg","contentUrl":"https:\/\/aztex.ee\/wp-content\/uploads\/2025\/02\/Pehme-fliistekk-180\u00d7200-cm.jpg","width":800,"height":800,"caption":"Pehme fliistekk 180\u00d7200 cm"},{"@type":"BreadcrumbList","@id":"https:\/\/aztex.ee\/pt-pt\/pood\/cobertores-e-mantas\/cobertor-de-la-macia-180x200-cm\/#breadcrumb","itemListElement":[{"@type":"ListItem","position":1,"name":"In\u00edcio","item":"https:\/\/aztex.ee\/pt-pt\/"},{"@type":"ListItem","position":2,"name":"Loja","item":"https:\/\/aztex.ee\/pt-pt\/loja\/"},{"@type":"ListItem","position":3,"name":"Cobertor de l\u00e3 macia 180&#215;200 cm"}]},{"@type":"WebSite","@id":"https:\/\/aztex.ee\/pt-pt\/#website","url":"https:\/\/aztex.ee\/pt-pt\/","name":"AZTEX","description":"","publisher":{"@id":"https:\/\/aztex.ee\/pt-pt\/#organization"},"potentialAction":[{"@type":"SearchAction","target":{"@type":"EntryPoint","urlTemplate":"https:\/\/aztex.ee\/pt-pt\/?s={search_term_string}"},"query-input":{"@type":"PropertyValueSpecification","valueRequired":true,"valueName":"search_term_string"}}],"inLanguage":"pt-PT"},{"@type":"Organization","@id":"https:\/\/aztex.ee\/pt-pt\/#organization","name":"AZTEX","url":"https:\/\/aztex.ee\/pt-pt\/","logo":{"@type":"ImageObject","inLanguage":"pt-PT","@id":"https:\/\/aztex.ee\/pt-pt\/#\/schema\/logo\/image\/","url":"https:\/\/aztex.ee\/wp-content\/uploads\/2026\/01\/AZTEX.png","contentUrl":"https:\/\/aztex.ee\/wp-content\/uploads\/2026\/01\/AZTEX.png","width":500,"height":500,"caption":"AZTEX"},"image":{"@id":"https:\/\/aztex.ee\/pt-pt\/#\/schema\/logo\/image\/"},"sameAs":["https:\/\/www.facebook.com\/AztexEE","https:\/\/www.instagram.com\/aztexeesti\/","https:\/\/www.youtube.com\/@AZTEXEE","https:\/\/www.pinterest.com\/aztex_eesti\/","https:\/\/www.tiktok.com\/@aztexeesti","https:\/\/www.trustpilot.com\/review\/aztex.ee","https:\/\/www.linkedin.com\/company\/aztex-ee\/","https:\/\/www.wikidata.org\/wiki\/Q137560182"]}]}},"_links":{"self":[{"href":"https:\/\/aztex.ee\/pt-pt\/wp-json\/wp\/v2\/product\/55263","targetHints":{"allow":["GET"]}}],"collection":[{"href":"https:\/\/aztex.ee\/pt-pt\/wp-json\/wp\/v2\/product"}],"about":[{"href":"https:\/\/aztex.ee\/pt-pt\/wp-json\/wp\/v2\/types\/product"}],"replies":[{"embeddable":true,"href":"https:\/\/aztex.ee\/pt-pt\/wp-json\/wp\/v2\/comments?post=55263"}],"version-history":[{"count":0,"href":"https:\/\/aztex.ee\/pt-pt\/wp-json\/wp\/v2\/product\/55263\/revisions"}],"wp:featuredmedia":[{"embeddable":true,"href":"https:\/\/aztex.ee\/pt-pt\/wp-json\/wp\/v2\/media\/55365"}],"wp:attachment":[{"href":"https:\/\/aztex.ee\/pt-pt\/wp-json\/wp\/v2\/media?parent=55263"}],"wp:term":[{"taxonomy":"product_brand","embeddable":true,"href":"https:\/\/aztex.ee\/pt-pt\/wp-json\/wp\/v2\/product_brand?post=55263"},{"taxonomy":"product_cat","embeddable":true,"href":"https:\/\/aztex.ee\/pt-pt\/wp-json\/wp\/v2\/product_cat?post=55263"},{"taxonomy":"product_tag","embeddable":true,"href":"https:\/\/aztex.ee\/pt-pt\/wp-json\/wp\/v2\/product_tag?post=55263"}],"curies":[{"name":"wp","href":"https:\/\/api.w.org\/{rel}","templated":true}]}}