{"id":50187,"date":"2025-02-05T22:02:46","date_gmt":"2025-02-05T22:02:46","guid":{"rendered":"https:\/\/aztex.ee\/?post_type=product&#038;p=50187"},"modified":"2026-04-29T11:46:28","modified_gmt":"2026-04-29T11:46:28","slug":"cobertor-raschel-200x230-cm","status":"publish","type":"product","link":"https:\/\/aztex.ee\/pt-pt\/pood\/cobertores-e-mantas\/cobertor-raschel-200x230-cm\/","title":{"rendered":"Cobertor Raschel 200&#215;230 cm | 3,5 kg"},"content":{"rendered":"<p><strong>Cobertor Raschel \u2013 suavidade e estilo luxuosos<\/strong><\/p>\n<p>Um cobertor Raschel combina calor, conforto e estilo num s\u00f3 produto. A suavidade luxuosa torna o uso di\u00e1rio aconchegante e agrad\u00e1vel. A textura do cobertor proporciona uma experi\u00eancia agrad\u00e1vel, sendo suave e ao mesmo tempo dur\u00e1vel o suficiente para garantir uma utiliza\u00e7\u00e3o a longo prazo. Diferentes tons de cores e belos padr\u00f5es combinam com qualquer design de interiores, conferindo aos ambientes aconchego, eleg\u00e2ncia e estilo.<\/p>\n<p>Um cobertor Raschel foi concebido para ser utilizado n\u00e3o s\u00f3 na cama, mas tamb\u00e9m no sof\u00e1 ou noutras divis\u00f5es onde haja o desejo de adicionar calor e uma atmosfera luxuosa. A espessura do cobertor Raschel garante um efeito de reten\u00e7\u00e3o de calor, enquanto a textura macia torna cada utiliza\u00e7\u00e3o especial e confort\u00e1vel.<\/p>\n<p><strong>Calor e conforto<\/strong><\/p>\n<p>Um cobertor Raschel oferece um calor e conforto excecionais, sendo a escolha perfeita para os dias mais frios. As suas propriedades de reten\u00e7\u00e3o de calor garantem um ambiente agrad\u00e1vel e aconchegante, proporcionando um conforto adicional quando s\u00e3o necess\u00e1rios ambientes quentes e aconchegantes. O design do cobertor foi pensado para proporcionar uma sensa\u00e7\u00e3o extra de calor, sem ser demasiado pesado ou desconfort\u00e1vel.<\/p>\n<p><strong>Eleg\u00e2ncia e estilo em todas as divis\u00f5es<\/strong><\/p>\n<p>O design do cobertor \u00e9 simples e elegante, combinando com qualquer interior. A variedade de cores, desde os neutros cl\u00e1ssicos aos tons mais ousados, torna o cobertor Raschel adequado para qualquer ambiente, seja ele cl\u00e1ssico, moderno ou minimalista. O cobertor acrescenta calor e estilo a qualquer divis\u00e3o, sendo o complemento perfeito para qualquer design de interiores. O design do cobertor complementa qualquer ambiente, acrescentando aconchego e um clima luxuoso. O cobertor Raschel \u00e9 o produto ideal que combina calor, conforto e estilo numa experi\u00eancia luxuosa.<\/p>\n","protected":false},"excerpt":{"rendered":"<ul>\n<li>Material: Poli\u00e9ster<\/li>\n<li>Tamanho: 200&#215;230 cm \u00b13<\/li>\n<li>Peso: 3,5 kg<\/li>\n<\/ul>\n","protected":false},"featured_media":50252,"comment_status":"open","ping_status":"closed","template":"","meta":[],"product_brand":[],"product_cat":[1875,3050,3094],"product_tag":[],"class_list":{"0":"post-50187","1":"product","2":"type-product","3":"status-publish","4":"has-post-thumbnail","6":"product_cat-cobertores-e-mantas","7":"product_cat-cobertores-raschel","8":"product_cat-cobertores-raschel-200x230-cm","10":"first","11":"instock","12":"shipping-taxable","13":"purchasable","14":"product-type-variable"},"yoast_head":"<!-- This site is optimized with the Yoast SEO plugin v27.6 - https:\/\/yoast.com\/product\/yoast-seo-wordpress\/ -->\n<title>Cobertor macio e quente 200x230 cm | AZTEX<\/title>\n<meta name=\"description\" content=\"O cobertor Raschel combina suavidade e eleg\u00e2ncia, combinando com qualquer interior. Oferecendo um calor e conforto luxuoso, \u00e9 a escolha perfeita para um ..\" \/>\n<meta name=\"robots\" content=\"index, follow, max-snippet:-1, max-image-preview:large, max-video-preview:-1\" \/>\n<link rel=\"canonical\" href=\"https:\/\/aztex.ee\/pt-pt\/pood\/cobertores-e-mantas\/cobertor-raschel-200x230-cm\/\" \/>\n<meta property=\"og:locale\" content=\"pt_PT\" \/>\n<meta property=\"og:type\" content=\"article\" \/>\n<meta property=\"og:title\" content=\"Cobertor macio e quente 200x230 cm | AZTEX\" \/>\n<meta property=\"og:description\" content=\"O cobertor Raschel combina suavidade e eleg\u00e2ncia, combinando com qualquer interior. Oferecendo um calor e conforto luxuoso, \u00e9 a escolha perfeita para um ..\" \/>\n<meta property=\"og:url\" content=\"https:\/\/aztex.ee\/pt-pt\/pood\/cobertores-e-mantas\/cobertor-raschel-200x230-cm\/\" \/>\n<meta property=\"og:site_name\" content=\"AZTEX\" \/>\n<meta property=\"article:publisher\" content=\"https:\/\/www.facebook.com\/AztexEE\" \/>\n<meta property=\"article:modified_time\" content=\"2026-04-29T11:46:28+00:00\" \/>\n<meta property=\"og:image\" content=\"https:\/\/aztex.ee\/wp-content\/uploads\/2025\/02\/Raschel-tekk.jpg\" \/>\n\t<meta property=\"og:image:width\" content=\"800\" \/>\n\t<meta property=\"og:image:height\" content=\"800\" \/>\n\t<meta property=\"og:image:type\" content=\"image\/jpeg\" \/>\n<meta name=\"twitter:card\" content=\"summary_large_image\" \/>\n<meta name=\"twitter:label1\" content=\"Tempo estimado de leitura\" \/>\n\t<meta name=\"twitter:data1\" content=\"2 minutos\" \/>\n<script type=\"application\/ld+json\" class=\"yoast-schema-graph\">{\"@context\":\"https:\\\/\\\/schema.org\",\"@graph\":[{\"@type\":[\"WebPage\",\"ItemPage\"],\"@id\":\"https:\\\/\\\/aztex.ee\\\/pt-pt\\\/pood\\\/cobertores-e-mantas\\\/cobertor-raschel-200x230-cm\\\/\",\"url\":\"https:\\\/\\\/aztex.ee\\\/pt-pt\\\/pood\\\/cobertores-e-mantas\\\/cobertor-raschel-200x230-cm\\\/\",\"name\":\"Cobertor macio e quente 200x230 cm | AZTEX\",\"isPartOf\":{\"@id\":\"https:\\\/\\\/aztex.ee\\\/pt-pt\\\/#website\"},\"primaryImageOfPage\":{\"@id\":\"https:\\\/\\\/aztex.ee\\\/pt-pt\\\/pood\\\/cobertores-e-mantas\\\/cobertor-raschel-200x230-cm\\\/#primaryimage\"},\"image\":{\"@id\":\"https:\\\/\\\/aztex.ee\\\/pt-pt\\\/pood\\\/cobertores-e-mantas\\\/cobertor-raschel-200x230-cm\\\/#primaryimage\"},\"thumbnailUrl\":\"https:\\\/\\\/aztex.ee\\\/wp-content\\\/uploads\\\/2025\\\/02\\\/Raschel-tekk.jpg\",\"datePublished\":\"2025-02-05T22:02:46+00:00\",\"dateModified\":\"2026-04-29T11:46:28+00:00\",\"description\":\"O cobertor Raschel combina suavidade e eleg\u00e2ncia, combinando com qualquer interior. Oferecendo um calor e conforto luxuoso, \u00e9 a escolha perfeita para um ..\",\"breadcrumb\":{\"@id\":\"https:\\\/\\\/aztex.ee\\\/pt-pt\\\/pood\\\/cobertores-e-mantas\\\/cobertor-raschel-200x230-cm\\\/#breadcrumb\"},\"inLanguage\":\"pt-PT\",\"potentialAction\":[{\"@type\":\"ReadAction\",\"target\":[\"https:\\\/\\\/aztex.ee\\\/pt-pt\\\/pood\\\/cobertores-e-mantas\\\/cobertor-raschel-200x230-cm\\\/\"]}]},{\"@type\":\"ImageObject\",\"inLanguage\":\"pt-PT\",\"@id\":\"https:\\\/\\\/aztex.ee\\\/pt-pt\\\/pood\\\/cobertores-e-mantas\\\/cobertor-raschel-200x230-cm\\\/#primaryimage\",\"url\":\"https:\\\/\\\/aztex.ee\\\/wp-content\\\/uploads\\\/2025\\\/02\\\/Raschel-tekk.jpg\",\"contentUrl\":\"https:\\\/\\\/aztex.ee\\\/wp-content\\\/uploads\\\/2025\\\/02\\\/Raschel-tekk.jpg\",\"width\":800,\"height\":800,\"caption\":\"Raschel tekk\"},{\"@type\":\"BreadcrumbList\",\"@id\":\"https:\\\/\\\/aztex.ee\\\/pt-pt\\\/pood\\\/cobertores-e-mantas\\\/cobertor-raschel-200x230-cm\\\/#breadcrumb\",\"itemListElement\":[{\"@type\":\"ListItem\",\"position\":1,\"name\":\"In\u00edcio\",\"item\":\"https:\\\/\\\/aztex.ee\\\/pt-pt\\\/\"},{\"@type\":\"ListItem\",\"position\":2,\"name\":\"Loja\",\"item\":\"https:\\\/\\\/aztex.ee\\\/pt-pt\\\/loja\\\/\"},{\"@type\":\"ListItem\",\"position\":3,\"name\":\"Cobertor Raschel 200&#215;230 cm | 3,5 kg\"}]},{\"@type\":\"WebSite\",\"@id\":\"https:\\\/\\\/aztex.ee\\\/pt-pt\\\/#website\",\"url\":\"https:\\\/\\\/aztex.ee\\\/pt-pt\\\/\",\"name\":\"AZTEX\",\"description\":\"\",\"publisher\":{\"@id\":\"https:\\\/\\\/aztex.ee\\\/pt-pt\\\/#organization\"},\"potentialAction\":[{\"@type\":\"SearchAction\",\"target\":{\"@type\":\"EntryPoint\",\"urlTemplate\":\"https:\\\/\\\/aztex.ee\\\/pt-pt\\\/?s={search_term_string}\"},\"query-input\":{\"@type\":\"PropertyValueSpecification\",\"valueRequired\":true,\"valueName\":\"search_term_string\"}}],\"inLanguage\":\"pt-PT\"},{\"@type\":\"Organization\",\"@id\":\"https:\\\/\\\/aztex.ee\\\/pt-pt\\\/#organization\",\"name\":\"AZTEX\",\"url\":\"https:\\\/\\\/aztex.ee\\\/pt-pt\\\/\",\"logo\":{\"@type\":\"ImageObject\",\"inLanguage\":\"pt-PT\",\"@id\":\"https:\\\/\\\/aztex.ee\\\/pt-pt\\\/#\\\/schema\\\/logo\\\/image\\\/\",\"url\":\"https:\\\/\\\/aztex.ee\\\/wp-content\\\/uploads\\\/2026\\\/01\\\/AZTEX.png\",\"contentUrl\":\"https:\\\/\\\/aztex.ee\\\/wp-content\\\/uploads\\\/2026\\\/01\\\/AZTEX.png\",\"width\":500,\"height\":500,\"caption\":\"AZTEX\"},\"image\":{\"@id\":\"https:\\\/\\\/aztex.ee\\\/pt-pt\\\/#\\\/schema\\\/logo\\\/image\\\/\"},\"sameAs\":[\"https:\\\/\\\/www.facebook.com\\\/AztexEE\",\"https:\\\/\\\/www.instagram.com\\\/aztexeesti\\\/\",\"https:\\\/\\\/www.youtube.com\\\/@AZTEXEE\",\"https:\\\/\\\/www.pinterest.com\\\/aztex_eesti\\\/\",\"https:\\\/\\\/www.tiktok.com\\\/@aztexeesti\",\"https:\\\/\\\/www.trustpilot.com\\\/review\\\/aztex.ee\",\"https:\\\/\\\/www.linkedin.com\\\/company\\\/aztex-ee\\\/\",\"https:\\\/\\\/www.wikidata.org\\\/wiki\\\/Q137560182\"]}]}<\/script>\n<!-- \/ Yoast SEO plugin. -->","yoast_head_json":{"title":"Cobertor macio e quente 200x230 cm | AZTEX","description":"O cobertor Raschel combina suavidade e eleg\u00e2ncia, combinando com qualquer interior. Oferecendo um calor e conforto luxuoso, \u00e9 a escolha perfeita para um ..","robots":{"index":"index","follow":"follow","max-snippet":"max-snippet:-1","max-image-preview":"max-image-preview:large","max-video-preview":"max-video-preview:-1"},"canonical":"https:\/\/aztex.ee\/pt-pt\/pood\/cobertores-e-mantas\/cobertor-raschel-200x230-cm\/","og_locale":"pt_PT","og_type":"article","og_title":"Cobertor macio e quente 200x230 cm | AZTEX","og_description":"O cobertor Raschel combina suavidade e eleg\u00e2ncia, combinando com qualquer interior. Oferecendo um calor e conforto luxuoso, \u00e9 a escolha perfeita para um ..","og_url":"https:\/\/aztex.ee\/pt-pt\/pood\/cobertores-e-mantas\/cobertor-raschel-200x230-cm\/","og_site_name":"AZTEX","article_publisher":"https:\/\/www.facebook.com\/AztexEE","article_modified_time":"2026-04-29T11:46:28+00:00","og_image":[{"width":800,"height":800,"url":"https:\/\/aztex.ee\/wp-content\/uploads\/2025\/02\/Raschel-tekk.jpg","type":"image\/jpeg"}],"twitter_card":"summary_large_image","twitter_misc":{"Tempo estimado de leitura":"2 minutos"},"schema":{"@context":"https:\/\/schema.org","@graph":[{"@type":["WebPage","ItemPage"],"@id":"https:\/\/aztex.ee\/pt-pt\/pood\/cobertores-e-mantas\/cobertor-raschel-200x230-cm\/","url":"https:\/\/aztex.ee\/pt-pt\/pood\/cobertores-e-mantas\/cobertor-raschel-200x230-cm\/","name":"Cobertor macio e quente 200x230 cm | AZTEX","isPartOf":{"@id":"https:\/\/aztex.ee\/pt-pt\/#website"},"primaryImageOfPage":{"@id":"https:\/\/aztex.ee\/pt-pt\/pood\/cobertores-e-mantas\/cobertor-raschel-200x230-cm\/#primaryimage"},"image":{"@id":"https:\/\/aztex.ee\/pt-pt\/pood\/cobertores-e-mantas\/cobertor-raschel-200x230-cm\/#primaryimage"},"thumbnailUrl":"https:\/\/aztex.ee\/wp-content\/uploads\/2025\/02\/Raschel-tekk.jpg","datePublished":"2025-02-05T22:02:46+00:00","dateModified":"2026-04-29T11:46:28+00:00","description":"O cobertor Raschel combina suavidade e eleg\u00e2ncia, combinando com qualquer interior. Oferecendo um calor e conforto luxuoso, \u00e9 a escolha perfeita para um ..","breadcrumb":{"@id":"https:\/\/aztex.ee\/pt-pt\/pood\/cobertores-e-mantas\/cobertor-raschel-200x230-cm\/#breadcrumb"},"inLanguage":"pt-PT","potentialAction":[{"@type":"ReadAction","target":["https:\/\/aztex.ee\/pt-pt\/pood\/cobertores-e-mantas\/cobertor-raschel-200x230-cm\/"]}]},{"@type":"ImageObject","inLanguage":"pt-PT","@id":"https:\/\/aztex.ee\/pt-pt\/pood\/cobertores-e-mantas\/cobertor-raschel-200x230-cm\/#primaryimage","url":"https:\/\/aztex.ee\/wp-content\/uploads\/2025\/02\/Raschel-tekk.jpg","contentUrl":"https:\/\/aztex.ee\/wp-content\/uploads\/2025\/02\/Raschel-tekk.jpg","width":800,"height":800,"caption":"Raschel tekk"},{"@type":"BreadcrumbList","@id":"https:\/\/aztex.ee\/pt-pt\/pood\/cobertores-e-mantas\/cobertor-raschel-200x230-cm\/#breadcrumb","itemListElement":[{"@type":"ListItem","position":1,"name":"In\u00edcio","item":"https:\/\/aztex.ee\/pt-pt\/"},{"@type":"ListItem","position":2,"name":"Loja","item":"https:\/\/aztex.ee\/pt-pt\/loja\/"},{"@type":"ListItem","position":3,"name":"Cobertor Raschel 200&#215;230 cm | 3,5 kg"}]},{"@type":"WebSite","@id":"https:\/\/aztex.ee\/pt-pt\/#website","url":"https:\/\/aztex.ee\/pt-pt\/","name":"AZTEX","description":"","publisher":{"@id":"https:\/\/aztex.ee\/pt-pt\/#organization"},"potentialAction":[{"@type":"SearchAction","target":{"@type":"EntryPoint","urlTemplate":"https:\/\/aztex.ee\/pt-pt\/?s={search_term_string}"},"query-input":{"@type":"PropertyValueSpecification","valueRequired":true,"valueName":"search_term_string"}}],"inLanguage":"pt-PT"},{"@type":"Organization","@id":"https:\/\/aztex.ee\/pt-pt\/#organization","name":"AZTEX","url":"https:\/\/aztex.ee\/pt-pt\/","logo":{"@type":"ImageObject","inLanguage":"pt-PT","@id":"https:\/\/aztex.ee\/pt-pt\/#\/schema\/logo\/image\/","url":"https:\/\/aztex.ee\/wp-content\/uploads\/2026\/01\/AZTEX.png","contentUrl":"https:\/\/aztex.ee\/wp-content\/uploads\/2026\/01\/AZTEX.png","width":500,"height":500,"caption":"AZTEX"},"image":{"@id":"https:\/\/aztex.ee\/pt-pt\/#\/schema\/logo\/image\/"},"sameAs":["https:\/\/www.facebook.com\/AztexEE","https:\/\/www.instagram.com\/aztexeesti\/","https:\/\/www.youtube.com\/@AZTEXEE","https:\/\/www.pinterest.com\/aztex_eesti\/","https:\/\/www.tiktok.com\/@aztexeesti","https:\/\/www.trustpilot.com\/review\/aztex.ee","https:\/\/www.linkedin.com\/company\/aztex-ee\/","https:\/\/www.wikidata.org\/wiki\/Q137560182"]}]}},"_links":{"self":[{"href":"https:\/\/aztex.ee\/pt-pt\/wp-json\/wp\/v2\/product\/50187","targetHints":{"allow":["GET"]}}],"collection":[{"href":"https:\/\/aztex.ee\/pt-pt\/wp-json\/wp\/v2\/product"}],"about":[{"href":"https:\/\/aztex.ee\/pt-pt\/wp-json\/wp\/v2\/types\/product"}],"replies":[{"embeddable":true,"href":"https:\/\/aztex.ee\/pt-pt\/wp-json\/wp\/v2\/comments?post=50187"}],"version-history":[{"count":0,"href":"https:\/\/aztex.ee\/pt-pt\/wp-json\/wp\/v2\/product\/50187\/revisions"}],"wp:featuredmedia":[{"embeddable":true,"href":"https:\/\/aztex.ee\/pt-pt\/wp-json\/wp\/v2\/media\/50252"}],"wp:attachment":[{"href":"https:\/\/aztex.ee\/pt-pt\/wp-json\/wp\/v2\/media?parent=50187"}],"wp:term":[{"taxonomy":"product_brand","embeddable":true,"href":"https:\/\/aztex.ee\/pt-pt\/wp-json\/wp\/v2\/product_brand?post=50187"},{"taxonomy":"product_cat","embeddable":true,"href":"https:\/\/aztex.ee\/pt-pt\/wp-json\/wp\/v2\/product_cat?post=50187"},{"taxonomy":"product_tag","embeddable":true,"href":"https:\/\/aztex.ee\/pt-pt\/wp-json\/wp\/v2\/product_tag?post=50187"}],"curies":[{"name":"wp","href":"https:\/\/api.w.org\/{rel}","templated":true}]}}