{"id":49144,"date":"2025-01-31T21:52:03","date_gmt":"2025-01-31T21:52:03","guid":{"rendered":"https:\/\/aztex.ee\/pood\/sem%20categoria\/laste-tekk-110x140-cm\/"},"modified":"2026-01-04T14:20:09","modified_gmt":"2026-01-04T14:20:09","slug":"cobertor-infantil-110x140-cm","status":"publish","type":"product","link":"https:\/\/aztex.ee\/pt-pt\/pood\/mundo-infantil\/cobertor-infantil-110x140-cm\/","title":{"rendered":"Cobertor infantil 110&#215;140 cm"},"content":{"rendered":"<p><strong>Cobertores infantis &#8211; companheiros coloridos e divertidos para todos os momentos!<\/strong><\/p>\n<p>Os cobertores para crian\u00e7as s\u00e3o mais do que simples mantas: s\u00e3o especialmente concebidos para pequenos aventureiros, para lhes proporcionar calor, conforto e muitos sorrisos.<\/p>\n<p><strong>Conforto e aconchego<\/strong><br \/>\nEste cobertor infantil \u00e9 macio e quente, o que o torna ideal tanto para dormir como para descansar. Os seus belos tons e designs trazem alegria ao dia a dia, seja a brincar em casa ou em aventuras ao ar livre.<\/p>\n<p><strong>Versatilidade<\/strong><br \/>\nO cobertor infantil pode ser utilizado para dormir na cama, ver um filme no sof\u00e1 ou brincar no ch\u00e3o. S\u00e3o tamb\u00e9m perfeitos para piqueniques, caminhadas ou viagens, proporcionando conforto ao seu filho em qualquer lugar.<\/p>\n<p><strong>Qualidade e praticidade<\/strong><br \/>\nEste cobertor infantil \u00e9 feito de materiais de alta qualidade, dur\u00e1veis \u200b\u200be f\u00e1ceis de lavar. Isto torna-os a escolha ideal para qualquer fam\u00edlia que procure uma solu\u00e7\u00e3o que seja bonita e pr\u00e1tica.<\/p>\n<p>Os cobertores infantis s\u00e3o mais do que simples objetos: fazem parte das aventuras e mem\u00f3rias di\u00e1rias de uma crian\u00e7a. Escolha o cobertor perfeito para o seu filho e torne cada momento ainda mais especial!<\/p>\n","protected":false},"excerpt":{"rendered":"<ul>\n<li>Material: Poli\u00e9ster<\/li>\n<li>Tamanho: 110&#215;140 cm \u00b13<\/li>\n<li>Peso: 1 kg<\/li>\n<\/ul>\n","protected":false},"featured_media":48892,"comment_status":"open","ping_status":"closed","template":"","meta":[],"product_brand":[],"product_cat":[2243,2222],"product_tag":[],"class_list":{"0":"post-49144","1":"product","2":"type-product","3":"status-publish","4":"has-post-thumbnail","6":"product_cat-cobertores-infantis","7":"product_cat-mundo-infantil","9":"first","10":"instock","11":"shipping-taxable","12":"purchasable","13":"product-type-variable"},"yoast_head":"<!-- This site is optimized with the Yoast SEO plugin v27.3 - https:\/\/yoast.com\/product\/yoast-seo-wordpress\/ -->\n<title>Cobertor infantil 110x140 cm | AZTEX<\/title>\n<meta name=\"description\" content=\"Cobertor infantil macio, quente e ideal para o uso di\u00e1rio. O material confort\u00e1vel e de alta qualidade garante um sono tranquilo em todos os momentos.\" \/>\n<meta name=\"robots\" content=\"index, follow, max-snippet:-1, max-image-preview:large, max-video-preview:-1\" \/>\n<link rel=\"canonical\" href=\"https:\/\/aztex.ee\/pt-pt\/pood\/mundo-infantil\/cobertor-infantil-110x140-cm\/\" \/>\n<meta property=\"og:locale\" content=\"pt_PT\" \/>\n<meta property=\"og:type\" content=\"article\" \/>\n<meta property=\"og:title\" content=\"Cobertor infantil 110x140 cm | AZTEX\" \/>\n<meta property=\"og:description\" content=\"Cobertor infantil macio, quente e ideal para o uso di\u00e1rio. O material confort\u00e1vel e de alta qualidade garante um sono tranquilo em todos os momentos.\" \/>\n<meta property=\"og:url\" content=\"https:\/\/aztex.ee\/pt-pt\/pood\/mundo-infantil\/cobertor-infantil-110x140-cm\/\" \/>\n<meta property=\"og:site_name\" content=\"AZTEX\" \/>\n<meta property=\"article:publisher\" content=\"https:\/\/www.facebook.com\/AztexEE\" \/>\n<meta property=\"article:modified_time\" content=\"2026-01-04T14:20:09+00:00\" \/>\n<meta property=\"og:image\" content=\"https:\/\/aztex.ee\/wp-content\/uploads\/2025\/01\/Laste-tekk-110x140-cm.jpg\" \/>\n\t<meta property=\"og:image:width\" content=\"800\" \/>\n\t<meta property=\"og:image:height\" content=\"800\" \/>\n\t<meta property=\"og:image:type\" content=\"image\/jpeg\" \/>\n<meta name=\"twitter:card\" content=\"summary_large_image\" \/>\n<meta name=\"twitter:label1\" content=\"Tempo estimado de leitura\" \/>\n\t<meta name=\"twitter:data1\" content=\"2 minutos\" \/>\n<script type=\"application\/ld+json\" class=\"yoast-schema-graph\">{\"@context\":\"https:\\\/\\\/schema.org\",\"@graph\":[{\"@type\":[\"WebPage\",\"ItemPage\"],\"@id\":\"https:\\\/\\\/aztex.ee\\\/pt-pt\\\/pood\\\/mundo-infantil\\\/cobertor-infantil-110x140-cm\\\/\",\"url\":\"https:\\\/\\\/aztex.ee\\\/pt-pt\\\/pood\\\/mundo-infantil\\\/cobertor-infantil-110x140-cm\\\/\",\"name\":\"Cobertor infantil 110x140 cm | AZTEX\",\"isPartOf\":{\"@id\":\"https:\\\/\\\/aztex.ee\\\/pt-pt\\\/#website\"},\"primaryImageOfPage\":{\"@id\":\"https:\\\/\\\/aztex.ee\\\/pt-pt\\\/pood\\\/mundo-infantil\\\/cobertor-infantil-110x140-cm\\\/#primaryimage\"},\"image\":{\"@id\":\"https:\\\/\\\/aztex.ee\\\/pt-pt\\\/pood\\\/mundo-infantil\\\/cobertor-infantil-110x140-cm\\\/#primaryimage\"},\"thumbnailUrl\":\"https:\\\/\\\/aztex.ee\\\/wp-content\\\/uploads\\\/2025\\\/01\\\/Laste-tekk-110x140-cm.jpg\",\"datePublished\":\"2025-01-31T21:52:03+00:00\",\"dateModified\":\"2026-01-04T14:20:09+00:00\",\"description\":\"Cobertor infantil macio, quente e ideal para o uso di\u00e1rio. O material confort\u00e1vel e de alta qualidade garante um sono tranquilo em todos os momentos.\",\"breadcrumb\":{\"@id\":\"https:\\\/\\\/aztex.ee\\\/pt-pt\\\/pood\\\/mundo-infantil\\\/cobertor-infantil-110x140-cm\\\/#breadcrumb\"},\"inLanguage\":\"pt-PT\",\"potentialAction\":[{\"@type\":\"ReadAction\",\"target\":[\"https:\\\/\\\/aztex.ee\\\/pt-pt\\\/pood\\\/mundo-infantil\\\/cobertor-infantil-110x140-cm\\\/\"]}]},{\"@type\":\"ImageObject\",\"inLanguage\":\"pt-PT\",\"@id\":\"https:\\\/\\\/aztex.ee\\\/pt-pt\\\/pood\\\/mundo-infantil\\\/cobertor-infantil-110x140-cm\\\/#primaryimage\",\"url\":\"https:\\\/\\\/aztex.ee\\\/wp-content\\\/uploads\\\/2025\\\/01\\\/Laste-tekk-110x140-cm.jpg\",\"contentUrl\":\"https:\\\/\\\/aztex.ee\\\/wp-content\\\/uploads\\\/2025\\\/01\\\/Laste-tekk-110x140-cm.jpg\",\"width\":800,\"height\":800,\"caption\":\"Laste tekk 110x140 cm\"},{\"@type\":\"BreadcrumbList\",\"@id\":\"https:\\\/\\\/aztex.ee\\\/pt-pt\\\/pood\\\/mundo-infantil\\\/cobertor-infantil-110x140-cm\\\/#breadcrumb\",\"itemListElement\":[{\"@type\":\"ListItem\",\"position\":1,\"name\":\"In\u00edcio\",\"item\":\"https:\\\/\\\/aztex.ee\\\/pt-pt\\\/\"},{\"@type\":\"ListItem\",\"position\":2,\"name\":\"Loja\",\"item\":\"https:\\\/\\\/aztex.ee\\\/pt-pt\\\/loja\\\/\"},{\"@type\":\"ListItem\",\"position\":3,\"name\":\"Cobertor infantil 110&#215;140 cm\"}]},{\"@type\":\"WebSite\",\"@id\":\"https:\\\/\\\/aztex.ee\\\/pt-pt\\\/#website\",\"url\":\"https:\\\/\\\/aztex.ee\\\/pt-pt\\\/\",\"name\":\"AZTEX\",\"description\":\"\",\"publisher\":{\"@id\":\"https:\\\/\\\/aztex.ee\\\/pt-pt\\\/#organization\"},\"potentialAction\":[{\"@type\":\"SearchAction\",\"target\":{\"@type\":\"EntryPoint\",\"urlTemplate\":\"https:\\\/\\\/aztex.ee\\\/pt-pt\\\/?s={search_term_string}\"},\"query-input\":{\"@type\":\"PropertyValueSpecification\",\"valueRequired\":true,\"valueName\":\"search_term_string\"}}],\"inLanguage\":\"pt-PT\"},{\"@type\":\"Organization\",\"@id\":\"https:\\\/\\\/aztex.ee\\\/pt-pt\\\/#organization\",\"name\":\"AZTEX\",\"url\":\"https:\\\/\\\/aztex.ee\\\/pt-pt\\\/\",\"logo\":{\"@type\":\"ImageObject\",\"inLanguage\":\"pt-PT\",\"@id\":\"https:\\\/\\\/aztex.ee\\\/pt-pt\\\/#\\\/schema\\\/logo\\\/image\\\/\",\"url\":\"https:\\\/\\\/aztex.ee\\\/wp-content\\\/uploads\\\/2026\\\/01\\\/AZTEX.png\",\"contentUrl\":\"https:\\\/\\\/aztex.ee\\\/wp-content\\\/uploads\\\/2026\\\/01\\\/AZTEX.png\",\"width\":500,\"height\":500,\"caption\":\"AZTEX\"},\"image\":{\"@id\":\"https:\\\/\\\/aztex.ee\\\/pt-pt\\\/#\\\/schema\\\/logo\\\/image\\\/\"},\"sameAs\":[\"https:\\\/\\\/www.facebook.com\\\/AztexEE\",\"https:\\\/\\\/www.instagram.com\\\/aztexeesti\\\/\",\"https:\\\/\\\/www.youtube.com\\\/@AZTEXEE\",\"https:\\\/\\\/www.pinterest.com\\\/aztex_eesti\\\/\",\"https:\\\/\\\/www.tiktok.com\\\/@aztexeesti\",\"https:\\\/\\\/www.trustpilot.com\\\/review\\\/aztex.ee\",\"https:\\\/\\\/www.linkedin.com\\\/company\\\/aztex-ee\\\/\",\"https:\\\/\\\/www.wikidata.org\\\/wiki\\\/Q137560182\"]}]}<\/script>\n<!-- \/ Yoast SEO plugin. -->","yoast_head_json":{"title":"Cobertor infantil 110x140 cm | AZTEX","description":"Cobertor infantil macio, quente e ideal para o uso di\u00e1rio. O material confort\u00e1vel e de alta qualidade garante um sono tranquilo em todos os momentos.","robots":{"index":"index","follow":"follow","max-snippet":"max-snippet:-1","max-image-preview":"max-image-preview:large","max-video-preview":"max-video-preview:-1"},"canonical":"https:\/\/aztex.ee\/pt-pt\/pood\/mundo-infantil\/cobertor-infantil-110x140-cm\/","og_locale":"pt_PT","og_type":"article","og_title":"Cobertor infantil 110x140 cm | AZTEX","og_description":"Cobertor infantil macio, quente e ideal para o uso di\u00e1rio. O material confort\u00e1vel e de alta qualidade garante um sono tranquilo em todos os momentos.","og_url":"https:\/\/aztex.ee\/pt-pt\/pood\/mundo-infantil\/cobertor-infantil-110x140-cm\/","og_site_name":"AZTEX","article_publisher":"https:\/\/www.facebook.com\/AztexEE","article_modified_time":"2026-01-04T14:20:09+00:00","og_image":[{"width":800,"height":800,"url":"https:\/\/aztex.ee\/wp-content\/uploads\/2025\/01\/Laste-tekk-110x140-cm.jpg","type":"image\/jpeg"}],"twitter_card":"summary_large_image","twitter_misc":{"Tempo estimado de leitura":"2 minutos"},"schema":{"@context":"https:\/\/schema.org","@graph":[{"@type":["WebPage","ItemPage"],"@id":"https:\/\/aztex.ee\/pt-pt\/pood\/mundo-infantil\/cobertor-infantil-110x140-cm\/","url":"https:\/\/aztex.ee\/pt-pt\/pood\/mundo-infantil\/cobertor-infantil-110x140-cm\/","name":"Cobertor infantil 110x140 cm | AZTEX","isPartOf":{"@id":"https:\/\/aztex.ee\/pt-pt\/#website"},"primaryImageOfPage":{"@id":"https:\/\/aztex.ee\/pt-pt\/pood\/mundo-infantil\/cobertor-infantil-110x140-cm\/#primaryimage"},"image":{"@id":"https:\/\/aztex.ee\/pt-pt\/pood\/mundo-infantil\/cobertor-infantil-110x140-cm\/#primaryimage"},"thumbnailUrl":"https:\/\/aztex.ee\/wp-content\/uploads\/2025\/01\/Laste-tekk-110x140-cm.jpg","datePublished":"2025-01-31T21:52:03+00:00","dateModified":"2026-01-04T14:20:09+00:00","description":"Cobertor infantil macio, quente e ideal para o uso di\u00e1rio. O material confort\u00e1vel e de alta qualidade garante um sono tranquilo em todos os momentos.","breadcrumb":{"@id":"https:\/\/aztex.ee\/pt-pt\/pood\/mundo-infantil\/cobertor-infantil-110x140-cm\/#breadcrumb"},"inLanguage":"pt-PT","potentialAction":[{"@type":"ReadAction","target":["https:\/\/aztex.ee\/pt-pt\/pood\/mundo-infantil\/cobertor-infantil-110x140-cm\/"]}]},{"@type":"ImageObject","inLanguage":"pt-PT","@id":"https:\/\/aztex.ee\/pt-pt\/pood\/mundo-infantil\/cobertor-infantil-110x140-cm\/#primaryimage","url":"https:\/\/aztex.ee\/wp-content\/uploads\/2025\/01\/Laste-tekk-110x140-cm.jpg","contentUrl":"https:\/\/aztex.ee\/wp-content\/uploads\/2025\/01\/Laste-tekk-110x140-cm.jpg","width":800,"height":800,"caption":"Laste tekk 110x140 cm"},{"@type":"BreadcrumbList","@id":"https:\/\/aztex.ee\/pt-pt\/pood\/mundo-infantil\/cobertor-infantil-110x140-cm\/#breadcrumb","itemListElement":[{"@type":"ListItem","position":1,"name":"In\u00edcio","item":"https:\/\/aztex.ee\/pt-pt\/"},{"@type":"ListItem","position":2,"name":"Loja","item":"https:\/\/aztex.ee\/pt-pt\/loja\/"},{"@type":"ListItem","position":3,"name":"Cobertor infantil 110&#215;140 cm"}]},{"@type":"WebSite","@id":"https:\/\/aztex.ee\/pt-pt\/#website","url":"https:\/\/aztex.ee\/pt-pt\/","name":"AZTEX","description":"","publisher":{"@id":"https:\/\/aztex.ee\/pt-pt\/#organization"},"potentialAction":[{"@type":"SearchAction","target":{"@type":"EntryPoint","urlTemplate":"https:\/\/aztex.ee\/pt-pt\/?s={search_term_string}"},"query-input":{"@type":"PropertyValueSpecification","valueRequired":true,"valueName":"search_term_string"}}],"inLanguage":"pt-PT"},{"@type":"Organization","@id":"https:\/\/aztex.ee\/pt-pt\/#organization","name":"AZTEX","url":"https:\/\/aztex.ee\/pt-pt\/","logo":{"@type":"ImageObject","inLanguage":"pt-PT","@id":"https:\/\/aztex.ee\/pt-pt\/#\/schema\/logo\/image\/","url":"https:\/\/aztex.ee\/wp-content\/uploads\/2026\/01\/AZTEX.png","contentUrl":"https:\/\/aztex.ee\/wp-content\/uploads\/2026\/01\/AZTEX.png","width":500,"height":500,"caption":"AZTEX"},"image":{"@id":"https:\/\/aztex.ee\/pt-pt\/#\/schema\/logo\/image\/"},"sameAs":["https:\/\/www.facebook.com\/AztexEE","https:\/\/www.instagram.com\/aztexeesti\/","https:\/\/www.youtube.com\/@AZTEXEE","https:\/\/www.pinterest.com\/aztex_eesti\/","https:\/\/www.tiktok.com\/@aztexeesti","https:\/\/www.trustpilot.com\/review\/aztex.ee","https:\/\/www.linkedin.com\/company\/aztex-ee\/","https:\/\/www.wikidata.org\/wiki\/Q137560182"]}]}},"_links":{"self":[{"href":"https:\/\/aztex.ee\/pt-pt\/wp-json\/wp\/v2\/product\/49144","targetHints":{"allow":["GET"]}}],"collection":[{"href":"https:\/\/aztex.ee\/pt-pt\/wp-json\/wp\/v2\/product"}],"about":[{"href":"https:\/\/aztex.ee\/pt-pt\/wp-json\/wp\/v2\/types\/product"}],"replies":[{"embeddable":true,"href":"https:\/\/aztex.ee\/pt-pt\/wp-json\/wp\/v2\/comments?post=49144"}],"version-history":[{"count":0,"href":"https:\/\/aztex.ee\/pt-pt\/wp-json\/wp\/v2\/product\/49144\/revisions"}],"wp:featuredmedia":[{"embeddable":true,"href":"https:\/\/aztex.ee\/pt-pt\/wp-json\/wp\/v2\/media\/48892"}],"wp:attachment":[{"href":"https:\/\/aztex.ee\/pt-pt\/wp-json\/wp\/v2\/media?parent=49144"}],"wp:term":[{"taxonomy":"product_brand","embeddable":true,"href":"https:\/\/aztex.ee\/pt-pt\/wp-json\/wp\/v2\/product_brand?post=49144"},{"taxonomy":"product_cat","embeddable":true,"href":"https:\/\/aztex.ee\/pt-pt\/wp-json\/wp\/v2\/product_cat?post=49144"},{"taxonomy":"product_tag","embeddable":true,"href":"https:\/\/aztex.ee\/pt-pt\/wp-json\/wp\/v2\/product_tag?post=49144"}],"curies":[{"name":"wp","href":"https:\/\/api.w.org\/{rel}","templated":true}]}}