{"id":47642,"date":"2025-01-28T08:48:05","date_gmt":"2025-01-28T08:48:05","guid":{"rendered":"https:\/\/aztex.ee\/?post_type=product&#038;p=47642"},"modified":"2026-04-22T12:42:05","modified_gmt":"2026-04-22T12:42:05","slug":"toalha-de-maos","status":"publish","type":"product","link":"https:\/\/aztex.ee\/pt-pt\/pood\/toalhas-e-toalhas-de-banho\/toalha-de-maos\/","title":{"rendered":"Toalha de m\u00e3os"},"content":{"rendered":"<p><strong>Toalha de algod\u00e3o \u2013 uma escolha pr\u00e1tica e elegante para o uso di\u00e1rio<\/strong><\/p>\n<p>Uma toalha de algod\u00e3o de alta qualidade combina conforto, durabilidade e apar\u00eancia est\u00e9tica. \u00c9 feita de 100% algod\u00e3o natural, por isso a toalha \u00e9 macia e absorvente, ideal para o uso di\u00e1rio. O design vers\u00e1til complementa o interior da sua casa e \u00e9 uma escolha pr\u00e1tica para qualquer ocasi\u00e3o.<\/p>\n<p><strong>Principais caracter\u00edsticas:<\/strong><\/p>\n<p><strong>Material<\/strong><br \/>\nA toalha \u00e9 fabricada em 100% algod\u00e3o puro, o que garante a sua especial suavidade e respirabilidade. Gra\u00e7as ao material natural, \u00e9 agrad\u00e1vel ao toque e \u00e9 tamb\u00e9m adequado para pessoas com pele sens\u00edvel.<\/p>\n<p><strong>Absorv\u00eancia<\/strong><br \/>\nO tecido de algod\u00e3o absorve eficazmente a humidade, proporcionando uma secagem r\u00e1pida e confort\u00e1vel. Isto torna a toalha adequada para uso di\u00e1rio.<\/p>\n<p><strong>Durabilidade<\/strong><br \/>\nUma toalha de algod\u00e3o \u00e9 dur\u00e1vel e mant\u00e9m as suas propriedades mesmo ap\u00f3s lavagens repetidas. As suas fibras fortes evitam o desgaste, garantindo uma longa vida \u00fatil.<\/p>\n<p><strong>Estilo<\/strong><br \/>\nA toalha est\u00e1 dispon\u00edvel em diferentes cores, combinando com diferentes estilos e interiores. Seja num estilo minimalista ou cl\u00e1ssico, esta toalha ir\u00e1 valorizar qualquer ambiente.<\/p>\n<p><strong>Cuidado<\/strong><br \/>\nA toalha \u00e9 f\u00e1cil de cuidar: pode ser lavada na m\u00e1quina e seca rapidamente. O material mant\u00e9m a sua suavidade e o brilho da cor mesmo ap\u00f3s lavagens frequentes, proporcionando sempre uma experi\u00eancia agrad\u00e1vel.<\/p>\n<p>A toalha de algod\u00e3o \u00e9 ideal tanto para uso di\u00e1rio como um presente pr\u00e1tico. O seu material de alta qualidade e design elegante garantem um excelente conforto de utiliza\u00e7\u00e3o.<\/p>\n","protected":false},"excerpt":{"rendered":"<ul>\n<li>Material: 100% algod\u00e3o<\/li>\n<li>Tamanho: 35\u00d775 cm \u00b13<\/li>\n<li>Peso: 450g\/m2<\/li>\n<\/ul>\n","protected":false},"featured_media":47981,"comment_status":"open","ping_status":"closed","template":"","meta":[],"product_brand":[],"product_cat":[1738,783,487],"product_tag":[],"class_list":{"0":"post-47642","1":"product","2":"type-product","3":"status-publish","4":"has-post-thumbnail","6":"product_cat-toalhas","7":"product_cat-toalhas-35x75-cm","8":"product_cat-toalhas-e-toalhas-de-banho","10":"first","11":"instock","12":"sale","13":"shipping-taxable","14":"purchasable","15":"product-type-variable"},"yoast_head":"<!-- This site is optimized with the Yoast SEO plugin v27.4 - https:\/\/yoast.com\/product\/yoast-seo-wordpress\/ -->\n<title>Toalha de algod\u00e3o | Natural e Macia - AZTEX<\/title>\n<meta name=\"description\" content=\"Toalha de algod\u00e3o dur\u00e1vel, elegante e f\u00e1cil de cuidar, macia e de alta qualidade. A toalha de algod\u00e3o \u00e9 feita de 100% algod\u00e3o, macia e absorvente.\" \/>\n<meta name=\"robots\" content=\"index, follow, max-snippet:-1, max-image-preview:large, max-video-preview:-1\" \/>\n<link rel=\"canonical\" href=\"https:\/\/aztex.ee\/pt-pt\/pood\/toalhas-e-toalhas-de-banho\/toalha-de-maos\/\" \/>\n<meta property=\"og:locale\" content=\"pt_PT\" \/>\n<meta property=\"og:type\" content=\"article\" \/>\n<meta property=\"og:title\" content=\"Toalha de algod\u00e3o | Natural e Macia - AZTEX\" \/>\n<meta property=\"og:description\" content=\"Toalha de algod\u00e3o dur\u00e1vel, elegante e f\u00e1cil de cuidar, macia e de alta qualidade. A toalha de algod\u00e3o \u00e9 feita de 100% algod\u00e3o, macia e absorvente.\" \/>\n<meta property=\"og:url\" content=\"https:\/\/aztex.ee\/pt-pt\/pood\/toalhas-e-toalhas-de-banho\/toalha-de-maos\/\" \/>\n<meta property=\"og:site_name\" content=\"AZTEX\" \/>\n<meta property=\"article:publisher\" content=\"https:\/\/www.facebook.com\/AztexEE\" \/>\n<meta property=\"article:modified_time\" content=\"2026-04-22T12:42:05+00:00\" \/>\n<meta property=\"og:image\" content=\"https:\/\/aztex.ee\/wp-content\/uploads\/2025\/01\/Puuvillane-ratik.jpg\" \/>\n\t<meta property=\"og:image:width\" content=\"800\" \/>\n\t<meta property=\"og:image:height\" content=\"800\" \/>\n\t<meta property=\"og:image:type\" content=\"image\/jpeg\" \/>\n<meta name=\"twitter:card\" content=\"summary_large_image\" \/>\n<meta name=\"twitter:label1\" content=\"Tempo estimado de leitura\" \/>\n\t<meta name=\"twitter:data1\" content=\"2 minutos\" \/>\n<script type=\"application\/ld+json\" class=\"yoast-schema-graph\">{\"@context\":\"https:\\\/\\\/schema.org\",\"@graph\":[{\"@type\":[\"WebPage\",\"ItemPage\"],\"@id\":\"https:\\\/\\\/aztex.ee\\\/pt-pt\\\/pood\\\/toalhas-e-toalhas-de-banho\\\/toalha-de-maos\\\/\",\"url\":\"https:\\\/\\\/aztex.ee\\\/pt-pt\\\/pood\\\/toalhas-e-toalhas-de-banho\\\/toalha-de-maos\\\/\",\"name\":\"Toalha de algod\u00e3o | Natural e Macia - AZTEX\",\"isPartOf\":{\"@id\":\"https:\\\/\\\/aztex.ee\\\/pt-pt\\\/#website\"},\"primaryImageOfPage\":{\"@id\":\"https:\\\/\\\/aztex.ee\\\/pt-pt\\\/pood\\\/toalhas-e-toalhas-de-banho\\\/toalha-de-maos\\\/#primaryimage\"},\"image\":{\"@id\":\"https:\\\/\\\/aztex.ee\\\/pt-pt\\\/pood\\\/toalhas-e-toalhas-de-banho\\\/toalha-de-maos\\\/#primaryimage\"},\"thumbnailUrl\":\"https:\\\/\\\/aztex.ee\\\/wp-content\\\/uploads\\\/2025\\\/01\\\/Puuvillane-ratik.jpg\",\"datePublished\":\"2025-01-28T08:48:05+00:00\",\"dateModified\":\"2026-04-22T12:42:05+00:00\",\"description\":\"Toalha de algod\u00e3o dur\u00e1vel, elegante e f\u00e1cil de cuidar, macia e de alta qualidade. A toalha de algod\u00e3o \u00e9 feita de 100% algod\u00e3o, macia e absorvente.\",\"breadcrumb\":{\"@id\":\"https:\\\/\\\/aztex.ee\\\/pt-pt\\\/pood\\\/toalhas-e-toalhas-de-banho\\\/toalha-de-maos\\\/#breadcrumb\"},\"inLanguage\":\"pt-PT\",\"potentialAction\":[{\"@type\":\"ReadAction\",\"target\":[\"https:\\\/\\\/aztex.ee\\\/pt-pt\\\/pood\\\/toalhas-e-toalhas-de-banho\\\/toalha-de-maos\\\/\"]}]},{\"@type\":\"ImageObject\",\"inLanguage\":\"pt-PT\",\"@id\":\"https:\\\/\\\/aztex.ee\\\/pt-pt\\\/pood\\\/toalhas-e-toalhas-de-banho\\\/toalha-de-maos\\\/#primaryimage\",\"url\":\"https:\\\/\\\/aztex.ee\\\/wp-content\\\/uploads\\\/2025\\\/01\\\/Puuvillane-ratik.jpg\",\"contentUrl\":\"https:\\\/\\\/aztex.ee\\\/wp-content\\\/uploads\\\/2025\\\/01\\\/Puuvillane-ratik.jpg\",\"width\":800,\"height\":800,\"caption\":\"Puuvillane r\u00e4tik\"},{\"@type\":\"BreadcrumbList\",\"@id\":\"https:\\\/\\\/aztex.ee\\\/pt-pt\\\/pood\\\/toalhas-e-toalhas-de-banho\\\/toalha-de-maos\\\/#breadcrumb\",\"itemListElement\":[{\"@type\":\"ListItem\",\"position\":1,\"name\":\"In\u00edcio\",\"item\":\"https:\\\/\\\/aztex.ee\\\/pt-pt\\\/\"},{\"@type\":\"ListItem\",\"position\":2,\"name\":\"Loja\",\"item\":\"https:\\\/\\\/aztex.ee\\\/pt-pt\\\/loja\\\/\"},{\"@type\":\"ListItem\",\"position\":3,\"name\":\"Toalha de m\u00e3os\"}]},{\"@type\":\"WebSite\",\"@id\":\"https:\\\/\\\/aztex.ee\\\/pt-pt\\\/#website\",\"url\":\"https:\\\/\\\/aztex.ee\\\/pt-pt\\\/\",\"name\":\"AZTEX\",\"description\":\"\",\"publisher\":{\"@id\":\"https:\\\/\\\/aztex.ee\\\/pt-pt\\\/#organization\"},\"potentialAction\":[{\"@type\":\"SearchAction\",\"target\":{\"@type\":\"EntryPoint\",\"urlTemplate\":\"https:\\\/\\\/aztex.ee\\\/pt-pt\\\/?s={search_term_string}\"},\"query-input\":{\"@type\":\"PropertyValueSpecification\",\"valueRequired\":true,\"valueName\":\"search_term_string\"}}],\"inLanguage\":\"pt-PT\"},{\"@type\":\"Organization\",\"@id\":\"https:\\\/\\\/aztex.ee\\\/pt-pt\\\/#organization\",\"name\":\"AZTEX\",\"url\":\"https:\\\/\\\/aztex.ee\\\/pt-pt\\\/\",\"logo\":{\"@type\":\"ImageObject\",\"inLanguage\":\"pt-PT\",\"@id\":\"https:\\\/\\\/aztex.ee\\\/pt-pt\\\/#\\\/schema\\\/logo\\\/image\\\/\",\"url\":\"https:\\\/\\\/aztex.ee\\\/wp-content\\\/uploads\\\/2026\\\/01\\\/AZTEX.png\",\"contentUrl\":\"https:\\\/\\\/aztex.ee\\\/wp-content\\\/uploads\\\/2026\\\/01\\\/AZTEX.png\",\"width\":500,\"height\":500,\"caption\":\"AZTEX\"},\"image\":{\"@id\":\"https:\\\/\\\/aztex.ee\\\/pt-pt\\\/#\\\/schema\\\/logo\\\/image\\\/\"},\"sameAs\":[\"https:\\\/\\\/www.facebook.com\\\/AztexEE\",\"https:\\\/\\\/www.instagram.com\\\/aztexeesti\\\/\",\"https:\\\/\\\/www.youtube.com\\\/@AZTEXEE\",\"https:\\\/\\\/www.pinterest.com\\\/aztex_eesti\\\/\",\"https:\\\/\\\/www.tiktok.com\\\/@aztexeesti\",\"https:\\\/\\\/www.trustpilot.com\\\/review\\\/aztex.ee\",\"https:\\\/\\\/www.linkedin.com\\\/company\\\/aztex-ee\\\/\",\"https:\\\/\\\/www.wikidata.org\\\/wiki\\\/Q137560182\"]}]}<\/script>\n<!-- \/ Yoast SEO plugin. -->","yoast_head_json":{"title":"Toalha de algod\u00e3o | Natural e Macia - AZTEX","description":"Toalha de algod\u00e3o dur\u00e1vel, elegante e f\u00e1cil de cuidar, macia e de alta qualidade. A toalha de algod\u00e3o \u00e9 feita de 100% algod\u00e3o, macia e absorvente.","robots":{"index":"index","follow":"follow","max-snippet":"max-snippet:-1","max-image-preview":"max-image-preview:large","max-video-preview":"max-video-preview:-1"},"canonical":"https:\/\/aztex.ee\/pt-pt\/pood\/toalhas-e-toalhas-de-banho\/toalha-de-maos\/","og_locale":"pt_PT","og_type":"article","og_title":"Toalha de algod\u00e3o | Natural e Macia - AZTEX","og_description":"Toalha de algod\u00e3o dur\u00e1vel, elegante e f\u00e1cil de cuidar, macia e de alta qualidade. A toalha de algod\u00e3o \u00e9 feita de 100% algod\u00e3o, macia e absorvente.","og_url":"https:\/\/aztex.ee\/pt-pt\/pood\/toalhas-e-toalhas-de-banho\/toalha-de-maos\/","og_site_name":"AZTEX","article_publisher":"https:\/\/www.facebook.com\/AztexEE","article_modified_time":"2026-04-22T12:42:05+00:00","og_image":[{"width":800,"height":800,"url":"https:\/\/aztex.ee\/wp-content\/uploads\/2025\/01\/Puuvillane-ratik.jpg","type":"image\/jpeg"}],"twitter_card":"summary_large_image","twitter_misc":{"Tempo estimado de leitura":"2 minutos"},"schema":{"@context":"https:\/\/schema.org","@graph":[{"@type":["WebPage","ItemPage"],"@id":"https:\/\/aztex.ee\/pt-pt\/pood\/toalhas-e-toalhas-de-banho\/toalha-de-maos\/","url":"https:\/\/aztex.ee\/pt-pt\/pood\/toalhas-e-toalhas-de-banho\/toalha-de-maos\/","name":"Toalha de algod\u00e3o | Natural e Macia - AZTEX","isPartOf":{"@id":"https:\/\/aztex.ee\/pt-pt\/#website"},"primaryImageOfPage":{"@id":"https:\/\/aztex.ee\/pt-pt\/pood\/toalhas-e-toalhas-de-banho\/toalha-de-maos\/#primaryimage"},"image":{"@id":"https:\/\/aztex.ee\/pt-pt\/pood\/toalhas-e-toalhas-de-banho\/toalha-de-maos\/#primaryimage"},"thumbnailUrl":"https:\/\/aztex.ee\/wp-content\/uploads\/2025\/01\/Puuvillane-ratik.jpg","datePublished":"2025-01-28T08:48:05+00:00","dateModified":"2026-04-22T12:42:05+00:00","description":"Toalha de algod\u00e3o dur\u00e1vel, elegante e f\u00e1cil de cuidar, macia e de alta qualidade. A toalha de algod\u00e3o \u00e9 feita de 100% algod\u00e3o, macia e absorvente.","breadcrumb":{"@id":"https:\/\/aztex.ee\/pt-pt\/pood\/toalhas-e-toalhas-de-banho\/toalha-de-maos\/#breadcrumb"},"inLanguage":"pt-PT","potentialAction":[{"@type":"ReadAction","target":["https:\/\/aztex.ee\/pt-pt\/pood\/toalhas-e-toalhas-de-banho\/toalha-de-maos\/"]}]},{"@type":"ImageObject","inLanguage":"pt-PT","@id":"https:\/\/aztex.ee\/pt-pt\/pood\/toalhas-e-toalhas-de-banho\/toalha-de-maos\/#primaryimage","url":"https:\/\/aztex.ee\/wp-content\/uploads\/2025\/01\/Puuvillane-ratik.jpg","contentUrl":"https:\/\/aztex.ee\/wp-content\/uploads\/2025\/01\/Puuvillane-ratik.jpg","width":800,"height":800,"caption":"Puuvillane r\u00e4tik"},{"@type":"BreadcrumbList","@id":"https:\/\/aztex.ee\/pt-pt\/pood\/toalhas-e-toalhas-de-banho\/toalha-de-maos\/#breadcrumb","itemListElement":[{"@type":"ListItem","position":1,"name":"In\u00edcio","item":"https:\/\/aztex.ee\/pt-pt\/"},{"@type":"ListItem","position":2,"name":"Loja","item":"https:\/\/aztex.ee\/pt-pt\/loja\/"},{"@type":"ListItem","position":3,"name":"Toalha de m\u00e3os"}]},{"@type":"WebSite","@id":"https:\/\/aztex.ee\/pt-pt\/#website","url":"https:\/\/aztex.ee\/pt-pt\/","name":"AZTEX","description":"","publisher":{"@id":"https:\/\/aztex.ee\/pt-pt\/#organization"},"potentialAction":[{"@type":"SearchAction","target":{"@type":"EntryPoint","urlTemplate":"https:\/\/aztex.ee\/pt-pt\/?s={search_term_string}"},"query-input":{"@type":"PropertyValueSpecification","valueRequired":true,"valueName":"search_term_string"}}],"inLanguage":"pt-PT"},{"@type":"Organization","@id":"https:\/\/aztex.ee\/pt-pt\/#organization","name":"AZTEX","url":"https:\/\/aztex.ee\/pt-pt\/","logo":{"@type":"ImageObject","inLanguage":"pt-PT","@id":"https:\/\/aztex.ee\/pt-pt\/#\/schema\/logo\/image\/","url":"https:\/\/aztex.ee\/wp-content\/uploads\/2026\/01\/AZTEX.png","contentUrl":"https:\/\/aztex.ee\/wp-content\/uploads\/2026\/01\/AZTEX.png","width":500,"height":500,"caption":"AZTEX"},"image":{"@id":"https:\/\/aztex.ee\/pt-pt\/#\/schema\/logo\/image\/"},"sameAs":["https:\/\/www.facebook.com\/AztexEE","https:\/\/www.instagram.com\/aztexeesti\/","https:\/\/www.youtube.com\/@AZTEXEE","https:\/\/www.pinterest.com\/aztex_eesti\/","https:\/\/www.tiktok.com\/@aztexeesti","https:\/\/www.trustpilot.com\/review\/aztex.ee","https:\/\/www.linkedin.com\/company\/aztex-ee\/","https:\/\/www.wikidata.org\/wiki\/Q137560182"]}]}},"_links":{"self":[{"href":"https:\/\/aztex.ee\/pt-pt\/wp-json\/wp\/v2\/product\/47642","targetHints":{"allow":["GET"]}}],"collection":[{"href":"https:\/\/aztex.ee\/pt-pt\/wp-json\/wp\/v2\/product"}],"about":[{"href":"https:\/\/aztex.ee\/pt-pt\/wp-json\/wp\/v2\/types\/product"}],"replies":[{"embeddable":true,"href":"https:\/\/aztex.ee\/pt-pt\/wp-json\/wp\/v2\/comments?post=47642"}],"version-history":[{"count":0,"href":"https:\/\/aztex.ee\/pt-pt\/wp-json\/wp\/v2\/product\/47642\/revisions"}],"wp:featuredmedia":[{"embeddable":true,"href":"https:\/\/aztex.ee\/pt-pt\/wp-json\/wp\/v2\/media\/47981"}],"wp:attachment":[{"href":"https:\/\/aztex.ee\/pt-pt\/wp-json\/wp\/v2\/media?parent=47642"}],"wp:term":[{"taxonomy":"product_brand","embeddable":true,"href":"https:\/\/aztex.ee\/pt-pt\/wp-json\/wp\/v2\/product_brand?post=47642"},{"taxonomy":"product_cat","embeddable":true,"href":"https:\/\/aztex.ee\/pt-pt\/wp-json\/wp\/v2\/product_cat?post=47642"},{"taxonomy":"product_tag","embeddable":true,"href":"https:\/\/aztex.ee\/pt-pt\/wp-json\/wp\/v2\/product_tag?post=47642"}],"curies":[{"name":"wp","href":"https:\/\/api.w.org\/{rel}","templated":true}]}}