{"id":44164,"date":"2025-01-22T18:25:30","date_gmt":"2025-01-22T18:25:30","guid":{"rendered":"https:\/\/aztex.ee\/?post_type=product&#038;p=44164"},"modified":"2026-04-17T12:53:11","modified_gmt":"2026-04-17T12:53:11","slug":"conjunto-de-toalhas-de-bambu-3pecas","status":"publish","type":"product","link":"https:\/\/aztex.ee\/pt-pt\/pood\/toalhas-e-toalhas-de-banho\/conjunto-de-toalhas-de-bambu-3pecas\/","title":{"rendered":"Conjunto de toalhas de bambu"},"content":{"rendered":"<p>O conjunto de toalhas em bambu, que inclui 1 toalha de banho e 2 toalhas de m\u00e3o, \u00e9 ideal para quem procura suavidade e praticidade.<\/p>\n<p>O conjunto inclui:<br \/>\n1 toalha de banho grande (70\u00d7140 cm), que proporciona uma cobertura confort\u00e1vel e completa.<br \/>\n2 toalhas mais pequenas (35\u00d775 cm), perfeitas para secar o rosto ou as m\u00e3os.<\/p>\n<p>As toalhas de fibra de bambu s\u00e3o excecionalmente macias, suaves para a pele e t\u00eam um toque luxuoso. Gra\u00e7as \u00e0 estrutura natural do bambu, t\u00eam uma excelente absor\u00e7\u00e3o e secam rapidamente.<\/p>\n<p>As toalhas s\u00e3o tamb\u00e9m antibacterianas e duradouras, mantendo a sua qualidade mesmo ap\u00f3s repetidas lavagens. O design intemporal e cl\u00e1ssico combina com qualquer decora\u00e7\u00e3o de casa de banho, acrescentando-lhe estilo e eleg\u00e2ncia.<\/p>\n<p>Este conjunto de toalhas de bambu \u00e9 uma \u00f3tima escolha para o uso di\u00e1rio e tamb\u00e9m para oferecer.<\/p>\n","protected":false},"excerpt":{"rendered":"<ul>\n<li>Material: 100% bambu<\/li>\n<li>Tamanho: (70\u00d7140 cm 1 pe\u00e7as) + (35\u00d775 cm 2 pe\u00e7as)<\/li>\n<li>Peso: 420g\/m2<\/li>\n<li>O conjunto inclui: 3 pe\u00e7as<\/li>\n<\/ul>\n","protected":false},"featured_media":44228,"comment_status":"open","ping_status":"closed","template":"","meta":[],"product_brand":[],"product_cat":[1577,1672,993,487],"product_tag":[],"class_list":{"0":"post-44164","1":"product","2":"type-product","3":"status-publish","4":"has-post-thumbnail","6":"product_cat-conjuntos-de-toalhas","7":"product_cat-conjuntos-de-toalhas-em-bambu","8":"product_cat-toalhas-de-bambu","9":"product_cat-toalhas-e-toalhas-de-banho","11":"first","12":"instock","13":"shipping-taxable","14":"purchasable","15":"product-type-variable"},"yoast_head":"<!-- This site is optimized with the Yoast SEO plugin v27.4 - https:\/\/yoast.com\/product\/yoast-seo-wordpress\/ -->\n<title>Conjunto de Toalhas em Bambu 3 Pe\u00e7as | AZTEX<\/title>\n<meta name=\"description\" content=\"O conjunto de toalhas de bambu org\u00e2nico inclui 1 pe\u00e7a de toalhas de 70x140 cm e 2 pe\u00e7as de toalhas de 35x75 cm com textura macia e excelente absor\u00e7\u00e3o.\" \/>\n<meta name=\"robots\" content=\"index, follow, max-snippet:-1, max-image-preview:large, max-video-preview:-1\" \/>\n<link rel=\"canonical\" href=\"https:\/\/aztex.ee\/pt-pt\/pood\/toalhas-e-toalhas-de-banho\/conjunto-de-toalhas-de-bambu-3pecas\/\" \/>\n<meta property=\"og:locale\" content=\"pt_PT\" \/>\n<meta property=\"og:type\" content=\"article\" \/>\n<meta property=\"og:title\" content=\"Conjunto de Toalhas em Bambu 3 Pe\u00e7as | AZTEX\" \/>\n<meta property=\"og:description\" content=\"O conjunto de toalhas de bambu org\u00e2nico inclui 1 pe\u00e7a de toalhas de 70x140 cm e 2 pe\u00e7as de toalhas de 35x75 cm com textura macia e excelente absor\u00e7\u00e3o.\" \/>\n<meta property=\"og:url\" content=\"https:\/\/aztex.ee\/pt-pt\/pood\/toalhas-e-toalhas-de-banho\/conjunto-de-toalhas-de-bambu-3pecas\/\" \/>\n<meta property=\"og:site_name\" content=\"AZTEX\" \/>\n<meta property=\"article:publisher\" content=\"https:\/\/www.facebook.com\/AztexEE\" \/>\n<meta property=\"article:modified_time\" content=\"2026-04-17T12:53:11+00:00\" \/>\n<meta property=\"og:image\" content=\"https:\/\/aztex.ee\/wp-content\/uploads\/2025\/01\/Bambusest-ratikute-komplekt-1.jpg\" \/>\n\t<meta property=\"og:image:width\" content=\"800\" \/>\n\t<meta property=\"og:image:height\" content=\"800\" \/>\n\t<meta property=\"og:image:type\" content=\"image\/jpeg\" \/>\n<meta name=\"twitter:card\" content=\"summary_large_image\" \/>\n<meta name=\"twitter:label1\" content=\"Tempo estimado de leitura\" \/>\n\t<meta name=\"twitter:data1\" content=\"1 minuto\" \/>\n<script type=\"application\/ld+json\" class=\"yoast-schema-graph\">{\"@context\":\"https:\\\/\\\/schema.org\",\"@graph\":[{\"@type\":[\"WebPage\",\"ItemPage\"],\"@id\":\"https:\\\/\\\/aztex.ee\\\/pt-pt\\\/pood\\\/toalhas-e-toalhas-de-banho\\\/conjunto-de-toalhas-de-bambu-3pecas\\\/\",\"url\":\"https:\\\/\\\/aztex.ee\\\/pt-pt\\\/pood\\\/toalhas-e-toalhas-de-banho\\\/conjunto-de-toalhas-de-bambu-3pecas\\\/\",\"name\":\"Conjunto de Toalhas em Bambu 3 Pe\u00e7as | AZTEX\",\"isPartOf\":{\"@id\":\"https:\\\/\\\/aztex.ee\\\/pt-pt\\\/#website\"},\"primaryImageOfPage\":{\"@id\":\"https:\\\/\\\/aztex.ee\\\/pt-pt\\\/pood\\\/toalhas-e-toalhas-de-banho\\\/conjunto-de-toalhas-de-bambu-3pecas\\\/#primaryimage\"},\"image\":{\"@id\":\"https:\\\/\\\/aztex.ee\\\/pt-pt\\\/pood\\\/toalhas-e-toalhas-de-banho\\\/conjunto-de-toalhas-de-bambu-3pecas\\\/#primaryimage\"},\"thumbnailUrl\":\"https:\\\/\\\/aztex.ee\\\/wp-content\\\/uploads\\\/2025\\\/01\\\/Bambusest-ratikute-komplekt-1.jpg\",\"datePublished\":\"2025-01-22T18:25:30+00:00\",\"dateModified\":\"2026-04-17T12:53:11+00:00\",\"description\":\"O conjunto de toalhas de bambu org\u00e2nico inclui 1 pe\u00e7a de toalhas de 70x140 cm e 2 pe\u00e7as de toalhas de 35x75 cm com textura macia e excelente absor\u00e7\u00e3o.\",\"breadcrumb\":{\"@id\":\"https:\\\/\\\/aztex.ee\\\/pt-pt\\\/pood\\\/toalhas-e-toalhas-de-banho\\\/conjunto-de-toalhas-de-bambu-3pecas\\\/#breadcrumb\"},\"inLanguage\":\"pt-PT\",\"potentialAction\":[{\"@type\":\"ReadAction\",\"target\":[\"https:\\\/\\\/aztex.ee\\\/pt-pt\\\/pood\\\/toalhas-e-toalhas-de-banho\\\/conjunto-de-toalhas-de-bambu-3pecas\\\/\"]}]},{\"@type\":\"ImageObject\",\"inLanguage\":\"pt-PT\",\"@id\":\"https:\\\/\\\/aztex.ee\\\/pt-pt\\\/pood\\\/toalhas-e-toalhas-de-banho\\\/conjunto-de-toalhas-de-bambu-3pecas\\\/#primaryimage\",\"url\":\"https:\\\/\\\/aztex.ee\\\/wp-content\\\/uploads\\\/2025\\\/01\\\/Bambusest-ratikute-komplekt-1.jpg\",\"contentUrl\":\"https:\\\/\\\/aztex.ee\\\/wp-content\\\/uploads\\\/2025\\\/01\\\/Bambusest-ratikute-komplekt-1.jpg\",\"width\":800,\"height\":800,\"caption\":\"Bambusest r\u00e4tikute komplekt\"},{\"@type\":\"BreadcrumbList\",\"@id\":\"https:\\\/\\\/aztex.ee\\\/pt-pt\\\/pood\\\/toalhas-e-toalhas-de-banho\\\/conjunto-de-toalhas-de-bambu-3pecas\\\/#breadcrumb\",\"itemListElement\":[{\"@type\":\"ListItem\",\"position\":1,\"name\":\"In\u00edcio\",\"item\":\"https:\\\/\\\/aztex.ee\\\/pt-pt\\\/\"},{\"@type\":\"ListItem\",\"position\":2,\"name\":\"Loja\",\"item\":\"https:\\\/\\\/aztex.ee\\\/pt-pt\\\/loja\\\/\"},{\"@type\":\"ListItem\",\"position\":3,\"name\":\"Conjunto de toalhas de bambu\"}]},{\"@type\":\"WebSite\",\"@id\":\"https:\\\/\\\/aztex.ee\\\/pt-pt\\\/#website\",\"url\":\"https:\\\/\\\/aztex.ee\\\/pt-pt\\\/\",\"name\":\"AZTEX\",\"description\":\"\",\"publisher\":{\"@id\":\"https:\\\/\\\/aztex.ee\\\/pt-pt\\\/#organization\"},\"potentialAction\":[{\"@type\":\"SearchAction\",\"target\":{\"@type\":\"EntryPoint\",\"urlTemplate\":\"https:\\\/\\\/aztex.ee\\\/pt-pt\\\/?s={search_term_string}\"},\"query-input\":{\"@type\":\"PropertyValueSpecification\",\"valueRequired\":true,\"valueName\":\"search_term_string\"}}],\"inLanguage\":\"pt-PT\"},{\"@type\":\"Organization\",\"@id\":\"https:\\\/\\\/aztex.ee\\\/pt-pt\\\/#organization\",\"name\":\"AZTEX\",\"url\":\"https:\\\/\\\/aztex.ee\\\/pt-pt\\\/\",\"logo\":{\"@type\":\"ImageObject\",\"inLanguage\":\"pt-PT\",\"@id\":\"https:\\\/\\\/aztex.ee\\\/pt-pt\\\/#\\\/schema\\\/logo\\\/image\\\/\",\"url\":\"https:\\\/\\\/aztex.ee\\\/wp-content\\\/uploads\\\/2026\\\/01\\\/AZTEX.png\",\"contentUrl\":\"https:\\\/\\\/aztex.ee\\\/wp-content\\\/uploads\\\/2026\\\/01\\\/AZTEX.png\",\"width\":500,\"height\":500,\"caption\":\"AZTEX\"},\"image\":{\"@id\":\"https:\\\/\\\/aztex.ee\\\/pt-pt\\\/#\\\/schema\\\/logo\\\/image\\\/\"},\"sameAs\":[\"https:\\\/\\\/www.facebook.com\\\/AztexEE\",\"https:\\\/\\\/www.instagram.com\\\/aztexeesti\\\/\",\"https:\\\/\\\/www.youtube.com\\\/@AZTEXEE\",\"https:\\\/\\\/www.pinterest.com\\\/aztex_eesti\\\/\",\"https:\\\/\\\/www.tiktok.com\\\/@aztexeesti\",\"https:\\\/\\\/www.trustpilot.com\\\/review\\\/aztex.ee\",\"https:\\\/\\\/www.linkedin.com\\\/company\\\/aztex-ee\\\/\",\"https:\\\/\\\/www.wikidata.org\\\/wiki\\\/Q137560182\"]}]}<\/script>\n<!-- \/ Yoast SEO plugin. -->","yoast_head_json":{"title":"Conjunto de Toalhas em Bambu 3 Pe\u00e7as | AZTEX","description":"O conjunto de toalhas de bambu org\u00e2nico inclui 1 pe\u00e7a de toalhas de 70x140 cm e 2 pe\u00e7as de toalhas de 35x75 cm com textura macia e excelente absor\u00e7\u00e3o.","robots":{"index":"index","follow":"follow","max-snippet":"max-snippet:-1","max-image-preview":"max-image-preview:large","max-video-preview":"max-video-preview:-1"},"canonical":"https:\/\/aztex.ee\/pt-pt\/pood\/toalhas-e-toalhas-de-banho\/conjunto-de-toalhas-de-bambu-3pecas\/","og_locale":"pt_PT","og_type":"article","og_title":"Conjunto de Toalhas em Bambu 3 Pe\u00e7as | AZTEX","og_description":"O conjunto de toalhas de bambu org\u00e2nico inclui 1 pe\u00e7a de toalhas de 70x140 cm e 2 pe\u00e7as de toalhas de 35x75 cm com textura macia e excelente absor\u00e7\u00e3o.","og_url":"https:\/\/aztex.ee\/pt-pt\/pood\/toalhas-e-toalhas-de-banho\/conjunto-de-toalhas-de-bambu-3pecas\/","og_site_name":"AZTEX","article_publisher":"https:\/\/www.facebook.com\/AztexEE","article_modified_time":"2026-04-17T12:53:11+00:00","og_image":[{"width":800,"height":800,"url":"https:\/\/aztex.ee\/wp-content\/uploads\/2025\/01\/Bambusest-ratikute-komplekt-1.jpg","type":"image\/jpeg"}],"twitter_card":"summary_large_image","twitter_misc":{"Tempo estimado de leitura":"1 minuto"},"schema":{"@context":"https:\/\/schema.org","@graph":[{"@type":["WebPage","ItemPage"],"@id":"https:\/\/aztex.ee\/pt-pt\/pood\/toalhas-e-toalhas-de-banho\/conjunto-de-toalhas-de-bambu-3pecas\/","url":"https:\/\/aztex.ee\/pt-pt\/pood\/toalhas-e-toalhas-de-banho\/conjunto-de-toalhas-de-bambu-3pecas\/","name":"Conjunto de Toalhas em Bambu 3 Pe\u00e7as | AZTEX","isPartOf":{"@id":"https:\/\/aztex.ee\/pt-pt\/#website"},"primaryImageOfPage":{"@id":"https:\/\/aztex.ee\/pt-pt\/pood\/toalhas-e-toalhas-de-banho\/conjunto-de-toalhas-de-bambu-3pecas\/#primaryimage"},"image":{"@id":"https:\/\/aztex.ee\/pt-pt\/pood\/toalhas-e-toalhas-de-banho\/conjunto-de-toalhas-de-bambu-3pecas\/#primaryimage"},"thumbnailUrl":"https:\/\/aztex.ee\/wp-content\/uploads\/2025\/01\/Bambusest-ratikute-komplekt-1.jpg","datePublished":"2025-01-22T18:25:30+00:00","dateModified":"2026-04-17T12:53:11+00:00","description":"O conjunto de toalhas de bambu org\u00e2nico inclui 1 pe\u00e7a de toalhas de 70x140 cm e 2 pe\u00e7as de toalhas de 35x75 cm com textura macia e excelente absor\u00e7\u00e3o.","breadcrumb":{"@id":"https:\/\/aztex.ee\/pt-pt\/pood\/toalhas-e-toalhas-de-banho\/conjunto-de-toalhas-de-bambu-3pecas\/#breadcrumb"},"inLanguage":"pt-PT","potentialAction":[{"@type":"ReadAction","target":["https:\/\/aztex.ee\/pt-pt\/pood\/toalhas-e-toalhas-de-banho\/conjunto-de-toalhas-de-bambu-3pecas\/"]}]},{"@type":"ImageObject","inLanguage":"pt-PT","@id":"https:\/\/aztex.ee\/pt-pt\/pood\/toalhas-e-toalhas-de-banho\/conjunto-de-toalhas-de-bambu-3pecas\/#primaryimage","url":"https:\/\/aztex.ee\/wp-content\/uploads\/2025\/01\/Bambusest-ratikute-komplekt-1.jpg","contentUrl":"https:\/\/aztex.ee\/wp-content\/uploads\/2025\/01\/Bambusest-ratikute-komplekt-1.jpg","width":800,"height":800,"caption":"Bambusest r\u00e4tikute komplekt"},{"@type":"BreadcrumbList","@id":"https:\/\/aztex.ee\/pt-pt\/pood\/toalhas-e-toalhas-de-banho\/conjunto-de-toalhas-de-bambu-3pecas\/#breadcrumb","itemListElement":[{"@type":"ListItem","position":1,"name":"In\u00edcio","item":"https:\/\/aztex.ee\/pt-pt\/"},{"@type":"ListItem","position":2,"name":"Loja","item":"https:\/\/aztex.ee\/pt-pt\/loja\/"},{"@type":"ListItem","position":3,"name":"Conjunto de toalhas de bambu"}]},{"@type":"WebSite","@id":"https:\/\/aztex.ee\/pt-pt\/#website","url":"https:\/\/aztex.ee\/pt-pt\/","name":"AZTEX","description":"","publisher":{"@id":"https:\/\/aztex.ee\/pt-pt\/#organization"},"potentialAction":[{"@type":"SearchAction","target":{"@type":"EntryPoint","urlTemplate":"https:\/\/aztex.ee\/pt-pt\/?s={search_term_string}"},"query-input":{"@type":"PropertyValueSpecification","valueRequired":true,"valueName":"search_term_string"}}],"inLanguage":"pt-PT"},{"@type":"Organization","@id":"https:\/\/aztex.ee\/pt-pt\/#organization","name":"AZTEX","url":"https:\/\/aztex.ee\/pt-pt\/","logo":{"@type":"ImageObject","inLanguage":"pt-PT","@id":"https:\/\/aztex.ee\/pt-pt\/#\/schema\/logo\/image\/","url":"https:\/\/aztex.ee\/wp-content\/uploads\/2026\/01\/AZTEX.png","contentUrl":"https:\/\/aztex.ee\/wp-content\/uploads\/2026\/01\/AZTEX.png","width":500,"height":500,"caption":"AZTEX"},"image":{"@id":"https:\/\/aztex.ee\/pt-pt\/#\/schema\/logo\/image\/"},"sameAs":["https:\/\/www.facebook.com\/AztexEE","https:\/\/www.instagram.com\/aztexeesti\/","https:\/\/www.youtube.com\/@AZTEXEE","https:\/\/www.pinterest.com\/aztex_eesti\/","https:\/\/www.tiktok.com\/@aztexeesti","https:\/\/www.trustpilot.com\/review\/aztex.ee","https:\/\/www.linkedin.com\/company\/aztex-ee\/","https:\/\/www.wikidata.org\/wiki\/Q137560182"]}]}},"_links":{"self":[{"href":"https:\/\/aztex.ee\/pt-pt\/wp-json\/wp\/v2\/product\/44164","targetHints":{"allow":["GET"]}}],"collection":[{"href":"https:\/\/aztex.ee\/pt-pt\/wp-json\/wp\/v2\/product"}],"about":[{"href":"https:\/\/aztex.ee\/pt-pt\/wp-json\/wp\/v2\/types\/product"}],"replies":[{"embeddable":true,"href":"https:\/\/aztex.ee\/pt-pt\/wp-json\/wp\/v2\/comments?post=44164"}],"version-history":[{"count":0,"href":"https:\/\/aztex.ee\/pt-pt\/wp-json\/wp\/v2\/product\/44164\/revisions"}],"wp:featuredmedia":[{"embeddable":true,"href":"https:\/\/aztex.ee\/pt-pt\/wp-json\/wp\/v2\/media\/44228"}],"wp:attachment":[{"href":"https:\/\/aztex.ee\/pt-pt\/wp-json\/wp\/v2\/media?parent=44164"}],"wp:term":[{"taxonomy":"product_brand","embeddable":true,"href":"https:\/\/aztex.ee\/pt-pt\/wp-json\/wp\/v2\/product_brand?post=44164"},{"taxonomy":"product_cat","embeddable":true,"href":"https:\/\/aztex.ee\/pt-pt\/wp-json\/wp\/v2\/product_cat?post=44164"},{"taxonomy":"product_tag","embeddable":true,"href":"https:\/\/aztex.ee\/pt-pt\/wp-json\/wp\/v2\/product_tag?post=44164"}],"curies":[{"name":"wp","href":"https:\/\/api.w.org\/{rel}","templated":true}]}}