{"id":29186,"date":"2024-10-30T10:27:35","date_gmt":"2024-10-30T10:27:35","guid":{"rendered":"https:\/\/aztex.ee\/?post_type=product&#038;p=29186"},"modified":"2025-08-14T19:28:35","modified_gmt":"2025-08-14T19:28:35","slug":"lencol-em-canhamo-azul-escuro","status":"publish","type":"product","link":"https:\/\/aztex.ee\/pt-pt\/pood\/lencois-de-canhamo\/lencol-em-canhamo-azul-escuro\/","title":{"rendered":"Len\u00e7ol em c\u00e2nhamo | Azul escuro"},"content":{"rendered":"<p>Len\u00e7ol em c\u00e2nhamo \u00e9 a escolha perfeita que combina praticidade, durabilidade e estilo em qualquer divis\u00e3o. A textura natural e a cor neutra do tecido de c\u00e2nhamo criam uma atmosfera elegante e r\u00fastica que complementa v\u00e1rios estilos de interiores. Para al\u00e9m do conforto, o len\u00e7ol de c\u00e2nhamo \u00e9 tamb\u00e9m antial\u00e9rgico e antibacteriano, proporcionando um sono respir\u00e1vel e saud\u00e1vel durante toda a noite.<\/p>\n<p>A roupa de cama de c\u00e2nhamo \u00e9 f\u00e1cil de cuidar &#8211; pode ser lavada na m\u00e1quina e mant\u00e9m a sua qualidade mesmo ap\u00f3s v\u00e1rias lavagens. As fibras de c\u00e2nhamo secam rapidamente, caracter\u00edstica ideal para quem valoriza a praticidade e o conforto. Al\u00e9m disso, o c\u00e2nhamo \u00e9 um material amigo do ambiente porque o seu cultivo \u00e9 amigo do ambiente e sustent\u00e1vel, fazendo da roupa de cama de c\u00e2nhamo uma escolha amiga do ambiente e da natureza.<\/p>\n","protected":false},"excerpt":{"rendered":"<p>Len\u00e7ol em 100% c\u00e2nhamo \u00e9 hipoalerg\u00e9nica e antibacteriana.<\/p>\n<ul>\n<li>Cor: Azul escuro<\/li>\n<li>Material: 100% c\u00e2nhamo, 180 g\/m2<\/li>\n<li>Tamanho: 220\u00d7240 cm<\/li>\n<\/ul>\n<p><img loading=\"lazy\" decoding=\"async\" class=\"alignnone size-full wp-image-20226\" src=\"https:\/\/aztex.ee\/wp-content\/uploads\/2024\/09\/oekotex100.png\" alt=\"\" width=\"204\" height=\"72\" srcset=\"https:\/\/aztex.ee\/wp-content\/uploads\/2024\/09\/oekotex100.png 204w, https:\/\/aztex.ee\/wp-content\/uploads\/2024\/09\/oekotex100-150x53.png 150w\" sizes=\"auto, (max-width: 204px) 100vw, 204px\" \/><img loading=\"lazy\" decoding=\"async\" class=\"alignnone wp-image-20896\" src=\"https:\/\/aztex.ee\/wp-content\/uploads\/2024\/09\/NATURALHEMP.png\" alt=\"\" width=\"79\" height=\"79\" srcset=\"https:\/\/aztex.ee\/wp-content\/uploads\/2024\/09\/NATURALHEMP.png 300w, https:\/\/aztex.ee\/wp-content\/uploads\/2024\/09\/NATURALHEMP-150x150.png 150w\" sizes=\"auto, (max-width: 79px) 100vw, 79px\" \/><\/p>\n","protected":false},"featured_media":21302,"comment_status":"open","ping_status":"closed","template":"","meta":[],"product_brand":[],"product_cat":[1805,449],"product_tag":[],"class_list":{"0":"post-29186","1":"product","2":"type-product","3":"status-publish","4":"has-post-thumbnail","6":"product_cat-lencois","7":"product_cat-lencois-de-canhamo","9":"first","10":"instock","11":"shipping-taxable","12":"purchasable","13":"product-type-simple"},"yoast_head":"<!-- This site is optimized with the Yoast SEO plugin v27.3 - https:\/\/yoast.com\/product\/yoast-seo-wordpress\/ -->\n<title>Len\u00e7ol em c\u00e2nhamo - Azul escuro | AZTEX<\/title>\n<meta name=\"description\" content=\"Len\u00e7ol em c\u00e2nhamo Azul escuro \u00e9 a escolha perfeita que combina praticidade, durabilidade e estilo em qualquer divis\u00e3o. A textura natural e a cor neutra ...\" \/>\n<meta name=\"robots\" content=\"index, follow, max-snippet:-1, max-image-preview:large, max-video-preview:-1\" \/>\n<link rel=\"canonical\" href=\"https:\/\/aztex.ee\/pt-pt\/pood\/lencois-de-canhamo\/lencol-em-canhamo-azul-escuro\/\" \/>\n<meta property=\"og:locale\" content=\"pt_PT\" \/>\n<meta property=\"og:type\" content=\"article\" \/>\n<meta property=\"og:title\" content=\"Len\u00e7ol em c\u00e2nhamo - Azul escuro | AZTEX\" \/>\n<meta property=\"og:description\" content=\"Len\u00e7ol em c\u00e2nhamo Azul escuro \u00e9 a escolha perfeita que combina praticidade, durabilidade e estilo em qualquer divis\u00e3o. A textura natural e a cor neutra ...\" \/>\n<meta property=\"og:url\" content=\"https:\/\/aztex.ee\/pt-pt\/pood\/lencois-de-canhamo\/lencol-em-canhamo-azul-escuro\/\" \/>\n<meta property=\"og:site_name\" content=\"AZTEX\" \/>\n<meta property=\"article:publisher\" content=\"https:\/\/www.facebook.com\/AztexEE\" \/>\n<meta property=\"article:modified_time\" content=\"2025-08-14T19:28:35+00:00\" \/>\n<meta property=\"og:image\" content=\"https:\/\/aztex.ee\/wp-content\/uploads\/2024\/09\/Kanepist-voodipesu-9.jpg\" \/>\n\t<meta property=\"og:image:width\" content=\"800\" \/>\n\t<meta property=\"og:image:height\" content=\"800\" \/>\n\t<meta property=\"og:image:type\" content=\"image\/jpeg\" \/>\n<meta name=\"twitter:card\" content=\"summary_large_image\" \/>\n<meta name=\"twitter:label1\" content=\"Tempo estimado de leitura\" \/>\n\t<meta name=\"twitter:data1\" content=\"1 minuto\" \/>\n<script type=\"application\/ld+json\" class=\"yoast-schema-graph\">{\"@context\":\"https:\\\/\\\/schema.org\",\"@graph\":[{\"@type\":[\"WebPage\",\"ItemPage\"],\"@id\":\"https:\\\/\\\/aztex.ee\\\/pt-pt\\\/pood\\\/lencois-de-canhamo\\\/lencol-em-canhamo-azul-escuro\\\/\",\"url\":\"https:\\\/\\\/aztex.ee\\\/pt-pt\\\/pood\\\/lencois-de-canhamo\\\/lencol-em-canhamo-azul-escuro\\\/\",\"name\":\"Len\u00e7ol em c\u00e2nhamo - Azul escuro | AZTEX\",\"isPartOf\":{\"@id\":\"https:\\\/\\\/aztex.ee\\\/pt-pt\\\/#website\"},\"primaryImageOfPage\":{\"@id\":\"https:\\\/\\\/aztex.ee\\\/pt-pt\\\/pood\\\/lencois-de-canhamo\\\/lencol-em-canhamo-azul-escuro\\\/#primaryimage\"},\"image\":{\"@id\":\"https:\\\/\\\/aztex.ee\\\/pt-pt\\\/pood\\\/lencois-de-canhamo\\\/lencol-em-canhamo-azul-escuro\\\/#primaryimage\"},\"thumbnailUrl\":\"https:\\\/\\\/aztex.ee\\\/wp-content\\\/uploads\\\/2024\\\/09\\\/Kanepist-voodipesu-9.jpg\",\"datePublished\":\"2024-10-30T10:27:35+00:00\",\"dateModified\":\"2025-08-14T19:28:35+00:00\",\"description\":\"Len\u00e7ol em c\u00e2nhamo Azul escuro \u00e9 a escolha perfeita que combina praticidade, durabilidade e estilo em qualquer divis\u00e3o. A textura natural e a cor neutra ...\",\"breadcrumb\":{\"@id\":\"https:\\\/\\\/aztex.ee\\\/pt-pt\\\/pood\\\/lencois-de-canhamo\\\/lencol-em-canhamo-azul-escuro\\\/#breadcrumb\"},\"inLanguage\":\"pt-PT\",\"potentialAction\":[{\"@type\":\"ReadAction\",\"target\":[\"https:\\\/\\\/aztex.ee\\\/pt-pt\\\/pood\\\/lencois-de-canhamo\\\/lencol-em-canhamo-azul-escuro\\\/\"]}]},{\"@type\":\"ImageObject\",\"inLanguage\":\"pt-PT\",\"@id\":\"https:\\\/\\\/aztex.ee\\\/pt-pt\\\/pood\\\/lencois-de-canhamo\\\/lencol-em-canhamo-azul-escuro\\\/#primaryimage\",\"url\":\"https:\\\/\\\/aztex.ee\\\/wp-content\\\/uploads\\\/2024\\\/09\\\/Kanepist-voodipesu-9.jpg\",\"contentUrl\":\"https:\\\/\\\/aztex.ee\\\/wp-content\\\/uploads\\\/2024\\\/09\\\/Kanepist-voodipesu-9.jpg\",\"width\":800,\"height\":800,\"caption\":\"Kanepist voodilina\"},{\"@type\":\"BreadcrumbList\",\"@id\":\"https:\\\/\\\/aztex.ee\\\/pt-pt\\\/pood\\\/lencois-de-canhamo\\\/lencol-em-canhamo-azul-escuro\\\/#breadcrumb\",\"itemListElement\":[{\"@type\":\"ListItem\",\"position\":1,\"name\":\"In\u00edcio\",\"item\":\"https:\\\/\\\/aztex.ee\\\/pt-pt\\\/\"},{\"@type\":\"ListItem\",\"position\":2,\"name\":\"Loja\",\"item\":\"https:\\\/\\\/aztex.ee\\\/pt-pt\\\/loja\\\/\"},{\"@type\":\"ListItem\",\"position\":3,\"name\":\"Len\u00e7ol em c\u00e2nhamo | Azul escuro\"}]},{\"@type\":\"WebSite\",\"@id\":\"https:\\\/\\\/aztex.ee\\\/pt-pt\\\/#website\",\"url\":\"https:\\\/\\\/aztex.ee\\\/pt-pt\\\/\",\"name\":\"AZTEX\",\"description\":\"\",\"publisher\":{\"@id\":\"https:\\\/\\\/aztex.ee\\\/pt-pt\\\/#organization\"},\"potentialAction\":[{\"@type\":\"SearchAction\",\"target\":{\"@type\":\"EntryPoint\",\"urlTemplate\":\"https:\\\/\\\/aztex.ee\\\/pt-pt\\\/?s={search_term_string}\"},\"query-input\":{\"@type\":\"PropertyValueSpecification\",\"valueRequired\":true,\"valueName\":\"search_term_string\"}}],\"inLanguage\":\"pt-PT\"},{\"@type\":\"Organization\",\"@id\":\"https:\\\/\\\/aztex.ee\\\/pt-pt\\\/#organization\",\"name\":\"AZTEX\",\"url\":\"https:\\\/\\\/aztex.ee\\\/pt-pt\\\/\",\"logo\":{\"@type\":\"ImageObject\",\"inLanguage\":\"pt-PT\",\"@id\":\"https:\\\/\\\/aztex.ee\\\/pt-pt\\\/#\\\/schema\\\/logo\\\/image\\\/\",\"url\":\"https:\\\/\\\/aztex.ee\\\/wp-content\\\/uploads\\\/2026\\\/01\\\/AZTEX.png\",\"contentUrl\":\"https:\\\/\\\/aztex.ee\\\/wp-content\\\/uploads\\\/2026\\\/01\\\/AZTEX.png\",\"width\":500,\"height\":500,\"caption\":\"AZTEX\"},\"image\":{\"@id\":\"https:\\\/\\\/aztex.ee\\\/pt-pt\\\/#\\\/schema\\\/logo\\\/image\\\/\"},\"sameAs\":[\"https:\\\/\\\/www.facebook.com\\\/AztexEE\",\"https:\\\/\\\/www.instagram.com\\\/aztexeesti\\\/\",\"https:\\\/\\\/www.youtube.com\\\/@AZTEXEE\",\"https:\\\/\\\/www.pinterest.com\\\/aztex_eesti\\\/\",\"https:\\\/\\\/www.tiktok.com\\\/@aztexeesti\",\"https:\\\/\\\/www.trustpilot.com\\\/review\\\/aztex.ee\",\"https:\\\/\\\/www.linkedin.com\\\/company\\\/aztex-ee\\\/\",\"https:\\\/\\\/www.wikidata.org\\\/wiki\\\/Q137560182\"]}]}<\/script>\n<!-- \/ Yoast SEO plugin. -->","yoast_head_json":{"title":"Len\u00e7ol em c\u00e2nhamo - Azul escuro | AZTEX","description":"Len\u00e7ol em c\u00e2nhamo Azul escuro \u00e9 a escolha perfeita que combina praticidade, durabilidade e estilo em qualquer divis\u00e3o. A textura natural e a cor neutra ...","robots":{"index":"index","follow":"follow","max-snippet":"max-snippet:-1","max-image-preview":"max-image-preview:large","max-video-preview":"max-video-preview:-1"},"canonical":"https:\/\/aztex.ee\/pt-pt\/pood\/lencois-de-canhamo\/lencol-em-canhamo-azul-escuro\/","og_locale":"pt_PT","og_type":"article","og_title":"Len\u00e7ol em c\u00e2nhamo - Azul escuro | AZTEX","og_description":"Len\u00e7ol em c\u00e2nhamo Azul escuro \u00e9 a escolha perfeita que combina praticidade, durabilidade e estilo em qualquer divis\u00e3o. A textura natural e a cor neutra ...","og_url":"https:\/\/aztex.ee\/pt-pt\/pood\/lencois-de-canhamo\/lencol-em-canhamo-azul-escuro\/","og_site_name":"AZTEX","article_publisher":"https:\/\/www.facebook.com\/AztexEE","article_modified_time":"2025-08-14T19:28:35+00:00","og_image":[{"width":800,"height":800,"url":"https:\/\/aztex.ee\/wp-content\/uploads\/2024\/09\/Kanepist-voodipesu-9.jpg","type":"image\/jpeg"}],"twitter_card":"summary_large_image","twitter_misc":{"Tempo estimado de leitura":"1 minuto"},"schema":{"@context":"https:\/\/schema.org","@graph":[{"@type":["WebPage","ItemPage"],"@id":"https:\/\/aztex.ee\/pt-pt\/pood\/lencois-de-canhamo\/lencol-em-canhamo-azul-escuro\/","url":"https:\/\/aztex.ee\/pt-pt\/pood\/lencois-de-canhamo\/lencol-em-canhamo-azul-escuro\/","name":"Len\u00e7ol em c\u00e2nhamo - Azul escuro | AZTEX","isPartOf":{"@id":"https:\/\/aztex.ee\/pt-pt\/#website"},"primaryImageOfPage":{"@id":"https:\/\/aztex.ee\/pt-pt\/pood\/lencois-de-canhamo\/lencol-em-canhamo-azul-escuro\/#primaryimage"},"image":{"@id":"https:\/\/aztex.ee\/pt-pt\/pood\/lencois-de-canhamo\/lencol-em-canhamo-azul-escuro\/#primaryimage"},"thumbnailUrl":"https:\/\/aztex.ee\/wp-content\/uploads\/2024\/09\/Kanepist-voodipesu-9.jpg","datePublished":"2024-10-30T10:27:35+00:00","dateModified":"2025-08-14T19:28:35+00:00","description":"Len\u00e7ol em c\u00e2nhamo Azul escuro \u00e9 a escolha perfeita que combina praticidade, durabilidade e estilo em qualquer divis\u00e3o. A textura natural e a cor neutra ...","breadcrumb":{"@id":"https:\/\/aztex.ee\/pt-pt\/pood\/lencois-de-canhamo\/lencol-em-canhamo-azul-escuro\/#breadcrumb"},"inLanguage":"pt-PT","potentialAction":[{"@type":"ReadAction","target":["https:\/\/aztex.ee\/pt-pt\/pood\/lencois-de-canhamo\/lencol-em-canhamo-azul-escuro\/"]}]},{"@type":"ImageObject","inLanguage":"pt-PT","@id":"https:\/\/aztex.ee\/pt-pt\/pood\/lencois-de-canhamo\/lencol-em-canhamo-azul-escuro\/#primaryimage","url":"https:\/\/aztex.ee\/wp-content\/uploads\/2024\/09\/Kanepist-voodipesu-9.jpg","contentUrl":"https:\/\/aztex.ee\/wp-content\/uploads\/2024\/09\/Kanepist-voodipesu-9.jpg","width":800,"height":800,"caption":"Kanepist voodilina"},{"@type":"BreadcrumbList","@id":"https:\/\/aztex.ee\/pt-pt\/pood\/lencois-de-canhamo\/lencol-em-canhamo-azul-escuro\/#breadcrumb","itemListElement":[{"@type":"ListItem","position":1,"name":"In\u00edcio","item":"https:\/\/aztex.ee\/pt-pt\/"},{"@type":"ListItem","position":2,"name":"Loja","item":"https:\/\/aztex.ee\/pt-pt\/loja\/"},{"@type":"ListItem","position":3,"name":"Len\u00e7ol em c\u00e2nhamo | Azul escuro"}]},{"@type":"WebSite","@id":"https:\/\/aztex.ee\/pt-pt\/#website","url":"https:\/\/aztex.ee\/pt-pt\/","name":"AZTEX","description":"","publisher":{"@id":"https:\/\/aztex.ee\/pt-pt\/#organization"},"potentialAction":[{"@type":"SearchAction","target":{"@type":"EntryPoint","urlTemplate":"https:\/\/aztex.ee\/pt-pt\/?s={search_term_string}"},"query-input":{"@type":"PropertyValueSpecification","valueRequired":true,"valueName":"search_term_string"}}],"inLanguage":"pt-PT"},{"@type":"Organization","@id":"https:\/\/aztex.ee\/pt-pt\/#organization","name":"AZTEX","url":"https:\/\/aztex.ee\/pt-pt\/","logo":{"@type":"ImageObject","inLanguage":"pt-PT","@id":"https:\/\/aztex.ee\/pt-pt\/#\/schema\/logo\/image\/","url":"https:\/\/aztex.ee\/wp-content\/uploads\/2026\/01\/AZTEX.png","contentUrl":"https:\/\/aztex.ee\/wp-content\/uploads\/2026\/01\/AZTEX.png","width":500,"height":500,"caption":"AZTEX"},"image":{"@id":"https:\/\/aztex.ee\/pt-pt\/#\/schema\/logo\/image\/"},"sameAs":["https:\/\/www.facebook.com\/AztexEE","https:\/\/www.instagram.com\/aztexeesti\/","https:\/\/www.youtube.com\/@AZTEXEE","https:\/\/www.pinterest.com\/aztex_eesti\/","https:\/\/www.tiktok.com\/@aztexeesti","https:\/\/www.trustpilot.com\/review\/aztex.ee","https:\/\/www.linkedin.com\/company\/aztex-ee\/","https:\/\/www.wikidata.org\/wiki\/Q137560182"]}]}},"_links":{"self":[{"href":"https:\/\/aztex.ee\/pt-pt\/wp-json\/wp\/v2\/product\/29186","targetHints":{"allow":["GET"]}}],"collection":[{"href":"https:\/\/aztex.ee\/pt-pt\/wp-json\/wp\/v2\/product"}],"about":[{"href":"https:\/\/aztex.ee\/pt-pt\/wp-json\/wp\/v2\/types\/product"}],"replies":[{"embeddable":true,"href":"https:\/\/aztex.ee\/pt-pt\/wp-json\/wp\/v2\/comments?post=29186"}],"version-history":[{"count":0,"href":"https:\/\/aztex.ee\/pt-pt\/wp-json\/wp\/v2\/product\/29186\/revisions"}],"wp:featuredmedia":[{"embeddable":true,"href":"https:\/\/aztex.ee\/pt-pt\/wp-json\/wp\/v2\/media\/21302"}],"wp:attachment":[{"href":"https:\/\/aztex.ee\/pt-pt\/wp-json\/wp\/v2\/media?parent=29186"}],"wp:term":[{"taxonomy":"product_brand","embeddable":true,"href":"https:\/\/aztex.ee\/pt-pt\/wp-json\/wp\/v2\/product_brand?post=29186"},{"taxonomy":"product_cat","embeddable":true,"href":"https:\/\/aztex.ee\/pt-pt\/wp-json\/wp\/v2\/product_cat?post=29186"},{"taxonomy":"product_tag","embeddable":true,"href":"https:\/\/aztex.ee\/pt-pt\/wp-json\/wp\/v2\/product_tag?post=29186"}],"curies":[{"name":"wp","href":"https:\/\/api.w.org\/{rel}","templated":true}]}}