{"id":26181,"date":"2024-10-02T13:42:05","date_gmt":"2024-10-02T13:42:05","guid":{"rendered":"https:\/\/aztex.ee\/?post_type=product&#038;p=26181"},"modified":"2026-02-27T12:24:00","modified_gmt":"2026-02-27T12:24:00","slug":"jogo-de-cama-algodao-cetim-blue-rose","status":"publish","type":"product","link":"https:\/\/aztex.ee\/pt-pt\/pood\/roupa-de-cama\/jogo-de-cama-algodao-cetim-blue-rose\/","title":{"rendered":"Jogo de cama algod\u00e3o cetim | Blue rose"},"content":{"rendered":"<p>O conjunto de cama acetinado em algod\u00e3o traz suavidade e conforto ao seu quarto. Combina a naturalidade do algod\u00e3o com a suavidade do cetim, oferecendo um material respir\u00e1vel e amigo da pele, ideal para o uso di\u00e1rio. O tecido \u00e9 duradouro e f\u00e1cil de cuidar, mantendo a suavidade mesmo ap\u00f3s v\u00e1rias lavagens. A roupa de cama de algod\u00e3o acetinado \u00e9 uma \u00f3tima op\u00e7\u00e3o se valoriza um sono de qualidade e um toque agrad\u00e1vel \u00e0 noite.<\/p>\n","protected":false},"excerpt":{"rendered":"<p>O conjunto de cama em cetim de algod\u00e3o garante conforto e um sono de qualidade.<\/p>\n<ul>\n<li>Material: 100% Algod\u00e3o<\/li>\n<li>Tecido: Cetim<\/li>\n<li>Contagem de fios: 300 TC<\/li>\n<li>Capa de edred\u00e3o: 200\u00d7220 cm<\/li>\n<li>Fronha de almofada: 50\u00d775 cm (2 pe\u00e7as)<\/li>\n<li>Len\u00e7ol: N\u00e3o inclu\u00edda<\/li>\n<li>Conforto: Textura respir\u00e1vel e suave<\/li>\n<\/ul>\n<p><img loading=\"lazy\" decoding=\"async\" class=\"alignnone size-full wp-image-25962\" src=\"https:\/\/aztex.ee\/wp-content\/uploads\/2024\/09\/cotton87.png\" alt=\"\" width=\"188\" height=\"71\" srcset=\"https:\/\/aztex.ee\/wp-content\/uploads\/2024\/09\/cotton87.png 188w, https:\/\/aztex.ee\/wp-content\/uploads\/2024\/09\/cotton87-150x57.png 150w\" sizes=\"auto, (max-width: 188px) 100vw, 188px\" \/><\/p>\n","protected":false},"featured_media":26243,"comment_status":"open","ping_status":"closed","template":"","meta":[],"product_brand":[],"product_cat":[296,504,605,110,170,388],"product_tag":[],"class_list":{"0":"post-26181","1":"product","2":"type-product","3":"status-publish","4":"has-post-thumbnail","6":"product_cat-conjunto-de-roupa-de-cama-em-algodao-200-220","7":"product_cat-conjuntos-de-roupa-de-cama","8":"product_cat-conjuntos-de-roupa-de-cama-em-cetim","9":"product_cat-roupa-de-cama","10":"product_cat-roupa-de-cama-em-algodao","11":"product_cat-roupa-de-cama-em-cetim","13":"first","14":"outofstock","15":"shipping-taxable","16":"purchasable","17":"product-type-simple"},"yoast_head":"<!-- This site is optimized with the Yoast SEO plugin v27.3 - https:\/\/yoast.com\/product\/yoast-seo-wordpress\/ -->\n<title>Jogo de cama algod\u00e3o cetim | Blue rose | AZTEX<\/title>\n<meta name=\"description\" content=\"Jogo de cama algod\u00e3o cetim Blue rose traz luxo e conforto ao seu quarto. Feito de cetim de algod\u00e3o macio e respir\u00e1vel, este conjunto proporciona uma....\" \/>\n<meta name=\"robots\" content=\"index, follow, max-snippet:-1, max-image-preview:large, max-video-preview:-1\" \/>\n<link rel=\"canonical\" href=\"https:\/\/aztex.ee\/pt-pt\/pood\/roupa-de-cama\/jogo-de-cama-algodao-cetim-blue-rose\/\" \/>\n<meta property=\"og:locale\" content=\"pt_PT\" \/>\n<meta property=\"og:type\" content=\"article\" \/>\n<meta property=\"og:title\" content=\"Jogo de cama algod\u00e3o cetim | Blue rose | AZTEX\" \/>\n<meta property=\"og:description\" content=\"Jogo de cama algod\u00e3o cetim Blue rose traz luxo e conforto ao seu quarto. Feito de cetim de algod\u00e3o macio e respir\u00e1vel, este conjunto proporciona uma....\" \/>\n<meta property=\"og:url\" content=\"https:\/\/aztex.ee\/pt-pt\/pood\/roupa-de-cama\/jogo-de-cama-algodao-cetim-blue-rose\/\" \/>\n<meta property=\"og:site_name\" content=\"AZTEX\" \/>\n<meta property=\"article:publisher\" content=\"https:\/\/www.facebook.com\/AztexEE\" \/>\n<meta property=\"article:modified_time\" content=\"2026-02-27T12:24:00+00:00\" \/>\n<meta property=\"og:image\" content=\"https:\/\/aztex.ee\/wp-content\/uploads\/2024\/10\/Voodipesukomplekt-puuvillasatiin-27.jpg\" \/>\n\t<meta property=\"og:image:width\" content=\"800\" \/>\n\t<meta property=\"og:image:height\" content=\"800\" \/>\n\t<meta property=\"og:image:type\" content=\"image\/jpeg\" \/>\n<meta name=\"twitter:card\" content=\"summary_large_image\" \/>\n<meta name=\"twitter:label1\" content=\"Tempo estimado de leitura\" \/>\n\t<meta name=\"twitter:data1\" content=\"1 minuto\" \/>\n<script type=\"application\/ld+json\" class=\"yoast-schema-graph\">{\"@context\":\"https:\\\/\\\/schema.org\",\"@graph\":[{\"@type\":[\"WebPage\",\"ItemPage\"],\"@id\":\"https:\\\/\\\/aztex.ee\\\/pt-pt\\\/pood\\\/roupa-de-cama\\\/jogo-de-cama-algodao-cetim-blue-rose\\\/\",\"url\":\"https:\\\/\\\/aztex.ee\\\/pt-pt\\\/pood\\\/roupa-de-cama\\\/jogo-de-cama-algodao-cetim-blue-rose\\\/\",\"name\":\"Jogo de cama algod\u00e3o cetim | Blue rose | AZTEX\",\"isPartOf\":{\"@id\":\"https:\\\/\\\/aztex.ee\\\/pt-pt\\\/#website\"},\"primaryImageOfPage\":{\"@id\":\"https:\\\/\\\/aztex.ee\\\/pt-pt\\\/pood\\\/roupa-de-cama\\\/jogo-de-cama-algodao-cetim-blue-rose\\\/#primaryimage\"},\"image\":{\"@id\":\"https:\\\/\\\/aztex.ee\\\/pt-pt\\\/pood\\\/roupa-de-cama\\\/jogo-de-cama-algodao-cetim-blue-rose\\\/#primaryimage\"},\"thumbnailUrl\":\"https:\\\/\\\/aztex.ee\\\/wp-content\\\/uploads\\\/2024\\\/10\\\/Voodipesukomplekt-puuvillasatiin-27.jpg\",\"datePublished\":\"2024-10-02T13:42:05+00:00\",\"dateModified\":\"2026-02-27T12:24:00+00:00\",\"description\":\"Jogo de cama algod\u00e3o cetim Blue rose traz luxo e conforto ao seu quarto. Feito de cetim de algod\u00e3o macio e respir\u00e1vel, este conjunto proporciona uma....\",\"breadcrumb\":{\"@id\":\"https:\\\/\\\/aztex.ee\\\/pt-pt\\\/pood\\\/roupa-de-cama\\\/jogo-de-cama-algodao-cetim-blue-rose\\\/#breadcrumb\"},\"inLanguage\":\"pt-PT\",\"potentialAction\":[{\"@type\":\"ReadAction\",\"target\":[\"https:\\\/\\\/aztex.ee\\\/pt-pt\\\/pood\\\/roupa-de-cama\\\/jogo-de-cama-algodao-cetim-blue-rose\\\/\"]}]},{\"@type\":\"ImageObject\",\"inLanguage\":\"pt-PT\",\"@id\":\"https:\\\/\\\/aztex.ee\\\/pt-pt\\\/pood\\\/roupa-de-cama\\\/jogo-de-cama-algodao-cetim-blue-rose\\\/#primaryimage\",\"url\":\"https:\\\/\\\/aztex.ee\\\/wp-content\\\/uploads\\\/2024\\\/10\\\/Voodipesukomplekt-puuvillasatiin-27.jpg\",\"contentUrl\":\"https:\\\/\\\/aztex.ee\\\/wp-content\\\/uploads\\\/2024\\\/10\\\/Voodipesukomplekt-puuvillasatiin-27.jpg\",\"width\":800,\"height\":800},{\"@type\":\"BreadcrumbList\",\"@id\":\"https:\\\/\\\/aztex.ee\\\/pt-pt\\\/pood\\\/roupa-de-cama\\\/jogo-de-cama-algodao-cetim-blue-rose\\\/#breadcrumb\",\"itemListElement\":[{\"@type\":\"ListItem\",\"position\":1,\"name\":\"In\u00edcio\",\"item\":\"https:\\\/\\\/aztex.ee\\\/pt-pt\\\/\"},{\"@type\":\"ListItem\",\"position\":2,\"name\":\"Loja\",\"item\":\"https:\\\/\\\/aztex.ee\\\/pt-pt\\\/loja\\\/\"},{\"@type\":\"ListItem\",\"position\":3,\"name\":\"Jogo de cama algod\u00e3o cetim | Blue rose\"}]},{\"@type\":\"WebSite\",\"@id\":\"https:\\\/\\\/aztex.ee\\\/pt-pt\\\/#website\",\"url\":\"https:\\\/\\\/aztex.ee\\\/pt-pt\\\/\",\"name\":\"AZTEX\",\"description\":\"\",\"publisher\":{\"@id\":\"https:\\\/\\\/aztex.ee\\\/pt-pt\\\/#organization\"},\"potentialAction\":[{\"@type\":\"SearchAction\",\"target\":{\"@type\":\"EntryPoint\",\"urlTemplate\":\"https:\\\/\\\/aztex.ee\\\/pt-pt\\\/?s={search_term_string}\"},\"query-input\":{\"@type\":\"PropertyValueSpecification\",\"valueRequired\":true,\"valueName\":\"search_term_string\"}}],\"inLanguage\":\"pt-PT\"},{\"@type\":\"Organization\",\"@id\":\"https:\\\/\\\/aztex.ee\\\/pt-pt\\\/#organization\",\"name\":\"AZTEX\",\"url\":\"https:\\\/\\\/aztex.ee\\\/pt-pt\\\/\",\"logo\":{\"@type\":\"ImageObject\",\"inLanguage\":\"pt-PT\",\"@id\":\"https:\\\/\\\/aztex.ee\\\/pt-pt\\\/#\\\/schema\\\/logo\\\/image\\\/\",\"url\":\"https:\\\/\\\/aztex.ee\\\/wp-content\\\/uploads\\\/2026\\\/01\\\/AZTEX.png\",\"contentUrl\":\"https:\\\/\\\/aztex.ee\\\/wp-content\\\/uploads\\\/2026\\\/01\\\/AZTEX.png\",\"width\":500,\"height\":500,\"caption\":\"AZTEX\"},\"image\":{\"@id\":\"https:\\\/\\\/aztex.ee\\\/pt-pt\\\/#\\\/schema\\\/logo\\\/image\\\/\"},\"sameAs\":[\"https:\\\/\\\/www.facebook.com\\\/AztexEE\",\"https:\\\/\\\/www.instagram.com\\\/aztexeesti\\\/\",\"https:\\\/\\\/www.youtube.com\\\/@AZTEXEE\",\"https:\\\/\\\/www.pinterest.com\\\/aztex_eesti\\\/\",\"https:\\\/\\\/www.tiktok.com\\\/@aztexeesti\",\"https:\\\/\\\/www.trustpilot.com\\\/review\\\/aztex.ee\",\"https:\\\/\\\/www.linkedin.com\\\/company\\\/aztex-ee\\\/\",\"https:\\\/\\\/www.wikidata.org\\\/wiki\\\/Q137560182\"]}]}<\/script>\n<!-- \/ Yoast SEO plugin. -->","yoast_head_json":{"title":"Jogo de cama algod\u00e3o cetim | Blue rose | AZTEX","description":"Jogo de cama algod\u00e3o cetim Blue rose traz luxo e conforto ao seu quarto. Feito de cetim de algod\u00e3o macio e respir\u00e1vel, este conjunto proporciona uma....","robots":{"index":"index","follow":"follow","max-snippet":"max-snippet:-1","max-image-preview":"max-image-preview:large","max-video-preview":"max-video-preview:-1"},"canonical":"https:\/\/aztex.ee\/pt-pt\/pood\/roupa-de-cama\/jogo-de-cama-algodao-cetim-blue-rose\/","og_locale":"pt_PT","og_type":"article","og_title":"Jogo de cama algod\u00e3o cetim | Blue rose | AZTEX","og_description":"Jogo de cama algod\u00e3o cetim Blue rose traz luxo e conforto ao seu quarto. Feito de cetim de algod\u00e3o macio e respir\u00e1vel, este conjunto proporciona uma....","og_url":"https:\/\/aztex.ee\/pt-pt\/pood\/roupa-de-cama\/jogo-de-cama-algodao-cetim-blue-rose\/","og_site_name":"AZTEX","article_publisher":"https:\/\/www.facebook.com\/AztexEE","article_modified_time":"2026-02-27T12:24:00+00:00","og_image":[{"width":800,"height":800,"url":"https:\/\/aztex.ee\/wp-content\/uploads\/2024\/10\/Voodipesukomplekt-puuvillasatiin-27.jpg","type":"image\/jpeg"}],"twitter_card":"summary_large_image","twitter_misc":{"Tempo estimado de leitura":"1 minuto"},"schema":{"@context":"https:\/\/schema.org","@graph":[{"@type":["WebPage","ItemPage"],"@id":"https:\/\/aztex.ee\/pt-pt\/pood\/roupa-de-cama\/jogo-de-cama-algodao-cetim-blue-rose\/","url":"https:\/\/aztex.ee\/pt-pt\/pood\/roupa-de-cama\/jogo-de-cama-algodao-cetim-blue-rose\/","name":"Jogo de cama algod\u00e3o cetim | Blue rose | AZTEX","isPartOf":{"@id":"https:\/\/aztex.ee\/pt-pt\/#website"},"primaryImageOfPage":{"@id":"https:\/\/aztex.ee\/pt-pt\/pood\/roupa-de-cama\/jogo-de-cama-algodao-cetim-blue-rose\/#primaryimage"},"image":{"@id":"https:\/\/aztex.ee\/pt-pt\/pood\/roupa-de-cama\/jogo-de-cama-algodao-cetim-blue-rose\/#primaryimage"},"thumbnailUrl":"https:\/\/aztex.ee\/wp-content\/uploads\/2024\/10\/Voodipesukomplekt-puuvillasatiin-27.jpg","datePublished":"2024-10-02T13:42:05+00:00","dateModified":"2026-02-27T12:24:00+00:00","description":"Jogo de cama algod\u00e3o cetim Blue rose traz luxo e conforto ao seu quarto. Feito de cetim de algod\u00e3o macio e respir\u00e1vel, este conjunto proporciona uma....","breadcrumb":{"@id":"https:\/\/aztex.ee\/pt-pt\/pood\/roupa-de-cama\/jogo-de-cama-algodao-cetim-blue-rose\/#breadcrumb"},"inLanguage":"pt-PT","potentialAction":[{"@type":"ReadAction","target":["https:\/\/aztex.ee\/pt-pt\/pood\/roupa-de-cama\/jogo-de-cama-algodao-cetim-blue-rose\/"]}]},{"@type":"ImageObject","inLanguage":"pt-PT","@id":"https:\/\/aztex.ee\/pt-pt\/pood\/roupa-de-cama\/jogo-de-cama-algodao-cetim-blue-rose\/#primaryimage","url":"https:\/\/aztex.ee\/wp-content\/uploads\/2024\/10\/Voodipesukomplekt-puuvillasatiin-27.jpg","contentUrl":"https:\/\/aztex.ee\/wp-content\/uploads\/2024\/10\/Voodipesukomplekt-puuvillasatiin-27.jpg","width":800,"height":800},{"@type":"BreadcrumbList","@id":"https:\/\/aztex.ee\/pt-pt\/pood\/roupa-de-cama\/jogo-de-cama-algodao-cetim-blue-rose\/#breadcrumb","itemListElement":[{"@type":"ListItem","position":1,"name":"In\u00edcio","item":"https:\/\/aztex.ee\/pt-pt\/"},{"@type":"ListItem","position":2,"name":"Loja","item":"https:\/\/aztex.ee\/pt-pt\/loja\/"},{"@type":"ListItem","position":3,"name":"Jogo de cama algod\u00e3o cetim | Blue rose"}]},{"@type":"WebSite","@id":"https:\/\/aztex.ee\/pt-pt\/#website","url":"https:\/\/aztex.ee\/pt-pt\/","name":"AZTEX","description":"","publisher":{"@id":"https:\/\/aztex.ee\/pt-pt\/#organization"},"potentialAction":[{"@type":"SearchAction","target":{"@type":"EntryPoint","urlTemplate":"https:\/\/aztex.ee\/pt-pt\/?s={search_term_string}"},"query-input":{"@type":"PropertyValueSpecification","valueRequired":true,"valueName":"search_term_string"}}],"inLanguage":"pt-PT"},{"@type":"Organization","@id":"https:\/\/aztex.ee\/pt-pt\/#organization","name":"AZTEX","url":"https:\/\/aztex.ee\/pt-pt\/","logo":{"@type":"ImageObject","inLanguage":"pt-PT","@id":"https:\/\/aztex.ee\/pt-pt\/#\/schema\/logo\/image\/","url":"https:\/\/aztex.ee\/wp-content\/uploads\/2026\/01\/AZTEX.png","contentUrl":"https:\/\/aztex.ee\/wp-content\/uploads\/2026\/01\/AZTEX.png","width":500,"height":500,"caption":"AZTEX"},"image":{"@id":"https:\/\/aztex.ee\/pt-pt\/#\/schema\/logo\/image\/"},"sameAs":["https:\/\/www.facebook.com\/AztexEE","https:\/\/www.instagram.com\/aztexeesti\/","https:\/\/www.youtube.com\/@AZTEXEE","https:\/\/www.pinterest.com\/aztex_eesti\/","https:\/\/www.tiktok.com\/@aztexeesti","https:\/\/www.trustpilot.com\/review\/aztex.ee","https:\/\/www.linkedin.com\/company\/aztex-ee\/","https:\/\/www.wikidata.org\/wiki\/Q137560182"]}]}},"_links":{"self":[{"href":"https:\/\/aztex.ee\/pt-pt\/wp-json\/wp\/v2\/product\/26181","targetHints":{"allow":["GET"]}}],"collection":[{"href":"https:\/\/aztex.ee\/pt-pt\/wp-json\/wp\/v2\/product"}],"about":[{"href":"https:\/\/aztex.ee\/pt-pt\/wp-json\/wp\/v2\/types\/product"}],"replies":[{"embeddable":true,"href":"https:\/\/aztex.ee\/pt-pt\/wp-json\/wp\/v2\/comments?post=26181"}],"version-history":[{"count":0,"href":"https:\/\/aztex.ee\/pt-pt\/wp-json\/wp\/v2\/product\/26181\/revisions"}],"wp:featuredmedia":[{"embeddable":true,"href":"https:\/\/aztex.ee\/pt-pt\/wp-json\/wp\/v2\/media\/26243"}],"wp:attachment":[{"href":"https:\/\/aztex.ee\/pt-pt\/wp-json\/wp\/v2\/media?parent=26181"}],"wp:term":[{"taxonomy":"product_brand","embeddable":true,"href":"https:\/\/aztex.ee\/pt-pt\/wp-json\/wp\/v2\/product_brand?post=26181"},{"taxonomy":"product_cat","embeddable":true,"href":"https:\/\/aztex.ee\/pt-pt\/wp-json\/wp\/v2\/product_cat?post=26181"},{"taxonomy":"product_tag","embeddable":true,"href":"https:\/\/aztex.ee\/pt-pt\/wp-json\/wp\/v2\/product_tag?post=26181"}],"curies":[{"name":"wp","href":"https:\/\/api.w.org\/{rel}","templated":true}]}}