{"id":107872,"date":"2026-03-20T20:47:34","date_gmt":"2026-03-20T20:47:34","guid":{"rendered":"https:\/\/aztex.ee\/?post_type=product&#038;p=107872"},"modified":"2026-03-20T21:44:31","modified_gmt":"2026-03-20T21:44:31","slug":"lencol-de-bambu-azul","status":"publish","type":"product","link":"https:\/\/aztex.ee\/pt-pt\/pood\/lencois-de-bambu\/lencol-de-bambu-azul\/","title":{"rendered":"Len\u00e7ol de bambu \u2013 Azul"},"content":{"rendered":"<p>O bambu \u00e9 naturalmente macio, respir\u00e1vel e dur\u00e1vel, o que o torna uma escolha ideal para t\u00eaxteis-lar. As fibras de bambu s\u00e3o suaves e sedosas e aderem suavemente \u00e0 pele, proporcionando um conforto luxuoso no uso di\u00e1rio. Al\u00e9m disso, este material tem uma excelente absor\u00e7\u00e3o de humidade, ajudando a manter a pele seca e garantindo uma sensa\u00e7\u00e3o de frescura durante toda a noite.<\/p>\n<p>Uma das propriedades especiais do bambu s\u00e3o as suas propriedades antibacterianas e hipoalerg\u00e9nicas naturais. Isto ajuda a reduzir a propaga\u00e7\u00e3o de odores desagrad\u00e1veis \u200b\u200be bact\u00e9rias, tornando os produtos feitos de bambu particularmente adequados para pessoas com pele sens\u00edvel. Al\u00e9m disso, as fibras de bambu podem regular a temperatura, proporcionando frescura no ver\u00e3o e calor no inverno.<\/p>\n<p>O bambu \u00e9 tamb\u00e9m um material sustent\u00e1vel que cresce rapidamente e requer significativamente menos \u00e1gua para crescer do que muitas outras fibras. Isto faz dos tecidos de bambu uma escolha ecol\u00f3gica que combina um estilo de vida pr\u00f3ximo da natureza com um conforto premium.<\/p>\n","protected":false},"excerpt":{"rendered":"<p>Os len\u00e7\u00f3is de bambu garantem um sono tranquilo, sendo antibacterianos e suaves como a seda.<\/p>\n<ul>\n<li>Cor: Azul<\/li>\n<li>Material: 100% bambu<\/li>\n<li>Contagem de fios: 300 TC<\/li>\n<li>Tamanho: 220&#215;240 cm \u00b13<\/li>\n<\/ul>\n<p><img loading=\"lazy\" decoding=\"async\" class=\"alignnone wp-image-20226\" src=\"https:\/\/aztex.ee\/wp-content\/uploads\/2024\/09\/oekotex100.png\" alt=\"\" width=\"196\" height=\"69\" srcset=\"https:\/\/aztex.ee\/wp-content\/uploads\/2024\/09\/oekotex100.png 204w, https:\/\/aztex.ee\/wp-content\/uploads\/2024\/09\/oekotex100-150x53.png 150w\" sizes=\"auto, (max-width: 196px) 100vw, 196px\" \/><img loading=\"lazy\" decoding=\"async\" class=\"alignnone wp-image-20260\" src=\"https:\/\/aztex.ee\/wp-content\/uploads\/2024\/09\/bambuuss.png\" alt=\"\" width=\"75\" height=\"75\" srcset=\"https:\/\/aztex.ee\/wp-content\/uploads\/2024\/09\/bambuuss.png 204w, https:\/\/aztex.ee\/wp-content\/uploads\/2024\/09\/bambuuss-150x150.png 150w\" sizes=\"auto, (max-width: 75px) 100vw, 75px\" \/><\/p>\n","protected":false},"featured_media":107893,"comment_status":"open","ping_status":"closed","template":"","meta":[],"product_brand":[],"product_cat":[1805,544],"product_tag":[],"class_list":{"0":"post-107872","1":"product","2":"type-product","3":"status-publish","4":"has-post-thumbnail","6":"product_cat-lencois","7":"product_cat-lencois-de-bambu","9":"first","10":"instock","11":"shipping-taxable","12":"purchasable","13":"product-type-simple"},"yoast_head":"<!-- This site is optimized with the Yoast SEO plugin v27.6 - https:\/\/yoast.com\/product\/yoast-seo-wordpress\/ -->\n<title>Len\u00e7ol de bambu natural \u2013 Azul | AZTEX<\/title>\n<meta name=\"description\" content=\"Len\u00e7ol de bambu macio, com respirabilidade natural e propriedades amig\u00e1veis \u00e0 pele. Adequado para peles sens\u00edveis, ajuda a manter-se seco e promove um sono reparador.\" \/>\n<meta name=\"robots\" content=\"index, follow, max-snippet:-1, max-image-preview:large, max-video-preview:-1\" \/>\n<link rel=\"canonical\" href=\"https:\/\/aztex.ee\/pt-pt\/pood\/lencois-de-bambu\/lencol-de-bambu-azul\/\" \/>\n<meta property=\"og:locale\" content=\"pt_PT\" \/>\n<meta property=\"og:type\" content=\"article\" \/>\n<meta property=\"og:title\" content=\"Len\u00e7ol de bambu natural \u2013 Azul | AZTEX\" \/>\n<meta property=\"og:description\" content=\"Len\u00e7ol de bambu macio, com respirabilidade natural e propriedades amig\u00e1veis \u00e0 pele. Adequado para peles sens\u00edveis, ajuda a manter-se seco e promove um sono reparador.\" \/>\n<meta property=\"og:url\" content=\"https:\/\/aztex.ee\/pt-pt\/pood\/lencois-de-bambu\/lencol-de-bambu-azul\/\" \/>\n<meta property=\"og:site_name\" content=\"AZTEX\" \/>\n<meta property=\"article:publisher\" content=\"https:\/\/www.facebook.com\/AztexEE\" \/>\n<meta property=\"article:modified_time\" content=\"2026-03-20T21:44:31+00:00\" \/>\n<meta property=\"og:image\" content=\"https:\/\/aztex.ee\/wp-content\/uploads\/2026\/03\/Bambusest-voodilina-Sinine.jpg\" \/>\n\t<meta property=\"og:image:width\" content=\"800\" \/>\n\t<meta property=\"og:image:height\" content=\"800\" \/>\n\t<meta property=\"og:image:type\" content=\"image\/jpeg\" \/>\n<meta name=\"twitter:card\" content=\"summary_large_image\" \/>\n<meta name=\"twitter:label1\" content=\"Tempo estimado de leitura\" \/>\n\t<meta name=\"twitter:data1\" content=\"2 minutos\" \/>\n<script type=\"application\/ld+json\" class=\"yoast-schema-graph\">{\"@context\":\"https:\\\/\\\/schema.org\",\"@graph\":[{\"@type\":[\"WebPage\",\"ItemPage\"],\"@id\":\"https:\\\/\\\/aztex.ee\\\/pt-pt\\\/pood\\\/lencois-de-bambu\\\/lencol-de-bambu-azul\\\/\",\"url\":\"https:\\\/\\\/aztex.ee\\\/pt-pt\\\/pood\\\/lencois-de-bambu\\\/lencol-de-bambu-azul\\\/\",\"name\":\"Len\u00e7ol de bambu natural \u2013 Azul | AZTEX\",\"isPartOf\":{\"@id\":\"https:\\\/\\\/aztex.ee\\\/pt-pt\\\/#website\"},\"primaryImageOfPage\":{\"@id\":\"https:\\\/\\\/aztex.ee\\\/pt-pt\\\/pood\\\/lencois-de-bambu\\\/lencol-de-bambu-azul\\\/#primaryimage\"},\"image\":{\"@id\":\"https:\\\/\\\/aztex.ee\\\/pt-pt\\\/pood\\\/lencois-de-bambu\\\/lencol-de-bambu-azul\\\/#primaryimage\"},\"thumbnailUrl\":\"https:\\\/\\\/aztex.ee\\\/wp-content\\\/uploads\\\/2026\\\/03\\\/Bambusest-voodilina-Sinine.jpg\",\"datePublished\":\"2026-03-20T20:47:34+00:00\",\"dateModified\":\"2026-03-20T21:44:31+00:00\",\"description\":\"Len\u00e7ol de bambu macio, com respirabilidade natural e propriedades amig\u00e1veis \u00e0 pele. Adequado para peles sens\u00edveis, ajuda a manter-se seco e promove um sono reparador.\",\"breadcrumb\":{\"@id\":\"https:\\\/\\\/aztex.ee\\\/pt-pt\\\/pood\\\/lencois-de-bambu\\\/lencol-de-bambu-azul\\\/#breadcrumb\"},\"inLanguage\":\"pt-PT\",\"potentialAction\":[{\"@type\":\"ReadAction\",\"target\":[\"https:\\\/\\\/aztex.ee\\\/pt-pt\\\/pood\\\/lencois-de-bambu\\\/lencol-de-bambu-azul\\\/\"]}]},{\"@type\":\"ImageObject\",\"inLanguage\":\"pt-PT\",\"@id\":\"https:\\\/\\\/aztex.ee\\\/pt-pt\\\/pood\\\/lencois-de-bambu\\\/lencol-de-bambu-azul\\\/#primaryimage\",\"url\":\"https:\\\/\\\/aztex.ee\\\/wp-content\\\/uploads\\\/2026\\\/03\\\/Bambusest-voodilina-Sinine.jpg\",\"contentUrl\":\"https:\\\/\\\/aztex.ee\\\/wp-content\\\/uploads\\\/2026\\\/03\\\/Bambusest-voodilina-Sinine.jpg\",\"width\":800,\"height\":800,\"caption\":\"Bambusest voodilina Sinine\"},{\"@type\":\"BreadcrumbList\",\"@id\":\"https:\\\/\\\/aztex.ee\\\/pt-pt\\\/pood\\\/lencois-de-bambu\\\/lencol-de-bambu-azul\\\/#breadcrumb\",\"itemListElement\":[{\"@type\":\"ListItem\",\"position\":1,\"name\":\"In\u00edcio\",\"item\":\"https:\\\/\\\/aztex.ee\\\/pt-pt\\\/\"},{\"@type\":\"ListItem\",\"position\":2,\"name\":\"Loja\",\"item\":\"https:\\\/\\\/aztex.ee\\\/pt-pt\\\/loja\\\/\"},{\"@type\":\"ListItem\",\"position\":3,\"name\":\"Len\u00e7ol de bambu \u2013 Azul\"}]},{\"@type\":\"WebSite\",\"@id\":\"https:\\\/\\\/aztex.ee\\\/pt-pt\\\/#website\",\"url\":\"https:\\\/\\\/aztex.ee\\\/pt-pt\\\/\",\"name\":\"AZTEX\",\"description\":\"\",\"publisher\":{\"@id\":\"https:\\\/\\\/aztex.ee\\\/pt-pt\\\/#organization\"},\"potentialAction\":[{\"@type\":\"SearchAction\",\"target\":{\"@type\":\"EntryPoint\",\"urlTemplate\":\"https:\\\/\\\/aztex.ee\\\/pt-pt\\\/?s={search_term_string}\"},\"query-input\":{\"@type\":\"PropertyValueSpecification\",\"valueRequired\":true,\"valueName\":\"search_term_string\"}}],\"inLanguage\":\"pt-PT\"},{\"@type\":\"Organization\",\"@id\":\"https:\\\/\\\/aztex.ee\\\/pt-pt\\\/#organization\",\"name\":\"AZTEX\",\"url\":\"https:\\\/\\\/aztex.ee\\\/pt-pt\\\/\",\"logo\":{\"@type\":\"ImageObject\",\"inLanguage\":\"pt-PT\",\"@id\":\"https:\\\/\\\/aztex.ee\\\/pt-pt\\\/#\\\/schema\\\/logo\\\/image\\\/\",\"url\":\"https:\\\/\\\/aztex.ee\\\/wp-content\\\/uploads\\\/2026\\\/01\\\/AZTEX.png\",\"contentUrl\":\"https:\\\/\\\/aztex.ee\\\/wp-content\\\/uploads\\\/2026\\\/01\\\/AZTEX.png\",\"width\":500,\"height\":500,\"caption\":\"AZTEX\"},\"image\":{\"@id\":\"https:\\\/\\\/aztex.ee\\\/pt-pt\\\/#\\\/schema\\\/logo\\\/image\\\/\"},\"sameAs\":[\"https:\\\/\\\/www.facebook.com\\\/AztexEE\",\"https:\\\/\\\/www.instagram.com\\\/aztexeesti\\\/\",\"https:\\\/\\\/www.youtube.com\\\/@AZTEXEE\",\"https:\\\/\\\/www.pinterest.com\\\/aztex_eesti\\\/\",\"https:\\\/\\\/www.tiktok.com\\\/@aztexeesti\",\"https:\\\/\\\/www.trustpilot.com\\\/review\\\/aztex.ee\",\"https:\\\/\\\/www.linkedin.com\\\/company\\\/aztex-ee\\\/\",\"https:\\\/\\\/www.wikidata.org\\\/wiki\\\/Q137560182\"]}]}<\/script>\n<!-- \/ Yoast SEO plugin. -->","yoast_head_json":{"title":"Len\u00e7ol de bambu natural \u2013 Azul | AZTEX","description":"Len\u00e7ol de bambu macio, com respirabilidade natural e propriedades amig\u00e1veis \u00e0 pele. Adequado para peles sens\u00edveis, ajuda a manter-se seco e promove um sono reparador.","robots":{"index":"index","follow":"follow","max-snippet":"max-snippet:-1","max-image-preview":"max-image-preview:large","max-video-preview":"max-video-preview:-1"},"canonical":"https:\/\/aztex.ee\/pt-pt\/pood\/lencois-de-bambu\/lencol-de-bambu-azul\/","og_locale":"pt_PT","og_type":"article","og_title":"Len\u00e7ol de bambu natural \u2013 Azul | AZTEX","og_description":"Len\u00e7ol de bambu macio, com respirabilidade natural e propriedades amig\u00e1veis \u00e0 pele. Adequado para peles sens\u00edveis, ajuda a manter-se seco e promove um sono reparador.","og_url":"https:\/\/aztex.ee\/pt-pt\/pood\/lencois-de-bambu\/lencol-de-bambu-azul\/","og_site_name":"AZTEX","article_publisher":"https:\/\/www.facebook.com\/AztexEE","article_modified_time":"2026-03-20T21:44:31+00:00","og_image":[{"width":800,"height":800,"url":"https:\/\/aztex.ee\/wp-content\/uploads\/2026\/03\/Bambusest-voodilina-Sinine.jpg","type":"image\/jpeg"}],"twitter_card":"summary_large_image","twitter_misc":{"Tempo estimado de leitura":"2 minutos"},"schema":{"@context":"https:\/\/schema.org","@graph":[{"@type":["WebPage","ItemPage"],"@id":"https:\/\/aztex.ee\/pt-pt\/pood\/lencois-de-bambu\/lencol-de-bambu-azul\/","url":"https:\/\/aztex.ee\/pt-pt\/pood\/lencois-de-bambu\/lencol-de-bambu-azul\/","name":"Len\u00e7ol de bambu natural \u2013 Azul | AZTEX","isPartOf":{"@id":"https:\/\/aztex.ee\/pt-pt\/#website"},"primaryImageOfPage":{"@id":"https:\/\/aztex.ee\/pt-pt\/pood\/lencois-de-bambu\/lencol-de-bambu-azul\/#primaryimage"},"image":{"@id":"https:\/\/aztex.ee\/pt-pt\/pood\/lencois-de-bambu\/lencol-de-bambu-azul\/#primaryimage"},"thumbnailUrl":"https:\/\/aztex.ee\/wp-content\/uploads\/2026\/03\/Bambusest-voodilina-Sinine.jpg","datePublished":"2026-03-20T20:47:34+00:00","dateModified":"2026-03-20T21:44:31+00:00","description":"Len\u00e7ol de bambu macio, com respirabilidade natural e propriedades amig\u00e1veis \u00e0 pele. Adequado para peles sens\u00edveis, ajuda a manter-se seco e promove um sono reparador.","breadcrumb":{"@id":"https:\/\/aztex.ee\/pt-pt\/pood\/lencois-de-bambu\/lencol-de-bambu-azul\/#breadcrumb"},"inLanguage":"pt-PT","potentialAction":[{"@type":"ReadAction","target":["https:\/\/aztex.ee\/pt-pt\/pood\/lencois-de-bambu\/lencol-de-bambu-azul\/"]}]},{"@type":"ImageObject","inLanguage":"pt-PT","@id":"https:\/\/aztex.ee\/pt-pt\/pood\/lencois-de-bambu\/lencol-de-bambu-azul\/#primaryimage","url":"https:\/\/aztex.ee\/wp-content\/uploads\/2026\/03\/Bambusest-voodilina-Sinine.jpg","contentUrl":"https:\/\/aztex.ee\/wp-content\/uploads\/2026\/03\/Bambusest-voodilina-Sinine.jpg","width":800,"height":800,"caption":"Bambusest voodilina Sinine"},{"@type":"BreadcrumbList","@id":"https:\/\/aztex.ee\/pt-pt\/pood\/lencois-de-bambu\/lencol-de-bambu-azul\/#breadcrumb","itemListElement":[{"@type":"ListItem","position":1,"name":"In\u00edcio","item":"https:\/\/aztex.ee\/pt-pt\/"},{"@type":"ListItem","position":2,"name":"Loja","item":"https:\/\/aztex.ee\/pt-pt\/loja\/"},{"@type":"ListItem","position":3,"name":"Len\u00e7ol de bambu \u2013 Azul"}]},{"@type":"WebSite","@id":"https:\/\/aztex.ee\/pt-pt\/#website","url":"https:\/\/aztex.ee\/pt-pt\/","name":"AZTEX","description":"","publisher":{"@id":"https:\/\/aztex.ee\/pt-pt\/#organization"},"potentialAction":[{"@type":"SearchAction","target":{"@type":"EntryPoint","urlTemplate":"https:\/\/aztex.ee\/pt-pt\/?s={search_term_string}"},"query-input":{"@type":"PropertyValueSpecification","valueRequired":true,"valueName":"search_term_string"}}],"inLanguage":"pt-PT"},{"@type":"Organization","@id":"https:\/\/aztex.ee\/pt-pt\/#organization","name":"AZTEX","url":"https:\/\/aztex.ee\/pt-pt\/","logo":{"@type":"ImageObject","inLanguage":"pt-PT","@id":"https:\/\/aztex.ee\/pt-pt\/#\/schema\/logo\/image\/","url":"https:\/\/aztex.ee\/wp-content\/uploads\/2026\/01\/AZTEX.png","contentUrl":"https:\/\/aztex.ee\/wp-content\/uploads\/2026\/01\/AZTEX.png","width":500,"height":500,"caption":"AZTEX"},"image":{"@id":"https:\/\/aztex.ee\/pt-pt\/#\/schema\/logo\/image\/"},"sameAs":["https:\/\/www.facebook.com\/AztexEE","https:\/\/www.instagram.com\/aztexeesti\/","https:\/\/www.youtube.com\/@AZTEXEE","https:\/\/www.pinterest.com\/aztex_eesti\/","https:\/\/www.tiktok.com\/@aztexeesti","https:\/\/www.trustpilot.com\/review\/aztex.ee","https:\/\/www.linkedin.com\/company\/aztex-ee\/","https:\/\/www.wikidata.org\/wiki\/Q137560182"]}]}},"_links":{"self":[{"href":"https:\/\/aztex.ee\/pt-pt\/wp-json\/wp\/v2\/product\/107872","targetHints":{"allow":["GET"]}}],"collection":[{"href":"https:\/\/aztex.ee\/pt-pt\/wp-json\/wp\/v2\/product"}],"about":[{"href":"https:\/\/aztex.ee\/pt-pt\/wp-json\/wp\/v2\/types\/product"}],"replies":[{"embeddable":true,"href":"https:\/\/aztex.ee\/pt-pt\/wp-json\/wp\/v2\/comments?post=107872"}],"version-history":[{"count":2,"href":"https:\/\/aztex.ee\/pt-pt\/wp-json\/wp\/v2\/product\/107872\/revisions"}],"predecessor-version":[{"id":107968,"href":"https:\/\/aztex.ee\/pt-pt\/wp-json\/wp\/v2\/product\/107872\/revisions\/107968"}],"wp:featuredmedia":[{"embeddable":true,"href":"https:\/\/aztex.ee\/pt-pt\/wp-json\/wp\/v2\/media\/107893"}],"wp:attachment":[{"href":"https:\/\/aztex.ee\/pt-pt\/wp-json\/wp\/v2\/media?parent=107872"}],"wp:term":[{"taxonomy":"product_brand","embeddable":true,"href":"https:\/\/aztex.ee\/pt-pt\/wp-json\/wp\/v2\/product_brand?post=107872"},{"taxonomy":"product_cat","embeddable":true,"href":"https:\/\/aztex.ee\/pt-pt\/wp-json\/wp\/v2\/product_cat?post=107872"},{"taxonomy":"product_tag","embeddable":true,"href":"https:\/\/aztex.ee\/pt-pt\/wp-json\/wp\/v2\/product_tag?post=107872"}],"curies":[{"name":"wp","href":"https:\/\/api.w.org\/{rel}","templated":true}]}}