{"id":19033,"date":"2024-08-15T14:44:36","date_gmt":"2024-08-15T14:44:36","guid":{"rendered":"https:\/\/aztex.ee\/info\/"},"modified":"2024-08-20T09:38:23","modified_gmt":"2024-08-20T09:38:23","slug":"informacao","status":"publish","type":"page","link":"https:\/\/aztex.ee\/pt-pt\/informacao\/","title":{"rendered":"Informa\u00e7\u00e3o"},"content":{"rendered":"\n<p><strong>AZTEX<\/strong> \u2013 qualidade, conforto e eleg\u00e2ncia no seu dia a dia<\/p>\n\n\n\n<p>Bem-vindo ao maravilhoso mundo da <strong>AZTEX<\/strong>, onde cri\u00e1mos a casa com que sempre sonhou! Temos o orgulho de apresentar a nossa empresa, vocacionada para a venda de t\u00eaxteis de qualidade.<\/p>\n\n\n\n<p>A nossa gama de mantas, mantas para crian\u00e7as, toalhas e roupa de cama \u00e9 rica e diversificada, e todos os nossos produtos t\u00eam em comum a qualidade. Os cobertores aquecem nas noites frias e acrescentam cor e estilo ao seu quarto. As mantas infantis s\u00e3o agrad\u00e1veis \u200b\u200be macias, proporcionando o conforto que necessitam para se sentirem bem. As toalhas s\u00e3o macias e altamente absorventes, transformando cada rotina matinal e noturna num momento de felicidade. A roupa de cama \u00e9 macia e dur\u00e1vel, criando uma atmosfera \u00fanica no seu quarto.<\/p>\n\n\n\n<p>A miss\u00e3o da <strong>AZTEX<\/strong> \u00e9 oferecer-lhe mais do que apenas t\u00eaxteis. Queremos trazer conforto, aconchego e estilo \u00e0 sua vida. Queremos ajud\u00e1-lo a criar uma casa que reflita a sua personalidade e gostos, onde se sinta sempre bem-vindo e confort\u00e1vel.<\/p>\n\n\n\n<p>Para al\u00e9m dos nossos produtos, contamos tamb\u00e9m com uma equipa prest\u00e1vel e sempre pronta para o ajudar e aconselhar. Estamos aqui para partilhar consigo o nosso conhecimento e experi\u00eancia para o ajudar a encontrar os t\u00eaxteis perfeitos para satisfazer as suas necessidades e desejos.<\/p>\n\n\n\n<p>Obrigado por nos escolher como seu parceiro de design e estamos empenhados em continuar a superar as suas expectativas em todos os sentidos. Obrigado por fazer parte da nossa fam\u00edlia e nos permitir fazer parte da sua casa.<\/p>\n","protected":false},"excerpt":{"rendered":"<p>AZTEX \u2013 qualidade, conforto e eleg\u00e2ncia no seu dia a dia Bem-vindo ao maravilhoso mundo da AZTEX, onde cri\u00e1mos a<\/p>\n","protected":false},"author":1,"featured_media":0,"parent":0,"menu_order":0,"comment_status":"closed","ping_status":"closed","template":"","meta":{"footnotes":""},"class_list":["post-19033","page","type-page","status-publish","hentry"],"yoast_head":"<!-- This site is optimized with the Yoast SEO plugin v27.4 - https:\/\/yoast.com\/product\/yoast-seo-wordpress\/ -->\n<title>Informa\u00e7\u00e3o | AZTEX<\/title>\n<meta name=\"description\" content=\"A nossa gama de mantas, mantas para crian\u00e7as, toalhas e roupa de cama \u00e9 rica e diversificada, e todos os nossos produtos t\u00eam em comum...\" \/>\n<meta name=\"robots\" content=\"index, follow, max-snippet:-1, max-image-preview:large, max-video-preview:-1\" \/>\n<link rel=\"canonical\" href=\"https:\/\/aztex.ee\/pt-pt\/informacao\/\" \/>\n<meta property=\"og:locale\" content=\"pt_PT\" \/>\n<meta property=\"og:type\" content=\"article\" \/>\n<meta property=\"og:title\" content=\"Informa\u00e7\u00e3o | AZTEX\" \/>\n<meta property=\"og:description\" content=\"A nossa gama de mantas, mantas para crian\u00e7as, toalhas e roupa de cama \u00e9 rica e diversificada, e todos os nossos produtos t\u00eam em comum...\" \/>\n<meta property=\"og:url\" content=\"https:\/\/aztex.ee\/pt-pt\/informacao\/\" \/>\n<meta property=\"og:site_name\" content=\"AZTEX\" \/>\n<meta property=\"article:publisher\" content=\"https:\/\/www.facebook.com\/AztexEE\" \/>\n<meta property=\"article:modified_time\" content=\"2024-08-20T09:38:23+00:00\" \/>\n<meta name=\"twitter:card\" content=\"summary_large_image\" \/>\n<meta name=\"twitter:label1\" content=\"Tempo estimado de leitura\" \/>\n\t<meta name=\"twitter:data1\" content=\"2 minutos\" \/>\n<script type=\"application\/ld+json\" class=\"yoast-schema-graph\">{\"@context\":\"https:\\\/\\\/schema.org\",\"@graph\":[{\"@type\":\"WebPage\",\"@id\":\"https:\\\/\\\/aztex.ee\\\/pt-pt\\\/informacao\\\/\",\"url\":\"https:\\\/\\\/aztex.ee\\\/pt-pt\\\/informacao\\\/\",\"name\":\"Informa\u00e7\u00e3o | AZTEX\",\"isPartOf\":{\"@id\":\"https:\\\/\\\/aztex.ee\\\/pt-pt\\\/#website\"},\"datePublished\":\"2024-08-15T14:44:36+00:00\",\"dateModified\":\"2024-08-20T09:38:23+00:00\",\"description\":\"A nossa gama de mantas, mantas para crian\u00e7as, toalhas e roupa de cama \u00e9 rica e diversificada, e todos os nossos produtos t\u00eam em comum...\",\"breadcrumb\":{\"@id\":\"https:\\\/\\\/aztex.ee\\\/pt-pt\\\/informacao\\\/#breadcrumb\"},\"inLanguage\":\"pt-PT\",\"potentialAction\":[{\"@type\":\"ReadAction\",\"target\":[\"https:\\\/\\\/aztex.ee\\\/pt-pt\\\/informacao\\\/\"]}]},{\"@type\":\"BreadcrumbList\",\"@id\":\"https:\\\/\\\/aztex.ee\\\/pt-pt\\\/informacao\\\/#breadcrumb\",\"itemListElement\":[{\"@type\":\"ListItem\",\"position\":1,\"name\":\"In\u00edcio\",\"item\":\"https:\\\/\\\/aztex.ee\\\/pt-pt\\\/\"},{\"@type\":\"ListItem\",\"position\":2,\"name\":\"Informa\u00e7\u00e3o\"}]},{\"@type\":\"WebSite\",\"@id\":\"https:\\\/\\\/aztex.ee\\\/pt-pt\\\/#website\",\"url\":\"https:\\\/\\\/aztex.ee\\\/pt-pt\\\/\",\"name\":\"AZTEX\",\"description\":\"\",\"publisher\":{\"@id\":\"https:\\\/\\\/aztex.ee\\\/pt-pt\\\/#organization\"},\"potentialAction\":[{\"@type\":\"SearchAction\",\"target\":{\"@type\":\"EntryPoint\",\"urlTemplate\":\"https:\\\/\\\/aztex.ee\\\/pt-pt\\\/?s={search_term_string}\"},\"query-input\":{\"@type\":\"PropertyValueSpecification\",\"valueRequired\":true,\"valueName\":\"search_term_string\"}}],\"inLanguage\":\"pt-PT\"},{\"@type\":\"Organization\",\"@id\":\"https:\\\/\\\/aztex.ee\\\/pt-pt\\\/#organization\",\"name\":\"AZTEX\",\"url\":\"https:\\\/\\\/aztex.ee\\\/pt-pt\\\/\",\"logo\":{\"@type\":\"ImageObject\",\"inLanguage\":\"pt-PT\",\"@id\":\"https:\\\/\\\/aztex.ee\\\/pt-pt\\\/#\\\/schema\\\/logo\\\/image\\\/\",\"url\":\"https:\\\/\\\/aztex.ee\\\/wp-content\\\/uploads\\\/2026\\\/01\\\/AZTEX.png\",\"contentUrl\":\"https:\\\/\\\/aztex.ee\\\/wp-content\\\/uploads\\\/2026\\\/01\\\/AZTEX.png\",\"width\":500,\"height\":500,\"caption\":\"AZTEX\"},\"image\":{\"@id\":\"https:\\\/\\\/aztex.ee\\\/pt-pt\\\/#\\\/schema\\\/logo\\\/image\\\/\"},\"sameAs\":[\"https:\\\/\\\/www.facebook.com\\\/AztexEE\",\"https:\\\/\\\/www.instagram.com\\\/aztexeesti\\\/\",\"https:\\\/\\\/www.youtube.com\\\/@AZTEXEE\",\"https:\\\/\\\/www.pinterest.com\\\/aztex_eesti\\\/\",\"https:\\\/\\\/www.tiktok.com\\\/@aztexeesti\",\"https:\\\/\\\/www.trustpilot.com\\\/review\\\/aztex.ee\",\"https:\\\/\\\/www.linkedin.com\\\/company\\\/aztex-ee\\\/\",\"https:\\\/\\\/www.wikidata.org\\\/wiki\\\/Q137560182\"]}]}<\/script>\n<!-- \/ Yoast SEO plugin. -->","yoast_head_json":{"title":"Informa\u00e7\u00e3o | AZTEX","description":"A nossa gama de mantas, mantas para crian\u00e7as, toalhas e roupa de cama \u00e9 rica e diversificada, e todos os nossos produtos t\u00eam em comum...","robots":{"index":"index","follow":"follow","max-snippet":"max-snippet:-1","max-image-preview":"max-image-preview:large","max-video-preview":"max-video-preview:-1"},"canonical":"https:\/\/aztex.ee\/pt-pt\/informacao\/","og_locale":"pt_PT","og_type":"article","og_title":"Informa\u00e7\u00e3o | AZTEX","og_description":"A nossa gama de mantas, mantas para crian\u00e7as, toalhas e roupa de cama \u00e9 rica e diversificada, e todos os nossos produtos t\u00eam em comum...","og_url":"https:\/\/aztex.ee\/pt-pt\/informacao\/","og_site_name":"AZTEX","article_publisher":"https:\/\/www.facebook.com\/AztexEE","article_modified_time":"2024-08-20T09:38:23+00:00","twitter_card":"summary_large_image","twitter_misc":{"Tempo estimado de leitura":"2 minutos"},"schema":{"@context":"https:\/\/schema.org","@graph":[{"@type":"WebPage","@id":"https:\/\/aztex.ee\/pt-pt\/informacao\/","url":"https:\/\/aztex.ee\/pt-pt\/informacao\/","name":"Informa\u00e7\u00e3o | AZTEX","isPartOf":{"@id":"https:\/\/aztex.ee\/pt-pt\/#website"},"datePublished":"2024-08-15T14:44:36+00:00","dateModified":"2024-08-20T09:38:23+00:00","description":"A nossa gama de mantas, mantas para crian\u00e7as, toalhas e roupa de cama \u00e9 rica e diversificada, e todos os nossos produtos t\u00eam em comum...","breadcrumb":{"@id":"https:\/\/aztex.ee\/pt-pt\/informacao\/#breadcrumb"},"inLanguage":"pt-PT","potentialAction":[{"@type":"ReadAction","target":["https:\/\/aztex.ee\/pt-pt\/informacao\/"]}]},{"@type":"BreadcrumbList","@id":"https:\/\/aztex.ee\/pt-pt\/informacao\/#breadcrumb","itemListElement":[{"@type":"ListItem","position":1,"name":"In\u00edcio","item":"https:\/\/aztex.ee\/pt-pt\/"},{"@type":"ListItem","position":2,"name":"Informa\u00e7\u00e3o"}]},{"@type":"WebSite","@id":"https:\/\/aztex.ee\/pt-pt\/#website","url":"https:\/\/aztex.ee\/pt-pt\/","name":"AZTEX","description":"","publisher":{"@id":"https:\/\/aztex.ee\/pt-pt\/#organization"},"potentialAction":[{"@type":"SearchAction","target":{"@type":"EntryPoint","urlTemplate":"https:\/\/aztex.ee\/pt-pt\/?s={search_term_string}"},"query-input":{"@type":"PropertyValueSpecification","valueRequired":true,"valueName":"search_term_string"}}],"inLanguage":"pt-PT"},{"@type":"Organization","@id":"https:\/\/aztex.ee\/pt-pt\/#organization","name":"AZTEX","url":"https:\/\/aztex.ee\/pt-pt\/","logo":{"@type":"ImageObject","inLanguage":"pt-PT","@id":"https:\/\/aztex.ee\/pt-pt\/#\/schema\/logo\/image\/","url":"https:\/\/aztex.ee\/wp-content\/uploads\/2026\/01\/AZTEX.png","contentUrl":"https:\/\/aztex.ee\/wp-content\/uploads\/2026\/01\/AZTEX.png","width":500,"height":500,"caption":"AZTEX"},"image":{"@id":"https:\/\/aztex.ee\/pt-pt\/#\/schema\/logo\/image\/"},"sameAs":["https:\/\/www.facebook.com\/AztexEE","https:\/\/www.instagram.com\/aztexeesti\/","https:\/\/www.youtube.com\/@AZTEXEE","https:\/\/www.pinterest.com\/aztex_eesti\/","https:\/\/www.tiktok.com\/@aztexeesti","https:\/\/www.trustpilot.com\/review\/aztex.ee","https:\/\/www.linkedin.com\/company\/aztex-ee\/","https:\/\/www.wikidata.org\/wiki\/Q137560182"]}]}},"_links":{"self":[{"href":"https:\/\/aztex.ee\/pt-pt\/wp-json\/wp\/v2\/pages\/19033","targetHints":{"allow":["GET"]}}],"collection":[{"href":"https:\/\/aztex.ee\/pt-pt\/wp-json\/wp\/v2\/pages"}],"about":[{"href":"https:\/\/aztex.ee\/pt-pt\/wp-json\/wp\/v2\/types\/page"}],"author":[{"embeddable":true,"href":"https:\/\/aztex.ee\/pt-pt\/wp-json\/wp\/v2\/users\/1"}],"replies":[{"embeddable":true,"href":"https:\/\/aztex.ee\/pt-pt\/wp-json\/wp\/v2\/comments?post=19033"}],"version-history":[{"count":0,"href":"https:\/\/aztex.ee\/pt-pt\/wp-json\/wp\/v2\/pages\/19033\/revisions"}],"wp:attachment":[{"href":"https:\/\/aztex.ee\/pt-pt\/wp-json\/wp\/v2\/media?parent=19033"}],"curies":[{"name":"wp","href":"https:\/\/api.w.org\/{rel}","templated":true}]}}