{"id":18983,"date":"2021-08-26T12:21:44","date_gmt":"2021-08-26T12:21:44","guid":{"rendered":"https:\/\/aztex.ee\/vordle\/"},"modified":"2024-08-24T21:22:05","modified_gmt":"2024-08-24T21:22:05","slug":"comparar","status":"publish","type":"page","link":"https:\/\/aztex.ee\/pt-pt\/comparar\/","title":{"rendered":"Comparar"},"content":{"rendered":"\t\t<div class=\"wd-empty-block wd-empty-compare\">\n\t\t\t<h2 class=\"wd-empty-block-title\">\n\t\t\t\tA Lista de Compara\u00e7\u00e3o est\u00e1 Vazia.\t\t\t<\/h2>\n\t\t\t\t\t\t\t<p class=\"wd-empty-block-text\">\n\t\t\t\t\tNenhum produto foi adicionado \u00e0 lista de compara\u00e7\u00e3o. Precisa de adicionar alguns produtos para comparar produtos. <br> Pode encontrar muitos produtos interessantes na nossa p\u00e1gina \"Loja\".\t\t\t\t<\/p>\n\t\t\t\t\t\t<a class=\"button btn btn-accent wd-empty-block-btn\" href=\"https:\/\/aztex.ee\/pt-pt\/loja\/\">\n\t\t\t\tRetornar para loja\t\t\t<\/a>\n\t\t<\/div>\n\t\t\n","protected":false},"excerpt":{"rendered":"","protected":false},"author":1,"featured_media":0,"parent":0,"menu_order":0,"comment_status":"closed","ping_status":"closed","template":"","meta":{"footnotes":""},"class_list":["post-18983","page","type-page","status-publish","hentry"],"yoast_head":"<!-- This site is optimized with the Yoast SEO plugin v27.3 - https:\/\/yoast.com\/product\/yoast-seo-wordpress\/ -->\n<title>Comparar | AZTEX<\/title>\n<meta name=\"robots\" content=\"index, follow, max-snippet:-1, max-image-preview:large, max-video-preview:-1\" \/>\n<link rel=\"canonical\" href=\"https:\/\/aztex.ee\/pt-pt\/comparar\/\" \/>\n<meta property=\"og:locale\" content=\"pt_PT\" \/>\n<meta property=\"og:type\" content=\"article\" \/>\n<meta property=\"og:title\" content=\"Comparar | AZTEX\" \/>\n<meta property=\"og:url\" content=\"https:\/\/aztex.ee\/pt-pt\/comparar\/\" \/>\n<meta property=\"og:site_name\" content=\"AZTEX\" \/>\n<meta property=\"article:publisher\" content=\"https:\/\/www.facebook.com\/AztexEE\" \/>\n<meta property=\"article:modified_time\" content=\"2024-08-24T21:22:05+00:00\" \/>\n<meta name=\"twitter:card\" content=\"summary_large_image\" \/>\n<meta name=\"twitter:label1\" content=\"Tempo estimado de leitura\" \/>\n\t<meta name=\"twitter:data1\" content=\"1 minuto\" \/>\n<script type=\"application\/ld+json\" class=\"yoast-schema-graph\">{\"@context\":\"https:\\\/\\\/schema.org\",\"@graph\":[{\"@type\":\"WebPage\",\"@id\":\"https:\\\/\\\/aztex.ee\\\/pt-pt\\\/comparar\\\/\",\"url\":\"https:\\\/\\\/aztex.ee\\\/pt-pt\\\/comparar\\\/\",\"name\":\"Comparar | AZTEX\",\"isPartOf\":{\"@id\":\"https:\\\/\\\/aztex.ee\\\/pt-pt\\\/#website\"},\"datePublished\":\"2021-08-26T12:21:44+00:00\",\"dateModified\":\"2024-08-24T21:22:05+00:00\",\"breadcrumb\":{\"@id\":\"https:\\\/\\\/aztex.ee\\\/pt-pt\\\/comparar\\\/#breadcrumb\"},\"inLanguage\":\"pt-PT\",\"potentialAction\":[{\"@type\":\"ReadAction\",\"target\":[\"https:\\\/\\\/aztex.ee\\\/pt-pt\\\/comparar\\\/\"]}]},{\"@type\":\"BreadcrumbList\",\"@id\":\"https:\\\/\\\/aztex.ee\\\/pt-pt\\\/comparar\\\/#breadcrumb\",\"itemListElement\":[{\"@type\":\"ListItem\",\"position\":1,\"name\":\"In\u00edcio\",\"item\":\"https:\\\/\\\/aztex.ee\\\/pt-pt\\\/\"},{\"@type\":\"ListItem\",\"position\":2,\"name\":\"Comparar\"}]},{\"@type\":\"WebSite\",\"@id\":\"https:\\\/\\\/aztex.ee\\\/pt-pt\\\/#website\",\"url\":\"https:\\\/\\\/aztex.ee\\\/pt-pt\\\/\",\"name\":\"AZTEX\",\"description\":\"\",\"publisher\":{\"@id\":\"https:\\\/\\\/aztex.ee\\\/pt-pt\\\/#organization\"},\"potentialAction\":[{\"@type\":\"SearchAction\",\"target\":{\"@type\":\"EntryPoint\",\"urlTemplate\":\"https:\\\/\\\/aztex.ee\\\/pt-pt\\\/?s={search_term_string}\"},\"query-input\":{\"@type\":\"PropertyValueSpecification\",\"valueRequired\":true,\"valueName\":\"search_term_string\"}}],\"inLanguage\":\"pt-PT\"},{\"@type\":\"Organization\",\"@id\":\"https:\\\/\\\/aztex.ee\\\/pt-pt\\\/#organization\",\"name\":\"AZTEX\",\"url\":\"https:\\\/\\\/aztex.ee\\\/pt-pt\\\/\",\"logo\":{\"@type\":\"ImageObject\",\"inLanguage\":\"pt-PT\",\"@id\":\"https:\\\/\\\/aztex.ee\\\/pt-pt\\\/#\\\/schema\\\/logo\\\/image\\\/\",\"url\":\"https:\\\/\\\/aztex.ee\\\/wp-content\\\/uploads\\\/2026\\\/01\\\/AZTEX.png\",\"contentUrl\":\"https:\\\/\\\/aztex.ee\\\/wp-content\\\/uploads\\\/2026\\\/01\\\/AZTEX.png\",\"width\":500,\"height\":500,\"caption\":\"AZTEX\"},\"image\":{\"@id\":\"https:\\\/\\\/aztex.ee\\\/pt-pt\\\/#\\\/schema\\\/logo\\\/image\\\/\"},\"sameAs\":[\"https:\\\/\\\/www.facebook.com\\\/AztexEE\",\"https:\\\/\\\/www.instagram.com\\\/aztexeesti\\\/\",\"https:\\\/\\\/www.youtube.com\\\/@AZTEXEE\",\"https:\\\/\\\/www.pinterest.com\\\/aztex_eesti\\\/\",\"https:\\\/\\\/www.tiktok.com\\\/@aztexeesti\",\"https:\\\/\\\/www.trustpilot.com\\\/review\\\/aztex.ee\",\"https:\\\/\\\/www.linkedin.com\\\/company\\\/aztex-ee\\\/\",\"https:\\\/\\\/www.wikidata.org\\\/wiki\\\/Q137560182\"]}]}<\/script>\n<!-- \/ Yoast SEO plugin. -->","yoast_head_json":{"title":"Comparar | AZTEX","robots":{"index":"index","follow":"follow","max-snippet":"max-snippet:-1","max-image-preview":"max-image-preview:large","max-video-preview":"max-video-preview:-1"},"canonical":"https:\/\/aztex.ee\/pt-pt\/comparar\/","og_locale":"pt_PT","og_type":"article","og_title":"Comparar | AZTEX","og_url":"https:\/\/aztex.ee\/pt-pt\/comparar\/","og_site_name":"AZTEX","article_publisher":"https:\/\/www.facebook.com\/AztexEE","article_modified_time":"2024-08-24T21:22:05+00:00","twitter_card":"summary_large_image","twitter_misc":{"Tempo estimado de leitura":"1 minuto"},"schema":{"@context":"https:\/\/schema.org","@graph":[{"@type":"WebPage","@id":"https:\/\/aztex.ee\/pt-pt\/comparar\/","url":"https:\/\/aztex.ee\/pt-pt\/comparar\/","name":"Comparar | AZTEX","isPartOf":{"@id":"https:\/\/aztex.ee\/pt-pt\/#website"},"datePublished":"2021-08-26T12:21:44+00:00","dateModified":"2024-08-24T21:22:05+00:00","breadcrumb":{"@id":"https:\/\/aztex.ee\/pt-pt\/comparar\/#breadcrumb"},"inLanguage":"pt-PT","potentialAction":[{"@type":"ReadAction","target":["https:\/\/aztex.ee\/pt-pt\/comparar\/"]}]},{"@type":"BreadcrumbList","@id":"https:\/\/aztex.ee\/pt-pt\/comparar\/#breadcrumb","itemListElement":[{"@type":"ListItem","position":1,"name":"In\u00edcio","item":"https:\/\/aztex.ee\/pt-pt\/"},{"@type":"ListItem","position":2,"name":"Comparar"}]},{"@type":"WebSite","@id":"https:\/\/aztex.ee\/pt-pt\/#website","url":"https:\/\/aztex.ee\/pt-pt\/","name":"AZTEX","description":"","publisher":{"@id":"https:\/\/aztex.ee\/pt-pt\/#organization"},"potentialAction":[{"@type":"SearchAction","target":{"@type":"EntryPoint","urlTemplate":"https:\/\/aztex.ee\/pt-pt\/?s={search_term_string}"},"query-input":{"@type":"PropertyValueSpecification","valueRequired":true,"valueName":"search_term_string"}}],"inLanguage":"pt-PT"},{"@type":"Organization","@id":"https:\/\/aztex.ee\/pt-pt\/#organization","name":"AZTEX","url":"https:\/\/aztex.ee\/pt-pt\/","logo":{"@type":"ImageObject","inLanguage":"pt-PT","@id":"https:\/\/aztex.ee\/pt-pt\/#\/schema\/logo\/image\/","url":"https:\/\/aztex.ee\/wp-content\/uploads\/2026\/01\/AZTEX.png","contentUrl":"https:\/\/aztex.ee\/wp-content\/uploads\/2026\/01\/AZTEX.png","width":500,"height":500,"caption":"AZTEX"},"image":{"@id":"https:\/\/aztex.ee\/pt-pt\/#\/schema\/logo\/image\/"},"sameAs":["https:\/\/www.facebook.com\/AztexEE","https:\/\/www.instagram.com\/aztexeesti\/","https:\/\/www.youtube.com\/@AZTEXEE","https:\/\/www.pinterest.com\/aztex_eesti\/","https:\/\/www.tiktok.com\/@aztexeesti","https:\/\/www.trustpilot.com\/review\/aztex.ee","https:\/\/www.linkedin.com\/company\/aztex-ee\/","https:\/\/www.wikidata.org\/wiki\/Q137560182"]}]}},"_links":{"self":[{"href":"https:\/\/aztex.ee\/pt-pt\/wp-json\/wp\/v2\/pages\/18983","targetHints":{"allow":["GET"]}}],"collection":[{"href":"https:\/\/aztex.ee\/pt-pt\/wp-json\/wp\/v2\/pages"}],"about":[{"href":"https:\/\/aztex.ee\/pt-pt\/wp-json\/wp\/v2\/types\/page"}],"author":[{"embeddable":true,"href":"https:\/\/aztex.ee\/pt-pt\/wp-json\/wp\/v2\/users\/1"}],"replies":[{"embeddable":true,"href":"https:\/\/aztex.ee\/pt-pt\/wp-json\/wp\/v2\/comments?post=18983"}],"version-history":[{"count":0,"href":"https:\/\/aztex.ee\/pt-pt\/wp-json\/wp\/v2\/pages\/18983\/revisions"}],"wp:attachment":[{"href":"https:\/\/aztex.ee\/pt-pt\/wp-json\/wp\/v2\/media?parent=18983"}],"curies":[{"name":"wp","href":"https:\/\/api.w.org\/{rel}","templated":true}]}}