{"id":18935,"date":"2024-08-15T14:36:01","date_gmt":"2024-08-15T14:36:01","guid":{"rendered":"https:\/\/aztex.ee\/muugitingimused\/"},"modified":"2024-10-01T20:28:02","modified_gmt":"2024-10-01T20:28:02","slug":"termos-de-venda","status":"publish","type":"page","link":"https:\/\/aztex.ee\/pt-pt\/termos-de-venda\/","title":{"rendered":"Termos de venda"},"content":{"rendered":"\n<p>O propriet\u00e1rio da loja online <strong>aztex.ee<\/strong> (doravante designada por Loja Online) \u00e9 <strong>Minu Baltic O\u00dc<\/strong> (c\u00f3digo de registo <strong>16809904<\/strong>), localizada no condado de Ida-Viru, cidade de L\u00fcganuse, Papli 4-6, c\u00f3digo postal 43301<\/p>\n\n\n\n<ol class=\"wp-block-list\">\n<li>Validade do contrato de venda, informa\u00e7\u00e3o sobre produtos e pre\u00e7os<\/li>\n<\/ol>\n\n\n\n<p>As condi\u00e7\u00f5es de venda aplicam-se \u00e0 compra de produtos na loja online da Minu Baltic O\u00dc. Os pre\u00e7os dos produtos vendidos na loja online est\u00e3o indicados junto dos produtos. O pre\u00e7o inclui uma taxa de entrega da mercadoria, salvo indica\u00e7\u00e3o em contr\u00e1rio. Os pre\u00e7os dos produtos vendidos na loja online s\u00e3o em euros, sendo o pagamento tamb\u00e9m feito em euros. As informa\u00e7\u00f5es sobre o produto s\u00e3o fornecidas na loja online diretamente ao lado do produto.<\/p>\n\n\n\n<ol start=\"2\" class=\"wp-block-list\">\n<li>Forma\u00e7\u00e3o do pedido\/op\u00e7\u00f5es de pagamento<\/li>\n<\/ol>\n\n\n\n<p>Para encomendar a mercadoria, dever\u00e1 adicionar os produtos pretendidos ao carrinho de compras. Para concluir a encomenda dever\u00e1 preencher os campos de dados obrigat\u00f3rios e escolher o m\u00e9todo de entrega do produto adequado. O valor da taxa \u00e9 ent\u00e3o apresentado no ecr\u00e3, que pode ser pago com seguran\u00e7a atrav\u00e9s dos seguintes m\u00e9todos de pagamento:<\/p>\n\n\n\n<p>\u2013 Transfer\u00eancia banc\u00e1ria;<\/p>\n\n\n\n<p>\u2013 Liga\u00e7\u00f5es banc\u00e1rias provenientes da Est\u00f3nia, Let\u00f3nia, Litu\u00e2nia e Finl\u00e2ndia;<\/p>\n\n\n\n<p>\u2013 Pagamento com cart\u00e3o de cr\u00e9dito.<\/p>\n\n\n\n<p>Para pagar com link banc\u00e1rio, clique no log\u00f3tipo do seu banco de origem e ser\u00e1 direcionado para a p\u00e1gina do banco na Internet, onde o aguarda uma ordem de pagamento pr\u00e9-preenchida. Verifique se o valor est\u00e1 correto e confirme a transa\u00e7\u00e3o. Por isso n\u00e3o se esque\u00e7a de clicar no bot\u00e3o \u201cVoltar ao comerciante\u201d &#8211; esta \u00e9 a \u00fanica forma de receber de imediato uma mensagem do nosso sistema a informar que efetuou o pagamento com sucesso.<\/p>\n\n\n\n<p>Introduz os seus dados banc\u00e1rios diretamente no sistema Bank Card Center. As informa\u00e7\u00f5es relacionadas com a sua conta banc\u00e1ria e pagamento n\u00e3o s\u00e3o guardadas;<\/p>\n\n\n\n<p>A Minu Baltic O\u00dc \u00e9 o respons\u00e1vel pelo tratamento dos dados pessoais, a Minu Baltic O\u00dc transfere os dados pessoais necess\u00e1rios para efetuar os pagamentos para o processador autorizado <strong>Maksekeskus AS<\/strong>.<\/p>\n\n\n\n<p>O contrato entra em vigor a partir do recebimento do valor a pagar na conta \u00e0 ordem da loja online.<\/p>\n\n\n\n<ol start=\"3\" class=\"wp-block-list\">\n<li>Entrega<\/li>\n<\/ol>\n\n\n\n<p>As mercadorias s\u00e3o enviadas para os seguintes pa\u00edses: Est\u00f3nia e outros pa\u00edses europeus de acordo com o pre\u00e7o apresentado no carrinho de compras e o modo de transporte. Envio para outros pa\u00edses e regi\u00f5es mediante acordo em separado.<\/p>\n\n\n\n<p>Os produtos adquiridos est\u00e3o sujeitos a portes (salvo indica\u00e7\u00e3o em contr\u00e1rio), que s\u00e3o pagos pelo comprador. Entregamos as encomendas de acordo com o modo de transporte escolhido por si. Enviaremos o seu pedido no prazo de 1 a 3 dias \u00fateis, ap\u00f3s a rece\u00e7\u00e3o do valor pago pelo pedido na conta \u00e0 ordem da Minu Baltic O\u00dc. Em casos excecionais, o prazo de entrega poder\u00e1 ser superior, caso em que o notificaremos separadamente.<\/p>\n\n\n\n<p>Se a mercadoria encomendada n\u00e3o puder ser entregue devido ao fim da mercadoria ou por algum outro motivo, o comprador ser\u00e1 informado disso o mais rapidamente poss\u00edvel e o dinheiro pago (incluindo os custos de entrega da mercadoria) ser\u00e1 devolvido sem demora, mas o mais tardar no prazo de 14 dias ap\u00f3s o envio da notifica\u00e7\u00e3o.<\/p>\n\n\n\n<ol start=\"4\" class=\"wp-block-list\">\n<li>Produtos e disponibilidade de produtos<\/li>\n<\/ol>\n\n\n\n<p>Atualizamos constantemente a gama de produtos. No entanto, pode acontecer que a disponibilidade do produto termine antes da atualiza\u00e7\u00e3o do cat\u00e1logo de produtos. Neste caso, entraremos em contacto consigo e, mediante acordo, substituiremos o produto ou cancelaremos a encomenda. Se o pedido for cancelado devido a falta de stock, emitiremos um reembolso no prazo de 7 dias \u00fateis.<\/p>\n\n\n\n<ol start=\"5\" class=\"wp-block-list\">\n<li>Outras condi\u00e7\u00f5es<\/li>\n<\/ol>\n\n\n\n<p>Reservamo-nos o direito de alterar e complementar os pre\u00e7os dos produtos oferecidos. As altera\u00e7\u00f5es a este respeito entrar\u00e3o em vigor a partir do momento em que aparecerem na nossa loja online.<\/p>\n\n\n\n<p>O vendedor n\u00e3o se responsabiliza por defeitos no produto que tenham ocorrido por culpa do comprador ou se o defeito tiver ocorrido em consequ\u00eancia da utiliza\u00e7\u00e3o indevida do produto.<\/p>\n\n\n\n<p>O vendedor tem o direito de desistir da encomenda se o stock dos produtos encomendados estiver esgotado.<\/p>\n\n\n\n<p>Se, devido a um erro t\u00e9cnico, o pre\u00e7o do produto oferecido na loja eletr\u00f3nica tiver sido alterado\/tornado excessivamente barato em compara\u00e7\u00e3o com o pre\u00e7o normal de mercado do produto, o vendedor tem o direito de desistir da transa\u00e7\u00e3o de venda do produto com um pre\u00e7o incorreto por erro t\u00e9cnico, desde que o vendedor ainda n\u00e3o tenha enviado o produto ao comprador.<\/p>\n\n\n\n<ol start=\"6\" class=\"wp-block-list\">\n<li>Apresenta\u00e7\u00e3o de reclama\u00e7\u00f5es e devolu\u00e7\u00e3o de mercadorias<\/li>\n<\/ol>\n\n\n\n<p>Todos os produtos est\u00e3o sujeitos ao prazo de apresenta\u00e7\u00e3o de reclama\u00e7\u00e3o nos termos do \u00a7 218 do C\u00f3digo Civil. A fatura de compra \u00e9 v\u00e1lida como prova de devolu\u00e7\u00e3o. No caso dos produtos, siga as instru\u00e7\u00f5es de utiliza\u00e7\u00e3o e cuidados que acompanham o produto e as instru\u00e7\u00f5es correspondentes. O direito de apresentar uma reclama\u00e7\u00e3o n\u00e3o se aplica se a falta da mercadoria se dever a uma utiliza\u00e7\u00e3o incorreta do produto ou a danos no produto. Para apresentar uma reclama\u00e7\u00e3o, envie uma descri\u00e7\u00e3o precisa do defeito, o nome da pessoa que enviou o pedido, o n\u00famero de telefone de contacto e o n\u00famero do pedido para info@aztex.ee<\/p>\n\n\n\n<p>O direito de devolu\u00e7\u00e3o da mercadoria \u00e9 de 14 dias. A mercadoria dever\u00e1 estar na embalagem original com a fatura original e todas as marca\u00e7\u00f5es. As mercadorias n\u00e3o devem ser usadas. Ap\u00f3s a recep\u00e7\u00e3o da declara\u00e7\u00e3o de resolu\u00e7\u00e3o, o empres\u00e1rio devolver\u00e1 ao consumidor sem demora, mas o mais tardar 14 dias, todas as taxas recebidas do consumidor com base no contrato, incluindo os custos de entrega da caixa do consumidor. Se o consumidor tiver escolhido explicitamente um m\u00e9todo de entrega diferente do m\u00e9todo de entrega habitual mais barato oferecido pelo empres\u00e1rio, o empres\u00e1rio n\u00e3o tem de devolver ao consumidor o custo que exceda o custo associado ao m\u00e9todo de entrega habitual (V\u00d5S \u00a7 492). Se o produto sujeito a devolu\u00e7\u00e3o tiver sido aberto ou danificado de qualquer outra forma, o produto n\u00e3o est\u00e1 sujeito a devolu\u00e7\u00e3o e \u00e9 considerado usado. O endere\u00e7o de devolu\u00e7\u00e3o e o m\u00e9todo de entrega s\u00e3o acordados em cada caso.<\/p>\n\n\n\n<p>Para devolver a mercadoria dever\u00e1 apresentar um pedido de desist\u00eancia da compra da mercadoria, cujo formul\u00e1rio se encontra aqui: pedido de desist\u00eancia e envi\u00e1-lo para o endere\u00e7o de e-mail info@aztex.ee<br>o mais tardar no prazo de 14 dias ap\u00f3s a rece\u00e7\u00e3o da mercadoria.<\/p>\n\n\n\n<p>O custo da devolu\u00e7\u00e3o da mercadoria \u00e9 suportado pelo comprador, a menos que o motivo da devolu\u00e7\u00e3o resida no facto de o produto a devolver n\u00e3o corresponder ao encomendado (por exemplo, um produto errado ou defeituoso).<\/p>\n\n\n\n<p>Caso o Cliente n\u00e3o levante a encomenda na esta\u00e7\u00e3o de correios\/m\u00e1quina de encomendas dentro do prazo de armazenamento, a encomenda ser\u00e1 devolvida \u00e0 Minu Baltic O\u00dc. Para receber a encomenda, o cliente dever\u00e1 pagar \u00e0 Minu Baltic O\u00dc o custo de devolu\u00e7\u00e3o e reemiss\u00e3o da encomenda de acordo com a tabela de pre\u00e7os atual da Omniva\/Itella Smartpost\/DPD. O custo inicial do transporte n\u00e3o \u00e9 reembols\u00e1vel nos termos do ponto mencionado.<\/p>\n\n\n\n<p>O prestador de servi\u00e7os \u00e9 respons\u00e1vel pelas n\u00e3o conformidades ou defeitos dos bens vendidos com as condi\u00e7\u00f5es contratuais que surjam no prazo de dois anos ap\u00f3s a entrega dos bens ao consumidor. Nos primeiros seis meses a contar da entrega do artigo ao comprador, presume-se que o defeito j\u00e1 estava presente no momento da entrega do artigo.<\/p>\n\n\n\n<p>Em caso de defeito do artigo, o consumidor deve informar o vendedor no prazo m\u00e1ximo de dois meses ou apresentar uma reclama\u00e7\u00e3o (V\u00d5S \u00a7 220(1)).<\/p>\n\n\n\n<p>Caso seja descoberto algum defeito, a utiliza\u00e7\u00e3o do produto deve ser imediatamente interrompida.<\/p>\n\n\n\n<p>A reclama\u00e7\u00e3o deve ser apresentada num formato que permita a reprodu\u00e7\u00e3o escrita e deve indicar:<\/p>\n\n\n\n<p>\u2013 nome e dados de contacto do consumidor;<\/p>\n\n\n\n<p>\u2013 a data da apresenta\u00e7\u00e3o da reclama\u00e7\u00e3o;<\/p>\n\n\n\n<p>\u2013 falta de bens ou servi\u00e7os;<\/p>\n\n\n\n<p>\u2013 queixa ao empres\u00e1rio;<\/p>\n\n\n\n<p>\u2013 dever\u00e1 ser referido um documento comprovativo da execu\u00e7\u00e3o da opera\u00e7\u00e3o ou uma garantia ou anexada \u00e0 reclama\u00e7\u00e3o uma c\u00f3pia do mesmo.<\/p>\n\n\n\n<ol start=\"7\" class=\"wp-block-list\">\n<li>Desentendimentos<\/li>\n<\/ol>\n\n\n\n<p>Todas as diverg\u00eancias ser\u00e3o resolvidas atrav\u00e9s de uma negocia\u00e7\u00e3o m\u00fatua razo\u00e1vel. Se as partes n\u00e3o chegarem a acordo, as diverg\u00eancias ser\u00e3o resolvidas de acordo com a legisla\u00e7\u00e3o da Rep\u00fablica da Est\u00f3nia.<\/p>\n","protected":false},"excerpt":{"rendered":"<p>O propriet\u00e1rio da loja online aztex.ee (doravante designada por Loja Online) \u00e9 Minu Baltic O\u00dc (c\u00f3digo de registo 16809904), localizada<\/p>\n","protected":false},"author":1,"featured_media":0,"parent":0,"menu_order":0,"comment_status":"closed","ping_status":"closed","template":"","meta":{"footnotes":""},"class_list":["post-18935","page","type-page","status-publish","hentry"],"yoast_head":"<!-- This site is optimized with the Yoast SEO plugin v27.6 - https:\/\/yoast.com\/product\/yoast-seo-wordpress\/ -->\n<title>Termos de venda | AZTEX<\/title>\n<meta name=\"description\" content=\"O propriet\u00e1rio da loja online aztex.ee (doravante designada por Loja Online) \u00e9 Minu Baltic O\u00dc (c\u00f3digo de registo 16809904)\" \/>\n<meta name=\"robots\" content=\"index, follow, max-snippet:-1, max-image-preview:large, max-video-preview:-1\" \/>\n<link rel=\"canonical\" href=\"https:\/\/aztex.ee\/pt-pt\/termos-de-venda\/\" \/>\n<meta property=\"og:locale\" content=\"pt_PT\" \/>\n<meta property=\"og:type\" content=\"article\" \/>\n<meta property=\"og:title\" content=\"Termos de venda | AZTEX\" \/>\n<meta property=\"og:description\" content=\"O propriet\u00e1rio da loja online aztex.ee (doravante designada por Loja Online) \u00e9 Minu Baltic O\u00dc (c\u00f3digo de registo 16809904)\" \/>\n<meta property=\"og:url\" content=\"https:\/\/aztex.ee\/pt-pt\/termos-de-venda\/\" \/>\n<meta property=\"og:site_name\" content=\"AZTEX\" \/>\n<meta property=\"article:publisher\" content=\"https:\/\/www.facebook.com\/AztexEE\" \/>\n<meta property=\"article:modified_time\" content=\"2024-10-01T20:28:02+00:00\" \/>\n<meta name=\"twitter:card\" content=\"summary_large_image\" \/>\n<meta name=\"twitter:label1\" content=\"Tempo estimado de leitura\" \/>\n\t<meta name=\"twitter:data1\" content=\"8 minutos\" \/>\n<script type=\"application\/ld+json\" class=\"yoast-schema-graph\">{\"@context\":\"https:\\\/\\\/schema.org\",\"@graph\":[{\"@type\":\"WebPage\",\"@id\":\"https:\\\/\\\/aztex.ee\\\/pt-pt\\\/termos-de-venda\\\/\",\"url\":\"https:\\\/\\\/aztex.ee\\\/pt-pt\\\/termos-de-venda\\\/\",\"name\":\"Termos de venda | AZTEX\",\"isPartOf\":{\"@id\":\"https:\\\/\\\/aztex.ee\\\/pt-pt\\\/#website\"},\"datePublished\":\"2024-08-15T14:36:01+00:00\",\"dateModified\":\"2024-10-01T20:28:02+00:00\",\"description\":\"O propriet\u00e1rio da loja online aztex.ee (doravante designada por Loja Online) \u00e9 Minu Baltic O\u00dc (c\u00f3digo de registo 16809904)\",\"breadcrumb\":{\"@id\":\"https:\\\/\\\/aztex.ee\\\/pt-pt\\\/termos-de-venda\\\/#breadcrumb\"},\"inLanguage\":\"pt-PT\",\"potentialAction\":[{\"@type\":\"ReadAction\",\"target\":[\"https:\\\/\\\/aztex.ee\\\/pt-pt\\\/termos-de-venda\\\/\"]}]},{\"@type\":\"BreadcrumbList\",\"@id\":\"https:\\\/\\\/aztex.ee\\\/pt-pt\\\/termos-de-venda\\\/#breadcrumb\",\"itemListElement\":[{\"@type\":\"ListItem\",\"position\":1,\"name\":\"In\u00edcio\",\"item\":\"https:\\\/\\\/aztex.ee\\\/pt-pt\\\/\"},{\"@type\":\"ListItem\",\"position\":2,\"name\":\"Termos de venda\"}]},{\"@type\":\"WebSite\",\"@id\":\"https:\\\/\\\/aztex.ee\\\/pt-pt\\\/#website\",\"url\":\"https:\\\/\\\/aztex.ee\\\/pt-pt\\\/\",\"name\":\"AZTEX\",\"description\":\"\",\"publisher\":{\"@id\":\"https:\\\/\\\/aztex.ee\\\/pt-pt\\\/#organization\"},\"potentialAction\":[{\"@type\":\"SearchAction\",\"target\":{\"@type\":\"EntryPoint\",\"urlTemplate\":\"https:\\\/\\\/aztex.ee\\\/pt-pt\\\/?s={search_term_string}\"},\"query-input\":{\"@type\":\"PropertyValueSpecification\",\"valueRequired\":true,\"valueName\":\"search_term_string\"}}],\"inLanguage\":\"pt-PT\"},{\"@type\":\"Organization\",\"@id\":\"https:\\\/\\\/aztex.ee\\\/pt-pt\\\/#organization\",\"name\":\"AZTEX\",\"url\":\"https:\\\/\\\/aztex.ee\\\/pt-pt\\\/\",\"logo\":{\"@type\":\"ImageObject\",\"inLanguage\":\"pt-PT\",\"@id\":\"https:\\\/\\\/aztex.ee\\\/pt-pt\\\/#\\\/schema\\\/logo\\\/image\\\/\",\"url\":\"https:\\\/\\\/aztex.ee\\\/wp-content\\\/uploads\\\/2026\\\/01\\\/AZTEX.png\",\"contentUrl\":\"https:\\\/\\\/aztex.ee\\\/wp-content\\\/uploads\\\/2026\\\/01\\\/AZTEX.png\",\"width\":500,\"height\":500,\"caption\":\"AZTEX\"},\"image\":{\"@id\":\"https:\\\/\\\/aztex.ee\\\/pt-pt\\\/#\\\/schema\\\/logo\\\/image\\\/\"},\"sameAs\":[\"https:\\\/\\\/www.facebook.com\\\/AztexEE\",\"https:\\\/\\\/www.instagram.com\\\/aztexeesti\\\/\",\"https:\\\/\\\/www.youtube.com\\\/@AZTEXEE\",\"https:\\\/\\\/www.pinterest.com\\\/aztex_eesti\\\/\",\"https:\\\/\\\/www.tiktok.com\\\/@aztexeesti\",\"https:\\\/\\\/www.trustpilot.com\\\/review\\\/aztex.ee\",\"https:\\\/\\\/www.linkedin.com\\\/company\\\/aztex-ee\\\/\",\"https:\\\/\\\/www.wikidata.org\\\/wiki\\\/Q137560182\"]}]}<\/script>\n<!-- \/ Yoast SEO plugin. -->","yoast_head_json":{"title":"Termos de venda | AZTEX","description":"O propriet\u00e1rio da loja online aztex.ee (doravante designada por Loja Online) \u00e9 Minu Baltic O\u00dc (c\u00f3digo de registo 16809904)","robots":{"index":"index","follow":"follow","max-snippet":"max-snippet:-1","max-image-preview":"max-image-preview:large","max-video-preview":"max-video-preview:-1"},"canonical":"https:\/\/aztex.ee\/pt-pt\/termos-de-venda\/","og_locale":"pt_PT","og_type":"article","og_title":"Termos de venda | AZTEX","og_description":"O propriet\u00e1rio da loja online aztex.ee (doravante designada por Loja Online) \u00e9 Minu Baltic O\u00dc (c\u00f3digo de registo 16809904)","og_url":"https:\/\/aztex.ee\/pt-pt\/termos-de-venda\/","og_site_name":"AZTEX","article_publisher":"https:\/\/www.facebook.com\/AztexEE","article_modified_time":"2024-10-01T20:28:02+00:00","twitter_card":"summary_large_image","twitter_misc":{"Tempo estimado de leitura":"8 minutos"},"schema":{"@context":"https:\/\/schema.org","@graph":[{"@type":"WebPage","@id":"https:\/\/aztex.ee\/pt-pt\/termos-de-venda\/","url":"https:\/\/aztex.ee\/pt-pt\/termos-de-venda\/","name":"Termos de venda | AZTEX","isPartOf":{"@id":"https:\/\/aztex.ee\/pt-pt\/#website"},"datePublished":"2024-08-15T14:36:01+00:00","dateModified":"2024-10-01T20:28:02+00:00","description":"O propriet\u00e1rio da loja online aztex.ee (doravante designada por Loja Online) \u00e9 Minu Baltic O\u00dc (c\u00f3digo de registo 16809904)","breadcrumb":{"@id":"https:\/\/aztex.ee\/pt-pt\/termos-de-venda\/#breadcrumb"},"inLanguage":"pt-PT","potentialAction":[{"@type":"ReadAction","target":["https:\/\/aztex.ee\/pt-pt\/termos-de-venda\/"]}]},{"@type":"BreadcrumbList","@id":"https:\/\/aztex.ee\/pt-pt\/termos-de-venda\/#breadcrumb","itemListElement":[{"@type":"ListItem","position":1,"name":"In\u00edcio","item":"https:\/\/aztex.ee\/pt-pt\/"},{"@type":"ListItem","position":2,"name":"Termos de venda"}]},{"@type":"WebSite","@id":"https:\/\/aztex.ee\/pt-pt\/#website","url":"https:\/\/aztex.ee\/pt-pt\/","name":"AZTEX","description":"","publisher":{"@id":"https:\/\/aztex.ee\/pt-pt\/#organization"},"potentialAction":[{"@type":"SearchAction","target":{"@type":"EntryPoint","urlTemplate":"https:\/\/aztex.ee\/pt-pt\/?s={search_term_string}"},"query-input":{"@type":"PropertyValueSpecification","valueRequired":true,"valueName":"search_term_string"}}],"inLanguage":"pt-PT"},{"@type":"Organization","@id":"https:\/\/aztex.ee\/pt-pt\/#organization","name":"AZTEX","url":"https:\/\/aztex.ee\/pt-pt\/","logo":{"@type":"ImageObject","inLanguage":"pt-PT","@id":"https:\/\/aztex.ee\/pt-pt\/#\/schema\/logo\/image\/","url":"https:\/\/aztex.ee\/wp-content\/uploads\/2026\/01\/AZTEX.png","contentUrl":"https:\/\/aztex.ee\/wp-content\/uploads\/2026\/01\/AZTEX.png","width":500,"height":500,"caption":"AZTEX"},"image":{"@id":"https:\/\/aztex.ee\/pt-pt\/#\/schema\/logo\/image\/"},"sameAs":["https:\/\/www.facebook.com\/AztexEE","https:\/\/www.instagram.com\/aztexeesti\/","https:\/\/www.youtube.com\/@AZTEXEE","https:\/\/www.pinterest.com\/aztex_eesti\/","https:\/\/www.tiktok.com\/@aztexeesti","https:\/\/www.trustpilot.com\/review\/aztex.ee","https:\/\/www.linkedin.com\/company\/aztex-ee\/","https:\/\/www.wikidata.org\/wiki\/Q137560182"]}]}},"_links":{"self":[{"href":"https:\/\/aztex.ee\/pt-pt\/wp-json\/wp\/v2\/pages\/18935","targetHints":{"allow":["GET"]}}],"collection":[{"href":"https:\/\/aztex.ee\/pt-pt\/wp-json\/wp\/v2\/pages"}],"about":[{"href":"https:\/\/aztex.ee\/pt-pt\/wp-json\/wp\/v2\/types\/page"}],"author":[{"embeddable":true,"href":"https:\/\/aztex.ee\/pt-pt\/wp-json\/wp\/v2\/users\/1"}],"replies":[{"embeddable":true,"href":"https:\/\/aztex.ee\/pt-pt\/wp-json\/wp\/v2\/comments?post=18935"}],"version-history":[{"count":0,"href":"https:\/\/aztex.ee\/pt-pt\/wp-json\/wp\/v2\/pages\/18935\/revisions"}],"wp:attachment":[{"href":"https:\/\/aztex.ee\/pt-pt\/wp-json\/wp\/v2\/media?parent=18935"}],"curies":[{"name":"wp","href":"https:\/\/api.w.org\/{rel}","templated":true}]}}