{"id":107170,"date":"2026-03-16T07:17:40","date_gmt":"2026-03-16T07:17:40","guid":{"rendered":"https:\/\/aztex.ee\/meist\/"},"modified":"2026-03-16T11:18:41","modified_gmt":"2026-03-16T11:18:41","slug":"sobre-a-aztex","status":"publish","type":"page","link":"https:\/\/aztex.ee\/pt-pt\/sobre-a-aztex\/","title":{"rendered":"Sobre a AZTEX"},"content":{"rendered":"\n<p class=\"wp-block-wd-paragraph wd-f6792eaa\"><strong>AZTEX<\/strong> \u00e9 uma <strong>marca internacional de t\u00eaxteis lar<\/strong> que oferece roupa de cama e produtos t\u00eaxteis de alta qualidade a clientes em todo o mundo. A marca opera sob a <strong>AZTEX Eesti O\u00dc<\/strong>, uma subsidi\u00e1ria da <strong>Minu Baltic O\u00dc<\/strong>. A AZTEX foi fundada pelo empres\u00e1rio <strong>Farid Ismayilov<\/strong>.<\/p>\n\n\n\n<p class=\"wp-block-wd-paragraph wd-a2d518ae\">O nosso objetivo \u00e9 fornecer produtos t\u00eaxteis lar fi\u00e1veis e de alta qualidade que ajudem a criar um <strong>ambiente dom\u00e9stico confort\u00e1vel e saud\u00e1vel<\/strong>. Acreditamos que uma boa noite de sono e uma casa acolhedora come\u00e7am com materiais premium e produtos cuidadosamente selecionados.<\/p>\n\n\n\n<p class=\"wp-block-wd-paragraph wd-9c4ffd55\">Hoje, a AZTEX vende os seus produtos em <strong>mais de 35 pa\u00edses<\/strong> em todo o mundo, incluindo: <strong>Portugal, Est\u00f3nia, Su\u00e9cia, Dinamarca, Noruega, Finl\u00e2ndia, Pol\u00f3nia, Ch\u00e9quia, Hungria, Pa\u00edses Baixos, Eslov\u00e1quia, Alemanha, \u00c1ustria, Su\u00ed\u00e7a, Isl\u00e2ndia, Ilhas Faro\u00e9, Let\u00f3nia, Litu\u00e2nia, Kosovo, Bulg\u00e1ria, Rom\u00e9nia, Fran\u00e7a, Reino Unito, Eslov\u00e9nia, Maced\u00f3nia do Norte, Cro\u00e1cia, It\u00e1lia, Espanha, B\u00f3snia e Herzegovina, S\u00e9rvia, Montenegro, Gr\u00e9cia, Alb\u00e2nia, Malta, Irlanda, Estados Unidos, Canad\u00e1 e M\u00e9xico.<\/strong><\/p>\n\n\n\n<p class=\"wp-block-wd-paragraph wd-a0627981\">A AZTEX foca-se na qualidade, no conforto e nos materiais naturais. A nossa gama de produtos apresenta tecidos cuidadosamente selecionados, como <strong>algod\u00e3o, linho, bambu, Tencel (Lyocell), c\u00e2nhamo e seda.<\/strong> Estes materiais s\u00e3o respir\u00e1veis, suaves para a pele e duradouros, garantindo uma experi\u00eancia de sono confort\u00e1vel e de alta qualidade.<\/p>\n\n\n\n<p class=\"wp-block-wd-paragraph wd-847cf324\">Para n\u00f3s, \u00e9 essencial que os t\u00eaxteis lar sejam n\u00e3o apenas pr\u00e1ticos, mas tamb\u00e9m est\u00e9ticos e duradouros. Por isso, prestamos grande aten\u00e7\u00e3o tanto \u00e0 qualidade dos materiais como ao design dos nossos produtos.<\/p>\n\n\n\n<h3 class=\"wp-block-wd-title title wd-6f1f3908\"><strong>Por que os clientes confiam em n\u00f3s?<\/strong><\/h3>\n\n\n\n<p class=\"wp-block-wd-paragraph wd-68811b1f\"><strong>Materiais de alta qualidade<\/strong> Selecionamos os nossos produtos com grande cuidado para garantir a sua durabilidade e conforto.<\/p>\n\n\n\n<p class=\"wp-block-wd-paragraph wd-eb3bfbec\"><strong>Experi\u00eancia internacional<\/strong> Servimos clientes em todo o mundo e oferecemos suporte em <strong>19 idiomas diferentes<\/strong>.<\/p>\n\n\n\n<p class=\"wp-block-wd-paragraph wd-9dc53cfa\"><strong>Satisfa\u00e7\u00e3o do cliente<\/strong> A nossa classifica\u00e7\u00e3o de <strong><a href=\"https:\/\/www.trustpilot.com\/review\/aztex.ee\" type=\"link\" id=\"https:\/\/www.trustpilot.com\/review\/aztex.ee\" target=\"_blank\" rel=\"noreferrer noopener\">4.8 \/ 5 no Trustpilot<\/a><\/strong> demonstra que os nossos clientes valorizam a qualidade dos nossos produtos e do nosso servi\u00e7o.<\/p>\n\n\n\n<p class=\"wp-block-wd-paragraph wd-3c50c8c4\">Obrigado por escolher a <strong>AZTEX<\/strong> para a sua casa. A nossa miss\u00e3o \u00e9 oferecer uma escolha fi\u00e1vel e de alta qualidade no mundo dos t\u00eaxteis lar.<\/p>\n","protected":false},"excerpt":{"rendered":"","protected":false},"author":1,"featured_media":0,"parent":0,"menu_order":0,"comment_status":"closed","ping_status":"closed","template":"","meta":{"footnotes":""},"class_list":["post-107170","page","type-page","status-publish","hentry"],"yoast_head":"<!-- This site is optimized with the Yoast SEO plugin v27.6 - https:\/\/yoast.com\/product\/yoast-seo-wordpress\/ -->\n<title>Sobre a AZTEX | T\u00eaxteis para casa e roupa de cama de qualidade<\/title>\n<meta name=\"description\" content=\"AZTEX \u00e9 uma marca internacional de t\u00eaxteis lar que oferece roupa de cama e produtos t\u00eaxteis de alta qualidade a clientes em todo o mundo. A marca opera sob a AZTEX Eesti O\u00dc, uma subsidi\u00e1ria da Minu Baltic O\u00dc. A AZTEX foi fundada pelo empres\u00e1rio Farid Ismayilov.\" \/>\n<meta name=\"robots\" content=\"index, follow, max-snippet:-1, max-image-preview:large, max-video-preview:-1\" \/>\n<link rel=\"canonical\" href=\"https:\/\/aztex.ee\/pt-pt\/sobre-a-aztex\/\" \/>\n<meta property=\"og:locale\" content=\"pt_PT\" \/>\n<meta property=\"og:type\" content=\"article\" \/>\n<meta property=\"og:title\" content=\"Sobre a AZTEX | T\u00eaxteis para casa e roupa de cama de qualidade\" \/>\n<meta property=\"og:description\" content=\"AZTEX \u00e9 uma marca internacional de t\u00eaxteis lar que oferece roupa de cama e produtos t\u00eaxteis de alta qualidade a clientes em todo o mundo. A marca opera sob a AZTEX Eesti O\u00dc, uma subsidi\u00e1ria da Minu Baltic O\u00dc. A AZTEX foi fundada pelo empres\u00e1rio Farid Ismayilov.\" \/>\n<meta property=\"og:url\" content=\"https:\/\/aztex.ee\/pt-pt\/sobre-a-aztex\/\" \/>\n<meta property=\"og:site_name\" content=\"AZTEX\" \/>\n<meta property=\"article:publisher\" content=\"https:\/\/www.facebook.com\/AztexEE\" \/>\n<meta property=\"article:modified_time\" content=\"2026-03-16T11:18:41+00:00\" \/>\n<meta name=\"twitter:card\" content=\"summary_large_image\" \/>\n<meta name=\"twitter:label1\" content=\"Tempo estimado de leitura\" \/>\n\t<meta name=\"twitter:data1\" content=\"2 minutos\" \/>\n<script type=\"application\/ld+json\" class=\"yoast-schema-graph\">{\"@context\":\"https:\\\/\\\/schema.org\",\"@graph\":[{\"@type\":\"WebPage\",\"@id\":\"https:\\\/\\\/aztex.ee\\\/pt-pt\\\/sobre-a-aztex\\\/\",\"url\":\"https:\\\/\\\/aztex.ee\\\/pt-pt\\\/sobre-a-aztex\\\/\",\"name\":\"Sobre a AZTEX | T\u00eaxteis para casa e roupa de cama de qualidade\",\"isPartOf\":{\"@id\":\"https:\\\/\\\/aztex.ee\\\/pt-pt\\\/#website\"},\"datePublished\":\"2026-03-16T07:17:40+00:00\",\"dateModified\":\"2026-03-16T11:18:41+00:00\",\"description\":\"AZTEX \u00e9 uma marca internacional de t\u00eaxteis lar que oferece roupa de cama e produtos t\u00eaxteis de alta qualidade a clientes em todo o mundo. A marca opera sob a AZTEX Eesti O\u00dc, uma subsidi\u00e1ria da Minu Baltic O\u00dc. A AZTEX foi fundada pelo empres\u00e1rio Farid Ismayilov.\",\"breadcrumb\":{\"@id\":\"https:\\\/\\\/aztex.ee\\\/pt-pt\\\/sobre-a-aztex\\\/#breadcrumb\"},\"inLanguage\":\"pt-PT\",\"potentialAction\":[{\"@type\":\"ReadAction\",\"target\":[\"https:\\\/\\\/aztex.ee\\\/pt-pt\\\/sobre-a-aztex\\\/\"]}]},{\"@type\":\"BreadcrumbList\",\"@id\":\"https:\\\/\\\/aztex.ee\\\/pt-pt\\\/sobre-a-aztex\\\/#breadcrumb\",\"itemListElement\":[{\"@type\":\"ListItem\",\"position\":1,\"name\":\"In\u00edcio\",\"item\":\"https:\\\/\\\/aztex.ee\\\/pt-pt\\\/\"},{\"@type\":\"ListItem\",\"position\":2,\"name\":\"Sobre a AZTEX\"}]},{\"@type\":\"WebSite\",\"@id\":\"https:\\\/\\\/aztex.ee\\\/pt-pt\\\/#website\",\"url\":\"https:\\\/\\\/aztex.ee\\\/pt-pt\\\/\",\"name\":\"AZTEX\",\"description\":\"\",\"publisher\":{\"@id\":\"https:\\\/\\\/aztex.ee\\\/pt-pt\\\/#organization\"},\"potentialAction\":[{\"@type\":\"SearchAction\",\"target\":{\"@type\":\"EntryPoint\",\"urlTemplate\":\"https:\\\/\\\/aztex.ee\\\/pt-pt\\\/?s={search_term_string}\"},\"query-input\":{\"@type\":\"PropertyValueSpecification\",\"valueRequired\":true,\"valueName\":\"search_term_string\"}}],\"inLanguage\":\"pt-PT\"},{\"@type\":\"Organization\",\"@id\":\"https:\\\/\\\/aztex.ee\\\/pt-pt\\\/#organization\",\"name\":\"AZTEX\",\"url\":\"https:\\\/\\\/aztex.ee\\\/pt-pt\\\/\",\"logo\":{\"@type\":\"ImageObject\",\"inLanguage\":\"pt-PT\",\"@id\":\"https:\\\/\\\/aztex.ee\\\/pt-pt\\\/#\\\/schema\\\/logo\\\/image\\\/\",\"url\":\"https:\\\/\\\/aztex.ee\\\/wp-content\\\/uploads\\\/2026\\\/01\\\/AZTEX.png\",\"contentUrl\":\"https:\\\/\\\/aztex.ee\\\/wp-content\\\/uploads\\\/2026\\\/01\\\/AZTEX.png\",\"width\":500,\"height\":500,\"caption\":\"AZTEX\"},\"image\":{\"@id\":\"https:\\\/\\\/aztex.ee\\\/pt-pt\\\/#\\\/schema\\\/logo\\\/image\\\/\"},\"sameAs\":[\"https:\\\/\\\/www.facebook.com\\\/AztexEE\",\"https:\\\/\\\/www.instagram.com\\\/aztexeesti\\\/\",\"https:\\\/\\\/www.youtube.com\\\/@AZTEXEE\",\"https:\\\/\\\/www.pinterest.com\\\/aztex_eesti\\\/\",\"https:\\\/\\\/www.tiktok.com\\\/@aztexeesti\",\"https:\\\/\\\/www.trustpilot.com\\\/review\\\/aztex.ee\",\"https:\\\/\\\/www.linkedin.com\\\/company\\\/aztex-ee\\\/\",\"https:\\\/\\\/www.wikidata.org\\\/wiki\\\/Q137560182\"]}]}<\/script>\n<!-- \/ Yoast SEO plugin. -->","yoast_head_json":{"title":"Sobre a AZTEX | T\u00eaxteis para casa e roupa de cama de qualidade","description":"AZTEX \u00e9 uma marca internacional de t\u00eaxteis lar que oferece roupa de cama e produtos t\u00eaxteis de alta qualidade a clientes em todo o mundo. A marca opera sob a AZTEX Eesti O\u00dc, uma subsidi\u00e1ria da Minu Baltic O\u00dc. A AZTEX foi fundada pelo empres\u00e1rio Farid Ismayilov.","robots":{"index":"index","follow":"follow","max-snippet":"max-snippet:-1","max-image-preview":"max-image-preview:large","max-video-preview":"max-video-preview:-1"},"canonical":"https:\/\/aztex.ee\/pt-pt\/sobre-a-aztex\/","og_locale":"pt_PT","og_type":"article","og_title":"Sobre a AZTEX | T\u00eaxteis para casa e roupa de cama de qualidade","og_description":"AZTEX \u00e9 uma marca internacional de t\u00eaxteis lar que oferece roupa de cama e produtos t\u00eaxteis de alta qualidade a clientes em todo o mundo. A marca opera sob a AZTEX Eesti O\u00dc, uma subsidi\u00e1ria da Minu Baltic O\u00dc. A AZTEX foi fundada pelo empres\u00e1rio Farid Ismayilov.","og_url":"https:\/\/aztex.ee\/pt-pt\/sobre-a-aztex\/","og_site_name":"AZTEX","article_publisher":"https:\/\/www.facebook.com\/AztexEE","article_modified_time":"2026-03-16T11:18:41+00:00","twitter_card":"summary_large_image","twitter_misc":{"Tempo estimado de leitura":"2 minutos"},"schema":{"@context":"https:\/\/schema.org","@graph":[{"@type":"WebPage","@id":"https:\/\/aztex.ee\/pt-pt\/sobre-a-aztex\/","url":"https:\/\/aztex.ee\/pt-pt\/sobre-a-aztex\/","name":"Sobre a AZTEX | T\u00eaxteis para casa e roupa de cama de qualidade","isPartOf":{"@id":"https:\/\/aztex.ee\/pt-pt\/#website"},"datePublished":"2026-03-16T07:17:40+00:00","dateModified":"2026-03-16T11:18:41+00:00","description":"AZTEX \u00e9 uma marca internacional de t\u00eaxteis lar que oferece roupa de cama e produtos t\u00eaxteis de alta qualidade a clientes em todo o mundo. A marca opera sob a AZTEX Eesti O\u00dc, uma subsidi\u00e1ria da Minu Baltic O\u00dc. A AZTEX foi fundada pelo empres\u00e1rio Farid Ismayilov.","breadcrumb":{"@id":"https:\/\/aztex.ee\/pt-pt\/sobre-a-aztex\/#breadcrumb"},"inLanguage":"pt-PT","potentialAction":[{"@type":"ReadAction","target":["https:\/\/aztex.ee\/pt-pt\/sobre-a-aztex\/"]}]},{"@type":"BreadcrumbList","@id":"https:\/\/aztex.ee\/pt-pt\/sobre-a-aztex\/#breadcrumb","itemListElement":[{"@type":"ListItem","position":1,"name":"In\u00edcio","item":"https:\/\/aztex.ee\/pt-pt\/"},{"@type":"ListItem","position":2,"name":"Sobre a AZTEX"}]},{"@type":"WebSite","@id":"https:\/\/aztex.ee\/pt-pt\/#website","url":"https:\/\/aztex.ee\/pt-pt\/","name":"AZTEX","description":"","publisher":{"@id":"https:\/\/aztex.ee\/pt-pt\/#organization"},"potentialAction":[{"@type":"SearchAction","target":{"@type":"EntryPoint","urlTemplate":"https:\/\/aztex.ee\/pt-pt\/?s={search_term_string}"},"query-input":{"@type":"PropertyValueSpecification","valueRequired":true,"valueName":"search_term_string"}}],"inLanguage":"pt-PT"},{"@type":"Organization","@id":"https:\/\/aztex.ee\/pt-pt\/#organization","name":"AZTEX","url":"https:\/\/aztex.ee\/pt-pt\/","logo":{"@type":"ImageObject","inLanguage":"pt-PT","@id":"https:\/\/aztex.ee\/pt-pt\/#\/schema\/logo\/image\/","url":"https:\/\/aztex.ee\/wp-content\/uploads\/2026\/01\/AZTEX.png","contentUrl":"https:\/\/aztex.ee\/wp-content\/uploads\/2026\/01\/AZTEX.png","width":500,"height":500,"caption":"AZTEX"},"image":{"@id":"https:\/\/aztex.ee\/pt-pt\/#\/schema\/logo\/image\/"},"sameAs":["https:\/\/www.facebook.com\/AztexEE","https:\/\/www.instagram.com\/aztexeesti\/","https:\/\/www.youtube.com\/@AZTEXEE","https:\/\/www.pinterest.com\/aztex_eesti\/","https:\/\/www.tiktok.com\/@aztexeesti","https:\/\/www.trustpilot.com\/review\/aztex.ee","https:\/\/www.linkedin.com\/company\/aztex-ee\/","https:\/\/www.wikidata.org\/wiki\/Q137560182"]}]}},"_links":{"self":[{"href":"https:\/\/aztex.ee\/pt-pt\/wp-json\/wp\/v2\/pages\/107170","targetHints":{"allow":["GET"]}}],"collection":[{"href":"https:\/\/aztex.ee\/pt-pt\/wp-json\/wp\/v2\/pages"}],"about":[{"href":"https:\/\/aztex.ee\/pt-pt\/wp-json\/wp\/v2\/types\/page"}],"author":[{"embeddable":true,"href":"https:\/\/aztex.ee\/pt-pt\/wp-json\/wp\/v2\/users\/1"}],"replies":[{"embeddable":true,"href":"https:\/\/aztex.ee\/pt-pt\/wp-json\/wp\/v2\/comments?post=107170"}],"version-history":[{"count":4,"href":"https:\/\/aztex.ee\/pt-pt\/wp-json\/wp\/v2\/pages\/107170\/revisions"}],"predecessor-version":[{"id":107228,"href":"https:\/\/aztex.ee\/pt-pt\/wp-json\/wp\/v2\/pages\/107170\/revisions\/107228"}],"wp:attachment":[{"href":"https:\/\/aztex.ee\/pt-pt\/wp-json\/wp\/v2\/media?parent=107170"}],"curies":[{"name":"wp","href":"https:\/\/api.w.org\/{rel}","templated":true}]}}