{"id":94490,"date":"2025-09-15T09:06:50","date_gmt":"2025-09-15T09:06:50","guid":{"rendered":"https:\/\/aztex.ee\/?post_type=product&#038;p=94490"},"modified":"2026-04-08T10:43:53","modified_gmt":"2026-04-08T10:43:53","slug":"poduszka-z-puchu-kaczego","status":"publish","type":"product","link":"https:\/\/aztex.ee\/pl\/pood\/poduszki\/poduszka-z-puchu-kaczego\/","title":{"rendered":"Poduszka z puchu kaczego"},"content":{"rendered":"<p><strong>Mi\u0119kko\u015b\u0107 i luksus<\/strong><\/p>\n<p>Poduszka z puchu kaczego jest wyj\u0105tkowo mi\u0119kka i delikatna, naturalnie podpieraj\u0105c g\u0142ow\u0119 i szyj\u0119. Wype\u0142nienie zachowuje sw\u00f3j kszta\u0142t i elastyczno\u015b\u0107, zapewniaj\u0105c komfort i stabilno\u015b\u0107 przez ca\u0142y czas. Dzi\u0119ki wysokiej jako\u015bci materia\u0142om, ta poduszka z puchu kaczego sprawdzi si\u0119 w ka\u017cdej sypialni, stanowi\u0105c niezawodne i wygodne rozwi\u0105zanie do codziennego u\u017cytku.<\/p>\n<p><strong>Oddychaj\u0105ca i wygodna<\/strong><\/p>\n<p>Ekologiczna poduszka z puchu kaczego umo\u017cliwia swobodn\u0105 cyrkulacj\u0119 powietrza, utrzymuj\u0105c poduszk\u0119 \u015bwie\u017c\u0105 i such\u0105. Dzi\u0119ki oddychalno\u015bci poduszka nie przegrzewa si\u0119 ani nie gromadzi wilgoci, zapewniaj\u0105c komfort zar\u00f3wno w nocy, jak i w ci\u0105gu dnia. Ta cecha sprawia, \u017ce \u200b\u200bpoduszka jest odpowiednia dla os\u00f3b ceni\u0105cych sobie dobr\u0105 cyrkulacj\u0119 powietrza i przyjemne podparcie.<\/p>\n<p><strong>Trwa\u0142a i zachowuj\u0105ca kszta\u0142t<\/strong><\/p>\n<p>Wysokiej jako\u015bci naturalne materia\u0142y sprawiaj\u0105, \u017ce ta poduszka z puchu kaczego zachowuje sw\u00f3j kszta\u0142t i elastyczno\u015b\u0107 nawet po latach. Nawet przy cz\u0119stym u\u017cytkowaniu poduszka nie zapada si\u0119 ani nie traci komfortu, zapewniaj\u0105c stabilne i niezawodne podparcie przez d\u0142ugi czas. Dzi\u0119ki temu jest to d\u0142ugoterminowa i praktyczna inwestycja, odpowiednia do codziennego u\u017cytku.<\/p>\n<p><strong>Ekologiczna i bliska naturze<\/strong><\/p>\n<p>Poduszka wykonana jest z ekologicznego pierza kaczego, kt\u00f3re jest naturalne i przyjazne dla \u015brodowiska. To zdrowy i zr\u00f3wnowa\u017cony wyb\u00f3r, przyjazny zar\u00f3wno dla ludzi, jak i \u015brodowiska. Ekologiczna poduszka gwarantuje jako\u015b\u0107 i komfort, zachowuj\u0105c r\u00f3wnowag\u0119 mi\u0119dzy praktyczno\u015bci\u0105 a ekologi\u0105.<\/p>\n<p><strong>Przyst\u0119pny cenowo i wysokiej jako\u015bci wyb\u00f3r<\/strong><\/p>\n<p>Ta przyst\u0119pna cenowo poduszka \u0142\u0105czy w sobie przyst\u0119pn\u0105 cen\u0119 i wysok\u0105 jako\u015b\u0107. Przyst\u0119pna cenowo poduszka z pierza kaczego zapewnia komfort, trwa\u0142o\u015b\u0107 i w\u0142a\u015bciwo\u015bci ekologiczne bez kompromis\u00f3w. To praktyczny i rozs\u0105dny wyb\u00f3r do ka\u017cdego domu, oferuj\u0105cy r\u00f3wnowag\u0119 mi\u0119dzy cen\u0105 a jako\u015bci\u0105, co sprawia, \u017ce \u200b\u200bzakup jest satysfakcjonuj\u0105cy i op\u0142acalny w d\u0142u\u017cszej perspektywie.<\/p>\n","protected":false},"excerpt":{"rendered":"<p>Poduszka wykonana z naturalnego pierza kaczego, kt\u00f3ra jest mi\u0119kka, oddychaj\u0105ca i trwa\u0142a, zapewniaj\u0105c maksymalny komfort.<\/p>\n<ul>\n<li>Wype\u0142nienie poduszki: 90% pierze kacze \/ 10% puch kaczy<\/li>\n<li>Tkanina pokryciowa: 100% Bawe\u0142na Egipska<\/li>\n<li>Mo\u017cna pra\u0107 w pralce: Tak<\/li>\n<li>Wysoko\u015b\u0107 poduszki: \u015arednia<\/li>\n<\/ul>\n<p><img loading=\"lazy\" decoding=\"async\" class=\"alignnone wp-image-94116\" src=\"https:\/\/aztex.ee\/wp-content\/uploads\/2025\/09\/globalrecyled-400x201.png\" alt=\"\" width=\"111\" height=\"56\" srcset=\"https:\/\/aztex.ee\/wp-content\/uploads\/2025\/09\/globalrecyled-400x201.png 400w, https:\/\/aztex.ee\/wp-content\/uploads\/2025\/09\/globalrecyled-430x216.png 430w, https:\/\/aztex.ee\/wp-content\/uploads\/2025\/09\/globalrecyled-150x75.png 150w, https:\/\/aztex.ee\/wp-content\/uploads\/2025\/09\/globalrecyled.png 600w\" sizes=\"auto, (max-width: 111px) 100vw, 111px\" \/><img loading=\"lazy\" decoding=\"async\" class=\"alignnone wp-image-94119\" src=\"https:\/\/aztex.ee\/wp-content\/uploads\/2025\/09\/oeko100ser.png\" alt=\"\" width=\"53\" height=\"50\" srcset=\"https:\/\/aztex.ee\/wp-content\/uploads\/2025\/09\/oeko100ser.png 200w, https:\/\/aztex.ee\/wp-content\/uploads\/2025\/09\/oeko100ser-150x142.png 150w\" sizes=\"auto, (max-width: 53px) 100vw, 53px\" \/><img loading=\"lazy\" decoding=\"async\" class=\"alignnone wp-image-94114\" src=\"https:\/\/aztex.ee\/wp-content\/uploads\/2025\/09\/RDS.png\" alt=\"\" width=\"55\" height=\"55\" srcset=\"https:\/\/aztex.ee\/wp-content\/uploads\/2025\/09\/RDS.png 200w, https:\/\/aztex.ee\/wp-content\/uploads\/2025\/09\/RDS-150x150.png 150w\" sizes=\"auto, (max-width: 55px) 100vw, 55px\" \/><img loading=\"lazy\" decoding=\"async\" class=\"alignnone wp-image-94115\" src=\"https:\/\/aztex.ee\/wp-content\/uploads\/2025\/09\/BSCI.png\" alt=\"\" width=\"55\" height=\"55\" srcset=\"https:\/\/aztex.ee\/wp-content\/uploads\/2025\/09\/BSCI.png 200w, https:\/\/aztex.ee\/wp-content\/uploads\/2025\/09\/BSCI-150x150.png 150w\" sizes=\"auto, (max-width: 55px) 100vw, 55px\" \/><img loading=\"lazy\" decoding=\"async\" class=\"alignnone wp-image-94112\" src=\"https:\/\/aztex.ee\/wp-content\/uploads\/2025\/09\/logo_downpass_en.png\" alt=\"\" width=\"49\" height=\"53\" srcset=\"https:\/\/aztex.ee\/wp-content\/uploads\/2025\/09\/logo_downpass_en.png 240w, https:\/\/aztex.ee\/wp-content\/uploads\/2025\/09\/logo_downpass_en-150x163.png 150w\" sizes=\"auto, (max-width: 49px) 100vw, 49px\" \/><\/p>\n","protected":false},"featured_media":94567,"comment_status":"open","ping_status":"closed","template":"","meta":[],"product_brand":[],"product_cat":[6106,6153],"product_tag":[],"class_list":{"0":"post-94490","1":"product","2":"type-product","3":"status-publish","4":"has-post-thumbnail","6":"product_cat-poduszki","7":"product_cat-poduszki-z-pierza-i-puchu","9":"first","10":"instock","11":"shipping-taxable","12":"purchasable","13":"product-type-variable"},"yoast_head":"<!-- This site is optimized with the Yoast SEO plugin v27.3 - https:\/\/yoast.com\/product\/yoast-seo-wordpress\/ -->\n<title>Poduszka z puchu kaczego | AZTEX<\/title>\n<meta name=\"description\" content=\"Mi\u0119kka, oddychaj\u0105ca i trwa\u0142a, ta poduszka z puchu kaczego zapewnia spokojny i komfortowy sen ka\u017cdej nocy. Ekologiczny i naturalny materia\u0142 jest mi\u0119kki, zachowuje sw\u00f3j kszta\u0142t i jest trwa\u0142y.\" \/>\n<meta name=\"robots\" content=\"index, follow, max-snippet:-1, max-image-preview:large, max-video-preview:-1\" \/>\n<link rel=\"canonical\" href=\"https:\/\/aztex.ee\/pl\/pood\/poduszki\/poduszka-z-puchu-kaczego\/\" \/>\n<meta property=\"og:locale\" content=\"pl_PL\" \/>\n<meta property=\"og:type\" content=\"article\" \/>\n<meta property=\"og:title\" content=\"Poduszka z puchu kaczego | AZTEX\" \/>\n<meta property=\"og:description\" content=\"Mi\u0119kka, oddychaj\u0105ca i trwa\u0142a, ta poduszka z puchu kaczego zapewnia spokojny i komfortowy sen ka\u017cdej nocy. Ekologiczny i naturalny materia\u0142 jest mi\u0119kki, zachowuje sw\u00f3j kszta\u0142t i jest trwa\u0142y.\" \/>\n<meta property=\"og:url\" content=\"https:\/\/aztex.ee\/pl\/pood\/poduszki\/poduszka-z-puchu-kaczego\/\" \/>\n<meta property=\"og:site_name\" content=\"AZTEX\" \/>\n<meta property=\"article:publisher\" content=\"https:\/\/www.facebook.com\/AztexEE\" \/>\n<meta property=\"article:modified_time\" content=\"2026-04-08T10:43:53+00:00\" \/>\n<meta property=\"og:image\" content=\"https:\/\/aztex.ee\/wp-content\/uploads\/2025\/09\/Pardisulgedest-padi.jpg\" \/>\n\t<meta property=\"og:image:width\" content=\"800\" \/>\n\t<meta property=\"og:image:height\" content=\"800\" \/>\n\t<meta property=\"og:image:type\" content=\"image\/jpeg\" \/>\n<meta name=\"twitter:card\" content=\"summary_large_image\" \/>\n<meta name=\"twitter:label1\" content=\"Szacowany czas czytania\" \/>\n\t<meta name=\"twitter:data1\" content=\"2 minuty\" \/>\n<script type=\"application\/ld+json\" class=\"yoast-schema-graph\">{\"@context\":\"https:\\\/\\\/schema.org\",\"@graph\":[{\"@type\":[\"WebPage\",\"ItemPage\"],\"@id\":\"https:\\\/\\\/aztex.ee\\\/pl\\\/pood\\\/poduszki\\\/poduszka-z-puchu-kaczego\\\/\",\"url\":\"https:\\\/\\\/aztex.ee\\\/pl\\\/pood\\\/poduszki\\\/poduszka-z-puchu-kaczego\\\/\",\"name\":\"Poduszka z puchu kaczego | AZTEX\",\"isPartOf\":{\"@id\":\"https:\\\/\\\/aztex.ee\\\/pl\\\/#website\"},\"primaryImageOfPage\":{\"@id\":\"https:\\\/\\\/aztex.ee\\\/pl\\\/pood\\\/poduszki\\\/poduszka-z-puchu-kaczego\\\/#primaryimage\"},\"image\":{\"@id\":\"https:\\\/\\\/aztex.ee\\\/pl\\\/pood\\\/poduszki\\\/poduszka-z-puchu-kaczego\\\/#primaryimage\"},\"thumbnailUrl\":\"https:\\\/\\\/aztex.ee\\\/wp-content\\\/uploads\\\/2025\\\/09\\\/Pardisulgedest-padi.jpg\",\"datePublished\":\"2025-09-15T09:06:50+00:00\",\"dateModified\":\"2026-04-08T10:43:53+00:00\",\"description\":\"Mi\u0119kka, oddychaj\u0105ca i trwa\u0142a, ta poduszka z puchu kaczego zapewnia spokojny i komfortowy sen ka\u017cdej nocy. Ekologiczny i naturalny materia\u0142 jest mi\u0119kki, zachowuje sw\u00f3j kszta\u0142t i jest trwa\u0142y.\",\"breadcrumb\":{\"@id\":\"https:\\\/\\\/aztex.ee\\\/pl\\\/pood\\\/poduszki\\\/poduszka-z-puchu-kaczego\\\/#breadcrumb\"},\"inLanguage\":\"pl-PL\",\"potentialAction\":[{\"@type\":\"ReadAction\",\"target\":[\"https:\\\/\\\/aztex.ee\\\/pl\\\/pood\\\/poduszki\\\/poduszka-z-puchu-kaczego\\\/\"]}]},{\"@type\":\"ImageObject\",\"inLanguage\":\"pl-PL\",\"@id\":\"https:\\\/\\\/aztex.ee\\\/pl\\\/pood\\\/poduszki\\\/poduszka-z-puchu-kaczego\\\/#primaryimage\",\"url\":\"https:\\\/\\\/aztex.ee\\\/wp-content\\\/uploads\\\/2025\\\/09\\\/Pardisulgedest-padi.jpg\",\"contentUrl\":\"https:\\\/\\\/aztex.ee\\\/wp-content\\\/uploads\\\/2025\\\/09\\\/Pardisulgedest-padi.jpg\",\"width\":800,\"height\":800,\"caption\":\"Pardisulgedest padi\"},{\"@type\":\"BreadcrumbList\",\"@id\":\"https:\\\/\\\/aztex.ee\\\/pl\\\/pood\\\/poduszki\\\/poduszka-z-puchu-kaczego\\\/#breadcrumb\",\"itemListElement\":[{\"@type\":\"ListItem\",\"position\":1,\"name\":\"Strona g\u0142\u00f3wna\",\"item\":\"https:\\\/\\\/aztex.ee\\\/pl\\\/\"},{\"@type\":\"ListItem\",\"position\":2,\"name\":\"Sklep\",\"item\":\"https:\\\/\\\/aztex.ee\\\/pl\\\/sklep\\\/\"},{\"@type\":\"ListItem\",\"position\":3,\"name\":\"Poduszka z puchu kaczego\"}]},{\"@type\":\"WebSite\",\"@id\":\"https:\\\/\\\/aztex.ee\\\/pl\\\/#website\",\"url\":\"https:\\\/\\\/aztex.ee\\\/pl\\\/\",\"name\":\"AZTEX\",\"description\":\"\",\"publisher\":{\"@id\":\"https:\\\/\\\/aztex.ee\\\/pl\\\/#organization\"},\"potentialAction\":[{\"@type\":\"SearchAction\",\"target\":{\"@type\":\"EntryPoint\",\"urlTemplate\":\"https:\\\/\\\/aztex.ee\\\/pl\\\/?s={search_term_string}\"},\"query-input\":{\"@type\":\"PropertyValueSpecification\",\"valueRequired\":true,\"valueName\":\"search_term_string\"}}],\"inLanguage\":\"pl-PL\"},{\"@type\":\"Organization\",\"@id\":\"https:\\\/\\\/aztex.ee\\\/pl\\\/#organization\",\"name\":\"AZTEX\",\"url\":\"https:\\\/\\\/aztex.ee\\\/pl\\\/\",\"logo\":{\"@type\":\"ImageObject\",\"inLanguage\":\"pl-PL\",\"@id\":\"https:\\\/\\\/aztex.ee\\\/pl\\\/#\\\/schema\\\/logo\\\/image\\\/\",\"url\":\"https:\\\/\\\/aztex.ee\\\/wp-content\\\/uploads\\\/2026\\\/01\\\/AZTEX.png\",\"contentUrl\":\"https:\\\/\\\/aztex.ee\\\/wp-content\\\/uploads\\\/2026\\\/01\\\/AZTEX.png\",\"width\":500,\"height\":500,\"caption\":\"AZTEX\"},\"image\":{\"@id\":\"https:\\\/\\\/aztex.ee\\\/pl\\\/#\\\/schema\\\/logo\\\/image\\\/\"},\"sameAs\":[\"https:\\\/\\\/www.facebook.com\\\/AztexEE\",\"https:\\\/\\\/www.instagram.com\\\/aztexeesti\\\/\",\"https:\\\/\\\/www.youtube.com\\\/@AZTEXEE\",\"https:\\\/\\\/www.pinterest.com\\\/aztex_eesti\\\/\",\"https:\\\/\\\/www.tiktok.com\\\/@aztexeesti\",\"https:\\\/\\\/www.trustpilot.com\\\/review\\\/aztex.ee\",\"https:\\\/\\\/www.linkedin.com\\\/company\\\/aztex-ee\\\/\",\"https:\\\/\\\/www.wikidata.org\\\/wiki\\\/Q137560182\"]}]}<\/script>\n<!-- \/ Yoast SEO plugin. -->","yoast_head_json":{"title":"Poduszka z puchu kaczego | AZTEX","description":"Mi\u0119kka, oddychaj\u0105ca i trwa\u0142a, ta poduszka z puchu kaczego zapewnia spokojny i komfortowy sen ka\u017cdej nocy. Ekologiczny i naturalny materia\u0142 jest mi\u0119kki, zachowuje sw\u00f3j kszta\u0142t i jest trwa\u0142y.","robots":{"index":"index","follow":"follow","max-snippet":"max-snippet:-1","max-image-preview":"max-image-preview:large","max-video-preview":"max-video-preview:-1"},"canonical":"https:\/\/aztex.ee\/pl\/pood\/poduszki\/poduszka-z-puchu-kaczego\/","og_locale":"pl_PL","og_type":"article","og_title":"Poduszka z puchu kaczego | AZTEX","og_description":"Mi\u0119kka, oddychaj\u0105ca i trwa\u0142a, ta poduszka z puchu kaczego zapewnia spokojny i komfortowy sen ka\u017cdej nocy. Ekologiczny i naturalny materia\u0142 jest mi\u0119kki, zachowuje sw\u00f3j kszta\u0142t i jest trwa\u0142y.","og_url":"https:\/\/aztex.ee\/pl\/pood\/poduszki\/poduszka-z-puchu-kaczego\/","og_site_name":"AZTEX","article_publisher":"https:\/\/www.facebook.com\/AztexEE","article_modified_time":"2026-04-08T10:43:53+00:00","og_image":[{"width":800,"height":800,"url":"https:\/\/aztex.ee\/wp-content\/uploads\/2025\/09\/Pardisulgedest-padi.jpg","type":"image\/jpeg"}],"twitter_card":"summary_large_image","twitter_misc":{"Szacowany czas czytania":"2 minuty"},"schema":{"@context":"https:\/\/schema.org","@graph":[{"@type":["WebPage","ItemPage"],"@id":"https:\/\/aztex.ee\/pl\/pood\/poduszki\/poduszka-z-puchu-kaczego\/","url":"https:\/\/aztex.ee\/pl\/pood\/poduszki\/poduszka-z-puchu-kaczego\/","name":"Poduszka z puchu kaczego | AZTEX","isPartOf":{"@id":"https:\/\/aztex.ee\/pl\/#website"},"primaryImageOfPage":{"@id":"https:\/\/aztex.ee\/pl\/pood\/poduszki\/poduszka-z-puchu-kaczego\/#primaryimage"},"image":{"@id":"https:\/\/aztex.ee\/pl\/pood\/poduszki\/poduszka-z-puchu-kaczego\/#primaryimage"},"thumbnailUrl":"https:\/\/aztex.ee\/wp-content\/uploads\/2025\/09\/Pardisulgedest-padi.jpg","datePublished":"2025-09-15T09:06:50+00:00","dateModified":"2026-04-08T10:43:53+00:00","description":"Mi\u0119kka, oddychaj\u0105ca i trwa\u0142a, ta poduszka z puchu kaczego zapewnia spokojny i komfortowy sen ka\u017cdej nocy. Ekologiczny i naturalny materia\u0142 jest mi\u0119kki, zachowuje sw\u00f3j kszta\u0142t i jest trwa\u0142y.","breadcrumb":{"@id":"https:\/\/aztex.ee\/pl\/pood\/poduszki\/poduszka-z-puchu-kaczego\/#breadcrumb"},"inLanguage":"pl-PL","potentialAction":[{"@type":"ReadAction","target":["https:\/\/aztex.ee\/pl\/pood\/poduszki\/poduszka-z-puchu-kaczego\/"]}]},{"@type":"ImageObject","inLanguage":"pl-PL","@id":"https:\/\/aztex.ee\/pl\/pood\/poduszki\/poduszka-z-puchu-kaczego\/#primaryimage","url":"https:\/\/aztex.ee\/wp-content\/uploads\/2025\/09\/Pardisulgedest-padi.jpg","contentUrl":"https:\/\/aztex.ee\/wp-content\/uploads\/2025\/09\/Pardisulgedest-padi.jpg","width":800,"height":800,"caption":"Pardisulgedest padi"},{"@type":"BreadcrumbList","@id":"https:\/\/aztex.ee\/pl\/pood\/poduszki\/poduszka-z-puchu-kaczego\/#breadcrumb","itemListElement":[{"@type":"ListItem","position":1,"name":"Strona g\u0142\u00f3wna","item":"https:\/\/aztex.ee\/pl\/"},{"@type":"ListItem","position":2,"name":"Sklep","item":"https:\/\/aztex.ee\/pl\/sklep\/"},{"@type":"ListItem","position":3,"name":"Poduszka z puchu kaczego"}]},{"@type":"WebSite","@id":"https:\/\/aztex.ee\/pl\/#website","url":"https:\/\/aztex.ee\/pl\/","name":"AZTEX","description":"","publisher":{"@id":"https:\/\/aztex.ee\/pl\/#organization"},"potentialAction":[{"@type":"SearchAction","target":{"@type":"EntryPoint","urlTemplate":"https:\/\/aztex.ee\/pl\/?s={search_term_string}"},"query-input":{"@type":"PropertyValueSpecification","valueRequired":true,"valueName":"search_term_string"}}],"inLanguage":"pl-PL"},{"@type":"Organization","@id":"https:\/\/aztex.ee\/pl\/#organization","name":"AZTEX","url":"https:\/\/aztex.ee\/pl\/","logo":{"@type":"ImageObject","inLanguage":"pl-PL","@id":"https:\/\/aztex.ee\/pl\/#\/schema\/logo\/image\/","url":"https:\/\/aztex.ee\/wp-content\/uploads\/2026\/01\/AZTEX.png","contentUrl":"https:\/\/aztex.ee\/wp-content\/uploads\/2026\/01\/AZTEX.png","width":500,"height":500,"caption":"AZTEX"},"image":{"@id":"https:\/\/aztex.ee\/pl\/#\/schema\/logo\/image\/"},"sameAs":["https:\/\/www.facebook.com\/AztexEE","https:\/\/www.instagram.com\/aztexeesti\/","https:\/\/www.youtube.com\/@AZTEXEE","https:\/\/www.pinterest.com\/aztex_eesti\/","https:\/\/www.tiktok.com\/@aztexeesti","https:\/\/www.trustpilot.com\/review\/aztex.ee","https:\/\/www.linkedin.com\/company\/aztex-ee\/","https:\/\/www.wikidata.org\/wiki\/Q137560182"]}]}},"_links":{"self":[{"href":"https:\/\/aztex.ee\/pl\/wp-json\/wp\/v2\/product\/94490","targetHints":{"allow":["GET"]}}],"collection":[{"href":"https:\/\/aztex.ee\/pl\/wp-json\/wp\/v2\/product"}],"about":[{"href":"https:\/\/aztex.ee\/pl\/wp-json\/wp\/v2\/types\/product"}],"replies":[{"embeddable":true,"href":"https:\/\/aztex.ee\/pl\/wp-json\/wp\/v2\/comments?post=94490"}],"version-history":[{"count":0,"href":"https:\/\/aztex.ee\/pl\/wp-json\/wp\/v2\/product\/94490\/revisions"}],"wp:featuredmedia":[{"embeddable":true,"href":"https:\/\/aztex.ee\/pl\/wp-json\/wp\/v2\/media\/94567"}],"wp:attachment":[{"href":"https:\/\/aztex.ee\/pl\/wp-json\/wp\/v2\/media?parent=94490"}],"wp:term":[{"taxonomy":"product_brand","embeddable":true,"href":"https:\/\/aztex.ee\/pl\/wp-json\/wp\/v2\/product_brand?post=94490"},{"taxonomy":"product_cat","embeddable":true,"href":"https:\/\/aztex.ee\/pl\/wp-json\/wp\/v2\/product_cat?post=94490"},{"taxonomy":"product_tag","embeddable":true,"href":"https:\/\/aztex.ee\/pl\/wp-json\/wp\/v2\/product_tag?post=94490"}],"curies":[{"name":"wp","href":"https:\/\/api.w.org\/{rel}","templated":true}]}}