{"id":92553,"date":"2025-08-19T22:48:27","date_gmt":"2025-08-19T22:48:27","guid":{"rendered":"https:\/\/aztex.ee\/?post_type=product&#038;p=92553"},"modified":"2026-01-14T15:27:34","modified_gmt":"2026-01-14T15:27:34","slug":"konopne-poszewki-na-poduszke-bordowy","status":"publish","type":"product","link":"https:\/\/aztex.ee\/pl\/pood\/poszewki-na-poduszki-z-konopi\/konopne-poszewki-na-poduszke-bordowy\/","title":{"rendered":"Konopne poszewki na poduszk\u0119 | Bordowy"},"content":{"rendered":"<p>Poszewka na poduszk\u0119 z konopi dodaje luksusowego i nowoczesnego wygl\u0105du ka\u017cdej sypialni dzi\u0119ki naturalno\u015bci konopi. Materia\u0142 ten zapewnia trwa\u0142o\u015b\u0107 i d\u0142ugowieczno\u015b\u0107 poszewki na poduszk\u0119, co czyni j\u0105 doskona\u0142ym wyborem dla os\u00f3b, kt\u00f3re preferuj\u0105 ekologiczny styl \u017cycia.<\/p>\n<p>U\u017cywanie poszewki konopnej wspomaga dobry sen i poprawia og\u00f3lne samopoczucie. Antybakteryjne i antyalergiczne w\u0142a\u015bciwo\u015bci konopi sprawiaj\u0105, \u017ce jest to idealny wyb\u00f3r dla alergik\u00f3w i os\u00f3b cierpi\u0105cych na astm\u0119, poniewa\u017c konopie odpychaj\u0105 bakterie i utrzymuj\u0105 poszewk\u0119 w czysto\u015bci na d\u0142u\u017cej.<\/p>\n","protected":false},"excerpt":{"rendered":"<p>Poszewka na poduszk\u0119 wykonana z konopi to trwa\u0142y, oddychaj\u0105cy i przyjazny dla sk\u00f3ry wyb\u00f3r, zapewniaj\u0105cy komfortowy sen.<\/p>\n<ul>\n<li>Kolor: Bordowy<\/li>\n<li>Materia\u0142: 100% Konopi, 180 g\/m2<\/li>\n<\/ul>\n<p><img loading=\"lazy\" decoding=\"async\" class=\"alignnone size-full wp-image-20226\" src=\"https:\/\/aztex.ee\/wp-content\/uploads\/2024\/09\/oekotex100.png\" alt=\"\" width=\"204\" height=\"72\" srcset=\"https:\/\/aztex.ee\/wp-content\/uploads\/2024\/09\/oekotex100.png 204w, https:\/\/aztex.ee\/wp-content\/uploads\/2024\/09\/oekotex100-150x53.png 150w\" sizes=\"auto, (max-width: 204px) 100vw, 204px\" \/><img loading=\"lazy\" decoding=\"async\" class=\"alignnone wp-image-20896\" src=\"https:\/\/aztex.ee\/wp-content\/uploads\/2024\/09\/NATURALHEMP.png\" alt=\"\" width=\"79\" height=\"79\" srcset=\"https:\/\/aztex.ee\/wp-content\/uploads\/2024\/09\/NATURALHEMP.png 300w, https:\/\/aztex.ee\/wp-content\/uploads\/2024\/09\/NATURALHEMP-150x150.png 150w\" sizes=\"auto, (max-width: 79px) 100vw, 79px\" \/><\/p>\n","protected":false},"featured_media":92598,"comment_status":"open","ping_status":"closed","template":"","meta":[],"product_brand":[],"product_cat":[1783,641],"product_tag":[],"class_list":{"0":"post-92553","1":"product","2":"type-product","3":"status-publish","4":"has-post-thumbnail","6":"product_cat-poszewki-na-poduszki","7":"product_cat-poszewki-na-poduszki-z-konopi","9":"first","10":"instock","11":"shipping-taxable","12":"purchasable","13":"product-type-variable"},"yoast_head":"<!-- This site is optimized with the Yoast SEO plugin v27.3 - https:\/\/yoast.com\/product\/yoast-seo-wordpress\/ -->\n<title>Poszewka na poduszk\u0119 z konopi organicznych - Bordowy | AZTEX<\/title>\n<meta name=\"description\" content=\"Poszewka na poduszk\u0119 z konopi jest naturalna, mi\u0119kka, oddychaj\u0105ca i trwa\u0142a. Wnosi elegancj\u0119 i naturalny komfort do sypialni, sprawiaj\u0105c, \u017ce ka\u017cda chwila snu b\u0119dzie orze\u017awiaj\u0105ca.\" \/>\n<meta name=\"robots\" content=\"index, follow, max-snippet:-1, max-image-preview:large, max-video-preview:-1\" \/>\n<link rel=\"canonical\" href=\"https:\/\/aztex.ee\/pl\/pood\/poszewki-na-poduszki-z-konopi\/konopne-poszewki-na-poduszke-bordowy\/\" \/>\n<meta property=\"og:locale\" content=\"pl_PL\" \/>\n<meta property=\"og:type\" content=\"article\" \/>\n<meta property=\"og:title\" content=\"Poszewka na poduszk\u0119 z konopi organicznych - Bordowy | AZTEX\" \/>\n<meta property=\"og:description\" content=\"Poszewka na poduszk\u0119 z konopi jest naturalna, mi\u0119kka, oddychaj\u0105ca i trwa\u0142a. Wnosi elegancj\u0119 i naturalny komfort do sypialni, sprawiaj\u0105c, \u017ce ka\u017cda chwila snu b\u0119dzie orze\u017awiaj\u0105ca.\" \/>\n<meta property=\"og:url\" content=\"https:\/\/aztex.ee\/pl\/pood\/poszewki-na-poduszki-z-konopi\/konopne-poszewki-na-poduszke-bordowy\/\" \/>\n<meta property=\"og:site_name\" content=\"AZTEX\" \/>\n<meta property=\"article:publisher\" content=\"https:\/\/www.facebook.com\/AztexEE\" \/>\n<meta property=\"article:modified_time\" content=\"2026-01-14T15:27:34+00:00\" \/>\n<meta property=\"og:image\" content=\"https:\/\/aztex.ee\/wp-content\/uploads\/2025\/08\/Kanepist-padjapuur-Burgundia.jpg\" \/>\n\t<meta property=\"og:image:width\" content=\"800\" \/>\n\t<meta property=\"og:image:height\" content=\"800\" \/>\n\t<meta property=\"og:image:type\" content=\"image\/jpeg\" \/>\n<meta name=\"twitter:card\" content=\"summary_large_image\" \/>\n<meta name=\"twitter:label1\" content=\"Szacowany czas czytania\" \/>\n\t<meta name=\"twitter:data1\" content=\"1 minuta\" \/>\n<script type=\"application\/ld+json\" class=\"yoast-schema-graph\">{\"@context\":\"https:\\\/\\\/schema.org\",\"@graph\":[{\"@type\":[\"WebPage\",\"ItemPage\"],\"@id\":\"https:\\\/\\\/aztex.ee\\\/pl\\\/pood\\\/poszewki-na-poduszki-z-konopi\\\/konopne-poszewki-na-poduszke-bordowy\\\/\",\"url\":\"https:\\\/\\\/aztex.ee\\\/pl\\\/pood\\\/poszewki-na-poduszki-z-konopi\\\/konopne-poszewki-na-poduszke-bordowy\\\/\",\"name\":\"Poszewka na poduszk\u0119 z konopi organicznych - Bordowy | AZTEX\",\"isPartOf\":{\"@id\":\"https:\\\/\\\/aztex.ee\\\/pl\\\/#website\"},\"primaryImageOfPage\":{\"@id\":\"https:\\\/\\\/aztex.ee\\\/pl\\\/pood\\\/poszewki-na-poduszki-z-konopi\\\/konopne-poszewki-na-poduszke-bordowy\\\/#primaryimage\"},\"image\":{\"@id\":\"https:\\\/\\\/aztex.ee\\\/pl\\\/pood\\\/poszewki-na-poduszki-z-konopi\\\/konopne-poszewki-na-poduszke-bordowy\\\/#primaryimage\"},\"thumbnailUrl\":\"https:\\\/\\\/aztex.ee\\\/wp-content\\\/uploads\\\/2025\\\/08\\\/Kanepist-padjapuur-Burgundia.jpg\",\"datePublished\":\"2025-08-19T22:48:27+00:00\",\"dateModified\":\"2026-01-14T15:27:34+00:00\",\"description\":\"Poszewka na poduszk\u0119 z konopi jest naturalna, mi\u0119kka, oddychaj\u0105ca i trwa\u0142a. Wnosi elegancj\u0119 i naturalny komfort do sypialni, sprawiaj\u0105c, \u017ce ka\u017cda chwila snu b\u0119dzie orze\u017awiaj\u0105ca.\",\"breadcrumb\":{\"@id\":\"https:\\\/\\\/aztex.ee\\\/pl\\\/pood\\\/poszewki-na-poduszki-z-konopi\\\/konopne-poszewki-na-poduszke-bordowy\\\/#breadcrumb\"},\"inLanguage\":\"pl-PL\",\"potentialAction\":[{\"@type\":\"ReadAction\",\"target\":[\"https:\\\/\\\/aztex.ee\\\/pl\\\/pood\\\/poszewki-na-poduszki-z-konopi\\\/konopne-poszewki-na-poduszke-bordowy\\\/\"]}]},{\"@type\":\"ImageObject\",\"inLanguage\":\"pl-PL\",\"@id\":\"https:\\\/\\\/aztex.ee\\\/pl\\\/pood\\\/poszewki-na-poduszki-z-konopi\\\/konopne-poszewki-na-poduszke-bordowy\\\/#primaryimage\",\"url\":\"https:\\\/\\\/aztex.ee\\\/wp-content\\\/uploads\\\/2025\\\/08\\\/Kanepist-padjapuur-Burgundia.jpg\",\"contentUrl\":\"https:\\\/\\\/aztex.ee\\\/wp-content\\\/uploads\\\/2025\\\/08\\\/Kanepist-padjapuur-Burgundia.jpg\",\"width\":800,\"height\":800,\"caption\":\"Kanepist padjap\u00fc\u00fcr Burgundia\"},{\"@type\":\"BreadcrumbList\",\"@id\":\"https:\\\/\\\/aztex.ee\\\/pl\\\/pood\\\/poszewki-na-poduszki-z-konopi\\\/konopne-poszewki-na-poduszke-bordowy\\\/#breadcrumb\",\"itemListElement\":[{\"@type\":\"ListItem\",\"position\":1,\"name\":\"Strona g\u0142\u00f3wna\",\"item\":\"https:\\\/\\\/aztex.ee\\\/pl\\\/\"},{\"@type\":\"ListItem\",\"position\":2,\"name\":\"Sklep\",\"item\":\"https:\\\/\\\/aztex.ee\\\/pl\\\/sklep\\\/\"},{\"@type\":\"ListItem\",\"position\":3,\"name\":\"Konopne poszewki na poduszk\u0119 | Bordowy\"}]},{\"@type\":\"WebSite\",\"@id\":\"https:\\\/\\\/aztex.ee\\\/pl\\\/#website\",\"url\":\"https:\\\/\\\/aztex.ee\\\/pl\\\/\",\"name\":\"AZTEX\",\"description\":\"\",\"publisher\":{\"@id\":\"https:\\\/\\\/aztex.ee\\\/pl\\\/#organization\"},\"potentialAction\":[{\"@type\":\"SearchAction\",\"target\":{\"@type\":\"EntryPoint\",\"urlTemplate\":\"https:\\\/\\\/aztex.ee\\\/pl\\\/?s={search_term_string}\"},\"query-input\":{\"@type\":\"PropertyValueSpecification\",\"valueRequired\":true,\"valueName\":\"search_term_string\"}}],\"inLanguage\":\"pl-PL\"},{\"@type\":\"Organization\",\"@id\":\"https:\\\/\\\/aztex.ee\\\/pl\\\/#organization\",\"name\":\"AZTEX\",\"url\":\"https:\\\/\\\/aztex.ee\\\/pl\\\/\",\"logo\":{\"@type\":\"ImageObject\",\"inLanguage\":\"pl-PL\",\"@id\":\"https:\\\/\\\/aztex.ee\\\/pl\\\/#\\\/schema\\\/logo\\\/image\\\/\",\"url\":\"https:\\\/\\\/aztex.ee\\\/wp-content\\\/uploads\\\/2026\\\/01\\\/AZTEX.png\",\"contentUrl\":\"https:\\\/\\\/aztex.ee\\\/wp-content\\\/uploads\\\/2026\\\/01\\\/AZTEX.png\",\"width\":500,\"height\":500,\"caption\":\"AZTEX\"},\"image\":{\"@id\":\"https:\\\/\\\/aztex.ee\\\/pl\\\/#\\\/schema\\\/logo\\\/image\\\/\"},\"sameAs\":[\"https:\\\/\\\/www.facebook.com\\\/AztexEE\",\"https:\\\/\\\/www.instagram.com\\\/aztexeesti\\\/\",\"https:\\\/\\\/www.youtube.com\\\/@AZTEXEE\",\"https:\\\/\\\/www.pinterest.com\\\/aztex_eesti\\\/\",\"https:\\\/\\\/www.tiktok.com\\\/@aztexeesti\",\"https:\\\/\\\/www.trustpilot.com\\\/review\\\/aztex.ee\",\"https:\\\/\\\/www.linkedin.com\\\/company\\\/aztex-ee\\\/\",\"https:\\\/\\\/www.wikidata.org\\\/wiki\\\/Q137560182\"]}]}<\/script>\n<!-- \/ Yoast SEO plugin. -->","yoast_head_json":{"title":"Poszewka na poduszk\u0119 z konopi organicznych - Bordowy | AZTEX","description":"Poszewka na poduszk\u0119 z konopi jest naturalna, mi\u0119kka, oddychaj\u0105ca i trwa\u0142a. Wnosi elegancj\u0119 i naturalny komfort do sypialni, sprawiaj\u0105c, \u017ce ka\u017cda chwila snu b\u0119dzie orze\u017awiaj\u0105ca.","robots":{"index":"index","follow":"follow","max-snippet":"max-snippet:-1","max-image-preview":"max-image-preview:large","max-video-preview":"max-video-preview:-1"},"canonical":"https:\/\/aztex.ee\/pl\/pood\/poszewki-na-poduszki-z-konopi\/konopne-poszewki-na-poduszke-bordowy\/","og_locale":"pl_PL","og_type":"article","og_title":"Poszewka na poduszk\u0119 z konopi organicznych - Bordowy | AZTEX","og_description":"Poszewka na poduszk\u0119 z konopi jest naturalna, mi\u0119kka, oddychaj\u0105ca i trwa\u0142a. Wnosi elegancj\u0119 i naturalny komfort do sypialni, sprawiaj\u0105c, \u017ce ka\u017cda chwila snu b\u0119dzie orze\u017awiaj\u0105ca.","og_url":"https:\/\/aztex.ee\/pl\/pood\/poszewki-na-poduszki-z-konopi\/konopne-poszewki-na-poduszke-bordowy\/","og_site_name":"AZTEX","article_publisher":"https:\/\/www.facebook.com\/AztexEE","article_modified_time":"2026-01-14T15:27:34+00:00","og_image":[{"width":800,"height":800,"url":"https:\/\/aztex.ee\/wp-content\/uploads\/2025\/08\/Kanepist-padjapuur-Burgundia.jpg","type":"image\/jpeg"}],"twitter_card":"summary_large_image","twitter_misc":{"Szacowany czas czytania":"1 minuta"},"schema":{"@context":"https:\/\/schema.org","@graph":[{"@type":["WebPage","ItemPage"],"@id":"https:\/\/aztex.ee\/pl\/pood\/poszewki-na-poduszki-z-konopi\/konopne-poszewki-na-poduszke-bordowy\/","url":"https:\/\/aztex.ee\/pl\/pood\/poszewki-na-poduszki-z-konopi\/konopne-poszewki-na-poduszke-bordowy\/","name":"Poszewka na poduszk\u0119 z konopi organicznych - Bordowy | AZTEX","isPartOf":{"@id":"https:\/\/aztex.ee\/pl\/#website"},"primaryImageOfPage":{"@id":"https:\/\/aztex.ee\/pl\/pood\/poszewki-na-poduszki-z-konopi\/konopne-poszewki-na-poduszke-bordowy\/#primaryimage"},"image":{"@id":"https:\/\/aztex.ee\/pl\/pood\/poszewki-na-poduszki-z-konopi\/konopne-poszewki-na-poduszke-bordowy\/#primaryimage"},"thumbnailUrl":"https:\/\/aztex.ee\/wp-content\/uploads\/2025\/08\/Kanepist-padjapuur-Burgundia.jpg","datePublished":"2025-08-19T22:48:27+00:00","dateModified":"2026-01-14T15:27:34+00:00","description":"Poszewka na poduszk\u0119 z konopi jest naturalna, mi\u0119kka, oddychaj\u0105ca i trwa\u0142a. Wnosi elegancj\u0119 i naturalny komfort do sypialni, sprawiaj\u0105c, \u017ce ka\u017cda chwila snu b\u0119dzie orze\u017awiaj\u0105ca.","breadcrumb":{"@id":"https:\/\/aztex.ee\/pl\/pood\/poszewki-na-poduszki-z-konopi\/konopne-poszewki-na-poduszke-bordowy\/#breadcrumb"},"inLanguage":"pl-PL","potentialAction":[{"@type":"ReadAction","target":["https:\/\/aztex.ee\/pl\/pood\/poszewki-na-poduszki-z-konopi\/konopne-poszewki-na-poduszke-bordowy\/"]}]},{"@type":"ImageObject","inLanguage":"pl-PL","@id":"https:\/\/aztex.ee\/pl\/pood\/poszewki-na-poduszki-z-konopi\/konopne-poszewki-na-poduszke-bordowy\/#primaryimage","url":"https:\/\/aztex.ee\/wp-content\/uploads\/2025\/08\/Kanepist-padjapuur-Burgundia.jpg","contentUrl":"https:\/\/aztex.ee\/wp-content\/uploads\/2025\/08\/Kanepist-padjapuur-Burgundia.jpg","width":800,"height":800,"caption":"Kanepist padjap\u00fc\u00fcr Burgundia"},{"@type":"BreadcrumbList","@id":"https:\/\/aztex.ee\/pl\/pood\/poszewki-na-poduszki-z-konopi\/konopne-poszewki-na-poduszke-bordowy\/#breadcrumb","itemListElement":[{"@type":"ListItem","position":1,"name":"Strona g\u0142\u00f3wna","item":"https:\/\/aztex.ee\/pl\/"},{"@type":"ListItem","position":2,"name":"Sklep","item":"https:\/\/aztex.ee\/pl\/sklep\/"},{"@type":"ListItem","position":3,"name":"Konopne poszewki na poduszk\u0119 | Bordowy"}]},{"@type":"WebSite","@id":"https:\/\/aztex.ee\/pl\/#website","url":"https:\/\/aztex.ee\/pl\/","name":"AZTEX","description":"","publisher":{"@id":"https:\/\/aztex.ee\/pl\/#organization"},"potentialAction":[{"@type":"SearchAction","target":{"@type":"EntryPoint","urlTemplate":"https:\/\/aztex.ee\/pl\/?s={search_term_string}"},"query-input":{"@type":"PropertyValueSpecification","valueRequired":true,"valueName":"search_term_string"}}],"inLanguage":"pl-PL"},{"@type":"Organization","@id":"https:\/\/aztex.ee\/pl\/#organization","name":"AZTEX","url":"https:\/\/aztex.ee\/pl\/","logo":{"@type":"ImageObject","inLanguage":"pl-PL","@id":"https:\/\/aztex.ee\/pl\/#\/schema\/logo\/image\/","url":"https:\/\/aztex.ee\/wp-content\/uploads\/2026\/01\/AZTEX.png","contentUrl":"https:\/\/aztex.ee\/wp-content\/uploads\/2026\/01\/AZTEX.png","width":500,"height":500,"caption":"AZTEX"},"image":{"@id":"https:\/\/aztex.ee\/pl\/#\/schema\/logo\/image\/"},"sameAs":["https:\/\/www.facebook.com\/AztexEE","https:\/\/www.instagram.com\/aztexeesti\/","https:\/\/www.youtube.com\/@AZTEXEE","https:\/\/www.pinterest.com\/aztex_eesti\/","https:\/\/www.tiktok.com\/@aztexeesti","https:\/\/www.trustpilot.com\/review\/aztex.ee","https:\/\/www.linkedin.com\/company\/aztex-ee\/","https:\/\/www.wikidata.org\/wiki\/Q137560182"]}]}},"_links":{"self":[{"href":"https:\/\/aztex.ee\/pl\/wp-json\/wp\/v2\/product\/92553","targetHints":{"allow":["GET"]}}],"collection":[{"href":"https:\/\/aztex.ee\/pl\/wp-json\/wp\/v2\/product"}],"about":[{"href":"https:\/\/aztex.ee\/pl\/wp-json\/wp\/v2\/types\/product"}],"replies":[{"embeddable":true,"href":"https:\/\/aztex.ee\/pl\/wp-json\/wp\/v2\/comments?post=92553"}],"version-history":[{"count":0,"href":"https:\/\/aztex.ee\/pl\/wp-json\/wp\/v2\/product\/92553\/revisions"}],"wp:featuredmedia":[{"embeddable":true,"href":"https:\/\/aztex.ee\/pl\/wp-json\/wp\/v2\/media\/92598"}],"wp:attachment":[{"href":"https:\/\/aztex.ee\/pl\/wp-json\/wp\/v2\/media?parent=92553"}],"wp:term":[{"taxonomy":"product_brand","embeddable":true,"href":"https:\/\/aztex.ee\/pl\/wp-json\/wp\/v2\/product_brand?post=92553"},{"taxonomy":"product_cat","embeddable":true,"href":"https:\/\/aztex.ee\/pl\/wp-json\/wp\/v2\/product_cat?post=92553"},{"taxonomy":"product_tag","embeddable":true,"href":"https:\/\/aztex.ee\/pl\/wp-json\/wp\/v2\/product_tag?post=92553"}],"curies":[{"name":"wp","href":"https:\/\/api.w.org\/{rel}","templated":true}]}}