{"id":91652,"date":"2025-08-16T16:03:53","date_gmt":"2025-08-16T16:03:53","guid":{"rendered":"https:\/\/aztex.ee\/?post_type=product&#038;p=91652"},"modified":"2025-08-16T17:12:23","modified_gmt":"2025-08-16T17:12:23","slug":"konopne-przescieradlo-szary","status":"publish","type":"product","link":"https:\/\/aztex.ee\/pl\/pood\/przescieradla-z-konopi\/konopne-przescieradlo-szary\/","title":{"rendered":"Konopne prze\u015bcierad\u0142o | Szary"},"content":{"rendered":"<p>Prze\u015bcierad\u0142o konopne to idealny wyb\u00f3r, kt\u00f3ry \u0142\u0105czy w sobie praktyczno\u015b\u0107, trwa\u0142o\u015b\u0107 i styl w ka\u017cdej sypialni. Naturalna faktura i neutralny kolor tkaniny konopnej tworz\u0105 eleganck\u0105 i rustykaln\u0105 atmosfer\u0119, kt\u00f3ra uzupe\u0142nia r\u00f3\u017cne style wn\u0119trz. Opr\u00f3cz komfortu, prze\u015bcierad\u0142o konopne jest r\u00f3wnie\u017c antyalergiczne i antybakteryjne, oferuj\u0105c oddychaj\u0105cy i zdrowy sen przez ca\u0142\u0105 noc.<\/p>\n<p>Po\u015bciel konopna jest \u0142atwa w piel\u0119gnacji \u2013 mo\u017cna j\u0105 pra\u0107 w pralce i zachowuje swoj\u0105 jako\u015b\u0107 nawet po wielu praniach. W\u0142\u00f3kna konopne szybko schn\u0105, co jest idealn\u0105 cech\u0105 dla os\u00f3b ceni\u0105cych praktyczno\u015b\u0107 i wygod\u0119. Ponadto konopie s\u0105 materia\u0142em przyjaznym dla \u015brodowiska, poniewa\u017c ich uprawa jest przyjazna dla \u015brodowiska i zr\u00f3wnowa\u017cona, co sprawia, \u017ce \u200b\u200bpo\u015bciel konopna jest ekologicznym i przyjaznym dla natury wyborem.<\/p>\n","protected":false},"excerpt":{"rendered":"<p>Prze\u015bcierad\u0142o wykonane w 100% z konopi jest hipoalergiczne i antybakteryjne.<\/p>\n<ul>\n<li>Kolor: Szary<\/li>\n<li>Materia\u0142: 100% konopi, 180 g\/m2<\/li>\n<li>Rozmiar: 220\u00d7240 cm<\/li>\n<\/ul>\n<p><img loading=\"lazy\" decoding=\"async\" class=\"alignnone size-full wp-image-20226\" src=\"https:\/\/aztex.ee\/wp-content\/uploads\/2024\/09\/oekotex100.png\" alt=\"\" width=\"204\" height=\"72\" srcset=\"https:\/\/aztex.ee\/wp-content\/uploads\/2024\/09\/oekotex100.png 204w, https:\/\/aztex.ee\/wp-content\/uploads\/2024\/09\/oekotex100-150x53.png 150w\" sizes=\"auto, (max-width: 204px) 100vw, 204px\" \/><img loading=\"lazy\" decoding=\"async\" class=\"alignnone wp-image-20896\" src=\"https:\/\/aztex.ee\/wp-content\/uploads\/2024\/09\/NATURALHEMP.png\" alt=\"\" width=\"79\" height=\"79\" srcset=\"https:\/\/aztex.ee\/wp-content\/uploads\/2024\/09\/NATURALHEMP.png 300w, https:\/\/aztex.ee\/wp-content\/uploads\/2024\/09\/NATURALHEMP-150x150.png 150w\" sizes=\"auto, (max-width: 79px) 100vw, 79px\" \/><\/p>\n","protected":false},"featured_media":91673,"comment_status":"open","ping_status":"closed","template":"","meta":[],"product_brand":[],"product_cat":[1804,644],"product_tag":[],"class_list":{"0":"post-91652","1":"product","2":"type-product","3":"status-publish","4":"has-post-thumbnail","6":"product_cat-przescieradla","7":"product_cat-przescieradla-z-konopi","9":"first","10":"instock","11":"shipping-taxable","12":"purchasable","13":"product-type-simple"},"yoast_head":"<!-- This site is optimized with the Yoast SEO plugin v27.3 - https:\/\/yoast.com\/product\/yoast-seo-wordpress\/ -->\n<title>Organiczne prze\u015bcierad\u0142a konopne - Szary | AZTEX<\/title>\n<meta name=\"description\" content=\"Po\u015bciel konopna jest naturalna, oddychaj\u0105ca, antybakteryjna i trwa\u0142a. Ekologiczna i wysokiej jako\u015bci po\u015bciel zapewnia komfort, \u015bwie\u017co\u015b\u0107, spokojny sen i zdrowy sen ka\u017cdej nocy.\" \/>\n<meta name=\"robots\" content=\"index, follow, max-snippet:-1, max-image-preview:large, max-video-preview:-1\" \/>\n<link rel=\"canonical\" href=\"https:\/\/aztex.ee\/pl\/pood\/przescieradla-z-konopi\/konopne-przescieradlo-szary\/\" \/>\n<meta property=\"og:locale\" content=\"pl_PL\" \/>\n<meta property=\"og:type\" content=\"article\" \/>\n<meta property=\"og:title\" content=\"Organiczne prze\u015bcierad\u0142a konopne - Szary | AZTEX\" \/>\n<meta property=\"og:description\" content=\"Po\u015bciel konopna jest naturalna, oddychaj\u0105ca, antybakteryjna i trwa\u0142a. Ekologiczna i wysokiej jako\u015bci po\u015bciel zapewnia komfort, \u015bwie\u017co\u015b\u0107, spokojny sen i zdrowy sen ka\u017cdej nocy.\" \/>\n<meta property=\"og:url\" content=\"https:\/\/aztex.ee\/pl\/pood\/przescieradla-z-konopi\/konopne-przescieradlo-szary\/\" \/>\n<meta property=\"og:site_name\" content=\"AZTEX\" \/>\n<meta property=\"article:publisher\" content=\"https:\/\/www.facebook.com\/AztexEE\" \/>\n<meta property=\"article:modified_time\" content=\"2025-08-16T17:12:23+00:00\" \/>\n<meta property=\"og:image\" content=\"https:\/\/aztex.ee\/wp-content\/uploads\/2025\/08\/Kanepist-voodilina-Hall.jpg\" \/>\n\t<meta property=\"og:image:width\" content=\"800\" \/>\n\t<meta property=\"og:image:height\" content=\"800\" \/>\n\t<meta property=\"og:image:type\" content=\"image\/jpeg\" \/>\n<meta name=\"twitter:card\" content=\"summary_large_image\" \/>\n<meta name=\"twitter:label1\" content=\"Szacowany czas czytania\" \/>\n\t<meta name=\"twitter:data1\" content=\"1 minuta\" \/>\n<script type=\"application\/ld+json\" class=\"yoast-schema-graph\">{\"@context\":\"https:\\\/\\\/schema.org\",\"@graph\":[{\"@type\":[\"WebPage\",\"ItemPage\"],\"@id\":\"https:\\\/\\\/aztex.ee\\\/pl\\\/pood\\\/przescieradla-z-konopi\\\/konopne-przescieradlo-szary\\\/\",\"url\":\"https:\\\/\\\/aztex.ee\\\/pl\\\/pood\\\/przescieradla-z-konopi\\\/konopne-przescieradlo-szary\\\/\",\"name\":\"Organiczne prze\u015bcierad\u0142a konopne - Szary | AZTEX\",\"isPartOf\":{\"@id\":\"https:\\\/\\\/aztex.ee\\\/pl\\\/#website\"},\"primaryImageOfPage\":{\"@id\":\"https:\\\/\\\/aztex.ee\\\/pl\\\/pood\\\/przescieradla-z-konopi\\\/konopne-przescieradlo-szary\\\/#primaryimage\"},\"image\":{\"@id\":\"https:\\\/\\\/aztex.ee\\\/pl\\\/pood\\\/przescieradla-z-konopi\\\/konopne-przescieradlo-szary\\\/#primaryimage\"},\"thumbnailUrl\":\"https:\\\/\\\/aztex.ee\\\/wp-content\\\/uploads\\\/2025\\\/08\\\/Kanepist-voodilina-Hall.jpg\",\"datePublished\":\"2025-08-16T16:03:53+00:00\",\"dateModified\":\"2025-08-16T17:12:23+00:00\",\"description\":\"Po\u015bciel konopna jest naturalna, oddychaj\u0105ca, antybakteryjna i trwa\u0142a. Ekologiczna i wysokiej jako\u015bci po\u015bciel zapewnia komfort, \u015bwie\u017co\u015b\u0107, spokojny sen i zdrowy sen ka\u017cdej nocy.\",\"breadcrumb\":{\"@id\":\"https:\\\/\\\/aztex.ee\\\/pl\\\/pood\\\/przescieradla-z-konopi\\\/konopne-przescieradlo-szary\\\/#breadcrumb\"},\"inLanguage\":\"pl-PL\",\"potentialAction\":[{\"@type\":\"ReadAction\",\"target\":[\"https:\\\/\\\/aztex.ee\\\/pl\\\/pood\\\/przescieradla-z-konopi\\\/konopne-przescieradlo-szary\\\/\"]}]},{\"@type\":\"ImageObject\",\"inLanguage\":\"pl-PL\",\"@id\":\"https:\\\/\\\/aztex.ee\\\/pl\\\/pood\\\/przescieradla-z-konopi\\\/konopne-przescieradlo-szary\\\/#primaryimage\",\"url\":\"https:\\\/\\\/aztex.ee\\\/wp-content\\\/uploads\\\/2025\\\/08\\\/Kanepist-voodilina-Hall.jpg\",\"contentUrl\":\"https:\\\/\\\/aztex.ee\\\/wp-content\\\/uploads\\\/2025\\\/08\\\/Kanepist-voodilina-Hall.jpg\",\"width\":800,\"height\":800,\"caption\":\"Kanepist voodilina Hall\"},{\"@type\":\"BreadcrumbList\",\"@id\":\"https:\\\/\\\/aztex.ee\\\/pl\\\/pood\\\/przescieradla-z-konopi\\\/konopne-przescieradlo-szary\\\/#breadcrumb\",\"itemListElement\":[{\"@type\":\"ListItem\",\"position\":1,\"name\":\"Strona g\u0142\u00f3wna\",\"item\":\"https:\\\/\\\/aztex.ee\\\/pl\\\/\"},{\"@type\":\"ListItem\",\"position\":2,\"name\":\"Sklep\",\"item\":\"https:\\\/\\\/aztex.ee\\\/pl\\\/sklep\\\/\"},{\"@type\":\"ListItem\",\"position\":3,\"name\":\"Konopne prze\u015bcierad\u0142o | Szary\"}]},{\"@type\":\"WebSite\",\"@id\":\"https:\\\/\\\/aztex.ee\\\/pl\\\/#website\",\"url\":\"https:\\\/\\\/aztex.ee\\\/pl\\\/\",\"name\":\"AZTEX\",\"description\":\"\",\"publisher\":{\"@id\":\"https:\\\/\\\/aztex.ee\\\/pl\\\/#organization\"},\"potentialAction\":[{\"@type\":\"SearchAction\",\"target\":{\"@type\":\"EntryPoint\",\"urlTemplate\":\"https:\\\/\\\/aztex.ee\\\/pl\\\/?s={search_term_string}\"},\"query-input\":{\"@type\":\"PropertyValueSpecification\",\"valueRequired\":true,\"valueName\":\"search_term_string\"}}],\"inLanguage\":\"pl-PL\"},{\"@type\":\"Organization\",\"@id\":\"https:\\\/\\\/aztex.ee\\\/pl\\\/#organization\",\"name\":\"AZTEX\",\"url\":\"https:\\\/\\\/aztex.ee\\\/pl\\\/\",\"logo\":{\"@type\":\"ImageObject\",\"inLanguage\":\"pl-PL\",\"@id\":\"https:\\\/\\\/aztex.ee\\\/pl\\\/#\\\/schema\\\/logo\\\/image\\\/\",\"url\":\"https:\\\/\\\/aztex.ee\\\/wp-content\\\/uploads\\\/2026\\\/01\\\/AZTEX.png\",\"contentUrl\":\"https:\\\/\\\/aztex.ee\\\/wp-content\\\/uploads\\\/2026\\\/01\\\/AZTEX.png\",\"width\":500,\"height\":500,\"caption\":\"AZTEX\"},\"image\":{\"@id\":\"https:\\\/\\\/aztex.ee\\\/pl\\\/#\\\/schema\\\/logo\\\/image\\\/\"},\"sameAs\":[\"https:\\\/\\\/www.facebook.com\\\/AztexEE\",\"https:\\\/\\\/www.instagram.com\\\/aztexeesti\\\/\",\"https:\\\/\\\/www.youtube.com\\\/@AZTEXEE\",\"https:\\\/\\\/www.pinterest.com\\\/aztex_eesti\\\/\",\"https:\\\/\\\/www.tiktok.com\\\/@aztexeesti\",\"https:\\\/\\\/www.trustpilot.com\\\/review\\\/aztex.ee\",\"https:\\\/\\\/www.linkedin.com\\\/company\\\/aztex-ee\\\/\",\"https:\\\/\\\/www.wikidata.org\\\/wiki\\\/Q137560182\"]}]}<\/script>\n<!-- \/ Yoast SEO plugin. -->","yoast_head_json":{"title":"Organiczne prze\u015bcierad\u0142a konopne - Szary | AZTEX","description":"Po\u015bciel konopna jest naturalna, oddychaj\u0105ca, antybakteryjna i trwa\u0142a. Ekologiczna i wysokiej jako\u015bci po\u015bciel zapewnia komfort, \u015bwie\u017co\u015b\u0107, spokojny sen i zdrowy sen ka\u017cdej nocy.","robots":{"index":"index","follow":"follow","max-snippet":"max-snippet:-1","max-image-preview":"max-image-preview:large","max-video-preview":"max-video-preview:-1"},"canonical":"https:\/\/aztex.ee\/pl\/pood\/przescieradla-z-konopi\/konopne-przescieradlo-szary\/","og_locale":"pl_PL","og_type":"article","og_title":"Organiczne prze\u015bcierad\u0142a konopne - Szary | AZTEX","og_description":"Po\u015bciel konopna jest naturalna, oddychaj\u0105ca, antybakteryjna i trwa\u0142a. Ekologiczna i wysokiej jako\u015bci po\u015bciel zapewnia komfort, \u015bwie\u017co\u015b\u0107, spokojny sen i zdrowy sen ka\u017cdej nocy.","og_url":"https:\/\/aztex.ee\/pl\/pood\/przescieradla-z-konopi\/konopne-przescieradlo-szary\/","og_site_name":"AZTEX","article_publisher":"https:\/\/www.facebook.com\/AztexEE","article_modified_time":"2025-08-16T17:12:23+00:00","og_image":[{"width":800,"height":800,"url":"https:\/\/aztex.ee\/wp-content\/uploads\/2025\/08\/Kanepist-voodilina-Hall.jpg","type":"image\/jpeg"}],"twitter_card":"summary_large_image","twitter_misc":{"Szacowany czas czytania":"1 minuta"},"schema":{"@context":"https:\/\/schema.org","@graph":[{"@type":["WebPage","ItemPage"],"@id":"https:\/\/aztex.ee\/pl\/pood\/przescieradla-z-konopi\/konopne-przescieradlo-szary\/","url":"https:\/\/aztex.ee\/pl\/pood\/przescieradla-z-konopi\/konopne-przescieradlo-szary\/","name":"Organiczne prze\u015bcierad\u0142a konopne - Szary | AZTEX","isPartOf":{"@id":"https:\/\/aztex.ee\/pl\/#website"},"primaryImageOfPage":{"@id":"https:\/\/aztex.ee\/pl\/pood\/przescieradla-z-konopi\/konopne-przescieradlo-szary\/#primaryimage"},"image":{"@id":"https:\/\/aztex.ee\/pl\/pood\/przescieradla-z-konopi\/konopne-przescieradlo-szary\/#primaryimage"},"thumbnailUrl":"https:\/\/aztex.ee\/wp-content\/uploads\/2025\/08\/Kanepist-voodilina-Hall.jpg","datePublished":"2025-08-16T16:03:53+00:00","dateModified":"2025-08-16T17:12:23+00:00","description":"Po\u015bciel konopna jest naturalna, oddychaj\u0105ca, antybakteryjna i trwa\u0142a. Ekologiczna i wysokiej jako\u015bci po\u015bciel zapewnia komfort, \u015bwie\u017co\u015b\u0107, spokojny sen i zdrowy sen ka\u017cdej nocy.","breadcrumb":{"@id":"https:\/\/aztex.ee\/pl\/pood\/przescieradla-z-konopi\/konopne-przescieradlo-szary\/#breadcrumb"},"inLanguage":"pl-PL","potentialAction":[{"@type":"ReadAction","target":["https:\/\/aztex.ee\/pl\/pood\/przescieradla-z-konopi\/konopne-przescieradlo-szary\/"]}]},{"@type":"ImageObject","inLanguage":"pl-PL","@id":"https:\/\/aztex.ee\/pl\/pood\/przescieradla-z-konopi\/konopne-przescieradlo-szary\/#primaryimage","url":"https:\/\/aztex.ee\/wp-content\/uploads\/2025\/08\/Kanepist-voodilina-Hall.jpg","contentUrl":"https:\/\/aztex.ee\/wp-content\/uploads\/2025\/08\/Kanepist-voodilina-Hall.jpg","width":800,"height":800,"caption":"Kanepist voodilina Hall"},{"@type":"BreadcrumbList","@id":"https:\/\/aztex.ee\/pl\/pood\/przescieradla-z-konopi\/konopne-przescieradlo-szary\/#breadcrumb","itemListElement":[{"@type":"ListItem","position":1,"name":"Strona g\u0142\u00f3wna","item":"https:\/\/aztex.ee\/pl\/"},{"@type":"ListItem","position":2,"name":"Sklep","item":"https:\/\/aztex.ee\/pl\/sklep\/"},{"@type":"ListItem","position":3,"name":"Konopne prze\u015bcierad\u0142o | Szary"}]},{"@type":"WebSite","@id":"https:\/\/aztex.ee\/pl\/#website","url":"https:\/\/aztex.ee\/pl\/","name":"AZTEX","description":"","publisher":{"@id":"https:\/\/aztex.ee\/pl\/#organization"},"potentialAction":[{"@type":"SearchAction","target":{"@type":"EntryPoint","urlTemplate":"https:\/\/aztex.ee\/pl\/?s={search_term_string}"},"query-input":{"@type":"PropertyValueSpecification","valueRequired":true,"valueName":"search_term_string"}}],"inLanguage":"pl-PL"},{"@type":"Organization","@id":"https:\/\/aztex.ee\/pl\/#organization","name":"AZTEX","url":"https:\/\/aztex.ee\/pl\/","logo":{"@type":"ImageObject","inLanguage":"pl-PL","@id":"https:\/\/aztex.ee\/pl\/#\/schema\/logo\/image\/","url":"https:\/\/aztex.ee\/wp-content\/uploads\/2026\/01\/AZTEX.png","contentUrl":"https:\/\/aztex.ee\/wp-content\/uploads\/2026\/01\/AZTEX.png","width":500,"height":500,"caption":"AZTEX"},"image":{"@id":"https:\/\/aztex.ee\/pl\/#\/schema\/logo\/image\/"},"sameAs":["https:\/\/www.facebook.com\/AztexEE","https:\/\/www.instagram.com\/aztexeesti\/","https:\/\/www.youtube.com\/@AZTEXEE","https:\/\/www.pinterest.com\/aztex_eesti\/","https:\/\/www.tiktok.com\/@aztexeesti","https:\/\/www.trustpilot.com\/review\/aztex.ee","https:\/\/www.linkedin.com\/company\/aztex-ee\/","https:\/\/www.wikidata.org\/wiki\/Q137560182"]}]}},"_links":{"self":[{"href":"https:\/\/aztex.ee\/pl\/wp-json\/wp\/v2\/product\/91652","targetHints":{"allow":["GET"]}}],"collection":[{"href":"https:\/\/aztex.ee\/pl\/wp-json\/wp\/v2\/product"}],"about":[{"href":"https:\/\/aztex.ee\/pl\/wp-json\/wp\/v2\/types\/product"}],"replies":[{"embeddable":true,"href":"https:\/\/aztex.ee\/pl\/wp-json\/wp\/v2\/comments?post=91652"}],"version-history":[{"count":0,"href":"https:\/\/aztex.ee\/pl\/wp-json\/wp\/v2\/product\/91652\/revisions"}],"wp:featuredmedia":[{"embeddable":true,"href":"https:\/\/aztex.ee\/pl\/wp-json\/wp\/v2\/media\/91673"}],"wp:attachment":[{"href":"https:\/\/aztex.ee\/pl\/wp-json\/wp\/v2\/media?parent=91652"}],"wp:term":[{"taxonomy":"product_brand","embeddable":true,"href":"https:\/\/aztex.ee\/pl\/wp-json\/wp\/v2\/product_brand?post=91652"},{"taxonomy":"product_cat","embeddable":true,"href":"https:\/\/aztex.ee\/pl\/wp-json\/wp\/v2\/product_cat?post=91652"},{"taxonomy":"product_tag","embeddable":true,"href":"https:\/\/aztex.ee\/pl\/wp-json\/wp\/v2\/product_tag?post=91652"}],"curies":[{"name":"wp","href":"https:\/\/api.w.org\/{rel}","templated":true}]}}