{"id":91476,"date":"2025-08-16T00:37:50","date_gmt":"2025-08-16T00:37:50","guid":{"rendered":"https:\/\/aztex.ee\/?post_type=product&#038;p=91476"},"modified":"2025-12-17T01:19:44","modified_gmt":"2025-12-17T01:19:44","slug":"komplet-poscieli-konopna-szary","status":"publish","type":"product","link":"https:\/\/aztex.ee\/pl\/pood\/posciel-konopna\/komplet-poscieli-konopna-szary\/","title":{"rendered":"Komplet po\u015bcieli konopna | Szary"},"content":{"rendered":"<p>Po\u015bciel konopna to ekologiczny i trwa\u0142y wyb\u00f3r. Wykonana jest z naturalnych w\u0142\u00f3kien konopi, kt\u00f3re maj\u0105 wiele zalet. W\u0142\u00f3kna konopne s\u0105 bardzo mocne i trwa\u0142e, wi\u0119c po\u015bciel konopna wytrzyma d\u0142u\u017cej ni\u017c wi\u0119kszo\u015b\u0107 innych tkanin i stanie si\u0119 bardziej mi\u0119kka i wygodniejsza po ka\u017cdym praniu.<\/p>\n<p>Po\u015bciel konopna ma naturalne w\u0142a\u015bciwo\u015bci antybakteryjne, kt\u00f3re sprawiaj\u0105, \u017ce jest higieniczna i pomagaj\u0105 zmniejszy\u0107 ilo\u015b\u0107 bakterii i alergen\u00f3w w \u0142\u00f3\u017cku. Ta po\u015bciel jest \u015bwietna na alergie lub problemy sk\u00f3rne i zapewnia bardziej higieniczny sen. Poniewa\u017c konopie s\u0105 uwa\u017cane za materia\u0142 hipoalergiczny, po\u015bciel konopna zwykle nie powoduje reakcji alergicznych.<\/p>\n<p>\u2013 Po\u015bciel konopna jest \u0142atwa w piel\u0119gnacji, konopie mo\u017cna pra\u0107 w pralce i szybko schn\u0105.<br \/>\n\u2013 Najlepiej pra\u0107 po\u015bciel konopn\u0105 w letniej wodzie, dzi\u0119ki czemu po\u015bciel pozostanie \u015bwie\u017ca i pi\u0119kna na d\u0142u\u017cej. Temperatura wody powinna wynosi\u0107 30-40\u2103.<br \/>\n\u2013 Zaleca si\u0119 suszenie na niskiej pr\u0119dko\u015bci, aby zapobiec rozdarciu tkaniny. -Naturalny wygl\u0105d konopi jest lekko pomarszczony. Je\u015bli jednak chcesz, aby prze\u015bcierad\u0142a by\u0142y g\u0142adkie, mo\u017cesz je wyprasowa\u0107 na niskiej temperaturze.<\/p>\n<p>Poszewki na ko\u0142dry z konopi s\u0105 pakowane w torb\u0119 wykonan\u0105 z tego samego materia\u0142u.<\/p>\n","protected":false},"excerpt":{"rendered":"<p>Poszewka na ko\u0142dr\u0119 wykonana w 100% z konopi jest hipoalergiczna i antybakteryjna.<\/p>\n<ul>\n<li>Kolor: Szary<\/li>\n<li>Materia\u0142: 100% konopi, 180 g\/m2<\/li>\n<li>Poszewka na ko\u0142dr\u0119: 200\u00d7220 cm<\/li>\n<li>Poszewka na poduszk\u0119: 50\u00d770 cm (2 sztuki)<\/li>\n<\/ul>\n<p><img loading=\"lazy\" decoding=\"async\" class=\"alignnone size-full wp-image-20226\" src=\"https:\/\/aztex.ee\/wp-content\/uploads\/2024\/09\/oekotex100.png\" alt=\"\" width=\"204\" height=\"72\" srcset=\"https:\/\/aztex.ee\/wp-content\/uploads\/2024\/09\/oekotex100.png 204w, https:\/\/aztex.ee\/wp-content\/uploads\/2024\/09\/oekotex100-150x53.png 150w\" sizes=\"auto, (max-width: 204px) 100vw, 204px\" \/><img loading=\"lazy\" decoding=\"async\" class=\"alignnone wp-image-20896\" src=\"https:\/\/aztex.ee\/wp-content\/uploads\/2024\/09\/NATURALHEMP.png\" alt=\"\" width=\"79\" height=\"79\" srcset=\"https:\/\/aztex.ee\/wp-content\/uploads\/2024\/09\/NATURALHEMP.png 300w, https:\/\/aztex.ee\/wp-content\/uploads\/2024\/09\/NATURALHEMP-150x150.png 150w\" sizes=\"auto, (max-width: 79px) 100vw, 79px\" \/><\/p>\n","protected":false},"featured_media":91497,"comment_status":"open","ping_status":"closed","template":"","meta":[],"product_brand":[],"product_cat":[685,649,648,683],"product_tag":[],"class_list":{"0":"post-91476","1":"product","2":"type-product","3":"status-publish","4":"has-post-thumbnail","6":"product_cat-komplety-poscieli","7":"product_cat-komplety-poscieli-konopnej","8":"product_cat-posciel-konopna","9":"product_cat-posciele","11":"first","12":"outofstock","13":"sale","14":"shipping-taxable","15":"purchasable","16":"product-type-simple"},"yoast_head":"<!-- This site is optimized with the Yoast SEO plugin v27.3 - https:\/\/yoast.com\/product\/yoast-seo-wordpress\/ -->\n<title>Naturalna po\u015bciel konopna - Szary | AZTEX<\/title>\n<meta name=\"description\" content=\"Organiczny komplet po\u015bcieli konopnej tworzy wyj\u0105tkowo luksusowe i naturalne \u015brodowisko do spania o ka\u017cdej porze roku, dzi\u0119ki w\u0142a\u015bciwo\u015bciom antybakteryjnym oraz mi\u0119kkiej, oddychaj\u0105cej fakturze.\" \/>\n<meta name=\"robots\" content=\"index, follow, max-snippet:-1, max-image-preview:large, max-video-preview:-1\" \/>\n<link rel=\"canonical\" href=\"https:\/\/aztex.ee\/pl\/pood\/posciel-konopna\/komplet-poscieli-konopna-szary\/\" \/>\n<meta property=\"og:locale\" content=\"pl_PL\" \/>\n<meta property=\"og:type\" content=\"article\" \/>\n<meta property=\"og:title\" content=\"Naturalna po\u015bciel konopna - Szary | AZTEX\" \/>\n<meta property=\"og:description\" content=\"Organiczny komplet po\u015bcieli konopnej tworzy wyj\u0105tkowo luksusowe i naturalne \u015brodowisko do spania o ka\u017cdej porze roku, dzi\u0119ki w\u0142a\u015bciwo\u015bciom antybakteryjnym oraz mi\u0119kkiej, oddychaj\u0105cej fakturze.\" \/>\n<meta property=\"og:url\" content=\"https:\/\/aztex.ee\/pl\/pood\/posciel-konopna\/komplet-poscieli-konopna-szary\/\" \/>\n<meta property=\"og:site_name\" content=\"AZTEX\" \/>\n<meta property=\"article:publisher\" content=\"https:\/\/www.facebook.com\/AztexEE\" \/>\n<meta property=\"article:modified_time\" content=\"2025-12-17T01:19:44+00:00\" \/>\n<meta property=\"og:image\" content=\"https:\/\/aztex.ee\/wp-content\/uploads\/2025\/08\/Kanepist-voodipesukomplekt-Hall.jpg\" \/>\n\t<meta property=\"og:image:width\" content=\"800\" \/>\n\t<meta property=\"og:image:height\" content=\"800\" \/>\n\t<meta property=\"og:image:type\" content=\"image\/jpeg\" \/>\n<meta name=\"twitter:card\" content=\"summary_large_image\" \/>\n<meta name=\"twitter:label1\" content=\"Szacowany czas czytania\" \/>\n\t<meta name=\"twitter:data1\" content=\"2 minuty\" \/>\n<script type=\"application\/ld+json\" class=\"yoast-schema-graph\">{\"@context\":\"https:\\\/\\\/schema.org\",\"@graph\":[{\"@type\":[\"WebPage\",\"ItemPage\"],\"@id\":\"https:\\\/\\\/aztex.ee\\\/pl\\\/pood\\\/posciel-konopna\\\/komplet-poscieli-konopna-szary\\\/\",\"url\":\"https:\\\/\\\/aztex.ee\\\/pl\\\/pood\\\/posciel-konopna\\\/komplet-poscieli-konopna-szary\\\/\",\"name\":\"Naturalna po\u015bciel konopna - Szary | AZTEX\",\"isPartOf\":{\"@id\":\"https:\\\/\\\/aztex.ee\\\/pl\\\/#website\"},\"primaryImageOfPage\":{\"@id\":\"https:\\\/\\\/aztex.ee\\\/pl\\\/pood\\\/posciel-konopna\\\/komplet-poscieli-konopna-szary\\\/#primaryimage\"},\"image\":{\"@id\":\"https:\\\/\\\/aztex.ee\\\/pl\\\/pood\\\/posciel-konopna\\\/komplet-poscieli-konopna-szary\\\/#primaryimage\"},\"thumbnailUrl\":\"https:\\\/\\\/aztex.ee\\\/wp-content\\\/uploads\\\/2025\\\/08\\\/Kanepist-voodipesukomplekt-Hall.jpg\",\"datePublished\":\"2025-08-16T00:37:50+00:00\",\"dateModified\":\"2025-12-17T01:19:44+00:00\",\"description\":\"Organiczny komplet po\u015bcieli konopnej tworzy wyj\u0105tkowo luksusowe i naturalne \u015brodowisko do spania o ka\u017cdej porze roku, dzi\u0119ki w\u0142a\u015bciwo\u015bciom antybakteryjnym oraz mi\u0119kkiej, oddychaj\u0105cej fakturze.\",\"breadcrumb\":{\"@id\":\"https:\\\/\\\/aztex.ee\\\/pl\\\/pood\\\/posciel-konopna\\\/komplet-poscieli-konopna-szary\\\/#breadcrumb\"},\"inLanguage\":\"pl-PL\",\"potentialAction\":[{\"@type\":\"ReadAction\",\"target\":[\"https:\\\/\\\/aztex.ee\\\/pl\\\/pood\\\/posciel-konopna\\\/komplet-poscieli-konopna-szary\\\/\"]}]},{\"@type\":\"ImageObject\",\"inLanguage\":\"pl-PL\",\"@id\":\"https:\\\/\\\/aztex.ee\\\/pl\\\/pood\\\/posciel-konopna\\\/komplet-poscieli-konopna-szary\\\/#primaryimage\",\"url\":\"https:\\\/\\\/aztex.ee\\\/wp-content\\\/uploads\\\/2025\\\/08\\\/Kanepist-voodipesukomplekt-Hall.jpg\",\"contentUrl\":\"https:\\\/\\\/aztex.ee\\\/wp-content\\\/uploads\\\/2025\\\/08\\\/Kanepist-voodipesukomplekt-Hall.jpg\",\"width\":800,\"height\":800,\"caption\":\"Kanepist voodipesukomplekt Hall\"},{\"@type\":\"BreadcrumbList\",\"@id\":\"https:\\\/\\\/aztex.ee\\\/pl\\\/pood\\\/posciel-konopna\\\/komplet-poscieli-konopna-szary\\\/#breadcrumb\",\"itemListElement\":[{\"@type\":\"ListItem\",\"position\":1,\"name\":\"Strona g\u0142\u00f3wna\",\"item\":\"https:\\\/\\\/aztex.ee\\\/pl\\\/\"},{\"@type\":\"ListItem\",\"position\":2,\"name\":\"Sklep\",\"item\":\"https:\\\/\\\/aztex.ee\\\/pl\\\/sklep\\\/\"},{\"@type\":\"ListItem\",\"position\":3,\"name\":\"Komplet po\u015bcieli konopna | Szary\"}]},{\"@type\":\"WebSite\",\"@id\":\"https:\\\/\\\/aztex.ee\\\/pl\\\/#website\",\"url\":\"https:\\\/\\\/aztex.ee\\\/pl\\\/\",\"name\":\"AZTEX\",\"description\":\"\",\"publisher\":{\"@id\":\"https:\\\/\\\/aztex.ee\\\/pl\\\/#organization\"},\"potentialAction\":[{\"@type\":\"SearchAction\",\"target\":{\"@type\":\"EntryPoint\",\"urlTemplate\":\"https:\\\/\\\/aztex.ee\\\/pl\\\/?s={search_term_string}\"},\"query-input\":{\"@type\":\"PropertyValueSpecification\",\"valueRequired\":true,\"valueName\":\"search_term_string\"}}],\"inLanguage\":\"pl-PL\"},{\"@type\":\"Organization\",\"@id\":\"https:\\\/\\\/aztex.ee\\\/pl\\\/#organization\",\"name\":\"AZTEX\",\"url\":\"https:\\\/\\\/aztex.ee\\\/pl\\\/\",\"logo\":{\"@type\":\"ImageObject\",\"inLanguage\":\"pl-PL\",\"@id\":\"https:\\\/\\\/aztex.ee\\\/pl\\\/#\\\/schema\\\/logo\\\/image\\\/\",\"url\":\"https:\\\/\\\/aztex.ee\\\/wp-content\\\/uploads\\\/2026\\\/01\\\/AZTEX.png\",\"contentUrl\":\"https:\\\/\\\/aztex.ee\\\/wp-content\\\/uploads\\\/2026\\\/01\\\/AZTEX.png\",\"width\":500,\"height\":500,\"caption\":\"AZTEX\"},\"image\":{\"@id\":\"https:\\\/\\\/aztex.ee\\\/pl\\\/#\\\/schema\\\/logo\\\/image\\\/\"},\"sameAs\":[\"https:\\\/\\\/www.facebook.com\\\/AztexEE\",\"https:\\\/\\\/www.instagram.com\\\/aztexeesti\\\/\",\"https:\\\/\\\/www.youtube.com\\\/@AZTEXEE\",\"https:\\\/\\\/www.pinterest.com\\\/aztex_eesti\\\/\",\"https:\\\/\\\/www.tiktok.com\\\/@aztexeesti\",\"https:\\\/\\\/www.trustpilot.com\\\/review\\\/aztex.ee\",\"https:\\\/\\\/www.linkedin.com\\\/company\\\/aztex-ee\\\/\",\"https:\\\/\\\/www.wikidata.org\\\/wiki\\\/Q137560182\"]}]}<\/script>\n<!-- \/ Yoast SEO plugin. -->","yoast_head_json":{"title":"Naturalna po\u015bciel konopna - Szary | AZTEX","description":"Organiczny komplet po\u015bcieli konopnej tworzy wyj\u0105tkowo luksusowe i naturalne \u015brodowisko do spania o ka\u017cdej porze roku, dzi\u0119ki w\u0142a\u015bciwo\u015bciom antybakteryjnym oraz mi\u0119kkiej, oddychaj\u0105cej fakturze.","robots":{"index":"index","follow":"follow","max-snippet":"max-snippet:-1","max-image-preview":"max-image-preview:large","max-video-preview":"max-video-preview:-1"},"canonical":"https:\/\/aztex.ee\/pl\/pood\/posciel-konopna\/komplet-poscieli-konopna-szary\/","og_locale":"pl_PL","og_type":"article","og_title":"Naturalna po\u015bciel konopna - Szary | AZTEX","og_description":"Organiczny komplet po\u015bcieli konopnej tworzy wyj\u0105tkowo luksusowe i naturalne \u015brodowisko do spania o ka\u017cdej porze roku, dzi\u0119ki w\u0142a\u015bciwo\u015bciom antybakteryjnym oraz mi\u0119kkiej, oddychaj\u0105cej fakturze.","og_url":"https:\/\/aztex.ee\/pl\/pood\/posciel-konopna\/komplet-poscieli-konopna-szary\/","og_site_name":"AZTEX","article_publisher":"https:\/\/www.facebook.com\/AztexEE","article_modified_time":"2025-12-17T01:19:44+00:00","og_image":[{"width":800,"height":800,"url":"https:\/\/aztex.ee\/wp-content\/uploads\/2025\/08\/Kanepist-voodipesukomplekt-Hall.jpg","type":"image\/jpeg"}],"twitter_card":"summary_large_image","twitter_misc":{"Szacowany czas czytania":"2 minuty"},"schema":{"@context":"https:\/\/schema.org","@graph":[{"@type":["WebPage","ItemPage"],"@id":"https:\/\/aztex.ee\/pl\/pood\/posciel-konopna\/komplet-poscieli-konopna-szary\/","url":"https:\/\/aztex.ee\/pl\/pood\/posciel-konopna\/komplet-poscieli-konopna-szary\/","name":"Naturalna po\u015bciel konopna - Szary | AZTEX","isPartOf":{"@id":"https:\/\/aztex.ee\/pl\/#website"},"primaryImageOfPage":{"@id":"https:\/\/aztex.ee\/pl\/pood\/posciel-konopna\/komplet-poscieli-konopna-szary\/#primaryimage"},"image":{"@id":"https:\/\/aztex.ee\/pl\/pood\/posciel-konopna\/komplet-poscieli-konopna-szary\/#primaryimage"},"thumbnailUrl":"https:\/\/aztex.ee\/wp-content\/uploads\/2025\/08\/Kanepist-voodipesukomplekt-Hall.jpg","datePublished":"2025-08-16T00:37:50+00:00","dateModified":"2025-12-17T01:19:44+00:00","description":"Organiczny komplet po\u015bcieli konopnej tworzy wyj\u0105tkowo luksusowe i naturalne \u015brodowisko do spania o ka\u017cdej porze roku, dzi\u0119ki w\u0142a\u015bciwo\u015bciom antybakteryjnym oraz mi\u0119kkiej, oddychaj\u0105cej fakturze.","breadcrumb":{"@id":"https:\/\/aztex.ee\/pl\/pood\/posciel-konopna\/komplet-poscieli-konopna-szary\/#breadcrumb"},"inLanguage":"pl-PL","potentialAction":[{"@type":"ReadAction","target":["https:\/\/aztex.ee\/pl\/pood\/posciel-konopna\/komplet-poscieli-konopna-szary\/"]}]},{"@type":"ImageObject","inLanguage":"pl-PL","@id":"https:\/\/aztex.ee\/pl\/pood\/posciel-konopna\/komplet-poscieli-konopna-szary\/#primaryimage","url":"https:\/\/aztex.ee\/wp-content\/uploads\/2025\/08\/Kanepist-voodipesukomplekt-Hall.jpg","contentUrl":"https:\/\/aztex.ee\/wp-content\/uploads\/2025\/08\/Kanepist-voodipesukomplekt-Hall.jpg","width":800,"height":800,"caption":"Kanepist voodipesukomplekt Hall"},{"@type":"BreadcrumbList","@id":"https:\/\/aztex.ee\/pl\/pood\/posciel-konopna\/komplet-poscieli-konopna-szary\/#breadcrumb","itemListElement":[{"@type":"ListItem","position":1,"name":"Strona g\u0142\u00f3wna","item":"https:\/\/aztex.ee\/pl\/"},{"@type":"ListItem","position":2,"name":"Sklep","item":"https:\/\/aztex.ee\/pl\/sklep\/"},{"@type":"ListItem","position":3,"name":"Komplet po\u015bcieli konopna | Szary"}]},{"@type":"WebSite","@id":"https:\/\/aztex.ee\/pl\/#website","url":"https:\/\/aztex.ee\/pl\/","name":"AZTEX","description":"","publisher":{"@id":"https:\/\/aztex.ee\/pl\/#organization"},"potentialAction":[{"@type":"SearchAction","target":{"@type":"EntryPoint","urlTemplate":"https:\/\/aztex.ee\/pl\/?s={search_term_string}"},"query-input":{"@type":"PropertyValueSpecification","valueRequired":true,"valueName":"search_term_string"}}],"inLanguage":"pl-PL"},{"@type":"Organization","@id":"https:\/\/aztex.ee\/pl\/#organization","name":"AZTEX","url":"https:\/\/aztex.ee\/pl\/","logo":{"@type":"ImageObject","inLanguage":"pl-PL","@id":"https:\/\/aztex.ee\/pl\/#\/schema\/logo\/image\/","url":"https:\/\/aztex.ee\/wp-content\/uploads\/2026\/01\/AZTEX.png","contentUrl":"https:\/\/aztex.ee\/wp-content\/uploads\/2026\/01\/AZTEX.png","width":500,"height":500,"caption":"AZTEX"},"image":{"@id":"https:\/\/aztex.ee\/pl\/#\/schema\/logo\/image\/"},"sameAs":["https:\/\/www.facebook.com\/AztexEE","https:\/\/www.instagram.com\/aztexeesti\/","https:\/\/www.youtube.com\/@AZTEXEE","https:\/\/www.pinterest.com\/aztex_eesti\/","https:\/\/www.tiktok.com\/@aztexeesti","https:\/\/www.trustpilot.com\/review\/aztex.ee","https:\/\/www.linkedin.com\/company\/aztex-ee\/","https:\/\/www.wikidata.org\/wiki\/Q137560182"]}]}},"_links":{"self":[{"href":"https:\/\/aztex.ee\/pl\/wp-json\/wp\/v2\/product\/91476","targetHints":{"allow":["GET"]}}],"collection":[{"href":"https:\/\/aztex.ee\/pl\/wp-json\/wp\/v2\/product"}],"about":[{"href":"https:\/\/aztex.ee\/pl\/wp-json\/wp\/v2\/types\/product"}],"replies":[{"embeddable":true,"href":"https:\/\/aztex.ee\/pl\/wp-json\/wp\/v2\/comments?post=91476"}],"version-history":[{"count":0,"href":"https:\/\/aztex.ee\/pl\/wp-json\/wp\/v2\/product\/91476\/revisions"}],"wp:featuredmedia":[{"embeddable":true,"href":"https:\/\/aztex.ee\/pl\/wp-json\/wp\/v2\/media\/91497"}],"wp:attachment":[{"href":"https:\/\/aztex.ee\/pl\/wp-json\/wp\/v2\/media?parent=91476"}],"wp:term":[{"taxonomy":"product_brand","embeddable":true,"href":"https:\/\/aztex.ee\/pl\/wp-json\/wp\/v2\/product_brand?post=91476"},{"taxonomy":"product_cat","embeddable":true,"href":"https:\/\/aztex.ee\/pl\/wp-json\/wp\/v2\/product_cat?post=91476"},{"taxonomy":"product_tag","embeddable":true,"href":"https:\/\/aztex.ee\/pl\/wp-json\/wp\/v2\/product_tag?post=91476"}],"curies":[{"name":"wp","href":"https:\/\/api.w.org\/{rel}","templated":true}]}}