{"id":81552,"date":"2025-04-25T11:55:07","date_gmt":"2025-04-25T11:55:07","guid":{"rendered":"https:\/\/aztex.ee\/?post_type=product&#038;p=81552"},"modified":"2025-11-30T13:51:40","modified_gmt":"2025-11-30T13:51:40","slug":"tencel-poszewka-na-poduszke-kawa","status":"publish","type":"product","link":"https:\/\/aztex.ee\/pl\/pood\/poszewki-na-poduszki\/tencel-poszewka-na-poduszke-kawa\/","title":{"rendered":"Tencel poszewka na poduszk\u0119 \u2013 Kawa"},"content":{"rendered":"<p><strong>Naturalnie mi\u0119kka<\/strong><\/p>\n<p>Tkanina Tencel jest wykonana z celulozy eukaliptusowej, kt\u00f3ra jest przetwarzana przy u\u017cyciu przyjaznego dla \u015brodowiska procesu Lyocell. Celuloza jest rozpuszczana w nietoksycznym rozpuszczalniku, a nast\u0119pnie prasowana we w\u0142\u00f3kna i przetwarzana na prz\u0119dz\u0119, dzi\u0119ki czemu tkanina jest mi\u0119kka, oddychaj\u0105ca, mocna i ekologicznie zr\u00f3wnowa\u017cona.<\/p>\n<p><strong>Przyjazna dla sk\u00f3ry<\/strong><\/p>\n<p>Tencel jest idealnym wyborem dla sk\u00f3ry wra\u017cliwej, poniewa\u017c jest hipoalergiczny. Jego g\u0142adka powierzchnia zmniejsza podra\u017cnienia spowodowane tarciem i pomaga utrzyma\u0107 naturaln\u0105 r\u00f3wnowag\u0119 wilgoci sk\u00f3ry. Poszewka na poduszk\u0119 Tencel zapewnia wysokiej jako\u015bci sen, a jednocze\u015bnie piel\u0119gnuje sk\u00f3r\u0119.<\/p>\n<p><strong>Elegancki wygl\u0105d<\/strong><\/p>\n<p>Poszewka na poduszk\u0119 Tencel dobrze komponuje si\u0119 ze wszystkimi zestawami po\u015bcieli, dodaj\u0105c sypialni prosty i elegancki wygl\u0105d, kt\u00f3ry uzupe\u0142nia ka\u017cdy wystr\u00f3j wn\u0119trza. Jej klasyczny i stylowy wygl\u0105d pasuje do wszystkich typ\u00f3w wn\u0119trz &#8211; od nowoczesnych po tradycyjne sypialnie. Poszewka na poduszk\u0119 Tencel ma luksusowy i elegancki wygl\u0105d, kt\u00f3ry sprawia, \u017ce \u200b\u200bka\u017cda chwila snu jest przyjemniejsza.<\/p>\n<p><strong>Piel\u0119gnacja<\/strong><\/p>\n<p>\u0141atwa w piel\u0119gnacji &#8211; pra\u0107 w pralce w niskiej temperaturze, aby zachowa\u0107 w\u0142a\u015bciwo\u015bci tkaniny. Zalecamy suszenie na powietrzu, aby zapewni\u0107 d\u0142ugotrwa\u0142\u0105 trwa\u0142o\u015b\u0107 i mi\u0119kko\u015b\u0107.<\/p>\n","protected":false},"excerpt":{"rendered":"<p>Poszewki na poduszki Tencel wykonane s\u0105 z w\u0142\u00f3kien eukaliptusa.<\/p>\n<ul>\n<li>Kolor: Kawa<\/li>\n<li>Materia\u0142: 100% Tencel<\/li>\n<li>Liczba nitek: 60S \/ 300TC<\/li>\n<\/ul>\n<p><img loading=\"lazy\" decoding=\"async\" class=\"alignnone wp-image-63145\" src=\"https:\/\/aztex.ee\/wp-content\/uploads\/2025\/03\/tencel-certified-400x129.png\" alt=\"\" width=\"131\" height=\"42\" srcset=\"https:\/\/aztex.ee\/wp-content\/uploads\/2025\/03\/tencel-certified-400x129.png 400w, https:\/\/aztex.ee\/wp-content\/uploads\/2025\/03\/tencel-certified-430x139.png 430w, https:\/\/aztex.ee\/wp-content\/uploads\/2025\/03\/tencel-certified-150x49.png 150w, https:\/\/aztex.ee\/wp-content\/uploads\/2025\/03\/tencel-certified.png 516w\" sizes=\"auto, (max-width: 131px) 100vw, 131px\" \/><img loading=\"lazy\" decoding=\"async\" class=\"alignnone wp-image-63168\" src=\"https:\/\/aztex.ee\/wp-content\/uploads\/2025\/03\/oeko-tex-standard-100.png\" alt=\"\" width=\"130\" height=\"43\" srcset=\"https:\/\/aztex.ee\/wp-content\/uploads\/2025\/03\/oeko-tex-standard-100.png 200w, https:\/\/aztex.ee\/wp-content\/uploads\/2025\/03\/oeko-tex-standard-100-150x50.png 150w\" sizes=\"auto, (max-width: 130px) 100vw, 130px\" \/><\/p>\n","protected":false},"featured_media":81629,"comment_status":"open","ping_status":"closed","template":"","meta":[],"product_brand":[],"product_cat":[1783,6037],"product_tag":[],"class_list":{"0":"post-81552","1":"product","2":"type-product","3":"status-publish","4":"has-post-thumbnail","6":"product_cat-poszewki-na-poduszki","7":"product_cat-poszewki-na-poduszki-tencel","9":"first","10":"instock","11":"shipping-taxable","12":"purchasable","13":"product-type-variable"},"yoast_head":"<!-- This site is optimized with the Yoast SEO plugin v27.6 - https:\/\/yoast.com\/product\/yoast-seo-wordpress\/ -->\n<title>Tencel poszewka na poduszk\u0119 - Kawa | AZTEX<\/title>\n<meta name=\"description\" content=\"Br\u0105zowy poszewka na poduszk\u0119 Tencel to przyjazny dla sk\u00f3ry i trwa\u0142y wyb\u00f3r, kt\u00f3ry zapewnia przyjemne uczucie ch\u0142odu podczas snu i dodaje sypialni eleganckiego wygl\u0105du.\" \/>\n<meta name=\"robots\" content=\"index, follow, max-snippet:-1, max-image-preview:large, max-video-preview:-1\" \/>\n<link rel=\"canonical\" href=\"https:\/\/aztex.ee\/pl\/pood\/poszewki-na-poduszki\/tencel-poszewka-na-poduszke-kawa\/\" \/>\n<meta property=\"og:locale\" content=\"pl_PL\" \/>\n<meta property=\"og:type\" content=\"article\" \/>\n<meta property=\"og:title\" content=\"Tencel poszewka na poduszk\u0119 - Kawa | AZTEX\" \/>\n<meta property=\"og:description\" content=\"Br\u0105zowy poszewka na poduszk\u0119 Tencel to przyjazny dla sk\u00f3ry i trwa\u0142y wyb\u00f3r, kt\u00f3ry zapewnia przyjemne uczucie ch\u0142odu podczas snu i dodaje sypialni eleganckiego wygl\u0105du.\" \/>\n<meta property=\"og:url\" content=\"https:\/\/aztex.ee\/pl\/pood\/poszewki-na-poduszki\/tencel-poszewka-na-poduszke-kawa\/\" \/>\n<meta property=\"og:site_name\" content=\"AZTEX\" \/>\n<meta property=\"article:publisher\" content=\"https:\/\/www.facebook.com\/AztexEE\" \/>\n<meta property=\"article:modified_time\" content=\"2025-11-30T13:51:40+00:00\" \/>\n<meta property=\"og:image\" content=\"https:\/\/aztex.ee\/wp-content\/uploads\/2025\/04\/Tencel-padjapuur-Kohv.jpg\" \/>\n\t<meta property=\"og:image:width\" content=\"800\" \/>\n\t<meta property=\"og:image:height\" content=\"800\" \/>\n\t<meta property=\"og:image:type\" content=\"image\/jpeg\" \/>\n<meta name=\"twitter:card\" content=\"summary_large_image\" \/>\n<meta name=\"twitter:label1\" content=\"Szacowany czas czytania\" \/>\n\t<meta name=\"twitter:data1\" content=\"2 minuty\" \/>\n<script type=\"application\/ld+json\" class=\"yoast-schema-graph\">{\"@context\":\"https:\\\/\\\/schema.org\",\"@graph\":[{\"@type\":[\"WebPage\",\"ItemPage\"],\"@id\":\"https:\\\/\\\/aztex.ee\\\/pl\\\/pood\\\/poszewki-na-poduszki\\\/tencel-poszewka-na-poduszke-kawa\\\/\",\"url\":\"https:\\\/\\\/aztex.ee\\\/pl\\\/pood\\\/poszewki-na-poduszki\\\/tencel-poszewka-na-poduszke-kawa\\\/\",\"name\":\"Tencel poszewka na poduszk\u0119 - Kawa | AZTEX\",\"isPartOf\":{\"@id\":\"https:\\\/\\\/aztex.ee\\\/pl\\\/#website\"},\"primaryImageOfPage\":{\"@id\":\"https:\\\/\\\/aztex.ee\\\/pl\\\/pood\\\/poszewki-na-poduszki\\\/tencel-poszewka-na-poduszke-kawa\\\/#primaryimage\"},\"image\":{\"@id\":\"https:\\\/\\\/aztex.ee\\\/pl\\\/pood\\\/poszewki-na-poduszki\\\/tencel-poszewka-na-poduszke-kawa\\\/#primaryimage\"},\"thumbnailUrl\":\"https:\\\/\\\/aztex.ee\\\/wp-content\\\/uploads\\\/2025\\\/04\\\/Tencel-padjapuur-Kohv.jpg\",\"datePublished\":\"2025-04-25T11:55:07+00:00\",\"dateModified\":\"2025-11-30T13:51:40+00:00\",\"description\":\"Br\u0105zowy poszewka na poduszk\u0119 Tencel to przyjazny dla sk\u00f3ry i trwa\u0142y wyb\u00f3r, kt\u00f3ry zapewnia przyjemne uczucie ch\u0142odu podczas snu i dodaje sypialni eleganckiego wygl\u0105du.\",\"breadcrumb\":{\"@id\":\"https:\\\/\\\/aztex.ee\\\/pl\\\/pood\\\/poszewki-na-poduszki\\\/tencel-poszewka-na-poduszke-kawa\\\/#breadcrumb\"},\"inLanguage\":\"pl-PL\",\"potentialAction\":[{\"@type\":\"ReadAction\",\"target\":[\"https:\\\/\\\/aztex.ee\\\/pl\\\/pood\\\/poszewki-na-poduszki\\\/tencel-poszewka-na-poduszke-kawa\\\/\"]}]},{\"@type\":\"ImageObject\",\"inLanguage\":\"pl-PL\",\"@id\":\"https:\\\/\\\/aztex.ee\\\/pl\\\/pood\\\/poszewki-na-poduszki\\\/tencel-poszewka-na-poduszke-kawa\\\/#primaryimage\",\"url\":\"https:\\\/\\\/aztex.ee\\\/wp-content\\\/uploads\\\/2025\\\/04\\\/Tencel-padjapuur-Kohv.jpg\",\"contentUrl\":\"https:\\\/\\\/aztex.ee\\\/wp-content\\\/uploads\\\/2025\\\/04\\\/Tencel-padjapuur-Kohv.jpg\",\"width\":800,\"height\":800,\"caption\":\"Tencel padjap\u00fc\u00fcr Kohv\"},{\"@type\":\"BreadcrumbList\",\"@id\":\"https:\\\/\\\/aztex.ee\\\/pl\\\/pood\\\/poszewki-na-poduszki\\\/tencel-poszewka-na-poduszke-kawa\\\/#breadcrumb\",\"itemListElement\":[{\"@type\":\"ListItem\",\"position\":1,\"name\":\"Strona g\u0142\u00f3wna\",\"item\":\"https:\\\/\\\/aztex.ee\\\/pl\\\/\"},{\"@type\":\"ListItem\",\"position\":2,\"name\":\"Sklep\",\"item\":\"https:\\\/\\\/aztex.ee\\\/pl\\\/sklep\\\/\"},{\"@type\":\"ListItem\",\"position\":3,\"name\":\"Tencel poszewka na poduszk\u0119 \u2013 Kawa\"}]},{\"@type\":\"WebSite\",\"@id\":\"https:\\\/\\\/aztex.ee\\\/pl\\\/#website\",\"url\":\"https:\\\/\\\/aztex.ee\\\/pl\\\/\",\"name\":\"AZTEX\",\"description\":\"\",\"publisher\":{\"@id\":\"https:\\\/\\\/aztex.ee\\\/pl\\\/#organization\"},\"potentialAction\":[{\"@type\":\"SearchAction\",\"target\":{\"@type\":\"EntryPoint\",\"urlTemplate\":\"https:\\\/\\\/aztex.ee\\\/pl\\\/?s={search_term_string}\"},\"query-input\":{\"@type\":\"PropertyValueSpecification\",\"valueRequired\":true,\"valueName\":\"search_term_string\"}}],\"inLanguage\":\"pl-PL\"},{\"@type\":\"Organization\",\"@id\":\"https:\\\/\\\/aztex.ee\\\/pl\\\/#organization\",\"name\":\"AZTEX\",\"url\":\"https:\\\/\\\/aztex.ee\\\/pl\\\/\",\"logo\":{\"@type\":\"ImageObject\",\"inLanguage\":\"pl-PL\",\"@id\":\"https:\\\/\\\/aztex.ee\\\/pl\\\/#\\\/schema\\\/logo\\\/image\\\/\",\"url\":\"https:\\\/\\\/aztex.ee\\\/wp-content\\\/uploads\\\/2026\\\/01\\\/AZTEX.png\",\"contentUrl\":\"https:\\\/\\\/aztex.ee\\\/wp-content\\\/uploads\\\/2026\\\/01\\\/AZTEX.png\",\"width\":500,\"height\":500,\"caption\":\"AZTEX\"},\"image\":{\"@id\":\"https:\\\/\\\/aztex.ee\\\/pl\\\/#\\\/schema\\\/logo\\\/image\\\/\"},\"sameAs\":[\"https:\\\/\\\/www.facebook.com\\\/AztexEE\",\"https:\\\/\\\/www.instagram.com\\\/aztexeesti\\\/\",\"https:\\\/\\\/www.youtube.com\\\/@AZTEXEE\",\"https:\\\/\\\/www.pinterest.com\\\/aztex_eesti\\\/\",\"https:\\\/\\\/www.tiktok.com\\\/@aztexeesti\",\"https:\\\/\\\/www.trustpilot.com\\\/review\\\/aztex.ee\",\"https:\\\/\\\/www.linkedin.com\\\/company\\\/aztex-ee\\\/\",\"https:\\\/\\\/www.wikidata.org\\\/wiki\\\/Q137560182\"]}]}<\/script>\n<!-- \/ Yoast SEO plugin. -->","yoast_head_json":{"title":"Tencel poszewka na poduszk\u0119 - Kawa | AZTEX","description":"Br\u0105zowy poszewka na poduszk\u0119 Tencel to przyjazny dla sk\u00f3ry i trwa\u0142y wyb\u00f3r, kt\u00f3ry zapewnia przyjemne uczucie ch\u0142odu podczas snu i dodaje sypialni eleganckiego wygl\u0105du.","robots":{"index":"index","follow":"follow","max-snippet":"max-snippet:-1","max-image-preview":"max-image-preview:large","max-video-preview":"max-video-preview:-1"},"canonical":"https:\/\/aztex.ee\/pl\/pood\/poszewki-na-poduszki\/tencel-poszewka-na-poduszke-kawa\/","og_locale":"pl_PL","og_type":"article","og_title":"Tencel poszewka na poduszk\u0119 - Kawa | AZTEX","og_description":"Br\u0105zowy poszewka na poduszk\u0119 Tencel to przyjazny dla sk\u00f3ry i trwa\u0142y wyb\u00f3r, kt\u00f3ry zapewnia przyjemne uczucie ch\u0142odu podczas snu i dodaje sypialni eleganckiego wygl\u0105du.","og_url":"https:\/\/aztex.ee\/pl\/pood\/poszewki-na-poduszki\/tencel-poszewka-na-poduszke-kawa\/","og_site_name":"AZTEX","article_publisher":"https:\/\/www.facebook.com\/AztexEE","article_modified_time":"2025-11-30T13:51:40+00:00","og_image":[{"width":800,"height":800,"url":"https:\/\/aztex.ee\/wp-content\/uploads\/2025\/04\/Tencel-padjapuur-Kohv.jpg","type":"image\/jpeg"}],"twitter_card":"summary_large_image","twitter_misc":{"Szacowany czas czytania":"2 minuty"},"schema":{"@context":"https:\/\/schema.org","@graph":[{"@type":["WebPage","ItemPage"],"@id":"https:\/\/aztex.ee\/pl\/pood\/poszewki-na-poduszki\/tencel-poszewka-na-poduszke-kawa\/","url":"https:\/\/aztex.ee\/pl\/pood\/poszewki-na-poduszki\/tencel-poszewka-na-poduszke-kawa\/","name":"Tencel poszewka na poduszk\u0119 - Kawa | AZTEX","isPartOf":{"@id":"https:\/\/aztex.ee\/pl\/#website"},"primaryImageOfPage":{"@id":"https:\/\/aztex.ee\/pl\/pood\/poszewki-na-poduszki\/tencel-poszewka-na-poduszke-kawa\/#primaryimage"},"image":{"@id":"https:\/\/aztex.ee\/pl\/pood\/poszewki-na-poduszki\/tencel-poszewka-na-poduszke-kawa\/#primaryimage"},"thumbnailUrl":"https:\/\/aztex.ee\/wp-content\/uploads\/2025\/04\/Tencel-padjapuur-Kohv.jpg","datePublished":"2025-04-25T11:55:07+00:00","dateModified":"2025-11-30T13:51:40+00:00","description":"Br\u0105zowy poszewka na poduszk\u0119 Tencel to przyjazny dla sk\u00f3ry i trwa\u0142y wyb\u00f3r, kt\u00f3ry zapewnia przyjemne uczucie ch\u0142odu podczas snu i dodaje sypialni eleganckiego wygl\u0105du.","breadcrumb":{"@id":"https:\/\/aztex.ee\/pl\/pood\/poszewki-na-poduszki\/tencel-poszewka-na-poduszke-kawa\/#breadcrumb"},"inLanguage":"pl-PL","potentialAction":[{"@type":"ReadAction","target":["https:\/\/aztex.ee\/pl\/pood\/poszewki-na-poduszki\/tencel-poszewka-na-poduszke-kawa\/"]}]},{"@type":"ImageObject","inLanguage":"pl-PL","@id":"https:\/\/aztex.ee\/pl\/pood\/poszewki-na-poduszki\/tencel-poszewka-na-poduszke-kawa\/#primaryimage","url":"https:\/\/aztex.ee\/wp-content\/uploads\/2025\/04\/Tencel-padjapuur-Kohv.jpg","contentUrl":"https:\/\/aztex.ee\/wp-content\/uploads\/2025\/04\/Tencel-padjapuur-Kohv.jpg","width":800,"height":800,"caption":"Tencel padjap\u00fc\u00fcr Kohv"},{"@type":"BreadcrumbList","@id":"https:\/\/aztex.ee\/pl\/pood\/poszewki-na-poduszki\/tencel-poszewka-na-poduszke-kawa\/#breadcrumb","itemListElement":[{"@type":"ListItem","position":1,"name":"Strona g\u0142\u00f3wna","item":"https:\/\/aztex.ee\/pl\/"},{"@type":"ListItem","position":2,"name":"Sklep","item":"https:\/\/aztex.ee\/pl\/sklep\/"},{"@type":"ListItem","position":3,"name":"Tencel poszewka na poduszk\u0119 \u2013 Kawa"}]},{"@type":"WebSite","@id":"https:\/\/aztex.ee\/pl\/#website","url":"https:\/\/aztex.ee\/pl\/","name":"AZTEX","description":"","publisher":{"@id":"https:\/\/aztex.ee\/pl\/#organization"},"potentialAction":[{"@type":"SearchAction","target":{"@type":"EntryPoint","urlTemplate":"https:\/\/aztex.ee\/pl\/?s={search_term_string}"},"query-input":{"@type":"PropertyValueSpecification","valueRequired":true,"valueName":"search_term_string"}}],"inLanguage":"pl-PL"},{"@type":"Organization","@id":"https:\/\/aztex.ee\/pl\/#organization","name":"AZTEX","url":"https:\/\/aztex.ee\/pl\/","logo":{"@type":"ImageObject","inLanguage":"pl-PL","@id":"https:\/\/aztex.ee\/pl\/#\/schema\/logo\/image\/","url":"https:\/\/aztex.ee\/wp-content\/uploads\/2026\/01\/AZTEX.png","contentUrl":"https:\/\/aztex.ee\/wp-content\/uploads\/2026\/01\/AZTEX.png","width":500,"height":500,"caption":"AZTEX"},"image":{"@id":"https:\/\/aztex.ee\/pl\/#\/schema\/logo\/image\/"},"sameAs":["https:\/\/www.facebook.com\/AztexEE","https:\/\/www.instagram.com\/aztexeesti\/","https:\/\/www.youtube.com\/@AZTEXEE","https:\/\/www.pinterest.com\/aztex_eesti\/","https:\/\/www.tiktok.com\/@aztexeesti","https:\/\/www.trustpilot.com\/review\/aztex.ee","https:\/\/www.linkedin.com\/company\/aztex-ee\/","https:\/\/www.wikidata.org\/wiki\/Q137560182"]}]}},"_links":{"self":[{"href":"https:\/\/aztex.ee\/pl\/wp-json\/wp\/v2\/product\/81552","targetHints":{"allow":["GET"]}}],"collection":[{"href":"https:\/\/aztex.ee\/pl\/wp-json\/wp\/v2\/product"}],"about":[{"href":"https:\/\/aztex.ee\/pl\/wp-json\/wp\/v2\/types\/product"}],"replies":[{"embeddable":true,"href":"https:\/\/aztex.ee\/pl\/wp-json\/wp\/v2\/comments?post=81552"}],"version-history":[{"count":0,"href":"https:\/\/aztex.ee\/pl\/wp-json\/wp\/v2\/product\/81552\/revisions"}],"wp:featuredmedia":[{"embeddable":true,"href":"https:\/\/aztex.ee\/pl\/wp-json\/wp\/v2\/media\/81629"}],"wp:attachment":[{"href":"https:\/\/aztex.ee\/pl\/wp-json\/wp\/v2\/media?parent=81552"}],"wp:term":[{"taxonomy":"product_brand","embeddable":true,"href":"https:\/\/aztex.ee\/pl\/wp-json\/wp\/v2\/product_brand?post=81552"},{"taxonomy":"product_cat","embeddable":true,"href":"https:\/\/aztex.ee\/pl\/wp-json\/wp\/v2\/product_cat?post=81552"},{"taxonomy":"product_tag","embeddable":true,"href":"https:\/\/aztex.ee\/pl\/wp-json\/wp\/v2\/product_tag?post=81552"}],"curies":[{"name":"wp","href":"https:\/\/api.w.org\/{rel}","templated":true}]}}