{"id":77605,"date":"2025-04-05T10:33:23","date_gmt":"2025-04-05T10:33:23","guid":{"rendered":"https:\/\/aztex.ee\/pood\/bez-kategorii\/bambusest-padjapuur-armee-roheline\/"},"modified":"2025-04-05T14:08:03","modified_gmt":"2025-04-05T14:08:03","slug":"poszewka-bambusowa-zielen-wojskowa","status":"publish","type":"product","link":"https:\/\/aztex.ee\/pl\/pood\/poszewki-na-poduszki-bambusowe\/poszewka-bambusowa-zielen-wojskowa\/","title":{"rendered":"Poszewka bambusowa \u2013 Ziele\u0144 wojskowa"},"content":{"rendered":"<p>Poszewka bambusowa jest oddychaj\u0105ca i przyjazna dla sk\u00f3ry, zapewniaj\u0105c komfortowy i od\u015bwie\u017caj\u0105cy sen. Naturalne w\u0142a\u015bciwo\u015bci w\u0142\u00f3kien bambusowych pomagaj\u0105 regulowa\u0107 temperatur\u0119 i poch\u0142ania\u0107 wilgo\u0107, dzi\u0119ki czemu poszewka pozostaje sucha i czysta. Ponadto jest antybakteryjna i hipoalergiczna, dzi\u0119ki czemu idealnie nadaje si\u0119 do sk\u00f3ry wra\u017cliwej.<\/p>\n<p>G\u0142adka i delikatna tkanina jest przyjemna w dotyku i \u0142atwa w piel\u0119gnacji \u2014 mo\u017cna j\u0105 pra\u0107 w pralce i jest trwa\u0142a. Mi\u0119kka faktura zachowuje swoj\u0105 jako\u015b\u0107 nawet po wielokrotnym praniu, zapewniaj\u0105c przyjemny odpoczynek ka\u017cdej nocy.<\/p>\n<p>Poszewka bambusowa jest idealna do ka\u017cdej sypialni, oferuj\u0105c zar\u00f3wno praktyczno\u015b\u0107, jak i elegancki wygl\u0105d. Jej neutralne i naturalne odcienie tworz\u0105 spokojn\u0105 i przytuln\u0105 atmosfer\u0119, \u0142atwo dopasowuj\u0105c si\u0119 do r\u00f3\u017cnych zestaw\u00f3w po\u015bcieli. Ciesz si\u0119 mi\u0119kkim i \u015bwie\u017cym uczuciem ka\u017cdej nocy, dzi\u0119ki czemu sen jest naprawd\u0119 orze\u017awiaj\u0105cy.<\/p>\n","protected":false},"excerpt":{"rendered":"<p>Poszewka bambusowa jest naturalna, mi\u0119kka i oddychaj\u0105ca, co gwarantuje jako\u015bciowy sen.<\/p>\n<ul>\n<li>Kolor: Ziele\u0144 wojskowa<\/li>\n<li>Materia\u0142: 100% bambus<\/li>\n<li>Liczba nitek: 300 TC<\/li>\n<\/ul>\n<p><img loading=\"lazy\" decoding=\"async\" class=\"alignnone wp-image-20226\" src=\"https:\/\/aztex.ee\/wp-content\/uploads\/2024\/09\/oekotex100.png\" alt=\"\" width=\"196\" height=\"69\" srcset=\"https:\/\/aztex.ee\/wp-content\/uploads\/2024\/09\/oekotex100.png 204w, https:\/\/aztex.ee\/wp-content\/uploads\/2024\/09\/oekotex100-150x53.png 150w\" sizes=\"auto, (max-width: 196px) 100vw, 196px\" \/><img loading=\"lazy\" decoding=\"async\" class=\"alignnone wp-image-20260\" src=\"https:\/\/aztex.ee\/wp-content\/uploads\/2024\/09\/bambuuss.png\" alt=\"\" width=\"75\" height=\"75\" srcset=\"https:\/\/aztex.ee\/wp-content\/uploads\/2024\/09\/bambuuss.png 204w, https:\/\/aztex.ee\/wp-content\/uploads\/2024\/09\/bambuuss-150x150.png 150w\" sizes=\"auto, (max-width: 75px) 100vw, 75px\" \/><\/p>\n","protected":false},"featured_media":77554,"comment_status":"open","ping_status":"closed","template":"","meta":[],"product_brand":[],"product_cat":[1783,629],"product_tag":[],"class_list":{"0":"post-77605","1":"product","2":"type-product","3":"status-publish","4":"has-post-thumbnail","6":"product_cat-poszewki-na-poduszki","7":"product_cat-poszewki-na-poduszki-bambusowe","9":"first","10":"instock","11":"shipping-taxable","12":"purchasable","13":"product-type-variable"},"yoast_head":"<!-- This site is optimized with the Yoast SEO plugin v27.3 - https:\/\/yoast.com\/product\/yoast-seo-wordpress\/ -->\n<title>Poszewka bambusowa - Ziele\u0144 wojskowa | AZTEX<\/title>\n<meta name=\"description\" content=\"Poszewka bambusowa jest mi\u0119kka, oddychaj\u0105ca, przyjazna dla sk\u00f3ry i antybakteryjna. Idealny wyb\u00f3r dla sk\u00f3ry wra\u017cliwej, zapewniaj\u0105cy \u015bwie\u017co\u015b\u0107 i komfortowy sen\" \/>\n<meta name=\"robots\" content=\"index, follow, max-snippet:-1, max-image-preview:large, max-video-preview:-1\" \/>\n<link rel=\"canonical\" href=\"https:\/\/aztex.ee\/pl\/pood\/poszewki-na-poduszki-bambusowe\/poszewka-bambusowa-zielen-wojskowa\/\" \/>\n<meta property=\"og:locale\" content=\"pl_PL\" \/>\n<meta property=\"og:type\" content=\"article\" \/>\n<meta property=\"og:title\" content=\"Poszewka bambusowa - Ziele\u0144 wojskowa | AZTEX\" \/>\n<meta property=\"og:description\" content=\"Poszewka bambusowa jest mi\u0119kka, oddychaj\u0105ca, przyjazna dla sk\u00f3ry i antybakteryjna. Idealny wyb\u00f3r dla sk\u00f3ry wra\u017cliwej, zapewniaj\u0105cy \u015bwie\u017co\u015b\u0107 i komfortowy sen\" \/>\n<meta property=\"og:url\" content=\"https:\/\/aztex.ee\/pl\/pood\/poszewki-na-poduszki-bambusowe\/poszewka-bambusowa-zielen-wojskowa\/\" \/>\n<meta property=\"og:site_name\" content=\"AZTEX\" \/>\n<meta property=\"article:publisher\" content=\"https:\/\/www.facebook.com\/AztexEE\" \/>\n<meta property=\"article:modified_time\" content=\"2025-04-05T14:08:03+00:00\" \/>\n<meta property=\"og:image\" content=\"https:\/\/aztex.ee\/wp-content\/uploads\/2025\/04\/Bambusest-padjapuur-Armee-roheline.jpg\" \/>\n\t<meta property=\"og:image:width\" content=\"800\" \/>\n\t<meta property=\"og:image:height\" content=\"800\" \/>\n\t<meta property=\"og:image:type\" content=\"image\/jpeg\" \/>\n<meta name=\"twitter:card\" content=\"summary_large_image\" \/>\n<meta name=\"twitter:label1\" content=\"Szacowany czas czytania\" \/>\n\t<meta name=\"twitter:data1\" content=\"1 minuta\" \/>\n<script type=\"application\/ld+json\" class=\"yoast-schema-graph\">{\"@context\":\"https:\\\/\\\/schema.org\",\"@graph\":[{\"@type\":[\"WebPage\",\"ItemPage\"],\"@id\":\"https:\\\/\\\/aztex.ee\\\/pl\\\/pood\\\/poszewki-na-poduszki-bambusowe\\\/poszewka-bambusowa-zielen-wojskowa\\\/\",\"url\":\"https:\\\/\\\/aztex.ee\\\/pl\\\/pood\\\/poszewki-na-poduszki-bambusowe\\\/poszewka-bambusowa-zielen-wojskowa\\\/\",\"name\":\"Poszewka bambusowa - Ziele\u0144 wojskowa | AZTEX\",\"isPartOf\":{\"@id\":\"https:\\\/\\\/aztex.ee\\\/pl\\\/#website\"},\"primaryImageOfPage\":{\"@id\":\"https:\\\/\\\/aztex.ee\\\/pl\\\/pood\\\/poszewki-na-poduszki-bambusowe\\\/poszewka-bambusowa-zielen-wojskowa\\\/#primaryimage\"},\"image\":{\"@id\":\"https:\\\/\\\/aztex.ee\\\/pl\\\/pood\\\/poszewki-na-poduszki-bambusowe\\\/poszewka-bambusowa-zielen-wojskowa\\\/#primaryimage\"},\"thumbnailUrl\":\"https:\\\/\\\/aztex.ee\\\/wp-content\\\/uploads\\\/2025\\\/04\\\/Bambusest-padjapuur-Armee-roheline.jpg\",\"datePublished\":\"2025-04-05T10:33:23+00:00\",\"dateModified\":\"2025-04-05T14:08:03+00:00\",\"description\":\"Poszewka bambusowa jest mi\u0119kka, oddychaj\u0105ca, przyjazna dla sk\u00f3ry i antybakteryjna. Idealny wyb\u00f3r dla sk\u00f3ry wra\u017cliwej, zapewniaj\u0105cy \u015bwie\u017co\u015b\u0107 i komfortowy sen\",\"breadcrumb\":{\"@id\":\"https:\\\/\\\/aztex.ee\\\/pl\\\/pood\\\/poszewki-na-poduszki-bambusowe\\\/poszewka-bambusowa-zielen-wojskowa\\\/#breadcrumb\"},\"inLanguage\":\"pl-PL\",\"potentialAction\":[{\"@type\":\"ReadAction\",\"target\":[\"https:\\\/\\\/aztex.ee\\\/pl\\\/pood\\\/poszewki-na-poduszki-bambusowe\\\/poszewka-bambusowa-zielen-wojskowa\\\/\"]}]},{\"@type\":\"ImageObject\",\"inLanguage\":\"pl-PL\",\"@id\":\"https:\\\/\\\/aztex.ee\\\/pl\\\/pood\\\/poszewki-na-poduszki-bambusowe\\\/poszewka-bambusowa-zielen-wojskowa\\\/#primaryimage\",\"url\":\"https:\\\/\\\/aztex.ee\\\/wp-content\\\/uploads\\\/2025\\\/04\\\/Bambusest-padjapuur-Armee-roheline.jpg\",\"contentUrl\":\"https:\\\/\\\/aztex.ee\\\/wp-content\\\/uploads\\\/2025\\\/04\\\/Bambusest-padjapuur-Armee-roheline.jpg\",\"width\":800,\"height\":800,\"caption\":\"Bambusest padjap\u00fc\u00fcr Armee roheline\"},{\"@type\":\"BreadcrumbList\",\"@id\":\"https:\\\/\\\/aztex.ee\\\/pl\\\/pood\\\/poszewki-na-poduszki-bambusowe\\\/poszewka-bambusowa-zielen-wojskowa\\\/#breadcrumb\",\"itemListElement\":[{\"@type\":\"ListItem\",\"position\":1,\"name\":\"Strona g\u0142\u00f3wna\",\"item\":\"https:\\\/\\\/aztex.ee\\\/pl\\\/\"},{\"@type\":\"ListItem\",\"position\":2,\"name\":\"Sklep\",\"item\":\"https:\\\/\\\/aztex.ee\\\/pl\\\/sklep\\\/\"},{\"@type\":\"ListItem\",\"position\":3,\"name\":\"Poszewka bambusowa \u2013 Ziele\u0144 wojskowa\"}]},{\"@type\":\"WebSite\",\"@id\":\"https:\\\/\\\/aztex.ee\\\/pl\\\/#website\",\"url\":\"https:\\\/\\\/aztex.ee\\\/pl\\\/\",\"name\":\"AZTEX\",\"description\":\"\",\"publisher\":{\"@id\":\"https:\\\/\\\/aztex.ee\\\/pl\\\/#organization\"},\"potentialAction\":[{\"@type\":\"SearchAction\",\"target\":{\"@type\":\"EntryPoint\",\"urlTemplate\":\"https:\\\/\\\/aztex.ee\\\/pl\\\/?s={search_term_string}\"},\"query-input\":{\"@type\":\"PropertyValueSpecification\",\"valueRequired\":true,\"valueName\":\"search_term_string\"}}],\"inLanguage\":\"pl-PL\"},{\"@type\":\"Organization\",\"@id\":\"https:\\\/\\\/aztex.ee\\\/pl\\\/#organization\",\"name\":\"AZTEX\",\"url\":\"https:\\\/\\\/aztex.ee\\\/pl\\\/\",\"logo\":{\"@type\":\"ImageObject\",\"inLanguage\":\"pl-PL\",\"@id\":\"https:\\\/\\\/aztex.ee\\\/pl\\\/#\\\/schema\\\/logo\\\/image\\\/\",\"url\":\"https:\\\/\\\/aztex.ee\\\/wp-content\\\/uploads\\\/2026\\\/01\\\/AZTEX.png\",\"contentUrl\":\"https:\\\/\\\/aztex.ee\\\/wp-content\\\/uploads\\\/2026\\\/01\\\/AZTEX.png\",\"width\":500,\"height\":500,\"caption\":\"AZTEX\"},\"image\":{\"@id\":\"https:\\\/\\\/aztex.ee\\\/pl\\\/#\\\/schema\\\/logo\\\/image\\\/\"},\"sameAs\":[\"https:\\\/\\\/www.facebook.com\\\/AztexEE\",\"https:\\\/\\\/www.instagram.com\\\/aztexeesti\\\/\",\"https:\\\/\\\/www.youtube.com\\\/@AZTEXEE\",\"https:\\\/\\\/www.pinterest.com\\\/aztex_eesti\\\/\",\"https:\\\/\\\/www.tiktok.com\\\/@aztexeesti\",\"https:\\\/\\\/www.trustpilot.com\\\/review\\\/aztex.ee\",\"https:\\\/\\\/www.linkedin.com\\\/company\\\/aztex-ee\\\/\",\"https:\\\/\\\/www.wikidata.org\\\/wiki\\\/Q137560182\"]}]}<\/script>\n<!-- \/ Yoast SEO plugin. -->","yoast_head_json":{"title":"Poszewka bambusowa - Ziele\u0144 wojskowa | AZTEX","description":"Poszewka bambusowa jest mi\u0119kka, oddychaj\u0105ca, przyjazna dla sk\u00f3ry i antybakteryjna. Idealny wyb\u00f3r dla sk\u00f3ry wra\u017cliwej, zapewniaj\u0105cy \u015bwie\u017co\u015b\u0107 i komfortowy sen","robots":{"index":"index","follow":"follow","max-snippet":"max-snippet:-1","max-image-preview":"max-image-preview:large","max-video-preview":"max-video-preview:-1"},"canonical":"https:\/\/aztex.ee\/pl\/pood\/poszewki-na-poduszki-bambusowe\/poszewka-bambusowa-zielen-wojskowa\/","og_locale":"pl_PL","og_type":"article","og_title":"Poszewka bambusowa - Ziele\u0144 wojskowa | AZTEX","og_description":"Poszewka bambusowa jest mi\u0119kka, oddychaj\u0105ca, przyjazna dla sk\u00f3ry i antybakteryjna. Idealny wyb\u00f3r dla sk\u00f3ry wra\u017cliwej, zapewniaj\u0105cy \u015bwie\u017co\u015b\u0107 i komfortowy sen","og_url":"https:\/\/aztex.ee\/pl\/pood\/poszewki-na-poduszki-bambusowe\/poszewka-bambusowa-zielen-wojskowa\/","og_site_name":"AZTEX","article_publisher":"https:\/\/www.facebook.com\/AztexEE","article_modified_time":"2025-04-05T14:08:03+00:00","og_image":[{"width":800,"height":800,"url":"https:\/\/aztex.ee\/wp-content\/uploads\/2025\/04\/Bambusest-padjapuur-Armee-roheline.jpg","type":"image\/jpeg"}],"twitter_card":"summary_large_image","twitter_misc":{"Szacowany czas czytania":"1 minuta"},"schema":{"@context":"https:\/\/schema.org","@graph":[{"@type":["WebPage","ItemPage"],"@id":"https:\/\/aztex.ee\/pl\/pood\/poszewki-na-poduszki-bambusowe\/poszewka-bambusowa-zielen-wojskowa\/","url":"https:\/\/aztex.ee\/pl\/pood\/poszewki-na-poduszki-bambusowe\/poszewka-bambusowa-zielen-wojskowa\/","name":"Poszewka bambusowa - Ziele\u0144 wojskowa | AZTEX","isPartOf":{"@id":"https:\/\/aztex.ee\/pl\/#website"},"primaryImageOfPage":{"@id":"https:\/\/aztex.ee\/pl\/pood\/poszewki-na-poduszki-bambusowe\/poszewka-bambusowa-zielen-wojskowa\/#primaryimage"},"image":{"@id":"https:\/\/aztex.ee\/pl\/pood\/poszewki-na-poduszki-bambusowe\/poszewka-bambusowa-zielen-wojskowa\/#primaryimage"},"thumbnailUrl":"https:\/\/aztex.ee\/wp-content\/uploads\/2025\/04\/Bambusest-padjapuur-Armee-roheline.jpg","datePublished":"2025-04-05T10:33:23+00:00","dateModified":"2025-04-05T14:08:03+00:00","description":"Poszewka bambusowa jest mi\u0119kka, oddychaj\u0105ca, przyjazna dla sk\u00f3ry i antybakteryjna. Idealny wyb\u00f3r dla sk\u00f3ry wra\u017cliwej, zapewniaj\u0105cy \u015bwie\u017co\u015b\u0107 i komfortowy sen","breadcrumb":{"@id":"https:\/\/aztex.ee\/pl\/pood\/poszewki-na-poduszki-bambusowe\/poszewka-bambusowa-zielen-wojskowa\/#breadcrumb"},"inLanguage":"pl-PL","potentialAction":[{"@type":"ReadAction","target":["https:\/\/aztex.ee\/pl\/pood\/poszewki-na-poduszki-bambusowe\/poszewka-bambusowa-zielen-wojskowa\/"]}]},{"@type":"ImageObject","inLanguage":"pl-PL","@id":"https:\/\/aztex.ee\/pl\/pood\/poszewki-na-poduszki-bambusowe\/poszewka-bambusowa-zielen-wojskowa\/#primaryimage","url":"https:\/\/aztex.ee\/wp-content\/uploads\/2025\/04\/Bambusest-padjapuur-Armee-roheline.jpg","contentUrl":"https:\/\/aztex.ee\/wp-content\/uploads\/2025\/04\/Bambusest-padjapuur-Armee-roheline.jpg","width":800,"height":800,"caption":"Bambusest padjap\u00fc\u00fcr Armee roheline"},{"@type":"BreadcrumbList","@id":"https:\/\/aztex.ee\/pl\/pood\/poszewki-na-poduszki-bambusowe\/poszewka-bambusowa-zielen-wojskowa\/#breadcrumb","itemListElement":[{"@type":"ListItem","position":1,"name":"Strona g\u0142\u00f3wna","item":"https:\/\/aztex.ee\/pl\/"},{"@type":"ListItem","position":2,"name":"Sklep","item":"https:\/\/aztex.ee\/pl\/sklep\/"},{"@type":"ListItem","position":3,"name":"Poszewka bambusowa \u2013 Ziele\u0144 wojskowa"}]},{"@type":"WebSite","@id":"https:\/\/aztex.ee\/pl\/#website","url":"https:\/\/aztex.ee\/pl\/","name":"AZTEX","description":"","publisher":{"@id":"https:\/\/aztex.ee\/pl\/#organization"},"potentialAction":[{"@type":"SearchAction","target":{"@type":"EntryPoint","urlTemplate":"https:\/\/aztex.ee\/pl\/?s={search_term_string}"},"query-input":{"@type":"PropertyValueSpecification","valueRequired":true,"valueName":"search_term_string"}}],"inLanguage":"pl-PL"},{"@type":"Organization","@id":"https:\/\/aztex.ee\/pl\/#organization","name":"AZTEX","url":"https:\/\/aztex.ee\/pl\/","logo":{"@type":"ImageObject","inLanguage":"pl-PL","@id":"https:\/\/aztex.ee\/pl\/#\/schema\/logo\/image\/","url":"https:\/\/aztex.ee\/wp-content\/uploads\/2026\/01\/AZTEX.png","contentUrl":"https:\/\/aztex.ee\/wp-content\/uploads\/2026\/01\/AZTEX.png","width":500,"height":500,"caption":"AZTEX"},"image":{"@id":"https:\/\/aztex.ee\/pl\/#\/schema\/logo\/image\/"},"sameAs":["https:\/\/www.facebook.com\/AztexEE","https:\/\/www.instagram.com\/aztexeesti\/","https:\/\/www.youtube.com\/@AZTEXEE","https:\/\/www.pinterest.com\/aztex_eesti\/","https:\/\/www.tiktok.com\/@aztexeesti","https:\/\/www.trustpilot.com\/review\/aztex.ee","https:\/\/www.linkedin.com\/company\/aztex-ee\/","https:\/\/www.wikidata.org\/wiki\/Q137560182"]}]}},"_links":{"self":[{"href":"https:\/\/aztex.ee\/pl\/wp-json\/wp\/v2\/product\/77605","targetHints":{"allow":["GET"]}}],"collection":[{"href":"https:\/\/aztex.ee\/pl\/wp-json\/wp\/v2\/product"}],"about":[{"href":"https:\/\/aztex.ee\/pl\/wp-json\/wp\/v2\/types\/product"}],"replies":[{"embeddable":true,"href":"https:\/\/aztex.ee\/pl\/wp-json\/wp\/v2\/comments?post=77605"}],"version-history":[{"count":0,"href":"https:\/\/aztex.ee\/pl\/wp-json\/wp\/v2\/product\/77605\/revisions"}],"wp:featuredmedia":[{"embeddable":true,"href":"https:\/\/aztex.ee\/pl\/wp-json\/wp\/v2\/media\/77554"}],"wp:attachment":[{"href":"https:\/\/aztex.ee\/pl\/wp-json\/wp\/v2\/media?parent=77605"}],"wp:term":[{"taxonomy":"product_brand","embeddable":true,"href":"https:\/\/aztex.ee\/pl\/wp-json\/wp\/v2\/product_brand?post=77605"},{"taxonomy":"product_cat","embeddable":true,"href":"https:\/\/aztex.ee\/pl\/wp-json\/wp\/v2\/product_cat?post=77605"},{"taxonomy":"product_tag","embeddable":true,"href":"https:\/\/aztex.ee\/pl\/wp-json\/wp\/v2\/product_tag?post=77605"}],"curies":[{"name":"wp","href":"https:\/\/api.w.org\/{rel}","templated":true}]}}