{"id":76948,"date":"2025-04-02T23:54:38","date_gmt":"2025-04-02T23:54:38","guid":{"rendered":"https:\/\/aztex.ee\/?post_type=product&#038;p=76948"},"modified":"2026-03-19T18:07:46","modified_gmt":"2026-03-19T18:07:46","slug":"przescieradlo-bambusowe-khaki","status":"publish","type":"product","link":"https:\/\/aztex.ee\/pl\/pood\/przescieradla-bambusowe\/przescieradlo-bambusowe-khaki\/","title":{"rendered":"Prze\u015bcierad\u0142o bambusowe \u2013 Khaki"},"content":{"rendered":"<p>Bambus jest naturalnie mi\u0119kki, oddychaj\u0105cy i trwa\u0142y, co czyni go idealnym wyborem na tekstylia domowe. W\u0142\u00f3kna bambusowe s\u0105 jedwabi\u015bcie g\u0142adkie i delikatnie przylegaj\u0105 do sk\u00f3ry, zapewniaj\u0105c luksusowy komfort w codziennym u\u017cytkowaniu. Ponadto materia\u0142 ten doskonale wch\u0142ania wilgo\u0107, pomagaj\u0105c utrzyma\u0107 sk\u00f3r\u0119 such\u0105 i zapewniaj\u0105c uczucie \u015bwie\u017co\u015bci przez ca\u0142\u0105 noc.<\/p>\n<p>Jedn\u0105 ze szczeg\u00f3lnych w\u0142a\u015bciwo\u015bci bambusa s\u0105 jego naturalne w\u0142a\u015bciwo\u015bci antybakteryjne i hipoalergiczne. Pomaga to ograniczy\u0107 rozprzestrzenianie si\u0119 nieprzyjemnych zapach\u00f3w i bakterii, dzi\u0119ki czemu produkty wykonane z bambusa s\u0105 szczeg\u00f3lnie odpowiednie dla os\u00f3b o wra\u017cliwej sk\u00f3rze. Ponadto w\u0142\u00f3kna bambusowe mog\u0105 regulowa\u0107 temperatur\u0119, zapewniaj\u0105c ch\u0142\u00f3d latem i ciep\u0142o zim\u0105.<\/p>\n<p>Bambus jest r\u00f3wnie\u017c zr\u00f3wnowa\u017conym materia\u0142em, kt\u00f3ry ro\u015bnie szybko i wymaga znacznie mniej wody do wzrostu ni\u017c wiele innych w\u0142\u00f3kien. Dzi\u0119ki temu tekstylia bambusowe s\u0105 przyjaznym dla \u015brodowiska wyborem, kt\u00f3ry \u0142\u0105czy styl \u017cycia blisko natury z najwy\u017cszym komfortem.<\/p>\n","protected":false},"excerpt":{"rendered":"<p>Prze\u015bcierad\u0142a bambusowe zapewniaj\u0105 \u015bwie\u017cy sen, s\u0105 antybakteryjne i jedwabi\u015bcie g\u0142adkie.<\/p>\n<ul>\n<li>Kolor: Khaki<\/li>\n<li>Materia\u0142: 100% bambus<\/li>\n<li>Liczba nitek: 300 TC<\/li>\n<li>Rozmiar: 220&#215;240 cm \u00b13<\/li>\n<\/ul>\n<p><img loading=\"lazy\" decoding=\"async\" class=\"alignnone wp-image-20226\" src=\"https:\/\/aztex.ee\/wp-content\/uploads\/2024\/09\/oekotex100.png\" alt=\"\" width=\"196\" height=\"69\" srcset=\"https:\/\/aztex.ee\/wp-content\/uploads\/2024\/09\/oekotex100.png 204w, https:\/\/aztex.ee\/wp-content\/uploads\/2024\/09\/oekotex100-150x53.png 150w\" sizes=\"auto, (max-width: 196px) 100vw, 196px\" \/><img loading=\"lazy\" decoding=\"async\" class=\"alignnone wp-image-20260\" src=\"https:\/\/aztex.ee\/wp-content\/uploads\/2024\/09\/bambuuss.png\" alt=\"\" width=\"75\" height=\"75\" srcset=\"https:\/\/aztex.ee\/wp-content\/uploads\/2024\/09\/bambuuss.png 204w, https:\/\/aztex.ee\/wp-content\/uploads\/2024\/09\/bambuuss-150x150.png 150w\" sizes=\"auto, (max-width: 75px) 100vw, 75px\" \/><\/p>\n","protected":false},"featured_media":76969,"comment_status":"open","ping_status":"closed","template":"","meta":[],"product_brand":[],"product_cat":[1804,632],"product_tag":[],"class_list":{"0":"post-76948","1":"product","2":"type-product","3":"status-publish","4":"has-post-thumbnail","6":"product_cat-przescieradla","7":"product_cat-przescieradla-bambusowe","9":"first","10":"instock","11":"shipping-taxable","12":"purchasable","13":"product-type-simple"},"yoast_head":"<!-- This site is optimized with the Yoast SEO plugin v27.4 - https:\/\/yoast.com\/product\/yoast-seo-wordpress\/ -->\n<title>Prze\u015bcierad\u0142o bambusowe - Khaki | AZTEX<\/title>\n<meta name=\"description\" content=\"Po\u015bciel wykonana w 100% z bambusa jest jedwabi\u015bcie g\u0142adka, oddychaj\u0105ca i odprowadza wilgo\u0107, zapewniaj\u0105c ekologiczne, \u015bwie\u017ce i komfortowe \u015brodowisko ...\" \/>\n<meta name=\"robots\" content=\"index, follow, max-snippet:-1, max-image-preview:large, max-video-preview:-1\" \/>\n<link rel=\"canonical\" href=\"https:\/\/aztex.ee\/pl\/pood\/przescieradla-bambusowe\/przescieradlo-bambusowe-khaki\/\" \/>\n<meta property=\"og:locale\" content=\"pl_PL\" \/>\n<meta property=\"og:type\" content=\"article\" \/>\n<meta property=\"og:title\" content=\"Prze\u015bcierad\u0142o bambusowe - Khaki | AZTEX\" \/>\n<meta property=\"og:description\" content=\"Po\u015bciel wykonana w 100% z bambusa jest jedwabi\u015bcie g\u0142adka, oddychaj\u0105ca i odprowadza wilgo\u0107, zapewniaj\u0105c ekologiczne, \u015bwie\u017ce i komfortowe \u015brodowisko ...\" \/>\n<meta property=\"og:url\" content=\"https:\/\/aztex.ee\/pl\/pood\/przescieradla-bambusowe\/przescieradlo-bambusowe-khaki\/\" \/>\n<meta property=\"og:site_name\" content=\"AZTEX\" \/>\n<meta property=\"article:publisher\" content=\"https:\/\/www.facebook.com\/AztexEE\" \/>\n<meta property=\"article:modified_time\" content=\"2026-03-19T18:07:46+00:00\" \/>\n<meta property=\"og:image\" content=\"https:\/\/aztex.ee\/wp-content\/uploads\/2025\/04\/Bambusest-voodilina-Khaki.jpg\" \/>\n\t<meta property=\"og:image:width\" content=\"800\" \/>\n\t<meta property=\"og:image:height\" content=\"800\" \/>\n\t<meta property=\"og:image:type\" content=\"image\/jpeg\" \/>\n<meta name=\"twitter:card\" content=\"summary_large_image\" \/>\n<meta name=\"twitter:label1\" content=\"Szacowany czas czytania\" \/>\n\t<meta name=\"twitter:data1\" content=\"1 minuta\" \/>\n<script type=\"application\/ld+json\" class=\"yoast-schema-graph\">{\"@context\":\"https:\\\/\\\/schema.org\",\"@graph\":[{\"@type\":[\"WebPage\",\"ItemPage\"],\"@id\":\"https:\\\/\\\/aztex.ee\\\/pl\\\/pood\\\/przescieradla-bambusowe\\\/przescieradlo-bambusowe-khaki\\\/\",\"url\":\"https:\\\/\\\/aztex.ee\\\/pl\\\/pood\\\/przescieradla-bambusowe\\\/przescieradlo-bambusowe-khaki\\\/\",\"name\":\"Prze\u015bcierad\u0142o bambusowe - Khaki | AZTEX\",\"isPartOf\":{\"@id\":\"https:\\\/\\\/aztex.ee\\\/pl\\\/#website\"},\"primaryImageOfPage\":{\"@id\":\"https:\\\/\\\/aztex.ee\\\/pl\\\/pood\\\/przescieradla-bambusowe\\\/przescieradlo-bambusowe-khaki\\\/#primaryimage\"},\"image\":{\"@id\":\"https:\\\/\\\/aztex.ee\\\/pl\\\/pood\\\/przescieradla-bambusowe\\\/przescieradlo-bambusowe-khaki\\\/#primaryimage\"},\"thumbnailUrl\":\"https:\\\/\\\/aztex.ee\\\/wp-content\\\/uploads\\\/2025\\\/04\\\/Bambusest-voodilina-Khaki.jpg\",\"datePublished\":\"2025-04-02T23:54:38+00:00\",\"dateModified\":\"2026-03-19T18:07:46+00:00\",\"description\":\"Po\u015bciel wykonana w 100% z bambusa jest jedwabi\u015bcie g\u0142adka, oddychaj\u0105ca i odprowadza wilgo\u0107, zapewniaj\u0105c ekologiczne, \u015bwie\u017ce i komfortowe \u015brodowisko ...\",\"breadcrumb\":{\"@id\":\"https:\\\/\\\/aztex.ee\\\/pl\\\/pood\\\/przescieradla-bambusowe\\\/przescieradlo-bambusowe-khaki\\\/#breadcrumb\"},\"inLanguage\":\"pl-PL\",\"potentialAction\":[{\"@type\":\"ReadAction\",\"target\":[\"https:\\\/\\\/aztex.ee\\\/pl\\\/pood\\\/przescieradla-bambusowe\\\/przescieradlo-bambusowe-khaki\\\/\"]}]},{\"@type\":\"ImageObject\",\"inLanguage\":\"pl-PL\",\"@id\":\"https:\\\/\\\/aztex.ee\\\/pl\\\/pood\\\/przescieradla-bambusowe\\\/przescieradlo-bambusowe-khaki\\\/#primaryimage\",\"url\":\"https:\\\/\\\/aztex.ee\\\/wp-content\\\/uploads\\\/2025\\\/04\\\/Bambusest-voodilina-Khaki.jpg\",\"contentUrl\":\"https:\\\/\\\/aztex.ee\\\/wp-content\\\/uploads\\\/2025\\\/04\\\/Bambusest-voodilina-Khaki.jpg\",\"width\":800,\"height\":800,\"caption\":\"Bambusest voodilina Khaki\"},{\"@type\":\"BreadcrumbList\",\"@id\":\"https:\\\/\\\/aztex.ee\\\/pl\\\/pood\\\/przescieradla-bambusowe\\\/przescieradlo-bambusowe-khaki\\\/#breadcrumb\",\"itemListElement\":[{\"@type\":\"ListItem\",\"position\":1,\"name\":\"Strona g\u0142\u00f3wna\",\"item\":\"https:\\\/\\\/aztex.ee\\\/pl\\\/\"},{\"@type\":\"ListItem\",\"position\":2,\"name\":\"Sklep\",\"item\":\"https:\\\/\\\/aztex.ee\\\/pl\\\/sklep\\\/\"},{\"@type\":\"ListItem\",\"position\":3,\"name\":\"Prze\u015bcierad\u0142o bambusowe \u2013 Khaki\"}]},{\"@type\":\"WebSite\",\"@id\":\"https:\\\/\\\/aztex.ee\\\/pl\\\/#website\",\"url\":\"https:\\\/\\\/aztex.ee\\\/pl\\\/\",\"name\":\"AZTEX\",\"description\":\"\",\"publisher\":{\"@id\":\"https:\\\/\\\/aztex.ee\\\/pl\\\/#organization\"},\"potentialAction\":[{\"@type\":\"SearchAction\",\"target\":{\"@type\":\"EntryPoint\",\"urlTemplate\":\"https:\\\/\\\/aztex.ee\\\/pl\\\/?s={search_term_string}\"},\"query-input\":{\"@type\":\"PropertyValueSpecification\",\"valueRequired\":true,\"valueName\":\"search_term_string\"}}],\"inLanguage\":\"pl-PL\"},{\"@type\":\"Organization\",\"@id\":\"https:\\\/\\\/aztex.ee\\\/pl\\\/#organization\",\"name\":\"AZTEX\",\"url\":\"https:\\\/\\\/aztex.ee\\\/pl\\\/\",\"logo\":{\"@type\":\"ImageObject\",\"inLanguage\":\"pl-PL\",\"@id\":\"https:\\\/\\\/aztex.ee\\\/pl\\\/#\\\/schema\\\/logo\\\/image\\\/\",\"url\":\"https:\\\/\\\/aztex.ee\\\/wp-content\\\/uploads\\\/2026\\\/01\\\/AZTEX.png\",\"contentUrl\":\"https:\\\/\\\/aztex.ee\\\/wp-content\\\/uploads\\\/2026\\\/01\\\/AZTEX.png\",\"width\":500,\"height\":500,\"caption\":\"AZTEX\"},\"image\":{\"@id\":\"https:\\\/\\\/aztex.ee\\\/pl\\\/#\\\/schema\\\/logo\\\/image\\\/\"},\"sameAs\":[\"https:\\\/\\\/www.facebook.com\\\/AztexEE\",\"https:\\\/\\\/www.instagram.com\\\/aztexeesti\\\/\",\"https:\\\/\\\/www.youtube.com\\\/@AZTEXEE\",\"https:\\\/\\\/www.pinterest.com\\\/aztex_eesti\\\/\",\"https:\\\/\\\/www.tiktok.com\\\/@aztexeesti\",\"https:\\\/\\\/www.trustpilot.com\\\/review\\\/aztex.ee\",\"https:\\\/\\\/www.linkedin.com\\\/company\\\/aztex-ee\\\/\",\"https:\\\/\\\/www.wikidata.org\\\/wiki\\\/Q137560182\"]}]}<\/script>\n<!-- \/ Yoast SEO plugin. -->","yoast_head_json":{"title":"Prze\u015bcierad\u0142o bambusowe - Khaki | AZTEX","description":"Po\u015bciel wykonana w 100% z bambusa jest jedwabi\u015bcie g\u0142adka, oddychaj\u0105ca i odprowadza wilgo\u0107, zapewniaj\u0105c ekologiczne, \u015bwie\u017ce i komfortowe \u015brodowisko ...","robots":{"index":"index","follow":"follow","max-snippet":"max-snippet:-1","max-image-preview":"max-image-preview:large","max-video-preview":"max-video-preview:-1"},"canonical":"https:\/\/aztex.ee\/pl\/pood\/przescieradla-bambusowe\/przescieradlo-bambusowe-khaki\/","og_locale":"pl_PL","og_type":"article","og_title":"Prze\u015bcierad\u0142o bambusowe - Khaki | AZTEX","og_description":"Po\u015bciel wykonana w 100% z bambusa jest jedwabi\u015bcie g\u0142adka, oddychaj\u0105ca i odprowadza wilgo\u0107, zapewniaj\u0105c ekologiczne, \u015bwie\u017ce i komfortowe \u015brodowisko ...","og_url":"https:\/\/aztex.ee\/pl\/pood\/przescieradla-bambusowe\/przescieradlo-bambusowe-khaki\/","og_site_name":"AZTEX","article_publisher":"https:\/\/www.facebook.com\/AztexEE","article_modified_time":"2026-03-19T18:07:46+00:00","og_image":[{"width":800,"height":800,"url":"https:\/\/aztex.ee\/wp-content\/uploads\/2025\/04\/Bambusest-voodilina-Khaki.jpg","type":"image\/jpeg"}],"twitter_card":"summary_large_image","twitter_misc":{"Szacowany czas czytania":"1 minuta"},"schema":{"@context":"https:\/\/schema.org","@graph":[{"@type":["WebPage","ItemPage"],"@id":"https:\/\/aztex.ee\/pl\/pood\/przescieradla-bambusowe\/przescieradlo-bambusowe-khaki\/","url":"https:\/\/aztex.ee\/pl\/pood\/przescieradla-bambusowe\/przescieradlo-bambusowe-khaki\/","name":"Prze\u015bcierad\u0142o bambusowe - Khaki | AZTEX","isPartOf":{"@id":"https:\/\/aztex.ee\/pl\/#website"},"primaryImageOfPage":{"@id":"https:\/\/aztex.ee\/pl\/pood\/przescieradla-bambusowe\/przescieradlo-bambusowe-khaki\/#primaryimage"},"image":{"@id":"https:\/\/aztex.ee\/pl\/pood\/przescieradla-bambusowe\/przescieradlo-bambusowe-khaki\/#primaryimage"},"thumbnailUrl":"https:\/\/aztex.ee\/wp-content\/uploads\/2025\/04\/Bambusest-voodilina-Khaki.jpg","datePublished":"2025-04-02T23:54:38+00:00","dateModified":"2026-03-19T18:07:46+00:00","description":"Po\u015bciel wykonana w 100% z bambusa jest jedwabi\u015bcie g\u0142adka, oddychaj\u0105ca i odprowadza wilgo\u0107, zapewniaj\u0105c ekologiczne, \u015bwie\u017ce i komfortowe \u015brodowisko ...","breadcrumb":{"@id":"https:\/\/aztex.ee\/pl\/pood\/przescieradla-bambusowe\/przescieradlo-bambusowe-khaki\/#breadcrumb"},"inLanguage":"pl-PL","potentialAction":[{"@type":"ReadAction","target":["https:\/\/aztex.ee\/pl\/pood\/przescieradla-bambusowe\/przescieradlo-bambusowe-khaki\/"]}]},{"@type":"ImageObject","inLanguage":"pl-PL","@id":"https:\/\/aztex.ee\/pl\/pood\/przescieradla-bambusowe\/przescieradlo-bambusowe-khaki\/#primaryimage","url":"https:\/\/aztex.ee\/wp-content\/uploads\/2025\/04\/Bambusest-voodilina-Khaki.jpg","contentUrl":"https:\/\/aztex.ee\/wp-content\/uploads\/2025\/04\/Bambusest-voodilina-Khaki.jpg","width":800,"height":800,"caption":"Bambusest voodilina Khaki"},{"@type":"BreadcrumbList","@id":"https:\/\/aztex.ee\/pl\/pood\/przescieradla-bambusowe\/przescieradlo-bambusowe-khaki\/#breadcrumb","itemListElement":[{"@type":"ListItem","position":1,"name":"Strona g\u0142\u00f3wna","item":"https:\/\/aztex.ee\/pl\/"},{"@type":"ListItem","position":2,"name":"Sklep","item":"https:\/\/aztex.ee\/pl\/sklep\/"},{"@type":"ListItem","position":3,"name":"Prze\u015bcierad\u0142o bambusowe \u2013 Khaki"}]},{"@type":"WebSite","@id":"https:\/\/aztex.ee\/pl\/#website","url":"https:\/\/aztex.ee\/pl\/","name":"AZTEX","description":"","publisher":{"@id":"https:\/\/aztex.ee\/pl\/#organization"},"potentialAction":[{"@type":"SearchAction","target":{"@type":"EntryPoint","urlTemplate":"https:\/\/aztex.ee\/pl\/?s={search_term_string}"},"query-input":{"@type":"PropertyValueSpecification","valueRequired":true,"valueName":"search_term_string"}}],"inLanguage":"pl-PL"},{"@type":"Organization","@id":"https:\/\/aztex.ee\/pl\/#organization","name":"AZTEX","url":"https:\/\/aztex.ee\/pl\/","logo":{"@type":"ImageObject","inLanguage":"pl-PL","@id":"https:\/\/aztex.ee\/pl\/#\/schema\/logo\/image\/","url":"https:\/\/aztex.ee\/wp-content\/uploads\/2026\/01\/AZTEX.png","contentUrl":"https:\/\/aztex.ee\/wp-content\/uploads\/2026\/01\/AZTEX.png","width":500,"height":500,"caption":"AZTEX"},"image":{"@id":"https:\/\/aztex.ee\/pl\/#\/schema\/logo\/image\/"},"sameAs":["https:\/\/www.facebook.com\/AztexEE","https:\/\/www.instagram.com\/aztexeesti\/","https:\/\/www.youtube.com\/@AZTEXEE","https:\/\/www.pinterest.com\/aztex_eesti\/","https:\/\/www.tiktok.com\/@aztexeesti","https:\/\/www.trustpilot.com\/review\/aztex.ee","https:\/\/www.linkedin.com\/company\/aztex-ee\/","https:\/\/www.wikidata.org\/wiki\/Q137560182"]}]}},"_links":{"self":[{"href":"https:\/\/aztex.ee\/pl\/wp-json\/wp\/v2\/product\/76948","targetHints":{"allow":["GET"]}}],"collection":[{"href":"https:\/\/aztex.ee\/pl\/wp-json\/wp\/v2\/product"}],"about":[{"href":"https:\/\/aztex.ee\/pl\/wp-json\/wp\/v2\/types\/product"}],"replies":[{"embeddable":true,"href":"https:\/\/aztex.ee\/pl\/wp-json\/wp\/v2\/comments?post=76948"}],"version-history":[{"count":2,"href":"https:\/\/aztex.ee\/pl\/wp-json\/wp\/v2\/product\/76948\/revisions"}],"predecessor-version":[{"id":107666,"href":"https:\/\/aztex.ee\/pl\/wp-json\/wp\/v2\/product\/76948\/revisions\/107666"}],"wp:featuredmedia":[{"embeddable":true,"href":"https:\/\/aztex.ee\/pl\/wp-json\/wp\/v2\/media\/76969"}],"wp:attachment":[{"href":"https:\/\/aztex.ee\/pl\/wp-json\/wp\/v2\/media?parent=76948"}],"wp:term":[{"taxonomy":"product_brand","embeddable":true,"href":"https:\/\/aztex.ee\/pl\/wp-json\/wp\/v2\/product_brand?post=76948"},{"taxonomy":"product_cat","embeddable":true,"href":"https:\/\/aztex.ee\/pl\/wp-json\/wp\/v2\/product_cat?post=76948"},{"taxonomy":"product_tag","embeddable":true,"href":"https:\/\/aztex.ee\/pl\/wp-json\/wp\/v2\/product_tag?post=76948"}],"curies":[{"name":"wp","href":"https:\/\/api.w.org\/{rel}","templated":true}]}}