{"id":74609,"date":"2025-03-29T16:14:25","date_gmt":"2025-03-29T16:14:25","guid":{"rendered":"https:\/\/aztex.ee\/?post_type=product&#038;p=74609"},"modified":"2026-04-13T10:06:28","modified_gmt":"2026-04-13T10:06:28","slug":"recznik-kapielowy-bawelniany","status":"publish","type":"product","link":"https:\/\/aztex.ee\/pl\/pood\/reczniki-i-reczniki-kapielowe\/recznik-kapielowy-bawelniany\/","title":{"rendered":"R\u0119cznik k\u0105pielowy 70&#215;140 cm"},"content":{"rendered":"<p><strong>R\u0119cznik k\u0105pielowy z bawe\u0142ny \u2013 mi\u0119kko\u015b\u0107 i praktyczno\u015b\u0107 w jednym<\/strong><\/p>\n<p>R\u0119cznik k\u0105pielowy z bawe\u0142ny wykonany jest z naturalnego w\u0142\u00f3kna, kt\u00f3re jest przyjazne dla sk\u00f3ry i ma doskona\u0142\u0105 oddychalno\u015b\u0107. Mi\u0119kka i delikatna faktura sprawia, \u017ce \u200b\u200bnadaje si\u0119 nawet do wra\u017cliwej sk\u00f3ry, zapewniaj\u0105c przyjemne uczucie przy ka\u017cdym u\u017cyciu. Dzi\u0119ki naturalnej przepuszczalno\u015bci powietrza bawe\u0142ny r\u0119cznik szybko schnie i d\u0142u\u017cej pozostaje \u015bwie\u017cy.<\/p>\n<p><strong>Dobra absorpcja wilgoci<\/strong><\/p>\n<p>Wysokiej jako\u015bci i \u015bci\u015ble tkany r\u0119cznik k\u0105pielowy skutecznie wch\u0142ania wilgo\u0107, pomagaj\u0105c cia\u0142u szybko wyschn\u0105\u0107 po prysznicu, k\u0105pieli lub saunie. Mi\u0119kkie w\u0142\u00f3kna bawe\u0142niane zapewniaj\u0105 doskona\u0142\u0105 absorpcj\u0119 i szybkie schni\u0119cie, dzi\u0119ki czemu idealnie nadaje si\u0119 do codziennego u\u017cytku, a tak\u017ce do zabrania ze sob\u0105 w podr\u00f3\u017c lub do spa.<\/p>\n<p><strong>Wytrzyma\u0142y i \u0142atwy w piel\u0119gnacji<\/strong><\/p>\n<p>Bawe\u0142na to trwa\u0142y i d\u0142ugotrwa\u0142y materia\u0142, kt\u00f3ry wytrzymuje cz\u0119ste pranie i zachowuje swoj\u0105 mi\u0119kko\u015b\u0107 i jako\u015b\u0107 nawet po latach. R\u0119cznik k\u0105pielowy nadaje si\u0119 do prania w pralce i jest \u0142atwy w piel\u0119gnacji \u2013 je\u015bli zostanie odpowiednio wyprany i wysuszony, pozostanie \u015bwie\u017cy i puszysty przez d\u0142ugi czas. Wysokiej jako\u015bci tkanina zachowuje sw\u00f3j kszta\u0142t i kolor, zapewniaj\u0105c d\u0142ugotrwa\u0142\u0105 przyjemno\u015b\u0107.<\/p>\n<p><strong>Klasyczny wyb\u00f3r do ka\u017cdej \u0142azienki<\/strong><\/p>\n<p>Bawe\u0142niany r\u0119cznik k\u0105pielowy \u0142\u0105czy w sobie praktyczno\u015b\u0107 i ponadczasowy styl. Jego naturalne odcienie kolor\u00f3w i klasyczny design z \u0142atwo\u015bci\u0105 pasuj\u0105 do r\u00f3\u017cnych aran\u017cacji wn\u0119trz \u0142azienkowych, dodaj\u0105c pomieszczeniu przytulno\u015bci i elegancji. Do wyboru jest kilka odcieni, dzi\u0119ki czemu ka\u017cdy mo\u017ce znale\u017a\u0107 ten, kt\u00f3ry odpowiada jego preferencjom.<\/p>\n<p>Bawe\u0142niany r\u0119cznik k\u0105pielowy to idealny wyb\u00f3r dla os\u00f3b ceni\u0105cych wygod\u0119, jako\u015b\u0107 i trwa\u0142o\u015b\u0107. Jego naturalny sk\u0142ad zapewnia delikatn\u0105 piel\u0119gnacj\u0119 sk\u00f3ry, a doskona\u0142a ch\u0142onno\u015b\u0107 i \u0142atwo\u015b\u0107 piel\u0119gnacji sprawiaj\u0105, \u017ce jest praktycznym towarzyszem na co dzie\u0144. Niezale\u017cnie od tego, czy jest to prezent, czy od\u015bwie\u017cenie w\u0142asnej \u0142azienki \u2014 wysokiej jako\u015bci bawe\u0142niany r\u0119cznik k\u0105pielowy zawsze zapewnia luksusowe odczucie i maksymalny komfort.<\/p>\n","protected":false},"excerpt":{"rendered":"<ul>\n<li>Materia\u0142: 100% bawe\u0142na<\/li>\n<li>Rozmiar: 70&#215;140 cm \u00b13<\/li>\n<li>Gramatura: 400g\/m2<\/li>\n<\/ul>\n","protected":false},"featured_media":74654,"comment_status":"open","ping_status":"closed","template":"","meta":[],"product_brand":[],"product_cat":[674,1598,1715],"product_tag":[],"class_list":{"0":"post-74609","1":"product","2":"type-product","3":"status-publish","4":"has-post-thumbnail","6":"product_cat-reczniki-i-reczniki-kapielowe","7":"product_cat-reczniki-kapielowe","8":"product_cat-reczniki-kapielowe-70x140-cm","10":"first","11":"instock","12":"shipping-taxable","13":"purchasable","14":"product-type-variable"},"yoast_head":"<!-- This site is optimized with the Yoast SEO plugin v27.3 - https:\/\/yoast.com\/product\/yoast-seo-wordpress\/ -->\n<title>R\u0119cznik k\u0105pielowy wykonany w 100% z bawe\u0142ny | AZTEX<\/title>\n<meta name=\"description\" content=\"R\u0119cznik k\u0105pielowy z bawe\u0142ny jest mi\u0119kki, ch\u0142onny, trwa\u0142y i idealny po ciep\u0142ym prysznicu lub relaksuj\u0105cej k\u0105pieli. Naturalny materia\u0142 dba o dobre ...\" \/>\n<meta name=\"robots\" content=\"index, follow, max-snippet:-1, max-image-preview:large, max-video-preview:-1\" \/>\n<link rel=\"canonical\" href=\"https:\/\/aztex.ee\/pl\/pood\/reczniki-i-reczniki-kapielowe\/recznik-kapielowy-bawelniany\/\" \/>\n<meta property=\"og:locale\" content=\"pl_PL\" \/>\n<meta property=\"og:type\" content=\"article\" \/>\n<meta property=\"og:title\" content=\"R\u0119cznik k\u0105pielowy wykonany w 100% z bawe\u0142ny | AZTEX\" \/>\n<meta property=\"og:description\" content=\"R\u0119cznik k\u0105pielowy z bawe\u0142ny jest mi\u0119kki, ch\u0142onny, trwa\u0142y i idealny po ciep\u0142ym prysznicu lub relaksuj\u0105cej k\u0105pieli. Naturalny materia\u0142 dba o dobre ...\" \/>\n<meta property=\"og:url\" content=\"https:\/\/aztex.ee\/pl\/pood\/reczniki-i-reczniki-kapielowe\/recznik-kapielowy-bawelniany\/\" \/>\n<meta property=\"og:site_name\" content=\"AZTEX\" \/>\n<meta property=\"article:publisher\" content=\"https:\/\/www.facebook.com\/AztexEE\" \/>\n<meta property=\"article:modified_time\" content=\"2026-04-13T10:06:28+00:00\" \/>\n<meta property=\"og:image\" content=\"https:\/\/aztex.ee\/wp-content\/uploads\/2025\/03\/Vanniratik-70x140-cm-2.jpg\" \/>\n\t<meta property=\"og:image:width\" content=\"800\" \/>\n\t<meta property=\"og:image:height\" content=\"800\" \/>\n\t<meta property=\"og:image:type\" content=\"image\/jpeg\" \/>\n<meta name=\"twitter:card\" content=\"summary_large_image\" \/>\n<meta name=\"twitter:label1\" content=\"Szacowany czas czytania\" \/>\n\t<meta name=\"twitter:data1\" content=\"2 minuty\" \/>\n<script type=\"application\/ld+json\" class=\"yoast-schema-graph\">{\"@context\":\"https:\\\/\\\/schema.org\",\"@graph\":[{\"@type\":[\"WebPage\",\"ItemPage\"],\"@id\":\"https:\\\/\\\/aztex.ee\\\/pl\\\/pood\\\/reczniki-i-reczniki-kapielowe\\\/recznik-kapielowy-bawelniany\\\/\",\"url\":\"https:\\\/\\\/aztex.ee\\\/pl\\\/pood\\\/reczniki-i-reczniki-kapielowe\\\/recznik-kapielowy-bawelniany\\\/\",\"name\":\"R\u0119cznik k\u0105pielowy wykonany w 100% z bawe\u0142ny | AZTEX\",\"isPartOf\":{\"@id\":\"https:\\\/\\\/aztex.ee\\\/pl\\\/#website\"},\"primaryImageOfPage\":{\"@id\":\"https:\\\/\\\/aztex.ee\\\/pl\\\/pood\\\/reczniki-i-reczniki-kapielowe\\\/recznik-kapielowy-bawelniany\\\/#primaryimage\"},\"image\":{\"@id\":\"https:\\\/\\\/aztex.ee\\\/pl\\\/pood\\\/reczniki-i-reczniki-kapielowe\\\/recznik-kapielowy-bawelniany\\\/#primaryimage\"},\"thumbnailUrl\":\"https:\\\/\\\/aztex.ee\\\/wp-content\\\/uploads\\\/2025\\\/03\\\/Vanniratik-70x140-cm-2.jpg\",\"datePublished\":\"2025-03-29T16:14:25+00:00\",\"dateModified\":\"2026-04-13T10:06:28+00:00\",\"description\":\"R\u0119cznik k\u0105pielowy z bawe\u0142ny jest mi\u0119kki, ch\u0142onny, trwa\u0142y i idealny po ciep\u0142ym prysznicu lub relaksuj\u0105cej k\u0105pieli. Naturalny materia\u0142 dba o dobre ...\",\"breadcrumb\":{\"@id\":\"https:\\\/\\\/aztex.ee\\\/pl\\\/pood\\\/reczniki-i-reczniki-kapielowe\\\/recznik-kapielowy-bawelniany\\\/#breadcrumb\"},\"inLanguage\":\"pl-PL\",\"potentialAction\":[{\"@type\":\"ReadAction\",\"target\":[\"https:\\\/\\\/aztex.ee\\\/pl\\\/pood\\\/reczniki-i-reczniki-kapielowe\\\/recznik-kapielowy-bawelniany\\\/\"]}]},{\"@type\":\"ImageObject\",\"inLanguage\":\"pl-PL\",\"@id\":\"https:\\\/\\\/aztex.ee\\\/pl\\\/pood\\\/reczniki-i-reczniki-kapielowe\\\/recznik-kapielowy-bawelniany\\\/#primaryimage\",\"url\":\"https:\\\/\\\/aztex.ee\\\/wp-content\\\/uploads\\\/2025\\\/03\\\/Vanniratik-70x140-cm-2.jpg\",\"contentUrl\":\"https:\\\/\\\/aztex.ee\\\/wp-content\\\/uploads\\\/2025\\\/03\\\/Vanniratik-70x140-cm-2.jpg\",\"width\":800,\"height\":800,\"caption\":\"Vannir\u00e4tik 70x140 cm\"},{\"@type\":\"BreadcrumbList\",\"@id\":\"https:\\\/\\\/aztex.ee\\\/pl\\\/pood\\\/reczniki-i-reczniki-kapielowe\\\/recznik-kapielowy-bawelniany\\\/#breadcrumb\",\"itemListElement\":[{\"@type\":\"ListItem\",\"position\":1,\"name\":\"Strona g\u0142\u00f3wna\",\"item\":\"https:\\\/\\\/aztex.ee\\\/pl\\\/\"},{\"@type\":\"ListItem\",\"position\":2,\"name\":\"Sklep\",\"item\":\"https:\\\/\\\/aztex.ee\\\/pl\\\/sklep\\\/\"},{\"@type\":\"ListItem\",\"position\":3,\"name\":\"R\u0119cznik k\u0105pielowy 70&#215;140 cm\"}]},{\"@type\":\"WebSite\",\"@id\":\"https:\\\/\\\/aztex.ee\\\/pl\\\/#website\",\"url\":\"https:\\\/\\\/aztex.ee\\\/pl\\\/\",\"name\":\"AZTEX\",\"description\":\"\",\"publisher\":{\"@id\":\"https:\\\/\\\/aztex.ee\\\/pl\\\/#organization\"},\"potentialAction\":[{\"@type\":\"SearchAction\",\"target\":{\"@type\":\"EntryPoint\",\"urlTemplate\":\"https:\\\/\\\/aztex.ee\\\/pl\\\/?s={search_term_string}\"},\"query-input\":{\"@type\":\"PropertyValueSpecification\",\"valueRequired\":true,\"valueName\":\"search_term_string\"}}],\"inLanguage\":\"pl-PL\"},{\"@type\":\"Organization\",\"@id\":\"https:\\\/\\\/aztex.ee\\\/pl\\\/#organization\",\"name\":\"AZTEX\",\"url\":\"https:\\\/\\\/aztex.ee\\\/pl\\\/\",\"logo\":{\"@type\":\"ImageObject\",\"inLanguage\":\"pl-PL\",\"@id\":\"https:\\\/\\\/aztex.ee\\\/pl\\\/#\\\/schema\\\/logo\\\/image\\\/\",\"url\":\"https:\\\/\\\/aztex.ee\\\/wp-content\\\/uploads\\\/2026\\\/01\\\/AZTEX.png\",\"contentUrl\":\"https:\\\/\\\/aztex.ee\\\/wp-content\\\/uploads\\\/2026\\\/01\\\/AZTEX.png\",\"width\":500,\"height\":500,\"caption\":\"AZTEX\"},\"image\":{\"@id\":\"https:\\\/\\\/aztex.ee\\\/pl\\\/#\\\/schema\\\/logo\\\/image\\\/\"},\"sameAs\":[\"https:\\\/\\\/www.facebook.com\\\/AztexEE\",\"https:\\\/\\\/www.instagram.com\\\/aztexeesti\\\/\",\"https:\\\/\\\/www.youtube.com\\\/@AZTEXEE\",\"https:\\\/\\\/www.pinterest.com\\\/aztex_eesti\\\/\",\"https:\\\/\\\/www.tiktok.com\\\/@aztexeesti\",\"https:\\\/\\\/www.trustpilot.com\\\/review\\\/aztex.ee\",\"https:\\\/\\\/www.linkedin.com\\\/company\\\/aztex-ee\\\/\",\"https:\\\/\\\/www.wikidata.org\\\/wiki\\\/Q137560182\"]}]}<\/script>\n<!-- \/ Yoast SEO plugin. -->","yoast_head_json":{"title":"R\u0119cznik k\u0105pielowy wykonany w 100% z bawe\u0142ny | AZTEX","description":"R\u0119cznik k\u0105pielowy z bawe\u0142ny jest mi\u0119kki, ch\u0142onny, trwa\u0142y i idealny po ciep\u0142ym prysznicu lub relaksuj\u0105cej k\u0105pieli. Naturalny materia\u0142 dba o dobre ...","robots":{"index":"index","follow":"follow","max-snippet":"max-snippet:-1","max-image-preview":"max-image-preview:large","max-video-preview":"max-video-preview:-1"},"canonical":"https:\/\/aztex.ee\/pl\/pood\/reczniki-i-reczniki-kapielowe\/recznik-kapielowy-bawelniany\/","og_locale":"pl_PL","og_type":"article","og_title":"R\u0119cznik k\u0105pielowy wykonany w 100% z bawe\u0142ny | AZTEX","og_description":"R\u0119cznik k\u0105pielowy z bawe\u0142ny jest mi\u0119kki, ch\u0142onny, trwa\u0142y i idealny po ciep\u0142ym prysznicu lub relaksuj\u0105cej k\u0105pieli. Naturalny materia\u0142 dba o dobre ...","og_url":"https:\/\/aztex.ee\/pl\/pood\/reczniki-i-reczniki-kapielowe\/recznik-kapielowy-bawelniany\/","og_site_name":"AZTEX","article_publisher":"https:\/\/www.facebook.com\/AztexEE","article_modified_time":"2026-04-13T10:06:28+00:00","og_image":[{"width":800,"height":800,"url":"https:\/\/aztex.ee\/wp-content\/uploads\/2025\/03\/Vanniratik-70x140-cm-2.jpg","type":"image\/jpeg"}],"twitter_card":"summary_large_image","twitter_misc":{"Szacowany czas czytania":"2 minuty"},"schema":{"@context":"https:\/\/schema.org","@graph":[{"@type":["WebPage","ItemPage"],"@id":"https:\/\/aztex.ee\/pl\/pood\/reczniki-i-reczniki-kapielowe\/recznik-kapielowy-bawelniany\/","url":"https:\/\/aztex.ee\/pl\/pood\/reczniki-i-reczniki-kapielowe\/recznik-kapielowy-bawelniany\/","name":"R\u0119cznik k\u0105pielowy wykonany w 100% z bawe\u0142ny | AZTEX","isPartOf":{"@id":"https:\/\/aztex.ee\/pl\/#website"},"primaryImageOfPage":{"@id":"https:\/\/aztex.ee\/pl\/pood\/reczniki-i-reczniki-kapielowe\/recznik-kapielowy-bawelniany\/#primaryimage"},"image":{"@id":"https:\/\/aztex.ee\/pl\/pood\/reczniki-i-reczniki-kapielowe\/recznik-kapielowy-bawelniany\/#primaryimage"},"thumbnailUrl":"https:\/\/aztex.ee\/wp-content\/uploads\/2025\/03\/Vanniratik-70x140-cm-2.jpg","datePublished":"2025-03-29T16:14:25+00:00","dateModified":"2026-04-13T10:06:28+00:00","description":"R\u0119cznik k\u0105pielowy z bawe\u0142ny jest mi\u0119kki, ch\u0142onny, trwa\u0142y i idealny po ciep\u0142ym prysznicu lub relaksuj\u0105cej k\u0105pieli. Naturalny materia\u0142 dba o dobre ...","breadcrumb":{"@id":"https:\/\/aztex.ee\/pl\/pood\/reczniki-i-reczniki-kapielowe\/recznik-kapielowy-bawelniany\/#breadcrumb"},"inLanguage":"pl-PL","potentialAction":[{"@type":"ReadAction","target":["https:\/\/aztex.ee\/pl\/pood\/reczniki-i-reczniki-kapielowe\/recznik-kapielowy-bawelniany\/"]}]},{"@type":"ImageObject","inLanguage":"pl-PL","@id":"https:\/\/aztex.ee\/pl\/pood\/reczniki-i-reczniki-kapielowe\/recznik-kapielowy-bawelniany\/#primaryimage","url":"https:\/\/aztex.ee\/wp-content\/uploads\/2025\/03\/Vanniratik-70x140-cm-2.jpg","contentUrl":"https:\/\/aztex.ee\/wp-content\/uploads\/2025\/03\/Vanniratik-70x140-cm-2.jpg","width":800,"height":800,"caption":"Vannir\u00e4tik 70x140 cm"},{"@type":"BreadcrumbList","@id":"https:\/\/aztex.ee\/pl\/pood\/reczniki-i-reczniki-kapielowe\/recznik-kapielowy-bawelniany\/#breadcrumb","itemListElement":[{"@type":"ListItem","position":1,"name":"Strona g\u0142\u00f3wna","item":"https:\/\/aztex.ee\/pl\/"},{"@type":"ListItem","position":2,"name":"Sklep","item":"https:\/\/aztex.ee\/pl\/sklep\/"},{"@type":"ListItem","position":3,"name":"R\u0119cznik k\u0105pielowy 70&#215;140 cm"}]},{"@type":"WebSite","@id":"https:\/\/aztex.ee\/pl\/#website","url":"https:\/\/aztex.ee\/pl\/","name":"AZTEX","description":"","publisher":{"@id":"https:\/\/aztex.ee\/pl\/#organization"},"potentialAction":[{"@type":"SearchAction","target":{"@type":"EntryPoint","urlTemplate":"https:\/\/aztex.ee\/pl\/?s={search_term_string}"},"query-input":{"@type":"PropertyValueSpecification","valueRequired":true,"valueName":"search_term_string"}}],"inLanguage":"pl-PL"},{"@type":"Organization","@id":"https:\/\/aztex.ee\/pl\/#organization","name":"AZTEX","url":"https:\/\/aztex.ee\/pl\/","logo":{"@type":"ImageObject","inLanguage":"pl-PL","@id":"https:\/\/aztex.ee\/pl\/#\/schema\/logo\/image\/","url":"https:\/\/aztex.ee\/wp-content\/uploads\/2026\/01\/AZTEX.png","contentUrl":"https:\/\/aztex.ee\/wp-content\/uploads\/2026\/01\/AZTEX.png","width":500,"height":500,"caption":"AZTEX"},"image":{"@id":"https:\/\/aztex.ee\/pl\/#\/schema\/logo\/image\/"},"sameAs":["https:\/\/www.facebook.com\/AztexEE","https:\/\/www.instagram.com\/aztexeesti\/","https:\/\/www.youtube.com\/@AZTEXEE","https:\/\/www.pinterest.com\/aztex_eesti\/","https:\/\/www.tiktok.com\/@aztexeesti","https:\/\/www.trustpilot.com\/review\/aztex.ee","https:\/\/www.linkedin.com\/company\/aztex-ee\/","https:\/\/www.wikidata.org\/wiki\/Q137560182"]}]}},"_links":{"self":[{"href":"https:\/\/aztex.ee\/pl\/wp-json\/wp\/v2\/product\/74609","targetHints":{"allow":["GET"]}}],"collection":[{"href":"https:\/\/aztex.ee\/pl\/wp-json\/wp\/v2\/product"}],"about":[{"href":"https:\/\/aztex.ee\/pl\/wp-json\/wp\/v2\/types\/product"}],"replies":[{"embeddable":true,"href":"https:\/\/aztex.ee\/pl\/wp-json\/wp\/v2\/comments?post=74609"}],"version-history":[{"count":0,"href":"https:\/\/aztex.ee\/pl\/wp-json\/wp\/v2\/product\/74609\/revisions"}],"wp:featuredmedia":[{"embeddable":true,"href":"https:\/\/aztex.ee\/pl\/wp-json\/wp\/v2\/media\/74654"}],"wp:attachment":[{"href":"https:\/\/aztex.ee\/pl\/wp-json\/wp\/v2\/media?parent=74609"}],"wp:term":[{"taxonomy":"product_brand","embeddable":true,"href":"https:\/\/aztex.ee\/pl\/wp-json\/wp\/v2\/product_brand?post=74609"},{"taxonomy":"product_cat","embeddable":true,"href":"https:\/\/aztex.ee\/pl\/wp-json\/wp\/v2\/product_cat?post=74609"},{"taxonomy":"product_tag","embeddable":true,"href":"https:\/\/aztex.ee\/pl\/wp-json\/wp\/v2\/product_tag?post=74609"}],"curies":[{"name":"wp","href":"https:\/\/api.w.org\/{rel}","templated":true}]}}