{"id":73735,"date":"2025-03-28T22:57:25","date_gmt":"2025-03-28T22:57:25","guid":{"rendered":"https:\/\/aztex.ee\/?post_type=product&#038;p=73735"},"modified":"2026-04-12T18:52:31","modified_gmt":"2026-04-12T18:52:31","slug":"recznik-kapielowy","status":"publish","type":"product","link":"https:\/\/aztex.ee\/pl\/pood\/reczniki-i-reczniki-kapielowe\/recznik-kapielowy\/","title":{"rendered":"R\u0119cznik k\u0105pielowy 70&#215;140 cm"},"content":{"rendered":"<p><strong>R\u0119cznik k\u0105pielowy bawe\u0142niany &#8211; mi\u0119kki i przyjazny dla sk\u00f3ry materia\u0142<\/strong><\/p>\n<p>R\u0119cznik k\u0105pielowy bawe\u0142niany wykonany jest w 100% z wysokiej jako\u015bci bawe\u0142ny, zapewniaj\u0105c wyj\u0105tkow\u0105 mi\u0119kko\u015b\u0107 i wygod\u0119. Ka\u017cde u\u017cycie zapewnia delikatny dotyk na sk\u00f3rze, dzi\u0119ki czemu ka\u017cde mycie jest przyjemnym do\u015bwiadczeniem. Bawe\u0142na jest przyjazna dla sk\u00f3ry i nadaje si\u0119 r\u00f3wnie\u017c do sk\u00f3ry wra\u017cliwej, zapewniaj\u0105c skuteczn\u0105 ochron\u0119 przed podra\u017cnieniami.<\/p>\n<p><strong>Doskona\u0142a ch\u0142onno\u015b\u0107 i szybkie schni\u0119cie<\/strong><\/p>\n<p>G\u0119sty splot r\u0119cznika k\u0105pielowego zapewnia doskona\u0142\u0105 ch\u0142onno\u015b\u0107, co pomaga szybko wch\u0142ania\u0107 wilgo\u0107 i osusza\u0107 cia\u0142o. Jest to szczeg\u00f3lnie wa\u017cne, aby szybko czu\u0107 si\u0119 \u015bwie\u017co i sucho. Ponadto r\u0119cznik k\u0105pielowy szybko schnie, b\u0119d\u0105c gotowym do nast\u0119pnego u\u017cycia w kr\u00f3tkim czasie, bez utraty mi\u0119kko\u015bci.<\/p>\n<p><strong>D\u0142ugotrwa\u0142y i wytrzyma\u0142y<\/strong><\/p>\n<p>Dzi\u0119ki wysokiej jako\u015bci bawe\u0142nie ten r\u0119cznik k\u0105pielowy jest niezwykle trwa\u0142y, zachowuj\u0105c sw\u00f3j wygl\u0105d i w\u0142a\u015bciwo\u015bci nawet po kilku praniach. R\u0119cznik k\u0105pielowy nie traci swojej mi\u0119kko\u015bci ani ch\u0142onno\u015bci nawet przy cz\u0119stym u\u017cytkowaniu i praniu. To \u015bwietna inwestycja, kt\u00f3ra oferuje d\u0142ugotrwa\u0142y komfort i trwa\u0142o\u015b\u0107.<\/p>\n<p><strong>Uniwersalne zastosowanie<\/strong><\/p>\n<p>Bawe\u0142niany r\u0119cznik k\u0105pielowy idealnie sprawdzi si\u0119 w ka\u017cdej domowej \u0142azience, ale jest r\u00f3wnie\u017c \u015bwietnym wyborem do spa, sauny lub na pla\u017c\u0119. Niezale\u017cnie od tego, czy jest to poranny prysznic, wieczorna k\u0105piel czy dzie\u0144 wolny &#8211; ten r\u0119cznik k\u0105pielowy doda dodatkowej mi\u0119kko\u015bci i ciep\u0142a ka\u017cdej chwili.<\/p>\n<p><strong>\u0141atwo\u015b\u0107 piel\u0119gnacji<\/strong><\/p>\n<p>R\u0119cznik k\u0105pielowy jest \u0142atwy w piel\u0119gnacji &#8211; mo\u017cna go pra\u0107 w pralce i szybko schnie, zachowuj\u0105c swoj\u0105 jako\u015b\u0107 i \u015bwie\u017co\u015b\u0107 przy ka\u017cdym u\u017cyciu. Naturalne w\u0142a\u015bciwo\u015bci bawe\u0142ny sprawiaj\u0105, \u017ce jest odporny na pranie, dzi\u0119ki czemu r\u0119cznik k\u0105pielowy jest zawsze gotowy do nast\u0119pnego u\u017cycia. Nie musisz martwi\u0107 si\u0119 o blakni\u0119cie kolor\u00f3w, poniewa\u017c jest zaprojektowany tak, aby by\u0142 trwa\u0142y i zapewnia\u0142 d\u0142ugotrwa\u0142\u0105 przyjemno\u015b\u0107.<\/p>\n<p>Bawe\u0142niany r\u0119cznik k\u0105pielowy to idealny dodatek do ka\u017cdej \u0142azienki. Jego elegancki design i wysokiej jako\u015bci materia\u0142 sprawi\u0105, \u017ce codzienne czynno\u015bci b\u0119d\u0105 wyj\u0105tkowe, zapewniaj\u0105c ciep\u0142o i mi\u0119kko\u015b\u0107 przy ka\u017cdym u\u017cyciu. Trwa\u0142o\u015b\u0107 i \u0142atwo\u015b\u0107 piel\u0119gnacji r\u0119cznika k\u0105pielowego zapewniaj\u0105 d\u0142ugotrwa\u0142\u0105 przyjemno\u015b\u0107, zawsze gotow\u0105, aby zapewni\u0107 komfort ka\u017cdego dnia.<\/p>\n","protected":false},"excerpt":{"rendered":"<ul>\n<li>Materia\u0142: 100% bawe\u0142na<\/li>\n<li>Rozmiar: 70&#215;140 cm \u00b13<\/li>\n<li>Gramatura: 450g\/m2<\/li>\n<\/ul>\n","protected":false},"featured_media":73780,"comment_status":"open","ping_status":"closed","template":"","meta":[],"product_brand":[],"product_cat":[674,1598,1715],"product_tag":[],"class_list":{"0":"post-73735","1":"product","2":"type-product","3":"status-publish","4":"has-post-thumbnail","6":"product_cat-reczniki-i-reczniki-kapielowe","7":"product_cat-reczniki-kapielowe","8":"product_cat-reczniki-kapielowe-70x140-cm","10":"first","11":"instock","12":"shipping-taxable","13":"purchasable","14":"product-type-variable"},"yoast_head":"<!-- This site is optimized with the Yoast SEO plugin v27.3 - https:\/\/yoast.com\/product\/yoast-seo-wordpress\/ -->\n<title>Du\u017cy r\u0119cznik k\u0105pielowy bawe\u0142niany - Naturalny i Mi\u0119kki | AZTEX<\/title>\n<meta name=\"description\" content=\"Luksusowy, mi\u0119kki i bardzo ch\u0142onny bawe\u0142niany r\u0119cznik k\u0105pielowy szybko schnie. Trwa\u0142y i delikatny w dotyku, idealny do codziennego u\u017cytku.\" \/>\n<meta name=\"robots\" content=\"index, follow, max-snippet:-1, max-image-preview:large, max-video-preview:-1\" \/>\n<link rel=\"canonical\" href=\"https:\/\/aztex.ee\/pl\/pood\/reczniki-i-reczniki-kapielowe\/recznik-kapielowy\/\" \/>\n<meta property=\"og:locale\" content=\"pl_PL\" \/>\n<meta property=\"og:type\" content=\"article\" \/>\n<meta property=\"og:title\" content=\"Du\u017cy r\u0119cznik k\u0105pielowy bawe\u0142niany - Naturalny i Mi\u0119kki | AZTEX\" \/>\n<meta property=\"og:description\" content=\"Luksusowy, mi\u0119kki i bardzo ch\u0142onny bawe\u0142niany r\u0119cznik k\u0105pielowy szybko schnie. Trwa\u0142y i delikatny w dotyku, idealny do codziennego u\u017cytku.\" \/>\n<meta property=\"og:url\" content=\"https:\/\/aztex.ee\/pl\/pood\/reczniki-i-reczniki-kapielowe\/recznik-kapielowy\/\" \/>\n<meta property=\"og:site_name\" content=\"AZTEX\" \/>\n<meta property=\"article:publisher\" content=\"https:\/\/www.facebook.com\/AztexEE\" \/>\n<meta property=\"article:modified_time\" content=\"2026-04-12T18:52:31+00:00\" \/>\n<meta property=\"og:image\" content=\"https:\/\/aztex.ee\/wp-content\/uploads\/2025\/03\/Vanniratik-70x140-2.jpg\" \/>\n\t<meta property=\"og:image:width\" content=\"800\" \/>\n\t<meta property=\"og:image:height\" content=\"800\" \/>\n\t<meta property=\"og:image:type\" content=\"image\/jpeg\" \/>\n<meta name=\"twitter:card\" content=\"summary_large_image\" \/>\n<meta name=\"twitter:label1\" content=\"Szacowany czas czytania\" \/>\n\t<meta name=\"twitter:data1\" content=\"2 minuty\" \/>\n<script type=\"application\/ld+json\" class=\"yoast-schema-graph\">{\"@context\":\"https:\\\/\\\/schema.org\",\"@graph\":[{\"@type\":[\"WebPage\",\"ItemPage\"],\"@id\":\"https:\\\/\\\/aztex.ee\\\/pl\\\/pood\\\/reczniki-i-reczniki-kapielowe\\\/recznik-kapielowy\\\/\",\"url\":\"https:\\\/\\\/aztex.ee\\\/pl\\\/pood\\\/reczniki-i-reczniki-kapielowe\\\/recznik-kapielowy\\\/\",\"name\":\"Du\u017cy r\u0119cznik k\u0105pielowy bawe\u0142niany - Naturalny i Mi\u0119kki | AZTEX\",\"isPartOf\":{\"@id\":\"https:\\\/\\\/aztex.ee\\\/pl\\\/#website\"},\"primaryImageOfPage\":{\"@id\":\"https:\\\/\\\/aztex.ee\\\/pl\\\/pood\\\/reczniki-i-reczniki-kapielowe\\\/recznik-kapielowy\\\/#primaryimage\"},\"image\":{\"@id\":\"https:\\\/\\\/aztex.ee\\\/pl\\\/pood\\\/reczniki-i-reczniki-kapielowe\\\/recznik-kapielowy\\\/#primaryimage\"},\"thumbnailUrl\":\"https:\\\/\\\/aztex.ee\\\/wp-content\\\/uploads\\\/2025\\\/03\\\/Vanniratik-70x140-2.jpg\",\"datePublished\":\"2025-03-28T22:57:25+00:00\",\"dateModified\":\"2026-04-12T18:52:31+00:00\",\"description\":\"Luksusowy, mi\u0119kki i bardzo ch\u0142onny bawe\u0142niany r\u0119cznik k\u0105pielowy szybko schnie. Trwa\u0142y i delikatny w dotyku, idealny do codziennego u\u017cytku.\",\"breadcrumb\":{\"@id\":\"https:\\\/\\\/aztex.ee\\\/pl\\\/pood\\\/reczniki-i-reczniki-kapielowe\\\/recznik-kapielowy\\\/#breadcrumb\"},\"inLanguage\":\"pl-PL\",\"potentialAction\":[{\"@type\":\"ReadAction\",\"target\":[\"https:\\\/\\\/aztex.ee\\\/pl\\\/pood\\\/reczniki-i-reczniki-kapielowe\\\/recznik-kapielowy\\\/\"]}]},{\"@type\":\"ImageObject\",\"inLanguage\":\"pl-PL\",\"@id\":\"https:\\\/\\\/aztex.ee\\\/pl\\\/pood\\\/reczniki-i-reczniki-kapielowe\\\/recznik-kapielowy\\\/#primaryimage\",\"url\":\"https:\\\/\\\/aztex.ee\\\/wp-content\\\/uploads\\\/2025\\\/03\\\/Vanniratik-70x140-2.jpg\",\"contentUrl\":\"https:\\\/\\\/aztex.ee\\\/wp-content\\\/uploads\\\/2025\\\/03\\\/Vanniratik-70x140-2.jpg\",\"width\":800,\"height\":800,\"caption\":\"Vannir\u00e4tik 70x140\"},{\"@type\":\"BreadcrumbList\",\"@id\":\"https:\\\/\\\/aztex.ee\\\/pl\\\/pood\\\/reczniki-i-reczniki-kapielowe\\\/recznik-kapielowy\\\/#breadcrumb\",\"itemListElement\":[{\"@type\":\"ListItem\",\"position\":1,\"name\":\"Strona g\u0142\u00f3wna\",\"item\":\"https:\\\/\\\/aztex.ee\\\/pl\\\/\"},{\"@type\":\"ListItem\",\"position\":2,\"name\":\"Sklep\",\"item\":\"https:\\\/\\\/aztex.ee\\\/pl\\\/sklep\\\/\"},{\"@type\":\"ListItem\",\"position\":3,\"name\":\"R\u0119cznik k\u0105pielowy 70&#215;140 cm\"}]},{\"@type\":\"WebSite\",\"@id\":\"https:\\\/\\\/aztex.ee\\\/pl\\\/#website\",\"url\":\"https:\\\/\\\/aztex.ee\\\/pl\\\/\",\"name\":\"AZTEX\",\"description\":\"\",\"publisher\":{\"@id\":\"https:\\\/\\\/aztex.ee\\\/pl\\\/#organization\"},\"potentialAction\":[{\"@type\":\"SearchAction\",\"target\":{\"@type\":\"EntryPoint\",\"urlTemplate\":\"https:\\\/\\\/aztex.ee\\\/pl\\\/?s={search_term_string}\"},\"query-input\":{\"@type\":\"PropertyValueSpecification\",\"valueRequired\":true,\"valueName\":\"search_term_string\"}}],\"inLanguage\":\"pl-PL\"},{\"@type\":\"Organization\",\"@id\":\"https:\\\/\\\/aztex.ee\\\/pl\\\/#organization\",\"name\":\"AZTEX\",\"url\":\"https:\\\/\\\/aztex.ee\\\/pl\\\/\",\"logo\":{\"@type\":\"ImageObject\",\"inLanguage\":\"pl-PL\",\"@id\":\"https:\\\/\\\/aztex.ee\\\/pl\\\/#\\\/schema\\\/logo\\\/image\\\/\",\"url\":\"https:\\\/\\\/aztex.ee\\\/wp-content\\\/uploads\\\/2026\\\/01\\\/AZTEX.png\",\"contentUrl\":\"https:\\\/\\\/aztex.ee\\\/wp-content\\\/uploads\\\/2026\\\/01\\\/AZTEX.png\",\"width\":500,\"height\":500,\"caption\":\"AZTEX\"},\"image\":{\"@id\":\"https:\\\/\\\/aztex.ee\\\/pl\\\/#\\\/schema\\\/logo\\\/image\\\/\"},\"sameAs\":[\"https:\\\/\\\/www.facebook.com\\\/AztexEE\",\"https:\\\/\\\/www.instagram.com\\\/aztexeesti\\\/\",\"https:\\\/\\\/www.youtube.com\\\/@AZTEXEE\",\"https:\\\/\\\/www.pinterest.com\\\/aztex_eesti\\\/\",\"https:\\\/\\\/www.tiktok.com\\\/@aztexeesti\",\"https:\\\/\\\/www.trustpilot.com\\\/review\\\/aztex.ee\",\"https:\\\/\\\/www.linkedin.com\\\/company\\\/aztex-ee\\\/\",\"https:\\\/\\\/www.wikidata.org\\\/wiki\\\/Q137560182\"]}]}<\/script>\n<!-- \/ Yoast SEO plugin. -->","yoast_head_json":{"title":"Du\u017cy r\u0119cznik k\u0105pielowy bawe\u0142niany - Naturalny i Mi\u0119kki | AZTEX","description":"Luksusowy, mi\u0119kki i bardzo ch\u0142onny bawe\u0142niany r\u0119cznik k\u0105pielowy szybko schnie. Trwa\u0142y i delikatny w dotyku, idealny do codziennego u\u017cytku.","robots":{"index":"index","follow":"follow","max-snippet":"max-snippet:-1","max-image-preview":"max-image-preview:large","max-video-preview":"max-video-preview:-1"},"canonical":"https:\/\/aztex.ee\/pl\/pood\/reczniki-i-reczniki-kapielowe\/recznik-kapielowy\/","og_locale":"pl_PL","og_type":"article","og_title":"Du\u017cy r\u0119cznik k\u0105pielowy bawe\u0142niany - Naturalny i Mi\u0119kki | AZTEX","og_description":"Luksusowy, mi\u0119kki i bardzo ch\u0142onny bawe\u0142niany r\u0119cznik k\u0105pielowy szybko schnie. Trwa\u0142y i delikatny w dotyku, idealny do codziennego u\u017cytku.","og_url":"https:\/\/aztex.ee\/pl\/pood\/reczniki-i-reczniki-kapielowe\/recznik-kapielowy\/","og_site_name":"AZTEX","article_publisher":"https:\/\/www.facebook.com\/AztexEE","article_modified_time":"2026-04-12T18:52:31+00:00","og_image":[{"width":800,"height":800,"url":"https:\/\/aztex.ee\/wp-content\/uploads\/2025\/03\/Vanniratik-70x140-2.jpg","type":"image\/jpeg"}],"twitter_card":"summary_large_image","twitter_misc":{"Szacowany czas czytania":"2 minuty"},"schema":{"@context":"https:\/\/schema.org","@graph":[{"@type":["WebPage","ItemPage"],"@id":"https:\/\/aztex.ee\/pl\/pood\/reczniki-i-reczniki-kapielowe\/recznik-kapielowy\/","url":"https:\/\/aztex.ee\/pl\/pood\/reczniki-i-reczniki-kapielowe\/recznik-kapielowy\/","name":"Du\u017cy r\u0119cznik k\u0105pielowy bawe\u0142niany - Naturalny i Mi\u0119kki | AZTEX","isPartOf":{"@id":"https:\/\/aztex.ee\/pl\/#website"},"primaryImageOfPage":{"@id":"https:\/\/aztex.ee\/pl\/pood\/reczniki-i-reczniki-kapielowe\/recznik-kapielowy\/#primaryimage"},"image":{"@id":"https:\/\/aztex.ee\/pl\/pood\/reczniki-i-reczniki-kapielowe\/recznik-kapielowy\/#primaryimage"},"thumbnailUrl":"https:\/\/aztex.ee\/wp-content\/uploads\/2025\/03\/Vanniratik-70x140-2.jpg","datePublished":"2025-03-28T22:57:25+00:00","dateModified":"2026-04-12T18:52:31+00:00","description":"Luksusowy, mi\u0119kki i bardzo ch\u0142onny bawe\u0142niany r\u0119cznik k\u0105pielowy szybko schnie. Trwa\u0142y i delikatny w dotyku, idealny do codziennego u\u017cytku.","breadcrumb":{"@id":"https:\/\/aztex.ee\/pl\/pood\/reczniki-i-reczniki-kapielowe\/recznik-kapielowy\/#breadcrumb"},"inLanguage":"pl-PL","potentialAction":[{"@type":"ReadAction","target":["https:\/\/aztex.ee\/pl\/pood\/reczniki-i-reczniki-kapielowe\/recznik-kapielowy\/"]}]},{"@type":"ImageObject","inLanguage":"pl-PL","@id":"https:\/\/aztex.ee\/pl\/pood\/reczniki-i-reczniki-kapielowe\/recznik-kapielowy\/#primaryimage","url":"https:\/\/aztex.ee\/wp-content\/uploads\/2025\/03\/Vanniratik-70x140-2.jpg","contentUrl":"https:\/\/aztex.ee\/wp-content\/uploads\/2025\/03\/Vanniratik-70x140-2.jpg","width":800,"height":800,"caption":"Vannir\u00e4tik 70x140"},{"@type":"BreadcrumbList","@id":"https:\/\/aztex.ee\/pl\/pood\/reczniki-i-reczniki-kapielowe\/recznik-kapielowy\/#breadcrumb","itemListElement":[{"@type":"ListItem","position":1,"name":"Strona g\u0142\u00f3wna","item":"https:\/\/aztex.ee\/pl\/"},{"@type":"ListItem","position":2,"name":"Sklep","item":"https:\/\/aztex.ee\/pl\/sklep\/"},{"@type":"ListItem","position":3,"name":"R\u0119cznik k\u0105pielowy 70&#215;140 cm"}]},{"@type":"WebSite","@id":"https:\/\/aztex.ee\/pl\/#website","url":"https:\/\/aztex.ee\/pl\/","name":"AZTEX","description":"","publisher":{"@id":"https:\/\/aztex.ee\/pl\/#organization"},"potentialAction":[{"@type":"SearchAction","target":{"@type":"EntryPoint","urlTemplate":"https:\/\/aztex.ee\/pl\/?s={search_term_string}"},"query-input":{"@type":"PropertyValueSpecification","valueRequired":true,"valueName":"search_term_string"}}],"inLanguage":"pl-PL"},{"@type":"Organization","@id":"https:\/\/aztex.ee\/pl\/#organization","name":"AZTEX","url":"https:\/\/aztex.ee\/pl\/","logo":{"@type":"ImageObject","inLanguage":"pl-PL","@id":"https:\/\/aztex.ee\/pl\/#\/schema\/logo\/image\/","url":"https:\/\/aztex.ee\/wp-content\/uploads\/2026\/01\/AZTEX.png","contentUrl":"https:\/\/aztex.ee\/wp-content\/uploads\/2026\/01\/AZTEX.png","width":500,"height":500,"caption":"AZTEX"},"image":{"@id":"https:\/\/aztex.ee\/pl\/#\/schema\/logo\/image\/"},"sameAs":["https:\/\/www.facebook.com\/AztexEE","https:\/\/www.instagram.com\/aztexeesti\/","https:\/\/www.youtube.com\/@AZTEXEE","https:\/\/www.pinterest.com\/aztex_eesti\/","https:\/\/www.tiktok.com\/@aztexeesti","https:\/\/www.trustpilot.com\/review\/aztex.ee","https:\/\/www.linkedin.com\/company\/aztex-ee\/","https:\/\/www.wikidata.org\/wiki\/Q137560182"]}]}},"_links":{"self":[{"href":"https:\/\/aztex.ee\/pl\/wp-json\/wp\/v2\/product\/73735","targetHints":{"allow":["GET"]}}],"collection":[{"href":"https:\/\/aztex.ee\/pl\/wp-json\/wp\/v2\/product"}],"about":[{"href":"https:\/\/aztex.ee\/pl\/wp-json\/wp\/v2\/types\/product"}],"replies":[{"embeddable":true,"href":"https:\/\/aztex.ee\/pl\/wp-json\/wp\/v2\/comments?post=73735"}],"version-history":[{"count":0,"href":"https:\/\/aztex.ee\/pl\/wp-json\/wp\/v2\/product\/73735\/revisions"}],"wp:featuredmedia":[{"embeddable":true,"href":"https:\/\/aztex.ee\/pl\/wp-json\/wp\/v2\/media\/73780"}],"wp:attachment":[{"href":"https:\/\/aztex.ee\/pl\/wp-json\/wp\/v2\/media?parent=73735"}],"wp:term":[{"taxonomy":"product_brand","embeddable":true,"href":"https:\/\/aztex.ee\/pl\/wp-json\/wp\/v2\/product_brand?post=73735"},{"taxonomy":"product_cat","embeddable":true,"href":"https:\/\/aztex.ee\/pl\/wp-json\/wp\/v2\/product_cat?post=73735"},{"taxonomy":"product_tag","embeddable":true,"href":"https:\/\/aztex.ee\/pl\/wp-json\/wp\/v2\/product_tag?post=73735"}],"curies":[{"name":"wp","href":"https:\/\/api.w.org\/{rel}","templated":true}]}}