{"id":69243,"date":"2025-03-20T07:14:30","date_gmt":"2025-03-20T07:14:30","guid":{"rendered":"https:\/\/aztex.ee\/?post_type=product&#038;p=69243"},"modified":"2026-03-27T14:59:31","modified_gmt":"2026-03-27T14:59:31","slug":"koc-poduszka-2w1","status":"publish","type":"product","link":"https:\/\/aztex.ee\/pl\/pood\/swiat-dziecka\/koc-poduszka-2w1\/","title":{"rendered":"Koc Poduszka 2w1"},"content":{"rendered":"<p><strong>Poduszka i kocyk dla dzieci 2 w 1 &#8211; doskona\u0142y komfort i praktyczno\u015b\u0107 w ka\u017cdej sytuacji<\/strong><\/p>\n<p><strong>Kompaktowe i oszcz\u0119dzaj\u0105ce miejsce rozwi\u0105zanie do ka\u017cdego otoczenia<\/strong><\/p>\n<p>Poduszka i kocyk dla dzieci 2 w 1 to idealne rozwi\u0105zanie dla dzieci, kt\u00f3re potrzebuj\u0105 komfortu i ciep\u0142a w ka\u017cdej sytuacji. Kompaktowa i \u0142atwa do przenoszenia konstrukcja sprawia, \u017ce \u200b\u200bjest to \u015bwietny wyb\u00f3r do domu, podr\u00f3\u017cy lub dzieci\u0119cych sypialni. Wyj\u0105tkowa, oszcz\u0119dzaj\u0105ca miejsce konstrukcja sprawia, \u017ce \u200b\u200bprodukt idealnie pasuje r\u00f3wnie\u017c do samochodu, zapewniaj\u0105c dzieciom ciep\u0142o i wygod\u0119 w ka\u017cdej chwili, gdy najbardziej tego potrzebuj\u0105. Niewa\u017cne, czy jeste\u015b w domu, czy w podr\u00f3\u017cy &#8211; to rozwi\u0105zanie 2 w 1 zapewnia komfortowe wakacje w ka\u017cdym miejscu.<\/p>\n<p><strong>Uniwersalny i praktyczny w ka\u017cdej sytuacji<\/strong><\/p>\n<p>Ten wszechstronny produkt nadaje si\u0119 na ka\u017cd\u0105 okazj\u0119, w tym na codzienne \u017cycie dzieci. Niezale\u017cnie od tego, czy relaksujesz si\u0119 w domu po szkole, czy w podr\u00f3\u017cy &#8211; ten produkt oferuje dok\u0142adnie to, czego Twoje dziecko potrzebuje w ka\u017cdej chwili. Kompaktowy i \u0142atwy w u\u017cyciu, doskonale nadaje si\u0119 r\u00f3wnie\u017c na kemping, wakacje, a nawet wycieczki samochodowe. Ten produkt zapewnia ciep\u0142o i wygod\u0119 dzieciom, gdziekolwiek tego potrzebuj\u0105.<\/p>\n<p><strong>\u0141atwy w u\u017cyciu i utrzymaniu<\/strong><\/p>\n<p>Poduszka i kocyk dla dzieci 2 w 1 s\u0105 wykonane z najlepszych materia\u0142\u00f3w, aby zapewni\u0107 d\u0142ugotrwa\u0142\u0105 trwa\u0142o\u015b\u0107. Zosta\u0142 zaprojektowany tak, aby by\u0142 \u0142atwy nie tylko w u\u017cyciu, ale tak\u017ce w utrzymaniu. Dla rodzin z dzie\u0107mi, gdzie szybko\u015b\u0107 i prostota s\u0105 wa\u017cne, ten produkt oferuje du\u017cy komfort i praktyczno\u015b\u0107. Dzi\u0119ki \u0142atwej piel\u0119gnacji mo\u017cna go \u0142atwo pra\u0107, aby zapewni\u0107 higien\u0119 i \u015bwie\u017co\u015b\u0107 w codziennym u\u017cytkowaniu.<\/p>\n<p><strong>Idealny towarzysz podr\u00f3\u017cy i domowy dodatek dla dzieci<\/strong><\/p>\n<p>Ta poduszka i kocyk 2 w 1 to idealny towarzysz podr\u00f3\u017cy, poniewa\u017c jest lekki, kompaktowy i praktyczny. Zabierz go ze sob\u0105 zawsze, aby zapewni\u0107 dzieciom relaks i ciep\u0142o w ka\u017cdej chwili. W domu idealnie uzupe\u0142ni pok\u00f3j dzieci\u0119cy, zapewniaj\u0105c doskona\u0142y komfort ka\u017cdemu u\u017cytkownikowi. Niezale\u017cnie od tego, czy podr\u00f3\u017cujesz, czy relaksujesz si\u0119 w domu &#8211; poduszka i kocyk 2 w 1 sprawi\u0105, \u017ce ka\u017cda chwila b\u0119dzie przyjemniejsza, b\u0119d\u0105c idealnym towarzyszem ka\u017cdej ma\u0142ej przygody.<\/p>\n","protected":false},"excerpt":{"rendered":"<ul>\n<li>Materia\u0142: Runo koralowe<\/li>\n<li>Rozmiar: 40&#215;40 cm \u2013 roz\u0142o\u017cony 105&#215;155 cm<\/li>\n<li>Gramatura: 1,1 kg<\/li>\n<\/ul>\n","protected":false},"featured_media":69312,"comment_status":"open","ping_status":"closed","template":"","meta":[],"product_brand":[],"product_cat":[2242,2221],"product_tag":[],"class_list":{"0":"post-69243","1":"product","2":"type-product","3":"status-publish","4":"has-post-thumbnail","6":"product_cat-kocyki-dla-dzieci-i-niemowlat","7":"product_cat-swiat-dziecka","9":"first","10":"instock","11":"shipping-taxable","12":"purchasable","13":"product-type-variable"},"yoast_head":"<!-- This site is optimized with the Yoast SEO plugin v27.3 - https:\/\/yoast.com\/product\/yoast-seo-wordpress\/ -->\n<title>Koc Poduszka 2w1 | AZTEX<\/title>\n<meta name=\"description\" content=\"Poduszka i kocyk dla dzieci 2w1 to kompaktowe, wysokiej jako\u015bci i oszcz\u0119dzaj\u0105ce miejsce rozwi\u0105zanie, kt\u00f3re idealnie sprawdzi si\u0119 podczas wypoczynku w domu\" \/>\n<meta name=\"robots\" content=\"index, follow, max-snippet:-1, max-image-preview:large, max-video-preview:-1\" \/>\n<link rel=\"canonical\" href=\"https:\/\/aztex.ee\/pl\/pood\/swiat-dziecka\/koc-poduszka-2w1\/\" \/>\n<meta property=\"og:locale\" content=\"pl_PL\" \/>\n<meta property=\"og:type\" content=\"article\" \/>\n<meta property=\"og:title\" content=\"Koc Poduszka 2w1 | AZTEX\" \/>\n<meta property=\"og:description\" content=\"Poduszka i kocyk dla dzieci 2w1 to kompaktowe, wysokiej jako\u015bci i oszcz\u0119dzaj\u0105ce miejsce rozwi\u0105zanie, kt\u00f3re idealnie sprawdzi si\u0119 podczas wypoczynku w domu\" \/>\n<meta property=\"og:url\" content=\"https:\/\/aztex.ee\/pl\/pood\/swiat-dziecka\/koc-poduszka-2w1\/\" \/>\n<meta property=\"og:site_name\" content=\"AZTEX\" \/>\n<meta property=\"article:publisher\" content=\"https:\/\/www.facebook.com\/AztexEE\" \/>\n<meta property=\"article:modified_time\" content=\"2026-03-27T14:59:31+00:00\" \/>\n<meta property=\"og:image\" content=\"https:\/\/aztex.ee\/wp-content\/uploads\/2025\/03\/Padi-ja-tekk-2-in-1.jpg\" \/>\n\t<meta property=\"og:image:width\" content=\"800\" \/>\n\t<meta property=\"og:image:height\" content=\"800\" \/>\n\t<meta property=\"og:image:type\" content=\"image\/jpeg\" \/>\n<meta name=\"twitter:card\" content=\"summary_large_image\" \/>\n<meta name=\"twitter:label1\" content=\"Szacowany czas czytania\" \/>\n\t<meta name=\"twitter:data1\" content=\"2 minuty\" \/>\n<script type=\"application\/ld+json\" class=\"yoast-schema-graph\">{\"@context\":\"https:\\\/\\\/schema.org\",\"@graph\":[{\"@type\":[\"WebPage\",\"ItemPage\"],\"@id\":\"https:\\\/\\\/aztex.ee\\\/pl\\\/pood\\\/swiat-dziecka\\\/koc-poduszka-2w1\\\/\",\"url\":\"https:\\\/\\\/aztex.ee\\\/pl\\\/pood\\\/swiat-dziecka\\\/koc-poduszka-2w1\\\/\",\"name\":\"Koc Poduszka 2w1 | AZTEX\",\"isPartOf\":{\"@id\":\"https:\\\/\\\/aztex.ee\\\/pl\\\/#website\"},\"primaryImageOfPage\":{\"@id\":\"https:\\\/\\\/aztex.ee\\\/pl\\\/pood\\\/swiat-dziecka\\\/koc-poduszka-2w1\\\/#primaryimage\"},\"image\":{\"@id\":\"https:\\\/\\\/aztex.ee\\\/pl\\\/pood\\\/swiat-dziecka\\\/koc-poduszka-2w1\\\/#primaryimage\"},\"thumbnailUrl\":\"https:\\\/\\\/aztex.ee\\\/wp-content\\\/uploads\\\/2025\\\/03\\\/Padi-ja-tekk-2-in-1.jpg\",\"datePublished\":\"2025-03-20T07:14:30+00:00\",\"dateModified\":\"2026-03-27T14:59:31+00:00\",\"description\":\"Poduszka i kocyk dla dzieci 2w1 to kompaktowe, wysokiej jako\u015bci i oszcz\u0119dzaj\u0105ce miejsce rozwi\u0105zanie, kt\u00f3re idealnie sprawdzi si\u0119 podczas wypoczynku w domu\",\"breadcrumb\":{\"@id\":\"https:\\\/\\\/aztex.ee\\\/pl\\\/pood\\\/swiat-dziecka\\\/koc-poduszka-2w1\\\/#breadcrumb\"},\"inLanguage\":\"pl-PL\",\"potentialAction\":[{\"@type\":\"ReadAction\",\"target\":[\"https:\\\/\\\/aztex.ee\\\/pl\\\/pood\\\/swiat-dziecka\\\/koc-poduszka-2w1\\\/\"]}]},{\"@type\":\"ImageObject\",\"inLanguage\":\"pl-PL\",\"@id\":\"https:\\\/\\\/aztex.ee\\\/pl\\\/pood\\\/swiat-dziecka\\\/koc-poduszka-2w1\\\/#primaryimage\",\"url\":\"https:\\\/\\\/aztex.ee\\\/wp-content\\\/uploads\\\/2025\\\/03\\\/Padi-ja-tekk-2-in-1.jpg\",\"contentUrl\":\"https:\\\/\\\/aztex.ee\\\/wp-content\\\/uploads\\\/2025\\\/03\\\/Padi-ja-tekk-2-in-1.jpg\",\"width\":800,\"height\":800,\"caption\":\"Padi ja tekk 2 in 1\"},{\"@type\":\"BreadcrumbList\",\"@id\":\"https:\\\/\\\/aztex.ee\\\/pl\\\/pood\\\/swiat-dziecka\\\/koc-poduszka-2w1\\\/#breadcrumb\",\"itemListElement\":[{\"@type\":\"ListItem\",\"position\":1,\"name\":\"Strona g\u0142\u00f3wna\",\"item\":\"https:\\\/\\\/aztex.ee\\\/pl\\\/\"},{\"@type\":\"ListItem\",\"position\":2,\"name\":\"Sklep\",\"item\":\"https:\\\/\\\/aztex.ee\\\/pl\\\/sklep\\\/\"},{\"@type\":\"ListItem\",\"position\":3,\"name\":\"Koc Poduszka 2w1\"}]},{\"@type\":\"WebSite\",\"@id\":\"https:\\\/\\\/aztex.ee\\\/pl\\\/#website\",\"url\":\"https:\\\/\\\/aztex.ee\\\/pl\\\/\",\"name\":\"AZTEX\",\"description\":\"\",\"publisher\":{\"@id\":\"https:\\\/\\\/aztex.ee\\\/pl\\\/#organization\"},\"potentialAction\":[{\"@type\":\"SearchAction\",\"target\":{\"@type\":\"EntryPoint\",\"urlTemplate\":\"https:\\\/\\\/aztex.ee\\\/pl\\\/?s={search_term_string}\"},\"query-input\":{\"@type\":\"PropertyValueSpecification\",\"valueRequired\":true,\"valueName\":\"search_term_string\"}}],\"inLanguage\":\"pl-PL\"},{\"@type\":\"Organization\",\"@id\":\"https:\\\/\\\/aztex.ee\\\/pl\\\/#organization\",\"name\":\"AZTEX\",\"url\":\"https:\\\/\\\/aztex.ee\\\/pl\\\/\",\"logo\":{\"@type\":\"ImageObject\",\"inLanguage\":\"pl-PL\",\"@id\":\"https:\\\/\\\/aztex.ee\\\/pl\\\/#\\\/schema\\\/logo\\\/image\\\/\",\"url\":\"https:\\\/\\\/aztex.ee\\\/wp-content\\\/uploads\\\/2026\\\/01\\\/AZTEX.png\",\"contentUrl\":\"https:\\\/\\\/aztex.ee\\\/wp-content\\\/uploads\\\/2026\\\/01\\\/AZTEX.png\",\"width\":500,\"height\":500,\"caption\":\"AZTEX\"},\"image\":{\"@id\":\"https:\\\/\\\/aztex.ee\\\/pl\\\/#\\\/schema\\\/logo\\\/image\\\/\"},\"sameAs\":[\"https:\\\/\\\/www.facebook.com\\\/AztexEE\",\"https:\\\/\\\/www.instagram.com\\\/aztexeesti\\\/\",\"https:\\\/\\\/www.youtube.com\\\/@AZTEXEE\",\"https:\\\/\\\/www.pinterest.com\\\/aztex_eesti\\\/\",\"https:\\\/\\\/www.tiktok.com\\\/@aztexeesti\",\"https:\\\/\\\/www.trustpilot.com\\\/review\\\/aztex.ee\",\"https:\\\/\\\/www.linkedin.com\\\/company\\\/aztex-ee\\\/\",\"https:\\\/\\\/www.wikidata.org\\\/wiki\\\/Q137560182\"]}]}<\/script>\n<!-- \/ Yoast SEO plugin. -->","yoast_head_json":{"title":"Koc Poduszka 2w1 | AZTEX","description":"Poduszka i kocyk dla dzieci 2w1 to kompaktowe, wysokiej jako\u015bci i oszcz\u0119dzaj\u0105ce miejsce rozwi\u0105zanie, kt\u00f3re idealnie sprawdzi si\u0119 podczas wypoczynku w domu","robots":{"index":"index","follow":"follow","max-snippet":"max-snippet:-1","max-image-preview":"max-image-preview:large","max-video-preview":"max-video-preview:-1"},"canonical":"https:\/\/aztex.ee\/pl\/pood\/swiat-dziecka\/koc-poduszka-2w1\/","og_locale":"pl_PL","og_type":"article","og_title":"Koc Poduszka 2w1 | AZTEX","og_description":"Poduszka i kocyk dla dzieci 2w1 to kompaktowe, wysokiej jako\u015bci i oszcz\u0119dzaj\u0105ce miejsce rozwi\u0105zanie, kt\u00f3re idealnie sprawdzi si\u0119 podczas wypoczynku w domu","og_url":"https:\/\/aztex.ee\/pl\/pood\/swiat-dziecka\/koc-poduszka-2w1\/","og_site_name":"AZTEX","article_publisher":"https:\/\/www.facebook.com\/AztexEE","article_modified_time":"2026-03-27T14:59:31+00:00","og_image":[{"width":800,"height":800,"url":"https:\/\/aztex.ee\/wp-content\/uploads\/2025\/03\/Padi-ja-tekk-2-in-1.jpg","type":"image\/jpeg"}],"twitter_card":"summary_large_image","twitter_misc":{"Szacowany czas czytania":"2 minuty"},"schema":{"@context":"https:\/\/schema.org","@graph":[{"@type":["WebPage","ItemPage"],"@id":"https:\/\/aztex.ee\/pl\/pood\/swiat-dziecka\/koc-poduszka-2w1\/","url":"https:\/\/aztex.ee\/pl\/pood\/swiat-dziecka\/koc-poduszka-2w1\/","name":"Koc Poduszka 2w1 | AZTEX","isPartOf":{"@id":"https:\/\/aztex.ee\/pl\/#website"},"primaryImageOfPage":{"@id":"https:\/\/aztex.ee\/pl\/pood\/swiat-dziecka\/koc-poduszka-2w1\/#primaryimage"},"image":{"@id":"https:\/\/aztex.ee\/pl\/pood\/swiat-dziecka\/koc-poduszka-2w1\/#primaryimage"},"thumbnailUrl":"https:\/\/aztex.ee\/wp-content\/uploads\/2025\/03\/Padi-ja-tekk-2-in-1.jpg","datePublished":"2025-03-20T07:14:30+00:00","dateModified":"2026-03-27T14:59:31+00:00","description":"Poduszka i kocyk dla dzieci 2w1 to kompaktowe, wysokiej jako\u015bci i oszcz\u0119dzaj\u0105ce miejsce rozwi\u0105zanie, kt\u00f3re idealnie sprawdzi si\u0119 podczas wypoczynku w domu","breadcrumb":{"@id":"https:\/\/aztex.ee\/pl\/pood\/swiat-dziecka\/koc-poduszka-2w1\/#breadcrumb"},"inLanguage":"pl-PL","potentialAction":[{"@type":"ReadAction","target":["https:\/\/aztex.ee\/pl\/pood\/swiat-dziecka\/koc-poduszka-2w1\/"]}]},{"@type":"ImageObject","inLanguage":"pl-PL","@id":"https:\/\/aztex.ee\/pl\/pood\/swiat-dziecka\/koc-poduszka-2w1\/#primaryimage","url":"https:\/\/aztex.ee\/wp-content\/uploads\/2025\/03\/Padi-ja-tekk-2-in-1.jpg","contentUrl":"https:\/\/aztex.ee\/wp-content\/uploads\/2025\/03\/Padi-ja-tekk-2-in-1.jpg","width":800,"height":800,"caption":"Padi ja tekk 2 in 1"},{"@type":"BreadcrumbList","@id":"https:\/\/aztex.ee\/pl\/pood\/swiat-dziecka\/koc-poduszka-2w1\/#breadcrumb","itemListElement":[{"@type":"ListItem","position":1,"name":"Strona g\u0142\u00f3wna","item":"https:\/\/aztex.ee\/pl\/"},{"@type":"ListItem","position":2,"name":"Sklep","item":"https:\/\/aztex.ee\/pl\/sklep\/"},{"@type":"ListItem","position":3,"name":"Koc Poduszka 2w1"}]},{"@type":"WebSite","@id":"https:\/\/aztex.ee\/pl\/#website","url":"https:\/\/aztex.ee\/pl\/","name":"AZTEX","description":"","publisher":{"@id":"https:\/\/aztex.ee\/pl\/#organization"},"potentialAction":[{"@type":"SearchAction","target":{"@type":"EntryPoint","urlTemplate":"https:\/\/aztex.ee\/pl\/?s={search_term_string}"},"query-input":{"@type":"PropertyValueSpecification","valueRequired":true,"valueName":"search_term_string"}}],"inLanguage":"pl-PL"},{"@type":"Organization","@id":"https:\/\/aztex.ee\/pl\/#organization","name":"AZTEX","url":"https:\/\/aztex.ee\/pl\/","logo":{"@type":"ImageObject","inLanguage":"pl-PL","@id":"https:\/\/aztex.ee\/pl\/#\/schema\/logo\/image\/","url":"https:\/\/aztex.ee\/wp-content\/uploads\/2026\/01\/AZTEX.png","contentUrl":"https:\/\/aztex.ee\/wp-content\/uploads\/2026\/01\/AZTEX.png","width":500,"height":500,"caption":"AZTEX"},"image":{"@id":"https:\/\/aztex.ee\/pl\/#\/schema\/logo\/image\/"},"sameAs":["https:\/\/www.facebook.com\/AztexEE","https:\/\/www.instagram.com\/aztexeesti\/","https:\/\/www.youtube.com\/@AZTEXEE","https:\/\/www.pinterest.com\/aztex_eesti\/","https:\/\/www.tiktok.com\/@aztexeesti","https:\/\/www.trustpilot.com\/review\/aztex.ee","https:\/\/www.linkedin.com\/company\/aztex-ee\/","https:\/\/www.wikidata.org\/wiki\/Q137560182"]}]}},"_links":{"self":[{"href":"https:\/\/aztex.ee\/pl\/wp-json\/wp\/v2\/product\/69243","targetHints":{"allow":["GET"]}}],"collection":[{"href":"https:\/\/aztex.ee\/pl\/wp-json\/wp\/v2\/product"}],"about":[{"href":"https:\/\/aztex.ee\/pl\/wp-json\/wp\/v2\/types\/product"}],"replies":[{"embeddable":true,"href":"https:\/\/aztex.ee\/pl\/wp-json\/wp\/v2\/comments?post=69243"}],"version-history":[{"count":0,"href":"https:\/\/aztex.ee\/pl\/wp-json\/wp\/v2\/product\/69243\/revisions"}],"wp:featuredmedia":[{"embeddable":true,"href":"https:\/\/aztex.ee\/pl\/wp-json\/wp\/v2\/media\/69312"}],"wp:attachment":[{"href":"https:\/\/aztex.ee\/pl\/wp-json\/wp\/v2\/media?parent=69243"}],"wp:term":[{"taxonomy":"product_brand","embeddable":true,"href":"https:\/\/aztex.ee\/pl\/wp-json\/wp\/v2\/product_brand?post=69243"},{"taxonomy":"product_cat","embeddable":true,"href":"https:\/\/aztex.ee\/pl\/wp-json\/wp\/v2\/product_cat?post=69243"},{"taxonomy":"product_tag","embeddable":true,"href":"https:\/\/aztex.ee\/pl\/wp-json\/wp\/v2\/product_tag?post=69243"}],"curies":[{"name":"wp","href":"https:\/\/api.w.org\/{rel}","templated":true}]}}