{"id":68920,"date":"2025-03-19T15:50:35","date_gmt":"2025-03-19T15:50:35","guid":{"rendered":"https:\/\/aztex.ee\/pood\/bez-kategorii\/laste-voodipesukomplekt\/"},"modified":"2026-03-08T15:03:17","modified_gmt":"2026-03-08T15:03:17","slug":"komplet-poscieli-dzieciecej","status":"publish","type":"product","link":"https:\/\/aztex.ee\/pl\/pood\/swiat-dziecka\/komplet-poscieli-dzieciecej\/","title":{"rendered":"Komplet po\u015bcieli dzieci\u0119cej"},"content":{"rendered":"<p><strong>Zestaw po\u015bcieli dzieci\u0119cej &#8211; mi\u0119kko\u015b\u0107 i rado\u015b\u0107 w ka\u017cdym \u015bnie<\/strong><\/p>\n<p><strong>100% bawe\u0142ny &#8211; naturalnie mi\u0119kka i oddychaj\u0105ca<\/strong><\/p>\n<p>Sen dziecka jest kluczowy dla wzrostu i odpoczynku. Aby zapewni\u0107 komfortow\u0105 i spokojn\u0105 noc, po\u015bciel ta jest wykonana w 100% z oddychaj\u0105cej i mi\u0119kkiej bawe\u0142ny. Tkanina bawe\u0142niana dobrze wch\u0142ania wilgo\u0107, pomaga cia\u0142u utrzyma\u0107 optymaln\u0105 temperatur\u0119 i jest przyjazna dla sk\u00f3ry nawet wra\u017cliwej. Zapewnia to przyjemny i bezpieczny sen przez ca\u0142y rok. Latem utrzymuje ch\u0142\u00f3d, a zim\u0105 ciep\u0142o. Ponadto po\u015bciel jest lekka i delikatna, zapewniaj\u0105c dziecku przytulne i mi\u0119kkie uczucie, co pomaga mu si\u0119 zrelaksowa\u0107 i szybciej zasn\u0105\u0107.<\/p>\n<p><strong>Weso\u0142e wzory do radosnego pokoju<\/strong><\/p>\n<p>Dzieci odkrywaj\u0105 \u015bwiat poprzez zabaw\u0119, kolory i kszta\u0142ty. Ten zestaw po\u015bcieli ma urocze i radosne nadruki, dzi\u0119ki czemu sypialnia jest cieplejsza i bardziej zach\u0119caj\u0105ca. Istnieje wiele wzor\u00f3w do wyboru, aby zapewni\u0107 ka\u017cdemu dziecku miejsce do spania, kt\u00f3re lubi. Zabawne wzory nie s\u0105 tylko dekoracyjne \u2013 przyczyniaj\u0105 si\u0119 r\u00f3wnie\u017c do rozwoju wyobra\u017ani dziecka, zamieniaj\u0105c \u0142\u00f3\u017cko nie tylko w miejsce do spania, ale tak\u017ce w kreatywne \u015brodowisko, w kt\u00f3rym mo\u017ce rozpocz\u0105\u0107 si\u0119 kolejna przygoda.<\/p>\n<p><strong>Komfort i praktyczno\u015b\u0107 do codziennego u\u017cytku<\/strong><\/p>\n<p>Opr\u00f3cz pi\u0119knego wygl\u0105du, ten zestaw po\u015bcieli jest r\u00f3wnie\u017c praktyczny i trwa\u0142y. Poniewa\u017c po\u015bciel dzieci\u0119ca wymaga cz\u0119stego prania, zestaw jest wykonany z \u0142atwego w piel\u0119gnacji materia\u0142u \u2013 mo\u017cna go pra\u0107 w pralce, szybko schnie i zachowuje swoje kolory i mi\u0119kko\u015b\u0107 nawet po wielokrotnym praniu. Tkanina bawe\u0142niana jest trwa\u0142a i odporna na zu\u017cycie, dlatego pozostaje pi\u0119kna przez d\u0142ugi czas i wytrzymuje aktywne u\u017cytkowanie. Tkanina nie traci kszta\u0142tu ani nie staje si\u0119 szorstka w praniu, zawsze zachowuj\u0105c przyjemn\u0105 mi\u0119kko\u015b\u0107.<\/p>\n<p><strong>Nadaje si\u0119 do ka\u017cdego pokoju dzieci\u0119cego \u2013 szeroka gama kolor\u00f3w i wzor\u00f3w<\/strong><\/p>\n<p>Zestaw po\u015bcieli dzieci\u0119cej jest dost\u0119pny w kilku r\u00f3\u017cnych kolorach i wzorach, aby pasowa\u0142 do ka\u017cdego pokoju dzieci\u0119cego. Niezale\u017cnie od tego, czy pok\u00f3j jest minimalistyczny, czy pe\u0142en jasnych kolor\u00f3w \u2013 ten zestaw dodaje przytulno\u015bci i tworzy przyjemn\u0105 atmosfer\u0119, w kt\u00f3rej dziecko czuje si\u0119 bezpiecznie i komfortowo.<\/p>\n<p><strong>Bawe\u0142niany komplet po\u015bcieli dzieci\u0119cej &#8211; pocz\u0105tek spe\u0142niania marze\u0144<\/strong><\/p>\n<p>Dobry sen jest niezb\u0119dny dla dobrego samopoczucia i rozwoju dziecka. Mi\u0119kki, oddychaj\u0105cy i uroczo zaprojektowany komplet po\u015bcieli sprawi, \u017ce pora snu b\u0119dzie mile widzian\u0105 chwil\u0105 ka\u017cdej nocy i przyczyni si\u0119 do spokojnego i odpr\u0119\u017caj\u0105cego snu.<\/p>\n","protected":false},"excerpt":{"rendered":"<ul>\n<li>Materia\u0142: 100% Bawe\u0142na<\/li>\n<li>Poszwa na ko\u0142dr\u0119: 120&#215;150 cm<\/li>\n<li>Pokrowiec na materac: 60&#215;135 cm<\/li>\n<li>Poszewka na poduszk\u0119: 30&#215;50 cm<\/li>\n<\/ul>\n","protected":false},"featured_media":68019,"comment_status":"open","ping_status":"closed","template":"","meta":[],"product_brand":[],"product_cat":[2264,2221],"product_tag":[],"class_list":{"0":"post-68920","1":"product","2":"type-product","3":"status-publish","4":"has-post-thumbnail","6":"product_cat-posciel-dla-dzieci","7":"product_cat-swiat-dziecka","9":"first","10":"instock","11":"shipping-taxable","12":"purchasable","13":"product-type-variable"},"yoast_head":"<!-- This site is optimized with the Yoast SEO plugin v27.3 - https:\/\/yoast.com\/product\/yoast-seo-wordpress\/ -->\n<title>Komplet po\u015bcieli dzieci\u0119cej | AZTEX<\/title>\n<meta name=\"description\" content=\"Ten bawe\u0142niany zestaw po\u015bcieli dla dzieci jest mi\u0119kki, oddychaj\u0105cy i przyjazny dla sk\u00f3ry. Urocze wzory, \u0142atwa piel\u0119gnacja i trwa\u0142a jako\u015b\u0107 zapewniaj\u0105\" \/>\n<meta name=\"robots\" content=\"index, follow, max-snippet:-1, max-image-preview:large, max-video-preview:-1\" \/>\n<link rel=\"canonical\" href=\"https:\/\/aztex.ee\/pl\/pood\/swiat-dziecka\/komplet-poscieli-dzieciecej\/\" \/>\n<meta property=\"og:locale\" content=\"pl_PL\" \/>\n<meta property=\"og:type\" content=\"article\" \/>\n<meta property=\"og:title\" content=\"Komplet po\u015bcieli dzieci\u0119cej | AZTEX\" \/>\n<meta property=\"og:description\" content=\"Ten bawe\u0142niany zestaw po\u015bcieli dla dzieci jest mi\u0119kki, oddychaj\u0105cy i przyjazny dla sk\u00f3ry. Urocze wzory, \u0142atwa piel\u0119gnacja i trwa\u0142a jako\u015b\u0107 zapewniaj\u0105\" \/>\n<meta property=\"og:url\" content=\"https:\/\/aztex.ee\/pl\/pood\/swiat-dziecka\/komplet-poscieli-dzieciecej\/\" \/>\n<meta property=\"og:site_name\" content=\"AZTEX\" \/>\n<meta property=\"article:publisher\" content=\"https:\/\/www.facebook.com\/AztexEE\" \/>\n<meta property=\"article:modified_time\" content=\"2026-03-08T15:03:17+00:00\" \/>\n<meta property=\"og:image\" content=\"https:\/\/aztex.ee\/wp-content\/uploads\/2025\/03\/Laste-voodipesukomplekt-Kosmos-1.jpg\" \/>\n\t<meta property=\"og:image:width\" content=\"800\" \/>\n\t<meta property=\"og:image:height\" content=\"800\" \/>\n\t<meta property=\"og:image:type\" content=\"image\/jpeg\" \/>\n<meta name=\"twitter:card\" content=\"summary_large_image\" \/>\n<meta name=\"twitter:label1\" content=\"Szacowany czas czytania\" \/>\n\t<meta name=\"twitter:data1\" content=\"3 minuty\" \/>\n<script type=\"application\/ld+json\" class=\"yoast-schema-graph\">{\"@context\":\"https:\\\/\\\/schema.org\",\"@graph\":[{\"@type\":[\"WebPage\",\"ItemPage\"],\"@id\":\"https:\\\/\\\/aztex.ee\\\/pl\\\/pood\\\/swiat-dziecka\\\/komplet-poscieli-dzieciecej\\\/\",\"url\":\"https:\\\/\\\/aztex.ee\\\/pl\\\/pood\\\/swiat-dziecka\\\/komplet-poscieli-dzieciecej\\\/\",\"name\":\"Komplet po\u015bcieli dzieci\u0119cej | AZTEX\",\"isPartOf\":{\"@id\":\"https:\\\/\\\/aztex.ee\\\/pl\\\/#website\"},\"primaryImageOfPage\":{\"@id\":\"https:\\\/\\\/aztex.ee\\\/pl\\\/pood\\\/swiat-dziecka\\\/komplet-poscieli-dzieciecej\\\/#primaryimage\"},\"image\":{\"@id\":\"https:\\\/\\\/aztex.ee\\\/pl\\\/pood\\\/swiat-dziecka\\\/komplet-poscieli-dzieciecej\\\/#primaryimage\"},\"thumbnailUrl\":\"https:\\\/\\\/aztex.ee\\\/wp-content\\\/uploads\\\/2025\\\/03\\\/Laste-voodipesukomplekt-Kosmos-1.jpg\",\"datePublished\":\"2025-03-19T15:50:35+00:00\",\"dateModified\":\"2026-03-08T15:03:17+00:00\",\"description\":\"Ten bawe\u0142niany zestaw po\u015bcieli dla dzieci jest mi\u0119kki, oddychaj\u0105cy i przyjazny dla sk\u00f3ry. Urocze wzory, \u0142atwa piel\u0119gnacja i trwa\u0142a jako\u015b\u0107 zapewniaj\u0105\",\"breadcrumb\":{\"@id\":\"https:\\\/\\\/aztex.ee\\\/pl\\\/pood\\\/swiat-dziecka\\\/komplet-poscieli-dzieciecej\\\/#breadcrumb\"},\"inLanguage\":\"pl-PL\",\"potentialAction\":[{\"@type\":\"ReadAction\",\"target\":[\"https:\\\/\\\/aztex.ee\\\/pl\\\/pood\\\/swiat-dziecka\\\/komplet-poscieli-dzieciecej\\\/\"]}]},{\"@type\":\"ImageObject\",\"inLanguage\":\"pl-PL\",\"@id\":\"https:\\\/\\\/aztex.ee\\\/pl\\\/pood\\\/swiat-dziecka\\\/komplet-poscieli-dzieciecej\\\/#primaryimage\",\"url\":\"https:\\\/\\\/aztex.ee\\\/wp-content\\\/uploads\\\/2025\\\/03\\\/Laste-voodipesukomplekt-Kosmos-1.jpg\",\"contentUrl\":\"https:\\\/\\\/aztex.ee\\\/wp-content\\\/uploads\\\/2025\\\/03\\\/Laste-voodipesukomplekt-Kosmos-1.jpg\",\"width\":800,\"height\":800,\"caption\":\"Laste voodipesukomplekt\"},{\"@type\":\"BreadcrumbList\",\"@id\":\"https:\\\/\\\/aztex.ee\\\/pl\\\/pood\\\/swiat-dziecka\\\/komplet-poscieli-dzieciecej\\\/#breadcrumb\",\"itemListElement\":[{\"@type\":\"ListItem\",\"position\":1,\"name\":\"Strona g\u0142\u00f3wna\",\"item\":\"https:\\\/\\\/aztex.ee\\\/pl\\\/\"},{\"@type\":\"ListItem\",\"position\":2,\"name\":\"Sklep\",\"item\":\"https:\\\/\\\/aztex.ee\\\/pl\\\/sklep\\\/\"},{\"@type\":\"ListItem\",\"position\":3,\"name\":\"Komplet po\u015bcieli dzieci\u0119cej\"}]},{\"@type\":\"WebSite\",\"@id\":\"https:\\\/\\\/aztex.ee\\\/pl\\\/#website\",\"url\":\"https:\\\/\\\/aztex.ee\\\/pl\\\/\",\"name\":\"AZTEX\",\"description\":\"\",\"publisher\":{\"@id\":\"https:\\\/\\\/aztex.ee\\\/pl\\\/#organization\"},\"potentialAction\":[{\"@type\":\"SearchAction\",\"target\":{\"@type\":\"EntryPoint\",\"urlTemplate\":\"https:\\\/\\\/aztex.ee\\\/pl\\\/?s={search_term_string}\"},\"query-input\":{\"@type\":\"PropertyValueSpecification\",\"valueRequired\":true,\"valueName\":\"search_term_string\"}}],\"inLanguage\":\"pl-PL\"},{\"@type\":\"Organization\",\"@id\":\"https:\\\/\\\/aztex.ee\\\/pl\\\/#organization\",\"name\":\"AZTEX\",\"url\":\"https:\\\/\\\/aztex.ee\\\/pl\\\/\",\"logo\":{\"@type\":\"ImageObject\",\"inLanguage\":\"pl-PL\",\"@id\":\"https:\\\/\\\/aztex.ee\\\/pl\\\/#\\\/schema\\\/logo\\\/image\\\/\",\"url\":\"https:\\\/\\\/aztex.ee\\\/wp-content\\\/uploads\\\/2026\\\/01\\\/AZTEX.png\",\"contentUrl\":\"https:\\\/\\\/aztex.ee\\\/wp-content\\\/uploads\\\/2026\\\/01\\\/AZTEX.png\",\"width\":500,\"height\":500,\"caption\":\"AZTEX\"},\"image\":{\"@id\":\"https:\\\/\\\/aztex.ee\\\/pl\\\/#\\\/schema\\\/logo\\\/image\\\/\"},\"sameAs\":[\"https:\\\/\\\/www.facebook.com\\\/AztexEE\",\"https:\\\/\\\/www.instagram.com\\\/aztexeesti\\\/\",\"https:\\\/\\\/www.youtube.com\\\/@AZTEXEE\",\"https:\\\/\\\/www.pinterest.com\\\/aztex_eesti\\\/\",\"https:\\\/\\\/www.tiktok.com\\\/@aztexeesti\",\"https:\\\/\\\/www.trustpilot.com\\\/review\\\/aztex.ee\",\"https:\\\/\\\/www.linkedin.com\\\/company\\\/aztex-ee\\\/\",\"https:\\\/\\\/www.wikidata.org\\\/wiki\\\/Q137560182\"]}]}<\/script>\n<!-- \/ Yoast SEO plugin. -->","yoast_head_json":{"title":"Komplet po\u015bcieli dzieci\u0119cej | AZTEX","description":"Ten bawe\u0142niany zestaw po\u015bcieli dla dzieci jest mi\u0119kki, oddychaj\u0105cy i przyjazny dla sk\u00f3ry. Urocze wzory, \u0142atwa piel\u0119gnacja i trwa\u0142a jako\u015b\u0107 zapewniaj\u0105","robots":{"index":"index","follow":"follow","max-snippet":"max-snippet:-1","max-image-preview":"max-image-preview:large","max-video-preview":"max-video-preview:-1"},"canonical":"https:\/\/aztex.ee\/pl\/pood\/swiat-dziecka\/komplet-poscieli-dzieciecej\/","og_locale":"pl_PL","og_type":"article","og_title":"Komplet po\u015bcieli dzieci\u0119cej | AZTEX","og_description":"Ten bawe\u0142niany zestaw po\u015bcieli dla dzieci jest mi\u0119kki, oddychaj\u0105cy i przyjazny dla sk\u00f3ry. Urocze wzory, \u0142atwa piel\u0119gnacja i trwa\u0142a jako\u015b\u0107 zapewniaj\u0105","og_url":"https:\/\/aztex.ee\/pl\/pood\/swiat-dziecka\/komplet-poscieli-dzieciecej\/","og_site_name":"AZTEX","article_publisher":"https:\/\/www.facebook.com\/AztexEE","article_modified_time":"2026-03-08T15:03:17+00:00","og_image":[{"width":800,"height":800,"url":"https:\/\/aztex.ee\/wp-content\/uploads\/2025\/03\/Laste-voodipesukomplekt-Kosmos-1.jpg","type":"image\/jpeg"}],"twitter_card":"summary_large_image","twitter_misc":{"Szacowany czas czytania":"3 minuty"},"schema":{"@context":"https:\/\/schema.org","@graph":[{"@type":["WebPage","ItemPage"],"@id":"https:\/\/aztex.ee\/pl\/pood\/swiat-dziecka\/komplet-poscieli-dzieciecej\/","url":"https:\/\/aztex.ee\/pl\/pood\/swiat-dziecka\/komplet-poscieli-dzieciecej\/","name":"Komplet po\u015bcieli dzieci\u0119cej | AZTEX","isPartOf":{"@id":"https:\/\/aztex.ee\/pl\/#website"},"primaryImageOfPage":{"@id":"https:\/\/aztex.ee\/pl\/pood\/swiat-dziecka\/komplet-poscieli-dzieciecej\/#primaryimage"},"image":{"@id":"https:\/\/aztex.ee\/pl\/pood\/swiat-dziecka\/komplet-poscieli-dzieciecej\/#primaryimage"},"thumbnailUrl":"https:\/\/aztex.ee\/wp-content\/uploads\/2025\/03\/Laste-voodipesukomplekt-Kosmos-1.jpg","datePublished":"2025-03-19T15:50:35+00:00","dateModified":"2026-03-08T15:03:17+00:00","description":"Ten bawe\u0142niany zestaw po\u015bcieli dla dzieci jest mi\u0119kki, oddychaj\u0105cy i przyjazny dla sk\u00f3ry. Urocze wzory, \u0142atwa piel\u0119gnacja i trwa\u0142a jako\u015b\u0107 zapewniaj\u0105","breadcrumb":{"@id":"https:\/\/aztex.ee\/pl\/pood\/swiat-dziecka\/komplet-poscieli-dzieciecej\/#breadcrumb"},"inLanguage":"pl-PL","potentialAction":[{"@type":"ReadAction","target":["https:\/\/aztex.ee\/pl\/pood\/swiat-dziecka\/komplet-poscieli-dzieciecej\/"]}]},{"@type":"ImageObject","inLanguage":"pl-PL","@id":"https:\/\/aztex.ee\/pl\/pood\/swiat-dziecka\/komplet-poscieli-dzieciecej\/#primaryimage","url":"https:\/\/aztex.ee\/wp-content\/uploads\/2025\/03\/Laste-voodipesukomplekt-Kosmos-1.jpg","contentUrl":"https:\/\/aztex.ee\/wp-content\/uploads\/2025\/03\/Laste-voodipesukomplekt-Kosmos-1.jpg","width":800,"height":800,"caption":"Laste voodipesukomplekt"},{"@type":"BreadcrumbList","@id":"https:\/\/aztex.ee\/pl\/pood\/swiat-dziecka\/komplet-poscieli-dzieciecej\/#breadcrumb","itemListElement":[{"@type":"ListItem","position":1,"name":"Strona g\u0142\u00f3wna","item":"https:\/\/aztex.ee\/pl\/"},{"@type":"ListItem","position":2,"name":"Sklep","item":"https:\/\/aztex.ee\/pl\/sklep\/"},{"@type":"ListItem","position":3,"name":"Komplet po\u015bcieli dzieci\u0119cej"}]},{"@type":"WebSite","@id":"https:\/\/aztex.ee\/pl\/#website","url":"https:\/\/aztex.ee\/pl\/","name":"AZTEX","description":"","publisher":{"@id":"https:\/\/aztex.ee\/pl\/#organization"},"potentialAction":[{"@type":"SearchAction","target":{"@type":"EntryPoint","urlTemplate":"https:\/\/aztex.ee\/pl\/?s={search_term_string}"},"query-input":{"@type":"PropertyValueSpecification","valueRequired":true,"valueName":"search_term_string"}}],"inLanguage":"pl-PL"},{"@type":"Organization","@id":"https:\/\/aztex.ee\/pl\/#organization","name":"AZTEX","url":"https:\/\/aztex.ee\/pl\/","logo":{"@type":"ImageObject","inLanguage":"pl-PL","@id":"https:\/\/aztex.ee\/pl\/#\/schema\/logo\/image\/","url":"https:\/\/aztex.ee\/wp-content\/uploads\/2026\/01\/AZTEX.png","contentUrl":"https:\/\/aztex.ee\/wp-content\/uploads\/2026\/01\/AZTEX.png","width":500,"height":500,"caption":"AZTEX"},"image":{"@id":"https:\/\/aztex.ee\/pl\/#\/schema\/logo\/image\/"},"sameAs":["https:\/\/www.facebook.com\/AztexEE","https:\/\/www.instagram.com\/aztexeesti\/","https:\/\/www.youtube.com\/@AZTEXEE","https:\/\/www.pinterest.com\/aztex_eesti\/","https:\/\/www.tiktok.com\/@aztexeesti","https:\/\/www.trustpilot.com\/review\/aztex.ee","https:\/\/www.linkedin.com\/company\/aztex-ee\/","https:\/\/www.wikidata.org\/wiki\/Q137560182"]}]}},"_links":{"self":[{"href":"https:\/\/aztex.ee\/pl\/wp-json\/wp\/v2\/product\/68920","targetHints":{"allow":["GET"]}}],"collection":[{"href":"https:\/\/aztex.ee\/pl\/wp-json\/wp\/v2\/product"}],"about":[{"href":"https:\/\/aztex.ee\/pl\/wp-json\/wp\/v2\/types\/product"}],"replies":[{"embeddable":true,"href":"https:\/\/aztex.ee\/pl\/wp-json\/wp\/v2\/comments?post=68920"}],"version-history":[{"count":0,"href":"https:\/\/aztex.ee\/pl\/wp-json\/wp\/v2\/product\/68920\/revisions"}],"wp:featuredmedia":[{"embeddable":true,"href":"https:\/\/aztex.ee\/pl\/wp-json\/wp\/v2\/media\/68019"}],"wp:attachment":[{"href":"https:\/\/aztex.ee\/pl\/wp-json\/wp\/v2\/media?parent=68920"}],"wp:term":[{"taxonomy":"product_brand","embeddable":true,"href":"https:\/\/aztex.ee\/pl\/wp-json\/wp\/v2\/product_brand?post=68920"},{"taxonomy":"product_cat","embeddable":true,"href":"https:\/\/aztex.ee\/pl\/wp-json\/wp\/v2\/product_cat?post=68920"},{"taxonomy":"product_tag","embeddable":true,"href":"https:\/\/aztex.ee\/pl\/wp-json\/wp\/v2\/product_tag?post=68920"}],"curies":[{"name":"wp","href":"https:\/\/api.w.org\/{rel}","templated":true}]}}